{"id":1085,"date":"2021-05-08T10:17:54","date_gmt":"2021-05-08T10:17:54","guid":{"rendered":"https:\/\/gevelopers.com\/?page_id=1085"},"modified":"2021-07-23T08:39:48","modified_gmt":"2021-07-23T08:39:48","slug":"internet-of-things","status":"publish","type":"page","link":"https:\/\/gevelopers.com\/de\/internet-of-things\/","title":{"rendered":"Branchenbasierte IoT-L\u00f6sungen und -Anwendungen"},"content":{"rendered":"<div class=\"wp-block-columns is-layout-flex wp-container-core-columns-is-layout-9d6595d7 wp-block-columns-is-layout-flex\">\n<div class=\"wp-block-column is-layout-flow wp-block-column-is-layout-flow\">\n<p class=\"has-text-align-center\">Das IoT er\u00f6ffnet mit vernetzten Ger\u00e4ten enorme M\u00f6glichkeiten. Gevelopers ist ein Unternehmen, das erstklassige IoT-Dienste und -L\u00f6sungen anbietet, das Ihrem Unternehmen hilft, das Publikum mit IoT-Anwendungen f\u00fcr moderne hardwareverbundene Systeme effektiv zu erreichen.<\/p>\n<\/div>\n<\/div>\n\n\n\n<div class=\"wp-block-columns is-layout-flex wp-container-core-columns-is-layout-9d6595d7 wp-block-columns-is-layout-flex\">\n<div class=\"wp-block-column is-layout-flow wp-block-column-is-layout-flow\">\n<h2 class=\"wp-block-heading\" id=\"industrial-automation\">IoT-L\u00f6sungen f\u00fcr die Automobilindustrie<\/h2>\n\n\n\n<p>Mit Hilfe von Bluetooth-betriebenen OBD-2-Ger\u00e4ten, GPS, Geofencing und IoT-Technologie entwickeln und liefern wir Connected Cars-L\u00f6sungen. Es hilft beim Sammeln von Echtzeit- und konstanten Daten \u00fcber das Fahrzeug, den Standort und andere Details, die f\u00fcr verschiedene Gesch\u00e4ftsanwendungen verwendet werden. IoT-L\u00f6sungen f\u00fcr die Automobilindustrie k\u00f6nnen eine perfekte Mischung aus integrierten Sensoren, benutzerdefinierten mobilen Apps, Cloud-Speicher und der Technologie zum Abrufen von Daten sein. Es hilft bei IoT-Anwendungen und -L\u00f6sungen wie:<\/p>\n\n\n\n<p>OBD-2-basierte Fahrzeugdiagnosel\u00f6sung<br>Fern\u00fcberwachung von Fahrzeugen<br>\u00dcberwachung und Sicherheit des Fahrverhaltens<br>Intelligentes Flottenmanagementsystem<br>Vorausschauende Fahrzeugwartung<br>Intelligenter Transport &amp; Logistik<br>Schulbusverfolgung<\/p>\n<\/div>\n\n\n\n<div class=\"wp-block-column is-layout-flow wp-block-column-is-layout-flow\">\n<img decoding=\"async\" src=\"https:\/\/gevelopers.com\/wp-content\/uploads\/2021\/05\/img-iot-automotive1.webp\" alt=\"img-iot-automotive-entwickler\" >\n<\/div>\n<\/div>\n\n\n\n<div class=\"wp-block-columns is-layout-flex wp-container-core-columns-is-layout-9d6595d7 wp-block-columns-is-layout-flex\">\n<div class=\"wp-block-column is-layout-flow wp-block-column-is-layout-flow\">\n<img decoding=\"async\" src=\"https:\/\/gevelopers.com\/wp-content\/uploads\/2021\/05\/img-iot-smart-city1.webp\" alt=\"img-iot-smart-city-gevelopers\" >\n\n\n\n<p><\/p>\n<\/div>\n\n\n\n<div class=\"wp-block-column is-layout-flow wp-block-column-is-layout-flow\">\n<h2 class=\"wp-block-heading\">IoT-L\u00f6sungen f\u00fcr den Einzelhandel<\/h2>\n\n\n\n<p>Verschaffen Sie sich einen Gesch\u00e4ftsvorteil im Einzelhandel, indem Sie die fortschrittlichsten von uns entwickelten IoT-L\u00f6sungen implementieren. Mit mehr als 20 Jahren Erfahrung in der Bereitstellung von IT-L\u00f6sungen f\u00fcr Einzelhandelsunternehmen k\u00f6nnen wir Ihrem Einzelhandelsunternehmen dabei helfen, das Lieferkettenmanagement mit erstklassigen IoT-Anwendungen und der Entwicklung von IoT-L\u00f6sungen zu optimieren. Unsere vorgeschlagenen Smart-Retail-L\u00f6sungen k\u00f6nnen ein verbessertes und optimales Kundenerlebnis garantieren, das die Kundenbindung und -loyalit\u00e4t erh\u00f6ht.<\/p>\n\n\n\n<p>Komplette Fabrikautomation<br>Fern\u00fcberwachung &amp; Qualit\u00e4tspr\u00fcfungen<br>Verfolgen Sie Fertigungsanlagen mit IoT-Sensoren<br>Smart Asset Tracking-L\u00f6sungen<br>Intelligentes Lagerverwaltungssystem<br>Flottenmanagement-L\u00f6sungen<br>Benutzerdefinierte Web- und Mobile-Apps zur Analyse<\/p>\n<\/div>\n<\/div>\n\n\n\n<div class=\"wp-block-columns is-layout-flex wp-container-core-columns-is-layout-9d6595d7 wp-block-columns-is-layout-flex\">\n<div class=\"wp-block-column is-layout-flow wp-block-column-is-layout-flow\">\n<h2 class=\"wp-block-heading\" id=\"home-automation\">Smart Home-Automatisierung<\/h2>\n\n\n\n<p>Wir bieten ultimative Wohn- und Lifestyle-Erlebnisse zu Hause und nutzen IoT-Technologieanwendungen in der Immobilienbranche. Die von uns angebotenen Smart Home Automation-L\u00f6sungen sind bew\u00e4hrt, kundenorientiert und vollst\u00e4ndig auf die unterschiedlichen Bed\u00fcrfnisse unserer Kunden zugeschnitten. Wir bieten Hausautomationsl\u00f6sungen mit Android- und iOS-App-Entwicklung zur Steuerung und \u00dcberwachung von Schaltern, T\u00fcrkontakten, Bewegungs- und Lichtsensoren, intelligenten Thermostaten, Innen\u00fcberwachungskameras, intelligenten Schl\u00f6ssern usw.<\/p>\n\n\n\n<div class=\"wp-block-columns is-layout-flex wp-container-core-columns-is-layout-9d6595d7 wp-block-columns-is-layout-flex\">\n<div class=\"wp-block-column is-layout-flow wp-block-column-is-layout-flow\">\n<p>Abfallwirtschaft<br>Erkennung von Wasserlecks<br>Parkraummanagement<br>Haussicherheitsmanagement<br>Messen und steuern Sie die h\u00e4usliche Umgebung mit IoT-Sensoren<\/p>\n<\/div>\n\n\n\n<div class=\"wp-block-column is-layout-flow wp-block-column-is-layout-flow\">\n<p>Verwalten Sie Haushaltsger\u00e4te mit IoT-basierten mobilen Apps<br>F\u00fchren Sie personalisierte Zeitpl\u00e4ne durch<br>Home-Zugriff kontrollieren<br>Energieeinsparung &amp; Optimierung<\/p>\n<\/div>\n<\/div>\n<\/div>\n\n\n\n<div class=\"wp-block-column is-layout-flow wp-block-column-is-layout-flow\">\n<img decoding=\"async\" src=\"https:\/\/gevelopers.com\/wp-content\/uploads\/2021\/05\/img-iot-smart-home1.webp\" alt=\"img-iot-smart-home-entwickler\" >\n<\/div>\n<\/div>\n\n\n\n<div class=\"wp-block-columns is-layout-flex wp-container-core-columns-is-layout-9d6595d7 wp-block-columns-is-layout-flex\">\n<div class=\"wp-block-column is-layout-flow wp-block-column-is-layout-flow\">\n<img decoding=\"async\" src=\"https:\/\/gevelopers.com\/wp-content\/uploads\/2021\/05\/img-iot-m2m-industrial-iot1.webp\" alt=\"img-iot-m2m-industrial-iot-gevelopers\" >\n<\/div>\n\n\n\n<div class=\"wp-block-column is-layout-flow wp-block-column-is-layout-flow\">\n<h2 class=\"wp-block-heading\" id=\"connected-devices\">Industrielles IoT<\/h2>\n\n\n\n<p>Wir helfen Unternehmen und der Fertigung dabei, komplexe Gesch\u00e4ftsprozesse zu rationalisieren und gleichzeitig die Gesamtproduktivit\u00e4t mit industriellen IoT-Anwendungen zu steigern. Unsere intelligenten Fertigungs- und Industrie-IoT-Anwendungen k\u00f6nnen verwendet werden, um Informationen von Maschine zu Maschine und Mensch auszutauschen und bieten so ultimative Transparenz in Echtzeit. Dar\u00fcber hinaus bieten wir IoT-Anwendungen f\u00fcr effizientes Asset-Tracking, Lieferketten- und Lagermanagement sowie Lieferl\u00f6sungen.<\/p>\n\n\n\n<p>Komplette Fabrikautomation<br>Fern\u00fcberwachung &amp; Qualit\u00e4tspr\u00fcfungen<br>Verfolgen Sie Fertigungsanlagen mit IoT-Sensoren<br>Smart Asset Tracking-L\u00f6sungen<br>Intelligentes Lagerverwaltungssystem<br>Flottenmanagement-L\u00f6sungen<br>Benutzerdefinierte Web- und Mobile-Apps zur Analyse<\/p>\n<\/div>\n<\/div>\n\n\n\n<div class=\"wp-block-columns is-layout-flex wp-container-core-columns-is-layout-9d6595d7 wp-block-columns-is-layout-flex\">\n<div class=\"wp-block-column is-layout-flow wp-block-column-is-layout-flow\">\n<h2 class=\"wp-block-heading\">Intelligentes Gesundheitswesen<\/h2>\n\n\n\n<p>Die Internet-of-Things-Technologie war ein Segen f\u00fcr die Gesundheitsbranche und wir sind stolz darauf, ein Teil davon zu sein. Wir bieten ma\u00dfgeschneiderte und intelligente Gesundheitsl\u00f6sungen mit IoT und anderen Technologien wie kundenspezifische iOS- und Android-App-Entwicklung, AR-VR, AI-ML, Wearables usw. Unsere HIPAA-konformen IoT-Anwendungen f\u00fcr das Gesundheitswesen bieten eine einfache Ermittlung von EMR- und EHR-Datens\u00e4tzen zusammen mit anderen Vorteile f\u00fcr die Gesundheitsbeh\u00f6rden, Fachkr\u00e4fte und Endverbraucher (Patienten).<\/p>\n\n\n\n<div class=\"wp-block-columns is-layout-flex wp-container-core-columns-is-layout-9d6595d7 wp-block-columns-is-layout-flex\">\n<div class=\"wp-block-column is-layout-flow wp-block-column-is-layout-flow\">\n<p>Fern\u00fcberwachung des Gesundheitszustands<br>Krankenwagen-Telemetrie<br>Drogenverfolgung<br>Nachverfolgung von Krankenhaus-Assets<br>Ferndiagnose von Patienten<\/p>\n<\/div>\n\n\n\n<div class=\"wp-block-column is-layout-flow wp-block-column-is-layout-flow\">\n<p>KI-ML-gest\u00fctzte Gesundheitsdiagnose<br>Krankenhausmobilit\u00e4tsl\u00f6sungen<br>IoT f\u00fcr Krankenkassen<br>Apps f\u00fcr medizinische IoT-Ger\u00e4te<br>Intelligente Bestandsverwaltung<\/p>\n<\/div>\n<\/div>\n<\/div>\n\n\n\n<div class=\"wp-block-column is-layout-flow wp-block-column-is-layout-flow\">\n<img decoding=\"async\" src=\"https:\/\/gevelopers.com\/wp-content\/uploads\/2021\/05\/img-iot-smart-health1.webp\" alt=\"img-iot-smart-health-entwickler\" >\n<\/div>\n<\/div>\n\n\n\n<div class=\"wp-block-columns is-layout-flex wp-container-core-columns-is-layout-9d6595d7 wp-block-columns-is-layout-flex\">\n<div class=\"wp-block-column is-layout-flow wp-block-column-is-layout-flow\">\n<img decoding=\"async\" src=\"https:\/\/gevelopers.com\/wp-content\/uploads\/2021\/05\/img-iot-smart-energy-management1.webp\" alt=\"img-iot-smart-energy-management-entwickler\" >\n<\/div>\n\n\n\n<div class=\"wp-block-column is-layout-flow wp-block-column-is-layout-flow\">\n<h2 class=\"wp-block-heading\">Intelligentes Energiemanagement<\/h2>\n\n\n\n<p>Wir helfen Unternehmen, mit unseren intelligenten Energiemanagementl\u00f6sungen 30% an Energiekosten zu sparen. Mit einer Mischung aus IoT-Sensoren, KI-ML-Technologie und Big Data k\u00f6nnen Unternehmen wichtige Erkenntnisse zur Einsparung des Energieverbrauchs gewinnen und die Gesamtenergieeffizienz steigern. Unsere IoT-L\u00f6sungen f\u00fcr das Energiemanagement helfen Unternehmen bei der Identifizierung von Abfallquellen und reduzieren den CO2-Fu\u00dfabdruck durch eine verbesserte vorausschauende Energieoptimierung.<\/p>\n\n\n\n<p>Smart Meter Systeme<br>Fern\u00fcberwachung von Energieanlagen<br>Vorausschauende Energieoptimierung<br>Datenanalyse<\/p>\n<\/div>\n<\/div>\n\n\n\n<div class=\"wp-block-columns is-layout-flex wp-container-core-columns-is-layout-9d6595d7 wp-block-columns-is-layout-flex\">\n<div class=\"wp-block-column is-layout-flow wp-block-column-is-layout-flow\">\n<h2 class=\"has-text-align-center wp-block-heading\">Anwendungen von KI und ML in IoT-Apps<\/h2>\n\n\n\n<p class=\"has-text-align-center\">Erschlie\u00dfen Sie die neuen M\u00f6glichkeiten durch die sinnvolle Integration von KI- und ML-Technologien in Ihre IoT-Anwendungen.<\/p>\n<\/div>\n<\/div>\n\n\n\n<div class=\"wp-block-columns is-layout-flex wp-container-core-columns-is-layout-9d6595d7 wp-block-columns-is-layout-flex\">\n<div class=\"wp-block-column is-layout-flow wp-block-column-is-layout-flow\">\n<h3 class=\"wp-block-heading\">Vernetzte autonome Fahrzeuge<\/h3>\n\n\n\n<p>Automobil, Transport<\/p>\n\n\n\n<p>Wir verwenden ML- und Deep-Learning-Algorithmen, um Computer Vision zu unterst\u00fctzen, die autonomen Fahrzeugen hilft, Entscheidungen auf menschliche Weise zu treffen.<\/p>\n<\/div>\n\n\n\n<div class=\"wp-block-column is-layout-flow wp-block-column-is-layout-flow\">\n<h3 class=\"wp-block-heading\">Pr\u00e4zisionslandwirtschaft &amp; Anbau<\/h3>\n\n\n\n<p>Landwirtschaft<\/p>\n\n\n\n<p>Pr\u00e4zisionslandwirtschaft verwendet KI-Technologie und IoT-Sensoren, um Krankheiten in Pflanzen, Sch\u00e4dlinge und schlechte Pflanzenern\u00e4hrung in landwirtschaftlichen Betrieben zu erkennen.<\/p>\n<\/div>\n\n\n\n<div class=\"wp-block-column is-layout-flow wp-block-column-is-layout-flow\">\n<h3 class=\"wp-block-heading\">Sprachbetriebene Smart Homes<\/h3>\n\n\n\n<p>Grundeigentum<\/p>\n\n\n\n<p>Die KI-Technologie hat den Bau von automatisierten Sprachheimen angef\u00fchrt, bei denen die Funktion durch eine App mit erh\u00f6hter Sicherheit gesteuert wird.<\/p>\n<\/div>\n<\/div>\n\n\n\n<div class=\"wp-block-columns is-layout-flex wp-container-core-columns-is-layout-9d6595d7 wp-block-columns-is-layout-flex\">\n<div class=\"wp-block-column is-layout-flow wp-block-column-is-layout-flow\">\n<h3 class=\"wp-block-heading\">Vorhersagen zur Gesundheit der Patienten<\/h3>\n\n\n\n<p>Gesundheitswesen<\/p>\n\n\n\n<p>ML-basierte Apps k\u00f6nnen \u00c4rzten helfen, Patienten im Voraus zu behandeln und Leben zu retten, indem sie praktische Vorhersagen basierend auf ihren Patientendaten treffen.<\/p>\n<\/div>\n\n\n\n<div class=\"wp-block-column is-layout-flow wp-block-column-is-layout-flow\">\n<h3 class=\"wp-block-heading\">Magische Spiegel zum virtuellen Anprobieren<\/h3>\n\n\n\n<p>Mode-Einzelhandel<\/p>\n\n\n\n<p>Intelligente Spiegel kombinieren Sensoren, Displays und computergesteuerte Kameras, um K\u00e4ufern trendige Kleidungsempfehlungen zu bieten.<\/p>\n<\/div>\n\n\n\n<div class=\"wp-block-column is-layout-flow wp-block-column-is-layout-flow\">\n<h3 class=\"wp-block-heading\">Empfehlungsmaschine<\/h3>\n\n\n\n<p>Medien, Einkaufen<\/p>\n\n\n\n<p>Es verwendet den Verlauf des Benutzers, um \u00e4hnliche Produkte oder Dienstleistungen vorzuschlagen. Genau wie die Vorschl\u00e4ge beim Einkaufen bei Amazon oder beim Netflix schauen.<\/p>\n<\/div>\n<\/div>","protected":false},"excerpt":{"rendered":"<p>IoT is unleashing tremendous opportunities with connected devices. Gevelopers is a top IoT services &amp; solutions providing company that helps&#8230;<\/p>","protected":false},"author":1,"featured_media":0,"parent":0,"menu_order":0,"comment_status":"closed","ping_status":"closed","template":"","meta":{"footnotes":""},"class_list":["post-1085","page","type-page","status-publish","hentry"],"_links":{"self":[{"href":"https:\/\/gevelopers.com\/de\/wp-json\/wp\/v2\/pages\/1085","targetHints":{"allow":["GET"]}}],"collection":[{"href":"https:\/\/gevelopers.com\/de\/wp-json\/wp\/v2\/pages"}],"about":[{"href":"https:\/\/gevelopers.com\/de\/wp-json\/wp\/v2\/types\/page"}],"author":[{"embeddable":true,"href":"https:\/\/gevelopers.com\/de\/wp-json\/wp\/v2\/users\/1"}],"replies":[{"embeddable":true,"href":"https:\/\/gevelopers.com\/de\/wp-json\/wp\/v2\/comments?post=1085"}],"version-history":[{"count":0,"href":"https:\/\/gevelopers.com\/de\/wp-json\/wp\/v2\/pages\/1085\/revisions"}],"wp:attachment":[{"href":"https:\/\/gevelopers.com\/de\/wp-json\/wp\/v2\/media?parent=1085"}],"curies":[{"name":"wp","href":"https:\/\/api.w.org\/{rel}","templated":true}]}}