{"id":1175,"date":"2021-05-09T14:07:25","date_gmt":"2021-05-09T14:07:25","guid":{"rendered":"https:\/\/gevelopers.com\/?page_id=1175"},"modified":"2021-07-23T06:28:25","modified_gmt":"2021-07-23T06:28:25","slug":"augmented-reality","status":"publish","type":"page","link":"https:\/\/gevelopers.com\/de\/augmented-reality\/","title":{"rendered":"Entwicklung von Augmented Reality"},"content":{"rendered":"<div class=\"wp-block-columns is-layout-flex wp-container-core-columns-is-layout-9d6595d7 wp-block-columns-is-layout-flex\">\n<div class=\"wp-block-column is-layout-flow wp-block-column-is-layout-flow\">\n<h2 class=\"wp-block-heading\">AR-Entwicklung beschleunigt das Gesch\u00e4ftswachstum<\/h2>\n\n\n\n<p>Als f\u00fchrendes Unternehmen f\u00fcr die Entwicklung von Augmented-Reality-Apps entwickeln wir lebensechte AR-App-Erlebnisse, die der Realit\u00e4t einen wirklich erweiterten Touch verleihen. Unsere AR-Apps laufen auf einer Reihe von Ger\u00e4ten, von iPhones und Android-Handys bis hin zu HoloLens und Smart Glasses.<\/p>\n\n\n\n<div class=\"wp-block-buttons is-layout-flex wp-block-buttons-is-layout-flex\">\n<div class=\"wp-block-button\"><a class=\"wp-block-button__link\" href=\"https:\/\/gevelopers.com\/de\/get-started\/\">Lass uns reden<\/a><\/div>\n<\/div>\n<\/div>\n\n\n\n<div class=\"wp-block-column is-layout-flow wp-block-column-is-layout-flow\">\n<center><img decoding=\"async\" src=\"https:\/\/gevelopers.com\/wp-content\/uploads\/2021\/05\/AR_AppDev_Banner1.webp\" alt=\"AR_AppDev_Banner\" ><\/center>\n<\/div>\n<\/div>\n\n\n\n<div class=\"wp-block-columns is-layout-flex wp-container-core-columns-is-layout-9d6595d7 wp-block-columns-is-layout-flex\">\n<div class=\"wp-block-column is-layout-flow wp-block-column-is-layout-flow\">\n<p class=\"has-text-align-center\">Warum wir als a . bekannt sind<\/p>\n\n\n\n<h2 class=\"has-text-align-center wp-block-heading\">Top-Unternehmen f\u00fcr AR-App-Entwicklung<\/h2>\n<\/div>\n<\/div>\n\n\n\n<div class=\"wp-block-columns is-layout-flex wp-container-core-columns-is-layout-9d6595d7 wp-block-columns-is-layout-flex\">\n<div class=\"wp-block-column is-layout-flow wp-block-column-is-layout-flow\">\n<br><div _ngcontent-c5=\"\" class=\"slide slick-slide slick-current slick-active\" data-slick-index=\"0\" aria-hidden=\"false\" style=\"width: 1110px;\" tabindex=\"-1\" role=\"option\" aria-describedby=\"slick-slide00\"><div _ngcontent-c5=\"\" class=\"row\"><div _ngcontent-c5=\"\" class=\"col-md-6 col-sm-12 flex-sec\"><div _ngcontent-c5=\"\" class=\"img-box\"><!----><picture _ngcontent-c5=\"\"><source _ngcontent-c5=\"\" type=\"image\/webp\" srcset=\"https:\/\/d1i2cp4a5c819e.cloudfront.net\/wp-content\/uploads\/2020\/02\/approch-slide-img-5.svg\"><source _ngcontent-c5=\"\" srcset=\"https:\/\/d1i2cp4a5c819e.cloudfront.net\/wp-content\/uploads\/2020\/02\/approch-slide-img-5.svg\" type=\"image\/svg\"><img _ngcontent-c5=\"\" srcset=\"https:\/\/d1i2cp4a5c819e.cloudfront.net\/wp-content\/uploads\/2020\/02\/approch-slide-img-5.svg\" alt=\"Expertise in der Entwicklung von Augmented Reality\"><\/picture><\/div><\/div><div _ngcontent-c5=\"\" class=\"col-md-6 col-sm-12 flex-sec\"><div _ngcontent-c5=\"\" class=\"work-info\"><h3 _ngcontent-c5=\"\">Expertise in der Entwicklung von Augmented Reality<\/h3><p _ngcontent-c5=\"\">Wir bieten faszinierende und immersive AR-Technologien, egal ob Sie eine Branchenl\u00f6sung, virtuelle Gesch\u00e4fte, Schulungsmodule oder Produktpr\u00e4sentationen aufbauen m\u00f6chten. Wir erneuern unsere AR-Apps st\u00e4ndig mit 3D-Modellierung, Visualisierung, 360-Grad-Bildgebung, Echtzeit-Zeichenerkennung und vielem mehr.<\/p><\/div><\/div><\/div><\/div>\n\n\n\n<div class=\"wp-block-columns is-layout-flex wp-container-core-columns-is-layout-9d6595d7 wp-block-columns-is-layout-flex\">\n<div class=\"wp-block-column is-layout-flow wp-block-column-is-layout-flow\">\n<br><div _ngcontent-c5=\"\" class=\"slide slick-slide slick-current slick-active\" data-slick-index=\"1\" aria-hidden=\"false\" style=\"width: 1110px;\" tabindex=\"-1\" role=\"option\" aria-describedby=\"slick-slide01\"><div _ngcontent-c5=\"\" class=\"row\"><div _ngcontent-c5=\"\" class=\"col-md-6 col-sm-12 flex-sec\"><div _ngcontent-c5=\"\" class=\"img-box\"><!----><picture _ngcontent-c5=\"\"><source _ngcontent-c5=\"\" type=\"image\/webp\" srcset=\"https:\/\/d1i2cp4a5c819e.cloudfront.net\/wp-content\/uploads\/2020\/02\/approch-slide-img-2.svg\"><source _ngcontent-c5=\"\" srcset=\"https:\/\/d1i2cp4a5c819e.cloudfront.net\/wp-content\/uploads\/2020\/02\/approch-slide-img-2.svg\" type=\"image\/svg\"><img _ngcontent-c5=\"\" srcset=\"https:\/\/d1i2cp4a5c819e.cloudfront.net\/wp-content\/uploads\/2020\/02\/approch-slide-img-2.svg\" alt=\"Qualit\u00e4t p\u00fcnktlich geliefert\"><\/picture><\/div><\/div><div _ngcontent-c5=\"\" class=\"col-md-6 col-sm-12 flex-sec\"><div _ngcontent-c5=\"\" class=\"work-info\"><h3 _ngcontent-c5=\"\">Qualit\u00e4t p\u00fcnktlich geliefert<\/h3><p _ngcontent-c5=\"\">Wir f\u00fchren auf jeder Ebene unseres Prozesses strenge Qualit\u00e4tskontrollen durch. Speziell w\u00e4hrend der Entwicklung setzen wir f\u00fcr jedes Projekt ein dediziertes QA-Team ein, das eine fehlerfreie, qualitativ hochwertige AR-App-Entwicklung gew\u00e4hrleistet, unterst\u00fctzt durch eine Systempr\u00fcfung vor der Ver\u00f6ffentlichung, die die Kontrolle \u00fcber Ihren dedizierten Zeitplan beh\u00e4lt.<\/p><\/div><\/div><\/div><\/div>\n<\/div>\n<\/div>\n<\/div>\n<\/div>\n\n\n\n<br><div _ngcontent-c5=\"\" class=\"slide slick-slide slick-current slick-active\" data-slick-index=\"2\" aria-hidden=\"false\" style=\"width: 1110px;\" tabindex=\"-1\" role=\"option\" aria-describedby=\"slick-slide02\"><div _ngcontent-c5=\"\" class=\"row\"><div _ngcontent-c5=\"\" class=\"col-md-6 col-sm-12 flex-sec\"><div _ngcontent-c5=\"\" class=\"img-box\"><!----><picture _ngcontent-c5=\"\"><source _ngcontent-c5=\"\" type=\"image\/webp\" srcset=\"https:\/\/d1i2cp4a5c819e.cloudfront.net\/wp-content\/uploads\/2020\/02\/approch-slide-img-1.svg\"><source _ngcontent-c5=\"\" srcset=\"https:\/\/d1i2cp4a5c819e.cloudfront.net\/wp-content\/uploads\/2020\/02\/approch-slide-img-1.svg\" type=\"image\/svg\"><img _ngcontent-c5=\"\" srcset=\"https:\/\/d1i2cp4a5c819e.cloudfront.net\/wp-content\/uploads\/2020\/02\/approch-slide-img-1.svg\" alt=\"Praktische L\u00f6sungen der Augmented Reality Entwicklung\"><\/picture><\/div><\/div><div _ngcontent-c5=\"\" class=\"col-md-6 col-sm-12 flex-sec\"><div _ngcontent-c5=\"\" class=\"work-info\"><h3 _ngcontent-c5=\"\">Praktische L\u00f6sungen der Augmented Reality Entwicklung<\/h3><p _ngcontent-c5=\"\">Wir helfen Ihnen, Ihre Idee so zu skalieren, dass Sie Ihre Ziele Meilenstein f\u00fcr Meilenstein erreichen. Anstelle gro\u00dfer Investitionen in einen richtungslosen Plan f\u00fchrt Sie unsere budgetorientierte Strategie f\u00fcr jede Idee, ob Sie ein Startup, ein Unternehmen oder ein Unternehmen sind, Schritt f\u00fcr Schritt<\/p><\/div><\/div><\/div><\/div>\n\n\n\n<br><div _ngcontent-c5=\"\" class=\"slide slick-slide slick-current slick-active\" data-slick-index=\"3\" aria-hidden=\"false\" style=\"width: 1110px;\" tabindex=\"-1\" role=\"option\" aria-describedby=\"slick-slide03\"><div _ngcontent-c5=\"\" class=\"row\"><div _ngcontent-c5=\"\" class=\"col-md-6 col-sm-12 flex-sec\"><div _ngcontent-c5=\"\" class=\"img-box\"><!----><picture _ngcontent-c5=\"\"><source _ngcontent-c5=\"\" type=\"image\/webp\" srcset=\"https:\/\/d1i2cp4a5c819e.cloudfront.net\/wp-content\/uploads\/2020\/02\/approch-slide-img-4.svg\"><source _ngcontent-c5=\"\" srcset=\"https:\/\/d1i2cp4a5c819e.cloudfront.net\/wp-content\/uploads\/2020\/02\/approch-slide-img-4.svg\" type=\"image\/svg\"><img _ngcontent-c5=\"\" srcset=\"https:\/\/d1i2cp4a5c819e.cloudfront.net\/wp-content\/uploads\/2020\/02\/approch-slide-img-4.svg\" alt=\"Hochqualifizierter AR-Entwickler\"><\/picture><\/div><\/div><div _ngcontent-c5=\"\" class=\"col-md-6 col-sm-12 flex-sec\"><div _ngcontent-c5=\"\" class=\"work-info\"><h3 _ngcontent-c5=\"\">Hochqualifizierter AR-Entwickler<\/h3><p _ngcontent-c5=\"\">Unser Team ist mit allen notwendigen Updates und Trends in AR-Technologien bestens vertraut. Ihre kreativen K\u00f6pfe sind st\u00e4ndig am Werk, um erstklassige L\u00f6sungen mit neuesten Software-Testger\u00e4ten und der Qualit\u00e4tsentwicklung von AR-Apps zu gew\u00e4hrleisten.<\/p><\/div><\/div><\/div><\/div>\n\n\n\n<div class=\"wp-block-columns is-layout-flex wp-container-core-columns-is-layout-9d6595d7 wp-block-columns-is-layout-flex\">\n<div class=\"wp-block-column is-layout-flow wp-block-column-is-layout-flow\">\n<p class=\"has-text-align-center\"><strong>Was wir tun?<\/strong><\/p>\n\n\n\n<h2 class=\"has-text-align-center wp-block-heading\">Unsere erfahrenen AR-App-Entwicklungsdienste<\/h2>\n\n\n\n<div class=\"wp-block-columns is-layout-flex wp-container-core-columns-is-layout-9d6595d7 wp-block-columns-is-layout-flex\">\n<div class=\"wp-block-column is-layout-flow wp-block-column-is-layout-flow\">\n<h4 class=\"wp-block-heading\">Benutzerdefinierte AR-Entwicklung<\/h4>\n\n\n\n<p>Erstellen von wirkungsvollen AR-Apps mit verschiedenen Frameworks wie Apple AR-Kit, Google AR-Kern, Vuforia und Wiki-Tude.<\/p>\n<\/div>\n\n\n\n<div class=\"wp-block-column is-layout-flow wp-block-column-is-layout-flow\">\n<h4 class=\"wp-block-heading\">Branchenspezifische AR-App-L\u00f6sungen<\/h4>\n\n\n\n<p>Erstellen von AR-L\u00f6sungen in Navigation, Werbung, Einzelhandel, Fertigung und vielen mehr.<\/p>\n<\/div>\n\n\n\n<div class=\"wp-block-column is-layout-flow wp-block-column-is-layout-flow\">\n<h4 class=\"wp-block-heading\">Projektionsbasierte AR-Entwicklung<\/h4>\n\n\n\n<p>Digitale Projektion von Bildern, Videos, 2D- und 3D-Objekten \u00fcber die physische Welt.<\/p>\n<\/div>\n<\/div>\n<\/div>\n<\/div>\n\n\n\n<div class=\"wp-block-columns is-layout-flex wp-container-core-columns-is-layout-9d6595d7 wp-block-columns-is-layout-flex\">\n<div class=\"wp-block-column is-layout-flow wp-block-column-is-layout-flow\">\n<h4 class=\"wp-block-heading\">Standortbasierter AR-Entwickler<\/h4>\n\n\n\n<p>Erm\u00f6glicht geografisch basierte AR-Erlebnisse, die in Echtzeit-Standorten und -Navigationen verankert sind.<\/p>\n<\/div>\n\n\n\n<div class=\"wp-block-column is-layout-flow wp-block-column-is-layout-flow\">\n<h4 class=\"wp-block-heading\">Anerkennungsbasiertes AR<\/h4>\n\n\n\n<p>Erm\u00f6glichen von 360-Grad-erweiterten Erfahrungen in Echtzeit durch maschinelle Lerntechnologie.<\/p>\n<\/div>\n\n\n\n<div class=\"wp-block-column is-layout-flow wp-block-column-is-layout-flow\">\n<h4 class=\"wp-block-heading\">Support &amp; Wartung f\u00fcr AR-Apps<\/h4>\n\n\n\n<p>N\u00fctzliche AR-App-Beratung basierend auf Ihren personalisierten Gesch\u00e4ftsanforderungen.<\/p>\n<\/div>\n<\/div>\n\n\n\n<div class=\"wp-block-columns is-layout-flex wp-container-core-columns-is-layout-9d6595d7 wp-block-columns-is-layout-flex\">\n<div class=\"wp-block-column is-layout-flow wp-block-column-is-layout-flow\">\n<p class=\"has-text-align-center\">GEVELOPERS-DIENSTLEISTUNGEN<\/p>\n\n\n\n<h2 class=\"has-text-align-center wp-block-heading\">Blick auf ein breiteres Spektrum<\/h2>\n\n\n\n<div class=\"wp-block-columns is-layout-flex wp-container-core-columns-is-layout-9d6595d7 wp-block-columns-is-layout-flex\">\n<div class=\"wp-block-column is-layout-flow wp-block-column-is-layout-flow\">\n<figure class=\"wp-block-image size-large\"><img loading=\"lazy\" decoding=\"async\" width=\"300\" height=\"231\" src=\"https:\/\/gevelopers.com\/wp-content\/uploads\/2021\/05\/services-landing-img-11.svg\" alt=\"\" class=\"wp-image-1192\"\/><\/figure>\n\n\n\n<h4 class=\"has-text-align-center wp-block-heading\">Entwicklung mobiler Anwendungen<\/h4>\n\n\n\n<p class=\"has-text-align-center\">Entwicklung von iOS- und Android-Apps f\u00fcr Smartphones und Tablets mit viel Liebe zum Design.<\/p>\n<\/div>\n\n\n\n<div class=\"wp-block-column is-layout-flow wp-block-column-is-layout-flow\">\n<figure class=\"wp-block-image size-large\"><img loading=\"lazy\" decoding=\"async\" width=\"300\" height=\"213\" src=\"https:\/\/gevelopers.com\/wp-content\/uploads\/2021\/05\/services-landing-img-21.svg\" alt=\"\" class=\"wp-image-1193\"\/><\/figure>\n\n\n\n<h4 class=\"has-text-align-center wp-block-heading\">Benutzerdefinierte Webentwicklung<\/h4>\n\n\n\n<p class=\"has-text-align-center\">Entwicklung responsiver Websites mit vollst\u00e4ndiger Inhaltskontrolle und Skalierbarkeit.<\/p>\n<\/div>\n\n\n\n<div class=\"wp-block-column is-layout-flow wp-block-column-is-layout-flow\">\n<figure class=\"wp-block-image size-large\"><img loading=\"lazy\" decoding=\"async\" width=\"262\" height=\"232\" src=\"https:\/\/gevelopers.com\/wp-content\/uploads\/2021\/05\/services-landing-img-31.svg\" alt=\"\" class=\"wp-image-1194\"\/><\/figure>\n\n\n\n<h4 class=\"has-text-align-center wp-block-heading\">Entwicklung von Handyspielen<\/h4>\n\n\n\n<p class=\"has-text-align-center\">Entwicklung ansprechender 2D- und 3D-Spiele auf iOS- und Android-Plattformen, die Einnahmen generieren.<\/p>\n<\/div>\n<\/div>\n<\/div>\n<\/div>\n\n\n\n<div class=\"wp-block-columns is-layout-flex wp-container-core-columns-is-layout-9d6595d7 wp-block-columns-is-layout-flex\">\n<div class=\"wp-block-column is-layout-flow wp-block-column-is-layout-flow\">\n<figure class=\"wp-block-image size-large\"><img loading=\"lazy\" decoding=\"async\" width=\"300\" height=\"219\" src=\"https:\/\/gevelopers.com\/wp-content\/uploads\/2021\/05\/services-landing-img-41.svg\" alt=\"\" class=\"wp-image-1198\"\/><\/figure>\n\n\n\n<h4 class=\"has-text-align-center wp-block-heading\">Digitale Marketingdienste<\/h4>\n\n\n\n<p class=\"has-text-align-center\">Gesamter Online-Marketing-Stack mit Fokus auf Content, Creative, Social Media und Digital.<\/p>\n<\/div>\n\n\n\n<div class=\"wp-block-column is-layout-flow wp-block-column-is-layout-flow\">\n<figure class=\"wp-block-image size-large\"><img loading=\"lazy\" decoding=\"async\" width=\"320\" height=\"148\" src=\"https:\/\/gevelopers.com\/wp-content\/uploads\/2021\/05\/services-landing-img-51.svg\" alt=\"\" class=\"wp-image-1200\"\/><\/figure>\n\n\n\n<h4 class=\"has-text-align-center wp-block-heading\">UI-Design \/ Kreativdienste<\/h4>\n\n\n\n<p class=\"has-text-align-center\">Entwerfen atemberaubender Benutzeroberfl\u00e4chen und Designs, die eine einzigartige Identit\u00e4t und Erfahrung verleihen.<\/p>\n<\/div>\n\n\n\n<div class=\"wp-block-column is-layout-flow wp-block-column-is-layout-flow\">\n<figure class=\"wp-block-image size-large\"><img loading=\"lazy\" decoding=\"async\" width=\"300\" height=\"220\" src=\"https:\/\/gevelopers.com\/wp-content\/uploads\/2021\/05\/services-landing-img-61.svg\" alt=\"\" class=\"wp-image-1201\"\/><\/figure>\n\n\n\n<h4 class=\"has-text-align-center wp-block-heading\">Verwaltung der Cloud-Infrastruktur<\/h4>\n\n\n\n<p class=\"has-text-align-center\">AWS-zertifizierte Cloud-Architekten, die die gesamte Cloud-Infrastruktur einrichten und verwalten k\u00f6nnen.<\/p>\n<\/div>\n<\/div>\n\n\n\n<div class=\"wp-block-columns is-layout-flex wp-container-core-columns-is-layout-9d6595d7 wp-block-columns-is-layout-flex\">\n<div class=\"wp-block-column is-layout-flow wp-block-column-is-layout-flow\">\n<h3 class=\"has-text-align-center wp-block-heading\">Unternehmensl\u00f6sungen<\/h3>\n\n\n\n<p class=\"has-text-align-center\">Verbesserung der Unternehmenserfahrung durch die Entwicklung innovativer und wirkungsvoller L\u00f6sungen f\u00fcr Web, Mobile und Internet mit umfassender Benutzererfahrung.<\/p>\n\n\n\n<figure class=\"wp-block-image size-large\"><img decoding=\"async\" src=\"https:\/\/gevelopers.com\/wp-content\/uploads\/2021\/05\/enterprice-solution1.webp\" alt=\"\" class=\"wp-image-1204\"\/><\/figure>\n\n\n\n<div class=\"wp-block-columns is-layout-flex wp-container-core-columns-is-layout-9d6595d7 wp-block-columns-is-layout-flex\">\n<div class=\"wp-block-column is-layout-flow wp-block-column-is-layout-flow\">\n<p>Mobile Strategie<br>Unternehmensmobilit\u00e4t<br>ERP-System<\/p>\n<\/div>\n\n\n\n<div class=\"wp-block-column is-layout-flow wp-block-column-is-layout-flow\">\n<p>Inhaltsverwaltung<br>Technische Beratung<br>Mobile App-Plattformen<\/p>\n<\/div>\n<\/div>\n<\/div>\n\n\n\n<div class=\"wp-block-column is-layout-flow wp-block-column-is-layout-flow\">\n<h3 class=\"has-text-align-center wp-block-heading\">Startup-L\u00f6sungen<\/h3>\n\n\n\n<p class=\"has-text-align-center\">Wir helfen Startups jeder Gr\u00f6\u00dfe, unabh\u00e4ngig von ihrer Phase, ihre gro\u00dfartigen Ideen auf Mobilger\u00e4ten und im Web zu pflegen, zu entwickeln und zu entwickeln.<\/p>\n\n\n\n<figure class=\"wp-block-image size-large\"><img decoding=\"async\" src=\"https:\/\/gevelopers.com\/wp-content\/uploads\/2021\/05\/startup-solution1.webp\" alt=\"\" class=\"wp-image-1207\"\/><\/figure>\n\n\n\n<div class=\"wp-block-columns is-layout-flex wp-container-core-columns-is-layout-9d6595d7 wp-block-columns-is-layout-flex\">\n<div class=\"wp-block-column is-layout-flow wp-block-column-is-layout-flow\">\n<p>Idee zum Prototyp<br>MVP-Start<br>Entwicklungsdienst<\/p>\n<\/div>\n\n\n\n<div class=\"wp-block-column is-layout-flow wp-block-column-is-layout-flow\">\n<p>Startmaschine erstellen<br>Support und Wartung<br>Equity-Partnerschaften<\/p>\n<\/div>\n<\/div>\n<\/div>\n<\/div>","protected":false},"excerpt":{"rendered":"<p>AR Development Accelerating Business Growth As a leading augmented reality app development company, we build lifelike AR app experiences that&#8230;<\/p>","protected":false},"author":1,"featured_media":0,"parent":0,"menu_order":0,"comment_status":"closed","ping_status":"closed","template":"","meta":{"footnotes":""},"class_list":["post-1175","page","type-page","status-publish","hentry"],"_links":{"self":[{"href":"https:\/\/gevelopers.com\/de\/wp-json\/wp\/v2\/pages\/1175","targetHints":{"allow":["GET"]}}],"collection":[{"href":"https:\/\/gevelopers.com\/de\/wp-json\/wp\/v2\/pages"}],"about":[{"href":"https:\/\/gevelopers.com\/de\/wp-json\/wp\/v2\/types\/page"}],"author":[{"embeddable":true,"href":"https:\/\/gevelopers.com\/de\/wp-json\/wp\/v2\/users\/1"}],"replies":[{"embeddable":true,"href":"https:\/\/gevelopers.com\/de\/wp-json\/wp\/v2\/comments?post=1175"}],"version-history":[{"count":0,"href":"https:\/\/gevelopers.com\/de\/wp-json\/wp\/v2\/pages\/1175\/revisions"}],"wp:attachment":[{"href":"https:\/\/gevelopers.com\/de\/wp-json\/wp\/v2\/media?parent=1175"}],"curies":[{"name":"wp","href":"https:\/\/api.w.org\/{rel}","templated":true}]}}