{"id":1284,"date":"2021-05-11T17:42:30","date_gmt":"2021-05-11T17:42:30","guid":{"rendered":"https:\/\/gevelopers.com\/?page_id=1284"},"modified":"2021-07-23T13:55:30","modified_gmt":"2021-07-23T13:55:30","slug":"project-execution","status":"publish","type":"page","link":"https:\/\/gevelopers.com\/de\/project-execution\/","title":{"rendered":"Projektdurchf\u00fchrungsprozess"},"content":{"rendered":"<div class=\"wp-block-columns is-layout-flex wp-container-core-columns-is-layout-9d6595d7 wp-block-columns-is-layout-flex\">\n<div class=\"wp-block-column is-layout-flow wp-block-column-is-layout-flow\">\n<p>Unsere Projektabwicklungsstrategie ber\u00fccksichtigt alle Arten von Projekten, egal ob Sie klein anfangen, systematisch wachsen oder bereits unternehmerisch t\u00e4tig sind. Unsere Herangehensweise an jedes Projekt ist kategorisiert und gut auf die Anforderungen jedes Kunden abgestimmt.<\/p>\n<\/div>\n\n\n\n<div class=\"wp-block-column is-layout-flow wp-block-column-is-layout-flow\">\n<img decoding=\"async\" src=\"https:\/\/gevelopers.com\/wp-content\/uploads\/2021\/05\/methodology-top-banner1.webp\" alt=\"methodology-top-banner-gevelopers\">\n<\/div>\n<\/div>\n\n\n\n<div class=\"wp-block-columns is-layout-flex wp-container-core-columns-is-layout-9d6595d7 wp-block-columns-is-layout-flex\">\n<div class=\"wp-block-column is-layout-flow wp-block-column-is-layout-flow\">\n<div style=\"height:50px\" aria-hidden=\"true\" class=\"wp-block-spacer\"><\/div>\n<\/div>\n<\/div>\n\n\n\n<div class=\"wp-block-columns is-layout-flex wp-container-core-columns-is-layout-9d6595d7 wp-block-columns-is-layout-flex\">\n<div class=\"wp-block-column is-layout-flow wp-block-column-is-layout-flow\">\n<p class=\"has-text-align-center\">Arbeiten<\/p>\n\n\n\n<h2 class=\"has-text-align-center wp-block-heading\">Methoden<\/h2>\n<\/div>\n<\/div>\n\n\n\n<div class=\"wp-block-columns is-layout-flex wp-container-core-columns-is-layout-9d6595d7 wp-block-columns-is-layout-flex\">\n<div class=\"wp-block-column is-layout-flow wp-block-column-is-layout-flow\">\n<center><img decoding=\"async\" src=\"https:\/\/gevelopers.com\/wp-content\/uploads\/2021\/05\/impossible-triangle.svg\" alt=\"impossible-triangle-gevelopers\" style=\"witdh:75px;height:75px\"><\/center>\n\n\n\n<h3 class=\"has-text-align-center wp-block-heading\">Wasserfallmethode<\/h3>\n\n\n\n<p class=\"has-text-align-center\"><strong>F\u00fcr begrenztes Budget<\/strong><\/p>\n\n\n\n<p class=\"has-text-align-center\">Sehr klarer Umfang und stabile Anforderungen, die sich w\u00e4hrend des gesamten Projekts wahrscheinlich nicht \u00e4ndern werden<\/p>\n<\/div>\n\n\n\n<div class=\"wp-block-column is-layout-flow wp-block-column-is-layout-flow\">\n<center><img decoding=\"async\" src=\"https:\/\/gevelopers.com\/wp-content\/uploads\/2021\/05\/rec.svg\" alt=\"business-graphic-with-semicircles-gevelopers\" style=\"witdh:75px;height:75px\"><\/center>\n\n\n\n<h3 class=\"has-text-align-center wp-block-heading\">Agiles Scrum<\/h3>\n\n\n\n<p class=\"has-text-align-center\"><strong>F\u00fcr sich entwickelnden Umfang\/eingestelltes Team<\/strong><\/p>\n\n\n\n<p class=\"has-text-align-center\">Der Umfang ist sehr kurz definiert und die Anforderungen \u00e4ndern sich sehr wahrscheinlich im Laufe des Projekts<\/p>\n<\/div>\n<\/div>\n\n\n\n<div style=\"height:50px\" aria-hidden=\"true\" class=\"wp-block-spacer\"><\/div>\n\n\n\n<h2 class=\"has-text-align-center wp-block-heading\">Wie kann man sich engagieren?<\/h2>\n\n\n\n<p class=\"has-text-align-center\">Jedes Projekt ist einzigartig \u2013 und erfordert daher eine engagierte und besondere Behandlung. Neben dem kritischen Dreieck aus Kosten, Zeit und Umfang spielt auch das Arbeitsmodell zwischen \u201eAuftraggeber\u201c und \u201eAgentur\u201c eine entscheidende Rolle f\u00fcr den Ausgleich.<\/p>\n\n\n\n<p class=\"has-text-align-center\">Aus diesem Grund verf\u00fcgen wir \u00fcber klare und robuste Projektausf\u00fchrungsmodelle, die im Kern sehr flexibel und kundenorientiert sind. Bevor Sie jedoch mit einem Projekt beginnen, sei es eine einfache Website oder eine komplexere Softwareentwicklung, ist es wichtig, dass wir Ihnen helfen, das \u201erichtige\u201c Projektausf\u00fchrungsmodell anzuwenden.<\/p>\n\n\n\n<p class=\"has-text-align-center\">\u201eEin Projekt kann ohne die Verwendung eines Projektdurchf\u00fchrungsprozesses abgeschlossen werden, aber in den meisten F\u00e4llen f\u00fchrt das Fehlen eines solchen zum Scheitern\u201c.<\/p>\n\n\n\n<div style=\"height:50px\" aria-hidden=\"true\" class=\"wp-block-spacer\"><\/div>\n\n\n\n<div class=\"wp-block-columns is-layout-flex wp-container-core-columns-is-layout-9d6595d7 wp-block-columns-is-layout-flex\">\n<div class=\"wp-block-column is-layout-flow wp-block-column-is-layout-flow\">\n<center><img decoding=\"async\" src=\"https:\/\/gevelopers.com\/wp-content\/uploads\/2021\/05\/stopclock.svg\" alt=\"time-gevelopers\" style=\"witdh:50px;height:50px\"><br><p><b>ZEIT<\/b><\/p><\/center>\n<\/div>\n\n\n\n<div class=\"wp-block-column is-layout-flow wp-block-column-is-layout-flow\">\n<center><img decoding=\"async\" src=\"https:\/\/gevelopers.com\/wp-content\/uploads\/2021\/05\/calculator.svg\" alt=\"cost-gevelopers\" style=\"witdh:50px;height:50px\"><br><p><b>KOSTEN<\/b><\/p><\/center>\n<\/div>\n\n\n\n<div class=\"wp-block-column is-layout-flow wp-block-column-is-layout-flow\">\n<center><img decoding=\"async\" src=\"https:\/\/gevelopers.com\/wp-content\/uploads\/2021\/05\/scope.svg\" alt=\"scope-gevelopers\" style=\"witdh:50px;height:50px\"><br><p><b>UMFANG<\/b><\/p><\/center>\n<\/div>\n<\/div>\n\n\n\n<div style=\"height:50px\" aria-hidden=\"true\" class=\"wp-block-spacer\"><\/div>\n\n\n\n<h2 class=\"has-text-align-center wp-block-heading\">Wasserfall oder Agil? Das richtige Verfahren f\u00fcr Sie!<\/h2>\n\n\n\n<p class=\"has-text-align-center\">Von den zahlreichen verf\u00fcgbaren Projektmanagement-Methoden verwenden wir die beiden recht popul\u00e4ren Methoden. Die Wasserfall-Methodik und die agile Methodik. Jede dieser Methoden hat die spezifische Art von Projekten, mit denen sie am besten verwendet werden. Die Ermittlung der richtigen Strategie und des richtigen Ausf\u00fchrungsmodells basierend auf den Projektmerkmalen ist eine entscheidende Entscheidung, bei der unser Expertenteam Sie unterst\u00fctzt.<\/p>\n\n\n\n<div style=\"height:50px\" aria-hidden=\"true\" class=\"wp-block-spacer\"><\/div>\n\n\n\n<h5 class=\"has-text-align-center wp-block-heading\">Im Kern flexibel. Organisiert, um synchron zu bleiben<\/h5>\n\n\n\n<h2 class=\"has-text-align-center wp-block-heading\">Sich mit der Wasserfallmethode besch\u00e4ftigen<\/h2>\n\n\n\n<div class=\"wp-block-columns is-layout-flex wp-container-core-columns-is-layout-9d6595d7 wp-block-columns-is-layout-flex\">\n<div class=\"wp-block-column is-layout-flow wp-block-column-is-layout-flow\">\n<h3 class=\"has-text-align-center wp-block-heading\">Entdecken<\/h3>\n\n\n\n<p class=\"has-text-align-center\">Brainstorming<br>Hypothese<br>Konzeptualisierung<br>Annahmen<br>Einschr\u00e4nkungen<\/p>\n<\/div>\n\n\n\n<div class=\"wp-block-column is-layout-flow wp-block-column-is-layout-flow\">\n<h3 class=\"has-text-align-center wp-block-heading\">Definieren<\/h3>\n\n\n\n<p class=\"has-text-align-center\">Anf. Definition<br>SRS-Dokument<br>Projektplanung<br>Abw. Planung<br>Meilensteine<\/p>\n<\/div>\n\n\n\n<div class=\"wp-block-column is-layout-flow wp-block-column-is-layout-flow\">\n<h3 class=\"has-text-align-center wp-block-heading\">Design<\/h3>\n\n\n\n<p class=\"has-text-align-center\">System-Design<br>Wireframing<br>Prototyp entwickeln<br>UI- \/ UX-Design<br>Die Architektur<\/p>\n<\/div>\n\n\n\n<div class=\"wp-block-column is-layout-flow wp-block-column-is-layout-flow\">\n<h3 class=\"has-text-align-center wp-block-heading\">Entwickeln<\/h3>\n\n\n\n<p class=\"has-text-align-center\">Codierung<br>APIs<br>Pr\u00fcfung \/ QS<br>Debuggen<br>Verwaltung \u00e4ndern<\/p>\n<\/div>\n\n\n\n<div class=\"wp-block-column is-layout-flow wp-block-column-is-layout-flow\">\n<h3 class=\"has-text-align-center wp-block-heading\">Liefern<\/h3>\n\n\n\n<p class=\"has-text-align-center\">Umgebung<br>Einsatz<br>Migration<br>Unterst\u00fctzung<br>Rezension<\/p>\n<\/div>\n<\/div>\n\n\n\n<p class=\"has-text-align-center\">Die Wasserfallmethodik ist in lineare, sequenzielle Phasen unterteilt, wobei jede Phase vom Ergebnis der vorherigen Phase Ihres Projekts abh\u00e4ngt. Der Lebenszyklus eines Projekts nach dieser Methode l\u00e4sst sich in f\u00fcnf Segmente zusammenfassen:<br>Entdeckung, Definition, Design, Entwicklung und Lieferung.<\/p>\n\n\n\n<p class=\"has-text-align-center\">Um zu verstehen, ob Ihr Projekt in das Wasserfall-Projektmanagement f\u00e4llt, m\u00fcssen unter anderem Annahmen \u00fcber das Projekt, Projektbeschr\u00e4nkungen, das Projektziel, seine Gesch\u00e4ftsanforderungen und die Akzeptanzkriterien des Projekts ber\u00fccksichtigt werden. Wenn all diese Faktoren gut definiert und messbar sind, funktioniert die Wasserfallmethode f\u00fcr Ihr Projekt.<\/p>\n\n\n\n<p class=\"has-text-align-center\">Da Ihr Projekt \u00fcber relativ definierte Merkmale und Funktionen verf\u00fcgt, wird ein Softwareanforderungsdokument (SRS) erstellt, um die Erwartungen und den Umfang des Projekts zu beschreiben, das bis zur endg\u00fcltigen \u00dcbergabe des Projekts verwendet wird.<\/p>\n\n\n\n<div style=\"height:50px\" aria-hidden=\"true\" class=\"wp-block-spacer\"><\/div>\n\n\n\n<h2 class=\"has-text-align-center wp-block-heading\">Was ist, wenn sich meine Anforderungen \u00e4ndern?<\/h2>\n\n\n\n<p class=\"has-text-align-center\">Aufgrund der Einzigartigkeit jedes Projekts gibt es bei der Durchf\u00fchrung zwangsl\u00e4ufig Unsicherheiten. Dies kann alles sein, von fehlerhaften Abh\u00e4ngigkeiten von Drittanbietern bis hin zu \u00c4nderungen im vorhandenen Bereich. Wir stellen sicher, dass diese Unsicherheiten erkannt und geplant werden, indem wir Risiken f\u00fcr Ihre Projekte managen.<\/p>\n\n\n\n<p class=\"has-text-align-center\">Dar\u00fcber hinaus nehmen wir uns die Zeit, die verschiedenen Aspekte eines Projekts vor der Ausf\u00fchrung zu planen, aber die Dinge werden sich im Laufe der Zeit \u00e4ndern. \u201eVer\u00e4nderung ist die einzige Konstante\u201c in einem Projekt. Daher haben wir ein System eingerichtet, um diese \u00c4nderungen zu verwalten. Wir messen die Auswirkungen von \u00c4nderungen auf den bestehenden Umfang und berechnen den mit den \u00c4nderungen verbundenen Zeit- und Kostenaufwand. Schlie\u00dflich stellen wir sicher, dass wir das SRS-Dokument aktualisieren.<\/p>\n\n\n\n<p class=\"has-text-align-center\">Der Wasserfallprozess wird so fortgesetzt, wie er sein soll, mit dem Qualit\u00e4tssicherungsprozess am Ende, um sicherzustellen, dass unsere Projektergebnisse mit dem vordefinierten oder \u00fcberarbeiteten Umfang des Projekts \u00fcbereinstimmen.<\/p>\n\n\n\n<div style=\"height:50px\" aria-hidden=\"true\" class=\"wp-block-spacer\"><\/div>\n\n\n\n<h2 class=\"has-text-align-center wp-block-heading\">Anwendungsf\u00e4lle:<\/h2>\n\n\n\n<h2 class=\"has-text-align-center wp-block-heading\">Die Wasserfall-Methodik<\/h2>\n\n\n\n<div class=\"wp-block-columns is-layout-flex wp-container-core-columns-is-layout-9d6595d7 wp-block-columns-is-layout-flex\">\n<div class=\"wp-block-column is-layout-flow wp-block-column-is-layout-flow\">\n<h4 class=\"has-text-align-center wp-block-heading\">Stabilit\u00e4t<\/h4>\n\n\n\n<p class=\"has-text-align-center\">Hat einen sehr klaren Umfang und stabile Anforderungen, die sich w\u00e4hrend des Projekts wahrscheinlich nicht \u00e4ndern werden.<\/p>\n<\/div>\n\n\n\n<div class=\"wp-block-column is-layout-flow wp-block-column-is-layout-flow\">\n<h4 class=\"has-text-align-center wp-block-heading\">Vorhersagbarkeit<\/h4>\n\n\n\n<p class=\"has-text-align-center\">Kann klare langfristige Meilensteine definieren und den Fortschritt anhand regelm\u00e4\u00dfiger Ergebnisse \u00fcberpr\u00fcfen.<\/p>\n<\/div>\n\n\n\n<div class=\"wp-block-column is-layout-flow wp-block-column-is-layout-flow\">\n<h4 class=\"has-text-align-center wp-block-heading\">Entwicklungsbereit<\/h4>\n\n\n\n<p class=\"has-text-align-center\">Weniger Zeit f\u00fcr das Entwicklungsteam, da sich der Product Owner auf die gesch\u00e4ftliche Seite des Projekts konzentrieren muss.<\/p>\n<\/div>\n\n\n\n<div class=\"wp-block-column is-layout-flow wp-block-column-is-layout-flow\">\n<h4 class=\"has-text-align-center wp-block-heading\">Strenges Budget<\/h4>\n\n\n\n<p class=\"has-text-align-center\">Beschr\u00e4nktes Budget mit kritischen Funktionen, die nicht kompromittiert werden k\u00f6nnen.<\/p>\n<\/div>\n<\/div>\n\n\n\n<div style=\"height:50px\" aria-hidden=\"true\" class=\"wp-block-spacer\"><\/div>\n\n\n\n<h2 class=\"has-text-align-center wp-block-heading\">Engagement mit der agilen SCRUM-Methode<\/h2>\n\n\n\n<h4 class=\"has-text-align-center wp-block-heading\">Kontinuierliche Iteration. Schnellere Risikominderung<\/h4>\n\n\n\n<p class=\"has-text-align-center\">Die SCRUM-Methodik ist eine Implementierung des agilen Projektmanagement-Ansatzes, der eine kontinuierliche Iteration von Entwicklung und Tests im Softwareentwicklungslebenszyklusprozess erfordert. Sowohl die Entwicklungs- als auch die Testaktivit\u00e4ten laufen im Gegensatz zum Wasserfallmodell parallel.<\/p>\n\n\n\n<div style=\"height:50px\" aria-hidden=\"true\" class=\"wp-block-spacer\"><\/div>\n\n\n\n<h2 class=\"has-text-align-center wp-block-heading\">Agile vs. Wasserfall<\/h2>\n\n\n\n<center><img decoding=\"async\" src=\"https:\/\/gevelopers.com\/wp-content\/uploads\/2021\/05\/agile-waterfall-img1.svg\" alt=\"agile-waterfall-gevelopers\"><\/center>\n\n\n\n<div style=\"height:50px\" aria-hidden=\"true\" class=\"wp-block-spacer\"><\/div>\n\n\n\n<h2 class=\"has-text-align-center wp-block-heading\">Wann funktioniert das agile Projektausf\u00fchrungsmodell?<\/h2>\n\n\n\n<p class=\"has-text-align-center\">Ein Produkt erfordert eine iterative Entwicklung und erfordert eine Entwicklung mit einem integrierten Team.<\/p>\n\n\n\n<p class=\"has-text-align-center\">Ein Produkt erfordert eine schnellere Risikominderungsstrategie oder einen \u201eFail-Early\u201c-Ansatz f\u00fcr die Entwicklung.<\/p>\n\n\n\n<p class=\"has-text-align-center\">Qualit\u00e4t, Kosten und Zeit f\u00fcr die Produktentwicklung sind wichtige Konstanten bei flexiblen und variierenden Anforderungen.<\/p>\n\n\n\n<div style=\"height:50px\" aria-hidden=\"true\" class=\"wp-block-spacer\"><\/div>\n\n\n\n<h2 class=\"has-text-align-center wp-block-heading\">Rollen in SCRUM<\/h2>\n\n\n\n<p class=\"has-text-align-center\">Wir haben drei zentrale Scrum-Rollen. Da ist der Product Owner \u2013 derjenige, der die Idee f\u00fcr das Produkt entwickelt hat, der Scrum Master, der sicherstellt, dass die Teammitglieder den agilen Prinzipien und Werten folgen, und dann die Teammitglieder selbst; sie sind idealerweise ein Team von sieben funktions\u00fcbergreifenden Mitgliedern.<\/p>\n\n\n\n<div class=\"wp-block-columns is-layout-flex wp-container-core-columns-is-layout-9d6595d7 wp-block-columns-is-layout-flex\">\n<div class=\"wp-block-column is-layout-flow wp-block-column-is-layout-flow\">\n<center><img decoding=\"async\" src=\"https:\/\/gevelopers.com\/wp-content\/uploads\/2021\/05\/bussiness-man.svg\" alt=\"product-owner--gevelopers\" style=\"width:50px;height:50px\"><\/center>\n\n\n\n<h5 class=\"has-text-align-center wp-block-heading\">Product Owner<\/h5>\n\n\n\n<p class=\"has-text-align-center\">Einer, der die Vision des Produkts tr\u00e4gt<\/p>\n<\/div>\n\n\n\n<div class=\"wp-block-column is-layout-flow wp-block-column-is-layout-flow\">\n<center><img decoding=\"async\" src=\"https:\/\/gevelopers.com\/wp-content\/uploads\/2021\/05\/man.svg\" alt=\"scrum-master-gevelopers\" style=\"width:50px;height:50px\"><\/center>\n\n\n\n<h5 class=\"has-text-align-center wp-block-heading\">Scrum-Master<\/h5>\n\n\n\n<p class=\"has-text-align-center\">Trainer, Fixer, Gatekeeper<\/p>\n<\/div>\n\n\n\n<div class=\"wp-block-column is-layout-flow wp-block-column-is-layout-flow\">\n<center><img decoding=\"async\" src=\"https:\/\/gevelopers.com\/wp-content\/uploads\/2021\/05\/meeting.svg\" alt=\"team-members-gevelopers\" style=\"width:50px;height:50px\"><\/center>\n\n\n\n<h5 class=\"has-text-align-center wp-block-heading\">Teammitglieder<\/h5>\n\n\n\n<p class=\"has-text-align-center\">Exucators, Idealerweise ein Team von 7 funktions\u00fcbergreifenden Mitgliedern<\/p>\n<\/div>\n<\/div>\n\n\n\n<div style=\"height:50px\" aria-hidden=\"true\" class=\"wp-block-spacer\"><\/div>\n\n\n\n<h2 class=\"has-text-align-center wp-block-heading\">Ergebnisse in der agilen Methode<\/h2>\n\n\n\n<div class=\"wp-block-columns is-layout-flex wp-container-core-columns-is-layout-9d6595d7 wp-block-columns-is-layout-flex\">\n<div class=\"wp-block-column is-layout-flow wp-block-column-is-layout-flow\">\n<h5 class=\"has-text-align-center wp-block-heading\">Produktr\u00fcckstand<\/h5>\n\n\n\n<p class=\"has-text-align-center\">Dies geschieht in der Regel in Form von User Stories. Es wird vom Product Owner erstellt. Hier wird die Vision des Produktkunden f\u00fcr das Produkt entworfen.<\/p>\n<\/div>\n\n\n\n<div class=\"wp-block-column is-layout-flow wp-block-column-is-layout-flow\">\n<h5 class=\"has-text-align-center wp-block-heading\">R\u00fcckstand freigeben<\/h5>\n\n\n\n<p class=\"has-text-align-center\">Das Release Backlog wird vom SCRUM Master erstellt, der das Product Backlog als Input nimmt und in eine Liste von Aufgaben \u00fcbersetzt, die zeitweise freigegeben werden.<\/p>\n<\/div>\n\n\n\n<div class=\"wp-block-column is-layout-flow wp-block-column-is-layout-flow\">\n<h5 class=\"has-text-align-center wp-block-heading\">Sprint-Backlog<\/h5>\n\n\n\n<p class=\"has-text-align-center\">Dieser wird in Zusammenarbeit mit dem Team erstellt. Dabei wird der Release-Backlog aufgenommen und in Sprints von ein bis zwei Wochen aufgeteilt.<\/p>\n<\/div>\n\n\n\n<div class=\"wp-block-column is-layout-flow wp-block-column-is-layout-flow\">\n<h5 class=\"has-text-align-center wp-block-heading\">Fehlerr\u00fcckstand<\/h5>\n\n\n\n<p class=\"has-text-align-center\">Das Fehlerbacklog enth\u00e4lt eine Liste der Fehler, die w\u00e4hrend des ein- bis zweiw\u00f6chigen Sprints identifiziert wurden. Diese M\u00e4ngel werden sofort behoben, was f\u00fcr die Fertigstellung eines Projekts erforderlich ist.<\/p>\n<\/div>\n<\/div>\n\n\n\n<div style=\"height:50px\" aria-hidden=\"true\" class=\"wp-block-spacer\"><\/div>\n\n\n\n<h2 class=\"has-text-align-center wp-block-heading\">Agile Meetings<\/h2>\n\n\n\n<p class=\"has-text-align-center\">Wir haben drei zentrale Scrum-Rollen. Da ist der Product Owner \u2013 derjenige, der die Idee f\u00fcr das Produkt entwickelt hat, der Scrum Master, der sicherstellt, dass die Teammitglieder den agilen Prinzipien und Werten folgen, und dann die Teammitglieder selbst; sie sind idealerweise ein Team von sieben funktions\u00fcbergreifenden Mitgliedern.<\/p>\n\n\n\n<center><img decoding=\"async\" src=\"https:\/\/gevelopers.com\/wp-content\/uploads\/2021\/05\/agile-meetings-img1.svg\" alt=\"agile-meetings-geveloper\"><\/center>\n\n\n\n<div style=\"height:50px\" aria-hidden=\"true\" class=\"wp-block-spacer\"><\/div>\n\n\n\n<h2 class=\"has-text-align-center wp-block-heading\">Anwendungsf\u00e4lle: Agile SCRUM-Methodik<\/h2>\n\n\n\n<div class=\"wp-block-columns is-layout-flex wp-container-core-columns-is-layout-9d6595d7 wp-block-columns-is-layout-flex\">\n<div class=\"wp-block-column is-layout-flow wp-block-column-is-layout-flow\">\n<h5 class=\"has-text-align-center wp-block-heading\">Kurze Teamziele<\/h5>\n\n\n\n<p class=\"has-text-align-center\">Klare kurzfristige Meilensteine und regelm\u00e4\u00dfige \u00dcberpr\u00fcfungen der Fortschritte.<\/p>\n<\/div>\n\n\n\n<div class=\"wp-block-column is-layout-flow wp-block-column-is-layout-flow\">\n<h5 class=\"has-text-align-center wp-block-heading\">Iterative Entwicklung<\/h5>\n\n\n\n<p class=\"has-text-align-center\">Mehr Zeit f\u00fcr das Entwicklungsteam, indem klare Ziele und Ziele geteilt werden, damit sie immer mit dem Projektmanager synchron sind.<\/p>\n<\/div>\n\n\n\n<div class=\"wp-block-column is-layout-flow wp-block-column-is-layout-flow\">\n<h5 class=\"has-text-align-center wp-block-heading\">Funktionspr\u00fcfung<\/h5>\n\n\n\n<p class=\"has-text-align-center\">Mehrere Iterationen eines bestimmten Features und Feinabstimmung des Features durch Pr\u00fcfung aller Teile.<\/p>\n<\/div>\n\n\n\n<div class=\"wp-block-column is-layout-flow wp-block-column-is-layout-flow\">\n<h5 class=\"has-text-align-center wp-block-heading\">Sprint-Planung<\/h5>\n\n\n\n<p class=\"has-text-align-center\">Der Kunde ben\u00f6tigt fr\u00fchzeitig und h\u00e4ufig Gelegenheiten, sich das Produkt anzusehen und Entscheidungen und \u00c4nderungen am Projekt zu treffen.<\/p>\n<\/div>\n\n\n\n<div class=\"wp-block-column is-layout-flow wp-block-column-is-layout-flow\">\n<h5 class=\"has-text-align-center wp-block-heading\">Kontinuierliche Bewertungen<\/h5>\n\n\n\n<p class=\"has-text-align-center\">Machen Sie in der Testphase regressive Iterationen.<\/p>\n<\/div>\n<\/div>\n\n\n\n<div style=\"height:50px\" aria-hidden=\"true\" class=\"wp-block-spacer\"><\/div>\n\n\n\n<div class=\"wp-block-columns is-layout-flex wp-container-core-columns-is-layout-9d6595d7 wp-block-columns-is-layout-flex\">\n<div class=\"wp-block-column is-layout-flow wp-block-column-is-layout-flow\">\n<center><img decoding=\"async\" src=\"https:\/\/gevelopers.com\/wp-content\/uploads\/2021\/05\/triangular.svg\" alt=\"impossible-triangle-gevelopers\" style=\"width:75px;height:75px\"><\/center>\n\n\n\n<h3 class=\"has-text-align-center wp-block-heading\">Agile funktioniert am besten mit Projekten, die ein hohes Ma\u00df an <span class=\"has-inline-color has-luminous-vivid-orange-color\">Unsicherheit<\/span><\/h3>\n<\/div>\n\n\n\n<div class=\"wp-block-column is-layout-flow wp-block-column-is-layout-flow\">\n<center><img decoding=\"async\" src=\"https:\/\/gevelopers.com\/wp-content\/uploads\/2021\/05\/rec1.svg\" alt=\"business-graphic-with-semicircles-gevelopers\" style=\"width:75px;height:75px\"><\/center>\n\n\n\n<h3 class=\"has-text-align-center wp-block-heading\">Wasserfall funktioniert am besten f\u00fcr Projekte mit hohem <span class=\"has-inline-color has-luminous-vivid-orange-color\">Wert<\/span> und <span class=\"has-inline-color has-luminous-vivid-orange-color\">Sicherheit<\/span>.<\/h3>\n<\/div>\n<\/div>\n\n\n\n<p class=\"has-text-align-center\">Sowohl Agile als auch Waterfall sind zwei unterschiedliche Denkrichtungen in der Welt des Projektmanagements. Der richtige Projektdurchf\u00fchrungsprozess, egal ob Wasserfall oder Agile, h\u00e4ngt vom Kontext Ihres Projekts ab. Wie wir immer sagen: Jedes Projekt ist einzigartig und erfordert eine ganz andere Behandlung.<\/p>\n\n\n\n<p class=\"has-text-align-center\">Entgegen der landl\u00e4ufigen Meinung funktioniert die agile Methodik nicht mit allen Arten von Projekten. Zum Beispiel, wenn Sie ein Lebensmittelgesch\u00e4ft besitzen und es gut funktioniert und Sie ein anderes er\u00f6ffnen m\u00f6chten. Sie brauchen keine &#039;agile&#039; Art des Projektmanagements. Es w\u00e4re schlichtweg eine Verschwendung wichtiger Ressourcen, die ohnehin knapp sind. Wie wir unseren Kunden helfen, zu erkennen, ob sie eine agile Methodik ben\u00f6tigen, basiert auf dem Grad der Unsicherheit, dem Wertversprechen, den damit verbundenen Betriebs- und Wertrisiken.<\/p>\n\n\n\n<p class=\"has-text-align-center\">In \u00e4hnlicher Weise wird die Wasserfallmethode, besser bekannt als die eher &quot;traditionelle&quot; Methode des Projektmanagements, aufgrund ihrer strengen Dokumentation und ihrer &quot;Flie\u00dfband&quot;-Produktionsmerkmale f\u00fcr bessere &quot;Qualit\u00e4tsstandards&quot; verwendet. Nun, das ist nicht ganz richtig, da &#039;Qualit\u00e4t&#039; vom Kontext eines Projekts subjektiv ist. Sie k\u00f6nnen Qualit\u00e4t in agile Projekte genauso einbauen wie in Waterfall-Projekte. Sie k\u00f6nnen auch in Wasserfallprojekten eine schlechte Qualit\u00e4t haben, genau wie in agilen Projekten.<\/p>\n\n\n\n<div style=\"height:50px\" aria-hidden=\"true\" class=\"wp-block-spacer\"><\/div>\n\n\n\n<div class=\"wp-block-columns is-layout-flex wp-container-core-columns-is-layout-9d6595d7 wp-block-columns-is-layout-flex\">\n<div class=\"wp-block-column is-layout-flow wp-block-column-is-layout-flow\">\n<div class=\"wp-block-media-text alignwide is-stacked-on-mobile\"><figure class=\"wp-block-media-text__media\"><img loading=\"lazy\" decoding=\"async\" width=\"256\" height=\"138\" src=\"https:\/\/gevelopers.com\/wp-content\/uploads\/2021\/05\/methodology-uiux1.svg\" alt=\"methodologie-uiux-gevelopers\" class=\"wp-image-1385 size-full\"\/><\/figure><div class=\"wp-block-media-text__content\">\n<h4>Effizientes mobiles UI\/UX-Design<\/h4><p>Discovery Workshop wurde entwickelt, um pr\u00e4zise und detaillierte Informationen bereitzustellen.<\/p>\n<\/div><\/div>\n\n\n\n<div class=\"wp-block-buttons is-layout-flex wp-block-buttons-is-layout-flex\">\n<div class=\"wp-block-button\"><a class=\"wp-block-button__link\" href=\"https:\/\/gevelopers.com\/de\/design\/\">Mehr wissen<\/a><\/div>\n<\/div>\n<\/div>\n\n\n\n<div class=\"wp-block-column is-layout-flow wp-block-column-is-layout-flow\">\n<div class=\"wp-block-media-text alignwide is-stacked-on-mobile\"><figure class=\"wp-block-media-text__media\"><img loading=\"lazy\" decoding=\"async\" width=\"474\" height=\"233\" src=\"https:\/\/gevelopers.com\/wp-content\/uploads\/2021\/05\/gevelopers-screen-main-photo.jpg\" alt=\"gevelopers-screen-hauptfoto\" class=\"wp-image-1393 size-full\" srcset=\"https:\/\/gevelopers.com\/wp-content\/uploads\/2021\/05\/gevelopers-screen-main-photo.jpg 474w, https:\/\/gevelopers.com\/wp-content\/uploads\/2021\/05\/gevelopers-screen-main-photo-300x147.jpg 300w\" sizes=\"auto, (max-width: 474px) 100vw, 474px\" \/><\/figure><div class=\"wp-block-media-text__content\">\n<h4 class=\"wp-block-heading\">Vielen Dank !<\/h4>\n\n\n\n<p>Wir hoffen, dass Sie diesen Artikel als n\u00fctzlich empfunden haben. F\u00fcr den Fall, dass Sie ihn bei sich behalten m\u00f6chten \u2013 laden Sie ihn als PDF-Pr\u00e4sentation herunter.<\/p>\n<\/div><\/div>\n\n\n\n<div class=\"wp-block-buttons is-layout-flex wp-block-buttons-is-layout-flex\">\n<div class=\"wp-block-button\"><a class=\"wp-block-button__link\" href=\"https:\/\/www.dropbox.com\/s\/g3hgxirn4ny01t4\/Discovery%20Workshop.pdf\" target=\"_blank\" rel=\"noreferrer noopener\">Als PDF herunterladen<\/a><\/div>\n<\/div>\n<\/div>\n<\/div>","protected":false},"excerpt":{"rendered":"<p>Our project execution strategy accounts for all types of projects, whether you\u2019re starting small, growing systematically or already entrepreneurial. Our&#8230;<\/p>","protected":false},"author":1,"featured_media":0,"parent":0,"menu_order":0,"comment_status":"closed","ping_status":"closed","template":"","meta":{"footnotes":""},"class_list":["post-1284","page","type-page","status-publish","hentry"],"_links":{"self":[{"href":"https:\/\/gevelopers.com\/de\/wp-json\/wp\/v2\/pages\/1284","targetHints":{"allow":["GET"]}}],"collection":[{"href":"https:\/\/gevelopers.com\/de\/wp-json\/wp\/v2\/pages"}],"about":[{"href":"https:\/\/gevelopers.com\/de\/wp-json\/wp\/v2\/types\/page"}],"author":[{"embeddable":true,"href":"https:\/\/gevelopers.com\/de\/wp-json\/wp\/v2\/users\/1"}],"replies":[{"embeddable":true,"href":"https:\/\/gevelopers.com\/de\/wp-json\/wp\/v2\/comments?post=1284"}],"version-history":[{"count":0,"href":"https:\/\/gevelopers.com\/de\/wp-json\/wp\/v2\/pages\/1284\/revisions"}],"wp:attachment":[{"href":"https:\/\/gevelopers.com\/de\/wp-json\/wp\/v2\/media?parent=1284"}],"curies":[{"name":"wp","href":"https:\/\/api.w.org\/{rel}","templated":true}]}}