{"id":1678,"date":"2021-05-22T10:34:33","date_gmt":"2021-05-22T10:34:33","guid":{"rendered":"https:\/\/gevelopers.com\/?page_id=1678"},"modified":"2021-05-26T09:56:10","modified_gmt":"2021-05-26T09:56:10","slug":"mobile","status":"publish","type":"page","link":"https:\/\/gevelopers.com\/de\/mobile\/","title":{"rendered":"Erstellen nativer und plattform\u00fcbergreifender mobiler Apps"},"content":{"rendered":"<p class=\"has-text-align-center\">Gevelopers hilft mit \u00fcber 8 Jahren Erfahrung bei der Konzeption, Gestaltung, Entwicklung und Implementierung mobiler App-L\u00f6sungen f\u00fcr Unternehmen und Start-ups.<\/p>\n\n\n\n<div style=\"height:50px\" aria-hidden=\"true\" class=\"wp-block-spacer\"><\/div>\n\n\n\n<h2 class=\"has-text-align-center wp-block-heading\">Von uns verwendete mobile Technologien<\/h2>\n\n\n\n<div style=\"height:25px\" aria-hidden=\"true\" class=\"wp-block-spacer\"><\/div>\n\n\n\n<div class=\"wp-block-columns is-layout-flex wp-container-core-columns-is-layout-9d6595d7 wp-block-columns-is-layout-flex\">\n<div class=\"wp-block-column is-layout-flow wp-block-column-is-layout-flow\">\n<img decoding=\"async\" src=\"https:\/\/gevelopers.com\/wp-content\/uploads\/2021\/05\/ic-technology-ios1.svg\" alt=\"technologie-ios-entwickler\" style=\"width:50px;height:50px\">\n\n\n\n<h4 class=\"wp-block-heading\">Entwicklung von iOS-Apps<\/h4>\n\n\n\n<p>Erstellen von Apps f\u00fcr iPhone, iPad, Apple Watch, Apple TV usw. mit KI- und ML-Integration und mehr, damit die Benutzer im Mittelpunkt stehen.<\/p>\n\n\n\n<div class=\"wp-block-buttons is-layout-flex wp-block-buttons-is-layout-flex\">\n<div class=\"wp-block-button\"><a class=\"wp-block-button__link\" href=\"https:\/\/gevelopers.com\/de\/ios-app-development\/\">Erfahren Sie mehr<\/a><\/div>\n<\/div>\n<\/div>\n\n\n\n<div class=\"wp-block-column is-layout-flow wp-block-column-is-layout-flow\">\n<img decoding=\"async\" src=\"https:\/\/gevelopers.com\/wp-content\/uploads\/2021\/05\/ic-technology-android1.svg\" alt=\"Technologie-Android-Entwickler\" style=\"width:50px;height:50px\">\n\n\n\n<h4 class=\"wp-block-heading\">Entwicklung von Android-Apps<\/h4>\n\n\n\n<p>Unser Entwicklerteam hilft Ihnen bei der Erstellung nativer Android-Apps f\u00fcr Smartphones, Tablets, Android Wear und Android TV von Grund auf.<\/p>\n\n\n\n<div class=\"wp-block-buttons is-layout-flex wp-block-buttons-is-layout-flex\">\n<div class=\"wp-block-button\"><a class=\"wp-block-button__link\" href=\"https:\/\/gevelopers.com\/de\/android-app-development-company\/\">Erfahren Sie mehr<\/a><\/div>\n<\/div>\n<\/div>\n<\/div>\n\n\n\n<div class=\"wp-block-columns is-layout-flex wp-container-core-columns-is-layout-9d6595d7 wp-block-columns-is-layout-flex\">\n<div class=\"wp-block-column is-layout-flow wp-block-column-is-layout-flow\">\n<img decoding=\"async\" src=\"https:\/\/gevelopers.com\/wp-content\/uploads\/2021\/04\/ic-technology-react-native1x1.svg\" alt=\"technology-react-native-gevelopers\" style=\"width:50px;height:50px\">\n\n\n\n<h4 class=\"wp-block-heading\">React Native Apps-Entwicklung<\/h4>\n\n\n\n<p>Bereitstellung kosteng\u00fcnstiger und dennoch schneller, leistungsstarker und leistungsstarker plattform\u00fcbergreifender Apps mit nativem Look and Feel.<\/p>\n\n\n\n<div class=\"wp-block-buttons is-layout-flex wp-block-buttons-is-layout-flex\">\n<div class=\"wp-block-button\"><a class=\"wp-block-button__link\" href=\"https:\/\/gevelopers.com\/de\/react-native-app-development\/\">Erfahren Sie mehr<\/a><\/div>\n<\/div>\n<\/div>\n\n\n\n<div class=\"wp-block-column is-layout-flow wp-block-column-is-layout-flow\">\n<img decoding=\"async\" src=\"https:\/\/gevelopers.com\/wp-content\/uploads\/2021\/04\/ic-technology-flutter1x1.svg\" alt=\"Technologie-Flatter-Entwickler\" style=\"width:50px;height:50px\">\n\n\n\n<h4 class=\"wp-block-heading\">Entwicklung von Flutter-Apps<\/h4>\n\n\n\n<p>Seit seinem Bestehen entwickeln wir mit diesem Open-Source-SDK f\u00fcr Mobilger\u00e4te native und plattform\u00fcbergreifende Apps.<\/p>\n\n\n\n<div class=\"wp-block-buttons is-layout-flex wp-block-buttons-is-layout-flex\">\n<div class=\"wp-block-button\"><a class=\"wp-block-button__link\" href=\"https:\/\/gevelopers.com\/de\/flutter-app-development-company\/\">Erfahren Sie mehr<\/a><\/div>\n<\/div>\n<\/div>\n<\/div>\n\n\n\n<div class=\"wp-block-columns is-layout-flex wp-container-core-columns-is-layout-9d6595d7 wp-block-columns-is-layout-flex\">\n<div class=\"wp-block-column is-layout-flow wp-block-column-is-layout-flow\">\n<img decoding=\"async\" src=\"https:\/\/gevelopers.com\/wp-content\/uploads\/2021\/05\/ic-technology-ionic1.svg\" alt=\"gevelopers-technology-ionic\" style=\"width:50px;height:50px\">\n\n\n\n<h4 class=\"wp-block-heading\">Entwicklung von ionischen Apps<\/h4>\n\n\n\n<p>Erstellen schneller und interaktiver Hybridanwendungen, die mit Ionic perfekt auf Web-, Mobil- und Desktop-Ger\u00e4ten funktionieren.<\/p>\n\n\n\n<div class=\"wp-block-buttons is-layout-flex wp-block-buttons-is-layout-flex\">\n<div class=\"wp-block-button\"><a class=\"wp-block-button__link\" href=\"https:\/\/gevelopers.com\/de\/ionic-app-development-company\/\">Erfahren Sie mehr<\/a><\/div>\n<\/div>\n<\/div>\n\n\n\n<div class=\"wp-block-column is-layout-flow wp-block-column-is-layout-flow\">\n<img decoding=\"async\" src=\"https:\/\/gevelopers.com\/wp-content\/uploads\/2021\/04\/ic-technology-xamarin1.svg\" alt=\"technologie-xamarin-entwickler\" style=\"width:50px;height:50px\">\n\n\n\n<h4 class=\"wp-block-heading\">Entwicklung von Xamarin-Apps<\/h4>\n\n\n\n<p>Mit der Leistungsf\u00e4higkeit von .NET und C# erstellen unsere Experten Android-, iOS- und plattform\u00fcbergreifende Apps f\u00fcr Unternehmen und Start-ups.<\/p>\n\n\n\n<div class=\"wp-block-buttons is-layout-flex wp-block-buttons-is-layout-flex\">\n<div class=\"wp-block-button\"><a class=\"wp-block-button__link\" href=\"https:\/\/gevelopers.com\/de\/xamarin-app-development-company\/\">Erfahren Sie mehr<\/a><\/div>\n<\/div>\n<\/div>\n<\/div>\n\n\n\n<div style=\"height:50px\" aria-hidden=\"true\" class=\"wp-block-spacer\"><\/div>\n\n\n\n<h2 class=\"has-text-align-center wp-block-heading\">Wie hilft Entwicklern?<\/h2>\n\n\n\n<p class=\"has-text-align-center\">Unser mobiles Team erstellt mobile Apps f\u00fcr jeden Benutzer, jede Plattform und jede Branche. Egal in welche Nische Ihr Projekt f\u00e4llt, mit Hilfe unserer erfahrenen Entwickler mobiler Apps k\u00f6nnen wir Ihnen robuste mobile Anwendungsl\u00f6sungen liefern.<\/p>\n\n\n\n<p class=\"has-text-align-center\">Gevelopers verf\u00fcgt \u00fcber die besten Ressourcen mit einer seltenen Kombination aus umfassender Branchenerfahrung und beispiellosem Fachwissen zur Entwicklung nativer Android-, iOS- und plattform\u00fcbergreifender mobiler Apps.<\/p>\n\n\n\n<div class=\"wp-block-columns is-layout-flex wp-container-core-columns-is-layout-9d6595d7 wp-block-columns-is-layout-flex\">\n<div class=\"wp-block-column is-layout-flow wp-block-column-is-layout-flow\">\n<center><img decoding=\"async\" src=\"https:\/\/gevelopers.com\/wp-content\/uploads\/2021\/05\/ic-technology-ios1.svg\" alt=\"technologie-ios-entwickler\" style=\"width:50px;height:50px\"><\/center>\n<\/div>\n\n\n\n<div class=\"wp-block-column is-layout-flow wp-block-column-is-layout-flow\">\n<center><img decoding=\"async\" src=\"https:\/\/gevelopers.com\/wp-content\/uploads\/2021\/05\/ic-technology-android1.svg\" alt=\"Technologie-Android-Entwickler\" style=\"width:50px;height:50px\"><\/center>\n<\/div>\n\n\n\n<div class=\"wp-block-column is-layout-flow wp-block-column-is-layout-flow\">\n<center><img decoding=\"async\" src=\"https:\/\/gevelopers.com\/wp-content\/uploads\/2021\/04\/ic-technology-flutter1x1.svg\" alt=\"Technologie-Flatter-Entwickler\" style=\"width:50px;height:50px\"><\/center>\n<\/div>\n\n\n\n<div class=\"wp-block-column is-layout-flow wp-block-column-is-layout-flow\">\n<center><img decoding=\"async\" src=\"https:\/\/gevelopers.com\/wp-content\/uploads\/2021\/04\/ic-technology-react-native1x1.svg\" alt=\"technology-react-native-gevelopers\" style=\"width:50px;height:50px\"><\/center>\n<\/div>\n\n\n\n<div class=\"wp-block-column is-layout-flow wp-block-column-is-layout-flow\">\n<center><img decoding=\"async\" src=\"https:\/\/gevelopers.com\/wp-content\/uploads\/2021\/04\/ic-technology-xamarin1.svg\" alt=\"technologie-xamarin-entwickler\" style=\"width:50px;height:50px\"><\/center>\n<\/div>\n\n\n\n<div class=\"wp-block-column is-layout-flow wp-block-column-is-layout-flow\">\n<center><img decoding=\"async\" src=\"https:\/\/gevelopers.com\/wp-content\/uploads\/2021\/05\/ic-technology-ionic1.svg\" alt=\"gevelopers-technology-ionic\" style=\"width:50px;height:50px\"><\/center>\n<\/div>\n<\/div>\n\n\n\n<div style=\"height:25px\" aria-hidden=\"true\" class=\"wp-block-spacer\"><\/div>\n\n\n\n<center><img decoding=\"async\" src=\"https:\/\/gevelopers.com\/wp-content\/uploads\/2021\/05\/index-mobile-img-11.webp\" alt=\"index-mobile-img-1-gevelopers\"><\/center>\n\n\n\n<div style=\"height:50px\" aria-hidden=\"true\" class=\"wp-block-spacer\"><\/div>\n\n\n\n<h2 class=\"has-text-align-center wp-block-heading\">Wir helfen Ihnen bei der Erstellung von Apps f\u00fcr<\/h2>\n\n\n\n<div class=\"wp-block-columns is-layout-flex wp-container-core-columns-is-layout-9d6595d7 wp-block-columns-is-layout-flex\">\n<div class=\"wp-block-column is-layout-flow wp-block-column-is-layout-flow\">\n<img decoding=\"async\" src=\"https:\/\/gevelopers.com\/wp-content\/uploads\/2021\/05\/ic-mobile-app-development-enterprise1.svg\" alt=\"Mobile-App-Entwicklung-Enterprise-Entwickler\" style=\"width:50px;height:50px\">\n\n\n\n<h3 class=\"wp-block-heading\">Unternehmen<\/h3>\n\n\n\n<p>Unsere kollaborative Beratung zur Mobile-Strategie dient als Katalysator bei der Optimierung von IT-Frameworks und -Prozessen mit der Mobile-Roadmap, die auf Unternehmensszenarien, Richtlinien und aktuelle Systeme ausgerichtet ist.<\/p>\n<\/div>\n\n\n\n<div class=\"wp-block-column is-layout-flow wp-block-column-is-layout-flow\">\n<img decoding=\"async\" src=\"https:\/\/gevelopers.com\/wp-content\/uploads\/2021\/05\/ic-business1.svg\" alt=\"business-gevelopers\" style=\"width:50px;height:50px\">\n\n\n\n<h3 class=\"wp-block-heading\">Unternehmen<\/h3>\n\n\n\n<p>Wir bilden die Bed\u00fcrfnisse und Anwendungsf\u00e4lle von Unternehmen ab, damit sie schnell auf Ver\u00e4nderungen reagieren k\u00f6nnen. Wir helfen Ihrem Unternehmen, die abteilungs\u00fcbergreifende Kommunikation, Arbeitsabl\u00e4ufe und sofortige Informationsverf\u00fcgbarkeit zu mobilisieren.<\/p>\n<\/div>\n\n\n\n<div class=\"wp-block-column is-layout-flow wp-block-column-is-layout-flow\">\n<img decoding=\"async\" src=\"https:\/\/gevelopers.com\/wp-content\/uploads\/2021\/05\/ic-consumers1.svg\" alt=\"consumers-gevelopers\" style=\"width:50px;height:50px\">\n\n\n\n<h3 class=\"wp-block-heading\">Verbraucher<\/h3>\n\n\n\n<p>Unsere mobilen Experten helfen Marken, Unternehmen und Community-Organisationen beim Aufbau skalierbarer mobiler Anwendungsl\u00f6sungen, die darauf abzielen, t\u00e4glich von globalen Verbrauchern mehrmals am Tag verwendet zu werden.<\/p>\n<\/div>\n<\/div>","protected":false},"excerpt":{"rendered":"<p>Gevelopers helps to conceptualize, design, develop, and implement mobile app solutions for enterprises and startups with over 8+ years of&#8230;<\/p>","protected":false},"author":1,"featured_media":0,"parent":0,"menu_order":0,"comment_status":"closed","ping_status":"closed","template":"","meta":{"footnotes":""},"class_list":["post-1678","page","type-page","status-publish","hentry"],"_links":{"self":[{"href":"https:\/\/gevelopers.com\/de\/wp-json\/wp\/v2\/pages\/1678","targetHints":{"allow":["GET"]}}],"collection":[{"href":"https:\/\/gevelopers.com\/de\/wp-json\/wp\/v2\/pages"}],"about":[{"href":"https:\/\/gevelopers.com\/de\/wp-json\/wp\/v2\/types\/page"}],"author":[{"embeddable":true,"href":"https:\/\/gevelopers.com\/de\/wp-json\/wp\/v2\/users\/1"}],"replies":[{"embeddable":true,"href":"https:\/\/gevelopers.com\/de\/wp-json\/wp\/v2\/comments?post=1678"}],"version-history":[{"count":0,"href":"https:\/\/gevelopers.com\/de\/wp-json\/wp\/v2\/pages\/1678\/revisions"}],"wp:attachment":[{"href":"https:\/\/gevelopers.com\/de\/wp-json\/wp\/v2\/media?parent=1678"}],"curies":[{"name":"wp","href":"https:\/\/api.w.org\/{rel}","templated":true}]}}