{"id":2240,"date":"2021-05-27T12:26:24","date_gmt":"2021-05-27T12:26:24","guid":{"rendered":"https:\/\/gevelopers.com\/?page_id=2240"},"modified":"2021-07-24T18:20:14","modified_gmt":"2021-07-24T18:20:14","slug":"vuejs-development-company","status":"publish","type":"page","link":"https:\/\/gevelopers.com\/de\/vuejs-development-company\/","title":{"rendered":"Vue.js Application Development"},"content":{"rendered":"<div style=\"height:50px\" aria-hidden=\"true\" class=\"wp-block-spacer\"><\/div>\n\n\n\n<div class=\"wp-block-media-text alignwide has-media-on-the-right is-stacked-on-mobile\"><figure class=\"wp-block-media-text__media\"><img decoding=\"async\" src=\"https:\/\/gevelopers.com\/wp-content\/uploads\/2021\/05\/tech-front-end-vuejs-development1.webp\" alt=\"tech-front-end-vuejs-development-gevelopers\" class=\"wp-image-2243 size-full\"\/><\/figure><div class=\"wp-block-media-text__content\">\n<p>We are at the forefront in providing expert Vue.js app development services to build single-page apps (SPAs), complex and progressive web apps (PWAs). Hire Vue.js developers from Gevelopers, a top Vue.js development company in Europe, Turkey, Singapore &amp; USA, to grow your business with best-in-class Vue.js solutions with intuitive and appealing UI for web apps.<\/p>\n\n\n\n<div class=\"wp-block-buttons is-layout-flex wp-block-buttons-is-layout-flex\">\n<div class=\"wp-block-button\"><a class=\"wp-block-button__link\" href=\"https:\/\/gevelopers.com\/de\/get-started\/\">Lass uns reden<\/a><\/div>\n<\/div>\n<\/div><\/div>\n\n\n\n<div style=\"height:50px\" aria-hidden=\"true\" class=\"wp-block-spacer\"><\/div>\n\n\n\n<h5 class=\"has-text-align-center wp-block-heading\">Ansatz<\/h5>\n\n\n\n<h2 class=\"has-text-align-center wp-block-heading\">Top Vue.js App Development Company<\/h2>\n\n\n\n<div class=\"wp-block-media-text alignwide is-stacked-on-mobile\"><figure class=\"wp-block-media-text__media\"><img loading=\"lazy\" decoding=\"async\" width=\"300\" height=\"232\" src=\"https:\/\/gevelopers.com\/wp-content\/uploads\/2021\/05\/approch-slide-img-11.svg\" alt=\"approch-slide-img-1-gevelopers\" class=\"wp-image-1786 size-full\"\/><\/figure><div class=\"wp-block-media-text__content\">\n<h4 class=\"wp-block-heading\">Vue.js App Development Expertise<\/h4>\n\n\n\n<p>Hire expert Vue.js developers from Gevelopers, a top Vue.js app development company, who have required proficiency in working with the latest Vue.js version 2.6.10, libraries (vue-test-utils, Jest), backend libraries (nuxtjs, vue-sync), UX frameworks (vue-material, bootstrap-vue) along with other tools and technologies like Vuex, Vuelm, Movue, etc.<\/p>\n<\/div><\/div>\n\n\n\n<div class=\"wp-block-media-text alignwide is-stacked-on-mobile\"><figure class=\"wp-block-media-text__media\"><img loading=\"lazy\" decoding=\"async\" width=\"320\" height=\"179\" src=\"https:\/\/gevelopers.com\/wp-content\/uploads\/2021\/05\/approch-slide-img-21.svg\" alt=\"approch-slide-img-2-gevelopers\" class=\"wp-image-1790 size-full\"\/><\/figure><div class=\"wp-block-media-text__content\">\n<h4 class=\"wp-block-heading\">Kompromisslose Qualit\u00e4tspr\u00fcfungen<\/h4>\n\n\n\n<p>To ensure quality deliverables, our QA ( Quality Analysts) perform dedicated and stringent quality checks at every level of Vue.js development using automated and manual testing techniques. This is done to ensure that the Vue.js application we will develop is fully functional, compatible, flawless, bug-free and user-friendly SPA or PWA.<\/p>\n<\/div><\/div>\n\n\n\n<div class=\"wp-block-media-text alignwide is-stacked-on-mobile\"><figure class=\"wp-block-media-text__media\"><img loading=\"lazy\" decoding=\"async\" width=\"300\" height=\"230\" src=\"https:\/\/gevelopers.com\/wp-content\/uploads\/2021\/05\/approch-slide-img-31.svg\" alt=\"approch-slide-img-3-entwickler\" class=\"wp-image-1793 size-full\"\/><\/figure><div class=\"wp-block-media-text__content\">\n<h4 class=\"wp-block-heading\">Practical Vue.js Solutions<\/h4>\n\n\n\n<p>Hire full stack Vue.js developers from a trusted Vue.js web app development company to get fast, cost-effective and quality web solutions. Our Vue.js app development team has rich experience in delivering digital web solutions into various industry domains like fintech, healthcare, retail and eCommerce and more.<\/p>\n<\/div><\/div>\n\n\n\n<div class=\"wp-block-media-text alignwide is-stacked-on-mobile\"><figure class=\"wp-block-media-text__media\"><img loading=\"lazy\" decoding=\"async\" width=\"320\" height=\"171\" src=\"https:\/\/gevelopers.com\/wp-content\/uploads\/2021\/05\/approch-slide-img-41.svg\" alt=\"approch-slide-img-4-gevelopers\" class=\"wp-image-1796 size-full\"\/><\/figure><div class=\"wp-block-media-text__content\">\n<h4 class=\"wp-block-heading\">Hire Skilled Vue.js Developers<\/h4>\n\n\n\n<p>We are a leading Vue.js web app development company that understands diverse business needs. Hire Vue.js full-stack development team with flexible engagement models that will meet your business needs and we guarantee to deliver cost-effective web applications using trending and robust technologies in record time.<\/p>\n<\/div><\/div>\n\n\n\n<div style=\"height:50px\" aria-hidden=\"true\" class=\"wp-block-spacer\"><\/div>\n\n\n\n<p class=\"has-text-align-center\">Was wir tun<\/p>\n\n\n\n<h2 class=\"has-text-align-center wp-block-heading\">Top-notch Vue.js Development Services<\/h2>\n\n\n\n<div class=\"wp-block-columns is-layout-flex wp-container-core-columns-is-layout-9d6595d7 wp-block-columns-is-layout-flex\">\n<div class=\"wp-block-column is-layout-flow wp-block-column-is-layout-flow\">\n<h3 class=\"wp-block-heading\">Vue.js Application Development<\/h3>\n\n\n\n<p>Hire Vue.js developers to build feature-rich web apps from small scale to large scale to deliver powerful presence online.<\/p>\n<\/div>\n\n\n\n<div class=\"wp-block-column is-layout-flow wp-block-column-is-layout-flow\">\n<h3 class=\"wp-block-heading\">Single Page App Development<\/h3>\n\n\n\n<p>Vue is our preferred choice due to its supporting libraries, frameworks, and tools for building simple or complex SPAs.<\/p>\n<\/div>\n\n\n\n<div class=\"wp-block-column is-layout-flow wp-block-column-is-layout-flow\">\n<h3 class=\"wp-block-heading\">3rd Party Integration<\/h3>\n\n\n\n<p>Vue.js developers at Gevelopers possess skills and experience which are required in third-party integration of Vue.js.<\/p>\n<\/div>\n<\/div>\n\n\n\n<div class=\"wp-block-columns is-layout-flex wp-container-core-columns-is-layout-9d6595d7 wp-block-columns-is-layout-flex\">\n<div class=\"wp-block-column is-layout-flow wp-block-column-is-layout-flow\">\n<h3 class=\"wp-block-heading\">UI Development with Vue.js<\/h3>\n\n\n\n<p>We build interactive and scalable UI which will enhance your user experience and enhances business growth.<\/p>\n<\/div>\n\n\n\n<div class=\"wp-block-column is-layout-flow wp-block-column-is-layout-flow\">\n<h3 class=\"wp-block-heading\">Portal Development Solutions<\/h3>\n\n\n\n<p>Hire Vue.js developers who can build online portals with custom product development to meet diverse business needs.<\/p>\n<\/div>\n\n\n\n<div class=\"wp-block-column is-layout-flow wp-block-column-is-layout-flow\">\n<h3 class=\"wp-block-heading\">Vue.js Migration Services<\/h3>\n\n\n\n<p>We empower businesses to easily migrate from the existing framework to Vue.js t with a pragmatic approach with no risk.<\/p>\n<\/div>\n<\/div>\n\n\n\n<div style=\"height:50px\" aria-hidden=\"true\" class=\"wp-block-spacer\"><\/div>\n\n\n\n<p class=\"has-text-align-center\">GEVELOPERS-DIENSTLEISTUNGEN<\/p>\n\n\n\n<h2 class=\"has-text-align-center wp-block-heading\">Blick auf ein breiteres Spektrum<\/h2>\n\n\n\n<div class=\"wp-block-columns is-layout-flex wp-container-core-columns-is-layout-9d6595d7 wp-block-columns-is-layout-flex\">\n<div class=\"wp-block-column is-layout-flow wp-block-column-is-layout-flow\">\n<center><img decoding=\"async\" src=\"https:\/\/gevelopers.com\/wp-content\/uploads\/2021\/05\/services-landing-img-11.svg\" alt=\"services-landing-img-11-gevelopers\" style=\"width:300px;height:300px\"><\/center>\n\n\n\n<h4 class=\"has-text-align-center wp-block-heading\">Entwicklung mobiler Anwendungen<\/h4>\n\n\n\n<p class=\"has-text-align-center\">Entwicklung von iOS- und Android-Apps f\u00fcr Smartphones und Tablets mit viel Liebe zum Design.<\/p>\n<\/div>\n\n\n\n<div class=\"wp-block-column is-layout-flow wp-block-column-is-layout-flow\">\n<center><img decoding=\"async\" src=\"https:\/\/gevelopers.com\/wp-content\/uploads\/2021\/05\/services-landing-img-21.svg\" alt=\"services-landing-img-21-gevelopers\" style=\"width:300px;height:300px\"><\/center>\n\n\n\n<h4 class=\"has-text-align-center wp-block-heading\">Benutzerdefinierte Webentwicklung<\/h4>\n\n\n\n<p class=\"has-text-align-center\">Entwicklung responsiver Websites mit vollst\u00e4ndiger Inhaltskontrolle und Skalierbarkeit.<\/p>\n<\/div>\n\n\n\n<div class=\"wp-block-column is-layout-flow wp-block-column-is-layout-flow\">\n<center><img decoding=\"async\" src=\"https:\/\/gevelopers.com\/wp-content\/uploads\/2021\/05\/services-landing-img-31.svg\" alt=\"services-landing-img-31-gevelopers\" style=\"width:300px;height:300px\"><\/center>\n\n\n\n<h4 class=\"has-text-align-center wp-block-heading\">Entwicklung von Handyspielen<\/h4>\n\n\n\n<p class=\"has-text-align-center\">Entwicklung ansprechender 2D- und 3D-Spiele auf iOS- und Android-Plattformen, die Einnahmen generieren.<\/p>\n<\/div>\n<\/div>\n\n\n\n<div class=\"wp-block-columns is-layout-flex wp-container-core-columns-is-layout-9d6595d7 wp-block-columns-is-layout-flex\">\n<div class=\"wp-block-column is-layout-flow wp-block-column-is-layout-flow\">\n<center><img decoding=\"async\" src=\"https:\/\/gevelopers.com\/wp-content\/uploads\/2021\/05\/services-landing-img-41.svg\" alt=\"services-landing-img-41-gevelopers\" style=\"width:300px;height:300px\"><\/center>\n\n\n\n<h4 class=\"has-text-align-center wp-block-heading\">Digitale Marketingdienste<\/h4>\n\n\n\n<p class=\"has-text-align-center\">Gesamter Online-Marketing-Stack mit Fokus auf Content, Creative, Social Media und Digital.<\/p>\n<\/div>\n\n\n\n<div class=\"wp-block-column is-layout-flow wp-block-column-is-layout-flow\">\n<center><img decoding=\"async\" src=\"https:\/\/gevelopers.com\/wp-content\/uploads\/2021\/05\/services-landing-img-51.svg\" alt=\"services-landing-img-51-gevelopers\" style=\"width:300px;height:300px\"><\/center>\n\n\n\n<h4 class=\"has-text-align-center wp-block-heading\">UI-Design \/ Kreativdienste<\/h4>\n\n\n\n<p class=\"has-text-align-center\">Entwerfen atemberaubender Benutzeroberfl\u00e4chen und Designs, die eine einzigartige Identit\u00e4t und Erfahrung verleihen.<\/p>\n<\/div>\n\n\n\n<div class=\"wp-block-column is-layout-flow wp-block-column-is-layout-flow\">\n<center><img decoding=\"async\" src=\"https:\/\/gevelopers.com\/wp-content\/uploads\/2021\/05\/services-landing-img-61.svg\" alt=\"services-landing-img-61-gevelopers\" style=\"width:300px;height:300px\"><\/center>\n\n\n\n<h4 class=\"has-text-align-center wp-block-heading\">Verwaltung der Cloud-Infrastruktur<\/h4>\n\n\n\n<p class=\"has-text-align-center\">AWS-zertifizierte Cloud-Architekten, die die gesamte Cloud-Infrastruktur einrichten und verwalten k\u00f6nnen.<\/p>\n<\/div>\n<\/div>\n\n\n\n<div class=\"wp-block-columns is-layout-flex wp-container-core-columns-is-layout-9d6595d7 wp-block-columns-is-layout-flex\">\n<div class=\"wp-block-column is-layout-flow wp-block-column-is-layout-flow\">\n<h3 class=\"has-text-align-center wp-block-heading\">Unternehmensl\u00f6sungen<\/h3>\n\n\n\n<p class=\"has-text-align-center\">Verbesserung der Unternehmenserfahrung durch die Entwicklung innovativer und wirkungsvoller L\u00f6sungen f\u00fcr Web, Mobile und Internet mit umfassender Benutzererfahrung.<\/p>\n\n\n\n<center><img decoding=\"async\" src=\"https:\/\/gevelopers.com\/wp-content\/uploads\/2021\/05\/enterprice-solution1.webp\" alt=\"Enterprise-L\u00f6sungs-Entwickler\"><\/center>\n\n\n\n<div style=\"height:25px\" aria-hidden=\"true\" class=\"wp-block-spacer\"><\/div>\n\n\n\n<div class=\"wp-block-columns is-layout-flex wp-container-core-columns-is-layout-9d6595d7 wp-block-columns-is-layout-flex\">\n<div class=\"wp-block-column is-layout-flow wp-block-column-is-layout-flow\">\n<p>Mobile Strategie<\/p>\n\n\n\n<p>Unternehmensmobilit\u00e4t<\/p>\n\n\n\n<p>ERP-System<\/p>\n<\/div>\n\n\n\n<div class=\"wp-block-column is-layout-flow wp-block-column-is-layout-flow\">\n<p>Inhaltsverwaltung<\/p>\n\n\n\n<p>Technische Beratung<\/p>\n\n\n\n<p>Mobile App-Plattformen<\/p>\n<\/div>\n<\/div>\n<\/div>\n\n\n\n<div class=\"wp-block-column is-layout-flow wp-block-column-is-layout-flow\">\n<h3 class=\"has-text-align-center wp-block-heading\">Startup-L\u00f6sungen<\/h3>\n\n\n\n<p class=\"has-text-align-center\">Wir helfen Startups jeder Gr\u00f6\u00dfe, unabh\u00e4ngig von ihrer Phase, ihre gro\u00dfartigen Ideen auf Mobilger\u00e4ten und im Web zu pflegen, zu entwickeln und zu entwickeln.<\/p>\n\n\n\n<center><img decoding=\"async\" src=\"https:\/\/gevelopers.com\/wp-content\/uploads\/2021\/05\/startup-solution1.webp\" alt=\"Startup-L\u00f6sungsentwickler\"><\/center>\n\n\n\n<div style=\"height:25px\" aria-hidden=\"true\" class=\"wp-block-spacer\"><\/div>\n\n\n\n<div class=\"wp-block-columns is-layout-flex wp-container-core-columns-is-layout-9d6595d7 wp-block-columns-is-layout-flex\">\n<div class=\"wp-block-column is-layout-flow wp-block-column-is-layout-flow\">\n<p>Idee zum Prototyp<\/p>\n\n\n\n<p>MVP-Start<\/p>\n\n\n\n<p>Entwicklungsdienst<\/p>\n<\/div>\n\n\n\n<div class=\"wp-block-column is-layout-flow wp-block-column-is-layout-flow\">\n<p>Startmaschine erstellen<\/p>\n\n\n\n<p>Support und Wartung<\/p>\n\n\n\n<p>Equity-Partnerschaften<\/p>\n<\/div>\n<\/div>\n<\/div>\n<\/div>\n\n\n\n<div style=\"height:50px\" aria-hidden=\"true\" class=\"wp-block-spacer\"><\/div>\n\n\n\n<p class=\"has-text-align-center\">Vertrauensw\u00fcrdig von<\/p>\n\n\n\n<h2 class=\"has-text-align-center wp-block-heading\">Beliebte Marken auf der ganzen Welt<\/h2>\n\n\n\n<div style=\"height:25px\" aria-hidden=\"true\" class=\"wp-block-spacer\"><\/div>\n\n\n\n<div class=\"wp-block-columns is-layout-flex wp-container-core-columns-is-layout-9d6595d7 wp-block-columns-is-layout-flex\">\n<div class=\"wp-block-column is-layout-flow wp-block-column-is-layout-flow\">\n<center><img decoding=\"async\" src=\"https:\/\/gevelopers.com\/wp-content\/uploads\/2021\/05\/logo-brand-black-oracle1.svg\" alt=\"Logo-Marke-Schwarz-Orakel-Entwickler\" style=\"width:150px;height:55px\"><\/center>\n<\/div>\n\n\n\n<div class=\"wp-block-column is-layout-flow wp-block-column-is-layout-flow\">\n<center><img decoding=\"async\" src=\"https:\/\/gevelopers.com\/wp-content\/uploads\/2021\/05\/logo-cambridge-v31.svg\" alt=\"logo-cambridge-v3-entwickler\" style=\"width:150px;height:55px\"><\/center>\n<\/div>\n\n\n\n<div class=\"wp-block-column is-layout-flow wp-block-column-is-layout-flow\">\n<center><img decoding=\"async\" src=\"https:\/\/gevelopers.com\/wp-content\/uploads\/2021\/05\/logo-brand-black-mumayizv21.svg\" alt=\"Logo-Marke-Schwarz-Mumayizv2-Entwickler\" style=\"width:150px;height:50px\"><\/center>\n<\/div>\n\n\n\n<div class=\"wp-block-column is-layout-flow wp-block-column-is-layout-flow\">\n<center><img decoding=\"async\" src=\"https:\/\/gevelopers.com\/wp-content\/uploads\/2021\/05\/logo-brand-black-mtn1.svg\" alt=\"logo-marke-schwarz-mtn-gevelopers\" style=\"width:150px;height:50px\"><\/center>\n<\/div>\n\n\n\n<div class=\"wp-block-column is-layout-flow wp-block-column-is-layout-flow\">\n<center><img decoding=\"async\" src=\"https:\/\/gevelopers.com\/wp-content\/uploads\/2021\/05\/logo-brand-black-mtu1.svg\" alt=\"logo-marke-schwarz-mtu-gevelopers\" style=\"width:150px;height:50px\"><\/center>\n<\/div>\n<\/div>\n\n\n\n<div style=\"height:25px\" aria-hidden=\"true\" class=\"wp-block-spacer\"><\/div>\n\n\n\n<div class=\"wp-block-columns is-layout-flex wp-container-core-columns-is-layout-9d6595d7 wp-block-columns-is-layout-flex\">\n<div class=\"wp-block-column is-layout-flow wp-block-column-is-layout-flow\">\n<center><img decoding=\"async\" src=\"https:\/\/gevelopers.com\/wp-content\/uploads\/2021\/05\/logo-brand-black-bcg1.svg\" alt=\"logo-marke-schwarz-bcg-gevelopers\" style=\"width:150px;height:50px\"><\/center>\n<\/div>\n\n\n\n<div class=\"wp-block-column is-layout-flow wp-block-column-is-layout-flow\">\n<center><img decoding=\"async\" src=\"https:\/\/gevelopers.com\/wp-content\/uploads\/2021\/05\/logo-brand-black-sanchobbdo1.svg\" alt=\"logo-marke-schwarz-sanchobbdo-entwickler\" style=\"width:150px;height:50px\"><\/center>\n<\/div>\n\n\n\n<div class=\"wp-block-column is-layout-flow wp-block-column-is-layout-flow\">\n<center><img decoding=\"async\" src=\"https:\/\/gevelopers.com\/wp-content\/uploads\/2021\/05\/logo-brand-black-gulfstream1.svg\" alt=\"Logo-Marke-Schwarz-Gulfstream-Entwickler\" style=\"width:150px;height:50px\"><\/center>\n<\/div>\n\n\n\n<div class=\"wp-block-column is-layout-flow wp-block-column-is-layout-flow\">\n<center><img decoding=\"async\" src=\"https:\/\/gevelopers.com\/wp-content\/uploads\/2021\/05\/logo-brand-black-daman1.svg\" alt=\"logo-brand-black-daman-gevelopers\" style=\"width:150px;height:50px\"><\/center>\n<\/div>\n\n\n\n<div class=\"wp-block-column is-layout-flow wp-block-column-is-layout-flow\">\n<center><img decoding=\"async\" src=\"https:\/\/gevelopers.com\/wp-content\/uploads\/2021\/05\/logo-brand-black-astrazeneca1.svg\" alt=\"logo-marke-schwarz-astrazeneca-entwickler\" style=\"width:150px;height:50px\"><\/center>\n<\/div>\n<\/div>\n\n\n\n<div style=\"height:25px\" aria-hidden=\"true\" class=\"wp-block-spacer\"><\/div>\n\n\n\n<div class=\"wp-block-columns is-layout-flex wp-container-core-columns-is-layout-9d6595d7 wp-block-columns-is-layout-flex\">\n<div class=\"wp-block-column is-layout-flow wp-block-column-is-layout-flow\">\n<center><img decoding=\"async\" src=\"https:\/\/gevelopers.com\/wp-content\/uploads\/2021\/05\/logo-brand-black-vfsglobal1.svg\" alt=\"logo-marke-schwarz-vfsglobal-gevelopers\" style=\"width:150px;height:50px\"><\/center>\n<\/div>\n\n\n\n<div class=\"wp-block-column is-layout-flow wp-block-column-is-layout-flow\">\n<center><img decoding=\"async\" src=\"https:\/\/gevelopers.com\/wp-content\/uploads\/2021\/05\/logo-brand-black-haas1.svg\" alt=\"logo-marke-schwarz-haas-gevelopers\" style=\"width:150px;height:50px\"><\/center>\n<\/div>\n\n\n\n<div class=\"wp-block-column is-layout-flow wp-block-column-is-layout-flow\">\n<center><img decoding=\"async\" src=\"https:\/\/gevelopers.com\/wp-content\/uploads\/2021\/05\/logo-brand-black-tata1.svg\" alt=\"Logo-Marke-Schwarz-Tata-Entwickler\" style=\"width:150px;height:50px\"><\/center>\n<\/div>\n\n\n\n<div class=\"wp-block-column is-layout-flow wp-block-column-is-layout-flow\">\n<center><img decoding=\"async\" src=\"https:\/\/gevelopers.com\/wp-content\/uploads\/2021\/05\/logo-brand-black-yahoo1.svg\" alt=\"logo-marke-schwarz-yahoo-gevelopers\" style=\"width:150px;height:50px\"><\/center>\n<\/div>\n\n\n\n<div class=\"wp-block-column is-layout-flow wp-block-column-is-layout-flow\">\n<center><img decoding=\"async\" src=\"https:\/\/gevelopers.com\/wp-content\/uploads\/2021\/05\/logo-brand-black-smithfield1.svg\" alt=\"logo-marke-black-smithfield-gevelopers\" style=\"width:150px;height:50px\"><\/center>\n<\/div>\n<\/div>\n\n\n\n<div style=\"height:25px\" aria-hidden=\"true\" class=\"wp-block-spacer\"><\/div>\n\n\n\n<div class=\"wp-block-columns is-layout-flex wp-container-core-columns-is-layout-9d6595d7 wp-block-columns-is-layout-flex\">\n<div class=\"wp-block-column is-layout-flow wp-block-column-is-layout-flow\">\n<center><img decoding=\"async\" src=\"https:\/\/gevelopers.com\/wp-content\/uploads\/2021\/05\/logo-brand-black-best-buy1.svg\" alt=\"Logo-Marke-Schwarz-Best-Buy-Entwickler\" style=\"width:150px;height:50px\"><\/center>\n<\/div>\n\n\n\n<div class=\"wp-block-column is-layout-flow wp-block-column-is-layout-flow\">\n<center><img decoding=\"async\" src=\"https:\/\/gevelopers.com\/wp-content\/uploads\/2021\/05\/logo-brand-black-essilor1.svg\" alt=\"logo-marke-schwarz-essilor-gevelopers\" style=\"width:150px;height:50px\"><\/center>\n\n\n\n<p><\/p>\n<\/div>\n\n\n\n<div class=\"wp-block-column is-layout-flow wp-block-column-is-layout-flow\">\n<center><img decoding=\"async\" src=\"https:\/\/gevelopers.com\/wp-content\/uploads\/2021\/05\/logo-brand-black-cosmopolitan1.svg\" alt=\"logo-marke-schwarz-kosmopolitische-entwickler\" style=\"width:150px;height:50px\"><\/center>\n<\/div>\n\n\n\n<div class=\"wp-block-column is-layout-flow wp-block-column-is-layout-flow\">\n<center><img decoding=\"async\" src=\"https:\/\/gevelopers.com\/wp-content\/uploads\/2021\/05\/logo-brand-black-abbott1.svg\" alt=\"logo-brand-black-abbot-gevelopers\" style=\"width:150px;height:50px\"><\/center>\n<\/div>\n\n\n\n<div class=\"wp-block-column is-layout-flow wp-block-column-is-layout-flow\">\n<center><img decoding=\"async\" src=\"https:\/\/gevelopers.com\/wp-content\/uploads\/2021\/05\/logo-brand-black-unsw1.svg\" alt=\"logo-marke-schwarz-unsw-gevelopers\" style=\"width:150px;height:50px\"><\/center>\n<\/div>\n<\/div>\n\n\n\n<div style=\"height:25px\" aria-hidden=\"true\" class=\"wp-block-spacer\"><\/div>\n\n\n\n<div class=\"wp-block-columns is-layout-flex wp-container-core-columns-is-layout-9d6595d7 wp-block-columns-is-layout-flex\">\n<div class=\"wp-block-column is-layout-flow wp-block-column-is-layout-flow\">\n<center><img decoding=\"async\" src=\"https:\/\/gevelopers.com\/wp-content\/uploads\/2021\/05\/logo-brand-black-lifetechnologies1.svg\" alt=\"logo-marke-black-lifetechnologies-entwickler\" style=\"width:150px;height:50px\"><\/center>\n<\/div>\n\n\n\n<div class=\"wp-block-column is-layout-flow wp-block-column-is-layout-flow\">\n<center><img decoding=\"async\" src=\"https:\/\/gevelopers.com\/wp-content\/uploads\/2021\/05\/logo-brand-black-jacksoncoker1.svg\" alt=\"logo-marke-black-jacksoncoker-gevelopers\" style=\"width:150px;height:50px\"><\/center>\n<\/div>\n\n\n\n<div class=\"wp-block-column is-layout-flow wp-block-column-is-layout-flow\">\n<center><img decoding=\"async\" src=\"https:\/\/gevelopers.com\/wp-content\/uploads\/2021\/05\/logo-brand-black-mcdonalds1.svg\" alt=\"logo-marke-schwarz-mcdonalds-gevelopers\" style=\"width:150px;height:50px\"><\/center>\n<\/div>\n\n\n\n<div class=\"wp-block-column is-layout-flow wp-block-column-is-layout-flow\">\n<center><img decoding=\"async\" src=\"https:\/\/gevelopers.com\/wp-content\/uploads\/2021\/05\/logo-brand-black-vodafone1.svg\" alt=\"logo-marke-schwarz-vodafone-entwickler\" style=\"width:150px;height:50px\"><\/center>\n<\/div>\n\n\n\n<div class=\"wp-block-column is-layout-flow wp-block-column-is-layout-flow\">\n<center><img decoding=\"async\" src=\"https:\/\/gevelopers.com\/wp-content\/uploads\/2021\/05\/logo-brand-black-adidas1.svg\" alt=\"logo-marke-schwarz-adidas-gevelopers\" style=\"width:150px;height:50px\"><\/center>\n<\/div>\n<\/div>\n\n\n\n<div style=\"height:25px\" aria-hidden=\"true\" class=\"wp-block-spacer\"><\/div>\n\n\n\n<div class=\"wp-block-columns is-layout-flex wp-container-core-columns-is-layout-9d6595d7 wp-block-columns-is-layout-flex\">\n<div class=\"wp-block-column is-layout-flow wp-block-column-is-layout-flow\">\n<center><img decoding=\"async\" src=\"https:\/\/gevelopers.com\/wp-content\/uploads\/2021\/05\/logo-brand-black-ndtv1.svg\" alt=\"logo-marke-schwarz-ndtv-gevelopers\" style=\"width:150px;height:50px\"><\/center>\n<\/div>\n\n\n\n<div class=\"wp-block-column is-layout-flow wp-block-column-is-layout-flow\">\n<center><img decoding=\"async\" src=\"https:\/\/gevelopers.com\/wp-content\/uploads\/2021\/05\/logo-brand-black-kotak1.svg\" alt=\"Logo-Marke-Schwarz-Kotak-Entwickler\" style=\"width:150px;height:50px\"><\/center>\n<\/div>\n\n\n\n<div class=\"wp-block-column is-layout-flow wp-block-column-is-layout-flow\">\n<center><img decoding=\"async\" src=\"https:\/\/gevelopers.com\/wp-content\/uploads\/2021\/05\/logo-brand-black-macys1.svg\" alt=\"logo-marke-schwarz-macys-gevelopers\" style=\"width:150px;height:50px\"><\/center>\n<\/div>\n\n\n\n<div class=\"wp-block-column is-layout-flow wp-block-column-is-layout-flow\">\n<center><img decoding=\"async\" src=\"https:\/\/gevelopers.com\/wp-content\/uploads\/2021\/05\/logo-brand-black-cartier1.svg\" alt=\"logo-marke-schwarz-cartier-gevelopers\" style=\"width:150px;height:50px\"><\/center>\n<\/div>\n\n\n\n<div class=\"wp-block-column is-layout-flow wp-block-column-is-layout-flow\">\n<center><img decoding=\"async\" src=\"https:\/\/gevelopers.com\/wp-content\/uploads\/2021\/05\/logo-brand-black-rimac1.svg\" alt=\"logo-marke-schwarz-rimac-gevelopers\" style=\"width:150px;height:50px\"><\/center>\n<\/div>\n<\/div>","protected":false},"excerpt":{"rendered":"<p>Approach Top Vue.js App Development Company Vue.js App Development Expertise Hire expert Vue.js developers from Gevelopers, a top Vue.js app&#8230;<\/p>","protected":false},"author":1,"featured_media":0,"parent":0,"menu_order":0,"comment_status":"closed","ping_status":"closed","template":"","meta":{"footnotes":""},"class_list":["post-2240","page","type-page","status-publish","hentry"],"_links":{"self":[{"href":"https:\/\/gevelopers.com\/de\/wp-json\/wp\/v2\/pages\/2240","targetHints":{"allow":["GET"]}}],"collection":[{"href":"https:\/\/gevelopers.com\/de\/wp-json\/wp\/v2\/pages"}],"about":[{"href":"https:\/\/gevelopers.com\/de\/wp-json\/wp\/v2\/types\/page"}],"author":[{"embeddable":true,"href":"https:\/\/gevelopers.com\/de\/wp-json\/wp\/v2\/users\/1"}],"replies":[{"embeddable":true,"href":"https:\/\/gevelopers.com\/de\/wp-json\/wp\/v2\/comments?post=2240"}],"version-history":[{"count":0,"href":"https:\/\/gevelopers.com\/de\/wp-json\/wp\/v2\/pages\/2240\/revisions"}],"wp:attachment":[{"href":"https:\/\/gevelopers.com\/de\/wp-json\/wp\/v2\/media?parent=2240"}],"curies":[{"name":"wp","href":"https:\/\/api.w.org\/{rel}","templated":true}]}}