{"id":2475,"date":"2021-05-29T16:16:46","date_gmt":"2021-05-29T16:16:46","guid":{"rendered":"https:\/\/gevelopers.com\/?page_id=2475"},"modified":"2021-06-01T20:41:15","modified_gmt":"2021-06-01T20:41:15","slug":"database","status":"publish","type":"page","link":"https:\/\/gevelopers.com\/de\/database\/","title":{"rendered":"Expertise in Database Design &#038; Management"},"content":{"rendered":"<p class=\"has-text-align-center\">Offering expert database design and management services for startups and enterprises to achieve their objectives in a strategic manner. Our database solutions foster data access at all times to support business operations and decision making to save time and money.<\/p>\n\n\n\n<div style=\"height:50px\" aria-hidden=\"true\" class=\"wp-block-spacer\"><\/div>\n\n\n\n<h2 class=\"has-text-align-center wp-block-heading\">Database technologies we excel in<\/h2>\n\n\n\n<div style=\"height:25px\" aria-hidden=\"true\" class=\"wp-block-spacer\"><\/div>\n\n\n\n<div class=\"wp-block-columns is-layout-flex wp-container-core-columns-is-layout-9d6595d7 wp-block-columns-is-layout-flex\">\n<div class=\"wp-block-column is-layout-flow wp-block-column-is-layout-flow\">\n<img decoding=\"async\" src=\"https:\/\/gevelopers.com\/wp-content\/uploads\/2021\/05\/ic-technology-my-sql1.svg\" alt=\"technologie-my-sql-entwickler\" style=\"width:85px;height:50px\">\n\n\n\n<h4 class=\"wp-block-heading\">MySQL Database Development<\/h4>\n\n\n\n<p>It\u2019s a freeware and that really helps businesses looking to handle large data at an affordable price along with integration with other databases.<\/p>\n\n\n\n<div class=\"wp-block-buttons is-layout-flex wp-block-buttons-is-layout-flex\">\n<div class=\"wp-block-button\"><a class=\"wp-block-button__link\" href=\"https:\/\/gevelopers.com\/de\/mysql-development-company\/\">Erfahren Sie mehr<\/a><\/div>\n<\/div>\n<\/div>\n\n\n\n<div class=\"wp-block-column is-layout-flow wp-block-column-is-layout-flow\">\n<img decoding=\"async\" src=\"https:\/\/gevelopers.com\/wp-content\/uploads\/2021\/06\/ic-database-technology-dynamodb1.svg\" alt=\"gevelopers-database-technology-dynamodb\" style=\"width:50px;height:50px\">\n\n\n\n<h4 class=\"wp-block-heading\">DynamoDB Development<\/h4>\n\n\n\n<p>We build DBMS using this service for mobile, web, gaming, IoT, and other apps that need low-latency data access for faster app functionality.<\/p>\n\n\n\n<div class=\"wp-block-buttons is-layout-flex wp-block-buttons-is-layout-flex\">\n<div class=\"wp-block-button\"><a class=\"wp-block-button__link\" href=\"https:\/\/gevelopers.com\/de\/amazon-dynamodb-development-company\/\">Erfahren Sie mehr<\/a><\/div>\n<\/div>\n<\/div>\n<\/div>\n\n\n\n<div class=\"wp-block-columns is-layout-flex wp-container-core-columns-is-layout-9d6595d7 wp-block-columns-is-layout-flex\">\n<div class=\"wp-block-column is-layout-flow wp-block-column-is-layout-flow\">\n<img decoding=\"async\" src=\"https:\/\/gevelopers.com\/wp-content\/uploads\/2021\/06\/ic-database-technology-postgresql1.svg\" alt=\"gevelopers-database-technology-postgresql\" style=\"width:50px;height:50px\">\n\n\n\n<h4 class=\"wp-block-heading\">PostgreSQL Database Development<\/h4>\n\n\n\n<p>Fostering enterprise mobility with scalable ERP application and PostgreSQL DBMS to centralize, store, retrieve, and interpret data with ease.<\/p>\n\n\n\n<div class=\"wp-block-buttons is-layout-flex wp-block-buttons-is-layout-flex\">\n<div class=\"wp-block-button\"><a class=\"wp-block-button__link\" href=\"https:\/\/gevelopers.com\/de\/postgresql-development-company\/\">Erfahren Sie mehr<\/a><\/div>\n<\/div>\n<\/div>\n\n\n\n<div class=\"wp-block-column is-layout-flow wp-block-column-is-layout-flow\">\n<img decoding=\"async\" src=\"https:\/\/gevelopers.com\/wp-content\/uploads\/2021\/05\/logo-brand-black-oracle1.svg\" alt=\"Logo-Marke-Schwarz-Orakel-Entwickler\" style=\"width:85px;height:50px\">\n\n\n\n<h4 class=\"wp-block-heading\">Oracle Database Development<\/h4>\n\n\n\n<p>Gevelopers helps enterprises by designing RDBMS with Oracle where access to enormous data is needed with security and a variety of features.<\/p>\n\n\n\n<div class=\"wp-block-buttons is-layout-flex wp-block-buttons-is-layout-flex\">\n<div class=\"wp-block-button\"><a class=\"wp-block-button__link\" href=\"https:\/\/gevelopers.com\/de\/oracle-database-application-development\/\">Erfahren Sie mehr<\/a><\/div>\n<\/div>\n<\/div>\n<\/div>\n\n\n\n<div class=\"wp-block-columns is-layout-flex wp-container-core-columns-is-layout-9d6595d7 wp-block-columns-is-layout-flex\">\n<div class=\"wp-block-column is-layout-flow wp-block-column-is-layout-flow\">\n<img decoding=\"async\" src=\"https:\/\/gevelopers.com\/wp-content\/uploads\/2021\/06\/ic-database-technology-firebase1.svg\" alt=\"database-technology-firebase-gevelopers\" style=\"width:50px;height:50px\">\n\n\n\n<h4 class=\"wp-block-heading\">Firebase Database Development<\/h4>\n\n\n\n<p>Transforming business processes by a cloud database solution allowing them to go remote and access data directly from cloud when needed.<\/p>\n\n\n\n<div class=\"wp-block-buttons is-layout-flex wp-block-buttons-is-layout-flex\">\n<div class=\"wp-block-button\"><a class=\"wp-block-button__link\" href=\"https:\/\/gevelopers.com\/de\/firebase-development-company\/\">Erfahren Sie mehr<\/a><\/div>\n<\/div>\n<\/div>\n\n\n\n<div class=\"wp-block-column is-layout-flow wp-block-column-is-layout-flow\">\n<img decoding=\"async\" src=\"https:\/\/gevelopers.com\/wp-content\/uploads\/2021\/05\/ic-technology-mango-db1.svg\" alt=\"technologie-mongo-db-entwickler\" style=\"width:50px;height:50px\">\n\n\n\n<h4 class=\"wp-block-heading\">MongoDB Development<\/h4>\n\n\n\n<p>We use it to design a DBA that speeds up document management, modification, real time processing and analysis on a large scale.<\/p>\n\n\n\n<div class=\"wp-block-buttons is-layout-flex wp-block-buttons-is-layout-flex\">\n<div class=\"wp-block-button\"><a class=\"wp-block-button__link\" href=\"https:\/\/gevelopers.com\/de\/mongodb-development-company\/\">Erfahren Sie mehr<\/a><\/div>\n<\/div>\n<\/div>\n<\/div>\n\n\n\n<div class=\"wp-block-columns is-layout-flex wp-container-core-columns-is-layout-9d6595d7 wp-block-columns-is-layout-flex\">\n<div class=\"wp-block-column is-layout-flow wp-block-column-is-layout-flow\">\n<img decoding=\"async\" src=\"https:\/\/gevelopers.com\/wp-content\/uploads\/2021\/05\/ic-database-technology-redis1.svg\" alt=\"gevelopers-database-technology-redis\" style=\"width:50px;height:50px\">\n\n\n\n<h3 class=\"wp-block-heading\">Redis Database Development<\/h3>\n\n\n\n<p>Using Redis design a database for an app that involves significant data manipulation, analysis, and pulling it in from another source.<\/p>\n\n\n\n<div class=\"wp-block-buttons is-layout-flex wp-block-buttons-is-layout-flex\">\n<div class=\"wp-block-button\"><a class=\"wp-block-button__link\" href=\"https:\/\/gevelopers.com\/de\/redis-database-development-company\/\">Erfahren Sie mehr<\/a><\/div>\n<\/div>\n<\/div>\n\n\n\n<div class=\"wp-block-column is-layout-flow wp-block-column-is-layout-flow\">\n<img decoding=\"async\" src=\"https:\/\/gevelopers.com\/wp-content\/uploads\/2021\/05\/ic-technology-ms-sql1.svg\" alt=\"technology-ms-sql-gevelopers\" style=\"width:50px;height:50px\">\n\n\n\n<h3 class=\"wp-block-heading\">Microsoft SQL Server<\/h3>\n\n\n\n<p>If your firm has multiple Microsoft products &amp; sensitive data, then we setup a database on cloud &amp; local servers with authorized access.<\/p>\n\n\n\n<div class=\"wp-block-buttons is-layout-flex wp-block-buttons-is-layout-flex\">\n<div class=\"wp-block-button\"><a class=\"wp-block-button__link\" href=\"https:\/\/gevelopers.com\/de\/mysql-development-company\/\">Erfahren Sie mehr<\/a><\/div>\n<\/div>\n<\/div>\n<\/div>\n\n\n\n<div style=\"height:50px\" aria-hidden=\"true\" class=\"wp-block-spacer\"><\/div>\n\n\n\n<h2 class=\"has-text-align-center wp-block-heading\">How can Gevelopers help?<\/h2>\n\n\n\n<p class=\"has-text-align-center\">Gevelopers helps you find the right tool for the specific purpose based on your business requirement. Our database engineers will help you implement the latest versions while forming compliant database solutions for different departments and functional units, both independently or merged as per needed.<\/p>\n\n\n\n<p class=\"has-text-align-center\">Our database solutions for businesses include end-to-end services that include strategic DB plan, design, development, management, backup and restore, migration, remote DBA services and support, and Big Data solutions.<\/p>\n\n\n\n<div class=\"wp-block-columns is-layout-flex wp-container-core-columns-is-layout-9d6595d7 wp-block-columns-is-layout-flex\">\n<div class=\"wp-block-column is-layout-flow wp-block-column-is-layout-flow\">\n<center><img decoding=\"async\" src=\"https:\/\/gevelopers.com\/wp-content\/uploads\/2021\/05\/ic-database-technology-redis1.svg\" alt=\"gevelopers-database-technology-redis\" style=\"width:50px;height:50px\"><\/center>\n<\/div>\n\n\n\n<div class=\"wp-block-column is-layout-flow wp-block-column-is-layout-flow\">\n<center><img decoding=\"async\" src=\"https:\/\/gevelopers.com\/wp-content\/uploads\/2021\/06\/ic-database-technology-firebase1.svg\" alt=\"database-technology-firebase-gevelopers\" style=\"width:50px;height:50px\"><\/center>\n<\/div>\n\n\n\n<div class=\"wp-block-column is-layout-flow wp-block-column-is-layout-flow\">\n<center><img decoding=\"async\" src=\"https:\/\/gevelopers.com\/wp-content\/uploads\/2021\/05\/ic-technology-mango-db1.svg\" alt=\"technologie-mongo-db-entwickler\" style=\"width:50px;height:50px\"><\/center>\n<\/div>\n\n\n\n<div class=\"wp-block-column is-layout-flow wp-block-column-is-layout-flow\">\n<center><img decoding=\"async\" src=\"https:\/\/gevelopers.com\/wp-content\/uploads\/2021\/06\/ic-database-technology-postgresql1.svg\" alt=\"gevelopers-database-technology-postgresql\" style=\"width:50px;height:50px\"><\/center>\n<\/div>\n<\/div>\n\n\n\n<div style=\"height:25px\" aria-hidden=\"true\" class=\"wp-block-spacer\"><\/div>\n\n\n\n<center><img decoding=\"async\" src=\"https:\/\/gevelopers.com\/wp-content\/uploads\/2021\/06\/index-img-71.webp\"><\/center>\n\n\n\n<div style=\"height:50px\" aria-hidden=\"true\" class=\"wp-block-spacer\"><\/div>\n\n\n\n<h2 class=\"has-text-align-center wp-block-heading\">Wir helfen Ihnen bei der Erstellung von Apps f\u00fcr<\/h2>\n\n\n\n<div class=\"wp-block-columns is-layout-flex wp-container-core-columns-is-layout-9d6595d7 wp-block-columns-is-layout-flex\">\n<div class=\"wp-block-column is-layout-flow wp-block-column-is-layout-flow\">\n<img decoding=\"async\" src=\"https:\/\/gevelopers.com\/wp-content\/uploads\/2021\/05\/ic-mobile-app-development-enterprise1.svg\" alt=\"Mobile-App-Entwicklung-Enterprise-Entwickler\" style=\"width:50px;height:50px\">\n\n\n\n<h3 class=\"wp-block-heading\">Unternehmen<\/h3>\n\n\n\n<p>Unsere kollaborative Beratung zur Mobile-Strategie dient als Katalysator bei der Optimierung von IT-Frameworks und -Prozessen mit der Mobile-Roadmap, die auf Unternehmensszenarien, Richtlinien und aktuelle Systeme ausgerichtet ist.<\/p>\n<\/div>\n\n\n\n<div class=\"wp-block-column is-layout-flow wp-block-column-is-layout-flow\">\n<img decoding=\"async\" src=\"https:\/\/gevelopers.com\/wp-content\/uploads\/2021\/05\/ic-business1.svg\" alt=\"business-gevelopers\" style=\"width:50px;height:50px\">\n\n\n\n<h3 class=\"wp-block-heading\">Unternehmen<\/h3>\n\n\n\n<p>Wir bilden die Bed\u00fcrfnisse und Anwendungsf\u00e4lle von Unternehmen ab, damit sie schnell auf Ver\u00e4nderungen reagieren k\u00f6nnen. Wir helfen Ihrem Unternehmen, die abteilungs\u00fcbergreifende Kommunikation, Arbeitsabl\u00e4ufe und sofortige Informationsverf\u00fcgbarkeit zu mobilisieren.<\/p>\n<\/div>\n\n\n\n<div class=\"wp-block-column is-layout-flow wp-block-column-is-layout-flow\">\n<img decoding=\"async\" src=\"https:\/\/gevelopers.com\/wp-content\/uploads\/2021\/05\/ic-consumers1.svg\" alt=\"consumers-gevelopers\" style=\"width:50px;height:50px\">\n\n\n\n<h3 class=\"wp-block-heading\">Verbraucher<\/h3>\n\n\n\n<p>Unsere mobilen Experten helfen Marken, Unternehmen und Community-Organisationen beim Aufbau skalierbarer mobiler Anwendungsl\u00f6sungen, die darauf abzielen, t\u00e4glich von globalen Verbrauchern mehrmals am Tag verwendet zu werden.<\/p>\n<\/div>\n<\/div>\n\n\n\n<p><\/p>","protected":false},"excerpt":{"rendered":"<p>Offering expert database design and management services for startups and enterprises to achieve their objectives in a strategic manner. Our&#8230;<\/p>","protected":false},"author":1,"featured_media":0,"parent":0,"menu_order":0,"comment_status":"closed","ping_status":"closed","template":"","meta":{"footnotes":""},"class_list":["post-2475","page","type-page","status-publish","hentry"],"_links":{"self":[{"href":"https:\/\/gevelopers.com\/de\/wp-json\/wp\/v2\/pages\/2475","targetHints":{"allow":["GET"]}}],"collection":[{"href":"https:\/\/gevelopers.com\/de\/wp-json\/wp\/v2\/pages"}],"about":[{"href":"https:\/\/gevelopers.com\/de\/wp-json\/wp\/v2\/types\/page"}],"author":[{"embeddable":true,"href":"https:\/\/gevelopers.com\/de\/wp-json\/wp\/v2\/users\/1"}],"replies":[{"embeddable":true,"href":"https:\/\/gevelopers.com\/de\/wp-json\/wp\/v2\/comments?post=2475"}],"version-history":[{"count":0,"href":"https:\/\/gevelopers.com\/de\/wp-json\/wp\/v2\/pages\/2475\/revisions"}],"wp:attachment":[{"href":"https:\/\/gevelopers.com\/de\/wp-json\/wp\/v2\/media?parent=2475"}],"curies":[{"name":"wp","href":"https:\/\/api.w.org\/{rel}","templated":true}]}}