{"id":319,"date":"2020-10-02T19:18:05","date_gmt":"2020-10-02T19:18:05","guid":{"rendered":"https:\/\/leverage.demo.codings.dev\/?page_id=319"},"modified":"2021-07-27T19:36:47","modified_gmt":"2021-07-27T19:36:47","slug":"about","status":"publish","type":"page","link":"https:\/\/gevelopers.com\/de\/about\/","title":{"rendered":"Unser Schatz umfasst unsere Mitarbeiter, Visionen und Werte"},"content":{"rendered":"<p class=\"has-text-align-center\"><strong>Preisgekr\u00f6ntes Softwareentwicklungsunternehmen seit 2015<\/strong><\/p>\n\n\n\n<p class=\"has-text-align-center\">Gevelopers ist nicht nur ein weltweit anerkanntes IT-Unternehmen, sondern auch eine Familie mit talentierten Experten, die globalen Marken, Unternehmen, mittelst\u00e4ndischen Unternehmen oder sogar Start-ups mit innovativen L\u00f6sungen helfen.<\/p>\n\n\n\n<div style=\"height:50px\" aria-hidden=\"true\" class=\"wp-block-spacer\"><\/div>\n\n\n\n<style>.embed-container { position: relative; padding-bottom: 56.25%; height: 0; overflow: hidden; max-width: 100%; } .embed-container iframe, .embed-container object, .embed-container embed { position: absolute; top: 0; left: 0; width: 100%; height: 100%; }<\/style><div class=\"embed-container\"><iframe src=\"https:\/\/www.youtube.com\/embed\/\/KGnBII4kl88\" frameborder=\"0\" allowfullscreen=\"\"><\/iframe><\/div>\n\n\n\n<div style=\"height:50px\" aria-hidden=\"true\" class=\"wp-block-spacer\"><\/div>\n\n\n\n<div class=\"wp-block-columns is-layout-flex wp-container-core-columns-is-layout-9d6595d7 wp-block-columns-is-layout-flex\">\n<div class=\"wp-block-column is-layout-flow wp-block-column-is-layout-flow\">\n<h3 class=\"has-text-align-center wp-block-heading\">Wer wir sind<\/h3>\n\n\n\n<p class=\"has-text-align-center\">Gevelopers ist keine Einheit, sondern eine Familie, die das Zusammengeh\u00f6rigkeitsgef\u00fchl seit \u00fcber zwei Jahrzehnten erfolgreicher Reise repr\u00e4sentiert. F\u00fcr Gevelopers besteht die Definition von Erfolg darin, innovative Ideen von Menschen mit Hilfe unserer technischen Expertise in die Realit\u00e4t umzusetzen, daf\u00fcr m\u00f6chten wir als Team in Erinnerung bleiben!<\/p>\n\n\n\n<p class=\"has-text-align-center\">Unsere Vision hat dazu gef\u00fchrt, dass Gevelopers ein f\u00fchrendes IT-Unternehmen in Europa, der T\u00fcrkei, Singapur und den USA f\u00fcr die Bereitstellung verschiedener branchenf\u00fchrender Mobilit\u00e4tsl\u00f6sungen wurde. Das Ziel ist es, Kunden und Unternehmen zu st\u00e4rken, indem neue M\u00f6glichkeiten geschaffen werden, die die Technologien von heute und morgen mit h\u00f6chster Qualit\u00e4t, Zufriedenheit und Transparenz nutzen.<\/p>\n<\/div>\n\n\n\n<div class=\"wp-block-column is-layout-flow wp-block-column-is-layout-flow\">\n<h3 class=\"has-text-align-center wp-block-heading\">Was wir tun<\/h3>\n\n\n\n<p class=\"has-text-align-center\">Unser Enthusiasmus hat uns zu einem der f\u00fchrenden IT-Unternehmen in Europa, der T\u00fcrkei, Singapur und den USA f\u00fcr die Bereitstellung verschiedener branchenf\u00fchrender Mobilit\u00e4tsl\u00f6sungen in den Bereichen Web- und mobile Anwendungsentwicklung gemacht, die futuristische Technologien wie Internet of Things (IoT), AI-ML, AR . nutzen -VR, Sprachassistenten und Sprachf\u00e4higkeiten, DevOps &amp; Cloud Computing usw.<\/p>\n\n\n\n<p class=\"has-text-align-center\">Wir f\u00fchlen uns durch unsere zertifizierten Tech-Experten und unser F&amp;E-Team gest\u00e4rkt, die sich immer selbst herausgefordert haben, der globalen Kundschaft mit einer Vielzahl von IT-Services und -L\u00f6sungen zu helfen. Die Zusammenarbeit mit unserem Team garantiert unseren Kunden, durch schnellere Lieferung viel Geld bei der Projektentwicklung zu sparen.<\/p>\n<\/div>\n<\/div>\n\n\n\n<div style=\"height:50px\" aria-hidden=\"true\" class=\"wp-block-spacer\"><\/div>\n\n\n\n<h2 class=\"has-text-align-center wp-block-heading\">Glaube aller Entwickler<\/h2>\n\n\n\n<div class=\"wp-block-columns is-layout-flex wp-container-core-columns-is-layout-9d6595d7 wp-block-columns-is-layout-flex\">\n<div class=\"wp-block-column is-layout-flow wp-block-column-is-layout-flow\">\n<center><img decoding=\"async\" src=\"https:\/\/gevelopers.com\/wp-content\/uploads\/2021\/04\/ic-belief-people1.svg\" alt=\"Glauben-Menschen-Entwickler\" style=\"width:50px;height:50px\"><\/center>\n\n\n\n<h4 class=\"has-text-align-center wp-block-heading\">Kundenzentrierter Ansatz<\/h4>\n\n\n\n<p class=\"has-text-align-center\">F\u00fcr jedes Unternehmen stehen die Kunden immer im Mittelpunkt. Als f\u00fchrendes Unternehmen f\u00fcr die Entwicklung von Web- und Mobile-Apps geht unsere Definition \u00fcber unsere Direktkunden hinaus. Wir setzen immer dort an, wo Sie mit Ihren Ideen stehen und denken aus der Sicht IHRER Endkunden, deren Schmerzfelder und erarbeiten eine L\u00f6sung, die Kernprobleme zum Nutzen Ihres Unternehmens l\u00f6st.<\/p>\n<\/div>\n\n\n\n<div class=\"wp-block-column is-layout-flow wp-block-column-is-layout-flow\">\n<center><img decoding=\"async\" src=\"https:\/\/gevelopers.com\/wp-content\/uploads\/2021\/04\/ic-belief-research1.svg\" alt=\"Glaubensforschung1-Entwickler\" style=\"width:50px;height:50px\"><\/center>\n\n\n\n<h4 class=\"has-text-align-center wp-block-heading\">Effektive Zusammenarbeit<\/h4>\n\n\n\n<p class=\"has-text-align-center\">Kommunikation ist der Schl\u00fcssel. Wir neigen dazu, manchmal zu viel zu kommunizieren. Klingt zwar \u00fcberw\u00e4ltigend, wirkt aber letztendlich Wunder f\u00fcr unser Kundengesch\u00e4ft. Wenn unser Entwicklungsteam mit unseren Kunden zusammenarbeitet, die tausend Meilen entfernt sitzen, ist es offensichtlich, dass wir mit Plattformen und Medien in Kontakt bleiben, die Effektivit\u00e4t, Transparenz und Genauigkeit erm\u00f6glichen.<\/p>\n<\/div>\n\n\n\n<div class=\"wp-block-column is-layout-flow wp-block-column-is-layout-flow\">\n<center><img decoding=\"async\" src=\"https:\/\/gevelopers.com\/wp-content\/uploads\/2021\/04\/ic-belief-product-driven1.svg\" alt=\"Glauben-Produkt-getriebene1-Entwickler\" style=\"width:50px;height:50px\"><\/center>\n\n\n\n<h4 class=\"has-text-align-center wp-block-heading\">P\u00fcnktlich gelieferte Qualit\u00e4t<\/h4>\n\n\n\n<p class=\"has-text-align-center\">Mit \u00fcber zwei Jahrzehnten Erfahrung in der Offshore-IT-Softwareentwicklungsbranche verf\u00fcgen wir \u00fcber eine Vielzahl interner Frameworks mit einer erstklassigen Infrastruktur, die es uns erm\u00f6glicht, jederzeit L\u00f6sungen von h\u00f6chster Qualit\u00e4t bereitzustellen. In all den Jahren haben wir gelernt, Fehler zu vermeiden und Erfolge zu wiederholen. Wir prahlen nicht nur mit Qualit\u00e4t. Wir definieren und liefern es rechtzeitig.<\/p>\n<\/div>\n<\/div>\n\n\n\n<div style=\"height:50px\" aria-hidden=\"true\" class=\"wp-block-spacer\"><\/div>\n\n\n\n<figure class=\"wp-block-gallery columns-3 is-cropped wp-block-gallery-1 is-layout-flex wp-block-gallery-is-layout-flex\"><ul class=\"blocks-gallery-grid\"><li class=\"blocks-gallery-item\"><figure><img loading=\"lazy\" decoding=\"async\" width=\"360\" height=\"414\" src=\"https:\/\/gevelopers.com\/wp-content\/uploads\/2021\/07\/about-gevelopers-infrastructure-img-1.webp\" alt=\"\u00fcber-entwickler-infrastruktur-img-1\" data-id=\"4647\" data-full-url=\"https:\/\/gevelopers.com\/wp-content\/uploads\/2021\/07\/about-gevelopers-infrastructure-img-1.webp\" data-link=\"https:\/\/gevelopers.com\/about\/about-gevelopers-infrastructure-img-1\/\" class=\"wp-image-4647\" srcset=\"https:\/\/gevelopers.com\/wp-content\/uploads\/2021\/07\/about-gevelopers-infrastructure-img-1.webp 360w, https:\/\/gevelopers.com\/wp-content\/uploads\/2021\/07\/about-gevelopers-infrastructure-img-1-261x300.webp 261w, https:\/\/gevelopers.com\/wp-content\/uploads\/2021\/07\/about-gevelopers-infrastructure-img-1-10x12.webp 10w\" sizes=\"auto, (max-width: 360px) 100vw, 360px\" \/><\/figure><\/li><li class=\"blocks-gallery-item\"><figure><img loading=\"lazy\" decoding=\"async\" width=\"360\" height=\"256\" src=\"https:\/\/gevelopers.com\/wp-content\/uploads\/2021\/07\/about-gevelopers-infrastructure-img-4.webp\" alt=\"\u00fcber-entwickler-infrastruktur-img-4\" data-id=\"4649\" data-full-url=\"https:\/\/gevelopers.com\/wp-content\/uploads\/2021\/07\/about-gevelopers-infrastructure-img-4.webp\" data-link=\"https:\/\/gevelopers.com\/about\/about-gevelopers-infrastructure-img-4\/\" class=\"wp-image-4649\" srcset=\"https:\/\/gevelopers.com\/wp-content\/uploads\/2021\/07\/about-gevelopers-infrastructure-img-4.webp 360w, https:\/\/gevelopers.com\/wp-content\/uploads\/2021\/07\/about-gevelopers-infrastructure-img-4-300x213.webp 300w, https:\/\/gevelopers.com\/wp-content\/uploads\/2021\/07\/about-gevelopers-infrastructure-img-4-16x12.webp 16w\" sizes=\"auto, (max-width: 360px) 100vw, 360px\" \/><\/figure><\/li><li class=\"blocks-gallery-item\"><figure><img loading=\"lazy\" decoding=\"async\" width=\"360\" height=\"414\" src=\"https:\/\/gevelopers.com\/wp-content\/uploads\/2021\/07\/about-gevelopers-infrastructure-img-5.webp\" alt=\"\u00fcber-entwickler-infrastruktur-img-5\" data-id=\"4650\" data-full-url=\"https:\/\/gevelopers.com\/wp-content\/uploads\/2021\/07\/about-gevelopers-infrastructure-img-5.webp\" data-link=\"https:\/\/gevelopers.com\/about\/about-gevelopers-infrastructure-img-5\/\" class=\"wp-image-4650\" srcset=\"https:\/\/gevelopers.com\/wp-content\/uploads\/2021\/07\/about-gevelopers-infrastructure-img-5.webp 360w, https:\/\/gevelopers.com\/wp-content\/uploads\/2021\/07\/about-gevelopers-infrastructure-img-5-261x300.webp 261w, https:\/\/gevelopers.com\/wp-content\/uploads\/2021\/07\/about-gevelopers-infrastructure-img-5-10x12.webp 10w\" sizes=\"auto, (max-width: 360px) 100vw, 360px\" \/><\/figure><\/li><li class=\"blocks-gallery-item\"><figure><img loading=\"lazy\" decoding=\"async\" width=\"945\" height=\"700\" src=\"https:\/\/gevelopers.com\/wp-content\/uploads\/2021\/07\/about-gevelopers-infrastructure-img-3.webp\" alt=\"\u00fcber-entwickler-infrastruktur-img-3\" data-id=\"4648\" data-full-url=\"https:\/\/gevelopers.com\/wp-content\/uploads\/2021\/07\/about-gevelopers-infrastructure-img-3.webp\" data-link=\"https:\/\/gevelopers.com\/about\/about-gevelopers-infrastructure-img-3\/\" class=\"wp-image-4648\" srcset=\"https:\/\/gevelopers.com\/wp-content\/uploads\/2021\/07\/about-gevelopers-infrastructure-img-3.webp 945w, https:\/\/gevelopers.com\/wp-content\/uploads\/2021\/07\/about-gevelopers-infrastructure-img-3-300x222.webp 300w, https:\/\/gevelopers.com\/wp-content\/uploads\/2021\/07\/about-gevelopers-infrastructure-img-3-768x569.webp 768w, https:\/\/gevelopers.com\/wp-content\/uploads\/2021\/07\/about-gevelopers-infrastructure-img-3-16x12.webp 16w\" sizes=\"auto, (max-width: 945px) 100vw, 945px\" \/><\/figure><\/li><\/ul><\/figure>","protected":false},"excerpt":{"rendered":"<p>Award-winning Software Development Company Since 2015 Gevelopers is not only a globally recognized IT company but also a family filled&#8230;<\/p>","protected":false},"author":1,"featured_media":262,"parent":0,"menu_order":0,"comment_status":"closed","ping_status":"closed","template":"","meta":{"footnotes":""},"class_list":["post-319","page","type-page","status-publish","has-post-thumbnail","hentry"],"_links":{"self":[{"href":"https:\/\/gevelopers.com\/de\/wp-json\/wp\/v2\/pages\/319","targetHints":{"allow":["GET"]}}],"collection":[{"href":"https:\/\/gevelopers.com\/de\/wp-json\/wp\/v2\/pages"}],"about":[{"href":"https:\/\/gevelopers.com\/de\/wp-json\/wp\/v2\/types\/page"}],"author":[{"embeddable":true,"href":"https:\/\/gevelopers.com\/de\/wp-json\/wp\/v2\/users\/1"}],"replies":[{"embeddable":true,"href":"https:\/\/gevelopers.com\/de\/wp-json\/wp\/v2\/comments?post=319"}],"version-history":[{"count":0,"href":"https:\/\/gevelopers.com\/de\/wp-json\/wp\/v2\/pages\/319\/revisions"}],"wp:featuredmedia":[{"embeddable":true,"href":"https:\/\/gevelopers.com\/de\/wp-json\/wp\/v2\/media\/262"}],"wp:attachment":[{"href":"https:\/\/gevelopers.com\/de\/wp-json\/wp\/v2\/media?parent=319"}],"curies":[{"name":"wp","href":"https:\/\/api.w.org\/{rel}","templated":true}]}}