{"id":1037,"date":"2021-05-07T17:16:55","date_gmt":"2021-05-07T17:16:55","guid":{"rendered":"https:\/\/gevelopers.com\/?page_id=1037"},"modified":"2021-07-23T07:23:07","modified_gmt":"2021-07-23T07:23:07","slug":"devops","status":"publish","type":"page","link":"https:\/\/gevelopers.com\/es\/devops\/","title":{"rendered":"Servicios de DevOps: automatizaci\u00f3n para un lanzamiento m\u00e1s r\u00e1pido"},"content":{"rendered":"<p class=\"has-text-align-center\">Ingenieros de DevOps | Proveedores de servicios de DevOps | DevOps \u00e1gil<\/p>\n\n\n\n<h4 class=\"has-text-align-center wp-block-heading\">En la actualidad, tener compilaciones continuas y progresivas para la entrega de aplicaciones, es esencial en el mundo digital actual que un sistema de TI eficiente se combine sin problemas con el flujo de trabajo de desarrollo y el negocio.<\/h4>\n\n\n\n<p class=\"has-text-align-center\">Gevelopers, una empresa l\u00edder en consultor\u00eda y servicios DevOps que brinda servicios de DevOps, permite entregar grandes aplicaciones al ritmo del negocio del cliente con una naturaleza de desarrollo en evoluci\u00f3n con servicios Agile DevOps para automatizar la entrega continua, dividida en un ecosistema y un flujo de trabajo operativo predictivo, bien organizado y consistente.<\/p>\n\n\n\n<div class=\"wp-block-columns is-layout-flex wp-container-core-columns-is-layout-9d6595d7 wp-block-columns-is-layout-flex\">\n<div class=\"wp-block-column is-layout-flow wp-block-column-is-layout-flow\">\n<p class=\"has-text-align-center\">Gesti\u00f3n de infraestructura<br>Gesti\u00f3n de la configuraci\u00f3n<br>Configuraci\u00f3n del entorno<br>Integraci\u00f3n continua<\/p>\n<\/div>\n\n\n\n<div class=\"wp-block-column is-layout-flow wp-block-column-is-layout-flow\">\n<p class=\"has-text-align-center\">Monitoreo continuo<br>Automatizaci\u00f3n de pruebas<br>Automatizaci\u00f3n de la construcci\u00f3n<br>Entrega continua<\/p>\n<\/div>\n<\/div>\n\n\n\n<div class=\"wp-block-columns is-layout-flex wp-container-core-columns-is-layout-9d6595d7 wp-block-columns-is-layout-flex\">\n<div class=\"wp-block-column is-layout-flow wp-block-column-is-layout-flow\">\n<h2 class=\"has-text-align-center wp-block-heading\" id=\"setup\">Planificaci\u00f3n estrat\u00e9gica y configuraci\u00f3n<\/h2>\n\n\n\n<p class=\"has-text-align-center\">Nuestra estrategia de orquestaci\u00f3n DevOps eficiente y bien planificada lo hace posible al combinar objetivos comerciales, cadenas de herramientas, equipos de desarrollo y operaciones junto con procesos de TI automatizados y optimizados con consultas de DevOps expertas.<\/p>\n<\/div>\n<\/div>\n\n\n\n<div class=\"wp-block-columns is-layout-flex wp-container-core-columns-is-layout-9d6595d7 wp-block-columns-is-layout-flex\">\n<div class=\"wp-block-column is-layout-flow wp-block-column-is-layout-flow\">\n<center><img decoding=\"async\" src=\"https:\/\/gevelopers.com\/wp-content\/uploads\/2021\/05\/devops-setup-gevelopers.svg\" alt=\"DevOps-setup-gevelopers\" ><\/center>\n<\/div>\n<\/div>\n\n\n\n<div class=\"wp-block-columns is-layout-flex wp-container-core-columns-is-layout-9d6595d7 wp-block-columns-is-layout-flex\">\n<div class=\"wp-block-column is-layout-flow wp-block-column-is-layout-flow\">\n<h2 class=\"wp-block-heading\" id=\"automation\">Planificaci\u00f3n continua<\/h2>\n\n\n\n<p>La planificaci\u00f3n continua involucra a consultores expertos en DevOps que establecen expectativas e hitos mediante la evaluaci\u00f3n de los procesos y sistemas existentes para dise\u00f1ar una hoja de ruta completa. Para lograr una automatizaci\u00f3n perfecta de DevOps, utilizamos marcos y herramientas de software l\u00edderes en la industria como Docker, Puppet, Selenium, etc.<\/p>\n\n\n\n<ul class=\"wp-block-list\"><li>Establecer metas e hitos<\/li><li>Proceso de evaluaci\u00f3n integral<\/li><li>Estrategia de hoja de ruta<\/li><li>Ilustraci\u00f3n de hoja de ruta<\/li><\/ul>\n<\/div>\n\n\n\n<div class=\"wp-block-column is-layout-flow wp-block-column-is-layout-flow\">\n<h2 class=\"wp-block-heading\">Integraci\u00f3n continua<\/h2>\n\n\n\n<p>La integraci\u00f3n continua garantiza que el c\u00f3digo m\u00e1s actualizado y validado est\u00e9 siempre disponible para los desarrolladores. CI ayuda a evitar costosos retrasos en el desarrollo al permitir que varios desarrolladores trabajen en el mismo c\u00f3digo fuente con confianza, en lugar de esperar a integrar secciones separadas de c\u00f3digo a la vez el d\u00eda del lanzamiento.<\/p>\n\n\n\n<ul class=\"wp-block-list\"><li>Validaci\u00f3n de c\u00f3digo<\/li><li>Arquitectura t\u00e9cnica<\/li><li>Colaboraci\u00f3n cercana<\/li><li>Prevenci\u00f3n de retrasos<\/li><\/ul>\n<\/div>\n<\/div>\n\n\n\n<div class=\"wp-block-columns is-layout-flex wp-container-core-columns-is-layout-9d6595d7 wp-block-columns-is-layout-flex\">\n<div class=\"wp-block-column is-layout-flow wp-block-column-is-layout-flow\">\n<h2 class=\"wp-block-heading\" id=\"continuous-delivery\">Entrega continua<\/h2>\n\n\n\n<p>Continuous Delivery (CD) es una pr\u00e1ctica de desarrollo de software en la que los cambios de c\u00f3digo de varios miembros del equipo se preparan autom\u00e1ticamente para su publicaci\u00f3n en el entorno de producci\u00f3n. Practicamos la entrega continua mediante AWS CodePipeline, que le permite crear un flujo de trabajo que crea c\u00f3digo en AWS CodeBuild, ejecuta pruebas automatizadas e implementa c\u00f3digo.<\/p>\n\n\n\n<ul class=\"wp-block-list\"><li>Identificando factores de riesgo<\/li><li>Pruebas de automatizaci\u00f3n<\/li><li>Gesti\u00f3n del cambio<\/li><li>Gesti\u00f3n de la liberaci\u00f3n<\/li><li>Optimizaci\u00f3n del rendimiento<\/li><\/ul>\n<\/div>\n\n\n\n<div class=\"wp-block-column is-layout-flow wp-block-column-is-layout-flow\">\n<h2 class=\"wp-block-heading\">Monitoreo continuo<\/h2>\n\n\n\n<p>El monitoreo de DevOps ayuda a identificar desviaciones de rendimiento, problemas de disponibilidad y problemas de correcci\u00f3n funcional antes de que afecten a los usuarios finales. Nuestras pol\u00edticas de monitoreo clave incluyen vigilar tanto el entorno de preproducci\u00f3n como el de producci\u00f3n junto con las herramientas de monitoreo de aplicaciones (APM) que cubren el monitoreo de la infraestructura, API y Web.<\/p>\n\n\n\n<ul class=\"wp-block-list\"><li>Retroalimentaci\u00f3n continua<\/li><li>Alineando las expectativas del cliente<\/li><li>Monitoreo continuo general<\/li><li>Alcanzar los objetivos comerciales<\/li><li>Monitoreo de funcionalidad<\/li><\/ul>\n<\/div>\n<\/div>\n\n\n\n<h2 class=\"has-text-align-center wp-block-heading\" id=\"monitoring\">Flujo de trabajo de AWS CI<\/h2>\n\n\n\n<p class=\"has-text-align-center\">Combinamos las pr\u00e1cticas de DevOps con los servicios de AWS para crear y entregar productos de manera m\u00e1s r\u00e1pida y confiable.<\/p>\n\n\n\n<div class=\"wp-block-columns is-layout-flex wp-container-core-columns-is-layout-9d6595d7 wp-block-columns-is-layout-flex\">\n<div class=\"wp-block-column is-layout-flow wp-block-column-is-layout-flow\">\n<center><img decoding=\"async\" src=\"https:\/\/gevelopers.com\/wp-content\/uploads\/2021\/05\/img-devops-aws-black.webp\" alt=\"img-devops-aws-black-gevelopers\" ><\/center>\n<\/div>\n<\/div>\n\n\n\n<h2 class=\"has-text-align-center wp-block-heading\">Flujo de trabajo de Azure CI<\/h2>\n\n\n\n<p class=\"has-text-align-center\">Colabore en el desarrollo de software a trav\u00e9s del control de fuentes, el seguimiento del trabajo y la integraci\u00f3n y entrega continuas mediante la implementaci\u00f3n en la nube y en las instalaciones de Azure DevOps Services.<\/p>\n\n\n\n<div class=\"wp-block-columns is-layout-flex wp-container-core-columns-is-layout-9d6595d7 wp-block-columns-is-layout-flex\">\n<div class=\"wp-block-column is-layout-flow wp-block-column-is-layout-flow\">\n<center><img decoding=\"async\" src=\"https:\/\/gevelopers.com\/wp-content\/uploads\/2021\/05\/devops-azure-img-black.webp\" alt=\"devops-azure-img-black-gevelopers\" ><\/center>\n<\/div>\n<\/div>\n\n\n\n<h2 class=\"has-text-align-center wp-block-heading\">IaaS que usamos<\/h2>\n\n\n\n<p class=\"has-text-align-center\">Trabajamos con los principales proveedores de servicios de infraestructura y DevOps.<\/p>\n\n\n\n<div class=\"wp-block-columns is-layout-flex wp-container-core-columns-is-layout-9d6595d7 wp-block-columns-is-layout-flex\">\n<div class=\"wp-block-column is-layout-flow wp-block-column-is-layout-flow\">\n<center><img decoding=\"async\" src=\"https:\/\/gevelopers.com\/wp-content\/uploads\/2021\/05\/infrastructure-service-img1.svg\" alt=\"infraestructura-servicio-img-gevelopers\" ><\/center>\n<\/div>\n<\/div>\n\n\n\n<h2 class=\"has-text-align-center wp-block-heading\">\u00bfPor qu\u00e9 DevOps?<\/h2>\n\n\n\n<div class=\"wp-block-columns is-layout-flex wp-container-core-columns-is-layout-9d6595d7 wp-block-columns-is-layout-flex\">\n<div class=\"wp-block-column is-layout-flow wp-block-column-is-layout-flow\">\n<h3 class=\"wp-block-heading\">Estrategia de lanzamiento eficiente<\/h3>\n\n\n\n<p>Potencie la entrega continua con una orquestaci\u00f3n equilibrada y ramas de desarrollo de tuber\u00edas en el flujo de trabajo de producci\u00f3n.<\/p>\n\n\n\n<h3 class=\"wp-block-heading\">Calidad<\/h3>\n\n\n\n<p>Identifique los errores antes de que los usuarios finales los vean, imponiendo controles de calidad automatizados y reduciendo los defectos en todo el proceso de desarrollo.<\/p>\n<\/div>\n\n\n\n<div class=\"wp-block-column is-layout-flow wp-block-column-is-layout-flow\">\n<h3 class=\"wp-block-heading\">Rendimiento<\/h3>\n\n\n\n<p>Aumento de la productividad mediante la liberaci\u00f3n de funciones cr\u00edticas para el negocio a escala y nuevas funcionalidades m\u00e1s r\u00e1pido que el ciclo tradicional.<\/p>\n\n\n\n<h3 class=\"wp-block-heading\">Estabilidad<\/h3>\n\n\n\n<p>La abstracci\u00f3n de la versi\u00f3n de desarrollo y producci\u00f3n da como resultado un control de versi\u00f3n m\u00e1s estable y disponibilidad de cambios en los casos de reversiones.<\/p>\n<\/div>\n<\/div>\n\n\n\n<div class=\"wp-block-columns is-layout-flex wp-container-core-columns-is-layout-9d6595d7 wp-block-columns-is-layout-flex\">\n<div class=\"wp-block-column is-layout-flow wp-block-column-is-layout-flow\">\n<h2 class=\"has-text-align-center wp-block-heading\">\u00bfPor qu\u00e9 Gevelopers?<\/h2>\n<\/div>\n<\/div>\n\n\n\n<div class=\"wp-block-columns is-layout-flex wp-container-core-columns-is-layout-9d6595d7 wp-block-columns-is-layout-flex\">\n<div class=\"wp-block-column is-layout-flow wp-block-column-is-layout-flow\">\n<img decoding=\"async\" src=\"https:\/\/gevelopers.com\/wp-content\/uploads\/2021\/05\/ic-devops-experience1.svg\" alt=\"devops-experience-gevelopers\" >\n\n\n\n<h3 class=\"wp-block-heading\">a\u00f1os de experiencia<\/h3>\n\n\n\n<p>Contamos con d\u00e9cadas de experiencia en el trato con los principales proveedores de infraestructura, as\u00ed como con los flujos de trabajo de implementaci\u00f3n de aplicaciones para una variedad de proyectos.<\/p>\n<\/div>\n\n\n\n<div class=\"wp-block-column is-layout-flow wp-block-column-is-layout-flow\">\n<img decoding=\"async\" src=\"https:\/\/gevelopers.com\/wp-content\/uploads\/2021\/05\/ic-devops-engeneers1.svg\" alt=\"devops-engeneers-gevelopers\" >\n\n\n\n<h3 class=\"wp-block-heading\">Ingenieros capacitados<\/h3>\n\n\n\n<p>Los miembros de nuestro equipo est\u00e1n equipados con los principios de DevOps y se adhieren a los est\u00e1ndares de flujo de trabajo desde las primeras etapas del ciclo de vida del desarrollo del proyecto.<\/p>\n<\/div>\n\n\n\n<div class=\"wp-block-column is-layout-flow wp-block-column-is-layout-flow\">\n<img decoding=\"async\" src=\"https:\/\/gevelopers.com\/wp-content\/uploads\/2021\/05\/ic-devops-enterprise1.svg\" alt=\"DevOps-Enterprise-gevelopers\" >\n\n\n\n<h3 class=\"wp-block-heading\">Con la confianza de las grandes empresas<\/h3>\n\n\n\n<p>Contamos con una s\u00f3lida experiencia en alinearnos con la infraestructura empresarial, DevOps y otros ciclos de integraci\u00f3n de extrema variedad y casos de uso.<\/p>\n<\/div>\n<\/div>\n\n\n\n<p><\/p>","protected":false},"excerpt":{"rendered":"<p>DevOps Engineers | DevOps Service Providers | Agile DevOps In the modern-day to have continuous and progressive builds for application&#8230;<\/p>","protected":false},"author":1,"featured_media":261,"parent":0,"menu_order":0,"comment_status":"closed","ping_status":"closed","template":"","meta":{"footnotes":""},"class_list":["post-1037","page","type-page","status-publish","has-post-thumbnail","hentry"],"_links":{"self":[{"href":"https:\/\/gevelopers.com\/es\/wp-json\/wp\/v2\/pages\/1037","targetHints":{"allow":["GET"]}}],"collection":[{"href":"https:\/\/gevelopers.com\/es\/wp-json\/wp\/v2\/pages"}],"about":[{"href":"https:\/\/gevelopers.com\/es\/wp-json\/wp\/v2\/types\/page"}],"author":[{"embeddable":true,"href":"https:\/\/gevelopers.com\/es\/wp-json\/wp\/v2\/users\/1"}],"replies":[{"embeddable":true,"href":"https:\/\/gevelopers.com\/es\/wp-json\/wp\/v2\/comments?post=1037"}],"version-history":[{"count":0,"href":"https:\/\/gevelopers.com\/es\/wp-json\/wp\/v2\/pages\/1037\/revisions"}],"wp:featuredmedia":[{"embeddable":true,"href":"https:\/\/gevelopers.com\/es\/wp-json\/wp\/v2\/media\/261"}],"wp:attachment":[{"href":"https:\/\/gevelopers.com\/es\/wp-json\/wp\/v2\/media?parent=1037"}],"curies":[{"name":"wp","href":"https:\/\/api.w.org\/{rel}","templated":true}]}}