{"id":1175,"date":"2021-05-09T14:07:25","date_gmt":"2021-05-09T14:07:25","guid":{"rendered":"https:\/\/gevelopers.com\/?page_id=1175"},"modified":"2021-07-23T06:28:25","modified_gmt":"2021-07-23T06:28:25","slug":"augmented-reality","status":"publish","type":"page","link":"https:\/\/gevelopers.com\/es\/augmented-reality\/","title":{"rendered":"Desarrollo de realidad aumentada"},"content":{"rendered":"<div class=\"wp-block-columns is-layout-flex wp-container-core-columns-is-layout-9d6595d7 wp-block-columns-is-layout-flex\">\n<div class=\"wp-block-column is-layout-flow wp-block-column-is-layout-flow\">\n<h2 class=\"wp-block-heading\">Desarrollo de RA Acelerando el crecimiento empresarial<\/h2>\n\n\n\n<p>Como empresa l\u00edder en desarrollo de aplicaciones de realidad aumentada, creamos experiencias de aplicaciones de realidad aumentada realistas que brindan un toque verdaderamente aumentado a la realidad. Nuestras aplicaciones de RA se ejecutan en una variedad de dispositivos, desde iPhones y tel\u00e9fonos Android hasta HoloLens y gafas inteligentes.<\/p>\n\n\n\n<div class=\"wp-block-buttons is-layout-flex wp-block-buttons-is-layout-flex\">\n<div class=\"wp-block-button\"><a class=\"wp-block-button__link\" href=\"https:\/\/gevelopers.com\/es\/get-started\/\">Hablemos<\/a><\/div>\n<\/div>\n<\/div>\n\n\n\n<div class=\"wp-block-column is-layout-flow wp-block-column-is-layout-flow\">\n<center><img decoding=\"async\" src=\"https:\/\/gevelopers.com\/wp-content\/uploads\/2021\/05\/AR_AppDev_Banner1.webp\" alt=\"AR_AppDev_Banner\" ><\/center>\n<\/div>\n<\/div>\n\n\n\n<div class=\"wp-block-columns is-layout-flex wp-container-core-columns-is-layout-9d6595d7 wp-block-columns-is-layout-flex\">\n<div class=\"wp-block-column is-layout-flow wp-block-column-is-layout-flow\">\n<p class=\"has-text-align-center\">Por qu\u00e9 somos reconocidos como<\/p>\n\n\n\n<h2 class=\"has-text-align-center wp-block-heading\">Mejor empresa de desarrollo de aplicaciones de RA<\/h2>\n<\/div>\n<\/div>\n\n\n\n<div class=\"wp-block-columns is-layout-flex wp-container-core-columns-is-layout-9d6595d7 wp-block-columns-is-layout-flex\">\n<div class=\"wp-block-column is-layout-flow wp-block-column-is-layout-flow\">\n<br><div _ngcontent-c5=\"\" class=\"slide slick-slide slick-current slick-active\" data-slick-index=\"0\" aria-hidden=\"false\" style=\"width: 1110px;\" tabindex=\"-1\" role=\"option\" aria-describedby=\"slick-slide00\"><div _ngcontent-c5=\"\" class=\"row\"><div _ngcontent-c5=\"\" class=\"col-md-6 col-sm-12 flex-sec\"><div _ngcontent-c5=\"\" class=\"img-box\"><!----><picture _ngcontent-c5=\"\"><source _ngcontent-c5=\"\" type=\"image\/webp\" srcset=\"https:\/\/d1i2cp4a5c819e.cloudfront.net\/wp-content\/uploads\/2020\/02\/approch-slide-img-5.svg\"><source _ngcontent-c5=\"\" srcset=\"https:\/\/d1i2cp4a5c819e.cloudfront.net\/wp-content\/uploads\/2020\/02\/approch-slide-img-5.svg\" type=\"image\/svg\"><img _ngcontent-c5=\"\" srcset=\"https:\/\/d1i2cp4a5c819e.cloudfront.net\/wp-content\/uploads\/2020\/02\/approch-slide-img-5.svg\" alt=\"Experiencia en desarrollo de realidad aumentada\"><\/picture><\/div><\/div><div _ngcontent-c5=\"\" class=\"col-md-6 col-sm-12 flex-sec\"><div _ngcontent-c5=\"\" class=\"work-info\"><h3 _ngcontent-c5=\"\">Experiencia en desarrollo de realidad aumentada<\/h3><p _ngcontent-c5=\"\">Brindamos tecnolog\u00edas de AR cautivadoras e inmersivas, ya sea que desee crear una soluci\u00f3n industrial, tiendas virtuales, m\u00f3dulos de capacitaci\u00f3n o exhibiciones de productos. Innovamos constantemente nuestras aplicaciones de RA utilizando modelado 3D, visualizaci\u00f3n, im\u00e1genes 360, identificaci\u00f3n de personajes en tiempo real y mucho m\u00e1s.<\/p><\/div><\/div><\/div><\/div>\n\n\n\n<div class=\"wp-block-columns is-layout-flex wp-container-core-columns-is-layout-9d6595d7 wp-block-columns-is-layout-flex\">\n<div class=\"wp-block-column is-layout-flow wp-block-column-is-layout-flow\">\n<br><div _ngcontent-c5=\"\" class=\"slide slick-slide slick-current slick-active\" data-slick-index=\"1\" aria-hidden=\"false\" style=\"width: 1110px;\" tabindex=\"-1\" role=\"option\" aria-describedby=\"slick-slide01\"><div _ngcontent-c5=\"\" class=\"row\"><div _ngcontent-c5=\"\" class=\"col-md-6 col-sm-12 flex-sec\"><div _ngcontent-c5=\"\" class=\"img-box\"><!----><picture _ngcontent-c5=\"\"><source _ngcontent-c5=\"\" type=\"image\/webp\" srcset=\"https:\/\/d1i2cp4a5c819e.cloudfront.net\/wp-content\/uploads\/2020\/02\/approch-slide-img-2.svg\"><source _ngcontent-c5=\"\" srcset=\"https:\/\/d1i2cp4a5c819e.cloudfront.net\/wp-content\/uploads\/2020\/02\/approch-slide-img-2.svg\" type=\"image\/svg\"><img _ngcontent-c5=\"\" srcset=\"https:\/\/d1i2cp4a5c819e.cloudfront.net\/wp-content\/uploads\/2020\/02\/approch-slide-img-2.svg\" alt=\"Calidad entregada a tiempo\"><\/picture><\/div><\/div><div _ngcontent-c5=\"\" class=\"col-md-6 col-sm-12 flex-sec\"><div _ngcontent-c5=\"\" class=\"work-info\"><h3 _ngcontent-c5=\"\">Calidad entregada a tiempo<\/h3><p _ngcontent-c5=\"\">Realizamos rigurosos controles de calidad en todos los niveles de nuestro proceso. Especialmente durante el desarrollo, implementamos un equipo de control de calidad dedicado en cada proyecto que garantiza un desarrollo de aplicaciones de AR de calidad y sin errores respaldado por una verificaci\u00f3n del sistema de prelanzamiento que mantiene el control sobre su l\u00ednea de tiempo dedicada.<\/p><\/div><\/div><\/div><\/div>\n<\/div>\n<\/div>\n<\/div>\n<\/div>\n\n\n\n<br><div _ngcontent-c5=\"\" class=\"slide slick-slide slick-current slick-active\" data-slick-index=\"2\" aria-hidden=\"false\" style=\"width: 1110px;\" tabindex=\"-1\" role=\"option\" aria-describedby=\"slick-slide02\"><div _ngcontent-c5=\"\" class=\"row\"><div _ngcontent-c5=\"\" class=\"col-md-6 col-sm-12 flex-sec\"><div _ngcontent-c5=\"\" class=\"img-box\"><!----><picture _ngcontent-c5=\"\"><source _ngcontent-c5=\"\" type=\"image\/webp\" srcset=\"https:\/\/d1i2cp4a5c819e.cloudfront.net\/wp-content\/uploads\/2020\/02\/approch-slide-img-1.svg\"><source _ngcontent-c5=\"\" srcset=\"https:\/\/d1i2cp4a5c819e.cloudfront.net\/wp-content\/uploads\/2020\/02\/approch-slide-img-1.svg\" type=\"image\/svg\"><img _ngcontent-c5=\"\" srcset=\"https:\/\/d1i2cp4a5c819e.cloudfront.net\/wp-content\/uploads\/2020\/02\/approch-slide-img-1.svg\" alt=\"Soluciones pr\u00e1cticas de desarrollo de realidad aumentada\"><\/picture><\/div><\/div><div _ngcontent-c5=\"\" class=\"col-md-6 col-sm-12 flex-sec\"><div _ngcontent-c5=\"\" class=\"work-info\"><h3 _ngcontent-c5=\"\">Soluciones pr\u00e1cticas de desarrollo de realidad aumentada<\/h3><p _ngcontent-c5=\"\">Lo ayudamos a escalar su idea de manera que pueda lograr sus objetivos un hito a la vez. En lugar de grandes inversiones en un plan sin direcci\u00f3n, nuestra estrategia centrada en el presupuesto para cualquier idea, ya sea que se trate de una startup, una empresa o una empresa, lo lleva paso a paso.<\/p><\/div><\/div><\/div><\/div>\n\n\n\n<br><div _ngcontent-c5=\"\" class=\"slide slick-slide slick-current slick-active\" data-slick-index=\"3\" aria-hidden=\"false\" style=\"width: 1110px;\" tabindex=\"-1\" role=\"option\" aria-describedby=\"slick-slide03\"><div _ngcontent-c5=\"\" class=\"row\"><div _ngcontent-c5=\"\" class=\"col-md-6 col-sm-12 flex-sec\"><div _ngcontent-c5=\"\" class=\"img-box\"><!----><picture _ngcontent-c5=\"\"><source _ngcontent-c5=\"\" type=\"image\/webp\" srcset=\"https:\/\/d1i2cp4a5c819e.cloudfront.net\/wp-content\/uploads\/2020\/02\/approch-slide-img-4.svg\"><source _ngcontent-c5=\"\" srcset=\"https:\/\/d1i2cp4a5c819e.cloudfront.net\/wp-content\/uploads\/2020\/02\/approch-slide-img-4.svg\" type=\"image\/svg\"><img _ngcontent-c5=\"\" srcset=\"https:\/\/d1i2cp4a5c819e.cloudfront.net\/wp-content\/uploads\/2020\/02\/approch-slide-img-4.svg\" alt=\"Desarrollador AR altamente calificado\"><\/picture><\/div><\/div><div _ngcontent-c5=\"\" class=\"col-md-6 col-sm-12 flex-sec\"><div _ngcontent-c5=\"\" class=\"work-info\"><h3 _ngcontent-c5=\"\">Desarrollador AR altamente calificado<\/h3><p _ngcontent-c5=\"\">Nuestro equipo est\u00e1 bien versado en todas las actualizaciones y tendencias necesarias en tecnolog\u00edas de RA. Sus mentes creativas trabajan constantemente para garantizar soluciones de primer nivel con los \u00faltimos dispositivos de prueba de software y el desarrollo de calidad de las aplicaciones de RA.<\/p><\/div><\/div><\/div><\/div>\n\n\n\n<div class=\"wp-block-columns is-layout-flex wp-container-core-columns-is-layout-9d6595d7 wp-block-columns-is-layout-flex\">\n<div class=\"wp-block-column is-layout-flow wp-block-column-is-layout-flow\">\n<p class=\"has-text-align-center\"><strong>\u00bfQu\u00e9 hacemos?<\/strong><\/p>\n\n\n\n<h2 class=\"has-text-align-center wp-block-heading\">Nuestros servicios expertos de desarrollo de aplicaciones de RA<\/h2>\n\n\n\n<div class=\"wp-block-columns is-layout-flex wp-container-core-columns-is-layout-9d6595d7 wp-block-columns-is-layout-flex\">\n<div class=\"wp-block-column is-layout-flow wp-block-column-is-layout-flow\">\n<h4 class=\"wp-block-heading\">Desarrollo AR personalizado<\/h4>\n\n\n\n<p>Creaci\u00f3n de aplicaciones de AR de alto impacto utilizando diferentes marcos como el kit de AR de Apple, el n\u00facleo de AR de Google, Vuforia y wiki tude.<\/p>\n<\/div>\n\n\n\n<div class=\"wp-block-column is-layout-flow wp-block-column-is-layout-flow\">\n<h4 class=\"wp-block-heading\">Soluciones de aplicaciones AR espec\u00edficas de la industria<\/h4>\n\n\n\n<p>Creaci\u00f3n de soluciones de RA en navegaci\u00f3n, publicidad, comercio minorista, fabricaci\u00f3n y muchas m\u00e1s.<\/p>\n<\/div>\n\n\n\n<div class=\"wp-block-column is-layout-flow wp-block-column-is-layout-flow\">\n<h4 class=\"wp-block-heading\">Desarrollo AR basado en proyecci\u00f3n<\/h4>\n\n\n\n<p>Proyecci\u00f3n digital de im\u00e1genes, videos, objetos 2d y 3d sobre el mundo f\u00edsico.<\/p>\n<\/div>\n<\/div>\n<\/div>\n<\/div>\n\n\n\n<div class=\"wp-block-columns is-layout-flex wp-container-core-columns-is-layout-9d6595d7 wp-block-columns-is-layout-flex\">\n<div class=\"wp-block-column is-layout-flow wp-block-column-is-layout-flow\">\n<h4 class=\"wp-block-heading\">Desarrollador AR basado en la ubicaci\u00f3n<\/h4>\n\n\n\n<p>Habilitaci\u00f3n de experiencias de RA basadas en geolocalizaci\u00f3n ancladas en ubicaciones y navegaciones en tiempo real.<\/p>\n<\/div>\n\n\n\n<div class=\"wp-block-column is-layout-flow wp-block-column-is-layout-flow\">\n<h4 class=\"wp-block-heading\">RA basada en reconocimiento<\/h4>\n\n\n\n<p>Habilitaci\u00f3n de experiencias aumentadas de 360 grados en tiempo real a trav\u00e9s de la tecnolog\u00eda de aprendizaje autom\u00e1tico.<\/p>\n<\/div>\n\n\n\n<div class=\"wp-block-column is-layout-flow wp-block-column-is-layout-flow\">\n<h4 class=\"wp-block-heading\">Soporte y mantenimiento para aplicaciones de realidad aumentada<\/h4>\n\n\n\n<p>Consultor\u00eda de aplicaciones AR \u00fatil basada en sus requisitos comerciales personalizados.<\/p>\n<\/div>\n<\/div>\n\n\n\n<div class=\"wp-block-columns is-layout-flex wp-container-core-columns-is-layout-9d6595d7 wp-block-columns-is-layout-flex\">\n<div class=\"wp-block-column is-layout-flow wp-block-column-is-layout-flow\">\n<p class=\"has-text-align-center\">SERVICIOS DE GEVELOPERS<\/p>\n\n\n\n<h2 class=\"has-text-align-center wp-block-heading\">Mirando un espectro m\u00e1s amplio<\/h2>\n\n\n\n<div class=\"wp-block-columns is-layout-flex wp-container-core-columns-is-layout-9d6595d7 wp-block-columns-is-layout-flex\">\n<div class=\"wp-block-column is-layout-flow wp-block-column-is-layout-flow\">\n<figure class=\"wp-block-image size-large\"><img loading=\"lazy\" decoding=\"async\" width=\"300\" height=\"231\" src=\"https:\/\/gevelopers.com\/wp-content\/uploads\/2021\/05\/services-landing-img-11.svg\" alt=\"\" class=\"wp-image-1192\"\/><\/figure>\n\n\n\n<h4 class=\"has-text-align-center wp-block-heading\">Desarrollo de aplicaciones m\u00f3viles<\/h4>\n\n\n\n<p class=\"has-text-align-center\">Desarrollo de aplicaciones iOS y Android para tel\u00e9fonos inteligentes y tabletas con gran atenci\u00f3n al dise\u00f1o.<\/p>\n<\/div>\n\n\n\n<div class=\"wp-block-column is-layout-flow wp-block-column-is-layout-flow\">\n<figure class=\"wp-block-image size-large\"><img loading=\"lazy\" decoding=\"async\" width=\"300\" height=\"213\" src=\"https:\/\/gevelopers.com\/wp-content\/uploads\/2021\/05\/services-landing-img-21.svg\" alt=\"\" class=\"wp-image-1193\"\/><\/figure>\n\n\n\n<h4 class=\"has-text-align-center wp-block-heading\">Desarrollo web personalizado<\/h4>\n\n\n\n<p class=\"has-text-align-center\">Desarrollar sitios web receptivos con control y escalabilidad completos del contenido.<\/p>\n<\/div>\n\n\n\n<div class=\"wp-block-column is-layout-flow wp-block-column-is-layout-flow\">\n<figure class=\"wp-block-image size-large\"><img loading=\"lazy\" decoding=\"async\" width=\"262\" height=\"232\" src=\"https:\/\/gevelopers.com\/wp-content\/uploads\/2021\/05\/services-landing-img-31.svg\" alt=\"\" class=\"wp-image-1194\"\/><\/figure>\n\n\n\n<h4 class=\"has-text-align-center wp-block-heading\">Desarrollo de juegos m\u00f3viles<\/h4>\n\n\n\n<p class=\"has-text-align-center\">Desarrollar juegos atractivos en 2D y 3D en plataformas iOS y Android que generen ingresos.<\/p>\n<\/div>\n<\/div>\n<\/div>\n<\/div>\n\n\n\n<div class=\"wp-block-columns is-layout-flex wp-container-core-columns-is-layout-9d6595d7 wp-block-columns-is-layout-flex\">\n<div class=\"wp-block-column is-layout-flow wp-block-column-is-layout-flow\">\n<figure class=\"wp-block-image size-large\"><img loading=\"lazy\" decoding=\"async\" width=\"300\" height=\"219\" src=\"https:\/\/gevelopers.com\/wp-content\/uploads\/2021\/05\/services-landing-img-41.svg\" alt=\"\" class=\"wp-image-1198\"\/><\/figure>\n\n\n\n<h4 class=\"has-text-align-center wp-block-heading\">Servicios de marketing digital<\/h4>\n\n\n\n<p class=\"has-text-align-center\">Pila completa de marketing en l\u00ednea con enfoque en contenido, creatividad, redes sociales y digital.<\/p>\n<\/div>\n\n\n\n<div class=\"wp-block-column is-layout-flow wp-block-column-is-layout-flow\">\n<figure class=\"wp-block-image size-large\"><img loading=\"lazy\" decoding=\"async\" width=\"320\" height=\"148\" src=\"https:\/\/gevelopers.com\/wp-content\/uploads\/2021\/05\/services-landing-img-51.svg\" alt=\"\" class=\"wp-image-1200\"\/><\/figure>\n\n\n\n<h4 class=\"has-text-align-center wp-block-heading\">Dise\u00f1o de UI \/ Servicios creativos<\/h4>\n\n\n\n<p class=\"has-text-align-center\">Dise\u00f1ar impresionantes interfaces de usuario y dise\u00f1os que brinden una identidad y una experiencia \u00fanicas.<\/p>\n<\/div>\n\n\n\n<div class=\"wp-block-column is-layout-flow wp-block-column-is-layout-flow\">\n<figure class=\"wp-block-image size-large\"><img loading=\"lazy\" decoding=\"async\" width=\"300\" height=\"220\" src=\"https:\/\/gevelopers.com\/wp-content\/uploads\/2021\/05\/services-landing-img-61.svg\" alt=\"\" class=\"wp-image-1201\"\/><\/figure>\n\n\n\n<h4 class=\"has-text-align-center wp-block-heading\">Gesti\u00f3n de la infraestructura en la nube<\/h4>\n\n\n\n<p class=\"has-text-align-center\">Arquitectos de nube certificados por AWS que pueden configurar y administrar toda la infraestructura de nube.<\/p>\n<\/div>\n<\/div>\n\n\n\n<div class=\"wp-block-columns is-layout-flex wp-container-core-columns-is-layout-9d6595d7 wp-block-columns-is-layout-flex\">\n<div class=\"wp-block-column is-layout-flow wp-block-column-is-layout-flow\">\n<h3 class=\"has-text-align-center wp-block-heading\">Soluciones empresariales<\/h3>\n\n\n\n<p class=\"has-text-align-center\">Mejorar la experiencia empresarial mediante el desarrollo de soluciones innovadoras e impactantes para web, m\u00f3vil e Internet con una rica experiencia de usuario.<\/p>\n\n\n\n<figure class=\"wp-block-image size-large\"><img decoding=\"async\" src=\"https:\/\/gevelopers.com\/wp-content\/uploads\/2021\/05\/enterprice-solution1.webp\" alt=\"\" class=\"wp-image-1204\"\/><\/figure>\n\n\n\n<div class=\"wp-block-columns is-layout-flex wp-container-core-columns-is-layout-9d6595d7 wp-block-columns-is-layout-flex\">\n<div class=\"wp-block-column is-layout-flow wp-block-column-is-layout-flow\">\n<p>Estrategia m\u00f3vil<br>Movilidad empresarial<br>Sistema ERP<\/p>\n<\/div>\n\n\n\n<div class=\"wp-block-column is-layout-flow wp-block-column-is-layout-flow\">\n<p>Gesti\u00f3n de contenido<br>Consultor\u00eda t\u00e9cnica<br>Plataformas de aplicaciones m\u00f3viles<\/p>\n<\/div>\n<\/div>\n<\/div>\n\n\n\n<div class=\"wp-block-column is-layout-flow wp-block-column-is-layout-flow\">\n<h3 class=\"has-text-align-center wp-block-heading\">Soluciones de inicio<\/h3>\n\n\n\n<p class=\"has-text-align-center\">Ayudamos a empresas emergentes de todos los tama\u00f1os, independientemente de sus etapas, a nutrir, desarrollar y hacer crecer sus incre\u00edbles ideas en dispositivos m\u00f3viles y web.<\/p>\n\n\n\n<figure class=\"wp-block-image size-large\"><img decoding=\"async\" src=\"https:\/\/gevelopers.com\/wp-content\/uploads\/2021\/05\/startup-solution1.webp\" alt=\"\" class=\"wp-image-1207\"\/><\/figure>\n\n\n\n<div class=\"wp-block-columns is-layout-flex wp-container-core-columns-is-layout-9d6595d7 wp-block-columns-is-layout-flex\">\n<div class=\"wp-block-column is-layout-flow wp-block-column-is-layout-flow\">\n<p>Idea a prototipo<br>Lanzamiento de MVP<br>Servicio de desarrollo<\/p>\n<\/div>\n\n\n\n<div class=\"wp-block-column is-layout-flow wp-block-column-is-layout-flow\">\n<p>Crear m\u00e1quina de lanzamiento<br>Soporte y mantenimiento<br>Asociaciones de equidad<\/p>\n<\/div>\n<\/div>\n<\/div>\n<\/div>","protected":false},"excerpt":{"rendered":"<p>AR Development Accelerating Business Growth As a leading augmented reality app development company, we build lifelike AR app experiences that&#8230;<\/p>","protected":false},"author":1,"featured_media":0,"parent":0,"menu_order":0,"comment_status":"closed","ping_status":"closed","template":"","meta":{"footnotes":""},"class_list":["post-1175","page","type-page","status-publish","hentry"],"_links":{"self":[{"href":"https:\/\/gevelopers.com\/es\/wp-json\/wp\/v2\/pages\/1175","targetHints":{"allow":["GET"]}}],"collection":[{"href":"https:\/\/gevelopers.com\/es\/wp-json\/wp\/v2\/pages"}],"about":[{"href":"https:\/\/gevelopers.com\/es\/wp-json\/wp\/v2\/types\/page"}],"author":[{"embeddable":true,"href":"https:\/\/gevelopers.com\/es\/wp-json\/wp\/v2\/users\/1"}],"replies":[{"embeddable":true,"href":"https:\/\/gevelopers.com\/es\/wp-json\/wp\/v2\/comments?post=1175"}],"version-history":[{"count":0,"href":"https:\/\/gevelopers.com\/es\/wp-json\/wp\/v2\/pages\/1175\/revisions"}],"wp:attachment":[{"href":"https:\/\/gevelopers.com\/es\/wp-json\/wp\/v2\/media?parent=1175"}],"curies":[{"name":"wp","href":"https:\/\/api.w.org\/{rel}","templated":true}]}}