{"id":1257,"date":"2021-05-11T15:09:06","date_gmt":"2021-05-11T15:09:06","guid":{"rendered":"https:\/\/gevelopers.com\/?page_id=1257"},"modified":"2021-07-24T19:15:26","modified_gmt":"2021-07-24T19:15:26","slug":"methodology","status":"publish","type":"page","link":"https:\/\/gevelopers.com\/es\/methodology\/","title":{"rendered":"Work Methodology for Building Software Solutions"},"content":{"rendered":"<p class=\"has-text-align-center\">Standing tall since 2015, we have learned not only from success, but from failures too. It helped us to understand what you (as a client) really need. Is it just a software product that you require? No, you need much more than that. Handful information and clarity about the company before you engage.<\/p>\n\n\n\n<div style=\"height:50px\" aria-hidden=\"true\" class=\"wp-block-spacer\"><\/div>\n\n\n\n<h2 class=\"has-text-align-center wp-block-heading\">Our Work Methodology<\/h2>\n\n\n\n<div class=\"wp-block-columns is-layout-flex wp-container-core-columns-is-layout-9d6595d7 wp-block-columns-is-layout-flex\">\n<div class=\"wp-block-column is-layout-flow wp-block-column-is-layout-flow\">\n<img decoding=\"async\" src=\"https:\/\/gevelopers.com\/wp-content\/uploads\/2021\/05\/feather-pen.svg\" alt=\"Discovery-Workshop-Gevelopers\" style=\"width:50px;height:50px;\">\n\n\n\n<h3 class=\"wp-block-heading\">Taller de descubrimiento<\/h3>\n\n\n\n<p>Transforming idea into a measurable scope with functional UI\/UX Design.<\/p>\n\n\n\n<div class=\"wp-block-buttons is-layout-flex wp-block-buttons-is-layout-flex\">\n<div class=\"wp-block-button\"><a class=\"wp-block-button__link\" href=\"https:\/\/gevelopers.com\/es\/discovery-process\/\">Aprende m\u00e1s<\/a><\/div>\n<\/div>\n<\/div>\n\n\n\n<div class=\"wp-block-column is-layout-flow wp-block-column-is-layout-flow\">\n<img decoding=\"async\" src=\"https:\/\/gevelopers.com\/wp-content\/uploads\/2021\/05\/technical-support.svg\" alt=\"Project-Execution-Gevlopers\" style=\"width:50px;height:50px;\">\n\n\n\n<h3 class=\"wp-block-heading\">Ejecuci\u00f3n del proyecto<\/h3>\n\n\n\n<p>Get to know how we balance the critical triangle of Cost, Time and Scope.<\/p>\n\n\n\n<div class=\"wp-block-buttons is-layout-flex wp-block-buttons-is-layout-flex\">\n<div class=\"wp-block-button\"><a class=\"wp-block-button__link\" href=\"https:\/\/gevelopers.com\/es\/project-execution\/\">Aprende m\u00e1s<\/a><\/div>\n<\/div>\n<\/div>\n<\/div>\n\n\n\n<div class=\"wp-block-columns is-layout-flex wp-container-core-columns-is-layout-9d6595d7 wp-block-columns-is-layout-flex\">\n<div class=\"wp-block-column is-layout-flow wp-block-column-is-layout-flow\">\n<img decoding=\"async\" src=\"https:\/\/gevelopers.com\/wp-content\/uploads\/2021\/05\/support.svg\" alt=\"Remote-Team-Gevelopers\" style=\"width:50px;height:50px;\">\n\n\n\n<h3 class=\"wp-block-heading\">Equipo Remoto<\/h3>\n\n\n\n<p>From an expert team who works remotely, under your supervision.<\/p>\n\n\n\n<div class=\"wp-block-buttons is-layout-flex wp-block-buttons-is-layout-flex\">\n<div class=\"wp-block-button\"><a class=\"wp-block-button__link\" href=\"https:\/\/gevelopers.com\/es\/dedicated-teams\/\">Aprende m\u00e1s<\/a><\/div>\n<\/div>\n<\/div>\n\n\n\n<div class=\"wp-block-column is-layout-flow wp-block-column-is-layout-flow\">\n<img decoding=\"async\" src=\"https:\/\/gevelopers.com\/wp-content\/uploads\/2021\/05\/rating.svg\" alt=\"Project-Review-Gevelopers\" style=\"width:50px;height:50px;\">\n\n\n\n<h3 class=\"wp-block-heading\">Revision del proyecto<\/h3>\n\n\n\n<p>Get to know how we balance the critical triangle of Cost, Time and Scope.<\/p>\n\n\n\n<div class=\"wp-block-buttons is-layout-flex wp-block-buttons-is-layout-flex\">\n<div class=\"wp-block-button\"><a class=\"wp-block-button__link\" href=\"https:\/\/gevelopers.com\/es\/project-review\/\">Aprende m\u00e1s<\/a><\/div>\n<\/div>\n<\/div>\n<\/div>\n\n\n\n<div class=\"wp-block-columns is-layout-flex wp-container-core-columns-is-layout-9d6595d7 wp-block-columns-is-layout-flex\">\n<div class=\"wp-block-column is-layout-flow wp-block-column-is-layout-flow\">\n<h2 class=\"has-text-align-center wp-block-heading\">Why is it important to You and Us?<\/h2>\n\n\n\n<p class=\"has-text-align-center\">Gevelopers\u2019 working mantra has always been cemented around client satisfaction and quality. Over two decades of experience and stability as a trusted software development company has taught us many things about the customer\u2019s initial needs. In most cases, the most common question is what will happen and how, right?<\/p>\n\n\n\n<p class=\"has-text-align-center\">The information hereby will help you to understand what is essential for your business idea, how do we work, and how to save time by coming up with the required information beforehand. Please remember that we care about your business idea as much as you do!<\/p>\n<\/div>\n<\/div>\n\n\n\n<div class=\"wp-block-columns is-layout-flex wp-container-core-columns-is-layout-9d6595d7 wp-block-columns-is-layout-flex\">\n<div class=\"wp-block-column is-layout-flow wp-block-column-is-layout-flow\">\n<center><img decoding=\"async\" src=\"https:\/\/gevelopers.com\/wp-content\/uploads\/2021\/04\/ic-technology-flutter1x1.svg\" alt=\"technology-flutter\" style=\" width:50px;height:50px\" ><\/center>\n<\/div>\n\n\n\n<div class=\"wp-block-column is-layout-flow wp-block-column-is-layout-flow\">\n<center><img decoding=\"async\" src=\"https:\/\/gevelopers.com\/wp-content\/uploads\/2021\/04\/ic-technology-phone-gap1.svg\" alt=\"technology-phone-gap-gevelopers\" style=\"width:50px;height:50px\"><\/center>\n<\/div>\n\n\n\n<div class=\"wp-block-column is-layout-flow wp-block-column-is-layout-flow\">\n<center><img decoding=\"async\" src=\"https:\/\/gevelopers.com\/wp-content\/uploads\/2021\/04\/ic-technology-react-native1x1.svg\" alt=\"react-native-gevelopers\" style=\"width:50px;height:50px\"><\/center>\n<\/div>\n\n\n\n<div class=\"wp-block-column is-layout-flow wp-block-column-is-layout-flow\">\n<center><img decoding=\"async\" src=\"https:\/\/gevelopers.com\/wp-content\/uploads\/2021\/04\/ic-technology-titanium1x1.svg\" alt=\"tecnolog\u00eda-titanio-gevelopers\" style=\"width:50px;height:50px\"  ><\/center>\n<\/div>\n\n\n\n<div class=\"wp-block-column is-layout-flow wp-block-column-is-layout-flow\">\n<center><img decoding=\"async\" src=\"https:\/\/gevelopers.com\/wp-content\/uploads\/2021\/04\/ic-technology-xamarin1.svg\" alt=\"tecnologia-xamarin-gevelopers\" style=\"width:50px;height:50px\" ><\/center>\n<\/div>\n<\/div>\n\n\n\n<div class=\"wp-block-columns is-layout-flex wp-container-core-columns-is-layout-9d6595d7 wp-block-columns-is-layout-flex\">\n<div class=\"wp-block-column is-layout-flow wp-block-column-is-layout-flow\">\n<center><img decoding=\"async\" src=\"https:\/\/gevelopers.com\/wp-content\/uploads\/2021\/04\/mobile-app-development-cross-platform-img1.webp\" alt=\"mobile-app-development-cross-platform-gevelopers\" ><\/center>\n<\/div>\n<\/div>\n\n\n\n<div class=\"wp-block-columns is-layout-flex wp-container-core-columns-is-layout-9d6595d7 wp-block-columns-is-layout-flex\">\n<div class=\"wp-block-column is-layout-flow wp-block-column-is-layout-flow\">\n<img decoding=\"async\" src=\"https:\/\/gevelopers.com\/wp-content\/uploads\/2021\/05\/ic-mobile-app-development-enterprise1.svg\" alt=\"desarrollo-de-aplicaciones-m\u00f3viles-empresariales-gevelopers\" style=\"width:50px;height:50px;\">\n\n\n\n<h3 class=\"wp-block-heading\">Empresa<\/h3>\n\n\n\n<p>Nuestra consultor\u00eda colaborativa sobre estrategia m\u00f3vil sirve como catalizador para optimizar los marcos y procesos de TI con la hoja de ruta m\u00f3vil que est\u00e1 alineada con los escenarios, las pol\u00edticas y los sistemas actuales de la empresa.<\/p>\n<\/div>\n\n\n\n<div class=\"wp-block-column is-layout-flow wp-block-column-is-layout-flow\">\n<img decoding=\"async\" src=\"https:\/\/gevelopers.com\/wp-content\/uploads\/2021\/05\/ic-business1.svg\" alt=\"desarrolladores de negocios\" style=\"width:50px;height:50px;\">\n\n\n\n<h3 class=\"wp-block-heading\">Negocio<\/h3>\n\n\n\n<p>Mapeamos las necesidades y los casos de uso de las empresas para permitirles responder r\u00e1pidamente a los cambios. Ayudamos a su organizaci\u00f3n a movilizar la comunicaci\u00f3n entre departamentos, los flujos de trabajo y la disponibilidad de informaci\u00f3n instant\u00e1nea.<\/p>\n<\/div>\n\n\n\n<div class=\"wp-block-column is-layout-flow wp-block-column-is-layout-flow\">\n<img decoding=\"async\" src=\"https:\/\/gevelopers.com\/wp-content\/uploads\/2021\/05\/ic-consumers1.svg\" alt=\"consumidores-gevelopers\" style=\"width:50px;height:50px;\">\n\n\n\n<h3 class=\"wp-block-heading\">Consumidores<\/h3>\n\n\n\n<p>Nuestros expertos en dispositivos m\u00f3viles ayudan a las marcas, empresas y organizaciones comunitarias a crear soluciones de aplicaciones m\u00f3viles escalables que est\u00e1n destinadas a ser utilizadas a diario por los consumidores globales, varias veces al d\u00eda.<\/p>\n<\/div>\n<\/div>","protected":false},"excerpt":{"rendered":"<p>Standing tall since 2015, we have learned not only from success, but from failures too. It helped us to understand&#8230;<\/p>","protected":false},"author":1,"featured_media":0,"parent":0,"menu_order":0,"comment_status":"closed","ping_status":"closed","template":"","meta":{"footnotes":""},"class_list":["post-1257","page","type-page","status-publish","hentry"],"_links":{"self":[{"href":"https:\/\/gevelopers.com\/es\/wp-json\/wp\/v2\/pages\/1257","targetHints":{"allow":["GET"]}}],"collection":[{"href":"https:\/\/gevelopers.com\/es\/wp-json\/wp\/v2\/pages"}],"about":[{"href":"https:\/\/gevelopers.com\/es\/wp-json\/wp\/v2\/types\/page"}],"author":[{"embeddable":true,"href":"https:\/\/gevelopers.com\/es\/wp-json\/wp\/v2\/users\/1"}],"replies":[{"embeddable":true,"href":"https:\/\/gevelopers.com\/es\/wp-json\/wp\/v2\/comments?post=1257"}],"version-history":[{"count":0,"href":"https:\/\/gevelopers.com\/es\/wp-json\/wp\/v2\/pages\/1257\/revisions"}],"wp:attachment":[{"href":"https:\/\/gevelopers.com\/es\/wp-json\/wp\/v2\/media?parent=1257"}],"curies":[{"name":"wp","href":"https:\/\/api.w.org\/{rel}","templated":true}]}}