{"id":1284,"date":"2021-05-11T17:42:30","date_gmt":"2021-05-11T17:42:30","guid":{"rendered":"https:\/\/gevelopers.com\/?page_id=1284"},"modified":"2021-07-23T13:55:30","modified_gmt":"2021-07-23T13:55:30","slug":"project-execution","status":"publish","type":"page","link":"https:\/\/gevelopers.com\/es\/project-execution\/","title":{"rendered":"Project Execution Process"},"content":{"rendered":"<div class=\"wp-block-columns is-layout-flex wp-container-core-columns-is-layout-9d6595d7 wp-block-columns-is-layout-flex\">\n<div class=\"wp-block-column is-layout-flow wp-block-column-is-layout-flow\">\n<p>Our project execution strategy accounts for all types of projects, whether you\u2019re starting small, growing systematically or already entrepreneurial. Our approach towards each project is categorized and well balanced to every client&#8217;s requirement.<\/p>\n<\/div>\n\n\n\n<div class=\"wp-block-column is-layout-flow wp-block-column-is-layout-flow\">\n<img decoding=\"async\" src=\"https:\/\/gevelopers.com\/wp-content\/uploads\/2021\/05\/methodology-top-banner1.webp\" alt=\"methodology-top-banner-gevelopers\">\n<\/div>\n<\/div>\n\n\n\n<div class=\"wp-block-columns is-layout-flex wp-container-core-columns-is-layout-9d6595d7 wp-block-columns-is-layout-flex\">\n<div class=\"wp-block-column is-layout-flow wp-block-column-is-layout-flow\">\n<div style=\"height:50px\" aria-hidden=\"true\" class=\"wp-block-spacer\"><\/div>\n<\/div>\n<\/div>\n\n\n\n<div class=\"wp-block-columns is-layout-flex wp-container-core-columns-is-layout-9d6595d7 wp-block-columns-is-layout-flex\">\n<div class=\"wp-block-column is-layout-flow wp-block-column-is-layout-flow\">\n<p class=\"has-text-align-center\">Working<\/p>\n\n\n\n<h2 class=\"has-text-align-center wp-block-heading\">Methodologies<\/h2>\n<\/div>\n<\/div>\n\n\n\n<div class=\"wp-block-columns is-layout-flex wp-container-core-columns-is-layout-9d6595d7 wp-block-columns-is-layout-flex\">\n<div class=\"wp-block-column is-layout-flow wp-block-column-is-layout-flow\">\n<center><img decoding=\"async\" src=\"https:\/\/gevelopers.com\/wp-content\/uploads\/2021\/05\/impossible-triangle.svg\" alt=\"impossible-triangle-gevelopers\" style=\"witdh:75px;height:75px\"><\/center>\n\n\n\n<h3 class=\"has-text-align-center wp-block-heading\">Waterfall Method<\/h3>\n\n\n\n<p class=\"has-text-align-center\"><strong>For Constrained Budget<\/strong><\/p>\n\n\n\n<p class=\"has-text-align-center\">Very clear scope and stable set of requirements that isn&#8217;t likely to change throughout the project<\/p>\n<\/div>\n\n\n\n<div class=\"wp-block-column is-layout-flow wp-block-column-is-layout-flow\">\n<center><img decoding=\"async\" src=\"https:\/\/gevelopers.com\/wp-content\/uploads\/2021\/05\/rec.svg\" alt=\"business-graphic-with-semicircles-gevelopers\" style=\"witdh:75px;height:75px\"><\/center>\n\n\n\n<h3 class=\"has-text-align-center wp-block-heading\">Agile Scrum<\/h3>\n\n\n\n<p class=\"has-text-align-center\"><strong>For Evolving Scope\/Hired Team<\/strong><\/p>\n\n\n\n<p class=\"has-text-align-center\">The scope is defined very briefly and the requirements are very likely to change throughout the project<\/p>\n<\/div>\n<\/div>\n\n\n\n<div style=\"height:50px\" aria-hidden=\"true\" class=\"wp-block-spacer\"><\/div>\n\n\n\n<h2 class=\"has-text-align-center wp-block-heading\">How to Engage?<\/h2>\n\n\n\n<p class=\"has-text-align-center\">Every project is unique \u2013 and hence requires a dedicated and special treatment. Besides the critical triangle of cost, time and scope, the working model between the \u2018client\u2019 and the \u2018agency\u2019 also plays a crucial role in balancing the former.<\/p>\n\n\n\n<p class=\"has-text-align-center\">That\u2019s why we have clear and robust project execution models which are very flexible and client-centric at their core. But before embarking on any project, whether it\u2019s a simple website or a more complex software development, it is important we help you employ the \u2018correct\u2019 project execution model.<\/p>\n\n\n\n<p class=\"has-text-align-center\">\u201cA project might be completed without the use of a project execution process, but most times, the absence of one leads to the failure of it\u201d.<\/p>\n\n\n\n<div style=\"height:50px\" aria-hidden=\"true\" class=\"wp-block-spacer\"><\/div>\n\n\n\n<div class=\"wp-block-columns is-layout-flex wp-container-core-columns-is-layout-9d6595d7 wp-block-columns-is-layout-flex\">\n<div class=\"wp-block-column is-layout-flow wp-block-column-is-layout-flow\">\n<center><img decoding=\"async\" src=\"https:\/\/gevelopers.com\/wp-content\/uploads\/2021\/05\/stopclock.svg\" alt=\"time-gevelopers\" style=\"witdh:50px;height:50px\"><br><p><b>TIME<\/b><\/p><\/center>\n<\/div>\n\n\n\n<div class=\"wp-block-column is-layout-flow wp-block-column-is-layout-flow\">\n<center><img decoding=\"async\" src=\"https:\/\/gevelopers.com\/wp-content\/uploads\/2021\/05\/calculator.svg\" alt=\"cost-gevelopers\" style=\"witdh:50px;height:50px\"><br><p><b>COST<\/b><\/p><\/center>\n<\/div>\n\n\n\n<div class=\"wp-block-column is-layout-flow wp-block-column-is-layout-flow\">\n<center><img decoding=\"async\" src=\"https:\/\/gevelopers.com\/wp-content\/uploads\/2021\/05\/scope.svg\" alt=\"scope-gevelopers\" style=\"witdh:50px;height:50px\"><br><p><b>SCOPE<\/b><\/p><\/center>\n<\/div>\n<\/div>\n\n\n\n<div style=\"height:50px\" aria-hidden=\"true\" class=\"wp-block-spacer\"><\/div>\n\n\n\n<h2 class=\"has-text-align-center wp-block-heading\">Waterfall or Agile? The right process for you!<\/h2>\n\n\n\n<p class=\"has-text-align-center\">Out of the numerous project management methodologies available, we make use of the two rather popular methodologies. The Waterfall Methodology, and The Agile Methodology. Each of these methodologies has the specific type of projects they are best used with. Identifying just the right strategy and execution model based on project characteristics is a crucial decision that our team of experts helps you make.<\/p>\n\n\n\n<div style=\"height:50px\" aria-hidden=\"true\" class=\"wp-block-spacer\"><\/div>\n\n\n\n<h5 class=\"has-text-align-center wp-block-heading\">Flexible at the core. Organized to stay in sync<\/h5>\n\n\n\n<h2 class=\"has-text-align-center wp-block-heading\">Engaging with Waterfall Method<\/h2>\n\n\n\n<div class=\"wp-block-columns is-layout-flex wp-container-core-columns-is-layout-9d6595d7 wp-block-columns-is-layout-flex\">\n<div class=\"wp-block-column is-layout-flow wp-block-column-is-layout-flow\">\n<h3 class=\"has-text-align-center wp-block-heading\">Discover<\/h3>\n\n\n\n<p class=\"has-text-align-center\">Brainstorming<br>Hypothesis<br>Conceptualization<br>Assumptions<br>Constraints<\/p>\n<\/div>\n\n\n\n<div class=\"wp-block-column is-layout-flow wp-block-column-is-layout-flow\">\n<h3 class=\"has-text-align-center wp-block-heading\">Define<\/h3>\n\n\n\n<p class=\"has-text-align-center\">Req. Definition<br>SRS Document<br>Project Planning<br>Dev. Planning<br>Milestones<\/p>\n<\/div>\n\n\n\n<div class=\"wp-block-column is-layout-flow wp-block-column-is-layout-flow\">\n<h3 class=\"has-text-align-center wp-block-heading\">Dise\u00f1o<\/h3>\n\n\n\n<p class=\"has-text-align-center\">System Design<br>Wireframing<br>Prototyping<br>Dise\u00f1o UI \/ UX<br>Arquitectura<\/p>\n<\/div>\n\n\n\n<div class=\"wp-block-column is-layout-flow wp-block-column-is-layout-flow\">\n<h3 class=\"has-text-align-center wp-block-heading\">Develop<\/h3>\n\n\n\n<p class=\"has-text-align-center\">Coding<br>APIs<br>Testing \/ QA<br>Debug<br>Change Mgmt<\/p>\n<\/div>\n\n\n\n<div class=\"wp-block-column is-layout-flow wp-block-column-is-layout-flow\">\n<h3 class=\"has-text-align-center wp-block-heading\">Deliver<\/h3>\n\n\n\n<p class=\"has-text-align-center\">Environment<br>Deployment<br>Migration<br>Support<br>Review<\/p>\n<\/div>\n<\/div>\n\n\n\n<p class=\"has-text-align-center\">The waterfall methodology is broken down into linear, sequential phases with each phase dependent on the deliverable of the previous phase of your project. The lifecycle of a project under this method can be summarised under five segments:<br>discovery, definition, design, development, and delivery.<\/p>\n\n\n\n<p class=\"has-text-align-center\">To understand if your project falls into Waterfall Project Management, it needs to take into account assumptions made about the project, project constraints, the project objective, its business needs, and the acceptance criteria of the project among other things. If all these factors are well defined and measurable, then waterfall method works for your project.<\/p>\n\n\n\n<p class=\"has-text-align-center\">Because your project will have relatively defined features and functionality, A software requirement document (SRS) will be laid out to describe expectations and scope of the project which will be used till the final hand off of the project.<\/p>\n\n\n\n<div style=\"height:50px\" aria-hidden=\"true\" class=\"wp-block-spacer\"><\/div>\n\n\n\n<h2 class=\"has-text-align-center wp-block-heading\">What if my requirements evolve?<\/h2>\n\n\n\n<p class=\"has-text-align-center\">Because of the uniqueness of every project, there are bound to be uncertainties during its execution. This could be anything from buggy third-party dependencies to change in existing scope. We make sure these uncertainties are identified and planned for by managing risks for your projects.<\/p>\n\n\n\n<p class=\"has-text-align-center\">Additionally we take the time to plan out the various aspects of a project before execution, but things are bound to change as time goes on. \u2018Change is the only constant\u2019 thing in a project. Hence we have a system put in place to manage these changes. We measure the impact of changes on the existing scope, and calculate the time and cost that comes with the changes. Finally, we make sure we update the SRS document.<\/p>\n\n\n\n<p class=\"has-text-align-center\">The Waterfall Process continues as it is meant to be, with Quality Assurance Process in the end to make sure our project deliverables tally with the predefined or revised scope of the project.<\/p>\n\n\n\n<div style=\"height:50px\" aria-hidden=\"true\" class=\"wp-block-spacer\"><\/div>\n\n\n\n<h2 class=\"has-text-align-center wp-block-heading\">Use Cases:<\/h2>\n\n\n\n<h2 class=\"has-text-align-center wp-block-heading\">The Waterfall Methodology<\/h2>\n\n\n\n<div class=\"wp-block-columns is-layout-flex wp-container-core-columns-is-layout-9d6595d7 wp-block-columns-is-layout-flex\">\n<div class=\"wp-block-column is-layout-flow wp-block-column-is-layout-flow\">\n<h4 class=\"has-text-align-center wp-block-heading\">Estabilidad<\/h4>\n\n\n\n<p class=\"has-text-align-center\">Has a very clear scope and stable set of requirements that are unlikely to change throughout the project.<\/p>\n<\/div>\n\n\n\n<div class=\"wp-block-column is-layout-flow wp-block-column-is-layout-flow\">\n<h4 class=\"has-text-align-center wp-block-heading\">Predictability<\/h4>\n\n\n\n<p class=\"has-text-align-center\">Can define clear long term milestones and can review the progress based on periodic deliverables.<\/p>\n<\/div>\n\n\n\n<div class=\"wp-block-column is-layout-flow wp-block-column-is-layout-flow\">\n<h4 class=\"has-text-align-center wp-block-heading\">Development Ready<\/h4>\n\n\n\n<p class=\"has-text-align-center\">Less time to spend with the development team due to the product owner needing to focus on the business side of the venture.<\/p>\n<\/div>\n\n\n\n<div class=\"wp-block-column is-layout-flow wp-block-column-is-layout-flow\">\n<h4 class=\"has-text-align-center wp-block-heading\">Strict Budget<\/h4>\n\n\n\n<p class=\"has-text-align-center\">Constrained budget with critical features that cannot be compromised.<\/p>\n<\/div>\n<\/div>\n\n\n\n<div style=\"height:50px\" aria-hidden=\"true\" class=\"wp-block-spacer\"><\/div>\n\n\n\n<h2 class=\"has-text-align-center wp-block-heading\">Engaging with Agile SCRUM Method<\/h2>\n\n\n\n<h4 class=\"has-text-align-center wp-block-heading\">Continuous Iteration. Quicker Risk Mitigation<\/h4>\n\n\n\n<p class=\"has-text-align-center\">The SCRUM methodology is an implementation of the Agile project management approach that requires continuous iteration of development and testing in the software development lifecycle process. Both development and testing activities are concurrent unlike the Waterfall model.<\/p>\n\n\n\n<div style=\"height:50px\" aria-hidden=\"true\" class=\"wp-block-spacer\"><\/div>\n\n\n\n<h2 class=\"has-text-align-center wp-block-heading\">Agile Vs Waterfall<\/h2>\n\n\n\n<center><img decoding=\"async\" src=\"https:\/\/gevelopers.com\/wp-content\/uploads\/2021\/05\/agile-waterfall-img1.svg\" alt=\"agile-waterfall-gevelopers\"><\/center>\n\n\n\n<div style=\"height:50px\" aria-hidden=\"true\" class=\"wp-block-spacer\"><\/div>\n\n\n\n<h2 class=\"has-text-align-center wp-block-heading\">When does Agile Project Execution Model Work?<\/h2>\n\n\n\n<p class=\"has-text-align-center\">A product requires iterative development and requires development with an integrated team.<\/p>\n\n\n\n<p class=\"has-text-align-center\">A product requires a faster risk mitigation strategy or a \u201cfail-early\u201d approach to development.<\/p>\n\n\n\n<p class=\"has-text-align-center\">The quality, cost and time for developing the product are important constants with flexible and varying requirements.<\/p>\n\n\n\n<div style=\"height:50px\" aria-hidden=\"true\" class=\"wp-block-spacer\"><\/div>\n\n\n\n<h2 class=\"has-text-align-center wp-block-heading\">Roles in SCRUM<\/h2>\n\n\n\n<p class=\"has-text-align-center\">We have three key scrum roles. There is the product owner \u30fcthe one who came up with the idea for the product, the scrum master who ensures the team members follow the agile principles and value, and then the team members themselves; they are ideally a team of seven cross-functional members.<\/p>\n\n\n\n<div class=\"wp-block-columns is-layout-flex wp-container-core-columns-is-layout-9d6595d7 wp-block-columns-is-layout-flex\">\n<div class=\"wp-block-column is-layout-flow wp-block-column-is-layout-flow\">\n<center><img decoding=\"async\" src=\"https:\/\/gevelopers.com\/wp-content\/uploads\/2021\/05\/bussiness-man.svg\" alt=\"product-owner--gevelopers\" style=\"width:50px;height:50px\"><\/center>\n\n\n\n<h5 class=\"has-text-align-center wp-block-heading\">Product Owner<\/h5>\n\n\n\n<p class=\"has-text-align-center\">One who carries the vision of product<\/p>\n<\/div>\n\n\n\n<div class=\"wp-block-column is-layout-flow wp-block-column-is-layout-flow\">\n<center><img decoding=\"async\" src=\"https:\/\/gevelopers.com\/wp-content\/uploads\/2021\/05\/man.svg\" alt=\"scrum-master-gevelopers\" style=\"width:50px;height:50px\"><\/center>\n\n\n\n<h5 class=\"has-text-align-center wp-block-heading\">Scrum Master<\/h5>\n\n\n\n<p class=\"has-text-align-center\">Coach, Fixer, Gatekeeper<\/p>\n<\/div>\n\n\n\n<div class=\"wp-block-column is-layout-flow wp-block-column-is-layout-flow\">\n<center><img decoding=\"async\" src=\"https:\/\/gevelopers.com\/wp-content\/uploads\/2021\/05\/meeting.svg\" alt=\"team-members-gevelopers\" style=\"width:50px;height:50px\"><\/center>\n\n\n\n<h5 class=\"has-text-align-center wp-block-heading\">Team Members<\/h5>\n\n\n\n<p class=\"has-text-align-center\">Exucators, Ideally a team of 7 cross-functional members<\/p>\n<\/div>\n<\/div>\n\n\n\n<div style=\"height:50px\" aria-hidden=\"true\" class=\"wp-block-spacer\"><\/div>\n\n\n\n<h2 class=\"has-text-align-center wp-block-heading\">Deliverables in Agile Method<\/h2>\n\n\n\n<div class=\"wp-block-columns is-layout-flex wp-container-core-columns-is-layout-9d6595d7 wp-block-columns-is-layout-flex\">\n<div class=\"wp-block-column is-layout-flow wp-block-column-is-layout-flow\">\n<h5 class=\"has-text-align-center wp-block-heading\">Product Backlog<\/h5>\n\n\n\n<p class=\"has-text-align-center\">This is generally in the form of user stories. It is prepared by the product owner. It is here the product clients vision for the product is drafted.<\/p>\n<\/div>\n\n\n\n<div class=\"wp-block-column is-layout-flow wp-block-column-is-layout-flow\">\n<h5 class=\"has-text-align-center wp-block-heading\">Release Backlog<\/h5>\n\n\n\n<p class=\"has-text-align-center\">The release backlog is prepared by the SCRUM master who takes the product backlog as input, and translates it into a list of tasks that would be released intermittently.<\/p>\n<\/div>\n\n\n\n<div class=\"wp-block-column is-layout-flow wp-block-column-is-layout-flow\">\n<h5 class=\"has-text-align-center wp-block-heading\">Sprint Backlog<\/h5>\n\n\n\n<p class=\"has-text-align-center\">This is prepared in collaboration with the team. Here, the release backlog is taken and divided into sprints of one or two weeks.<\/p>\n<\/div>\n\n\n\n<div class=\"wp-block-column is-layout-flow wp-block-column-is-layout-flow\">\n<h5 class=\"has-text-align-center wp-block-heading\">Defect Backlog<\/h5>\n\n\n\n<p class=\"has-text-align-center\">The defect backlog contains a list of defects identified during the one to two weeks sprint. These defects are dealt with immediately which is necessary for a project to be declared complete.<\/p>\n<\/div>\n<\/div>\n\n\n\n<div style=\"height:50px\" aria-hidden=\"true\" class=\"wp-block-spacer\"><\/div>\n\n\n\n<h2 class=\"has-text-align-center wp-block-heading\">Agile Meetings<\/h2>\n\n\n\n<p class=\"has-text-align-center\">We have three key scrum roles. There is the product owner \u30fcthe one who came up with the idea for the product, the scrum master who ensures the team members follow the agile principles and value, and then the team members themselves; they are ideally a team of seven cross-functional members.<\/p>\n\n\n\n<center><img decoding=\"async\" src=\"https:\/\/gevelopers.com\/wp-content\/uploads\/2021\/05\/agile-meetings-img1.svg\" alt=\"agile-meetings-geveloper\"><\/center>\n\n\n\n<div style=\"height:50px\" aria-hidden=\"true\" class=\"wp-block-spacer\"><\/div>\n\n\n\n<h2 class=\"has-text-align-center wp-block-heading\">Use Cases: Agile SCRUM Methodology<\/h2>\n\n\n\n<div class=\"wp-block-columns is-layout-flex wp-container-core-columns-is-layout-9d6595d7 wp-block-columns-is-layout-flex\">\n<div class=\"wp-block-column is-layout-flow wp-block-column-is-layout-flow\">\n<h5 class=\"has-text-align-center wp-block-heading\">Short Team Goals<\/h5>\n\n\n\n<p class=\"has-text-align-center\">Clear short-term milestones and periodic reviews of the progress.<\/p>\n<\/div>\n\n\n\n<div class=\"wp-block-column is-layout-flow wp-block-column-is-layout-flow\">\n<h5 class=\"has-text-align-center wp-block-heading\">Iterative Development<\/h5>\n\n\n\n<p class=\"has-text-align-center\">More time to spend with the development team by sharing clear objectives and goals so that they are always in sync with the project manager.<\/p>\n<\/div>\n\n\n\n<div class=\"wp-block-column is-layout-flow wp-block-column-is-layout-flow\">\n<h5 class=\"has-text-align-center wp-block-heading\">Feature Inspection<\/h5>\n\n\n\n<p class=\"has-text-align-center\">Multiple iterations of a given feature and fine-tuning of the feature by inspecting all the parts.<\/p>\n<\/div>\n\n\n\n<div class=\"wp-block-column is-layout-flow wp-block-column-is-layout-flow\">\n<h5 class=\"has-text-align-center wp-block-heading\">Sprint Planning<\/h5>\n\n\n\n<p class=\"has-text-align-center\">The client requires early and frequent opportunities to look at the product and make decisions and changes to the project.<\/p>\n<\/div>\n\n\n\n<div class=\"wp-block-column is-layout-flow wp-block-column-is-layout-flow\">\n<h5 class=\"has-text-align-center wp-block-heading\">Continuous Reviews<\/h5>\n\n\n\n<p class=\"has-text-align-center\">Make regressive iterations in the testing phase is required.<\/p>\n<\/div>\n<\/div>\n\n\n\n<div style=\"height:50px\" aria-hidden=\"true\" class=\"wp-block-spacer\"><\/div>\n\n\n\n<div class=\"wp-block-columns is-layout-flex wp-container-core-columns-is-layout-9d6595d7 wp-block-columns-is-layout-flex\">\n<div class=\"wp-block-column is-layout-flow wp-block-column-is-layout-flow\">\n<center><img decoding=\"async\" src=\"https:\/\/gevelopers.com\/wp-content\/uploads\/2021\/05\/triangular.svg\" alt=\"impossible-triangle-gevelopers\" style=\"width:75px;height:75px\"><\/center>\n\n\n\n<h3 class=\"has-text-align-center wp-block-heading\">Agile works best with projects that have a high level of <span class=\"has-inline-color has-luminous-vivid-orange-color\">uncertainty<\/span><\/h3>\n<\/div>\n\n\n\n<div class=\"wp-block-column is-layout-flow wp-block-column-is-layout-flow\">\n<center><img decoding=\"async\" src=\"https:\/\/gevelopers.com\/wp-content\/uploads\/2021\/05\/rec1.svg\" alt=\"business-graphic-with-semicircles-gevelopers\" style=\"width:75px;height:75px\"><\/center>\n\n\n\n<h3 class=\"has-text-align-center wp-block-heading\">Waterfall works best for projects with high <span class=\"has-inline-color has-luminous-vivid-orange-color\">value<\/span> y <span class=\"has-inline-color has-luminous-vivid-orange-color\">certainty<\/span>.<\/h3>\n<\/div>\n<\/div>\n\n\n\n<p class=\"has-text-align-center\">Both Agile and Waterfall are two different schools of thought in the project management world. The right project execution process, whether it\u2019s Waterfall or Agile depend on the context of your project. Like we always say-Every project is unique and requires a different treatment altogether.<\/p>\n\n\n\n<p class=\"has-text-align-center\">Contrary to popular belief, Agile methodology doesn\u2019t work with all types of projects. For instance, if you own a grocery store, and it works well, and you want to open another one. You don\u2019t need \u2018Agile\u2019 way of project management. It would simply be a waste crucial resources that are already scarce. How we help our clients identify if they need Agile methodology is based on the level of uncertainty, value proposition, operational and value risks involved.<\/p>\n\n\n\n<p class=\"has-text-align-center\">Similarly, Waterfall method better known as the rather \u2018traditional\u2019 method to project management is used for better \u2018quality\u2019 standards due to its strict documentation and \u2018assembly line\u2019 production features. Well that\u2019s not entirely true, as \u2018Quality\u2019 is subjective to a projects context. You can build quality into Agile projects just as much as you can in Waterfall projects. You can also have bad quality in Waterfall projects just like you can in Agile projects.<\/p>\n\n\n\n<div style=\"height:50px\" aria-hidden=\"true\" class=\"wp-block-spacer\"><\/div>\n\n\n\n<div class=\"wp-block-columns is-layout-flex wp-container-core-columns-is-layout-9d6595d7 wp-block-columns-is-layout-flex\">\n<div class=\"wp-block-column is-layout-flow wp-block-column-is-layout-flow\">\n<div class=\"wp-block-media-text alignwide is-stacked-on-mobile\"><figure class=\"wp-block-media-text__media\"><img loading=\"lazy\" decoding=\"async\" width=\"256\" height=\"138\" src=\"https:\/\/gevelopers.com\/wp-content\/uploads\/2021\/05\/methodology-uiux1.svg\" alt=\"metodolog\u00eda-uiux-gevelopers\" class=\"wp-image-1385 size-full\"\/><\/figure><div class=\"wp-block-media-text__content\">\n<h4>Dise\u00f1o de UI \/ UX m\u00f3vil eficiente<\/h4><p>Discovery Workshop est\u00e1 dise\u00f1ado para brindar informaci\u00f3n precisa y detallada.<\/p>\n<\/div><\/div>\n\n\n\n<div class=\"wp-block-buttons is-layout-flex wp-block-buttons-is-layout-flex\">\n<div class=\"wp-block-button\"><a class=\"wp-block-button__link\" href=\"https:\/\/gevelopers.com\/es\/design\/\">Know more<\/a><\/div>\n<\/div>\n<\/div>\n\n\n\n<div class=\"wp-block-column is-layout-flow wp-block-column-is-layout-flow\">\n<div class=\"wp-block-media-text alignwide is-stacked-on-mobile\"><figure class=\"wp-block-media-text__media\"><img loading=\"lazy\" decoding=\"async\" width=\"474\" height=\"233\" src=\"https:\/\/gevelopers.com\/wp-content\/uploads\/2021\/05\/gevelopers-screen-main-photo.jpg\" alt=\"gevelopers-screen-main-photo\" class=\"wp-image-1393 size-full\" srcset=\"https:\/\/gevelopers.com\/wp-content\/uploads\/2021\/05\/gevelopers-screen-main-photo.jpg 474w, https:\/\/gevelopers.com\/wp-content\/uploads\/2021\/05\/gevelopers-screen-main-photo-300x147.jpg 300w\" sizes=\"auto, (max-width: 474px) 100vw, 474px\" \/><\/figure><div class=\"wp-block-media-text__content\">\n<h4 class=\"wp-block-heading\">Gracias !<\/h4>\n\n\n\n<p>We hope you found this article to be useful Just in case, if you\u2019d like to keep this with you \u2013 go ahead and download it as a PDF presentation.<\/p>\n<\/div><\/div>\n\n\n\n<div class=\"wp-block-buttons is-layout-flex wp-block-buttons-is-layout-flex\">\n<div class=\"wp-block-button\"><a class=\"wp-block-button__link\" href=\"https:\/\/www.dropbox.com\/s\/g3hgxirn4ny01t4\/Discovery%20Workshop.pdf\" target=\"_blank\" rel=\"noreferrer noopener\">Descargar como PDF<\/a><\/div>\n<\/div>\n<\/div>\n<\/div>","protected":false},"excerpt":{"rendered":"<p>Our project execution strategy accounts for all types of projects, whether you\u2019re starting small, growing systematically or already entrepreneurial. Our&#8230;<\/p>","protected":false},"author":1,"featured_media":0,"parent":0,"menu_order":0,"comment_status":"closed","ping_status":"closed","template":"","meta":{"footnotes":""},"class_list":["post-1284","page","type-page","status-publish","hentry"],"_links":{"self":[{"href":"https:\/\/gevelopers.com\/es\/wp-json\/wp\/v2\/pages\/1284","targetHints":{"allow":["GET"]}}],"collection":[{"href":"https:\/\/gevelopers.com\/es\/wp-json\/wp\/v2\/pages"}],"about":[{"href":"https:\/\/gevelopers.com\/es\/wp-json\/wp\/v2\/types\/page"}],"author":[{"embeddable":true,"href":"https:\/\/gevelopers.com\/es\/wp-json\/wp\/v2\/users\/1"}],"replies":[{"embeddable":true,"href":"https:\/\/gevelopers.com\/es\/wp-json\/wp\/v2\/comments?post=1284"}],"version-history":[{"count":0,"href":"https:\/\/gevelopers.com\/es\/wp-json\/wp\/v2\/pages\/1284\/revisions"}],"wp:attachment":[{"href":"https:\/\/gevelopers.com\/es\/wp-json\/wp\/v2\/media?parent=1284"}],"curies":[{"name":"wp","href":"https:\/\/api.w.org\/{rel}","templated":true}]}}