{"id":1673,"date":"2021-05-22T10:28:48","date_gmt":"2021-05-22T10:28:48","guid":{"rendered":"https:\/\/gevelopers.com\/?page_id=1673"},"modified":"2021-07-24T18:02:25","modified_gmt":"2021-07-24T18:02:25","slug":"technology","status":"publish","type":"page","link":"https:\/\/gevelopers.com\/es\/technology\/","title":{"rendered":"Tech Arena"},"content":{"rendered":"<p class=\"has-text-align-center\">Solving business problems is in our DNA. And Gevelopers has the technology expertise to make this happen. You have the idea and we have just the right resources with rich industry experience that your software development project needs.<\/p>\n\n\n\n<div style=\"height:50px\" aria-hidden=\"true\" class=\"wp-block-spacer\"><\/div>\n\n\n\n<h2 class=\"has-text-align-center wp-block-heading\">Technology spectrum we have<\/h2>\n\n\n\n<div class=\"wp-block-columns is-layout-flex wp-container-core-columns-is-layout-9d6595d7 wp-block-columns-is-layout-flex\">\n<div class=\"wp-block-column is-layout-flow wp-block-column-is-layout-flow\">\n<img decoding=\"async\" src=\"https:\/\/gevelopers.com\/wp-content\/uploads\/2021\/05\/ic-mobile-mobile1.svg\" alt=\"gevelopers-mobile-mobile\" style=\"width:50px;height:50px\">\n\n\n\n<h3 class=\"wp-block-heading\">M\u00f3vil<\/h3>\n\n\n\n<p>Resources with average experience of 5 years and tech expertise across the domains of native iOS, Android, cross platform, and hybrid apps.<\/p>\n\n\n\n<div class=\"wp-block-buttons is-layout-flex wp-block-buttons-is-layout-flex\">\n<div class=\"wp-block-button\"><a class=\"wp-block-button__link\" href=\"https:\/\/gevelopers.com\/es\/mobile\/\">Aprende m\u00e1s<\/a><\/div>\n<\/div>\n<\/div>\n\n\n\n<div class=\"wp-block-column is-layout-flow wp-block-column-is-layout-flow\">\n<img decoding=\"async\" src=\"https:\/\/gevelopers.com\/wp-content\/uploads\/2021\/05\/ic-mobile-web1.svg\" alt=\"gevelopers-mobile-web\" style=\"width:50px;height:50px\">\n\n\n\n<h3 class=\"wp-block-heading\">Interfaz<\/h3>\n\n\n\n<p>Delivering visually appealing, interactive, smooth, user-friendly, and high performing front ends with our 22+ years of industry experience.<\/p>\n\n\n\n<div class=\"wp-block-buttons is-layout-flex wp-block-buttons-is-layout-flex\">\n<div class=\"wp-block-button\"><a class=\"wp-block-button__link\" href=\"https:\/\/gevelopers.com\/es\/front-end\/\">Aprende m\u00e1s<\/a><\/div>\n<\/div>\n<\/div>\n<\/div>\n\n\n\n<div class=\"wp-block-columns is-layout-flex wp-container-core-columns-is-layout-9d6595d7 wp-block-columns-is-layout-flex\">\n<div class=\"wp-block-column is-layout-flow wp-block-column-is-layout-flow\">\n<img decoding=\"async\" src=\"https:\/\/gevelopers.com\/wp-content\/uploads\/2021\/05\/ic-mobile-backend1.svg\" alt=\"gevelopers-mobile-backend\" style=\"width:50px;height:50px\">\n\n\n\n<h3 class=\"wp-block-heading\">Backend<\/h3>\n\n\n\n<p>Great importance to backend is essential for a successful software and our expertise in Java, NodeJS, .NET, PHP, Python, etc. help you achieve it.<\/p>\n\n\n\n<div class=\"wp-block-buttons is-layout-flex wp-block-buttons-is-layout-flex\">\n<div class=\"wp-block-button\"><a class=\"wp-block-button__link\" href=\"https:\/\/gevelopers.com\/es\/backend\/\">Aprende m\u00e1s<\/a><\/div>\n<\/div>\n<\/div>\n\n\n\n<div class=\"wp-block-column is-layout-flow wp-block-column-is-layout-flow\">\n<img decoding=\"async\" src=\"https:\/\/gevelopers.com\/wp-content\/uploads\/2021\/05\/ic-mobile-database1.svg\" alt=\"gevelopers-mobile-database\" style=\"width:50px;height:50px\">\n\n\n\n<h3 class=\"wp-block-heading\">Base de datos<\/h3>\n\n\n\n<p>Our expertise in multiple database technologies helps you to find the perfect fit for your project based on the requirements and user base.<\/p>\n\n\n\n<div class=\"wp-block-buttons is-layout-flex wp-block-buttons-is-layout-flex\">\n<div class=\"wp-block-button\"><a class=\"wp-block-button__link\" href=\"https:\/\/gevelopers.com\/es\/database\/\">Aprende m\u00e1s<\/a><\/div>\n<\/div>\n<\/div>\n<\/div>\n\n\n\n<div class=\"wp-block-columns is-layout-flex wp-container-core-columns-is-layout-9d6595d7 wp-block-columns-is-layout-flex\">\n<div class=\"wp-block-column is-layout-flow wp-block-column-is-layout-flow\">\n<img decoding=\"async\" src=\"https:\/\/gevelopers.com\/wp-content\/uploads\/2021\/05\/ic-mobile-devops1.svg\" alt=\"gevelopers-mobile-devops\" style=\"width:50px;height:50px\">\n\n\n\n<h3 class=\"wp-block-heading\">Infra &amp; DevOps<\/h3>\n\n\n\n<p>We help you transform your business with automating infrastructure, software development and deployment processes using various DevOps tools.<\/p>\n\n\n\n<div class=\"wp-block-buttons is-layout-flex wp-block-buttons-is-layout-flex\">\n<div class=\"wp-block-button\"><a class=\"wp-block-button__link\" href=\"https:\/\/gevelopers.com\/es\/infra-and-devops\/\">Aprende m\u00e1s<\/a><\/div>\n<\/div>\n<\/div>\n\n\n\n<div class=\"wp-block-column is-layout-flow wp-block-column-is-layout-flow\">\n<img decoding=\"async\" src=\"https:\/\/gevelopers.com\/wp-content\/uploads\/2021\/05\/ic-mobile-cms1.svg\" alt=\"gevelopers-mobile-cms\" style=\"width:50px;height:50px\">\n\n\n\n<h3 class=\"wp-block-heading\">CMS<\/h3>\n\n\n\n<p>Our hands-on experience with popular CMS tools helps enterprises to create and manage their digital content with greater flexibility and ease.<\/p>\n\n\n\n<div class=\"wp-block-buttons is-layout-flex wp-block-buttons-is-layout-flex\">\n<div class=\"wp-block-button\"><a class=\"wp-block-button__link\" href=\"https:\/\/gevelopers.com\/es\/cms\/\">Aprende m\u00e1s<\/a><\/div>\n<\/div>\n<\/div>\n<\/div>\n\n\n\n<div style=\"height:50px\" aria-hidden=\"true\" class=\"wp-block-spacer\"><\/div>\n\n\n\n<h2 class=\"has-text-align-center wp-block-heading\">\u00bfC\u00f3mo ayuda Gevelopers?<\/h2>\n\n\n\n<p class=\"has-text-align-center\">Since 2015, team Gevelopers has learnt more from the failures in developing softwares with the evolving nature of business innovations and intelligence. The global success and recognition we have today is due to our learnings from failures throughout these decades.<\/p>\n\n\n\n<p class=\"has-text-align-center\">To solve your business problems and challenges with 100% integrity is our mantra. Our tech experts will guide you thoroughly about the possible solutions given our industry experience. We develop successful software solutions meant for web and mobile platforms for startups and enterprises with guaranteed delivery.<\/p>\n\n\n\n<div style=\"height:25px\" aria-hidden=\"true\" class=\"wp-block-spacer\"><\/div>\n\n\n\n<div class=\"wp-block-columns is-layout-flex wp-container-core-columns-is-layout-9d6595d7 wp-block-columns-is-layout-flex\">\n<div class=\"wp-block-column is-layout-flow wp-block-column-is-layout-flow\">\n<center><img decoding=\"async\" src=\"https:\/\/gevelopers.com\/wp-content\/uploads\/2021\/05\/ic-technology-ios1.svg\" alt=\"tecnolog\u00eda-ios-gevelopers\" style=\"width:50px;height:50px\"><\/center>\n\n\n\n<p><\/p>\n<\/div>\n\n\n\n<div class=\"wp-block-column is-layout-flow wp-block-column-is-layout-flow\">\n<center><img decoding=\"async\" src=\"https:\/\/gevelopers.com\/wp-content\/uploads\/2021\/05\/ic-technology-php1.svg\" alt=\"tecnolog\u00eda-php-gevelopers\" style=\"width:50px;height:50px\"><\/center>\n<\/div>\n\n\n\n<div class=\"wp-block-column is-layout-flow wp-block-column-is-layout-flow\">\n<center><img decoding=\"async\" src=\"https:\/\/gevelopers.com\/wp-content\/uploads\/2021\/04\/ic-technology-google-cloud1x1.svg\" alt=\"tecnolog\u00eda-google-cloud-gevelopers\" style=\"width:50px;height:50px\"><\/center>\n<\/div>\n\n\n\n<div class=\"wp-block-column is-layout-flow wp-block-column-is-layout-flow\">\n<center><img decoding=\"async\" src=\"https:\/\/gevelopers.com\/wp-content\/uploads\/2021\/05\/ic-technology-html51.svg\" alt=\"technology-html5-gevelopers\" style=\"width:50px;height:50px\"><\/center>\n<\/div>\n\n\n\n<div class=\"wp-block-column is-layout-flow wp-block-column-is-layout-flow\">\n<center><img decoding=\"async\" src=\"https:\/\/gevelopers.com\/wp-content\/uploads\/2021\/05\/ic-technology-magento1.svg\" alt=\"tecnolog\u00eda-magento-gevelopers\" style=\"width:50px;height:50px\"><\/center>\n<\/div>\n\n\n\n<div class=\"wp-block-column is-layout-flow wp-block-column-is-layout-flow\">\n<center><img decoding=\"async\" src=\"https:\/\/gevelopers.com\/wp-content\/uploads\/2021\/05\/ic-technology-wordpress1.svg\" alt=\"tecnolog\u00eda-wordpress-gevelopers\" style=\"width:50px;height:50px\"><\/center>\n<\/div>\n\n\n\n<div class=\"wp-block-column is-layout-flow wp-block-column-is-layout-flow\">\n<center><img decoding=\"async\" src=\"https:\/\/gevelopers.com\/wp-content\/uploads\/2021\/05\/ic-database-technology-redis1.svg\" alt=\"gevelopers-database-technology-redis\" style=\"width:50px;height:50px\"><\/center>\n<\/div>\n\n\n\n<div class=\"wp-block-column is-layout-flow wp-block-column-is-layout-flow\">\n<center><img decoding=\"async\" src=\"https:\/\/gevelopers.com\/wp-content\/uploads\/2021\/05\/ic-technology-angular-js1.svg\" alt=\"tecnolog\u00eda-angular-js-gevelopers\" style=\"width:50px;height:50px\"><\/center>\n<\/div>\n<\/div>\n\n\n\n<div style=\"height:50px\" aria-hidden=\"true\" class=\"wp-block-spacer\"><\/div>\n\n\n\n<center><img decoding=\"async\" src=\"https:\/\/gevelopers.com\/wp-content\/uploads\/2021\/04\/mobile-app-development-cross-platform-img1.webp\" alt=\"mobile-app-development-cross-platform-gevelopers\" ><\/center>\n\n\n\n<div style=\"height:50px\" aria-hidden=\"true\" class=\"wp-block-spacer\"><\/div>\n\n\n\n<h2 class=\"has-text-align-center wp-block-heading\">Te ayudamos a crear aplicaciones para<\/h2>\n\n\n\n<div class=\"wp-block-columns is-layout-flex wp-container-core-columns-is-layout-9d6595d7 wp-block-columns-is-layout-flex\">\n<div class=\"wp-block-column is-layout-flow wp-block-column-is-layout-flow\">\n<img decoding=\"async\" src=\"https:\/\/gevelopers.com\/wp-content\/uploads\/2021\/05\/ic-mobile-app-development-enterprise1.svg\" alt=\"desarrollo-de-aplicaciones-m\u00f3viles-empresariales-gevelopers\" style=\"width:50px;height:50px\">\n\n\n\n<h3 class=\"wp-block-heading\">Empresa<\/h3>\n\n\n\n<p>Nuestra consultor\u00eda colaborativa sobre estrategia m\u00f3vil sirve como catalizador para optimizar los marcos y procesos de TI con la hoja de ruta m\u00f3vil que est\u00e1 alineada con los escenarios, las pol\u00edticas y los sistemas actuales de la empresa.<\/p>\n<\/div>\n\n\n\n<div class=\"wp-block-column is-layout-flow wp-block-column-is-layout-flow\">\n<img decoding=\"async\" src=\"https:\/\/gevelopers.com\/wp-content\/uploads\/2021\/05\/ic-business1.svg\" alt=\"desarrolladores de negocios\" style=\"width:50px;height:50px\">\n\n\n\n<h3 class=\"wp-block-heading\">Negocio<\/h3>\n\n\n\n<p>Mapeamos las necesidades y los casos de uso de las empresas para permitirles responder r\u00e1pidamente a los cambios. Ayudamos a su organizaci\u00f3n a movilizar la comunicaci\u00f3n entre departamentos, los flujos de trabajo y la disponibilidad de informaci\u00f3n instant\u00e1nea.<\/p>\n<\/div>\n\n\n\n<div class=\"wp-block-column is-layout-flow wp-block-column-is-layout-flow\">\n<img decoding=\"async\" src=\"https:\/\/gevelopers.com\/wp-content\/uploads\/2021\/05\/ic-consumers1.svg\" alt=\"consumidores-gevelopers\" style=\"width:50px;height:50px\">\n\n\n\n<h3 class=\"wp-block-heading\">Consumidores<\/h3>\n\n\n\n<p>Nuestros expertos en dispositivos m\u00f3viles ayudan a las marcas, empresas y organizaciones comunitarias a crear soluciones de aplicaciones m\u00f3viles escalables que est\u00e1n destinadas a ser utilizadas a diario por los consumidores globales, varias veces al d\u00eda.<\/p>\n<\/div>\n<\/div>","protected":false},"excerpt":{"rendered":"<p>Solving business problems is in our DNA. And Gevelopers has the technology expertise to make this happen. You have the&#8230;<\/p>","protected":false},"author":1,"featured_media":0,"parent":0,"menu_order":0,"comment_status":"closed","ping_status":"closed","template":"","meta":{"footnotes":""},"class_list":["post-1673","page","type-page","status-publish","hentry"],"_links":{"self":[{"href":"https:\/\/gevelopers.com\/es\/wp-json\/wp\/v2\/pages\/1673","targetHints":{"allow":["GET"]}}],"collection":[{"href":"https:\/\/gevelopers.com\/es\/wp-json\/wp\/v2\/pages"}],"about":[{"href":"https:\/\/gevelopers.com\/es\/wp-json\/wp\/v2\/types\/page"}],"author":[{"embeddable":true,"href":"https:\/\/gevelopers.com\/es\/wp-json\/wp\/v2\/users\/1"}],"replies":[{"embeddable":true,"href":"https:\/\/gevelopers.com\/es\/wp-json\/wp\/v2\/comments?post=1673"}],"version-history":[{"count":0,"href":"https:\/\/gevelopers.com\/es\/wp-json\/wp\/v2\/pages\/1673\/revisions"}],"wp:attachment":[{"href":"https:\/\/gevelopers.com\/es\/wp-json\/wp\/v2\/media?parent=1673"}],"curies":[{"name":"wp","href":"https:\/\/api.w.org\/{rel}","templated":true}]}}