{"id":1678,"date":"2021-05-22T10:34:33","date_gmt":"2021-05-22T10:34:33","guid":{"rendered":"https:\/\/gevelopers.com\/?page_id=1678"},"modified":"2021-05-26T09:56:10","modified_gmt":"2021-05-26T09:56:10","slug":"mobile","status":"publish","type":"page","link":"https:\/\/gevelopers.com\/es\/mobile\/","title":{"rendered":"Creaci\u00f3n de aplicaciones m\u00f3viles nativas y multiplataforma"},"content":{"rendered":"<p class=\"has-text-align-center\">Gevelopers ayuda a conceptualizar, dise\u00f1ar, desarrollar e implementar soluciones de aplicaciones m\u00f3viles para empresas y startups con m\u00e1s de 8 a\u00f1os de experiencia.<\/p>\n\n\n\n<div style=\"height:50px\" aria-hidden=\"true\" class=\"wp-block-spacer\"><\/div>\n\n\n\n<h2 class=\"has-text-align-center wp-block-heading\">Tecnolog\u00edas m\u00f3viles que utilizamos<\/h2>\n\n\n\n<div style=\"height:25px\" aria-hidden=\"true\" class=\"wp-block-spacer\"><\/div>\n\n\n\n<div class=\"wp-block-columns is-layout-flex wp-container-core-columns-is-layout-9d6595d7 wp-block-columns-is-layout-flex\">\n<div class=\"wp-block-column is-layout-flow wp-block-column-is-layout-flow\">\n<img decoding=\"async\" src=\"https:\/\/gevelopers.com\/wp-content\/uploads\/2021\/05\/ic-technology-ios1.svg\" alt=\"tecnolog\u00eda-ios-gevelopers\" style=\"width:50px;height:50px\">\n\n\n\n<h4 class=\"wp-block-heading\">Desarrollo de aplicaciones iOS<\/h4>\n\n\n\n<p>Creaci\u00f3n de aplicaciones para iPhone, iPad, Apple Watch, Apple TV, etc. con integraci\u00f3n AI y ML y m\u00e1s, manteniendo a los usuarios en el centro.<\/p>\n\n\n\n<div class=\"wp-block-buttons is-layout-flex wp-block-buttons-is-layout-flex\">\n<div class=\"wp-block-button\"><a class=\"wp-block-button__link\" href=\"https:\/\/gevelopers.com\/es\/ios-app-development\/\">Aprende m\u00e1s<\/a><\/div>\n<\/div>\n<\/div>\n\n\n\n<div class=\"wp-block-column is-layout-flow wp-block-column-is-layout-flow\">\n<img decoding=\"async\" src=\"https:\/\/gevelopers.com\/wp-content\/uploads\/2021\/05\/ic-technology-android1.svg\" alt=\"tecnolog\u00eda-android-gevelopers\" style=\"width:50px;height:50px\">\n\n\n\n<h4 class=\"wp-block-heading\">Desarrollo de aplicaciones para Android<\/h4>\n\n\n\n<p>Nuestro equipo de desarrolladores lo ayuda a crear aplicaciones nativas de Android para tel\u00e9fonos inteligentes, tabletas, Android Wear y Android TV desde cero.<\/p>\n\n\n\n<div class=\"wp-block-buttons is-layout-flex wp-block-buttons-is-layout-flex\">\n<div class=\"wp-block-button\"><a class=\"wp-block-button__link\" href=\"https:\/\/gevelopers.com\/es\/android-app-development-company\/\">Aprende m\u00e1s<\/a><\/div>\n<\/div>\n<\/div>\n<\/div>\n\n\n\n<div class=\"wp-block-columns is-layout-flex wp-container-core-columns-is-layout-9d6595d7 wp-block-columns-is-layout-flex\">\n<div class=\"wp-block-column is-layout-flow wp-block-column-is-layout-flow\">\n<img decoding=\"async\" src=\"https:\/\/gevelopers.com\/wp-content\/uploads\/2021\/04\/ic-technology-react-native1x1.svg\" alt=\"tecnolog\u00eda-reaccionar-desarrolladores-nativos\" style=\"width:50px;height:50px\">\n\n\n\n<h4 class=\"wp-block-heading\">Desarrollo de aplicaciones nativas de React<\/h4>\n\n\n\n<p>Ofrece aplicaciones multiplataforma asequibles pero r\u00e1pidas, potentes y de alto rendimiento con apariencia nativa.<\/p>\n\n\n\n<div class=\"wp-block-buttons is-layout-flex wp-block-buttons-is-layout-flex\">\n<div class=\"wp-block-button\"><a class=\"wp-block-button__link\" href=\"https:\/\/gevelopers.com\/es\/react-native-app-development\/\">Aprende m\u00e1s<\/a><\/div>\n<\/div>\n<\/div>\n\n\n\n<div class=\"wp-block-column is-layout-flow wp-block-column-is-layout-flow\">\n<img decoding=\"async\" src=\"https:\/\/gevelopers.com\/wp-content\/uploads\/2021\/04\/ic-technology-flutter1x1.svg\" alt=\"tecnolog\u00eda-flutter-gevelopers\" style=\"width:50px;height:50px\">\n\n\n\n<h4 class=\"wp-block-heading\">Desarrollo de aplicaciones Flutter<\/h4>\n\n\n\n<p>Desde su existencia, hemos creado aplicaciones nativas y multiplataforma utilizando este SDK m\u00f3vil de c\u00f3digo abierto.<\/p>\n\n\n\n<div class=\"wp-block-buttons is-layout-flex wp-block-buttons-is-layout-flex\">\n<div class=\"wp-block-button\"><a class=\"wp-block-button__link\" href=\"https:\/\/gevelopers.com\/es\/flutter-app-development-company\/\">Aprende m\u00e1s<\/a><\/div>\n<\/div>\n<\/div>\n<\/div>\n\n\n\n<div class=\"wp-block-columns is-layout-flex wp-container-core-columns-is-layout-9d6595d7 wp-block-columns-is-layout-flex\">\n<div class=\"wp-block-column is-layout-flow wp-block-column-is-layout-flow\">\n<img decoding=\"async\" src=\"https:\/\/gevelopers.com\/wp-content\/uploads\/2021\/05\/ic-technology-ionic1.svg\" alt=\"gevelopers-tecnolog\u00eda-i\u00f3nica\" style=\"width:50px;height:50px\">\n\n\n\n<h4 class=\"wp-block-heading\">Desarrollo de aplicaciones i\u00f3nicas<\/h4>\n\n\n\n<p>Creaci\u00f3n de aplicaciones h\u00edbridas r\u00e1pidas e interactivas que funcionan perfectamente en dispositivos web, m\u00f3viles y de escritorio con Ionic.<\/p>\n\n\n\n<div class=\"wp-block-buttons is-layout-flex wp-block-buttons-is-layout-flex\">\n<div class=\"wp-block-button\"><a class=\"wp-block-button__link\" href=\"https:\/\/gevelopers.com\/es\/ionic-app-development-company\/\">Aprende m\u00e1s<\/a><\/div>\n<\/div>\n<\/div>\n\n\n\n<div class=\"wp-block-column is-layout-flow wp-block-column-is-layout-flow\">\n<img decoding=\"async\" src=\"https:\/\/gevelopers.com\/wp-content\/uploads\/2021\/04\/ic-technology-xamarin1.svg\" alt=\"tecnologia-xamarin-gevelopers\" style=\"width:50px;height:50px\">\n\n\n\n<h4 class=\"wp-block-heading\">Desarrollo de aplicaciones Xamarin<\/h4>\n\n\n\n<p>Con el poder de .NET y C#, nuestros expertos crean aplicaciones para Android, iOS y multiplataforma para empresas y nuevas empresas.<\/p>\n\n\n\n<div class=\"wp-block-buttons is-layout-flex wp-block-buttons-is-layout-flex\">\n<div class=\"wp-block-button\"><a class=\"wp-block-button__link\" href=\"https:\/\/gevelopers.com\/es\/xamarin-app-development-company\/\">Aprende m\u00e1s<\/a><\/div>\n<\/div>\n<\/div>\n<\/div>\n\n\n\n<div style=\"height:50px\" aria-hidden=\"true\" class=\"wp-block-spacer\"><\/div>\n\n\n\n<h2 class=\"has-text-align-center wp-block-heading\">\u00bfC\u00f3mo ayuda Gevelopers?<\/h2>\n\n\n\n<p class=\"has-text-align-center\">Nuestro equipo m\u00f3vil crea aplicaciones m\u00f3viles para cada usuario, cada plataforma y cada industria. No importa en qu\u00e9 nicho se encuentre su proyecto, con la ayuda de nuestros experimentados desarrolladores de aplicaciones m\u00f3viles, podemos ofrecerle soluciones s\u00f3lidas de aplicaciones m\u00f3viles.<\/p>\n\n\n\n<p class=\"has-text-align-center\">Gevelopers posee los mejores recursos con una combinaci\u00f3n poco com\u00fan de rica experiencia en la industria y conocimientos incomparables para desarrollar aplicaciones m\u00f3viles nativas de Android, iOS y multiplataforma.<\/p>\n\n\n\n<div class=\"wp-block-columns is-layout-flex wp-container-core-columns-is-layout-9d6595d7 wp-block-columns-is-layout-flex\">\n<div class=\"wp-block-column is-layout-flow wp-block-column-is-layout-flow\">\n<center><img decoding=\"async\" src=\"https:\/\/gevelopers.com\/wp-content\/uploads\/2021\/05\/ic-technology-ios1.svg\" alt=\"tecnolog\u00eda-ios-gevelopers\" style=\"width:50px;height:50px\"><\/center>\n<\/div>\n\n\n\n<div class=\"wp-block-column is-layout-flow wp-block-column-is-layout-flow\">\n<center><img decoding=\"async\" src=\"https:\/\/gevelopers.com\/wp-content\/uploads\/2021\/05\/ic-technology-android1.svg\" alt=\"tecnolog\u00eda-android-gevelopers\" style=\"width:50px;height:50px\"><\/center>\n<\/div>\n\n\n\n<div class=\"wp-block-column is-layout-flow wp-block-column-is-layout-flow\">\n<center><img decoding=\"async\" src=\"https:\/\/gevelopers.com\/wp-content\/uploads\/2021\/04\/ic-technology-flutter1x1.svg\" alt=\"tecnolog\u00eda-flutter-gevelopers\" style=\"width:50px;height:50px\"><\/center>\n<\/div>\n\n\n\n<div class=\"wp-block-column is-layout-flow wp-block-column-is-layout-flow\">\n<center><img decoding=\"async\" src=\"https:\/\/gevelopers.com\/wp-content\/uploads\/2021\/04\/ic-technology-react-native1x1.svg\" alt=\"tecnolog\u00eda-reaccionar-desarrolladores-nativos\" style=\"width:50px;height:50px\"><\/center>\n<\/div>\n\n\n\n<div class=\"wp-block-column is-layout-flow wp-block-column-is-layout-flow\">\n<center><img decoding=\"async\" src=\"https:\/\/gevelopers.com\/wp-content\/uploads\/2021\/04\/ic-technology-xamarin1.svg\" alt=\"tecnologia-xamarin-gevelopers\" style=\"width:50px;height:50px\"><\/center>\n<\/div>\n\n\n\n<div class=\"wp-block-column is-layout-flow wp-block-column-is-layout-flow\">\n<center><img decoding=\"async\" src=\"https:\/\/gevelopers.com\/wp-content\/uploads\/2021\/05\/ic-technology-ionic1.svg\" alt=\"gevelopers-tecnolog\u00eda-i\u00f3nica\" style=\"width:50px;height:50px\"><\/center>\n<\/div>\n<\/div>\n\n\n\n<div style=\"height:25px\" aria-hidden=\"true\" class=\"wp-block-spacer\"><\/div>\n\n\n\n<center><img decoding=\"async\" src=\"https:\/\/gevelopers.com\/wp-content\/uploads\/2021\/05\/index-mobile-img-11.webp\" alt=\"index-mobile-img-1-gevelopers\"><\/center>\n\n\n\n<div style=\"height:50px\" aria-hidden=\"true\" class=\"wp-block-spacer\"><\/div>\n\n\n\n<h2 class=\"has-text-align-center wp-block-heading\">Te ayudamos a crear aplicaciones para<\/h2>\n\n\n\n<div class=\"wp-block-columns is-layout-flex wp-container-core-columns-is-layout-9d6595d7 wp-block-columns-is-layout-flex\">\n<div class=\"wp-block-column is-layout-flow wp-block-column-is-layout-flow\">\n<img decoding=\"async\" src=\"https:\/\/gevelopers.com\/wp-content\/uploads\/2021\/05\/ic-mobile-app-development-enterprise1.svg\" alt=\"desarrollo-de-aplicaciones-m\u00f3viles-empresariales-gevelopers\" style=\"width:50px;height:50px\">\n\n\n\n<h3 class=\"wp-block-heading\">Empresa<\/h3>\n\n\n\n<p>Nuestra consultor\u00eda colaborativa sobre estrategia m\u00f3vil sirve como catalizador para optimizar los marcos y procesos de TI con la hoja de ruta m\u00f3vil que est\u00e1 alineada con los escenarios, las pol\u00edticas y los sistemas actuales de la empresa.<\/p>\n<\/div>\n\n\n\n<div class=\"wp-block-column is-layout-flow wp-block-column-is-layout-flow\">\n<img decoding=\"async\" src=\"https:\/\/gevelopers.com\/wp-content\/uploads\/2021\/05\/ic-business1.svg\" alt=\"desarrolladores de negocios\" style=\"width:50px;height:50px\">\n\n\n\n<h3 class=\"wp-block-heading\">Negocio<\/h3>\n\n\n\n<p>Mapeamos las necesidades y los casos de uso de las empresas para permitirles responder r\u00e1pidamente a los cambios. Ayudamos a su organizaci\u00f3n a movilizar la comunicaci\u00f3n entre departamentos, los flujos de trabajo y la disponibilidad de informaci\u00f3n instant\u00e1nea.<\/p>\n<\/div>\n\n\n\n<div class=\"wp-block-column is-layout-flow wp-block-column-is-layout-flow\">\n<img decoding=\"async\" src=\"https:\/\/gevelopers.com\/wp-content\/uploads\/2021\/05\/ic-consumers1.svg\" alt=\"consumidores-gevelopers\" style=\"width:50px;height:50px\">\n\n\n\n<h3 class=\"wp-block-heading\">Consumidores<\/h3>\n\n\n\n<p>Nuestros expertos en dispositivos m\u00f3viles ayudan a las marcas, empresas y organizaciones comunitarias a crear soluciones de aplicaciones m\u00f3viles escalables que est\u00e1n destinadas a ser utilizadas a diario por los consumidores globales, varias veces al d\u00eda.<\/p>\n<\/div>\n<\/div>","protected":false},"excerpt":{"rendered":"<p>Gevelopers helps to conceptualize, design, develop, and implement mobile app solutions for enterprises and startups with over 8+ years of&#8230;<\/p>","protected":false},"author":1,"featured_media":0,"parent":0,"menu_order":0,"comment_status":"closed","ping_status":"closed","template":"","meta":{"footnotes":""},"class_list":["post-1678","page","type-page","status-publish","hentry"],"_links":{"self":[{"href":"https:\/\/gevelopers.com\/es\/wp-json\/wp\/v2\/pages\/1678","targetHints":{"allow":["GET"]}}],"collection":[{"href":"https:\/\/gevelopers.com\/es\/wp-json\/wp\/v2\/pages"}],"about":[{"href":"https:\/\/gevelopers.com\/es\/wp-json\/wp\/v2\/types\/page"}],"author":[{"embeddable":true,"href":"https:\/\/gevelopers.com\/es\/wp-json\/wp\/v2\/users\/1"}],"replies":[{"embeddable":true,"href":"https:\/\/gevelopers.com\/es\/wp-json\/wp\/v2\/comments?post=1678"}],"version-history":[{"count":0,"href":"https:\/\/gevelopers.com\/es\/wp-json\/wp\/v2\/pages\/1678\/revisions"}],"wp:attachment":[{"href":"https:\/\/gevelopers.com\/es\/wp-json\/wp\/v2\/media?parent=1678"}],"curies":[{"name":"wp","href":"https:\/\/api.w.org\/{rel}","templated":true}]}}