{"id":2325,"date":"2021-05-29T09:28:23","date_gmt":"2021-05-29T09:28:23","guid":{"rendered":"https:\/\/gevelopers.com\/?page_id=2325"},"modified":"2021-05-29T15:35:44","modified_gmt":"2021-05-29T15:35:44","slug":"infra-and-devops","status":"publish","type":"page","link":"https:\/\/gevelopers.com\/es\/infra-and-devops\/","title":{"rendered":"Consulta y gesti\u00f3n de infraestructura de DevOps"},"content":{"rendered":"<p class=\"has-text-align-center\">Los ingenieros de DevOps con experiencia en Gevelopers ayudan a las empresas a colaborar eficazmente en la gesti\u00f3n de la configuraci\u00f3n, la automatizaci\u00f3n de la infraestructura y el an\u00e1lisis para escalar y acelerar el crecimiento de su negocio. Ofrecemos DevOps como un servicio que ayudar\u00e1 a cerrar las brechas en el desarrollo continuo de software, el proceso de control de calidad y otras operaciones de TI.<\/p>\n\n\n\n<div style=\"height:50px\" aria-hidden=\"true\" class=\"wp-block-spacer\"><\/div>\n\n\n\n<h2 class=\"has-text-align-center wp-block-heading\">Plataformas en las que nos destacamos<\/h2>\n\n\n\n<div style=\"height:25px\" aria-hidden=\"true\" class=\"wp-block-spacer\"><\/div>\n\n\n\n<div class=\"wp-block-columns is-layout-flex wp-container-core-columns-is-layout-9d6595d7 wp-block-columns-is-layout-flex\">\n<div class=\"wp-block-column is-layout-flow wp-block-column-is-layout-flow\">\n<img decoding=\"async\" src=\"https:\/\/gevelopers.com\/wp-content\/uploads\/2021\/05\/ic-technology-aws1.svg\" alt=\"gevelopers-tecnologia-aws\" style=\"width:50px;height:50px\">\n\n\n\n<h4 class=\"wp-block-heading\">AWS<\/h4>\n\n\n\n<p>Nuestros ingenieros combinan las pr\u00e1cticas de DevOps con los servicios de AWS para crear y entregar productos de software de manera eficiente con total confiabilidad.<\/p>\n\n\n\n<div class=\"wp-block-buttons is-layout-flex wp-block-buttons-is-layout-flex\">\n<div class=\"wp-block-button\"><a class=\"wp-block-button__link\" href=\"https:\/\/gevelopers.com\/es\/aws-cloud-applications-development-company\/\">Aprende m\u00e1s<\/a><\/div>\n<\/div>\n<\/div>\n\n\n\n<div class=\"wp-block-column is-layout-flow wp-block-column-is-layout-flow\">\n<img decoding=\"async\" src=\"https:\/\/gevelopers.com\/wp-content\/uploads\/2021\/04\/ic-technology-google-cloud1x1.svg\" alt=\"tecnolog\u00eda-google-cloud-gevelopers\" style=\"width:50px;height:50px\">\n\n\n\n<h4 class=\"wp-block-heading\">Google Cloud<\/h4>\n\n\n\n<p>Transformar empresas globales mediante la automatizaci\u00f3n de procesos comerciales a trav\u00e9s de s\u00f3lidas soluciones en la nube que aprovechan Google Cloud Platform (GCP).<\/p>\n\n\n\n<div class=\"wp-block-buttons is-layout-flex wp-block-buttons-is-layout-flex\">\n<div class=\"wp-block-button\"><a class=\"wp-block-button__link\" href=\"https:\/\/gevelopers.com\/es\/google-cloud-development-company\/\">Aprende m\u00e1s<\/a><\/div>\n<\/div>\n<\/div>\n<\/div>\n\n\n\n<div class=\"wp-block-columns is-layout-flex wp-container-core-columns-is-layout-9d6595d7 wp-block-columns-is-layout-flex\">\n<div class=\"wp-block-column is-layout-flow wp-block-column-is-layout-flow\">\n<img decoding=\"async\" src=\"https:\/\/gevelopers.com\/wp-content\/uploads\/2021\/04\/ic-technology-microsoft-azure1.svg\" alt=\"tecnolog\u00eda-microsoft-azure-gevelopers\" style=\"width:50px;height:50px\">\n\n\n\n<h4 class=\"wp-block-heading\">Azur<\/h4>\n\n\n\n<p>Colaboraci\u00f3n en el proceso de desarrollo a trav\u00e9s del control de fuente, seguimiento del trabajo, CI y entrega utilizando Cloud &amp; Azure DevOps Services.<\/p>\n\n\n\n<div class=\"wp-block-buttons is-layout-flex wp-block-buttons-is-layout-flex\">\n<div class=\"wp-block-button\"><a class=\"wp-block-button__link\" href=\"https:\/\/gevelopers.com\/es\/microsoft-azure-development-company\/\">Aprende m\u00e1s<\/a><\/div>\n<\/div>\n<\/div>\n\n\n\n<div class=\"wp-block-column is-layout-flow wp-block-column-is-layout-flow\">\n<img decoding=\"async\" src=\"https:\/\/gevelopers.com\/wp-content\/uploads\/2021\/05\/hudson.svg\" alt=\"hudson-gevelopers\" style=\"width:50px;height:50px\">\n\n\n\n<h4 class=\"wp-block-heading\">Hudson<\/h4>\n\n\n\n<p>Herramienta de CI para automatizar las pruebas de regresi\u00f3n de aplicaciones web mientras activa compilaciones y prueba cambios en el c\u00f3digo fuente.<\/p>\n\n\n\n<div class=\"wp-block-buttons is-layout-flex wp-block-buttons-is-layout-flex\">\n<div class=\"wp-block-button\"><a class=\"wp-block-button__link\" href=\"https:\/\/gevelopers.com\/es\/hudson-continuous-integration-testing-company\/\">Aprende m\u00e1s<\/a><\/div>\n<\/div>\n<\/div>\n<\/div>\n\n\n\n<div class=\"wp-block-columns is-layout-flex wp-container-core-columns-is-layout-9d6595d7 wp-block-columns-is-layout-flex\">\n<div class=\"wp-block-column is-layout-flow wp-block-column-is-layout-flow\">\n<img decoding=\"async\" src=\"https:\/\/gevelopers.com\/wp-content\/uploads\/2021\/05\/ic-infra-technology-jenkins1.svg\" alt=\"gevelopers-infra-tecnolog\u00eda-jenkins\" style=\"width:50px;height:50px\">\n\n\n\n<h4 class=\"wp-block-heading\">Jenkins<\/h4>\n\n\n\n<p>Nuestro equipo de desarrollo es competente con esta popular herramienta de CI para crear y probar su producto de software de forma continua sin margen de error.<\/p>\n\n\n\n<div class=\"wp-block-buttons is-layout-flex wp-block-buttons-is-layout-flex\">\n<div class=\"wp-block-button\"><a class=\"wp-block-button__link\" href=\"https:\/\/gevelopers.com\/es\/jenkins-continuous-integration-testing-company\/\">Aprende m\u00e1s<\/a><\/div>\n<\/div>\n<\/div>\n\n\n\n<div class=\"wp-block-column is-layout-flow wp-block-column-is-layout-flow\">\n<img decoding=\"async\" src=\"https:\/\/gevelopers.com\/wp-content\/uploads\/2021\/05\/ic-infra-technology-appium1.svg\" alt=\"gevelopers-infra-tecnolog\u00eda-appium\" style=\"width:50px;height:50px\">\n\n\n\n<h4 class=\"wp-block-heading\">Appium<\/h4>\n\n\n\n<p>Los probadores de software de Gevelopers tienen experiencia con esta herramienta para fomentar la automatizaci\u00f3n de pruebas para que las aplicaciones m\u00f3viles se entreguen con una calidad superior.<\/p>\n\n\n\n<div class=\"wp-block-buttons is-layout-flex wp-block-buttons-is-layout-flex\">\n<div class=\"wp-block-button\"><a class=\"wp-block-button__link\" href=\"https:\/\/gevelopers.com\/es\/appium-automation-testing-company\/\">Aprende m\u00e1s<\/a><\/div>\n<\/div>\n<\/div>\n<\/div>\n\n\n\n<div class=\"wp-block-columns is-layout-flex wp-container-core-columns-is-layout-9d6595d7 wp-block-columns-is-layout-flex\">\n<div class=\"wp-block-column is-layout-flow wp-block-column-is-layout-flow\">\n<img decoding=\"async\" src=\"https:\/\/gevelopers.com\/wp-content\/uploads\/2021\/05\/ic-technology-selenium1.svg\" alt=\"gevelopers-tecnologia-selenio\" style=\"width:50px;height:50px\">\n\n\n\n<h3 class=\"wp-block-heading\">Selenio<\/h3>\n\n\n\n<p>Automatizamos las pruebas de aplicaciones web utilizando cualquier navegador web a trav\u00e9s de esta API de Selenium para garantizar la entrega de productos de la m\u00e1s alta calidad.<\/p>\n\n\n\n<div class=\"wp-block-buttons is-layout-flex wp-block-buttons-is-layout-flex\">\n<div class=\"wp-block-button\"><a class=\"wp-block-button__link\" href=\"https:\/\/gevelopers.com\/es\/selenium-automation-testing-company\/\">Aprende m\u00e1s<\/a><\/div>\n<\/div>\n<\/div>\n\n\n\n<div class=\"wp-block-column is-layout-flow wp-block-column-is-layout-flow\">\n<img decoding=\"async\" src=\"https:\/\/gevelopers.com\/wp-content\/uploads\/2021\/05\/ic-technology-gradle1.svg\" alt=\"gevelopers-tecnolog\u00eda-gradle\" style=\"width:50px;height:50px\">\n\n\n\n<h3 class=\"wp-block-heading\">Gradle<\/h3>\n\n\n\n<p>Implementaci\u00f3n de la automatizaci\u00f3n de pruebas de compilaci\u00f3n con Gradle para una entrega de software mejor y m\u00e1s r\u00e1pida con experiencia en Apache Ant y Apache Maven.<\/p>\n\n\n\n<div class=\"wp-block-buttons is-layout-flex wp-block-buttons-is-layout-flex\">\n<div class=\"wp-block-button\"><a class=\"wp-block-button__link\" href=\"https:\/\/gevelopers.com\/es\/gradle-build-automation-testing-company\/\">Aprende m\u00e1s<\/a><\/div>\n<\/div>\n<\/div>\n<\/div>\n\n\n\n<div style=\"height:50px\" aria-hidden=\"true\" class=\"wp-block-spacer\"><\/div>\n\n\n\n<h2 class=\"has-text-align-center wp-block-heading\">\u00bfC\u00f3mo ayuda Gevelopers?<\/h2>\n\n\n\n<p class=\"has-text-align-center\">El aspecto de una aplicaci\u00f3n es importante, pero todo lo que importa es el cerebro (el backend) que tiene la funcionalidad de una aplicaci\u00f3n para que sea exitosa. Sin una columna vertebral s\u00f3lida, su producto de software no puede funcionar de manera ideal. Es posible que los usuarios no vean su c\u00f3digo de backend, pero pueden sentir el poder a trav\u00e9s de la funcionalidad de la aplicaci\u00f3n.<\/p>\n\n\n\n<p class=\"has-text-align-center\">Nuestro equipo de desarrollo crea backends potentes para una mejor experiencia en l\u00ednea. Las aplicaciones que pueden manejar cargas de usuarios de cualquier tama\u00f1o sin fallos. Como resultado, esto aumenta la experiencia del cliente y el ROI.<\/p>\n\n\n\n<div class=\"wp-block-columns is-layout-flex wp-container-core-columns-is-layout-9d6595d7 wp-block-columns-is-layout-flex\">\n<div class=\"wp-block-column is-layout-flow wp-block-column-is-layout-flow\">\n<center><img decoding=\"async\" src=\"https:\/\/gevelopers.com\/wp-content\/uploads\/2021\/05\/ic-technology-aws1.svg\" alt=\"gevelopers-tecnologia-aws\" style=\"width:50px;height:50px\"><\/center>\n<\/div>\n\n\n\n<div class=\"wp-block-column is-layout-flow wp-block-column-is-layout-flow\">\n<center><img decoding=\"async\" src=\"https:\/\/gevelopers.com\/wp-content\/uploads\/2021\/05\/hudson.svg\" alt=\"hudson-gevelopers\" style=\"width:50px;height:50px\"><\/center>\n<\/div>\n\n\n\n<div class=\"wp-block-column is-layout-flow wp-block-column-is-layout-flow\">\n<center><img decoding=\"async\" src=\"https:\/\/gevelopers.com\/wp-content\/uploads\/2021\/05\/ic-infra-technology-jenkins1.svg\" alt=\"gevelopers-infra-tecnolog\u00eda-jenkins\" style=\"width:50px;height:50px\"><\/center>\n<\/div>\n\n\n\n<div class=\"wp-block-column is-layout-flow wp-block-column-is-layout-flow\">\n<center><img decoding=\"async\" src=\"https:\/\/gevelopers.com\/wp-content\/uploads\/2021\/04\/ic-technology-google-cloud1x1.svg\" alt=\"tecnolog\u00eda-google-cloud-gevelopers\" style=\"width:50px;height:50px\"><\/center>\n<\/div>\n\n\n\n<div class=\"wp-block-column is-layout-flow wp-block-column-is-layout-flow\">\n<center><img decoding=\"async\" src=\"https:\/\/gevelopers.com\/wp-content\/uploads\/2021\/05\/ic-infra-technology-appium1.svg\" alt=\"gevelopers-infra-tecnolog\u00eda-appium\" style=\"width:50px;height:50px\"><\/center>\n<\/div>\n\n\n\n<div class=\"wp-block-column is-layout-flow wp-block-column-is-layout-flow\">\n<center><img decoding=\"async\" src=\"https:\/\/gevelopers.com\/wp-content\/uploads\/2021\/05\/ic-technology-gradle1.svg\" alt=\"gevelopers-tecnolog\u00eda-gradle\" style=\"width:50px;height:50px\"><\/center>\n<\/div>\n\n\n\n<div class=\"wp-block-column is-layout-flow wp-block-column-is-layout-flow\">\n<center><img decoding=\"async\" src=\"https:\/\/gevelopers.com\/wp-content\/uploads\/2021\/05\/ic-technology-selenium1.svg\" alt=\"gevelopers-tecnologia-selenio\" style=\"width:50px;height:50px\"><\/center>\n<\/div>\n<\/div>\n\n\n\n<div style=\"height:25px\" aria-hidden=\"true\" class=\"wp-block-spacer\"><\/div>\n\n\n\n<center><img decoding=\"async\" src=\"https:\/\/gevelopers.com\/wp-content\/uploads\/2021\/05\/index-img-11.webp\"><\/center>\n\n\n\n<div style=\"height:50px\" aria-hidden=\"true\" class=\"wp-block-spacer\"><\/div>\n\n\n\n<h2 class=\"has-text-align-center wp-block-heading\">Te ayudamos a crear aplicaciones para<\/h2>\n\n\n\n<div class=\"wp-block-columns is-layout-flex wp-container-core-columns-is-layout-9d6595d7 wp-block-columns-is-layout-flex\">\n<div class=\"wp-block-column is-layout-flow wp-block-column-is-layout-flow\">\n<img decoding=\"async\" src=\"https:\/\/gevelopers.com\/wp-content\/uploads\/2021\/05\/ic-mobile-app-development-enterprise1.svg\" alt=\"desarrollo-de-aplicaciones-m\u00f3viles-empresariales-gevelopers\" style=\"width:50px;height:50px\">\n\n\n\n<h3 class=\"wp-block-heading\">Empresa<\/h3>\n\n\n\n<p>Nuestra consultor\u00eda colaborativa sobre estrategia m\u00f3vil sirve como catalizador para optimizar los marcos y procesos de TI con la hoja de ruta m\u00f3vil que est\u00e1 alineada con los escenarios, las pol\u00edticas y los sistemas actuales de la empresa.<\/p>\n<\/div>\n\n\n\n<div class=\"wp-block-column is-layout-flow wp-block-column-is-layout-flow\">\n<img decoding=\"async\" src=\"https:\/\/gevelopers.com\/wp-content\/uploads\/2021\/05\/ic-business1.svg\" alt=\"desarrolladores de negocios\" style=\"width:50px;height:50px\">\n\n\n\n<h3 class=\"wp-block-heading\">Negocio<\/h3>\n\n\n\n<p>Mapeamos las necesidades y los casos de uso de las empresas para permitirles responder r\u00e1pidamente a los cambios. Ayudamos a su organizaci\u00f3n a movilizar la comunicaci\u00f3n entre departamentos, los flujos de trabajo y la disponibilidad de informaci\u00f3n instant\u00e1nea.<\/p>\n<\/div>\n\n\n\n<div class=\"wp-block-column is-layout-flow wp-block-column-is-layout-flow\">\n<img decoding=\"async\" src=\"https:\/\/gevelopers.com\/wp-content\/uploads\/2021\/05\/ic-consumers1.svg\" alt=\"consumidores-gevelopers\" style=\"width:50px;height:50px\">\n\n\n\n<h3 class=\"wp-block-heading\">Consumidores<\/h3>\n\n\n\n<p>Nuestros expertos en dispositivos m\u00f3viles ayudan a las marcas, empresas y organizaciones comunitarias a crear soluciones de aplicaciones m\u00f3viles escalables que est\u00e1n destinadas a ser utilizadas a diario por los consumidores globales, varias veces al d\u00eda.<\/p>\n<\/div>\n<\/div>","protected":false},"excerpt":{"rendered":"<p>Experienced DevOps engineers at Gevelopers help enterprises to effectively collaborate configuration management, infrastructure automation, and analytics to scale up and&#8230;<\/p>","protected":false},"author":1,"featured_media":0,"parent":0,"menu_order":0,"comment_status":"closed","ping_status":"closed","template":"","meta":{"footnotes":""},"class_list":["post-2325","page","type-page","status-publish","hentry"],"_links":{"self":[{"href":"https:\/\/gevelopers.com\/es\/wp-json\/wp\/v2\/pages\/2325","targetHints":{"allow":["GET"]}}],"collection":[{"href":"https:\/\/gevelopers.com\/es\/wp-json\/wp\/v2\/pages"}],"about":[{"href":"https:\/\/gevelopers.com\/es\/wp-json\/wp\/v2\/types\/page"}],"author":[{"embeddable":true,"href":"https:\/\/gevelopers.com\/es\/wp-json\/wp\/v2\/users\/1"}],"replies":[{"embeddable":true,"href":"https:\/\/gevelopers.com\/es\/wp-json\/wp\/v2\/comments?post=2325"}],"version-history":[{"count":0,"href":"https:\/\/gevelopers.com\/es\/wp-json\/wp\/v2\/pages\/2325\/revisions"}],"wp:attachment":[{"href":"https:\/\/gevelopers.com\/es\/wp-json\/wp\/v2\/media?parent=2325"}],"curies":[{"name":"wp","href":"https:\/\/api.w.org\/{rel}","templated":true}]}}