{"id":2636,"date":"2021-06-01T20:52:34","date_gmt":"2021-06-01T20:52:34","guid":{"rendered":"https:\/\/gevelopers.com\/?page_id=2636"},"modified":"2021-06-02T12:02:29","modified_gmt":"2021-06-02T12:02:29","slug":"cms","status":"publish","type":"page","link":"https:\/\/gevelopers.com\/es\/cms\/","title":{"rendered":"Experiencia en Frameworks CMS"},"content":{"rendered":"<p class=\"has-text-align-center\">Gevelopers tiene experiencia en el desarrollo de CMS web din\u00e1micos y escalables para aplicaciones a gran escala desde 2015 para empresas globales. Nuestros expertos en CMS crean e implementan perfiles de usuario, m\u00f3dulos personalizados, temas y campa\u00f1as que garantizan un funcionamiento fluido con automatizaci\u00f3n, colaboraci\u00f3n, integraci\u00f3n de herramientas y procesos de flujo de trabajo.<\/p>\n\n\n\n<div style=\"height:50px\" aria-hidden=\"true\" class=\"wp-block-spacer\"><\/div>\n\n\n\n<h2 class=\"has-text-align-center wp-block-heading\">Las mejores plataformas de comercio electr\u00f3nico que utilizamos<\/h2>\n\n\n\n<div style=\"height:25px\" aria-hidden=\"true\" class=\"wp-block-spacer\"><\/div>\n\n\n\n<div class=\"wp-block-columns is-layout-flex wp-container-core-columns-is-layout-9d6595d7 wp-block-columns-is-layout-flex\">\n<div class=\"wp-block-column is-layout-flow wp-block-column-is-layout-flow\">\n<img decoding=\"async\" src=\"https:\/\/gevelopers.com\/wp-content\/uploads\/2021\/05\/ic-technology-magento1.svg\" alt=\"tecnolog\u00eda-magento-gevelopers\" style=\"width:50px;height:50px\">\n\n\n\n<h3 class=\"wp-block-heading\">Desarrollo de Magento<\/h3>\n\n\n\n<p>Entregando un control completo del contenido y la funcionalidad de su negocio de comercio electr\u00f3nico a gran escala con marketing, SEO, herramientas de gesti\u00f3n de cat\u00e1logos.<\/p>\n\n\n\n<div class=\"wp-block-buttons is-layout-flex wp-block-buttons-is-layout-flex\">\n<div class=\"wp-block-button\"><a class=\"wp-block-button__link\" href=\"https:\/\/gevelopers.com\/es\/magento-ecommerce-development\/\">Aprende m\u00e1s<\/a><\/div>\n<\/div>\n<\/div>\n\n\n\n<div class=\"wp-block-column is-layout-flow wp-block-column-is-layout-flow\">\n<img decoding=\"async\" src=\"https:\/\/gevelopers.com\/wp-content\/uploads\/2021\/05\/ic-technology-wordpress1.svg\" alt=\"tecnolog\u00eda-wordpress-gevelopers\" style=\"width:50px;height:50px\">\n\n\n\n<h3 class=\"wp-block-heading\">Desarrollo de WordPress<\/h3>\n\n\n\n<p>Su simplicidad, flexibilidad y varios complementos ofrecen una plataforma para crear todo, desde sitios web simples como un sitio de blogs hasta aplicaciones web empresariales complejas.<\/p>\n\n\n\n<div class=\"wp-block-buttons is-layout-flex wp-block-buttons-is-layout-flex\">\n<div class=\"wp-block-button\"><a class=\"wp-block-button__link\" href=\"https:\/\/gevelopers.com\/es\/wordpress-website-development\/\">Aprende m\u00e1s<\/a><\/div>\n<\/div>\n<\/div>\n<\/div>\n\n\n\n<div class=\"wp-block-columns is-layout-flex wp-container-core-columns-is-layout-9d6595d7 wp-block-columns-is-layout-flex\">\n<div class=\"wp-block-column is-layout-flow wp-block-column-is-layout-flow\">\n<img decoding=\"async\" src=\"https:\/\/gevelopers.com\/wp-content\/uploads\/2021\/05\/ic-technology-shopify-plus1.svg\" alt=\"tecnolog\u00eda-shopify-plus-gevelopers\" style=\"width:50px;height:50px\">\n\n\n\n<h3 class=\"wp-block-heading\">Desarrollo de Shopify<\/h3>\n\n\n\n<p>Los expertos de Shopify te ayudan a construir tu tienda en l\u00ednea deseada con caracter\u00edsticas que te permiten administrar tu inventario, marketing y transacciones.<\/p>\n\n\n\n<div class=\"wp-block-buttons is-layout-flex wp-block-buttons-is-layout-flex\">\n<div class=\"wp-block-button\"><a class=\"wp-block-button__link\" href=\"https:\/\/gevelopers.com\/es\/shopify-ecommerce-development\/\">Aprende m\u00e1s<\/a><\/div>\n<\/div>\n<\/div>\n\n\n\n<div class=\"wp-block-column is-layout-flow wp-block-column-is-layout-flow\">\n<img decoding=\"async\" src=\"https:\/\/gevelopers.com\/wp-content\/uploads\/2021\/06\/ic-technology-umbraco11.svg\" alt=\"tecnolog\u00eda-umbraco-gevelopers\" style=\"width:50px;height:50px\">\n\n\n\n<h3 class=\"wp-block-heading\">Desarrollo Umbraco<\/h3>\n\n\n\n<p>Con experiencia en .NET, MySQL, #C, XML, etc., nuestros codificadores Umbraco crean sistemas de gesti\u00f3n de contenido potentes, seguros, escalables y con muchas funciones.<\/p>\n\n\n\n<div class=\"wp-block-buttons is-layout-flex wp-block-buttons-is-layout-flex\">\n<div class=\"wp-block-button\"><a class=\"wp-block-button__link\" href=\"https:\/\/gevelopers.com\/es\/umbraco-development-company\/\">Aprende m\u00e1s<\/a><\/div>\n<\/div>\n<\/div>\n<\/div>\n\n\n\n<div class=\"wp-block-columns is-layout-flex wp-container-core-columns-is-layout-9d6595d7 wp-block-columns-is-layout-flex\">\n<div class=\"wp-block-column is-layout-flow wp-block-column-is-layout-flow\">\n<img decoding=\"async\" src=\"https:\/\/gevelopers.com\/wp-content\/uploads\/2021\/05\/ic-technology-drupal1.svg\" alt=\"tecnologia-drupal-gevelopers\" style=\"width:50px;height:50px\">\n\n\n\n<h3 class=\"wp-block-heading\">Desarrollo Drupal<\/h3>\n\n\n\n<p>Gevelopers le ayuda a beneficiarse de este marco de gesti\u00f3n de contenido listo para la empresa con un amplio soporte de API para incorporar las funciones m\u00e1s recientes.<\/p>\n\n\n\n<div class=\"wp-block-buttons is-layout-flex wp-block-buttons-is-layout-flex\">\n<div class=\"wp-block-button\"><a class=\"wp-block-button__link\" href=\"https:\/\/gevelopers.com\/es\/drupal-web-development\/\">Aprende m\u00e1s<\/a><\/div>\n<\/div>\n<\/div>\n\n\n\n<div class=\"wp-block-column is-layout-flow wp-block-column-is-layout-flow\">\n<img decoding=\"async\" src=\"https:\/\/gevelopers.com\/wp-content\/uploads\/2021\/05\/ic-technology-joomla1.svg\" alt=\"tecnolog\u00eda-joomla-gevelopers\" style=\"width:50px;height:50px\">\n\n\n\n<h3 class=\"wp-block-heading\">Desarrollo Joomla<\/h3>\n\n\n\n<p>Con\u00e9ctese con su gran base de clientes de manera eficiente con soluciones CMS creadas con Joomla para funciones f\u00e1ciles de usar y extensiones modernas.<\/p>\n\n\n\n<div class=\"wp-block-buttons is-layout-flex wp-block-buttons-is-layout-flex\">\n<div class=\"wp-block-button\"><a class=\"wp-block-button__link\" href=\"https:\/\/gevelopers.com\/es\/joomla-web-development\/\">Aprende m\u00e1s<\/a><\/div>\n<\/div>\n<\/div>\n<\/div>\n\n\n\n<div style=\"height:50px\" aria-hidden=\"true\" class=\"wp-block-spacer\"><\/div>\n\n\n\n<h2 class=\"has-text-align-center wp-block-heading\">\u00bfC\u00f3mo ayuda Gevelopers?<\/h2>\n\n\n\n<p class=\"has-text-align-center\">Gevelopers es una empresa de desarrollo de CMS galardonada en Europa, Turqu\u00eda, Singapur y EE. UU. Que ayuda a nuevas empresas, empresas y todas las dem\u00e1s empresas globales con soluciones de CMS a medida basadas en las necesidades de sus proyectos.<\/p>\n\n\n\n<p class=\"has-text-align-center\">Nuestro amplio espectro de experiencia en tecnolog\u00eda y d\u00e9cadas de experiencia en la industria le ahorrar\u00e1n su valioso tiempo para encontrar una soluci\u00f3n CMS perfecta. Ya sea que desee un sitio web CMS personalizado o una migraci\u00f3n de sitio web, est\u00e1 en el lugar correcto para todas sus consultas.<\/p>\n\n\n\n<div class=\"wp-block-columns is-layout-flex wp-container-core-columns-is-layout-9d6595d7 wp-block-columns-is-layout-flex\">\n<div class=\"wp-block-column is-layout-flow wp-block-column-is-layout-flow\">\n<center><img decoding=\"async\" src=\"https:\/\/gevelopers.com\/wp-content\/uploads\/2021\/05\/ic-technology-wordpress1.svg\" alt=\"tecnolog\u00eda-wordpress-gevelopers\" style=\"width:50px;height:50px\"><\/center>\n<\/div>\n\n\n\n<div class=\"wp-block-column is-layout-flow wp-block-column-is-layout-flow\">\n<center><img decoding=\"async\" src=\"https:\/\/gevelopers.com\/wp-content\/uploads\/2021\/05\/ic-technology-shopify-plus1.svg\" alt=\"tecnolog\u00eda-shopify-plus-gevelopers\" style=\"width:50px;height:50px\"><\/center>\n<\/div>\n\n\n\n<div class=\"wp-block-column is-layout-flow wp-block-column-is-layout-flow\">\n<center><img decoding=\"async\" src=\"https:\/\/gevelopers.com\/wp-content\/uploads\/2021\/05\/ic-technology-magento1.svg\" alt=\"tecnolog\u00eda-magento-gevelopers\" style=\"width:50px;height:50px\"><\/center>\n<\/div>\n\n\n\n<div class=\"wp-block-column is-layout-flow wp-block-column-is-layout-flow\">\n<center><img decoding=\"async\" src=\"https:\/\/gevelopers.com\/wp-content\/uploads\/2021\/05\/ic-technology-drupal1.svg\" alt=\"tecnologia-drupal-gevelopers\" style=\"width:50px;height:50px\"><\/center>\n<\/div>\n<\/div>\n\n\n\n<div style=\"height:25px\" aria-hidden=\"true\" class=\"wp-block-spacer\"><\/div>\n\n\n\n<center><img decoding=\"async\" src=\"https:\/\/gevelopers.com\/wp-content\/uploads\/2021\/06\/index-img-61.webp\"><\/center>\n\n\n\n<div style=\"height:50px\" aria-hidden=\"true\" class=\"wp-block-spacer\"><\/div>\n\n\n\n<h2 class=\"has-text-align-center wp-block-heading\">Te ayudamos a crear aplicaciones para<\/h2>\n\n\n\n<div class=\"wp-block-columns is-layout-flex wp-container-core-columns-is-layout-9d6595d7 wp-block-columns-is-layout-flex\">\n<div class=\"wp-block-column is-layout-flow wp-block-column-is-layout-flow\">\n<img decoding=\"async\" src=\"https:\/\/gevelopers.com\/wp-content\/uploads\/2021\/05\/ic-mobile-app-development-enterprise1.svg\" alt=\"desarrollo-de-aplicaciones-m\u00f3viles-empresariales-gevelopers\" style=\"width:50px;height:50px\">\n\n\n\n<h3 class=\"wp-block-heading\">Empresa<\/h3>\n\n\n\n<p>Nuestra consultor\u00eda colaborativa sobre estrategia m\u00f3vil sirve como catalizador para optimizar los marcos y procesos de TI con la hoja de ruta m\u00f3vil que est\u00e1 alineada con los escenarios, las pol\u00edticas y los sistemas actuales de la empresa.<\/p>\n<\/div>\n\n\n\n<div class=\"wp-block-column is-layout-flow wp-block-column-is-layout-flow\">\n<img decoding=\"async\" src=\"https:\/\/gevelopers.com\/wp-content\/uploads\/2021\/05\/ic-business1.svg\" alt=\"desarrolladores de negocios\" style=\"width:50px;height:50px\">\n\n\n\n<h3 class=\"wp-block-heading\">Negocio<\/h3>\n\n\n\n<p>Mapeamos las necesidades y los casos de uso de las empresas para permitirles responder r\u00e1pidamente a los cambios. Ayudamos a su organizaci\u00f3n a movilizar la comunicaci\u00f3n entre departamentos, los flujos de trabajo y la disponibilidad de informaci\u00f3n instant\u00e1nea.<\/p>\n<\/div>\n\n\n\n<div class=\"wp-block-column is-layout-flow wp-block-column-is-layout-flow\">\n<img decoding=\"async\" src=\"https:\/\/gevelopers.com\/wp-content\/uploads\/2021\/05\/ic-consumers1.svg\" alt=\"consumidores-gevelopers\" style=\"width:50px;height:50px\">\n\n\n\n<h3 class=\"wp-block-heading\">Consumidores<\/h3>\n\n\n\n<p>Nuestros expertos en dispositivos m\u00f3viles ayudan a las marcas, empresas y organizaciones comunitarias a crear soluciones de aplicaciones m\u00f3viles escalables que est\u00e1n destinadas a ser utilizadas a diario por los consumidores globales, varias veces al d\u00eda.<\/p>\n<\/div>\n<\/div>\n\n\n\n<p><\/p>","protected":false},"excerpt":{"rendered":"<p>Gevelopers has experience in developing dynamic and scalable web CMS for large scale apps since 2015 for global businesses. Our&#8230;<\/p>","protected":false},"author":1,"featured_media":0,"parent":0,"menu_order":0,"comment_status":"closed","ping_status":"closed","template":"","meta":{"footnotes":""},"class_list":["post-2636","page","type-page","status-publish","hentry"],"_links":{"self":[{"href":"https:\/\/gevelopers.com\/es\/wp-json\/wp\/v2\/pages\/2636","targetHints":{"allow":["GET"]}}],"collection":[{"href":"https:\/\/gevelopers.com\/es\/wp-json\/wp\/v2\/pages"}],"about":[{"href":"https:\/\/gevelopers.com\/es\/wp-json\/wp\/v2\/types\/page"}],"author":[{"embeddable":true,"href":"https:\/\/gevelopers.com\/es\/wp-json\/wp\/v2\/users\/1"}],"replies":[{"embeddable":true,"href":"https:\/\/gevelopers.com\/es\/wp-json\/wp\/v2\/comments?post=2636"}],"version-history":[{"count":0,"href":"https:\/\/gevelopers.com\/es\/wp-json\/wp\/v2\/pages\/2636\/revisions"}],"wp:attachment":[{"href":"https:\/\/gevelopers.com\/es\/wp-json\/wp\/v2\/media?parent=2636"}],"curies":[{"name":"wp","href":"https:\/\/api.w.org\/{rel}","templated":true}]}}