{"id":319,"date":"2020-10-02T19:18:05","date_gmt":"2020-10-02T19:18:05","guid":{"rendered":"https:\/\/leverage.demo.codings.dev\/?page_id=319"},"modified":"2021-07-27T19:36:47","modified_gmt":"2021-07-27T19:36:47","slug":"about","status":"publish","type":"page","link":"https:\/\/gevelopers.com\/es\/about\/","title":{"rendered":"Nuestro tesoro comprende nuestra gente, visi\u00f3n y valores"},"content":{"rendered":"<p class=\"has-text-align-center\"><strong>Empresa de desarrollo de software galardonada desde 2015<\/strong><\/p>\n\n\n\n<p class=\"has-text-align-center\">Gevelopers no solo es una empresa de TI reconocida a nivel mundial, sino tambi\u00e9n una familia llena de talentosos expertos que ayudan a las marcas globales, empresas, medianas empresas o incluso nuevas empresas con soluciones innovadoras.<\/p>\n\n\n\n<div style=\"height:50px\" aria-hidden=\"true\" class=\"wp-block-spacer\"><\/div>\n\n\n\n<style>.embed-container { position: relative; padding-bottom: 56.25%; height: 0; overflow: hidden; max-width: 100%; } .embed-container iframe, .embed-container object, .embed-container embed { position: absolute; top: 0; left: 0; width: 100%; height: 100%; }<\/style><div class=\"embed-container\"><iframe src=\"https:\/\/www.youtube.com\/embed\/\/KGnBII4kl88\" frameborder=\"0\" allowfullscreen=\"\"><\/iframe><\/div>\n\n\n\n<div style=\"height:50px\" aria-hidden=\"true\" class=\"wp-block-spacer\"><\/div>\n\n\n\n<div class=\"wp-block-columns is-layout-flex wp-container-core-columns-is-layout-9d6595d7 wp-block-columns-is-layout-flex\">\n<div class=\"wp-block-column is-layout-flow wp-block-column-is-layout-flow\">\n<h3 class=\"has-text-align-center wp-block-heading\">Quienes somos<\/h3>\n\n\n\n<p class=\"has-text-align-center\">Gevelopers no es una entidad, es una familia que representa la uni\u00f3n durante m\u00e1s de dos d\u00e9cadas de un viaje exitoso. Para Gevelopers, la definici\u00f3n de \u00e9xito es trascender las ideas innovadoras de las personas a la realidad con la ayuda de nuestra experiencia tecnol\u00f3gica, \u00a1esto es por lo que nosotros, como equipo, queremos ser recordados!<\/p>\n\n\n\n<p class=\"has-text-align-center\">Nuestra visi\u00f3n ha llevado a Gevelopers a convertirse en una de las principales empresas de TI en Europa, Turqu\u00eda, Singapur y EE. UU. Para ofrecer diversas soluciones de movilidad lideradas por la industria. El objetivo es empoderar a los clientes y las empresas mediante la creaci\u00f3n de nuevas posibilidades aprovechando las tecnolog\u00edas de hoy y de ma\u00f1ana con la m\u00e1xima calidad, satisfacci\u00f3n y transparencia.<\/p>\n<\/div>\n\n\n\n<div class=\"wp-block-column is-layout-flow wp-block-column-is-layout-flow\">\n<h3 class=\"has-text-align-center wp-block-heading\">Que hacemos<\/h3>\n\n\n\n<p class=\"has-text-align-center\">Nuestro entusiasmo nos ha llevado a convertirnos en una empresa de TI l\u00edder en Europa, Turqu\u00eda, Singapur y EE. UU. Por ofrecer diversas soluciones de movilidad lideradas por la industria en dominios de desarrollo de aplicaciones web y m\u00f3viles que aprovechan tecnolog\u00edas futuristas como Internet de las cosas (IoT), AI-ML, AR -VR, asistentes de voz y habilidades de voz, DevOps y computaci\u00f3n en la nube, etc.<\/p>\n\n\n\n<p class=\"has-text-align-center\">Nos sentimos empoderados con nuestros expertos en tecnolog\u00eda certificados y nuestro equipo de I + D que siempre se han desafiado a s\u00ed mismos para ayudar a la clientela global con una gran cantidad de servicios y soluciones de TI. El compromiso con nuestro equipo garantiza a nuestros clientes un gran ahorro de dinero en el desarrollo de proyectos con una entrega m\u00e1s r\u00e1pida.<\/p>\n<\/div>\n<\/div>\n\n\n\n<div style=\"height:50px\" aria-hidden=\"true\" class=\"wp-block-spacer\"><\/div>\n\n\n\n<h2 class=\"has-text-align-center wp-block-heading\">Creencia de todos los desarrolladores<\/h2>\n\n\n\n<div class=\"wp-block-columns is-layout-flex wp-container-core-columns-is-layout-9d6595d7 wp-block-columns-is-layout-flex\">\n<div class=\"wp-block-column is-layout-flow wp-block-column-is-layout-flow\">\n<center><img decoding=\"async\" src=\"https:\/\/gevelopers.com\/wp-content\/uploads\/2021\/04\/ic-belief-people1.svg\" alt=\"Creencias-Personas-Desarrolladoras\" style=\"width:50px;height:50px\"><\/center>\n\n\n\n<h4 class=\"has-text-align-center wp-block-heading\">Enfoque centrado en el cliente<\/h4>\n\n\n\n<p class=\"has-text-align-center\">Para cualquier negocio, los clientes siempre est\u00e1n en el centro. Siendo una empresa l\u00edder en desarrollo de aplicaciones web y m\u00f3viles, nuestra definici\u00f3n va m\u00e1s all\u00e1 de nuestros clientes directos. Siempre partimos de donde usted est\u00e1 con sus ideas y pensamos desde la perspectiva de SUS clientes finales, sus \u00e1reas de dolor y dise\u00f1amos una soluci\u00f3n que resuelve los problemas centrales en beneficio de su negocio.<\/p>\n<\/div>\n\n\n\n<div class=\"wp-block-column is-layout-flow wp-block-column-is-layout-flow\">\n<center><img decoding=\"async\" src=\"https:\/\/gevelopers.com\/wp-content\/uploads\/2021\/04\/ic-belief-research1.svg\" alt=\"Creencias-investigaci\u00f3n1-gevelopers\" style=\"width:50px;height:50px\"><\/center>\n\n\n\n<h4 class=\"has-text-align-center wp-block-heading\">Colaboraci\u00f3n eficaz<\/h4>\n\n\n\n<p class=\"has-text-align-center\">La comunicaci\u00f3n es la clave. A veces tendemos a comunicarnos en exceso. Aunque suena abrumador, al final funciona de maravilla para el negocio de nuestros clientes. Cuando nuestro equipo de desarrollo colabora con nuestros clientes que se encuentran a miles de kil\u00f3metros de distancia, es evidente que nos mantenemos en contacto con plataformas y medios que permiten efectividad, transparencia y precisi\u00f3n.<\/p>\n<\/div>\n\n\n\n<div class=\"wp-block-column is-layout-flow wp-block-column-is-layout-flow\">\n<center><img decoding=\"async\" src=\"https:\/\/gevelopers.com\/wp-content\/uploads\/2021\/04\/ic-belief-product-driven1.svg\" alt=\"Creencias impulsadas por el producto\" style=\"width:50px;height:50px\"><\/center>\n\n\n\n<h4 class=\"has-text-align-center wp-block-heading\">Calidad entregada a tiempo<\/h4>\n\n\n\n<p class=\"has-text-align-center\">Con m\u00e1s de dos d\u00e9cadas de experiencia en la industria de desarrollo de software de TI en alta mar, tenemos un gran conjunto de marcos internos con la mejor infraestructura de su clase que nos permite ofrecer soluciones con calidad superior, en todo momento. Todos estos a\u00f1os, hemos aprendido c\u00f3mo prevenir fallas y replicar el \u00e9xito. No solo nos jactamos de la calidad. Lo definimos y lo entregamos a tiempo.<\/p>\n<\/div>\n<\/div>\n\n\n\n<div style=\"height:50px\" aria-hidden=\"true\" class=\"wp-block-spacer\"><\/div>\n\n\n\n<figure class=\"wp-block-gallery columns-3 is-cropped wp-block-gallery-1 is-layout-flex wp-block-gallery-is-layout-flex\"><ul class=\"blocks-gallery-grid\"><li class=\"blocks-gallery-item\"><figure><img loading=\"lazy\" decoding=\"async\" width=\"360\" height=\"414\" src=\"https:\/\/gevelopers.com\/wp-content\/uploads\/2021\/07\/about-gevelopers-infrastructure-img-1.webp\" alt=\"sobre-gevelopers-infraestructura-img-1\" data-id=\"4647\" data-full-url=\"https:\/\/gevelopers.com\/wp-content\/uploads\/2021\/07\/about-gevelopers-infrastructure-img-1.webp\" data-link=\"https:\/\/gevelopers.com\/about\/about-gevelopers-infrastructure-img-1\/\" class=\"wp-image-4647\" srcset=\"https:\/\/gevelopers.com\/wp-content\/uploads\/2021\/07\/about-gevelopers-infrastructure-img-1.webp 360w, https:\/\/gevelopers.com\/wp-content\/uploads\/2021\/07\/about-gevelopers-infrastructure-img-1-261x300.webp 261w, https:\/\/gevelopers.com\/wp-content\/uploads\/2021\/07\/about-gevelopers-infrastructure-img-1-10x12.webp 10w\" sizes=\"auto, (max-width: 360px) 100vw, 360px\" \/><\/figure><\/li><li class=\"blocks-gallery-item\"><figure><img loading=\"lazy\" decoding=\"async\" width=\"360\" height=\"256\" src=\"https:\/\/gevelopers.com\/wp-content\/uploads\/2021\/07\/about-gevelopers-infrastructure-img-4.webp\" alt=\"sobre-gevelopers-infraestructura-img-4\" data-id=\"4649\" data-full-url=\"https:\/\/gevelopers.com\/wp-content\/uploads\/2021\/07\/about-gevelopers-infrastructure-img-4.webp\" data-link=\"https:\/\/gevelopers.com\/about\/about-gevelopers-infrastructure-img-4\/\" class=\"wp-image-4649\" srcset=\"https:\/\/gevelopers.com\/wp-content\/uploads\/2021\/07\/about-gevelopers-infrastructure-img-4.webp 360w, https:\/\/gevelopers.com\/wp-content\/uploads\/2021\/07\/about-gevelopers-infrastructure-img-4-300x213.webp 300w, https:\/\/gevelopers.com\/wp-content\/uploads\/2021\/07\/about-gevelopers-infrastructure-img-4-16x12.webp 16w\" sizes=\"auto, (max-width: 360px) 100vw, 360px\" \/><\/figure><\/li><li class=\"blocks-gallery-item\"><figure><img loading=\"lazy\" decoding=\"async\" width=\"360\" height=\"414\" src=\"https:\/\/gevelopers.com\/wp-content\/uploads\/2021\/07\/about-gevelopers-infrastructure-img-5.webp\" alt=\"sobre-gevelopers-infraestructura-img-5\" data-id=\"4650\" data-full-url=\"https:\/\/gevelopers.com\/wp-content\/uploads\/2021\/07\/about-gevelopers-infrastructure-img-5.webp\" data-link=\"https:\/\/gevelopers.com\/about\/about-gevelopers-infrastructure-img-5\/\" class=\"wp-image-4650\" srcset=\"https:\/\/gevelopers.com\/wp-content\/uploads\/2021\/07\/about-gevelopers-infrastructure-img-5.webp 360w, https:\/\/gevelopers.com\/wp-content\/uploads\/2021\/07\/about-gevelopers-infrastructure-img-5-261x300.webp 261w, https:\/\/gevelopers.com\/wp-content\/uploads\/2021\/07\/about-gevelopers-infrastructure-img-5-10x12.webp 10w\" sizes=\"auto, (max-width: 360px) 100vw, 360px\" \/><\/figure><\/li><li class=\"blocks-gallery-item\"><figure><img loading=\"lazy\" decoding=\"async\" width=\"945\" height=\"700\" src=\"https:\/\/gevelopers.com\/wp-content\/uploads\/2021\/07\/about-gevelopers-infrastructure-img-3.webp\" alt=\"sobre-gevelopers-infraestructura-img-3\" data-id=\"4648\" data-full-url=\"https:\/\/gevelopers.com\/wp-content\/uploads\/2021\/07\/about-gevelopers-infrastructure-img-3.webp\" data-link=\"https:\/\/gevelopers.com\/about\/about-gevelopers-infrastructure-img-3\/\" class=\"wp-image-4648\" srcset=\"https:\/\/gevelopers.com\/wp-content\/uploads\/2021\/07\/about-gevelopers-infrastructure-img-3.webp 945w, https:\/\/gevelopers.com\/wp-content\/uploads\/2021\/07\/about-gevelopers-infrastructure-img-3-300x222.webp 300w, https:\/\/gevelopers.com\/wp-content\/uploads\/2021\/07\/about-gevelopers-infrastructure-img-3-768x569.webp 768w, https:\/\/gevelopers.com\/wp-content\/uploads\/2021\/07\/about-gevelopers-infrastructure-img-3-16x12.webp 16w\" sizes=\"auto, (max-width: 945px) 100vw, 945px\" \/><\/figure><\/li><\/ul><\/figure>","protected":false},"excerpt":{"rendered":"<p>Award-winning Software Development Company Since 2015 Gevelopers is not only a globally recognized IT company but also a family filled&#8230;<\/p>","protected":false},"author":1,"featured_media":262,"parent":0,"menu_order":0,"comment_status":"closed","ping_status":"closed","template":"","meta":{"footnotes":""},"class_list":["post-319","page","type-page","status-publish","has-post-thumbnail","hentry"],"_links":{"self":[{"href":"https:\/\/gevelopers.com\/es\/wp-json\/wp\/v2\/pages\/319","targetHints":{"allow":["GET"]}}],"collection":[{"href":"https:\/\/gevelopers.com\/es\/wp-json\/wp\/v2\/pages"}],"about":[{"href":"https:\/\/gevelopers.com\/es\/wp-json\/wp\/v2\/types\/page"}],"author":[{"embeddable":true,"href":"https:\/\/gevelopers.com\/es\/wp-json\/wp\/v2\/users\/1"}],"replies":[{"embeddable":true,"href":"https:\/\/gevelopers.com\/es\/wp-json\/wp\/v2\/comments?post=319"}],"version-history":[{"count":0,"href":"https:\/\/gevelopers.com\/es\/wp-json\/wp\/v2\/pages\/319\/revisions"}],"wp:featuredmedia":[{"embeddable":true,"href":"https:\/\/gevelopers.com\/es\/wp-json\/wp\/v2\/media\/262"}],"wp:attachment":[{"href":"https:\/\/gevelopers.com\/es\/wp-json\/wp\/v2\/media?parent=319"}],"curies":[{"name":"wp","href":"https:\/\/api.w.org\/{rel}","templated":true}]}}