{"id":3874,"date":"2021-07-13T08:37:59","date_gmt":"2021-07-13T08:37:59","guid":{"rendered":"https:\/\/gevelopers.com\/?page_id=3874"},"modified":"2021-07-23T08:06:57","modified_gmt":"2021-07-23T08:06:57","slug":"gambling-game-development","status":"publish","type":"page","link":"https:\/\/gevelopers.com\/es\/gambling-game-development\/","title":{"rendered":"Desarrollo de juegos de apuestas"},"content":{"rendered":"<p class=\"has-text-align-center\">Gevelopers tiene una gran trayectoria en el desarrollo de proyectos profesionales de apuestas con dinero real y juegos de casino sociales para varias plataformas. Ofrecemos soluciones de productos \u00fanicas que incluyen juegos de cartas multijugador, tragamonedas, loter\u00edas y otros proyectos de apuestas de alta calidad que son entretenidos y visualmente impresionantes a la vista. Las interfaces atractivas y el c\u00f3digo estricto son los ingredientes principales para crear un excelente software de juegos de azar, y eso es algo en lo que Gevelopers cree firmemente y siempre lo ofrece.<\/p>\n\n\n\n<div style=\"height:25px\" aria-hidden=\"true\" class=\"wp-block-spacer\"><\/div>\n\n\n\n<div class=\"wp-block-columns is-layout-flex wp-container-core-columns-is-layout-9d6595d7 wp-block-columns-is-layout-flex\">\n<div class=\"wp-block-column is-layout-flow wp-block-column-is-layout-flow\">\n<div class=\"wp-block-buttons is-content-justification-center is-layout-flex wp-block-buttons-is-layout-flex\">\n<div class=\"wp-block-button has-custom-width wp-block-button__width-50\"><a class=\"wp-block-button__link has-luminous-vivid-orange-to-vivid-red-gradient-background has-text-color has-background\" href=\"https:\/\/gevelopers.com\/es\/get-started\/\" style=\"border-radius:2px;color:#fcf6f6\" rel=\"https:\/\/gevelopers.com\/gambling-game-development\/#contact\">OBTENGA CONSULTA GRATIS<\/a><\/div>\n<\/div>\n<\/div>\n<\/div>\n\n\n\n<div style=\"height:50px\" aria-hidden=\"true\" class=\"wp-block-spacer\"><\/div>\n\n\n\n<div class=\"wp-block-columns is-layout-flex wp-container-core-columns-is-layout-9d6595d7 wp-block-columns-is-layout-flex\">\n<div class=\"wp-block-column is-layout-flow wp-block-column-is-layout-flow\">\n<div class=\"wp-block-media-text alignwide has-media-on-the-right is-stacked-on-mobile\"><figure class=\"wp-block-media-text__media\"><img decoding=\"async\" src=\"https:\/\/gevelopers.com\/wp-content\/uploads\/2021\/07\/gambling-card-game-development-gevelopers.webp\" alt=\"desarrollo-de-juegos-de-cartas-de-apuestas\" class=\"wp-image-3875 size-full\"\/><\/figure><div class=\"wp-block-media-text__content\">\n<h3 class=\"wp-block-heading\">Juegos de cartas<\/h3>\n\n\n\n<p>Jugar a las cartas es un mont\u00f3n de diversi\u00f3n que se vuelve a\u00fan mejor una vez que te conectas. No hay nada mejor que sentarse y sumergirse en un mundo mejorado de juegos de cartas donde puede jugar y socializar con la gente, lo que lo hace mucho m\u00e1s conveniente que ir a un casino real. Los juegos de azar en l\u00ednea tienen la ventaja de ofrecer im\u00e1genes distintas, temas coloridos y bonificaciones que van m\u00e1s all\u00e1 del juego de la vida real. Gevelopers ha desarrollado una variedad de juegos de cartas multijugador, que incluyen p\u00f3quer en l\u00ednea, blackjack, baccarat y otros juegos de cartas que se alimentan en servidores de alta capacidad para que los disfruten millones de usuarios en todo el mundo. Cada juego pasa por pruebas exhaustivas para garantizar la calidad y la estabilidad.<\/p>\n<\/div><\/div>\n\n\n\n<div style=\"height:25px\" aria-hidden=\"true\" class=\"wp-block-spacer\"><\/div>\n\n\n\n<div class=\"wp-block-media-text alignwide is-stacked-on-mobile\"><figure class=\"wp-block-media-text__media\"><img decoding=\"async\" src=\"https:\/\/gevelopers.com\/wp-content\/uploads\/2021\/07\/gambling-slots-game-development-gevelopers.webp\" alt=\"desarrollo-de-juegos-tragamonedas-juegos-de-apuestas\" class=\"wp-image-3877 size-full\"\/><\/figure><div class=\"wp-block-media-text__content\">\n<h3 class=\"wp-block-heading\">Ranuras<\/h3>\n\n\n\n<p>Gevelopers es un desarrollador experto de tragamonedas profesionales para casinos en l\u00ednea y proyectos de casinos sociales. Pulimos cada peque\u00f1o detalle del juego a la perfecci\u00f3n para satisfacer incluso a los jugadores m\u00e1s exigentes. El desarrollo requiere mucha paciencia, ya que el desarrollo de software de tragamonedas es un oficio que requiere un gran enfoque y precisi\u00f3n, por eso inspeccionamos meticulosamente cada paso y entregamos im\u00e1genes impresionantes y c\u00f3digo estricto dentro de nuestras m\u00e1quinas tragamonedas en l\u00ednea. Gevelopers produce tragamonedas que tienen una serie de ventajas distintas, incluida una interfaz f\u00e1cil de usar, gr\u00e1ficos admirables y animaciones impresionantes. \u00a1Girar carretes de tragamonedas es mucho m\u00e1s divertido cuando tienes temas personalizados, personajes y caracter\u00edsticas \u00fanicas que lideran cada paso del juego!<\/p>\n<\/div><\/div>\n\n\n\n<div style=\"height:25px\" aria-hidden=\"true\" class=\"wp-block-spacer\"><\/div>\n\n\n\n<div class=\"wp-block-media-text alignwide has-media-on-the-right is-stacked-on-mobile\"><figure class=\"wp-block-media-text__media\"><img decoding=\"async\" src=\"https:\/\/gevelopers.com\/wp-content\/uploads\/2021\/07\/gambling-game-lottery-development-gevelopers.webp\" alt=\"desarrollo-de-loter\u00eda-juegos-de-apuestas-gevelopers\" class=\"wp-image-3876 size-full\"\/><\/figure><div class=\"wp-block-media-text__content\">\n<h3 class=\"wp-block-heading\">Loter\u00edas<\/h3>\n\n\n\n<p>Atr\u00e1s quedaron los d\u00edas en los que ten\u00eda que comprar billetes de rasca y gana de papel para participar en loter\u00edas y ganar premios. La gente est\u00e1 recurriendo gradualmente a las loter\u00edas en l\u00ednea debido a su comodidad y las emocionantes caracter\u00edsticas que ofrecen los juegos. Con m\u00e1s de 2 mil millones de jugadores de loter\u00eda en l\u00ednea en el mundo, no es de extra\u00f1ar que el juego desde su propia casa sea atractivo. La facilidad con la que la loter\u00eda le permite tener una oportunidad de ganar dinero lo convierte en uno de los juegos m\u00e1s populares, tanto para la participaci\u00f3n minorista como en l\u00ednea. Utilizamos tecnolog\u00eda de punta para el desarrollo de software y ofrecemos servicios completos para iniciar un nuevo negocio de loter\u00eda. Cada loter\u00eda desarrollada por Gevelopers tiene interfaces personalizables y f\u00e1ciles de usar y alta seguridad para garantizar la m\u00e1xima seguridad.<\/p>\n<\/div><\/div>\n\n\n\n<div style=\"height:50px\" aria-hidden=\"true\" class=\"wp-block-spacer\"><\/div>\n\n\n\n<h2 class=\"has-text-align-center wp-block-heading\">Desarrollo de juegos de casino<\/h2>\n\n\n\n<div class=\"wp-block-media-text alignwide is-stacked-on-mobile\"><figure class=\"wp-block-media-text__media\"><img decoding=\"async\" src=\"https:\/\/gevelopers.com\/wp-content\/uploads\/2021\/07\/casino-game-development.webp\" alt=\"desarrollo-de-juegos-de-casino-gevelopers\" class=\"wp-image-3886 size-full\"\/><\/figure><div class=\"wp-block-media-text__content\">\n<h3 class=\"wp-block-heading\">Integraci\u00f3n de software de juegos de casino<\/h3>\n\n\n\n<p>Integre bases de datos primarias y secundarias para la migraci\u00f3n de datos y programe sistemas de validaci\u00f3n de cr\u00e9dito para integrarlos con anticipos en efectivo, l\u00edneas de cr\u00e9dito y capacidades de cajeros autom\u00e1ticos.<\/p>\n\n\n\n<h3 class=\"wp-block-heading\">Generadores de n\u00fameros aleatorios (RNG)<\/h3>\n\n\n\n<p>Las soluciones de integraci\u00f3n de generadores de n\u00fameros aleatorios (RNG) incluyen la integraci\u00f3n de aplicaciones con los cuatro principales sistemas de seguimiento de jugadores de casino: IGT, Aristocrat, Konami y Bally&#039;s.<\/p>\n\n\n\n<h3 class=\"wp-block-heading\">Seguridad del software de juegos de casino<\/h3>\n\n\n\n<p>Dise\u00f1e protocolos criptogr\u00e1ficos para asegurar el transporte de datos a nivel de aplicaci\u00f3n, incluido el acuerdo de claves, la autenticaci\u00f3n de entidades, los m\u00e9todos de no repudio y el cifrado sim\u00e9trico.<\/p>\n<\/div><\/div>\n\n\n\n<div style=\"height:50px\" aria-hidden=\"true\" class=\"wp-block-spacer\"><\/div>\n\n\n\n<h2 class=\"has-text-align-center wp-block-heading\">Soluciones de software de casino en l\u00ednea<\/h2>\n\n\n\n<p class=\"has-text-align-center\">Los desarrolladores de software altamente capacitados y experimentados de Gevelopers controlan todos los aspectos del ciclo de vida del desarrollo del software de juegos de casino en l\u00ednea, desde la creaci\u00f3n de prototipos hasta la codificaci\u00f3n, el control de calidad y el lanzamiento.<\/p>\n\n\n\n<div class=\"wp-block-media-text alignwide has-media-on-the-right is-stacked-on-mobile\"><figure class=\"wp-block-media-text__media\"><img decoding=\"async\" src=\"https:\/\/gevelopers.com\/wp-content\/uploads\/2021\/07\/custmore-performance-tab.webp\" alt=\"custmore-performance-tab-gevelopers\" class=\"wp-image-3887 size-full\"\/><\/figure><div class=\"wp-block-media-text__content\">\n<h3 class=\"wp-block-heading\">Desarrollo de software de casino en l\u00ednea<\/h3>\n\n\n\n<p>Desarrolle juegos de casino en l\u00ednea Clase \u2161 y Clase \u2162, incluidas las tragamonedas (cl\u00e1sicas, de video y progresivas), p\u00f3quer, bingo, baccarat, blackjack, ruleta, dados, apuestas deportivas y m\u00e1s.<\/p>\n\n\n\n<h3 class=\"wp-block-heading\">Motor matem\u00e1tico de juegos de casino en l\u00ednea<\/h3>\n\n\n\n<p>Desarrolle juegos con una l\u00f3gica de generador de n\u00fameros aleatorios (RNG), algoritmos matem\u00e1ticos y motores de c\u00e1lculo, tablas de pagos, par\u00e1metros de reglas del juego y f\u00f3rmulas de ronda de bonificaci\u00f3n.<\/p>\n\n\n\n<h3 class=\"wp-block-heading\">Gesti\u00f3n y protecci\u00f3n contra el fraude de casinos en l\u00ednea<\/h3>\n\n\n\n<p>Integre la tecnolog\u00eda blockchain y la protecci\u00f3n de seguridad SSL, adem\u00e1s de firewalls, m\u00f3dulos antifraude, motores de informes, sistemas de gesti\u00f3n de riesgos y funciones de seguridad KYC.<\/p>\n<\/div><\/div>\n\n\n\n<div style=\"height:50px\" aria-hidden=\"true\" class=\"wp-block-spacer\"><\/div>\n\n\n\n<h2 class=\"has-text-align-center wp-block-heading\">Soluciones de software para sorteos<\/h2>\n\n\n\n<p class=\"has-text-align-center\">Los ingenieros de Gevelopers ofrecen soluciones de software para sorteos que incluyen aplicaciones de sorteos, m\u00e1scaras de juegos, animaciones, gr\u00e1ficos y m\u00e1s, adem\u00e1s de integraciones de software de quiosco con UX \/ UI intuitivas.<\/p>\n\n\n\n<div class=\"wp-block-media-text alignwide is-stacked-on-mobile\"><figure class=\"wp-block-media-text__media\"><img decoding=\"async\" src=\"https:\/\/gevelopers.com\/wp-content\/uploads\/2021\/07\/fantasy-sports-software-solutions.webp\" alt=\"fantas\u00eda-deportes-software-soluciones-gevelopers\" class=\"wp-image-3889 size-full\"\/><\/figure><div class=\"wp-block-media-text__content\">\n<h3 class=\"wp-block-heading\">Desarrollo de bases de datos de sorteos<\/h3>\n\n\n\n<p>Programe bases de datos centrales de sorteos con l\u00f3gica de juegos y motores matem\u00e1ticos, adem\u00e1s de funciones avanzadas para informes personalizados, paneles de administraci\u00f3n y an\u00e1lisis.<\/p>\n\n\n\n<h3 class=\"wp-block-heading\">Integraci\u00f3n de pagos de sorteos<\/h3>\n\n\n\n<p>Ingeniero de sistemas de procesamiento de pagos de sorteos, que incluyen pasarela de pago, sistemas POS, m\u00f3dulos de caja, validaci\u00f3n de facturas y otras integraciones de pago.<\/p>\n\n\n\n<h3 class=\"wp-block-heading\">Software de sorteos por Internet<\/h3>\n\n\n\n<p>Programamos software de sorteos en Internet para varias plataformas (escritorio, nube, m\u00f3vil y m\u00e1s), integrando juegos instant\u00e1neos con plataformas populares de redes sociales.<\/p>\n<\/div><\/div>\n<\/div>\n<\/div>\n\n\n\n<div style=\"height:50px\" aria-hidden=\"true\" class=\"wp-block-spacer\"><\/div>\n\n\n\n<div class=\"wp-block-media-text alignwide has-media-on-the-right is-stacked-on-mobile\"><figure class=\"wp-block-media-text__media\"><img decoding=\"async\" src=\"https:\/\/gevelopers.com\/wp-content\/uploads\/2021\/07\/get-sweepstakes-software-solutions.webp\" alt=\"obtener-sorteos-soluciones-de-software-gevelopers\" class=\"wp-image-3890 size-full\"\/><\/figure><div class=\"wp-block-media-text__content\">\n<h3 class=\"wp-block-heading\">ASEGURAMOS EL CUMPLIMIENTO DE LAS REGULACIONES DE JUEGOS<\/h3>\n\n\n\n<p>Los expertos en desarrollo, integraci\u00f3n e implementaci\u00f3n de software de juegos de Chetu cumplen con los est\u00e1ndares regulatorios, incluidos GLI-11 a GLI-31, certificado de juego en l\u00ednea para Malta Gaming Board, certificado de jurisdicci\u00f3n para el regulador de Bahamas, certificados de juego para la Isla de Man y certificaci\u00f3n de no jurisdicci\u00f3n. para el portal de jugadores y BMM Labs.<\/p>\n<\/div><\/div>\n\n\n\n<div style=\"height:50px\" aria-hidden=\"true\" class=\"wp-block-spacer\"><\/div>\n\n\n\n<p class=\"has-text-align-center\"><strong>Confiado por<\/strong><\/p>\n\n\n\n<h2 class=\"has-text-align-center wp-block-heading\">Marcas populares en todo el mundo<\/h2>\n\n\n\n<div style=\"height:25px\" aria-hidden=\"true\" class=\"wp-block-spacer\"><\/div>\n\n\n\n<div class=\"wp-block-columns is-layout-flex wp-container-core-columns-is-layout-9d6595d7 wp-block-columns-is-layout-flex\">\n<div class=\"wp-block-column is-layout-flow wp-block-column-is-layout-flow\">\n<center><img decoding=\"async\" src=\"https:\/\/gevelopers.com\/wp-content\/uploads\/2021\/05\/logo-brand-black-oracle1.svg\" alt=\"logo-brand-black-oracle-gevelopers\" style=\"width:150px;height:55px\"><\/center>\n<\/div>\n\n\n\n<div class=\"wp-block-column is-layout-flow wp-block-column-is-layout-flow\">\n<center><img decoding=\"async\" src=\"https:\/\/gevelopers.com\/wp-content\/uploads\/2021\/05\/logo-cambridge-v31.svg\" alt=\"logo-cambridge-v3-gevelopers\" style=\"width:150px;height:55px\"><\/center>\n<\/div>\n\n\n\n<div class=\"wp-block-column is-layout-flow wp-block-column-is-layout-flow\">\n<center><img decoding=\"async\" src=\"https:\/\/gevelopers.com\/wp-content\/uploads\/2021\/05\/logo-brand-black-mumayizv21.svg\" alt=\"logo-brand-black-mumayizv2-gevelopers\" style=\"width:150px;height:50px\"><\/center>\n<\/div>\n\n\n\n<div class=\"wp-block-column is-layout-flow wp-block-column-is-layout-flow\">\n<center><img decoding=\"async\" src=\"https:\/\/gevelopers.com\/wp-content\/uploads\/2021\/05\/logo-brand-black-mtn1.svg\" alt=\"logo-brand-black-mtn-gevelopers\" style=\"width:150px;height:50px\"><\/center>\n<\/div>\n\n\n\n<div class=\"wp-block-column is-layout-flow wp-block-column-is-layout-flow\">\n<center><img decoding=\"async\" src=\"https:\/\/gevelopers.com\/wp-content\/uploads\/2021\/05\/logo-brand-black-mtu1.svg\" alt=\"logo-brand-black-mtu-gevelopers\" style=\"width:150px;height:50px\"><\/center>\n<\/div>\n<\/div>\n\n\n\n<div style=\"height:25px\" aria-hidden=\"true\" class=\"wp-block-spacer\"><\/div>\n\n\n\n<div class=\"wp-block-columns is-layout-flex wp-container-core-columns-is-layout-9d6595d7 wp-block-columns-is-layout-flex\">\n<div class=\"wp-block-column is-layout-flow wp-block-column-is-layout-flow\">\n<center><img decoding=\"async\" src=\"https:\/\/gevelopers.com\/wp-content\/uploads\/2021\/05\/logo-brand-black-bcg1.svg\" alt=\"logo-brand-black-bcg-gevelopers\" style=\"width:150px;height:50px\"><\/center>\n<\/div>\n\n\n\n<div class=\"wp-block-column is-layout-flow wp-block-column-is-layout-flow\">\n<center><img decoding=\"async\" src=\"https:\/\/gevelopers.com\/wp-content\/uploads\/2021\/05\/logo-brand-black-sanchobbdo1.svg\" alt=\"logo-brand-black-sanchobbdo-gevelopers\" style=\"width:150px;height:50px\"><\/center>\n<\/div>\n\n\n\n<div class=\"wp-block-column is-layout-flow wp-block-column-is-layout-flow\">\n<center><img decoding=\"async\" src=\"https:\/\/gevelopers.com\/wp-content\/uploads\/2021\/05\/logo-brand-black-gulfstream1.svg\" alt=\"logo-brand-black-gulfstream-gevelopers\" style=\"width:150px;height:50px\"><\/center>\n<\/div>\n\n\n\n<div class=\"wp-block-column is-layout-flow wp-block-column-is-layout-flow\">\n<center><img decoding=\"async\" src=\"https:\/\/gevelopers.com\/wp-content\/uploads\/2021\/05\/logo-brand-black-daman1.svg\" alt=\"logo-brand-black-daman-gevelopers\" style=\"width:150px;height:50px\"><\/center>\n<\/div>\n\n\n\n<div class=\"wp-block-column is-layout-flow wp-block-column-is-layout-flow\">\n<center><img decoding=\"async\" src=\"https:\/\/gevelopers.com\/wp-content\/uploads\/2021\/05\/logo-brand-black-astrazeneca1.svg\" alt=\"logo-brand-black-astrazeneca-gevelopers\" style=\"width:150px;height:50px\"><\/center>\n<\/div>\n<\/div>\n\n\n\n<div style=\"height:25px\" aria-hidden=\"true\" class=\"wp-block-spacer\"><\/div>\n\n\n\n<div class=\"wp-block-columns is-layout-flex wp-container-core-columns-is-layout-9d6595d7 wp-block-columns-is-layout-flex\">\n<div class=\"wp-block-column is-layout-flow wp-block-column-is-layout-flow\">\n<center><img decoding=\"async\" src=\"https:\/\/gevelopers.com\/wp-content\/uploads\/2021\/05\/logo-brand-black-vfsglobal1.svg\" alt=\"logo-brand-black-vfsglobal-gevelopers\" style=\"width:150px;height:50px\"><\/center>\n<\/div>\n\n\n\n<div class=\"wp-block-column is-layout-flow wp-block-column-is-layout-flow\">\n<center><img decoding=\"async\" src=\"https:\/\/gevelopers.com\/wp-content\/uploads\/2021\/05\/logo-brand-black-haas1.svg\" alt=\"logo-marca-negro-haas-gevelopers\" style=\"width:150px;height:50px\"><\/center>\n<\/div>\n\n\n\n<div class=\"wp-block-column is-layout-flow wp-block-column-is-layout-flow\">\n<center><img decoding=\"async\" src=\"https:\/\/gevelopers.com\/wp-content\/uploads\/2021\/05\/logo-brand-black-tata1.svg\" alt=\"logo-brand-black-tata-gevelopers\" style=\"width:150px;height:50px\"><\/center>\n<\/div>\n\n\n\n<div class=\"wp-block-column is-layout-flow wp-block-column-is-layout-flow\">\n<center><img decoding=\"async\" src=\"https:\/\/gevelopers.com\/wp-content\/uploads\/2021\/05\/logo-brand-black-yahoo1.svg\" alt=\"logo-brand-negro-yahoo-gevelopers\" style=\"width:150px;height:50px\"><\/center>\n<\/div>\n\n\n\n<div class=\"wp-block-column is-layout-flow wp-block-column-is-layout-flow\">\n<center><img decoding=\"async\" src=\"https:\/\/gevelopers.com\/wp-content\/uploads\/2021\/05\/logo-brand-black-smithfield1.svg\" alt=\"logo-brand-black-smithfield-gevelopers\" style=\"width:150px;height:50px\"><\/center>\n<\/div>\n<\/div>\n\n\n\n<div style=\"height:25px\" aria-hidden=\"true\" class=\"wp-block-spacer\"><\/div>\n\n\n\n<div class=\"wp-block-columns is-layout-flex wp-container-core-columns-is-layout-9d6595d7 wp-block-columns-is-layout-flex\">\n<div class=\"wp-block-column is-layout-flow wp-block-column-is-layout-flow\">\n<center><img decoding=\"async\" src=\"https:\/\/gevelopers.com\/wp-content\/uploads\/2021\/05\/logo-brand-black-best-buy1.svg\" alt=\"logo-brand-black-best-buy-gevelopers\" style=\"width:150px;height:50px\"><\/center>\n<\/div>\n\n\n\n<div class=\"wp-block-column is-layout-flow wp-block-column-is-layout-flow\">\n<center><img decoding=\"async\" src=\"https:\/\/gevelopers.com\/wp-content\/uploads\/2021\/05\/logo-brand-black-essilor1.svg\" alt=\"logo-brand-black-essilor-gevelopers\" style=\"width:150px;height:50px\"><\/center>\n<\/div>\n\n\n\n<div class=\"wp-block-column is-layout-flow wp-block-column-is-layout-flow\">\n<center><img decoding=\"async\" src=\"https:\/\/gevelopers.com\/wp-content\/uploads\/2021\/05\/logo-brand-black-cosmopolitan1.svg\" alt=\"logo-brand-black-cosmopolitan-gevelopers\" style=\"width:150px;height:50px\"><\/center>\n<\/div>\n\n\n\n<div class=\"wp-block-column is-layout-flow wp-block-column-is-layout-flow\">\n<center><img decoding=\"async\" src=\"https:\/\/gevelopers.com\/wp-content\/uploads\/2021\/05\/logo-brand-black-abbott1.svg\" alt=\"logo-brand-black-abbott-gevelopers\" style=\"width:150px;height:50px\"><\/center>\n<\/div>\n\n\n\n<div class=\"wp-block-column is-layout-flow wp-block-column-is-layout-flow\">\n<center><img decoding=\"async\" src=\"https:\/\/gevelopers.com\/wp-content\/uploads\/2021\/05\/logo-brand-black-unsw1.svg\" alt=\"logo-brand-black-unsw-gevelopers\" style=\"width:150px;height:50px\"><\/center>\n<\/div>\n<\/div>\n\n\n\n<div style=\"height:25px\" aria-hidden=\"true\" class=\"wp-block-spacer\"><\/div>\n\n\n\n<div class=\"wp-block-columns is-layout-flex wp-container-core-columns-is-layout-9d6595d7 wp-block-columns-is-layout-flex\">\n<div class=\"wp-block-column is-layout-flow wp-block-column-is-layout-flow\">\n<center><img decoding=\"async\" src=\"https:\/\/gevelopers.com\/wp-content\/uploads\/2021\/05\/logo-brand-black-lifetechnologies1.svg\" alt=\"logo-brand-black-lifetechnologies-gevelopers\" style=\"width:150px;height:50px\"><\/center>\n<\/div>\n\n\n\n<div class=\"wp-block-column is-layout-flow wp-block-column-is-layout-flow\">\n<center><img decoding=\"async\" src=\"https:\/\/gevelopers.com\/wp-content\/uploads\/2021\/05\/logo-brand-black-jacksoncoker1.svg\" alt=\"logo-brand-black-jacksoncoker-gevelopers\" style=\"width:150px;height:50px\"><\/center>\n<\/div>\n\n\n\n<div class=\"wp-block-column is-layout-flow wp-block-column-is-layout-flow\">\n<center><img decoding=\"async\" src=\"https:\/\/gevelopers.com\/wp-content\/uploads\/2021\/05\/logo-brand-black-mcdonalds1.svg\" alt=\"logo-brand-black-mcdonalds-gevelopers\" style=\"width:150px;height:50px\"><\/center>\n<\/div>\n\n\n\n<div class=\"wp-block-column is-layout-flow wp-block-column-is-layout-flow\">\n<center><img decoding=\"async\" src=\"https:\/\/gevelopers.com\/wp-content\/uploads\/2021\/05\/logo-brand-black-vodafone1.svg\" alt=\"logo-marca-negro-vodafone-gevelopers\" style=\"width:150px;height:50px\"><\/center>\n<\/div>\n\n\n\n<div class=\"wp-block-column is-layout-flow wp-block-column-is-layout-flow\">\n<center><img decoding=\"async\" src=\"https:\/\/gevelopers.com\/wp-content\/uploads\/2021\/05\/logo-brand-black-adidas1.svg\" alt=\"logo-brand-negro-adidas-gevelopers\" style=\"width:150px;height:50px\"><\/center>\n<\/div>\n<\/div>\n\n\n\n<div style=\"height:25px\" aria-hidden=\"true\" class=\"wp-block-spacer\"><\/div>\n\n\n\n<div class=\"wp-block-columns is-layout-flex wp-container-core-columns-is-layout-9d6595d7 wp-block-columns-is-layout-flex\">\n<div class=\"wp-block-column is-layout-flow wp-block-column-is-layout-flow\">\n<center><img decoding=\"async\" src=\"https:\/\/gevelopers.com\/wp-content\/uploads\/2021\/05\/logo-brand-black-ndtv1.svg\" alt=\"logo-brand-black-ndtv-gevelopers\" style=\"width:150px;height:50px\"><\/center>\n<\/div>\n\n\n\n<div class=\"wp-block-column is-layout-flow wp-block-column-is-layout-flow\">\n<center><img decoding=\"async\" src=\"https:\/\/gevelopers.com\/wp-content\/uploads\/2021\/05\/logo-brand-black-kotak1.svg\" alt=\"logo-marca-negro-kotak-gevelopers\" style=\"width:150px;height:50px\"><\/center>\n<\/div>\n\n\n\n<div class=\"wp-block-column is-layout-flow wp-block-column-is-layout-flow\">\n<center><img decoding=\"async\" src=\"https:\/\/gevelopers.com\/wp-content\/uploads\/2021\/05\/logo-brand-black-macys1.svg\" alt=\"logo-marca-negro-macys-gevelopers\" style=\"width:150px;height:50px\"><\/center>\n<\/div>\n\n\n\n<div class=\"wp-block-column is-layout-flow wp-block-column-is-layout-flow\">\n<center><img decoding=\"async\" src=\"https:\/\/gevelopers.com\/wp-content\/uploads\/2021\/05\/logo-brand-black-cartier1.svg\" alt=\"logo-brand-black-cartier-gevelopers\" style=\"width:150px;height:50px\"><\/center>\n<\/div>\n\n\n\n<div class=\"wp-block-column is-layout-flow wp-block-column-is-layout-flow\">\n<center><img decoding=\"async\" src=\"https:\/\/gevelopers.com\/wp-content\/uploads\/2021\/05\/logo-brand-black-rimac1.svg\" alt=\"logo-brand-black-rimac-gevelopers\" style=\"width:150px;height:50px\"><\/center>\n<\/div>\n<\/div>\n\n\n\n<p><\/p>","protected":false},"excerpt":{"rendered":"<p>Gevelopers has a great track record of developing professional real money gambling projects and social casino games for various platforms&#8230;.<\/p>","protected":false},"author":1,"featured_media":0,"parent":0,"menu_order":0,"comment_status":"closed","ping_status":"closed","template":"","meta":{"footnotes":""},"class_list":["post-3874","page","type-page","status-publish","hentry"],"_links":{"self":[{"href":"https:\/\/gevelopers.com\/es\/wp-json\/wp\/v2\/pages\/3874","targetHints":{"allow":["GET"]}}],"collection":[{"href":"https:\/\/gevelopers.com\/es\/wp-json\/wp\/v2\/pages"}],"about":[{"href":"https:\/\/gevelopers.com\/es\/wp-json\/wp\/v2\/types\/page"}],"author":[{"embeddable":true,"href":"https:\/\/gevelopers.com\/es\/wp-json\/wp\/v2\/users\/1"}],"replies":[{"embeddable":true,"href":"https:\/\/gevelopers.com\/es\/wp-json\/wp\/v2\/comments?post=3874"}],"version-history":[{"count":0,"href":"https:\/\/gevelopers.com\/es\/wp-json\/wp\/v2\/pages\/3874\/revisions"}],"wp:attachment":[{"href":"https:\/\/gevelopers.com\/es\/wp-json\/wp\/v2\/media?parent=3874"}],"curies":[{"name":"wp","href":"https:\/\/api.w.org\/{rel}","templated":true}]}}