{"id":948,"date":"2021-05-07T10:34:03","date_gmt":"2021-05-07T10:34:03","guid":{"rendered":"https:\/\/gevelopers.com\/?page_id=948"},"modified":"2021-07-23T07:14:22","modified_gmt":"2021-07-23T07:14:22","slug":"design","status":"publish","type":"page","link":"https:\/\/gevelopers.com\/es\/design\/","title":{"rendered":"Dise\u00f1ando para todas las paletas de gusto desde el concepto hasta el producto final"},"content":{"rendered":"<p>El dise\u00f1o simple es un proceso complejo. Lo simplificamos enfoc\u00e1ndonos en desaf\u00edos y soluciones, seguido de la construcci\u00f3n de interfaces de usuario funcionales que mantienen a la audiencia en el centro.<\/p>\n\n\n\n<div class=\"wp-block-columns is-layout-flex wp-container-core-columns-is-layout-9d6595d7 wp-block-columns-is-layout-flex\">\n<div class=\"wp-block-column is-layout-flow wp-block-column-is-layout-flow\">\n<p class=\"has-text-align-center\"><strong>La diferencia<\/strong><\/p>\n<\/div>\n<\/div>\n\n\n\n<h4 class=\"has-text-align-center wp-block-heading\">Decimos que el descubrimiento est\u00e1 en el centro del ingenio. Aprendimos un poco de locura mezclada con gran disciplina, crea obras maestras, lo llamamos \u201cTaller de descubrimiento\u201d.<\/h4>\n\n\n\n<div class=\"wp-block-columns is-layout-flex wp-container-core-columns-is-layout-9d6595d7 wp-block-columns-is-layout-flex\">\n<div class=\"wp-block-column is-layout-flow wp-block-column-is-layout-flow\">\n<center><img decoding=\"async\" src=\"https:\/\/gevelopers.com\/wp-content\/uploads\/2021\/05\/img-wireframes1.svg\" alt=\"img-wireframes-gevelopers\" ><\/center>\n<\/div>\n<\/div>\n\n\n\n<div class=\"wp-block-columns is-layout-flex wp-container-core-columns-is-layout-9d6595d7 wp-block-columns-is-layout-flex\">\n<div class=\"wp-block-column is-layout-flow wp-block-column-is-layout-flow\">\n<h2 class=\"has-text-align-center wp-block-heading\" id=\"discovery-workshop\">\u00bfPor qu\u00e9 su idea necesita un &quot;taller&quot;?<\/h2>\n<\/div>\n<\/div>\n\n\n\n<div class=\"wp-block-columns is-layout-flex wp-container-core-columns-is-layout-9d6595d7 wp-block-columns-is-layout-flex\">\n<div class=\"wp-block-column is-layout-flow wp-block-column-is-layout-flow\">\n<h3 class=\"wp-block-heading\">Pensar<\/h3>\n\n\n\n<p>No todos los requisitos est\u00e1n preparados para el desarrollo<\/p>\n<\/div>\n\n\n\n<div class=\"wp-block-column is-layout-flow wp-block-column-is-layout-flow\">\n<h3 class=\"wp-block-heading\">Organizar<\/h3>\n\n\n\n<p>Las ideas evolucionan y necesitan ser limitadas en un l\u00edmite.<\/p>\n<\/div>\n\n\n\n<div class=\"wp-block-column is-layout-flow wp-block-column-is-layout-flow\">\n<h3 class=\"wp-block-heading\">Priorizar<\/h3>\n\n\n\n<p>Organice sus pensamientos para lograr el m\u00e1ximo impacto<\/p>\n<\/div>\n<\/div>\n\n\n\n<div class=\"wp-block-columns is-layout-flex wp-container-core-columns-is-layout-9d6595d7 wp-block-columns-is-layout-flex\">\n<div class=\"wp-block-column is-layout-flow wp-block-column-is-layout-flow\">\n<h3 class=\"wp-block-heading\">Metas<\/h3>\n\n\n\n<p>Un producto de calidad debe tener objetivos claramente definidos<\/p>\n<\/div>\n\n\n\n<div class=\"wp-block-column is-layout-flow wp-block-column-is-layout-flow\">\n<h3 class=\"wp-block-heading\">Cuantificar<\/h3>\n\n\n\n<p>Alcance derivado, para un cronograma y un presupuesto precisos<\/p>\n<\/div>\n\n\n\n<div class=\"wp-block-column is-layout-flow wp-block-column-is-layout-flow\">\n<h3 class=\"wp-block-heading\">Mapa vial<\/h3>\n\n\n\n<p>Elegir el enfoque tecnol\u00f3gico adecuado para el desarrollo<\/p>\n<\/div>\n<\/div>\n\n\n\n<div style=\"height:50px\" aria-hidden=\"true\" class=\"wp-block-spacer\"><\/div>\n\n\n\n<p class=\"has-text-align-center\">Beneficios<\/p>\n\n\n\n<h2 class=\"has-text-align-center wp-block-heading\">Beneficios del primer enfoque de descubrimiento \/ dise\u00f1o<\/h2>\n\n\n\n<p class=\"has-text-align-center\">Discovery Workshop est\u00e1 dise\u00f1ado para alimentar al equipo de ingenier\u00eda, aunque no al rev\u00e9s que tradicionalmente hacen muchas empresas de TI.<\/p>\n\n\n\n<div class=\"wp-block-columns is-layout-flex wp-container-core-columns-is-layout-9d6595d7 wp-block-columns-is-layout-flex\">\n<div class=\"wp-block-column is-layout-flow wp-block-column-is-layout-flow\">\n<center><img decoding=\"async\" src=\"https:\/\/gevelopers.com\/wp-content\/uploads\/2021\/05\/ic-benefits-strategy1.svg\"><\/center>\n\n\n\n<h5 class=\"has-text-align-center wp-block-heading\">Estrategia clara<\/h5>\n\n\n\n<p class=\"has-text-align-center\">Trabajamos con usted para reducir el desorden y mantenernos enfocados en definir las caracter\u00edsticas cr\u00edticas del sistema para construir un producto que est\u00e9 listo para su lanzamiento.<\/p>\n<\/div>\n\n\n\n<div class=\"wp-block-column is-layout-flow wp-block-column-is-layout-flow\">\n<center><img decoding=\"async\" src=\"https:\/\/gevelopers.com\/wp-content\/uploads\/2021\/05\/ic-benefits-speed1.svg\" alt=\"\"><\/center>\n\n\n\n<h5 class=\"has-text-align-center wp-block-heading\">Velocidad<\/h5>\n\n\n\n<p class=\"has-text-align-center\">Aprovechar al m\u00e1ximo nuestro compromiso con una mentalidad \u00e1gil para producir resultados visibles, en comparaci\u00f3n con la forma tradicional.<\/p>\n<\/div>\n\n\n\n<div class=\"wp-block-column is-layout-flow wp-block-column-is-layout-flow\">\n<center><img decoding=\"async\" src=\"https:\/\/gevelopers.com\/wp-content\/uploads\/2021\/05\/ic-benefits-lower-risk1.svg\" alt=\"\"><\/center>\n\n\n\n<h5 class=\"has-text-align-center wp-block-heading\">Riesgo menor<\/h5>\n\n\n\n<p class=\"has-text-align-center\">Antes de invertir una gran suma por adelantado en todo el proyecto y comprometerse a ciegas, defina algo que sea sostenible y alcanzable.<\/p>\n<\/div>\n\n\n\n<div class=\"wp-block-column is-layout-flow wp-block-column-is-layout-flow\">\n<center><img decoding=\"async\" src=\"https:\/\/gevelopers.com\/wp-content\/uploads\/2021\/05\/ic-benefits-cost-effective1.svg\" alt=\"\"><\/center>\n\n\n\n<h5 class=\"has-text-align-center wp-block-heading\">Econ\u00f3mico<\/h5>\n\n\n\n<p class=\"has-text-align-center\">Trabajamos con usted para definir un producto m\u00ednimo de lanzamiento para que pueda priorizar las inversiones para un mejor ROI, lo que le permite concentrarse en el crecimiento.<\/p>\n<\/div>\n<\/div>\n\n\n\n<div style=\"height:50px\" aria-hidden=\"true\" class=\"wp-block-spacer\"><\/div>\n\n\n\n<h2 class=\"has-text-align-center wp-block-heading\">De los Sprints de descubrimiento al desarrollo \u00e1gil<\/h2>\n\n\n\n<div class=\"wp-block-columns is-layout-flex wp-container-core-columns-is-layout-9d6595d7 wp-block-columns-is-layout-flex\">\n<div class=\"wp-block-column is-layout-flow wp-block-column-is-layout-flow\">\n<div class=\"alignnormal\"><div id=\"metaslider-id-981\" style=\"width: 100%;\" class=\"ml-slider-3-104-0 metaslider metaslider-flex metaslider-981 ml-slider ms-theme-default nav-hidden\" role=\"region\" aria-label=\"slide\" data-height=\"300\" data-width=\"700\">\n    <div id=\"metaslider_container_981\">\n        <div id=\"metaslider_981\">\n            <ul class='slides'>\n                <li style=\"display: block; width: 100%;\" class=\"slide-982 ms-image\" aria-roledescription=\"slide\" data-date=\"2021-05-07 12:53:09\" data-filename=\"index1.webp\" data-slide-type=\"image\"><img loading=\"lazy\" decoding=\"async\" src=\"https:\/\/gevelopers.com\/wp-content\/uploads\/2021\/05\/index1.webp\" height=\"300\" width=\"700\" alt=\"slider-index1-gevelopers\" class=\"slider-981 slide-982 msDefaultImage\" title=\"slider-index1-gevelopers\" \/><\/li>\n                <li style=\"display: none; width: 100%;\" class=\"slide-983 ms-image\" aria-roledescription=\"slide\" data-date=\"2021-05-07 12:53:21\" data-filename=\"index2.webp\" data-slide-type=\"image\"><img loading=\"lazy\" decoding=\"async\" src=\"https:\/\/gevelopers.com\/wp-content\/uploads\/2021\/05\/index2.webp\" height=\"300\" width=\"700\" alt=\"slider-index2-gevelopers\" class=\"slider-981 slide-983 msDefaultImage\" title=\"slider-index2-gevelopers\" \/><\/li>\n                <li style=\"display: none; width: 100%;\" class=\"slide-984 ms-image\" aria-roledescription=\"slide\" data-date=\"2021-05-07 12:53:28\" data-filename=\"index3.webp\" data-slide-type=\"image\"><img loading=\"lazy\" decoding=\"async\" src=\"https:\/\/gevelopers.com\/wp-content\/uploads\/2021\/05\/index3.webp\" height=\"300\" width=\"700\" alt=\"deslizador-index3-gevelopers\" class=\"slider-981 slide-984 msDefaultImage\" title=\"deslizador-index3-gevelopers\" \/><\/li>\n            <\/ul>\n        <\/div>\n        \n    <\/div>\n<\/div><\/div>\n<\/div>\n<\/div>\n\n\n\n<h5 class=\"wp-block-heading\">Entregamos productos de calidad que se mantienen dentro del presupuesto predefinido identificando y adapt\u00e1ndonos a los cambios mucho antes en todo el proceso, evitando una etapa irreversible donde el costo de los cambios es mayor.<\/h5>\n\n\n\n<div style=\"height:50px\" aria-hidden=\"true\" class=\"wp-block-spacer\"><\/div>\n\n\n\n<p class=\"has-text-align-center\">El proceso<\/p>\n\n\n\n<h2 class=\"has-text-align-center wp-block-heading\">\u00bfC\u00f3mo funciona?<\/h2>\n\n\n\n<div class=\"wp-block-columns is-layout-flex wp-container-core-columns-is-layout-9d6595d7 wp-block-columns-is-layout-flex\">\n<div class=\"wp-block-column is-layout-flow wp-block-column-is-layout-flow\">\n<p class=\"has-text-align-center\">Para cada taller, asignamos un analista dedicado, un dise\u00f1ador de UI \/ UX y un equipo t\u00e9cnico que trabaja con usted para hacer justicia a sus ideas con las soluciones m\u00e1s relevantes y t\u00e9cnicamente avanzadas.<\/p>\n\n\n\n<center><img decoding=\"async\" src=\"https:\/\/gevelopers.com\/wp-content\/uploads\/2021\/05\/design-how-it-work-gevelopers.webp\" alt=\"dise\u00f1o-c\u00f3mo-funciona-gevelopers\"><\/center>\n<\/div>\n<\/div>\n\n\n\n<div class=\"wp-block-columns is-layout-flex wp-container-core-columns-is-layout-9d6595d7 wp-block-columns-is-layout-flex\">\n<div class=\"wp-block-column is-layout-flow wp-block-column-is-layout-flow\">\n<img decoding=\"async\" src=\"https:\/\/gevelopers.com\/wp-content\/uploads\/2021\/05\/img-process-discover-device-gevelopers.webp\" alt=\"img-process-discover-device-gevelopers\">\n<\/div>\n\n\n\n<div class=\"wp-block-column is-layout-flow wp-block-column-is-layout-flow\">\n<p>P\u00fablico objetivo, mercado y problema<\/p>\n\n\n\n<h3 class=\"wp-block-heading\" id=\"analysis\">Descubrir e idear<\/h3>\n\n\n\n<h4 class=\"wp-block-heading\">An\u00e1lisis de mercado<\/h4>\n\n\n\n<p>Revise lo que ya se ha hecho con soluciones similares en el mercado y mejore la experiencia<\/p>\n\n\n\n<h4 class=\"wp-block-heading\">Requisitos<\/h4>\n\n\n\n<p>Identifique las necesidades b\u00e1sicas y la visi\u00f3n de la soluci\u00f3n con elaboradas sesiones de lluvia de ideas.<\/p>\n\n\n\n<h4 class=\"wp-block-heading\">Conceptualizaci\u00f3n<\/h4>\n\n\n\n<p>Identificar el problema empresarial central que se debe resolver manteniendo a los usuarios finales en el centro<\/p>\n<\/div>\n<\/div>\n\n\n\n<div style=\"height:50px\" aria-hidden=\"true\" class=\"wp-block-spacer\"><\/div>\n\n\n\n<div class=\"wp-block-columns is-layout-flex wp-container-core-columns-is-layout-9d6595d7 wp-block-columns-is-layout-flex\">\n<div class=\"wp-block-column is-layout-flow wp-block-column-is-layout-flow\">\n<p>Plano del n\u00facleo<\/p>\n\n\n\n<h3 class=\"wp-block-heading\" id=\"wireframe\">Definir y refinar<\/h3>\n\n\n\n<h4 class=\"wp-block-heading\">Mapa mental<\/h4>\n\n\n\n<p>Dise\u00f1ar arquitectura de informaci\u00f3n con m\u00f3dulos y actividades clave en una jerarqu\u00eda l\u00f3gica.<\/p>\n\n\n\n<h4 class=\"wp-block-heading\">Viajes de usuario<\/h4>\n\n\n\n<p>An\u00e1lisis heur\u00edstico del comportamiento del usuario trabajando hacia atr\u00e1s para dise\u00f1ar elementos que los usuarios anticipan<\/p>\n\n\n\n<h4 class=\"wp-block-heading\">Estructura al\u00e1mbrica<\/h4>\n\n\n\n<p>Representaci\u00f3n conceptual basada en bloques para descubrir la representaci\u00f3n visual de elementos de informaci\u00f3n clave<\/p>\n<\/div>\n\n\n\n<div class=\"wp-block-column is-layout-flow wp-block-column-is-layout-flow\">\n<img decoding=\"async\" src=\"https:\/\/gevelopers.com\/wp-content\/uploads\/2021\/05\/img-process-define-refine-gevelopers-1.webp\" alt=\"definir-refinar-gevelopers\">\n<\/div>\n<\/div>\n\n\n\n<div style=\"height:50px\" aria-hidden=\"true\" class=\"wp-block-spacer\"><\/div>\n\n\n\n<div class=\"wp-block-columns is-layout-flex wp-container-core-columns-is-layout-9d6595d7 wp-block-columns-is-layout-flex\">\n<div class=\"wp-block-column is-layout-flow wp-block-column-is-layout-flow\">\n<img decoding=\"async\" src=\"https:\/\/gevelopers.com\/wp-content\/uploads\/2021\/05\/img-process-ui-ux1.webp\" alt=\"img-process-ui-ux-gevelopers\">\n<\/div>\n\n\n\n<div class=\"wp-block-column is-layout-flow wp-block-column-is-layout-flow\">\n<p>Interfaz, experiencia y visuales<\/p>\n\n\n\n<h3 class=\"wp-block-heading\" id=\"design\">Dise\u00f1o UI \/ UX<\/h3>\n\n\n\n<h4 class=\"wp-block-heading\">Interfaz<\/h4>\n\n\n\n<p>Elaboraci\u00f3n quir\u00fargica de hermosos p\u00edxeles para crear una interfaz visualmente atractiva de pantallas relevantes<\/p>\n\n\n\n<h4 class=\"wp-block-heading\">Experiencia digital<\/h4>\n\n\n\n<p>Crear un dise\u00f1o funcional organizando cuidadosamente la interfaz, la informaci\u00f3n y la interacci\u00f3n.<\/p>\n\n\n\n<h4 class=\"wp-block-heading\">Dise\u00f1o objetivo<\/h4>\n\n\n\n<p>Crear un dise\u00f1o que no solo se vea impresionante, sino que tambi\u00e9n resuelva el n\u00facleo del problema.<\/p>\n<\/div>\n<\/div>\n\n\n\n<div style=\"height:50px\" aria-hidden=\"true\" class=\"wp-block-spacer\"><\/div>\n\n\n\n<div class=\"wp-block-columns is-layout-flex wp-container-core-columns-is-layout-9d6595d7 wp-block-columns-is-layout-flex\">\n<div class=\"wp-block-column is-layout-flow wp-block-column-is-layout-flow\">\n<h3 class=\"wp-block-heading\">El dise\u00f1o no es lo que parece. Pero como funciona.<\/h3>\n\n\n\n<p>- Steve Jobs<\/p>\n\n\n\n<p>Los sistemas complejos son f\u00e1ciles de crear. Se necesita un enfoque quir\u00fargico para crear dise\u00f1os funcionales que permitan a los usuarios sentirse bien mientras usan la web \/ software o una aplicaci\u00f3n.<\/p>\n\n\n\n<p>La creaci\u00f3n de interfaces simples y significativas en todas las pantallas requiere una cuidadosa orquestaci\u00f3n de todos los ingredientes clave.<\/p>\n<\/div>\n\n\n\n<div class=\"wp-block-column is-layout-flow wp-block-column-is-layout-flow\">\n<img decoding=\"async\" src=\"https:\/\/gevelopers.com\/wp-content\/uploads\/2021\/05\/design-quote-artwork-img1.svg\" alt=\"dise\u00f1o-cita-obra de arte-gevelopers\">\n<\/div>\n<\/div>\n\n\n\n<div class=\"wp-block-columns is-layout-flex wp-container-core-columns-is-layout-9d6595d7 wp-block-columns-is-layout-flex\">\n<div class=\"wp-block-column is-layout-flow wp-block-column-is-layout-flow\">\n<img decoding=\"async\" src=\"https:\/\/gevelopers.com\/wp-content\/uploads\/2021\/05\/img-process-handover-gevelopers.webp\" alt=\"img-proceso-traspaso-gevelopers\" >\n<\/div>\n\n\n\n<div class=\"wp-block-column is-layout-flow wp-block-column-is-layout-flow\">\n<p>Del descubrimiento al desarrollo<\/p>\n\n\n\n<h3 class=\"wp-block-heading\">Entregar<\/h3>\n\n\n\n<h4 class=\"wp-block-heading\">Continuando del descubrimiento al desarrollo<\/h4>\n\n\n\n<p>El proceso de traspaso: independientemente de qui\u00e9n sea el equipo t\u00e9cnico, act\u00faan como catalizador para continuar con el mismo impulso y profundidad del concepto que se va a dise\u00f1ar. Esto se garantiza mediante un dise\u00f1o visual con el mayor detalle, el flujo funcional y las pautas de dise\u00f1o que est\u00e1n listas para enviarse como un paquete.<\/p>\n<\/div>\n<\/div>\n\n\n\n<div class=\"wp-block-columns is-layout-flex wp-container-core-columns-is-layout-9d6595d7 wp-block-columns-is-layout-flex\">\n<div class=\"wp-block-column is-layout-flow wp-block-column-is-layout-flow\">\n<p class=\"has-text-align-center\">Ideas clave<\/p>\n\n\n\n<h2 class=\"has-text-align-center wp-block-heading\">Bueno saber<\/h2>\n\n\n\n<div class=\"wp-block-columns is-layout-flex wp-container-core-columns-is-layout-9d6595d7 wp-block-columns-is-layout-flex\">\n<div class=\"wp-block-column is-layout-flow wp-block-column-is-layout-flow\">\n<p>Cada taller se puede personalizar en funci\u00f3n de d\u00f3nde se encuentre con sus requisitos.<\/p>\n<\/div>\n\n\n\n<div class=\"wp-block-column is-layout-flow wp-block-column-is-layout-flow\">\n<p>Todo comienza con una fase de lluvia de ideas y an\u00e1lisis dirigida por expertos en la materia.<\/p>\n<\/div>\n\n\n\n<div class=\"wp-block-column is-layout-flow wp-block-column-is-layout-flow\">\n<p>Los wireframes se siguen y se basan en los requisitos recopilados por los analistas.<\/p>\n<\/div>\n<\/div>\n<\/div>\n<\/div>\n\n\n\n<div class=\"wp-block-columns is-layout-flex wp-container-core-columns-is-layout-9d6595d7 wp-block-columns-is-layout-flex\">\n<div class=\"wp-block-column is-layout-flow wp-block-column-is-layout-flow\">\n<p>Los dise\u00f1os de la interfaz de usuario siempre se basan en las tramas derivadas de los wireframes y en los recorridos del usuario identificados.<\/p>\n<\/div>\n\n\n\n<div class=\"wp-block-column is-layout-flow wp-block-column-is-layout-flow\">\n<p>Para cada parte interesada del sistema, se crear\u00e1 un flujo de interfaz de usuario independiente con pantallas detalladas.<\/p>\n<\/div>\n\n\n\n<div class=\"wp-block-column is-layout-flow wp-block-column-is-layout-flow\">\n<p>Despu\u00e9s de los dise\u00f1os de la interfaz de usuario: se presentar\u00e1 un prototipo interactivo que contenga dise\u00f1os.<\/p>\n<\/div>\n<\/div>\n\n\n\n<div class=\"wp-block-columns is-layout-flex wp-container-core-columns-is-layout-9d6595d7 wp-block-columns-is-layout-flex\">\n<div class=\"wp-block-column is-layout-flow wp-block-column-is-layout-flow\">\n<p>Cada fase est\u00e1 precedida por la etapa anterior, como se muestra en el Modelo de taller.<\/p>\n<\/div>\n\n\n\n<div class=\"wp-block-column is-layout-flow wp-block-column-is-layout-flow\">\n<p>Estamos absolutamente bien en omitir un paso en el taller si eso es algo que ya ha logrado O puede lograr por su cuenta.<\/p>\n<\/div>\n\n\n\n<div class=\"wp-block-column is-layout-flow wp-block-column-is-layout-flow\">\n<p>Trabajamos con todos los kits de herramientas modernos, por ejemplo, Sketch, Invision y, en ocasiones, varias otras herramientas como Principal, Flinto y Adobe XD.<\/p>\n<\/div>\n<\/div>","protected":false},"excerpt":{"rendered":"<p>Simple design is a complex process. We simplify it by focusing on Challenges and Solutions followed by building functional user&#8230;<\/p>","protected":false},"author":1,"featured_media":261,"parent":0,"menu_order":0,"comment_status":"closed","ping_status":"closed","template":"","meta":{"footnotes":""},"class_list":["post-948","page","type-page","status-publish","has-post-thumbnail","hentry"],"_links":{"self":[{"href":"https:\/\/gevelopers.com\/es\/wp-json\/wp\/v2\/pages\/948","targetHints":{"allow":["GET"]}}],"collection":[{"href":"https:\/\/gevelopers.com\/es\/wp-json\/wp\/v2\/pages"}],"about":[{"href":"https:\/\/gevelopers.com\/es\/wp-json\/wp\/v2\/types\/page"}],"author":[{"embeddable":true,"href":"https:\/\/gevelopers.com\/es\/wp-json\/wp\/v2\/users\/1"}],"replies":[{"embeddable":true,"href":"https:\/\/gevelopers.com\/es\/wp-json\/wp\/v2\/comments?post=948"}],"version-history":[{"count":0,"href":"https:\/\/gevelopers.com\/es\/wp-json\/wp\/v2\/pages\/948\/revisions"}],"wp:featuredmedia":[{"embeddable":true,"href":"https:\/\/gevelopers.com\/es\/wp-json\/wp\/v2\/media\/261"}],"wp:attachment":[{"href":"https:\/\/gevelopers.com\/es\/wp-json\/wp\/v2\/media?parent=948"}],"curies":[{"name":"wp","href":"https:\/\/api.w.org\/{rel}","templated":true}]}}