{"id":1144,"date":"2021-05-08T14:49:03","date_gmt":"2021-05-08T14:49:03","guid":{"rendered":"https:\/\/gevelopers.com\/?page_id=1144"},"modified":"2021-07-23T07:03:12","modified_gmt":"2021-07-23T07:03:12","slug":"virtual-reality-apps","status":"publish","type":"page","link":"https:\/\/gevelopers.com\/fr\/virtual-reality-apps\/","title":{"rendered":"Faire converger l&#039;imaginaire avec la r\u00e9alit\u00e9"},"content":{"rendered":"<div class=\"wp-block-columns is-layout-flex wp-container-core-columns-is-layout-9d6595d7 wp-block-columns-is-layout-flex\">\n<div class=\"wp-block-column is-layout-flow wp-block-column-is-layout-flow\">\n<p class=\"has-text-align-center\">En tant que soci\u00e9t\u00e9 leader dans le d\u00e9veloppement d&#039;applications VR, nous cr\u00e9ons des exp\u00e9riences immersives sur des casques populaires pour les cas d&#039;utilisation et les jeux d&#039;entreprise.<\/p>\n<\/div>\n<\/div>\n\n\n\n<div class=\"wp-block-columns is-layout-flex wp-container-core-columns-is-layout-9d6595d7 wp-block-columns-is-layout-flex\">\n<div class=\"wp-block-column is-layout-flow wp-block-column-is-layout-flow\">\n<h2 class=\"wp-block-heading\">La r\u00e9alit\u00e9 virtuelle est le prochain niveau de la science-fiction \u2013 c&#039;est r\u00e9el.<\/h2>\n<\/div>\n\n\n\n<div class=\"wp-block-column is-layout-flow wp-block-column-is-layout-flow\">\n<p>Le concept de base des applications VR est de permettre aux utilisateurs de faire l&#039;exp\u00e9rience d&#039;un espace 3D virtuel gr\u00e2ce \u00e0 une interaction num\u00e9rique et gestuelle.<\/p>\n\n\n\n<p>Avec la croissance rapide du monde de la r\u00e9alit\u00e9 augment\u00e9e, virtuelle et mixte dans l&#039;espace num\u00e9rique, l&#039;ensemble du m\u00e9canisme pour fournir une exp\u00e9rience interactive a atteint de nouveaux sommets. Avec des m\u00e9thodes d&#039;interaction personnalis\u00e9es et riches, il est plus facile pour une marque, une entreprise ou un secteur vertical sp\u00e9cifique d&#039;avoir des applications pour les utilisateurs, qui imitent le monde r\u00e9el ou l&#039;environnement.<\/p>\n<\/div>\n<\/div>\n\n\n\n<div class=\"wp-block-columns is-layout-flex wp-container-core-columns-is-layout-9d6595d7 wp-block-columns-is-layout-flex\">\n<div class=\"wp-block-column is-layout-flow wp-block-column-is-layout-flow\">\n<center><img decoding=\"async\" src=\"https:\/\/gevelopers.com\/wp-content\/uploads\/2021\/05\/img-vr-service-banner.webp\" alt=\"vr-service-banni\u00e8re\"><\/center>\n<\/div>\n<\/div>\n\n\n\n<div class=\"wp-block-columns is-layout-flex wp-container-core-columns-is-layout-9d6595d7 wp-block-columns-is-layout-flex\">\n<div class=\"wp-block-column is-layout-flow wp-block-column-is-layout-flow\">\n<h2 class=\"wp-block-heading\">VR pour votre entreprise<\/h2>\n<\/div>\n<\/div>\n\n\n\n<div class=\"wp-block-columns is-layout-flex wp-container-core-columns-is-layout-9d6595d7 wp-block-columns-is-layout-flex\">\n<div class=\"wp-block-column is-layout-flow wp-block-column-is-layout-flow\">\n<img decoding=\"async\" src=\"https:\/\/gevelopers.com\/wp-content\/uploads\/2021\/05\/ic-vr-defense1.svg\" alt=\"vr-defense-gevelopers\">\n\n\n\n<h4 class=\"wp-block-heading\">La d\u00e9fense<\/h4>\n\n\n\n<p>Exp\u00e9rience de la vie r\u00e9elle pour la formation du personnel de la d\u00e9fense ou pour pr\u00e9senter les d\u00e9tails techniques d&#039;une arme.<\/p>\n<\/div>\n\n\n\n<div class=\"wp-block-column is-layout-flow wp-block-column-is-layout-flow\">\n<img decoding=\"async\" src=\"https:\/\/gevelopers.com\/wp-content\/uploads\/2021\/05\/ic-vr-healthcare1.svg\" alt=\"vr-sant\u00e9\">\n\n\n\n<h4 class=\"wp-block-heading\">Soins de sant\u00e9<\/h4>\n\n\n\n<p>Simulation r\u00e9aliste de la proc\u00e9dure m\u00e9dicale et pratique des \u00e9tapes<\/p>\n<\/div>\n\n\n\n<div class=\"wp-block-column is-layout-flow wp-block-column-is-layout-flow\">\n<img decoding=\"async\" src=\"https:\/\/gevelopers.com\/wp-content\/uploads\/2021\/05\/ic-vr-manufacturing1.svg\" alt=\"vr-fabrication\">\n\n\n\n<h4 class=\"wp-block-heading\">Fabrication<\/h4>\n\n\n\n<p>Construire une exp\u00e9rience du produit final ou une d\u00e9monstration pour expliquer la cha\u00eene de montage<\/p>\n<\/div>\n<\/div>\n\n\n\n<div class=\"wp-block-columns is-layout-flex wp-container-core-columns-is-layout-9d6595d7 wp-block-columns-is-layout-flex\">\n<div class=\"wp-block-column is-layout-flow wp-block-column-is-layout-flow\">\n<img decoding=\"async\" src=\"https:\/\/gevelopers.com\/wp-content\/uploads\/2021\/05\/ic-vr-vr-games1.svg\" alt=\"vr-games-gevelopers\">\n\n\n\n<h4 class=\"wp-block-heading\">Jeux de r\u00e9alit\u00e9 virtuelle<\/h4>\n\n\n\n<p>Nous cr\u00e9ons des jeux interactifs bas\u00e9s sur une exp\u00e9rience 3D r\u00e9aliste pour diff\u00e9rents genres.<\/p>\n<\/div>\n\n\n\n<div class=\"wp-block-column is-layout-flow wp-block-column-is-layout-flow\">\n<img decoding=\"async\" src=\"https:\/\/gevelopers.com\/wp-content\/uploads\/2021\/05\/ic-vr-sports-training1.svg\" alt=\"vr-sports-training-gevelopers\">\n\n\n\n<h4 class=\"wp-block-heading\">Entrainement sportif<\/h4>\n\n\n\n<p>Cr\u00e9ez une exp\u00e9rience sportive r\u00e9aliste pour un entra\u00eenement guid\u00e9 par la physique<\/p>\n<\/div>\n\n\n\n<div class=\"wp-block-column is-layout-flow wp-block-column-is-layout-flow\">\n<img decoding=\"async\" src=\"https:\/\/gevelopers.com\/wp-content\/uploads\/2021\/05\/ic-vr-education1.svg\" alt=\"vr-education-gevelopers\">\n\n\n\n<h4 class=\"wp-block-heading\">\u00c9ducation<\/h4>\n\n\n\n<p>Cr\u00e9ez des applications d&#039;apprentissage interactives pour les \u00e9tudiants et la formation \u00e0 distance<\/p>\n<\/div>\n<\/div>\n\n\n\n<div class=\"wp-block-columns is-layout-flex wp-container-core-columns-is-layout-9d6595d7 wp-block-columns-is-layout-flex\">\n<div class=\"wp-block-column is-layout-flow wp-block-column-is-layout-flow\">\n<h2 class=\"has-text-align-center wp-block-heading\">Nos principales technologies de d\u00e9veloppement d&#039;applications de r\u00e9alit\u00e9 virtuelle<\/h2>\n\n\n\n<div class=\"wp-block-columns is-layout-flex wp-container-core-columns-is-layout-9d6595d7 wp-block-columns-is-layout-flex\">\n<div class=\"wp-block-column is-layout-flow wp-block-column-is-layout-flow\">\n<center><img decoding=\"async\" src=\"https:\/\/gevelopers.com\/wp-content\/uploads\/2021\/05\/Unreal_Engine_Logo1.svg\" alt=\"unreal-engine-gevelopers\"><\/center>\n<\/div>\n\n\n\n<div class=\"wp-block-column is-layout-flow wp-block-column-is-layout-flow\">\n<center><img decoding=\"async\" src=\"https:\/\/gevelopers.com\/wp-content\/uploads\/2021\/05\/Unity_Technologies_logo1.svg\" alt=\"unity-tech-gevelopers\"><\/center>\n<\/div>\n\n\n\n<div class=\"wp-block-column is-layout-flow wp-block-column-is-layout-flow\">\n<center><img decoding=\"async\" src=\"https:\/\/gevelopers.com\/wp-content\/uploads\/2021\/05\/samsung-gear-vr-gevelopers.svg\" alt=\"samsung-gear-gevelopers\"><\/center>\n<\/div>\n\n\n\n<div class=\"wp-block-column is-layout-flow wp-block-column-is-layout-flow\">\n<center><img decoding=\"async\" src=\"https:\/\/gevelopers.com\/wp-content\/uploads\/2021\/05\/ic-technology-oculus-full1.svg\" alt=\"oculus-gevelopers\"><\/center>\n<\/div>\n\n\n\n<div class=\"wp-block-column is-layout-flow wp-block-column-is-layout-flow\">\n<center><img decoding=\"async\" src=\"https:\/\/gevelopers.com\/wp-content\/uploads\/2021\/05\/vive-logo.svg\" alt=\"vive-gevelopers\"><\/center>\n<\/div>\n\n\n\n<div class=\"wp-block-column is-layout-flow wp-block-column-is-layout-flow\">\n<center><img decoding=\"async\" src=\"https:\/\/gevelopers.com\/wp-content\/uploads\/2021\/05\/daydream.svg\" alt=\"\u00e9veilleurs-r\u00eaves\"><\/center>\n<\/div>\n<\/div>\n<\/div>\n<\/div>\n\n\n\n<div class=\"wp-block-columns is-layout-flex wp-container-core-columns-is-layout-9d6595d7 wp-block-columns-is-layout-flex\">\n<div class=\"wp-block-column is-layout-flow wp-block-column-is-layout-flow\">\n<h2 class=\"has-text-align-center wp-block-heading\">Pleins feux sur l&#039;industrie<\/h2>\n\n\n\n<div class=\"wp-block-columns is-layout-flex wp-container-core-columns-is-layout-9d6595d7 wp-block-columns-is-layout-flex\">\n<div class=\"wp-block-column is-layout-flow wp-block-column-is-layout-flow\">\n<center><img decoding=\"async\" src=\"https:\/\/gevelopers.com\/wp-content\/uploads\/2021\/05\/tab-img-automotivate.webp\" alt=\"img-automotivate-vr-gevelopers\" class=\"wp-image-1169\"><\/center>\n\n\n\n<h2 class=\"has-text-align-center wp-block-heading\">Automobile<\/h2>\n\n\n\n<p class=\"has-text-align-center\">Une d\u00e9mo photo-r\u00e9aliste de l&#039;int\u00e9rieur et de l&#039;ext\u00e9rieur de la voiture avec des personnalisations et des modificateurs pour l&#039;exp\u00e9rience de pr\u00e9-achat du mod\u00e8le de soins<\/p>\n\n\n\n<div class=\"wp-block-columns is-layout-flex wp-container-core-columns-is-layout-9d6595d7 wp-block-columns-is-layout-flex\">\n<div class=\"wp-block-column is-layout-flow wp-block-column-is-layout-flow\">\n<center><img decoding=\"async\" src=\"https:\/\/gevelopers.com\/wp-content\/uploads\/2021\/05\/tab-img-automotivate-1.webp\" alt=\"constructeurs-automobiles\"><\/center>\n<\/div>\n<\/div>\n<\/div>\n<\/div>\n<\/div>\n<\/div>\n\n\n\n<div class=\"wp-block-columns is-layout-flex wp-container-core-columns-is-layout-9d6595d7 wp-block-columns-is-layout-flex\">\n<div class=\"wp-block-column is-layout-flow wp-block-column-is-layout-flow\">\n<h2 class=\"has-text-align-center wp-block-heading\">Jeux<\/h2>\n\n\n\n<p class=\"has-text-align-center\">Un jeu FPS (tir \u00e0 la premi\u00e8re personne) interactif qui met l&#039;utilisateur au d\u00e9fi de viser et de tirer. Environnement multiple avec prise de vue pilot\u00e9e par joystick.<\/p>\n<\/div>\n<\/div>\n\n\n\n<div class=\"wp-block-columns is-layout-flex wp-container-core-columns-is-layout-9d6595d7 wp-block-columns-is-layout-flex\">\n<div class=\"wp-block-column is-layout-flow wp-block-column-is-layout-flow\">\n<center><img decoding=\"async\" src=\"https:\/\/gevelopers.com\/wp-content\/uploads\/2021\/07\/FPS-gevelopers.webp\" alt=\"fps-gevelopers\"><\/center>\n<\/div>\n<\/div>","protected":false},"excerpt":{"rendered":"<p>Being a leading VR app development company, we build immersive experiences on popular headsets for enterprise use cases and games&#8230;.<\/p>","protected":false},"author":1,"featured_media":0,"parent":0,"menu_order":0,"comment_status":"closed","ping_status":"closed","template":"","meta":{"footnotes":""},"class_list":["post-1144","page","type-page","status-publish","hentry"],"_links":{"self":[{"href":"https:\/\/gevelopers.com\/fr\/wp-json\/wp\/v2\/pages\/1144","targetHints":{"allow":["GET"]}}],"collection":[{"href":"https:\/\/gevelopers.com\/fr\/wp-json\/wp\/v2\/pages"}],"about":[{"href":"https:\/\/gevelopers.com\/fr\/wp-json\/wp\/v2\/types\/page"}],"author":[{"embeddable":true,"href":"https:\/\/gevelopers.com\/fr\/wp-json\/wp\/v2\/users\/1"}],"replies":[{"embeddable":true,"href":"https:\/\/gevelopers.com\/fr\/wp-json\/wp\/v2\/comments?post=1144"}],"version-history":[{"count":0,"href":"https:\/\/gevelopers.com\/fr\/wp-json\/wp\/v2\/pages\/1144\/revisions"}],"wp:attachment":[{"href":"https:\/\/gevelopers.com\/fr\/wp-json\/wp\/v2\/media?parent=1144"}],"curies":[{"name":"wp","href":"https:\/\/api.w.org\/{rel}","templated":true}]}}