{"id":1175,"date":"2021-05-09T14:07:25","date_gmt":"2021-05-09T14:07:25","guid":{"rendered":"https:\/\/gevelopers.com\/?page_id=1175"},"modified":"2021-07-23T06:28:25","modified_gmt":"2021-07-23T06:28:25","slug":"augmented-reality","status":"publish","type":"page","link":"https:\/\/gevelopers.com\/fr\/augmented-reality\/","title":{"rendered":"Augmented Reality Development"},"content":{"rendered":"<div class=\"wp-block-columns is-layout-flex wp-container-core-columns-is-layout-9d6595d7 wp-block-columns-is-layout-flex\">\n<div class=\"wp-block-column is-layout-flow wp-block-column-is-layout-flow\">\n<h2 class=\"wp-block-heading\">AR Development Accelerating Business Growth<\/h2>\n\n\n\n<p>As a leading augmented reality app development company, we build lifelike AR app experiences that provide a truly augmented touch to reality. Our AR apps run on a range of devices from iPhones and Android phones to HoloLens and smart glasses.<\/p>\n\n\n\n<div class=\"wp-block-buttons is-layout-flex wp-block-buttons-is-layout-flex\">\n<div class=\"wp-block-button\"><a class=\"wp-block-button__link\" href=\"https:\/\/gevelopers.com\/fr\/get-started\/\">Parlons<\/a><\/div>\n<\/div>\n<\/div>\n\n\n\n<div class=\"wp-block-column is-layout-flow wp-block-column-is-layout-flow\">\n<center><img decoding=\"async\" src=\"https:\/\/gevelopers.com\/wp-content\/uploads\/2021\/05\/AR_AppDev_Banner1.webp\" alt=\"AR_AppDev_Banner\" ><\/center>\n<\/div>\n<\/div>\n\n\n\n<div class=\"wp-block-columns is-layout-flex wp-container-core-columns-is-layout-9d6595d7 wp-block-columns-is-layout-flex\">\n<div class=\"wp-block-column is-layout-flow wp-block-column-is-layout-flow\">\n<p class=\"has-text-align-center\">Pourquoi nous sommes reconnus comme un<\/p>\n\n\n\n<h2 class=\"has-text-align-center wp-block-heading\">Top AR App Development Company<\/h2>\n<\/div>\n<\/div>\n\n\n\n<div class=\"wp-block-columns is-layout-flex wp-container-core-columns-is-layout-9d6595d7 wp-block-columns-is-layout-flex\">\n<div class=\"wp-block-column is-layout-flow wp-block-column-is-layout-flow\">\n<br><div _ngcontent-c5=\"\" class=\"slide slick-slide slick-current slick-active\" data-slick-index=\"0\" aria-hidden=\"false\" style=\"width: 1110px;\" tabindex=\"-1\" role=\"option\" aria-describedby=\"slick-slide00\"><div _ngcontent-c5=\"\" class=\"row\"><div _ngcontent-c5=\"\" class=\"col-md-6 col-sm-12 flex-sec\"><div _ngcontent-c5=\"\" class=\"img-box\"><!----><picture _ngcontent-c5=\"\"><source _ngcontent-c5=\"\" type=\"image\/webp\" srcset=\"https:\/\/d1i2cp4a5c819e.cloudfront.net\/wp-content\/uploads\/2020\/02\/approch-slide-img-5.svg\"><source _ngcontent-c5=\"\" srcset=\"https:\/\/d1i2cp4a5c819e.cloudfront.net\/wp-content\/uploads\/2020\/02\/approch-slide-img-5.svg\" type=\"image\/svg\"><img _ngcontent-c5=\"\" srcset=\"https:\/\/d1i2cp4a5c819e.cloudfront.net\/wp-content\/uploads\/2020\/02\/approch-slide-img-5.svg\" alt=\"Augmented reality development expertise\"><\/picture><\/div><\/div><div _ngcontent-c5=\"\" class=\"col-md-6 col-sm-12 flex-sec\"><div _ngcontent-c5=\"\" class=\"work-info\"><h3 _ngcontent-c5=\"\">Augmented reality development expertise<\/h3><p _ngcontent-c5=\"\">We provide captivating and immersive AR technologies, whether you want to build an industry solution, virtual stores, training modules or product showcases. We constantly innovate our AR apps using 3D modeling, visualization, 360 imaging, real time character identification and lots more.<\/p><\/div><\/div><\/div><\/div>\n\n\n\n<div class=\"wp-block-columns is-layout-flex wp-container-core-columns-is-layout-9d6595d7 wp-block-columns-is-layout-flex\">\n<div class=\"wp-block-column is-layout-flow wp-block-column-is-layout-flow\">\n<br><div _ngcontent-c5=\"\" class=\"slide slick-slide slick-current slick-active\" data-slick-index=\"1\" aria-hidden=\"false\" style=\"width: 1110px;\" tabindex=\"-1\" role=\"option\" aria-describedby=\"slick-slide01\"><div _ngcontent-c5=\"\" class=\"row\"><div _ngcontent-c5=\"\" class=\"col-md-6 col-sm-12 flex-sec\"><div _ngcontent-c5=\"\" class=\"img-box\"><!----><picture _ngcontent-c5=\"\"><source _ngcontent-c5=\"\" type=\"image\/webp\" srcset=\"https:\/\/d1i2cp4a5c819e.cloudfront.net\/wp-content\/uploads\/2020\/02\/approch-slide-img-2.svg\"><source _ngcontent-c5=\"\" srcset=\"https:\/\/d1i2cp4a5c819e.cloudfront.net\/wp-content\/uploads\/2020\/02\/approch-slide-img-2.svg\" type=\"image\/svg\"><img _ngcontent-c5=\"\" srcset=\"https:\/\/d1i2cp4a5c819e.cloudfront.net\/wp-content\/uploads\/2020\/02\/approch-slide-img-2.svg\" alt=\"Quality delivered in time\"><\/picture><\/div><\/div><div _ngcontent-c5=\"\" class=\"col-md-6 col-sm-12 flex-sec\"><div _ngcontent-c5=\"\" class=\"work-info\"><h3 _ngcontent-c5=\"\">Quality delivered in time<\/h3><p _ngcontent-c5=\"\">We put stringent quality checks at every level of our process. Specially during development, we deploy a dedicated QA team on each project that ensures bug-free, quality AR app development supported by pre-release system check that keeps control over your dedicated timeline.<\/p><\/div><\/div><\/div><\/div>\n<\/div>\n<\/div>\n<\/div>\n<\/div>\n\n\n\n<br><div _ngcontent-c5=\"\" class=\"slide slick-slide slick-current slick-active\" data-slick-index=\"2\" aria-hidden=\"false\" style=\"width: 1110px;\" tabindex=\"-1\" role=\"option\" aria-describedby=\"slick-slide02\"><div _ngcontent-c5=\"\" class=\"row\"><div _ngcontent-c5=\"\" class=\"col-md-6 col-sm-12 flex-sec\"><div _ngcontent-c5=\"\" class=\"img-box\"><!----><picture _ngcontent-c5=\"\"><source _ngcontent-c5=\"\" type=\"image\/webp\" srcset=\"https:\/\/d1i2cp4a5c819e.cloudfront.net\/wp-content\/uploads\/2020\/02\/approch-slide-img-1.svg\"><source _ngcontent-c5=\"\" srcset=\"https:\/\/d1i2cp4a5c819e.cloudfront.net\/wp-content\/uploads\/2020\/02\/approch-slide-img-1.svg\" type=\"image\/svg\"><img _ngcontent-c5=\"\" srcset=\"https:\/\/d1i2cp4a5c819e.cloudfront.net\/wp-content\/uploads\/2020\/02\/approch-slide-img-1.svg\" alt=\"Practical Solutions of Augmented Reality Development\"><\/picture><\/div><\/div><div _ngcontent-c5=\"\" class=\"col-md-6 col-sm-12 flex-sec\"><div _ngcontent-c5=\"\" class=\"work-info\"><h3 _ngcontent-c5=\"\">Practical Solutions of Augmented Reality Development<\/h3><p _ngcontent-c5=\"\">We help you scale your idea in a way that you can achieve your goals one milestone at a time. Instead of big investments into a directionless plan, our budget focused strategy for any idea whether you\u2019re a startup, a business or an enterprise takes you one step at a time<\/p><\/div><\/div><\/div><\/div>\n\n\n\n<br><div _ngcontent-c5=\"\" class=\"slide slick-slide slick-current slick-active\" data-slick-index=\"3\" aria-hidden=\"false\" style=\"width: 1110px;\" tabindex=\"-1\" role=\"option\" aria-describedby=\"slick-slide03\"><div _ngcontent-c5=\"\" class=\"row\"><div _ngcontent-c5=\"\" class=\"col-md-6 col-sm-12 flex-sec\"><div _ngcontent-c5=\"\" class=\"img-box\"><!----><picture _ngcontent-c5=\"\"><source _ngcontent-c5=\"\" type=\"image\/webp\" srcset=\"https:\/\/d1i2cp4a5c819e.cloudfront.net\/wp-content\/uploads\/2020\/02\/approch-slide-img-4.svg\"><source _ngcontent-c5=\"\" srcset=\"https:\/\/d1i2cp4a5c819e.cloudfront.net\/wp-content\/uploads\/2020\/02\/approch-slide-img-4.svg\" type=\"image\/svg\"><img _ngcontent-c5=\"\" srcset=\"https:\/\/d1i2cp4a5c819e.cloudfront.net\/wp-content\/uploads\/2020\/02\/approch-slide-img-4.svg\" alt=\"Highly Skilled AR Developer\"><\/picture><\/div><\/div><div _ngcontent-c5=\"\" class=\"col-md-6 col-sm-12 flex-sec\"><div _ngcontent-c5=\"\" class=\"work-info\"><h3 _ngcontent-c5=\"\">Highly Skilled AR Developer<\/h3><p _ngcontent-c5=\"\">Our team is well-versed with all necessary updates and trends in AR technologies. Their creative minds are constantly at work to ensure  top-notch solutions with latest software testing devices and quality development of AR apps.<\/p><\/div><\/div><\/div><\/div>\n\n\n\n<div class=\"wp-block-columns is-layout-flex wp-container-core-columns-is-layout-9d6595d7 wp-block-columns-is-layout-flex\">\n<div class=\"wp-block-column is-layout-flow wp-block-column-is-layout-flow\">\n<p class=\"has-text-align-center\"><strong>Que faisons-nous ?<\/strong><\/p>\n\n\n\n<h2 class=\"has-text-align-center wp-block-heading\">Our Expert AR App Development Services<\/h2>\n\n\n\n<div class=\"wp-block-columns is-layout-flex wp-container-core-columns-is-layout-9d6595d7 wp-block-columns-is-layout-flex\">\n<div class=\"wp-block-column is-layout-flow wp-block-column-is-layout-flow\">\n<h4 class=\"wp-block-heading\">Custom AR development<\/h4>\n\n\n\n<p>Creating high impact AR apps using different frameworks like Apple AR kit, Google AR core, Vuforia &amp; wiki tude.<\/p>\n<\/div>\n\n\n\n<div class=\"wp-block-column is-layout-flow wp-block-column-is-layout-flow\">\n<h4 class=\"wp-block-heading\">Industry specific AR App solutions<\/h4>\n\n\n\n<p>Creating AR solutions in navigation, advertising, retail, manufacturing and many more.<\/p>\n<\/div>\n\n\n\n<div class=\"wp-block-column is-layout-flow wp-block-column-is-layout-flow\">\n<h4 class=\"wp-block-heading\">Projection based AR Development<\/h4>\n\n\n\n<p>Digital projection of images, videos, 2d and 3d objects over the physical world.<\/p>\n<\/div>\n<\/div>\n<\/div>\n<\/div>\n\n\n\n<div class=\"wp-block-columns is-layout-flex wp-container-core-columns-is-layout-9d6595d7 wp-block-columns-is-layout-flex\">\n<div class=\"wp-block-column is-layout-flow wp-block-column-is-layout-flow\">\n<h4 class=\"wp-block-heading\">Location based AR Developer<\/h4>\n\n\n\n<p>Enabling Geo-location based AR experiences that are anchored in on real time locations and navigations.<\/p>\n<\/div>\n\n\n\n<div class=\"wp-block-column is-layout-flow wp-block-column-is-layout-flow\">\n<h4 class=\"wp-block-heading\">Recognition based AR<\/h4>\n\n\n\n<p>Enabling real time 360 degree augmented experiences through machine learning technology.<\/p>\n<\/div>\n\n\n\n<div class=\"wp-block-column is-layout-flow wp-block-column-is-layout-flow\">\n<h4 class=\"wp-block-heading\">Support &amp; Maintenance for AR Apps<\/h4>\n\n\n\n<p>Useful AR app consulting based on your personalized business requirements.<\/p>\n<\/div>\n<\/div>\n\n\n\n<div class=\"wp-block-columns is-layout-flex wp-container-core-columns-is-layout-9d6595d7 wp-block-columns-is-layout-flex\">\n<div class=\"wp-block-column is-layout-flow wp-block-column-is-layout-flow\">\n<p class=\"has-text-align-center\">SERVICES GEVELOPPEURS<\/p>\n\n\n\n<h2 class=\"has-text-align-center wp-block-heading\">Regarder un spectre plus large<\/h2>\n\n\n\n<div class=\"wp-block-columns is-layout-flex wp-container-core-columns-is-layout-9d6595d7 wp-block-columns-is-layout-flex\">\n<div class=\"wp-block-column is-layout-flow wp-block-column-is-layout-flow\">\n<figure class=\"wp-block-image size-large\"><img loading=\"lazy\" decoding=\"async\" width=\"300\" height=\"231\" src=\"https:\/\/gevelopers.com\/wp-content\/uploads\/2021\/05\/services-landing-img-11.svg\" alt=\"\" class=\"wp-image-1192\"\/><\/figure>\n\n\n\n<h4 class=\"has-text-align-center wp-block-heading\">D\u00e9veloppement d&#039;applications mobiles<\/h4>\n\n\n\n<p class=\"has-text-align-center\">D\u00e9velopper des applications iOS et Android pour smartphones et tablettes avec une grande attention au design.<\/p>\n<\/div>\n\n\n\n<div class=\"wp-block-column is-layout-flow wp-block-column-is-layout-flow\">\n<figure class=\"wp-block-image size-large\"><img loading=\"lazy\" decoding=\"async\" width=\"300\" height=\"213\" src=\"https:\/\/gevelopers.com\/wp-content\/uploads\/2021\/05\/services-landing-img-21.svg\" alt=\"\" class=\"wp-image-1193\"\/><\/figure>\n\n\n\n<h4 class=\"has-text-align-center wp-block-heading\">D\u00e9veloppement Web personnalis\u00e9<\/h4>\n\n\n\n<p class=\"has-text-align-center\">D\u00e9velopper des sites Web r\u00e9actifs avec un contr\u00f4le complet du contenu et une \u00e9volutivit\u00e9.<\/p>\n<\/div>\n\n\n\n<div class=\"wp-block-column is-layout-flow wp-block-column-is-layout-flow\">\n<figure class=\"wp-block-image size-large\"><img loading=\"lazy\" decoding=\"async\" width=\"262\" height=\"232\" src=\"https:\/\/gevelopers.com\/wp-content\/uploads\/2021\/05\/services-landing-img-31.svg\" alt=\"\" class=\"wp-image-1194\"\/><\/figure>\n\n\n\n<h4 class=\"has-text-align-center wp-block-heading\">D\u00e9veloppement de jeux mobiles<\/h4>\n\n\n\n<p class=\"has-text-align-center\">D\u00e9velopper des jeux 2D et 3D engageants sur les plateformes iOS et Android qui g\u00e9n\u00e8rent des revenus.<\/p>\n<\/div>\n<\/div>\n<\/div>\n<\/div>\n\n\n\n<div class=\"wp-block-columns is-layout-flex wp-container-core-columns-is-layout-9d6595d7 wp-block-columns-is-layout-flex\">\n<div class=\"wp-block-column is-layout-flow wp-block-column-is-layout-flow\">\n<figure class=\"wp-block-image size-large\"><img loading=\"lazy\" decoding=\"async\" width=\"300\" height=\"219\" src=\"https:\/\/gevelopers.com\/wp-content\/uploads\/2021\/05\/services-landing-img-41.svg\" alt=\"\" class=\"wp-image-1198\"\/><\/figure>\n\n\n\n<h4 class=\"has-text-align-center wp-block-heading\">Services de marketing num\u00e9rique<\/h4>\n\n\n\n<p class=\"has-text-align-center\">Pile de marketing en ligne compl\u00e8te en mettant l&#039;accent sur le contenu, la cr\u00e9ation, les m\u00e9dias sociaux et le num\u00e9rique.<\/p>\n<\/div>\n\n\n\n<div class=\"wp-block-column is-layout-flow wp-block-column-is-layout-flow\">\n<figure class=\"wp-block-image size-large\"><img loading=\"lazy\" decoding=\"async\" width=\"320\" height=\"148\" src=\"https:\/\/gevelopers.com\/wp-content\/uploads\/2021\/05\/services-landing-img-51.svg\" alt=\"\" class=\"wp-image-1200\"\/><\/figure>\n\n\n\n<h4 class=\"has-text-align-center wp-block-heading\">Conception d&#039;interface utilisateur \/ Services cr\u00e9atifs<\/h4>\n\n\n\n<p class=\"has-text-align-center\">Concevoir des interfaces utilisateur et des designs \u00e9poustouflants qui donnent une identit\u00e9 et une exp\u00e9rience uniques.<\/p>\n<\/div>\n\n\n\n<div class=\"wp-block-column is-layout-flow wp-block-column-is-layout-flow\">\n<figure class=\"wp-block-image size-large\"><img loading=\"lazy\" decoding=\"async\" width=\"300\" height=\"220\" src=\"https:\/\/gevelopers.com\/wp-content\/uploads\/2021\/05\/services-landing-img-61.svg\" alt=\"\" class=\"wp-image-1201\"\/><\/figure>\n\n\n\n<h4 class=\"has-text-align-center wp-block-heading\">Gestion de l&#039;infrastructure cloud<\/h4>\n\n\n\n<p class=\"has-text-align-center\">Architectes cloud certifi\u00e9s AWS qui peuvent configurer et g\u00e9rer l&#039;int\u00e9gralit\u00e9 de l&#039;infrastructure cloud.<\/p>\n<\/div>\n<\/div>\n\n\n\n<div class=\"wp-block-columns is-layout-flex wp-container-core-columns-is-layout-9d6595d7 wp-block-columns-is-layout-flex\">\n<div class=\"wp-block-column is-layout-flow wp-block-column-is-layout-flow\">\n<h3 class=\"has-text-align-center wp-block-heading\">Solutions d&#039;entreprise<\/h3>\n\n\n\n<p class=\"has-text-align-center\">Am\u00e9liorer l&#039;exp\u00e9rience de l&#039;entreprise en d\u00e9veloppant des solutions innovantes et percutantes pour le Web, le mobile et Internet avec une exp\u00e9rience utilisateur riche.<\/p>\n\n\n\n<figure class=\"wp-block-image size-large\"><img decoding=\"async\" src=\"https:\/\/gevelopers.com\/wp-content\/uploads\/2021\/05\/enterprice-solution1.webp\" alt=\"\" class=\"wp-image-1204\"\/><\/figure>\n\n\n\n<div class=\"wp-block-columns is-layout-flex wp-container-core-columns-is-layout-9d6595d7 wp-block-columns-is-layout-flex\">\n<div class=\"wp-block-column is-layout-flow wp-block-column-is-layout-flow\">\n<p>Strat\u00e9gie mobile<br>Mobilit\u00e9 d&#039;entreprise<br>Syst\u00e8me ERP<\/p>\n<\/div>\n\n\n\n<div class=\"wp-block-column is-layout-flow wp-block-column-is-layout-flow\">\n<p>Gestion de contenu<br>Conseil technique<br>Plateformes d&#039;applications mobiles<\/p>\n<\/div>\n<\/div>\n<\/div>\n\n\n\n<div class=\"wp-block-column is-layout-flow wp-block-column-is-layout-flow\">\n<h3 class=\"has-text-align-center wp-block-heading\">Solutions de d\u00e9marrage<\/h3>\n\n\n\n<p class=\"has-text-align-center\">Nous aidons les startups de toutes tailles, quel que soit leur stade, \u00e0 nourrir, construire et d\u00e9velopper leurs id\u00e9es incroyables sur mobile et Web.<\/p>\n\n\n\n<figure class=\"wp-block-image size-large\"><img decoding=\"async\" src=\"https:\/\/gevelopers.com\/wp-content\/uploads\/2021\/05\/startup-solution1.webp\" alt=\"\" class=\"wp-image-1207\"\/><\/figure>\n\n\n\n<div class=\"wp-block-columns is-layout-flex wp-container-core-columns-is-layout-9d6595d7 wp-block-columns-is-layout-flex\">\n<div class=\"wp-block-column is-layout-flow wp-block-column-is-layout-flow\">\n<p>Id\u00e9e \u00e0 prototyper<br>Lancement du MVP<br>Service de d\u00e9veloppement<\/p>\n<\/div>\n\n\n\n<div class=\"wp-block-column is-layout-flow wp-block-column-is-layout-flow\">\n<p>Cr\u00e9er une machine de lancement<br>Assistance et entretien<br>Partenariats en capital<\/p>\n<\/div>\n<\/div>\n<\/div>\n<\/div>","protected":false},"excerpt":{"rendered":"<p>AR Development Accelerating Business Growth As a leading augmented reality app development company, we build lifelike AR app experiences that&#8230;<\/p>","protected":false},"author":1,"featured_media":0,"parent":0,"menu_order":0,"comment_status":"closed","ping_status":"closed","template":"","meta":{"footnotes":""},"class_list":["post-1175","page","type-page","status-publish","hentry"],"_links":{"self":[{"href":"https:\/\/gevelopers.com\/fr\/wp-json\/wp\/v2\/pages\/1175","targetHints":{"allow":["GET"]}}],"collection":[{"href":"https:\/\/gevelopers.com\/fr\/wp-json\/wp\/v2\/pages"}],"about":[{"href":"https:\/\/gevelopers.com\/fr\/wp-json\/wp\/v2\/types\/page"}],"author":[{"embeddable":true,"href":"https:\/\/gevelopers.com\/fr\/wp-json\/wp\/v2\/users\/1"}],"replies":[{"embeddable":true,"href":"https:\/\/gevelopers.com\/fr\/wp-json\/wp\/v2\/comments?post=1175"}],"version-history":[{"count":0,"href":"https:\/\/gevelopers.com\/fr\/wp-json\/wp\/v2\/pages\/1175\/revisions"}],"wp:attachment":[{"href":"https:\/\/gevelopers.com\/fr\/wp-json\/wp\/v2\/media?parent=1175"}],"curies":[{"name":"wp","href":"https:\/\/api.w.org\/{rel}","templated":true}]}}