{"id":1257,"date":"2021-05-11T15:09:06","date_gmt":"2021-05-11T15:09:06","guid":{"rendered":"https:\/\/gevelopers.com\/?page_id=1257"},"modified":"2021-07-24T19:15:26","modified_gmt":"2021-07-24T19:15:26","slug":"methodology","status":"publish","type":"page","link":"https:\/\/gevelopers.com\/fr\/methodology\/","title":{"rendered":"Work Methodology for Building Software Solutions"},"content":{"rendered":"<p class=\"has-text-align-center\">Standing tall since 2015, we have learned not only from success, but from failures too. It helped us to understand what you (as a client) really need. Is it just a software product that you require? No, you need much more than that. Handful information and clarity about the company before you engage.<\/p>\n\n\n\n<div style=\"height:50px\" aria-hidden=\"true\" class=\"wp-block-spacer\"><\/div>\n\n\n\n<h2 class=\"has-text-align-center wp-block-heading\">Our Work Methodology<\/h2>\n\n\n\n<div class=\"wp-block-columns is-layout-flex wp-container-core-columns-is-layout-9d6595d7 wp-block-columns-is-layout-flex\">\n<div class=\"wp-block-column is-layout-flow wp-block-column-is-layout-flow\">\n<img decoding=\"async\" src=\"https:\/\/gevelopers.com\/wp-content\/uploads\/2021\/05\/feather-pen.svg\" alt=\"Discovery-Workshop-Gevelopers\" style=\"width:50px;height:50px;\">\n\n\n\n<h3 class=\"wp-block-heading\">Atelier D\u00e9couverte<\/h3>\n\n\n\n<p>Transforming idea into a measurable scope with functional UI\/UX Design.<\/p>\n\n\n\n<div class=\"wp-block-buttons is-layout-flex wp-block-buttons-is-layout-flex\">\n<div class=\"wp-block-button\"><a class=\"wp-block-button__link\" href=\"https:\/\/gevelopers.com\/fr\/discovery-process\/\">Apprendre encore plus<\/a><\/div>\n<\/div>\n<\/div>\n\n\n\n<div class=\"wp-block-column is-layout-flow wp-block-column-is-layout-flow\">\n<img decoding=\"async\" src=\"https:\/\/gevelopers.com\/wp-content\/uploads\/2021\/05\/technical-support.svg\" alt=\"Project-Execution-Gevlopers\" style=\"width:50px;height:50px;\">\n\n\n\n<h3 class=\"wp-block-heading\">L&#039;ex\u00e9cution du projet<\/h3>\n\n\n\n<p>Get to know how we balance the critical triangle of Cost, Time and Scope.<\/p>\n\n\n\n<div class=\"wp-block-buttons is-layout-flex wp-block-buttons-is-layout-flex\">\n<div class=\"wp-block-button\"><a class=\"wp-block-button__link\" href=\"https:\/\/gevelopers.com\/fr\/project-execution\/\">Apprendre encore plus<\/a><\/div>\n<\/div>\n<\/div>\n<\/div>\n\n\n\n<div class=\"wp-block-columns is-layout-flex wp-container-core-columns-is-layout-9d6595d7 wp-block-columns-is-layout-flex\">\n<div class=\"wp-block-column is-layout-flow wp-block-column-is-layout-flow\">\n<img decoding=\"async\" src=\"https:\/\/gevelopers.com\/wp-content\/uploads\/2021\/05\/support.svg\" alt=\"Remote-Team-Gevelopers\" style=\"width:50px;height:50px;\">\n\n\n\n<h3 class=\"wp-block-heading\">\u00c9quipe \u00e0 distance<\/h3>\n\n\n\n<p>From an expert team who works remotely, under your supervision.<\/p>\n\n\n\n<div class=\"wp-block-buttons is-layout-flex wp-block-buttons-is-layout-flex\">\n<div class=\"wp-block-button\"><a class=\"wp-block-button__link\" href=\"https:\/\/gevelopers.com\/fr\/dedicated-teams\/\">Apprendre encore plus<\/a><\/div>\n<\/div>\n<\/div>\n\n\n\n<div class=\"wp-block-column is-layout-flow wp-block-column-is-layout-flow\">\n<img decoding=\"async\" src=\"https:\/\/gevelopers.com\/wp-content\/uploads\/2021\/05\/rating.svg\" alt=\"Project-Review-Gevelopers\" style=\"width:50px;height:50px;\">\n\n\n\n<h3 class=\"wp-block-heading\">Revue de projet<\/h3>\n\n\n\n<p>Get to know how we balance the critical triangle of Cost, Time and Scope.<\/p>\n\n\n\n<div class=\"wp-block-buttons is-layout-flex wp-block-buttons-is-layout-flex\">\n<div class=\"wp-block-button\"><a class=\"wp-block-button__link\" href=\"https:\/\/gevelopers.com\/fr\/project-review\/\">Apprendre encore plus<\/a><\/div>\n<\/div>\n<\/div>\n<\/div>\n\n\n\n<div class=\"wp-block-columns is-layout-flex wp-container-core-columns-is-layout-9d6595d7 wp-block-columns-is-layout-flex\">\n<div class=\"wp-block-column is-layout-flow wp-block-column-is-layout-flow\">\n<h2 class=\"has-text-align-center wp-block-heading\">Why is it important to You and Us?<\/h2>\n\n\n\n<p class=\"has-text-align-center\">Gevelopers\u2019 working mantra has always been cemented around client satisfaction and quality. Over two decades of experience and stability as a trusted software development company has taught us many things about the customer\u2019s initial needs. In most cases, the most common question is what will happen and how, right?<\/p>\n\n\n\n<p class=\"has-text-align-center\">The information hereby will help you to understand what is essential for your business idea, how do we work, and how to save time by coming up with the required information beforehand. Please remember that we care about your business idea as much as you do!<\/p>\n<\/div>\n<\/div>\n\n\n\n<div class=\"wp-block-columns is-layout-flex wp-container-core-columns-is-layout-9d6595d7 wp-block-columns-is-layout-flex\">\n<div class=\"wp-block-column is-layout-flow wp-block-column-is-layout-flow\">\n<center><img decoding=\"async\" src=\"https:\/\/gevelopers.com\/wp-content\/uploads\/2021\/04\/ic-technology-flutter1x1.svg\" alt=\"technology-flutter\" style=\" width:50px;height:50px\" ><\/center>\n<\/div>\n\n\n\n<div class=\"wp-block-column is-layout-flow wp-block-column-is-layout-flow\">\n<center><img decoding=\"async\" src=\"https:\/\/gevelopers.com\/wp-content\/uploads\/2021\/04\/ic-technology-phone-gap1.svg\" alt=\"technologie-t\u00e9l\u00e9phone-gap-gevelopers\" style=\"width:50px;height:50px\"><\/center>\n<\/div>\n\n\n\n<div class=\"wp-block-column is-layout-flow wp-block-column-is-layout-flow\">\n<center><img decoding=\"async\" src=\"https:\/\/gevelopers.com\/wp-content\/uploads\/2021\/04\/ic-technology-react-native1x1.svg\" alt=\"react-native-gevelopers\" style=\"width:50px;height:50px\"><\/center>\n<\/div>\n\n\n\n<div class=\"wp-block-column is-layout-flow wp-block-column-is-layout-flow\">\n<center><img decoding=\"async\" src=\"https:\/\/gevelopers.com\/wp-content\/uploads\/2021\/04\/ic-technology-titanium1x1.svg\" alt=\"technologie-titane-gevelopers\" style=\"width:50px;height:50px\"  ><\/center>\n<\/div>\n\n\n\n<div class=\"wp-block-column is-layout-flow wp-block-column-is-layout-flow\">\n<center><img decoding=\"async\" src=\"https:\/\/gevelopers.com\/wp-content\/uploads\/2021\/04\/ic-technology-xamarin1.svg\" alt=\"technologie-xamarin-gevelopers\" style=\"width:50px;height:50px\" ><\/center>\n<\/div>\n<\/div>\n\n\n\n<div class=\"wp-block-columns is-layout-flex wp-container-core-columns-is-layout-9d6595d7 wp-block-columns-is-layout-flex\">\n<div class=\"wp-block-column is-layout-flow wp-block-column-is-layout-flow\">\n<center><img decoding=\"async\" src=\"https:\/\/gevelopers.com\/wp-content\/uploads\/2021\/04\/mobile-app-development-cross-platform-img1.webp\" alt=\"d\u00e9veloppeurs-d-applications-mobiles-multi-plateformes\" ><\/center>\n<\/div>\n<\/div>\n\n\n\n<div class=\"wp-block-columns is-layout-flex wp-container-core-columns-is-layout-9d6595d7 wp-block-columns-is-layout-flex\">\n<div class=\"wp-block-column is-layout-flow wp-block-column-is-layout-flow\">\n<img decoding=\"async\" src=\"https:\/\/gevelopers.com\/wp-content\/uploads\/2021\/05\/ic-mobile-app-development-enterprise1.svg\" alt=\"d\u00e9veloppeur-d-applications-mobiles-entreprise-gevelopers\" style=\"width:50px;height:50px;\">\n\n\n\n<h3 class=\"wp-block-heading\">Entreprise<\/h3>\n\n\n\n<p>Notre conseil collaboratif sur la strat\u00e9gie mobile sert de catalyseur pour rationaliser les cadres et processus informatiques avec la feuille de route mobile qui est align\u00e9e sur les sc\u00e9narios, les politiques et les syst\u00e8mes actuels de l&#039;entreprise.<\/p>\n<\/div>\n\n\n\n<div class=\"wp-block-column is-layout-flow wp-block-column-is-layout-flow\">\n<img decoding=\"async\" src=\"https:\/\/gevelopers.com\/wp-content\/uploads\/2021\/05\/ic-business1.svg\" alt=\"business-gevelopers\" style=\"width:50px;height:50px;\">\n\n\n\n<h3 class=\"wp-block-heading\">Affaires<\/h3>\n\n\n\n<p>Nous cartographions les besoins et les cas d&#039;utilisation des entreprises pour leur permettre de r\u00e9agir rapidement aux changements. Nous aidons votre organisation \u00e0 mobiliser la communication inter-services, les workflows et la disponibilit\u00e9 instantan\u00e9e des informations.<\/p>\n<\/div>\n\n\n\n<div class=\"wp-block-column is-layout-flow wp-block-column-is-layout-flow\">\n<img decoding=\"async\" src=\"https:\/\/gevelopers.com\/wp-content\/uploads\/2021\/05\/ic-consumers1.svg\" alt=\"consommateurs-g\u00e9o-d\u00e9veloppeurs\" style=\"width:50px;height:50px;\">\n\n\n\n<h3 class=\"wp-block-heading\">Consommateurs<\/h3>\n\n\n\n<p>Nos experts mobiles aident les marques, les entreprises et les organisations communautaires \u00e0 cr\u00e9er des solutions d&#039;applications mobiles \u00e9volutives destin\u00e9es \u00e0 \u00eatre utilis\u00e9es quotidiennement par les consommateurs du monde entier, plusieurs fois par jour.<\/p>\n<\/div>\n<\/div>","protected":false},"excerpt":{"rendered":"<p>Standing tall since 2015, we have learned not only from success, but from failures too. It helped us to understand&#8230;<\/p>","protected":false},"author":1,"featured_media":0,"parent":0,"menu_order":0,"comment_status":"closed","ping_status":"closed","template":"","meta":{"footnotes":""},"class_list":["post-1257","page","type-page","status-publish","hentry"],"_links":{"self":[{"href":"https:\/\/gevelopers.com\/fr\/wp-json\/wp\/v2\/pages\/1257","targetHints":{"allow":["GET"]}}],"collection":[{"href":"https:\/\/gevelopers.com\/fr\/wp-json\/wp\/v2\/pages"}],"about":[{"href":"https:\/\/gevelopers.com\/fr\/wp-json\/wp\/v2\/types\/page"}],"author":[{"embeddable":true,"href":"https:\/\/gevelopers.com\/fr\/wp-json\/wp\/v2\/users\/1"}],"replies":[{"embeddable":true,"href":"https:\/\/gevelopers.com\/fr\/wp-json\/wp\/v2\/comments?post=1257"}],"version-history":[{"count":0,"href":"https:\/\/gevelopers.com\/fr\/wp-json\/wp\/v2\/pages\/1257\/revisions"}],"wp:attachment":[{"href":"https:\/\/gevelopers.com\/fr\/wp-json\/wp\/v2\/media?parent=1257"}],"curies":[{"name":"wp","href":"https:\/\/api.w.org\/{rel}","templated":true}]}}