{"id":1673,"date":"2021-05-22T10:28:48","date_gmt":"2021-05-22T10:28:48","guid":{"rendered":"https:\/\/gevelopers.com\/?page_id=1673"},"modified":"2021-07-24T18:02:25","modified_gmt":"2021-07-24T18:02:25","slug":"technology","status":"publish","type":"page","link":"https:\/\/gevelopers.com\/fr\/technology\/","title":{"rendered":"Ar\u00e8ne technologique"},"content":{"rendered":"<p class=\"has-text-align-center\">La r\u00e9solution de probl\u00e8mes commerciaux est dans notre ADN. Et Gevelopers poss\u00e8de l&#039;expertise technologique pour y parvenir. Vous avez l&#039;id\u00e9e et nous avons juste les bonnes ressources avec une riche exp\u00e9rience de l&#039;industrie dont votre projet de d\u00e9veloppement logiciel a besoin.<\/p>\n\n\n\n<div style=\"height:50px\" aria-hidden=\"true\" class=\"wp-block-spacer\"><\/div>\n\n\n\n<h2 class=\"has-text-align-center wp-block-heading\">Spectre technologique que nous avons<\/h2>\n\n\n\n<div class=\"wp-block-columns is-layout-flex wp-container-core-columns-is-layout-9d6595d7 wp-block-columns-is-layout-flex\">\n<div class=\"wp-block-column is-layout-flow wp-block-column-is-layout-flow\">\n<img decoding=\"async\" src=\"https:\/\/gevelopers.com\/wp-content\/uploads\/2021\/05\/ic-mobile-mobile1.svg\" alt=\"gevelopers-mobile-mobile\" style=\"width:50px;height:50px\">\n\n\n\n<h3 class=\"wp-block-heading\">Mobile<\/h3>\n\n\n\n<p>Des ressources avec une exp\u00e9rience moyenne de 5 ans et une expertise technique dans les domaines des applications natives iOS, Android, multiplateformes et hybrides.<\/p>\n\n\n\n<div class=\"wp-block-buttons is-layout-flex wp-block-buttons-is-layout-flex\">\n<div class=\"wp-block-button\"><a class=\"wp-block-button__link\" href=\"https:\/\/gevelopers.com\/fr\/mobile\/\">Apprendre encore plus<\/a><\/div>\n<\/div>\n<\/div>\n\n\n\n<div class=\"wp-block-column is-layout-flow wp-block-column-is-layout-flow\">\n<img decoding=\"async\" src=\"https:\/\/gevelopers.com\/wp-content\/uploads\/2021\/05\/ic-mobile-web1.svg\" alt=\"gevelopers-mobile-web\" style=\"width:50px;height:50px\">\n\n\n\n<h3 class=\"wp-block-heading\">L&#039;extr\u00e9mit\u00e9 avant<\/h3>\n\n\n\n<p>Fournir des frontaux visuellement attrayants, interactifs, fluides, conviviaux et hautement performants gr\u00e2ce \u00e0 nos plus de 22 ans d&#039;exp\u00e9rience dans l&#039;industrie.<\/p>\n\n\n\n<div class=\"wp-block-buttons is-layout-flex wp-block-buttons-is-layout-flex\">\n<div class=\"wp-block-button\"><a class=\"wp-block-button__link\" href=\"https:\/\/gevelopers.com\/fr\/front-end\/\">Apprendre encore plus<\/a><\/div>\n<\/div>\n<\/div>\n<\/div>\n\n\n\n<div class=\"wp-block-columns is-layout-flex wp-container-core-columns-is-layout-9d6595d7 wp-block-columns-is-layout-flex\">\n<div class=\"wp-block-column is-layout-flow wp-block-column-is-layout-flow\">\n<img decoding=\"async\" src=\"https:\/\/gevelopers.com\/wp-content\/uploads\/2021\/05\/ic-mobile-backend1.svg\" alt=\"gevelopers-mobile-backend\" style=\"width:50px;height:50px\">\n\n\n\n<h3 class=\"wp-block-heading\">Back-end<\/h3>\n\n\n\n<p>Une grande importance pour le backend est essentielle pour un logiciel r\u00e9ussi et notre expertise en Java, NodeJS, .NET, PHP, Python, etc. vous aide \u00e0 y parvenir.<\/p>\n\n\n\n<div class=\"wp-block-buttons is-layout-flex wp-block-buttons-is-layout-flex\">\n<div class=\"wp-block-button\"><a class=\"wp-block-button__link\" href=\"https:\/\/gevelopers.com\/fr\/backend\/\">Apprendre encore plus<\/a><\/div>\n<\/div>\n<\/div>\n\n\n\n<div class=\"wp-block-column is-layout-flow wp-block-column-is-layout-flow\">\n<img decoding=\"async\" src=\"https:\/\/gevelopers.com\/wp-content\/uploads\/2021\/05\/ic-mobile-database1.svg\" alt=\"gevelopers-mobile-base de donn\u00e9es\" style=\"width:50px;height:50px\">\n\n\n\n<h3 class=\"wp-block-heading\">Base de donn\u00e9es<\/h3>\n\n\n\n<p>Notre expertise dans plusieurs technologies de bases de donn\u00e9es vous aide \u00e0 trouver la solution id\u00e9ale pour votre projet en fonction des exigences et de la base d&#039;utilisateurs.<\/p>\n\n\n\n<div class=\"wp-block-buttons is-layout-flex wp-block-buttons-is-layout-flex\">\n<div class=\"wp-block-button\"><a class=\"wp-block-button__link\" href=\"https:\/\/gevelopers.com\/fr\/database\/\">Apprendre encore plus<\/a><\/div>\n<\/div>\n<\/div>\n<\/div>\n\n\n\n<div class=\"wp-block-columns is-layout-flex wp-container-core-columns-is-layout-9d6595d7 wp-block-columns-is-layout-flex\">\n<div class=\"wp-block-column is-layout-flow wp-block-column-is-layout-flow\">\n<img decoding=\"async\" src=\"https:\/\/gevelopers.com\/wp-content\/uploads\/2021\/05\/ic-mobile-devops1.svg\" alt=\"gevelopers-mobile-devops\" style=\"width:50px;height:50px\">\n\n\n\n<h3 class=\"wp-block-heading\">Infra &amp; DevOps<\/h3>\n\n\n\n<p>Nous vous aidons \u00e0 transformer votre entreprise en automatisant les processus d&#039;infrastructure, de d\u00e9veloppement et de d\u00e9ploiement de logiciels \u00e0 l&#039;aide de divers outils DevOps.<\/p>\n\n\n\n<div class=\"wp-block-buttons is-layout-flex wp-block-buttons-is-layout-flex\">\n<div class=\"wp-block-button\"><a class=\"wp-block-button__link\" href=\"https:\/\/gevelopers.com\/fr\/infra-and-devops\/\">Apprendre encore plus<\/a><\/div>\n<\/div>\n<\/div>\n\n\n\n<div class=\"wp-block-column is-layout-flow wp-block-column-is-layout-flow\">\n<img decoding=\"async\" src=\"https:\/\/gevelopers.com\/wp-content\/uploads\/2021\/05\/ic-mobile-cms1.svg\" alt=\"gevelopers-mobile-cms\" style=\"width:50px;height:50px\">\n\n\n\n<h3 class=\"wp-block-heading\">CMS<\/h3>\n\n\n\n<p>Notre exp\u00e9rience pratique des outils CMS populaires aide les entreprises \u00e0 cr\u00e9er et \u00e0 g\u00e9rer leur contenu num\u00e9rique avec plus de flexibilit\u00e9 et de facilit\u00e9.<\/p>\n\n\n\n<div class=\"wp-block-buttons is-layout-flex wp-block-buttons-is-layout-flex\">\n<div class=\"wp-block-button\"><a class=\"wp-block-button__link\" href=\"https:\/\/gevelopers.com\/fr\/cms\/\">Apprendre encore plus<\/a><\/div>\n<\/div>\n<\/div>\n<\/div>\n\n\n\n<div style=\"height:50px\" aria-hidden=\"true\" class=\"wp-block-spacer\"><\/div>\n\n\n\n<h2 class=\"has-text-align-center wp-block-heading\">Comment Gevelopers vous aide-t-il ?<\/h2>\n\n\n\n<p class=\"has-text-align-center\">Depuis 2015, l&#039;\u00e9quipe Gevelopers a appris davantage des \u00e9checs dans le d\u00e9veloppement de logiciels avec la nature \u00e9volutive des innovations commerciales et de l&#039;intelligence. Le succ\u00e8s mondial et la reconnaissance que nous avons aujourd&#039;hui sont dus \u00e0 nos le\u00e7ons d&#039;\u00e9checs tout au long de ces d\u00e9cennies.<\/p>\n\n\n\n<p class=\"has-text-align-center\">R\u00e9soudre vos probl\u00e8mes et d\u00e9fis commerciaux avec l&#039;int\u00e9grit\u00e9 100% est notre mantra. Nos experts techniques vous guideront en d\u00e9tail sur les solutions possibles compte tenu de notre exp\u00e9rience dans l&#039;industrie. Nous d\u00e9veloppons des solutions logicielles performantes destin\u00e9es aux plates-formes Web et mobiles pour les startups et les entreprises avec une livraison garantie.<\/p>\n\n\n\n<div style=\"height:25px\" aria-hidden=\"true\" class=\"wp-block-spacer\"><\/div>\n\n\n\n<div class=\"wp-block-columns is-layout-flex wp-container-core-columns-is-layout-9d6595d7 wp-block-columns-is-layout-flex\">\n<div class=\"wp-block-column is-layout-flow wp-block-column-is-layout-flow\">\n<center><img decoding=\"async\" src=\"https:\/\/gevelopers.com\/wp-content\/uploads\/2021\/05\/ic-technology-ios1.svg\" alt=\"technologie-ios-gevelopers\" style=\"width:50px;height:50px\"><\/center>\n\n\n\n<p><\/p>\n<\/div>\n\n\n\n<div class=\"wp-block-column is-layout-flow wp-block-column-is-layout-flow\">\n<center><img decoding=\"async\" src=\"https:\/\/gevelopers.com\/wp-content\/uploads\/2021\/05\/ic-technology-php1.svg\" alt=\"technologie-php-gevelopers\" style=\"width:50px;height:50px\"><\/center>\n<\/div>\n\n\n\n<div class=\"wp-block-column is-layout-flow wp-block-column-is-layout-flow\">\n<center><img decoding=\"async\" src=\"https:\/\/gevelopers.com\/wp-content\/uploads\/2021\/04\/ic-technology-google-cloud1x1.svg\" alt=\"technologie-google-cloud-gevelopers\" style=\"width:50px;height:50px\"><\/center>\n<\/div>\n\n\n\n<div class=\"wp-block-column is-layout-flow wp-block-column-is-layout-flow\">\n<center><img decoding=\"async\" src=\"https:\/\/gevelopers.com\/wp-content\/uploads\/2021\/05\/ic-technology-html51.svg\" alt=\"technologie-html5-gevelopers\" style=\"width:50px;height:50px\"><\/center>\n<\/div>\n\n\n\n<div class=\"wp-block-column is-layout-flow wp-block-column-is-layout-flow\">\n<center><img decoding=\"async\" src=\"https:\/\/gevelopers.com\/wp-content\/uploads\/2021\/05\/ic-technology-magento1.svg\" alt=\"technologie-magento-gevelopers\" style=\"width:50px;height:50px\"><\/center>\n<\/div>\n\n\n\n<div class=\"wp-block-column is-layout-flow wp-block-column-is-layout-flow\">\n<center><img decoding=\"async\" src=\"https:\/\/gevelopers.com\/wp-content\/uploads\/2021\/05\/ic-technology-wordpress1.svg\" alt=\"technologie-wordpress-gevelopers\" style=\"width:50px;height:50px\"><\/center>\n<\/div>\n\n\n\n<div class=\"wp-block-column is-layout-flow wp-block-column-is-layout-flow\">\n<center><img decoding=\"async\" src=\"https:\/\/gevelopers.com\/wp-content\/uploads\/2021\/05\/ic-database-technology-redis1.svg\" alt=\"gevelopers-base-de-donn\u00e9es-technologie-redis\" style=\"width:50px;height:50px\"><\/center>\n<\/div>\n\n\n\n<div class=\"wp-block-column is-layout-flow wp-block-column-is-layout-flow\">\n<center><img decoding=\"async\" src=\"https:\/\/gevelopers.com\/wp-content\/uploads\/2021\/05\/ic-technology-angular-js1.svg\" alt=\"technologie-angular-js-gevelopers\" style=\"width:50px;height:50px\"><\/center>\n<\/div>\n<\/div>\n\n\n\n<div style=\"height:50px\" aria-hidden=\"true\" class=\"wp-block-spacer\"><\/div>\n\n\n\n<center><img decoding=\"async\" src=\"https:\/\/gevelopers.com\/wp-content\/uploads\/2021\/04\/mobile-app-development-cross-platform-img1.webp\" alt=\"d\u00e9veloppeurs-d-applications-mobiles-multi-plateformes\" ><\/center>\n\n\n\n<div style=\"height:50px\" aria-hidden=\"true\" class=\"wp-block-spacer\"><\/div>\n\n\n\n<h2 class=\"has-text-align-center wp-block-heading\">Nous vous aidons \u00e0 cr\u00e9er des applications pour<\/h2>\n\n\n\n<div class=\"wp-block-columns is-layout-flex wp-container-core-columns-is-layout-9d6595d7 wp-block-columns-is-layout-flex\">\n<div class=\"wp-block-column is-layout-flow wp-block-column-is-layout-flow\">\n<img decoding=\"async\" src=\"https:\/\/gevelopers.com\/wp-content\/uploads\/2021\/05\/ic-mobile-app-development-enterprise1.svg\" alt=\"d\u00e9veloppeur-d-applications-mobiles-entreprise-gevelopers\" style=\"width:50px;height:50px\">\n\n\n\n<h3 class=\"wp-block-heading\">Entreprise<\/h3>\n\n\n\n<p>Notre conseil collaboratif sur la strat\u00e9gie mobile sert de catalyseur pour rationaliser les cadres et processus informatiques avec la feuille de route mobile qui est align\u00e9e sur les sc\u00e9narios, les politiques et les syst\u00e8mes actuels de l&#039;entreprise.<\/p>\n<\/div>\n\n\n\n<div class=\"wp-block-column is-layout-flow wp-block-column-is-layout-flow\">\n<img decoding=\"async\" src=\"https:\/\/gevelopers.com\/wp-content\/uploads\/2021\/05\/ic-business1.svg\" alt=\"business-gevelopers\" style=\"width:50px;height:50px\">\n\n\n\n<h3 class=\"wp-block-heading\">Affaires<\/h3>\n\n\n\n<p>Nous cartographions les besoins et les cas d&#039;utilisation des entreprises pour leur permettre de r\u00e9agir rapidement aux changements. Nous aidons votre organisation \u00e0 mobiliser la communication inter-services, les workflows et la disponibilit\u00e9 instantan\u00e9e des informations.<\/p>\n<\/div>\n\n\n\n<div class=\"wp-block-column is-layout-flow wp-block-column-is-layout-flow\">\n<img decoding=\"async\" src=\"https:\/\/gevelopers.com\/wp-content\/uploads\/2021\/05\/ic-consumers1.svg\" alt=\"consommateurs-g\u00e9o-d\u00e9veloppeurs\" style=\"width:50px;height:50px\">\n\n\n\n<h3 class=\"wp-block-heading\">Consommateurs<\/h3>\n\n\n\n<p>Nos experts mobiles aident les marques, les entreprises et les organisations communautaires \u00e0 cr\u00e9er des solutions d&#039;applications mobiles \u00e9volutives destin\u00e9es \u00e0 \u00eatre utilis\u00e9es quotidiennement par les consommateurs du monde entier, plusieurs fois par jour.<\/p>\n<\/div>\n<\/div>","protected":false},"excerpt":{"rendered":"<p>Solving business problems is in our DNA. And Gevelopers has the technology expertise to make this happen. You have the&#8230;<\/p>","protected":false},"author":1,"featured_media":0,"parent":0,"menu_order":0,"comment_status":"closed","ping_status":"closed","template":"","meta":{"footnotes":""},"class_list":["post-1673","page","type-page","status-publish","hentry"],"_links":{"self":[{"href":"https:\/\/gevelopers.com\/fr\/wp-json\/wp\/v2\/pages\/1673","targetHints":{"allow":["GET"]}}],"collection":[{"href":"https:\/\/gevelopers.com\/fr\/wp-json\/wp\/v2\/pages"}],"about":[{"href":"https:\/\/gevelopers.com\/fr\/wp-json\/wp\/v2\/types\/page"}],"author":[{"embeddable":true,"href":"https:\/\/gevelopers.com\/fr\/wp-json\/wp\/v2\/users\/1"}],"replies":[{"embeddable":true,"href":"https:\/\/gevelopers.com\/fr\/wp-json\/wp\/v2\/comments?post=1673"}],"version-history":[{"count":0,"href":"https:\/\/gevelopers.com\/fr\/wp-json\/wp\/v2\/pages\/1673\/revisions"}],"wp:attachment":[{"href":"https:\/\/gevelopers.com\/fr\/wp-json\/wp\/v2\/media?parent=1673"}],"curies":[{"name":"wp","href":"https:\/\/api.w.org\/{rel}","templated":true}]}}