{"id":2014,"date":"2021-05-26T07:42:44","date_gmt":"2021-05-26T07:42:44","guid":{"rendered":"https:\/\/gevelopers.com\/?page_id=2014"},"modified":"2021-07-24T18:34:25","modified_gmt":"2021-07-24T18:34:25","slug":"backend","status":"publish","type":"page","link":"https:\/\/gevelopers.com\/fr\/backend\/","title":{"rendered":"D\u00e9veloppement Web et mobile"},"content":{"rendered":"<p class=\"has-text-align-center\">Le backend n&#039;est pas la seule raison pour laquelle les utilisateurs rejoignent votre application, mais un backend m\u00e9diocre est certainement la raison pour les chasser. Gevelopers poss\u00e8de l&#039;exp\u00e9rience n\u00e9cessaire pour relever les d\u00e9fis du backend quelle que soit l&#039;\u00e9chelle et la complexit\u00e9, en utilisant les bonnes technologies pour cr\u00e9er une architecture sans d\u00e9faillance ponctuelle. Obtenez des performances d&#039;application plus fluides et plus rapides \u00e0 tout moment avec la garantie 100%\u00a0!<\/p>\n\n\n\n<div style=\"height:50px\" aria-hidden=\"true\" class=\"wp-block-spacer\"><\/div>\n\n\n\n<h2 class=\"has-text-align-center wp-block-heading\">Technologies backend avec lesquelles nous travaillons<\/h2>\n\n\n\n<div style=\"height:25px\" aria-hidden=\"true\" class=\"wp-block-spacer\"><\/div>\n\n\n\n<div class=\"wp-block-columns is-layout-flex wp-container-core-columns-is-layout-9d6595d7 wp-block-columns-is-layout-flex\">\n<div class=\"wp-block-column is-layout-flow wp-block-column-is-layout-flow\">\n<img decoding=\"async\" src=\"https:\/\/gevelopers.com\/wp-content\/uploads\/2021\/05\/ic-technology-node-js1.svg\" alt=\"technology-node-js-gevelopers\" style=\"width:50px;height:50px\">\n\n\n\n<h4 class=\"wp-block-heading\">D\u00e9veloppement NodeJS<\/h4>\n\n\n\n<p>NodeJS est embl\u00e9matique pour la cr\u00e9ation de backends d&#039;applications en temps r\u00e9el, n\u00e9cessitant un trafic ou des donn\u00e9es importants et une compatibilit\u00e9 de code sur de nombreuses plates-formes.<\/p>\n\n\n\n<div class=\"wp-block-buttons is-layout-flex wp-block-buttons-is-layout-flex\">\n<div class=\"wp-block-button\"><a class=\"wp-block-button__link\" href=\"https:\/\/gevelopers.com\/fr\/node-js-development-company\/\">Apprendre encore plus<\/a><\/div>\n<\/div>\n<\/div>\n\n\n\n<div class=\"wp-block-column is-layout-flow wp-block-column-is-layout-flow\">\n<img decoding=\"async\" src=\"https:\/\/gevelopers.com\/wp-content\/uploads\/2021\/05\/ic-technology-php1.svg\" alt=\"technologie-php-gevelopers\" style=\"width:50px;height:50px\">\n\n\n\n<h4 class=\"wp-block-heading\">D\u00e9veloppement PHP<\/h4>\n\n\n\n<p>Nous cr\u00e9ons des solutions d&#039;entreprise, des syst\u00e8mes de mise en r\u00e9seau, des CMS et d&#039;autres solutions back-end hautement personnalis\u00e9es pour les applications B2B complexes.<\/p>\n\n\n\n<div class=\"wp-block-buttons is-layout-flex wp-block-buttons-is-layout-flex\">\n<div class=\"wp-block-button\"><a class=\"wp-block-button__link\" href=\"https:\/\/gevelopers.com\/fr\/php-web-development-services\/\">Apprendre encore plus<\/a><\/div>\n<\/div>\n<\/div>\n<\/div>\n\n\n\n<div class=\"wp-block-columns is-layout-flex wp-container-core-columns-is-layout-9d6595d7 wp-block-columns-is-layout-flex\">\n<div class=\"wp-block-column is-layout-flow wp-block-column-is-layout-flow\">\n<img decoding=\"async\" src=\"https:\/\/gevelopers.com\/wp-content\/uploads\/2021\/05\/ic-technology-microsoft-dot-net1x1.svg\" alt=\"technologie-microsoft-dot-net-gevelopers\" style=\"width:50px;height:50px\">\n\n\n\n<h4 class=\"wp-block-heading\">D\u00e9veloppement .NET<\/h4>\n\n\n\n<p>Gevelopers cr\u00e9e des solutions d&#039;applications Web, mobiles et Windows personnalis\u00e9es avec le framework .NET pour offrir une \u00e9volutivit\u00e9, une s\u00e9curit\u00e9 et des performances puissantes.<\/p>\n\n\n\n<div class=\"wp-block-buttons is-layout-flex wp-block-buttons-is-layout-flex\">\n<div class=\"wp-block-button\"><a class=\"wp-block-button__link\" href=\"https:\/\/gevelopers.com\/fr\/asp-dot-net-web-development-services\/\">Apprendre encore plus<\/a><\/div>\n<\/div>\n<\/div>\n\n\n\n<div class=\"wp-block-column is-layout-flow wp-block-column-is-layout-flow\">\n<img decoding=\"async\" src=\"https:\/\/gevelopers.com\/wp-content\/uploads\/2021\/05\/ic-technology-java1.svg\" alt=\"technologie-java-gevelopers\" style=\"width:50px;height:50px\">\n\n\n\n<h4 class=\"wp-block-heading\">D\u00e9veloppement Java<\/h4>\n\n\n\n<p>Nous avons une exp\u00e9rience pratique des frameworks Java tels que Spring, Hibernate, JSF, GWT, etc. pour cr\u00e9er des applications commerciales \u00e9volutives et s\u00e9curis\u00e9es.<\/p>\n\n\n\n<div class=\"wp-block-buttons is-layout-flex wp-block-buttons-is-layout-flex\">\n<div class=\"wp-block-button\"><a class=\"wp-block-button__link\" href=\"https:\/\/gevelopers.com\/fr\/java-web-application-development\/\">Apprendre encore plus<\/a><\/div>\n<\/div>\n<\/div>\n<\/div>\n\n\n\n<div class=\"wp-block-columns is-layout-flex wp-container-core-columns-is-layout-9d6595d7 wp-block-columns-is-layout-flex\">\n<div class=\"wp-block-column is-layout-flow wp-block-column-is-layout-flow\">\n<img decoding=\"async\" src=\"https:\/\/gevelopers.com\/wp-content\/uploads\/2021\/05\/ic-backend-technology-phthon1.svg\" alt=\"gevelopers-backend-technology-phthon\" style=\"width:50px;height:50px\">\n\n\n\n<h4 class=\"wp-block-heading\">D\u00e9veloppement Python<\/h4>\n\n\n\n<p>Nous utilisons Python avec Django, Flask, Pyramid et d&#039;autres frameworks pour cr\u00e9er des solutions d&#039;automatisation, des applications AI-ML, des applications GUI pour mobile et Web, etc.<\/p>\n\n\n\n<div class=\"wp-block-buttons is-layout-flex wp-block-buttons-is-layout-flex\">\n<div class=\"wp-block-button\"><a class=\"wp-block-button__link\" href=\"https:\/\/gevelopers.com\/fr\/python-web-development\/\">Apprendre encore plus<\/a><\/div>\n<\/div>\n<\/div>\n\n\n\n<div class=\"wp-block-column is-layout-flow wp-block-column-is-layout-flow\">\n<img decoding=\"async\" src=\"https:\/\/gevelopers.com\/wp-content\/uploads\/2021\/05\/ic-technology-rails1.svg\" alt=\"gevelopers-technologie-ruby-on-rails\" style=\"width:50px;height:50px\">\n\n\n\n<h4 class=\"wp-block-heading\">D\u00e9veloppement Ruby on Rails<\/h4>\n\n\n\n<p>Avec ce framework MVC lanc\u00e9 en 2015, nous sommes les pionniers du d\u00e9veloppement RoR pour d\u00e9velopper des applications multit\u00e2ches et \u00e9volutives.<\/p>\n\n\n\n<div class=\"wp-block-buttons is-layout-flex wp-block-buttons-is-layout-flex\">\n<div class=\"wp-block-button\"><a class=\"wp-block-button__link\" href=\"https:\/\/gevelopers.com\/fr\/ruby-on-rails-development-company\/\">Apprendre encore plus<\/a><\/div>\n<\/div>\n<\/div>\n<\/div>\n\n\n\n<div style=\"height:50px\" aria-hidden=\"true\" class=\"wp-block-spacer\"><\/div>\n\n\n\n<h2 class=\"has-text-align-center wp-block-heading\">Ce que nous voulons que vous compreniez<\/h2>\n\n\n\n<p class=\"has-text-align-center\">L&#039;apparence d&#039;une application est importante, mais tout ce qui compte, c&#039;est le cerveau (le backend) qui d\u00e9tient les fonctionnalit\u00e9s d&#039;une application pour en faire une r\u00e9ussite. Sans une \u00e9pine dorsale solide, votre produit logiciel ne peut pas fonctionner de mani\u00e8re id\u00e9ale. Les utilisateurs peuvent ne pas voir votre code backend, mais ils peuvent ressentir le pouvoir gr\u00e2ce aux fonctionnalit\u00e9s de l&#039;application.<\/p>\n\n\n\n<p class=\"has-text-align-center\">Notre \u00e9quipe de d\u00e9veloppement cr\u00e9e des backends puissants pour une meilleure exp\u00e9rience en ligne. Les applications qui peuvent g\u00e9rer n&#039;importe quelle taille de charges d&#039;utilisateurs sans probl\u00e8mes. Cela am\u00e9liore l&#039;exp\u00e9rience client et le retour sur investissement.<\/p>\n\n\n\n<div class=\"wp-block-columns is-layout-flex wp-container-core-columns-is-layout-9d6595d7 wp-block-columns-is-layout-flex\">\n<div class=\"wp-block-column is-layout-flow wp-block-column-is-layout-flow\">\n<center><img decoding=\"async\" src=\"https:\/\/gevelopers.com\/wp-content\/uploads\/2021\/04\/ic-technology-react-native1x1.svg\" alt=\"technologie-react-native-gevelopers\" style=\"width:50px;height:50px\"><\/center>\n<\/div>\n\n\n\n<div class=\"wp-block-column is-layout-flow wp-block-column-is-layout-flow\">\n<center><img decoding=\"async\" src=\"https:\/\/gevelopers.com\/wp-content\/uploads\/2021\/05\/ic-technology-android1.svg\" alt=\"technologie-flutter-gevelopers\" style=\"width:50px;height:50px\"><\/center>\n<\/div>\n\n\n\n<div class=\"wp-block-column is-layout-flow wp-block-column-is-layout-flow\">\n<center><img decoding=\"async\" src=\"https:\/\/gevelopers.com\/wp-content\/uploads\/2021\/04\/ic-technology-xamarin1.svg\" alt=\"technologie-xamarin-gevelopers\" style=\"width:50px;height:50px\"><\/center>\n<\/div>\n\n\n\n<div class=\"wp-block-column is-layout-flow wp-block-column-is-layout-flow\">\n<center><img decoding=\"async\" src=\"https:\/\/gevelopers.com\/wp-content\/uploads\/2021\/04\/ic-technology-titanium1x1.svg\" alt=\"technologie-titane-gevelopers\" style=\"width:50px;height:50px\"><\/center>\n<\/div>\n\n\n\n<div class=\"wp-block-column is-layout-flow wp-block-column-is-layout-flow\">\n<center><img decoding=\"async\" src=\"https:\/\/gevelopers.com\/wp-content\/uploads\/2021\/04\/ic-technology-phone-gap1.svg\" alt=\"technologie-t\u00e9l\u00e9phone-gap-gevelopers\" style=\"width:50px;height:50px\"><\/center>\n<\/div>\n<\/div>\n\n\n\n<div style=\"height:25px\" aria-hidden=\"true\" class=\"wp-block-spacer\"><\/div>\n\n\n\n<center><img decoding=\"async\" src=\"https:\/\/gevelopers.com\/wp-content\/uploads\/2021\/05\/index-img-21.webp\" alt=\"index-img-2-gevelopers\"><\/center>\n\n\n\n<div style=\"height:50px\" aria-hidden=\"true\" class=\"wp-block-spacer\"><\/div>\n\n\n\n<h2 class=\"has-text-align-center wp-block-heading\">Nous vous aidons \u00e0 cr\u00e9er des applications pour<\/h2>\n\n\n\n<div class=\"wp-block-columns is-layout-flex wp-container-core-columns-is-layout-9d6595d7 wp-block-columns-is-layout-flex\">\n<div class=\"wp-block-column is-layout-flow wp-block-column-is-layout-flow\">\n<img decoding=\"async\" src=\"https:\/\/gevelopers.com\/wp-content\/uploads\/2021\/05\/ic-mobile-app-development-enterprise1.svg\" alt=\"d\u00e9veloppeur-d-applications-mobiles-entreprise-gevelopers\" style=\"width:50px;height:50px\">\n\n\n\n<h3 class=\"wp-block-heading\">Entreprise<\/h3>\n\n\n\n<p>Notre conseil collaboratif sur la strat\u00e9gie mobile sert de catalyseur pour rationaliser les cadres et processus informatiques avec la feuille de route mobile qui est align\u00e9e sur les sc\u00e9narios, les politiques et les syst\u00e8mes actuels de l&#039;entreprise.<\/p>\n<\/div>\n\n\n\n<div class=\"wp-block-column is-layout-flow wp-block-column-is-layout-flow\">\n<img decoding=\"async\" src=\"https:\/\/gevelopers.com\/wp-content\/uploads\/2021\/05\/ic-business1.svg\" alt=\"business-gevelopers\" style=\"width:50px;height:50px\">\n\n\n\n<h3 class=\"wp-block-heading\">Affaires<\/h3>\n\n\n\n<p>Nous cartographions les besoins et les cas d&#039;utilisation des entreprises pour leur permettre de r\u00e9agir rapidement aux changements. Nous aidons votre organisation \u00e0 mobiliser la communication inter-services, les workflows et la disponibilit\u00e9 instantan\u00e9e des informations.<\/p>\n<\/div>\n\n\n\n<div class=\"wp-block-column is-layout-flow wp-block-column-is-layout-flow\">\n<img decoding=\"async\" src=\"https:\/\/gevelopers.com\/wp-content\/uploads\/2021\/05\/ic-consumers1.svg\" alt=\"consommateurs-g\u00e9o-d\u00e9veloppeurs\" style=\"width:50px;height:50px\">\n\n\n\n<h3 class=\"wp-block-heading\">Consommateurs<\/h3>\n\n\n\n<p>Nos experts mobiles aident les marques, les entreprises et les organisations communautaires \u00e0 cr\u00e9er des solutions d&#039;applications mobiles \u00e9volutives destin\u00e9es \u00e0 \u00eatre utilis\u00e9es quotidiennement par les consommateurs du monde entier, plusieurs fois par jour.<\/p>\n<\/div>\n<\/div>","protected":false},"excerpt":{"rendered":"<p>Backend is not the only reason why users join your app, but a poor backend is definitely the reason to&#8230;<\/p>","protected":false},"author":1,"featured_media":0,"parent":0,"menu_order":0,"comment_status":"closed","ping_status":"closed","template":"","meta":{"footnotes":""},"class_list":["post-2014","page","type-page","status-publish","hentry"],"_links":{"self":[{"href":"https:\/\/gevelopers.com\/fr\/wp-json\/wp\/v2\/pages\/2014","targetHints":{"allow":["GET"]}}],"collection":[{"href":"https:\/\/gevelopers.com\/fr\/wp-json\/wp\/v2\/pages"}],"about":[{"href":"https:\/\/gevelopers.com\/fr\/wp-json\/wp\/v2\/types\/page"}],"author":[{"embeddable":true,"href":"https:\/\/gevelopers.com\/fr\/wp-json\/wp\/v2\/users\/1"}],"replies":[{"embeddable":true,"href":"https:\/\/gevelopers.com\/fr\/wp-json\/wp\/v2\/comments?post=2014"}],"version-history":[{"count":0,"href":"https:\/\/gevelopers.com\/fr\/wp-json\/wp\/v2\/pages\/2014\/revisions"}],"wp:attachment":[{"href":"https:\/\/gevelopers.com\/fr\/wp-json\/wp\/v2\/media?parent=2014"}],"curies":[{"name":"wp","href":"https:\/\/api.w.org\/{rel}","templated":true}]}}