{"id":2170,"date":"2021-05-27T06:38:41","date_gmt":"2021-05-27T06:38:41","guid":{"rendered":"https:\/\/gevelopers.com\/?page_id=2170"},"modified":"2021-07-23T08:04:32","modified_gmt":"2021-07-23T08:04:32","slug":"front-end","status":"publish","type":"page","link":"https:\/\/gevelopers.com\/fr\/front-end\/","title":{"rendered":"Experts in Front End Development Frameworks"},"content":{"rendered":"<p class=\"has-text-align-center\">Experienced (since 2015) in developing stunning, engaging, successful user interfaces using in demand front end technologies and industry trends. Boost your chances to achieve your commercial objectives in less time with our full stack front end development services.<\/p>\n\n\n\n<div style=\"height:50px\" aria-hidden=\"true\" class=\"wp-block-spacer\"><\/div>\n\n\n\n<h2 class=\"has-text-align-center wp-block-heading\">Front end Technologies we work with<\/h2>\n\n\n\n<div style=\"height:25px\" aria-hidden=\"true\" class=\"wp-block-spacer\"><\/div>\n\n\n\n<div class=\"wp-block-columns is-layout-flex wp-container-core-columns-is-layout-9d6595d7 wp-block-columns-is-layout-flex\">\n<div class=\"wp-block-column is-layout-flow wp-block-column-is-layout-flow\">\n<img decoding=\"async\" src=\"https:\/\/gevelopers.com\/wp-content\/uploads\/2021\/05\/ic-technology-angular-js1.svg\" alt=\"technologie-angular-js-gevelopers\" style=\"width:50px;height:50px\">\n\n\n\n<h4 class=\"wp-block-heading\">AngularJS Development<\/h4>\n\n\n\n<p>Experts in using JS based framework to build web solutions for enterprises, Ecommerce, social media apps, streaming apps, etc.<\/p>\n\n\n\n<div class=\"wp-block-buttons is-layout-flex wp-block-buttons-is-layout-flex\">\n<div class=\"wp-block-button\"><a class=\"wp-block-button__link\" href=\"https:\/\/gevelopers.com\/fr\/angularjs-development-company\/\">Apprendre encore plus<\/a><\/div>\n<\/div>\n<\/div>\n\n\n\n<div class=\"wp-block-column is-layout-flow wp-block-column-is-layout-flow\">\n<img decoding=\"async\" src=\"https:\/\/gevelopers.com\/wp-content\/uploads\/2021\/04\/ic-technology-react-native1x1.svg\" alt=\"technology-react-js-gevelopers\" style=\"width:50px;height:50px\">\n\n\n\n<h4 class=\"wp-block-heading\">ReactJS Development<\/h4>\n\n\n\n<p>Crafting dynamic user interfaces to deliver stunning web solutions that work perfectly on web and mobile platforms in less time.<\/p>\n\n\n\n<div class=\"wp-block-buttons is-layout-flex wp-block-buttons-is-layout-flex\">\n<div class=\"wp-block-button\"><a class=\"wp-block-button__link\" href=\"https:\/\/gevelopers.com\/fr\/reactjs-development-company\/\">Apprendre encore plus<\/a><\/div>\n<\/div>\n<\/div>\n<\/div>\n\n\n\n<div class=\"wp-block-columns is-layout-flex wp-container-core-columns-is-layout-9d6595d7 wp-block-columns-is-layout-flex\">\n<div class=\"wp-block-column is-layout-flow wp-block-column-is-layout-flow\">\n<img decoding=\"async\" src=\"https:\/\/gevelopers.com\/wp-content\/uploads\/2021\/05\/ic-technology-vue2x1.svg\" alt=\"gevelopers-technology-vue\" style=\"width:50px;height:50px\">\n\n\n\n<h4 class=\"wp-block-heading\">VueJS Development<\/h4>\n\n\n\n<p>Experienced with using the VueJS tools with scalability needed to build large-scale apps where customization is complex.<\/p>\n\n\n\n<div class=\"wp-block-buttons is-layout-flex wp-block-buttons-is-layout-flex\">\n<div class=\"wp-block-button\"><a class=\"wp-block-button__link\" href=\"https:\/\/gevelopers.com\/fr\/vuejs-development-company\/\">Apprendre encore plus<\/a><\/div>\n<\/div>\n<\/div>\n\n\n\n<div class=\"wp-block-column is-layout-flow wp-block-column-is-layout-flow\">\n<img decoding=\"async\" src=\"https:\/\/gevelopers.com\/wp-content\/uploads\/2021\/05\/ic-technology-html51.svg\" alt=\"technologie-html5-gevelopers\" style=\"width:50px;height:50px\">\n\n\n\n<h4 class=\"wp-block-heading\">HTML5 Development<\/h4>\n\n\n\n<p>Leveraging the benefits of CSS3 and jQuery combined, our experienced team builds rich and powerful mobile friendly web solutions.<\/p>\n\n\n\n<div class=\"wp-block-buttons is-layout-flex wp-block-buttons-is-layout-flex\">\n<div class=\"wp-block-button\"><a class=\"wp-block-button__link\" href=\"https:\/\/gevelopers.com\/fr\/html5-web-development\/\">Apprendre encore plus<\/a><\/div>\n<\/div>\n<\/div>\n<\/div>\n\n\n\n<div class=\"wp-block-columns is-layout-flex wp-container-core-columns-is-layout-9d6595d7 wp-block-columns-is-layout-flex\">\n<div class=\"wp-block-column is-layout-flow wp-block-column-is-layout-flow\">\n<img decoding=\"async\" src=\"https:\/\/gevelopers.com\/wp-content\/uploads\/2021\/05\/ic-technology-typescript2x-21.svg\" alt=\"gevelopers-technology-typescript\" style=\"width:50px;height:50px\">\n\n\n\n<h4 class=\"wp-block-heading\">Typescript Development<\/h4>\n\n\n\n<p>With TypeScript combined with JS, we are making a huge improvement over plain JS, to deliver web solutions without painful bugs.<\/p>\n\n\n\n<div class=\"wp-block-buttons is-layout-flex wp-block-buttons-is-layout-flex\">\n<div class=\"wp-block-button\"><a class=\"wp-block-button__link\" href=\"https:\/\/gevelopers.com\/fr\/typescript-development-company\/\">Apprendre encore plus<\/a><\/div>\n<\/div>\n<\/div>\n\n\n\n<div class=\"wp-block-column is-layout-flow wp-block-column-is-layout-flow\">\n<img decoding=\"async\" src=\"https:\/\/gevelopers.com\/wp-content\/uploads\/2021\/05\/ic-technology-wpf1.svg\" alt=\"gevelopers-technology-wpf\" style=\"width:50px;height:50px\">\n\n\n\n<h4 class=\"wp-block-heading\">WPF Development<\/h4>\n\n\n\n<p>Leveraging this UI framework, we have experience in developing stunning desktop client apps, using XAML language for coding.<\/p>\n\n\n\n<div class=\"wp-block-buttons is-layout-flex wp-block-buttons-is-layout-flex\">\n<div class=\"wp-block-button\"><a class=\"wp-block-button__link\" href=\"https:\/\/gevelopers.com\/fr\/windows-presentation-foundation-development\/\">Apprendre encore plus<\/a><\/div>\n<\/div>\n<\/div>\n<\/div>\n\n\n\n<div style=\"height:50px\" aria-hidden=\"true\" class=\"wp-block-spacer\"><\/div>\n\n\n\n<h2 class=\"has-text-align-center wp-block-heading\">Ce que nous voulons que vous compreniez<\/h2>\n\n\n\n<p class=\"has-text-align-center\">The ability and success of any website application amongst users depends on the UI, how smooth it is designed! A few ignore this part. A monotonous UI with poor navigation and baffling design can drive your target audience away from your website.<\/p>\n\n\n\n<p class=\"has-text-align-center\">Gevelopers aims to deliver a clean, user friendly, smooth, and functional UI to every web app we develop. Only that will help your users to use your website app efficiently, boost user experience, and increase customer loyalty.<\/p>\n\n\n\n<div class=\"wp-block-columns is-layout-flex wp-container-core-columns-is-layout-9d6595d7 wp-block-columns-is-layout-flex\">\n<div class=\"wp-block-column is-layout-flow wp-block-column-is-layout-flow\">\n<center><img decoding=\"async\" src=\"https:\/\/gevelopers.com\/wp-content\/uploads\/2021\/05\/ic-technology-vue2x1.svg\" alt=\"gevelopers-technology-vue\" style=\"width:50px;height:50px\"><\/center>\n<\/div>\n\n\n\n<div class=\"wp-block-column is-layout-flow wp-block-column-is-layout-flow\">\n<center><img decoding=\"async\" src=\"https:\/\/gevelopers.com\/wp-content\/uploads\/2021\/05\/ic-technology-typescript2x-21.svg\" alt=\"gevelopers-technology-typescript\" style=\"width:50px;height:50px\"><\/center>\n<\/div>\n\n\n\n<div class=\"wp-block-column is-layout-flow wp-block-column-is-layout-flow\">\n<center><img decoding=\"async\" src=\"https:\/\/gevelopers.com\/wp-content\/uploads\/2021\/05\/ic-technology-wpf1.svg\" alt=\"gevelopers-technology-wpf\" style=\"width:50px;height:50px\"><\/center>\n<\/div>\n\n\n\n<div class=\"wp-block-column is-layout-flow wp-block-column-is-layout-flow\">\n<center><img decoding=\"async\" src=\"https:\/\/gevelopers.com\/wp-content\/uploads\/2021\/05\/ic-technology-angular-js1.svg\" alt=\"technologie-angular-js-gevelopers\" style=\"width:50px;height:50px\"><\/center>\n<\/div>\n\n\n\n<div class=\"wp-block-column is-layout-flow wp-block-column-is-layout-flow\">\n<center><img decoding=\"async\" src=\"https:\/\/gevelopers.com\/wp-content\/uploads\/2021\/04\/ic-technology-react-native1x1.svg\" alt=\"technologie-react-native-gevelopers\" style=\"width:50px;height:50px\"><\/center>\n<\/div>\n\n\n\n<div class=\"wp-block-column is-layout-flow wp-block-column-is-layout-flow\">\n<center><img decoding=\"async\" src=\"https:\/\/gevelopers.com\/wp-content\/uploads\/2021\/05\/ic-technology-html51.svg\" alt=\"technologie-html5-gevelopers\" style=\"width:50px;height:50px\"><\/center>\n<\/div>\n<\/div>\n\n\n\n<div style=\"height:25px\" aria-hidden=\"true\" class=\"wp-block-spacer\"><\/div>\n\n\n\n<center><img decoding=\"async\" src=\"https:\/\/gevelopers.com\/wp-content\/uploads\/2021\/05\/index-img-41.webp\"><\/center>\n\n\n\n<div style=\"height:50px\" aria-hidden=\"true\" class=\"wp-block-spacer\"><\/div>\n\n\n\n<h2 class=\"has-text-align-center wp-block-heading\">Nous vous aidons \u00e0 cr\u00e9er des applications pour<\/h2>\n\n\n\n<div class=\"wp-block-columns is-layout-flex wp-container-core-columns-is-layout-9d6595d7 wp-block-columns-is-layout-flex\">\n<div class=\"wp-block-column is-layout-flow wp-block-column-is-layout-flow\">\n<img decoding=\"async\" src=\"https:\/\/gevelopers.com\/wp-content\/uploads\/2021\/05\/ic-mobile-app-development-enterprise1.svg\" alt=\"d\u00e9veloppeur-d-applications-mobiles-entreprise-gevelopers\" style=\"width:50px;height:50px\">\n\n\n\n<h3 class=\"wp-block-heading\">Entreprise<\/h3>\n\n\n\n<p>Notre conseil collaboratif sur la strat\u00e9gie mobile sert de catalyseur pour rationaliser les cadres et processus informatiques avec la feuille de route mobile qui est align\u00e9e sur les sc\u00e9narios, les politiques et les syst\u00e8mes actuels de l&#039;entreprise.<\/p>\n<\/div>\n\n\n\n<div class=\"wp-block-column is-layout-flow wp-block-column-is-layout-flow\">\n<img decoding=\"async\" src=\"https:\/\/gevelopers.com\/wp-content\/uploads\/2021\/05\/ic-business1.svg\" alt=\"business-gevelopers\" style=\"width:50px;height:50px\">\n\n\n\n<h3 class=\"wp-block-heading\">Affaires<\/h3>\n\n\n\n<p>Nous cartographions les besoins et les cas d&#039;utilisation des entreprises pour leur permettre de r\u00e9agir rapidement aux changements. Nous aidons votre organisation \u00e0 mobiliser la communication inter-services, les workflows et la disponibilit\u00e9 instantan\u00e9e des informations.<\/p>\n<\/div>\n\n\n\n<div class=\"wp-block-column is-layout-flow wp-block-column-is-layout-flow\">\n<img decoding=\"async\" src=\"https:\/\/gevelopers.com\/wp-content\/uploads\/2021\/05\/ic-consumers1.svg\" alt=\"consommateurs-g\u00e9o-d\u00e9veloppeurs\" style=\"width:50px;height:50px\">\n\n\n\n<h3 class=\"wp-block-heading\">Consommateurs<\/h3>\n\n\n\n<p>Nos experts mobiles aident les marques, les entreprises et les organisations communautaires \u00e0 cr\u00e9er des solutions d&#039;applications mobiles \u00e9volutives destin\u00e9es \u00e0 \u00eatre utilis\u00e9es quotidiennement par les consommateurs du monde entier, plusieurs fois par jour.<\/p>\n<\/div>\n<\/div>","protected":false},"excerpt":{"rendered":"<p>Experienced (since 2015) in developing stunning, engaging, successful user interfaces using in demand front end technologies and industry trends. Boost&#8230;<\/p>","protected":false},"author":1,"featured_media":0,"parent":0,"menu_order":0,"comment_status":"closed","ping_status":"closed","template":"","meta":{"footnotes":""},"class_list":["post-2170","page","type-page","status-publish","hentry"],"_links":{"self":[{"href":"https:\/\/gevelopers.com\/fr\/wp-json\/wp\/v2\/pages\/2170","targetHints":{"allow":["GET"]}}],"collection":[{"href":"https:\/\/gevelopers.com\/fr\/wp-json\/wp\/v2\/pages"}],"about":[{"href":"https:\/\/gevelopers.com\/fr\/wp-json\/wp\/v2\/types\/page"}],"author":[{"embeddable":true,"href":"https:\/\/gevelopers.com\/fr\/wp-json\/wp\/v2\/users\/1"}],"replies":[{"embeddable":true,"href":"https:\/\/gevelopers.com\/fr\/wp-json\/wp\/v2\/comments?post=2170"}],"version-history":[{"count":0,"href":"https:\/\/gevelopers.com\/fr\/wp-json\/wp\/v2\/pages\/2170\/revisions"}],"wp:attachment":[{"href":"https:\/\/gevelopers.com\/fr\/wp-json\/wp\/v2\/media?parent=2170"}],"curies":[{"name":"wp","href":"https:\/\/api.w.org\/{rel}","templated":true}]}}