{"id":2636,"date":"2021-06-01T20:52:34","date_gmt":"2021-06-01T20:52:34","guid":{"rendered":"https:\/\/gevelopers.com\/?page_id=2636"},"modified":"2021-06-02T12:02:29","modified_gmt":"2021-06-02T12:02:29","slug":"cms","status":"publish","type":"page","link":"https:\/\/gevelopers.com\/fr\/cms\/","title":{"rendered":"Expertise dans les frameworks CMS"},"content":{"rendered":"<p class=\"has-text-align-center\">Gevelopers a de l&#039;exp\u00e9rience dans le d\u00e9veloppement de CMS Web dynamiques et \u00e9volutifs pour des applications \u00e0 grande \u00e9chelle depuis 2015 pour les entreprises mondiales. Nos experts CMS cr\u00e9ent et mettent en \u0153uvre des profils d&#039;utilisateurs, des modules personnalis\u00e9s, des th\u00e8mes et des campagnes garantissant un fonctionnement fluide avec des processus d&#039;automatisation, de collaboration, d&#039;int\u00e9gration d&#039;outils et de workflow.<\/p>\n\n\n\n<div style=\"height:50px\" aria-hidden=\"true\" class=\"wp-block-spacer\"><\/div>\n\n\n\n<h2 class=\"has-text-align-center wp-block-heading\">Meilleures plateformes de commerce \u00e9lectronique que nous utilisons<\/h2>\n\n\n\n<div style=\"height:25px\" aria-hidden=\"true\" class=\"wp-block-spacer\"><\/div>\n\n\n\n<div class=\"wp-block-columns is-layout-flex wp-container-core-columns-is-layout-9d6595d7 wp-block-columns-is-layout-flex\">\n<div class=\"wp-block-column is-layout-flow wp-block-column-is-layout-flow\">\n<img decoding=\"async\" src=\"https:\/\/gevelopers.com\/wp-content\/uploads\/2021\/05\/ic-technology-magento1.svg\" alt=\"technologie-magento-gevelopers\" style=\"width:50px;height:50px\">\n\n\n\n<h3 class=\"wp-block-heading\">D\u00e9veloppement Magento<\/h3>\n\n\n\n<p>Offrant un contr\u00f4le complet du contenu et des fonctionnalit\u00e9s de votre entreprise de commerce \u00e9lectronique \u00e0 grande \u00e9chelle avec des outils de marketing, de r\u00e9f\u00e9rencement et de gestion de catalogue.<\/p>\n\n\n\n<div class=\"wp-block-buttons is-layout-flex wp-block-buttons-is-layout-flex\">\n<div class=\"wp-block-button\"><a class=\"wp-block-button__link\" href=\"https:\/\/gevelopers.com\/fr\/magento-ecommerce-development\/\">Apprendre encore plus<\/a><\/div>\n<\/div>\n<\/div>\n\n\n\n<div class=\"wp-block-column is-layout-flow wp-block-column-is-layout-flow\">\n<img decoding=\"async\" src=\"https:\/\/gevelopers.com\/wp-content\/uploads\/2021\/05\/ic-technology-wordpress1.svg\" alt=\"technologie-wordpress-gevelopers\" style=\"width:50px;height:50px\">\n\n\n\n<h3 class=\"wp-block-heading\">D\u00e9veloppement WordPress<\/h3>\n\n\n\n<p>Sa simplicit\u00e9, sa flexibilit\u00e9 et ses divers plugins offrent une plate-forme pour tout cr\u00e9er, des sites Web simples comme un site de blog aux applications Web d&#039;entreprise complexes.<\/p>\n\n\n\n<div class=\"wp-block-buttons is-layout-flex wp-block-buttons-is-layout-flex\">\n<div class=\"wp-block-button\"><a class=\"wp-block-button__link\" href=\"https:\/\/gevelopers.com\/fr\/wordpress-website-development\/\">Apprendre encore plus<\/a><\/div>\n<\/div>\n<\/div>\n<\/div>\n\n\n\n<div class=\"wp-block-columns is-layout-flex wp-container-core-columns-is-layout-9d6595d7 wp-block-columns-is-layout-flex\">\n<div class=\"wp-block-column is-layout-flow wp-block-column-is-layout-flow\">\n<img decoding=\"async\" src=\"https:\/\/gevelopers.com\/wp-content\/uploads\/2021\/05\/ic-technology-shopify-plus1.svg\" alt=\"technologie-shopify-plus-gevelopers\" style=\"width:50px;height:50px\">\n\n\n\n<h3 class=\"wp-block-heading\">D\u00e9veloppement Shopify<\/h3>\n\n\n\n<p>Les experts Shopify vous aident \u00e0 cr\u00e9er la boutique en ligne de votre choix avec des fonctionnalit\u00e9s qui vous permettent de g\u00e9rer votre inventaire, votre marketing et vos transactions.<\/p>\n\n\n\n<div class=\"wp-block-buttons is-layout-flex wp-block-buttons-is-layout-flex\">\n<div class=\"wp-block-button\"><a class=\"wp-block-button__link\" href=\"https:\/\/gevelopers.com\/fr\/shopify-ecommerce-development\/\">Apprendre encore plus<\/a><\/div>\n<\/div>\n<\/div>\n\n\n\n<div class=\"wp-block-column is-layout-flow wp-block-column-is-layout-flow\">\n<img decoding=\"async\" src=\"https:\/\/gevelopers.com\/wp-content\/uploads\/2021\/06\/ic-technology-umbraco11.svg\" alt=\"technology-umbraco-gevelopers\" style=\"width:50px;height:50px\">\n\n\n\n<h3 class=\"wp-block-heading\">D\u00e9veloppement Umbraco<\/h3>\n\n\n\n<p>Avec une expertise en .NET, MySQL, #C, XML, etc., nos codeurs Umbraco cr\u00e9ent des syst\u00e8mes de gestion de contenu puissants, s\u00e9curis\u00e9s, \u00e9volutifs et riches en fonctionnalit\u00e9s.<\/p>\n\n\n\n<div class=\"wp-block-buttons is-layout-flex wp-block-buttons-is-layout-flex\">\n<div class=\"wp-block-button\"><a class=\"wp-block-button__link\" href=\"https:\/\/gevelopers.com\/fr\/umbraco-development-company\/\">Apprendre encore plus<\/a><\/div>\n<\/div>\n<\/div>\n<\/div>\n\n\n\n<div class=\"wp-block-columns is-layout-flex wp-container-core-columns-is-layout-9d6595d7 wp-block-columns-is-layout-flex\">\n<div class=\"wp-block-column is-layout-flow wp-block-column-is-layout-flow\">\n<img decoding=\"async\" src=\"https:\/\/gevelopers.com\/wp-content\/uploads\/2021\/05\/ic-technology-drupal1.svg\" alt=\"technologie-drupal-gevelopers\" style=\"width:50px;height:50px\">\n\n\n\n<h3 class=\"wp-block-heading\">D\u00e9veloppement Drupal<\/h3>\n\n\n\n<p>Gevelopers vous aide \u00e0 b\u00e9n\u00e9ficier de ce cadre de gestion de contenu pr\u00eat pour l&#039;entreprise avec une prise en charge compl\u00e8te des API pour incorporer les derni\u00e8res fonctionnalit\u00e9s.<\/p>\n\n\n\n<div class=\"wp-block-buttons is-layout-flex wp-block-buttons-is-layout-flex\">\n<div class=\"wp-block-button\"><a class=\"wp-block-button__link\" href=\"https:\/\/gevelopers.com\/fr\/drupal-web-development\/\">Apprendre encore plus<\/a><\/div>\n<\/div>\n<\/div>\n\n\n\n<div class=\"wp-block-column is-layout-flow wp-block-column-is-layout-flow\">\n<img decoding=\"async\" src=\"https:\/\/gevelopers.com\/wp-content\/uploads\/2021\/05\/ic-technology-joomla1.svg\" alt=\"technologie-joomla-gevelopers\" style=\"width:50px;height:50px\">\n\n\n\n<h3 class=\"wp-block-heading\">D\u00e9veloppement Joomla<\/h3>\n\n\n\n<p>Connectez-vous efficacement \u00e0 votre large client\u00e8le avec des solutions CMS con\u00e7ues avec Joomla pour des fonctionnalit\u00e9s conviviales et des extensions modernes.<\/p>\n\n\n\n<div class=\"wp-block-buttons is-layout-flex wp-block-buttons-is-layout-flex\">\n<div class=\"wp-block-button\"><a class=\"wp-block-button__link\" href=\"https:\/\/gevelopers.com\/fr\/joomla-web-development\/\">Apprendre encore plus<\/a><\/div>\n<\/div>\n<\/div>\n<\/div>\n\n\n\n<div style=\"height:50px\" aria-hidden=\"true\" class=\"wp-block-spacer\"><\/div>\n\n\n\n<h2 class=\"has-text-align-center wp-block-heading\">Comment Gevelopers vous aide-t-il ?<\/h2>\n\n\n\n<p class=\"has-text-align-center\">Gevelopers est une soci\u00e9t\u00e9 de d\u00e9veloppement de CMS prim\u00e9e en Europe, en Turquie, \u00e0 Singapour et aux \u00c9tats-Unis qui aide les startups, les entreprises et toutes les autres entreprises mondiales avec des solutions CMS sur mesure en fonction des besoins de leurs projets.<\/p>\n\n\n\n<p class=\"has-text-align-center\">Notre large \u00e9ventail d&#039;expertise technologique et nos d\u00e9cennies d&#039;exp\u00e9rience dans l&#039;industrie vous feront gagner un temps pr\u00e9cieux dans la recherche d&#039;une solution CMS parfaite. Que vous souhaitiez un site Web CMS personnalis\u00e9 ou une migration de site Web, vous \u00eates au bon endroit pour toutes vos questions.<\/p>\n\n\n\n<div class=\"wp-block-columns is-layout-flex wp-container-core-columns-is-layout-9d6595d7 wp-block-columns-is-layout-flex\">\n<div class=\"wp-block-column is-layout-flow wp-block-column-is-layout-flow\">\n<center><img decoding=\"async\" src=\"https:\/\/gevelopers.com\/wp-content\/uploads\/2021\/05\/ic-technology-wordpress1.svg\" alt=\"technologie-wordpress-gevelopers\" style=\"width:50px;height:50px\"><\/center>\n<\/div>\n\n\n\n<div class=\"wp-block-column is-layout-flow wp-block-column-is-layout-flow\">\n<center><img decoding=\"async\" src=\"https:\/\/gevelopers.com\/wp-content\/uploads\/2021\/05\/ic-technology-shopify-plus1.svg\" alt=\"technologie-shopify-plus-gevelopers\" style=\"width:50px;height:50px\"><\/center>\n<\/div>\n\n\n\n<div class=\"wp-block-column is-layout-flow wp-block-column-is-layout-flow\">\n<center><img decoding=\"async\" src=\"https:\/\/gevelopers.com\/wp-content\/uploads\/2021\/05\/ic-technology-magento1.svg\" alt=\"technologie-magento-gevelopers\" style=\"width:50px;height:50px\"><\/center>\n<\/div>\n\n\n\n<div class=\"wp-block-column is-layout-flow wp-block-column-is-layout-flow\">\n<center><img decoding=\"async\" src=\"https:\/\/gevelopers.com\/wp-content\/uploads\/2021\/05\/ic-technology-drupal1.svg\" alt=\"technologie-drupal-gevelopers\" style=\"width:50px;height:50px\"><\/center>\n<\/div>\n<\/div>\n\n\n\n<div style=\"height:25px\" aria-hidden=\"true\" class=\"wp-block-spacer\"><\/div>\n\n\n\n<center><img decoding=\"async\" src=\"https:\/\/gevelopers.com\/wp-content\/uploads\/2021\/06\/index-img-61.webp\"><\/center>\n\n\n\n<div style=\"height:50px\" aria-hidden=\"true\" class=\"wp-block-spacer\"><\/div>\n\n\n\n<h2 class=\"has-text-align-center wp-block-heading\">Nous vous aidons \u00e0 cr\u00e9er des applications pour<\/h2>\n\n\n\n<div class=\"wp-block-columns is-layout-flex wp-container-core-columns-is-layout-9d6595d7 wp-block-columns-is-layout-flex\">\n<div class=\"wp-block-column is-layout-flow wp-block-column-is-layout-flow\">\n<img decoding=\"async\" src=\"https:\/\/gevelopers.com\/wp-content\/uploads\/2021\/05\/ic-mobile-app-development-enterprise1.svg\" alt=\"d\u00e9veloppeur-d-applications-mobiles-entreprise-gevelopers\" style=\"width:50px;height:50px\">\n\n\n\n<h3 class=\"wp-block-heading\">Entreprise<\/h3>\n\n\n\n<p>Notre conseil collaboratif sur la strat\u00e9gie mobile sert de catalyseur pour rationaliser les cadres et processus informatiques avec la feuille de route mobile qui est align\u00e9e sur les sc\u00e9narios, les politiques et les syst\u00e8mes actuels de l&#039;entreprise.<\/p>\n<\/div>\n\n\n\n<div class=\"wp-block-column is-layout-flow wp-block-column-is-layout-flow\">\n<img decoding=\"async\" src=\"https:\/\/gevelopers.com\/wp-content\/uploads\/2021\/05\/ic-business1.svg\" alt=\"business-gevelopers\" style=\"width:50px;height:50px\">\n\n\n\n<h3 class=\"wp-block-heading\">Affaires<\/h3>\n\n\n\n<p>Nous cartographions les besoins et les cas d&#039;utilisation des entreprises pour leur permettre de r\u00e9agir rapidement aux changements. Nous aidons votre organisation \u00e0 mobiliser la communication inter-services, les workflows et la disponibilit\u00e9 instantan\u00e9e des informations.<\/p>\n<\/div>\n\n\n\n<div class=\"wp-block-column is-layout-flow wp-block-column-is-layout-flow\">\n<img decoding=\"async\" src=\"https:\/\/gevelopers.com\/wp-content\/uploads\/2021\/05\/ic-consumers1.svg\" alt=\"consommateurs-g\u00e9o-d\u00e9veloppeurs\" style=\"width:50px;height:50px\">\n\n\n\n<h3 class=\"wp-block-heading\">Consommateurs<\/h3>\n\n\n\n<p>Nos experts mobiles aident les marques, les entreprises et les organisations communautaires \u00e0 cr\u00e9er des solutions d&#039;applications mobiles \u00e9volutives destin\u00e9es \u00e0 \u00eatre utilis\u00e9es quotidiennement par les consommateurs du monde entier, plusieurs fois par jour.<\/p>\n<\/div>\n<\/div>\n\n\n\n<p><\/p>","protected":false},"excerpt":{"rendered":"<p>Gevelopers has experience in developing dynamic and scalable web CMS for large scale apps since 2015 for global businesses. Our&#8230;<\/p>","protected":false},"author":1,"featured_media":0,"parent":0,"menu_order":0,"comment_status":"closed","ping_status":"closed","template":"","meta":{"footnotes":""},"class_list":["post-2636","page","type-page","status-publish","hentry"],"_links":{"self":[{"href":"https:\/\/gevelopers.com\/fr\/wp-json\/wp\/v2\/pages\/2636","targetHints":{"allow":["GET"]}}],"collection":[{"href":"https:\/\/gevelopers.com\/fr\/wp-json\/wp\/v2\/pages"}],"about":[{"href":"https:\/\/gevelopers.com\/fr\/wp-json\/wp\/v2\/types\/page"}],"author":[{"embeddable":true,"href":"https:\/\/gevelopers.com\/fr\/wp-json\/wp\/v2\/users\/1"}],"replies":[{"embeddable":true,"href":"https:\/\/gevelopers.com\/fr\/wp-json\/wp\/v2\/comments?post=2636"}],"version-history":[{"count":0,"href":"https:\/\/gevelopers.com\/fr\/wp-json\/wp\/v2\/pages\/2636\/revisions"}],"wp:attachment":[{"href":"https:\/\/gevelopers.com\/fr\/wp-json\/wp\/v2\/media?parent=2636"}],"curies":[{"name":"wp","href":"https:\/\/api.w.org\/{rel}","templated":true}]}}