{"id":319,"date":"2020-10-02T19:18:05","date_gmt":"2020-10-02T19:18:05","guid":{"rendered":"https:\/\/leverage.demo.codings.dev\/?page_id=319"},"modified":"2021-07-27T19:36:47","modified_gmt":"2021-07-27T19:36:47","slug":"about","status":"publish","type":"page","link":"https:\/\/gevelopers.com\/fr\/about\/","title":{"rendered":"Notre tr\u00e9sor comprend nos employ\u00e9s, notre vision et nos valeurs"},"content":{"rendered":"<p class=\"has-text-align-center\"><strong>Entreprise de d\u00e9veloppement de logiciels prim\u00e9e depuis 2015<\/strong><\/p>\n\n\n\n<p class=\"has-text-align-center\">Gevelopers n&#039;est pas seulement une entreprise informatique mondialement reconnue, mais aussi une famille remplie d&#039;experts talentueux qui aident les marques mondiales, les entreprises, les entreprises de taille moyenne ou m\u00eame les startups avec des solutions innovantes.<\/p>\n\n\n\n<div style=\"height:50px\" aria-hidden=\"true\" class=\"wp-block-spacer\"><\/div>\n\n\n\n<style>.embed-container { position: relative; padding-bottom: 56.25%; height: 0; overflow: hidden; max-width: 100%; } .embed-container iframe, .embed-container object, .embed-container embed { position: absolute; top: 0; left: 0; width: 100%; height: 100%; }<\/style><div class=\"embed-container\"><iframe src=\"https:\/\/www.youtube.com\/embed\/\/KGnBII4kl88\" frameborder=\"0\" allowfullscreen=\"\"><\/iframe><\/div>\n\n\n\n<div style=\"height:50px\" aria-hidden=\"true\" class=\"wp-block-spacer\"><\/div>\n\n\n\n<div class=\"wp-block-columns is-layout-flex wp-container-core-columns-is-layout-9d6595d7 wp-block-columns-is-layout-flex\">\n<div class=\"wp-block-column is-layout-flow wp-block-column-is-layout-flow\">\n<h3 class=\"has-text-align-center wp-block-heading\">Qui nous sommes<\/h3>\n\n\n\n<p class=\"has-text-align-center\">Gevelopers n&#039;est pas une entit\u00e9, c&#039;est une famille qui repr\u00e9sente l&#039;unit\u00e9 pendant plus de deux d\u00e9cennies d&#039;un voyage r\u00e9ussi. Pour les Gevelopers, la d\u00e9finition du succ\u00e8s est de transcender les id\u00e9es innovantes des gens \u00e0 la r\u00e9alit\u00e9 avec l&#039;aide de notre expertise technologique, c&#039;est ce dont nous, en tant qu&#039;\u00e9quipe, voulons qu&#039;on se souvienne de nous\u00a0!<\/p>\n\n\n\n<p class=\"has-text-align-center\">Notre vision a conduit Gevelopers \u00e0 devenir une entreprise informatique de premier plan en Europe, en Turquie, \u00e0 Singapour et aux \u00c9tats-Unis pour fournir diverses solutions de mobilit\u00e9 dirig\u00e9es par l&#039;industrie. L&#039;objectif est de responsabiliser les clients et les entreprises en cr\u00e9ant de nouvelles possibilit\u00e9s en tirant parti des technologies d&#039;aujourd&#039;hui et de demain avec la plus grande qualit\u00e9, satisfaction et transparence.<\/p>\n<\/div>\n\n\n\n<div class=\"wp-block-column is-layout-flow wp-block-column-is-layout-flow\">\n<h3 class=\"has-text-align-center wp-block-heading\">Ce que nous faisons<\/h3>\n\n\n\n<p class=\"has-text-align-center\">Notre enthousiasme nous a conduit \u00e0 devenir une entreprise informatique de premier plan en Europe, en Turquie, \u00e0 Singapour et aux \u00c9tats-Unis pour fournir diverses solutions de mobilit\u00e9 \u00e0 la pointe de l&#039;industrie dans les domaines du d\u00e9veloppement d&#039;applications Web et mobiles en tirant parti de technologies futuristes telles que l&#039;Internet des objets (IoT), l&#039;IA-ML, l&#039;AR. -VR, assistants vocaux et comp\u00e9tences vocales, DevOps &amp; Cloud computing, etc.<\/p>\n\n\n\n<p class=\"has-text-align-center\">Nous nous sentons responsabilis\u00e9s avec nos experts techniques certifi\u00e9s et notre \u00e9quipe de R&amp;D qui se sont toujours mis au d\u00e9fi d&#039;aider la client\u00e8le mondiale avec une pl\u00e9thore de services et de solutions informatiques. L&#039;engagement avec notre \u00e9quipe garantit \u00e0 nos clients d&#039;\u00e9conomiser \u00e9norm\u00e9ment d&#039;argent sur le d\u00e9veloppement de projets avec une livraison plus rapide.<\/p>\n<\/div>\n<\/div>\n\n\n\n<div style=\"height:50px\" aria-hidden=\"true\" class=\"wp-block-spacer\"><\/div>\n\n\n\n<h2 class=\"has-text-align-center wp-block-heading\">Croyance de chaque Gevelopers<\/h2>\n\n\n\n<div class=\"wp-block-columns is-layout-flex wp-container-core-columns-is-layout-9d6595d7 wp-block-columns-is-layout-flex\">\n<div class=\"wp-block-column is-layout-flow wp-block-column-is-layout-flow\">\n<center><img decoding=\"async\" src=\"https:\/\/gevelopers.com\/wp-content\/uploads\/2021\/04\/ic-belief-people1.svg\" alt=\"croyance-personnes-gevelopers\" style=\"width:50px;height:50px\"><\/center>\n\n\n\n<h4 class=\"has-text-align-center wp-block-heading\">Approche centr\u00e9e sur le client<\/h4>\n\n\n\n<p class=\"has-text-align-center\">Pour toute entreprise, les clients sont toujours au centre. En tant que soci\u00e9t\u00e9 leader dans le d\u00e9veloppement d&#039;applications Web et mobiles, notre d\u00e9finition va au-del\u00e0 de nos clients directs. Nous partons toujours de l\u00e0 o\u00f9 vous en \u00eates avec vos id\u00e9es et nous pensons du point de vue de VOS clients finaux, de leurs probl\u00e8mes et concevons une solution qui r\u00e9sout les probl\u00e8mes fondamentaux au profit de votre entreprise.<\/p>\n<\/div>\n\n\n\n<div class=\"wp-block-column is-layout-flow wp-block-column-is-layout-flow\">\n<center><img decoding=\"async\" src=\"https:\/\/gevelopers.com\/wp-content\/uploads\/2021\/04\/ic-belief-research1.svg\" alt=\"croyance-recherche1-gevelopers\" style=\"width:50px;height:50px\"><\/center>\n\n\n\n<h4 class=\"has-text-align-center wp-block-heading\">Collaboration efficace<\/h4>\n\n\n\n<p class=\"has-text-align-center\">La communication est la cl\u00e9. Nous avons parfois tendance \u00e0 trop communiquer. Bien que cela semble \u00e9crasant, cela finit par faire des merveilles pour notre entreprise cliente. Lorsque notre \u00e9quipe de d\u00e9veloppement collabore avec nos clients assis \u00e0 des milliers de kilom\u00e8tres de distance, il est \u00e9vident que nous restons en contact avec des plates-formes et des supports qui permettent efficacit\u00e9, transparence et pr\u00e9cision.<\/p>\n<\/div>\n\n\n\n<div class=\"wp-block-column is-layout-flow wp-block-column-is-layout-flow\">\n<center><img decoding=\"async\" src=\"https:\/\/gevelopers.com\/wp-content\/uploads\/2021\/04\/ic-belief-product-driven1.svg\" alt=\"croyance-produit-driven1-gevelopers\" style=\"width:50px;height:50px\"><\/center>\n\n\n\n<h4 class=\"has-text-align-center wp-block-heading\">Qualit\u00e9 livr\u00e9e dans les temps<\/h4>\n\n\n\n<p class=\"has-text-align-center\">Avec plus de deux d\u00e9cennies d&#039;exp\u00e9rience dans l&#039;industrie du d\u00e9veloppement de logiciels informatiques offshore, nous disposons d&#039;un grand ensemble de cadres internes avec une infrastructure de premier ordre qui nous permet de fournir des solutions de qualit\u00e9 sup\u00e9rieure, \u00e0 tout moment. Toutes ces ann\u00e9es, nous avons appris \u00e0 \u00e9viter les \u00e9checs et \u00e0 reproduire les succ\u00e8s. Nous ne nous vantons pas seulement de la qualit\u00e9. Nous le d\u00e9finissons et le livrons \u00e0 temps.<\/p>\n<\/div>\n<\/div>\n\n\n\n<div style=\"height:50px\" aria-hidden=\"true\" class=\"wp-block-spacer\"><\/div>\n\n\n\n<figure class=\"wp-block-gallery columns-3 is-cropped wp-block-gallery-1 is-layout-flex wp-block-gallery-is-layout-flex\"><ul class=\"blocks-gallery-grid\"><li class=\"blocks-gallery-item\"><figure><img loading=\"lazy\" decoding=\"async\" width=\"360\" height=\"414\" src=\"https:\/\/gevelopers.com\/wp-content\/uploads\/2021\/07\/about-gevelopers-infrastructure-img-1.webp\" alt=\"\u00e0 propos-de-gevelopers-infrastructure-img-1\" data-id=\"4647\" data-full-url=\"https:\/\/gevelopers.com\/wp-content\/uploads\/2021\/07\/about-gevelopers-infrastructure-img-1.webp\" data-link=\"https:\/\/gevelopers.com\/about\/about-gevelopers-infrastructure-img-1\/\" class=\"wp-image-4647\" srcset=\"https:\/\/gevelopers.com\/wp-content\/uploads\/2021\/07\/about-gevelopers-infrastructure-img-1.webp 360w, https:\/\/gevelopers.com\/wp-content\/uploads\/2021\/07\/about-gevelopers-infrastructure-img-1-261x300.webp 261w, https:\/\/gevelopers.com\/wp-content\/uploads\/2021\/07\/about-gevelopers-infrastructure-img-1-10x12.webp 10w\" sizes=\"auto, (max-width: 360px) 100vw, 360px\" \/><\/figure><\/li><li class=\"blocks-gallery-item\"><figure><img loading=\"lazy\" decoding=\"async\" width=\"360\" height=\"256\" src=\"https:\/\/gevelopers.com\/wp-content\/uploads\/2021\/07\/about-gevelopers-infrastructure-img-4.webp\" alt=\"\u00e0 propos-de-gevelopers-infrastructure-img-4\" data-id=\"4649\" data-full-url=\"https:\/\/gevelopers.com\/wp-content\/uploads\/2021\/07\/about-gevelopers-infrastructure-img-4.webp\" data-link=\"https:\/\/gevelopers.com\/about\/about-gevelopers-infrastructure-img-4\/\" class=\"wp-image-4649\" srcset=\"https:\/\/gevelopers.com\/wp-content\/uploads\/2021\/07\/about-gevelopers-infrastructure-img-4.webp 360w, https:\/\/gevelopers.com\/wp-content\/uploads\/2021\/07\/about-gevelopers-infrastructure-img-4-300x213.webp 300w, https:\/\/gevelopers.com\/wp-content\/uploads\/2021\/07\/about-gevelopers-infrastructure-img-4-16x12.webp 16w\" sizes=\"auto, (max-width: 360px) 100vw, 360px\" \/><\/figure><\/li><li class=\"blocks-gallery-item\"><figure><img loading=\"lazy\" decoding=\"async\" width=\"360\" height=\"414\" src=\"https:\/\/gevelopers.com\/wp-content\/uploads\/2021\/07\/about-gevelopers-infrastructure-img-5.webp\" alt=\"\u00e0 propos-de-gevelopers-infrastructure-img-5\" data-id=\"4650\" data-full-url=\"https:\/\/gevelopers.com\/wp-content\/uploads\/2021\/07\/about-gevelopers-infrastructure-img-5.webp\" data-link=\"https:\/\/gevelopers.com\/about\/about-gevelopers-infrastructure-img-5\/\" class=\"wp-image-4650\" srcset=\"https:\/\/gevelopers.com\/wp-content\/uploads\/2021\/07\/about-gevelopers-infrastructure-img-5.webp 360w, https:\/\/gevelopers.com\/wp-content\/uploads\/2021\/07\/about-gevelopers-infrastructure-img-5-261x300.webp 261w, https:\/\/gevelopers.com\/wp-content\/uploads\/2021\/07\/about-gevelopers-infrastructure-img-5-10x12.webp 10w\" sizes=\"auto, (max-width: 360px) 100vw, 360px\" \/><\/figure><\/li><li class=\"blocks-gallery-item\"><figure><img loading=\"lazy\" decoding=\"async\" width=\"945\" height=\"700\" src=\"https:\/\/gevelopers.com\/wp-content\/uploads\/2021\/07\/about-gevelopers-infrastructure-img-3.webp\" alt=\"\u00e0 propos-de-gevelopers-infrastructure-img-3\" data-id=\"4648\" data-full-url=\"https:\/\/gevelopers.com\/wp-content\/uploads\/2021\/07\/about-gevelopers-infrastructure-img-3.webp\" data-link=\"https:\/\/gevelopers.com\/about\/about-gevelopers-infrastructure-img-3\/\" class=\"wp-image-4648\" srcset=\"https:\/\/gevelopers.com\/wp-content\/uploads\/2021\/07\/about-gevelopers-infrastructure-img-3.webp 945w, https:\/\/gevelopers.com\/wp-content\/uploads\/2021\/07\/about-gevelopers-infrastructure-img-3-300x222.webp 300w, https:\/\/gevelopers.com\/wp-content\/uploads\/2021\/07\/about-gevelopers-infrastructure-img-3-768x569.webp 768w, https:\/\/gevelopers.com\/wp-content\/uploads\/2021\/07\/about-gevelopers-infrastructure-img-3-16x12.webp 16w\" sizes=\"auto, (max-width: 945px) 100vw, 945px\" \/><\/figure><\/li><\/ul><\/figure>","protected":false},"excerpt":{"rendered":"<p>Award-winning Software Development Company Since 2015 Gevelopers is not only a globally recognized IT company but also a family filled&#8230;<\/p>","protected":false},"author":1,"featured_media":262,"parent":0,"menu_order":0,"comment_status":"closed","ping_status":"closed","template":"","meta":{"footnotes":""},"class_list":["post-319","page","type-page","status-publish","has-post-thumbnail","hentry"],"_links":{"self":[{"href":"https:\/\/gevelopers.com\/fr\/wp-json\/wp\/v2\/pages\/319","targetHints":{"allow":["GET"]}}],"collection":[{"href":"https:\/\/gevelopers.com\/fr\/wp-json\/wp\/v2\/pages"}],"about":[{"href":"https:\/\/gevelopers.com\/fr\/wp-json\/wp\/v2\/types\/page"}],"author":[{"embeddable":true,"href":"https:\/\/gevelopers.com\/fr\/wp-json\/wp\/v2\/users\/1"}],"replies":[{"embeddable":true,"href":"https:\/\/gevelopers.com\/fr\/wp-json\/wp\/v2\/comments?post=319"}],"version-history":[{"count":0,"href":"https:\/\/gevelopers.com\/fr\/wp-json\/wp\/v2\/pages\/319\/revisions"}],"wp:featuredmedia":[{"embeddable":true,"href":"https:\/\/gevelopers.com\/fr\/wp-json\/wp\/v2\/media\/262"}],"wp:attachment":[{"href":"https:\/\/gevelopers.com\/fr\/wp-json\/wp\/v2\/media?parent=319"}],"curies":[{"name":"wp","href":"https:\/\/api.w.org\/{rel}","templated":true}]}}