{"id":858,"date":"2021-05-05T13:48:39","date_gmt":"2021-05-05T13:48:39","guid":{"rendered":"https:\/\/gevelopers.com\/?page_id=858"},"modified":"2021-07-24T18:40:16","modified_gmt":"2021-07-24T18:40:16","slug":"web-development","status":"publish","type":"page","link":"https:\/\/gevelopers.com\/fr\/web-development\/","title":{"rendered":"Soci\u00e9t\u00e9 de d\u00e9veloppement Web"},"content":{"rendered":"<p>Gevelopers est une soci\u00e9t\u00e9 de conception de sites Web et de d\u00e9veloppement Web de premier plan en Europe, en Turquie, \u00e0 Singapour et aux \u00c9tats-Unis qui fournit les meilleurs services de d\u00e9veloppement Web pour cr\u00e9er des sites Web sur mesure, des applications Web, des outils Web, etc.<\/p>\n\n\n\n<div class=\"wp-block-columns is-layout-flex wp-container-core-columns-is-layout-9d6595d7 wp-block-columns-is-layout-flex\">\n<div class=\"wp-block-column is-layout-flow wp-block-column-is-layout-flow\">\n<div class=\"wp-block-group\"><div class=\"wp-block-group__inner-container is-layout-flow wp-block-group-is-layout-flow\">\n<h3 class=\"wp-block-heading\">Solutions d&#039;entreprise<\/h3>\n\n\n\n<p>Gevelopers est une soci\u00e9t\u00e9 de d\u00e9veloppement Web d&#039;entreprise de premier plan sp\u00e9cialis\u00e9e dans la cr\u00e9ation de solutions Web \u00e0 plusieurs niveaux pour r\u00e9pondre aux divers besoins de l&#039;entreprise. Nous d\u00e9veloppons des portails Web d&#039;entreprise sur mesure, des solutions de commerce \u00e9lectronique, des applications B2B et B2C, des applications logicielles ERP et CRM, des syst\u00e8mes de reporting, de facturation et de traitement des transactions financi\u00e8res s\u00e9curis\u00e9es, etc. Nos solutions informatiques et Web d&#039;entreprise sont con\u00e7ues \u00e0 l&#039;aide des derni\u00e8res technologies Web et sont s\u00e9curis\u00e9es. , robuste et \u00e9volutif qui aident les entreprises \u00e0 r\u00e9duire les co\u00fbts op\u00e9rationnels globaux et \u00e0 am\u00e9liorer l&#039;efficacit\u00e9 op\u00e9rationnelle.<\/p>\n<\/div><\/div>\n\n\n\n<div class=\"wp-block-columns is-layout-flex wp-container-core-columns-is-layout-9d6595d7 wp-block-columns-is-layout-flex\">\n<div class=\"wp-block-column is-layout-flow wp-block-column-is-layout-flow\">\n<div class=\"wp-block-group\"><div class=\"wp-block-group__inner-container is-layout-flow wp-block-group-is-layout-flow\">\n<p>D\u00e9veloppement Web d&#039;entreprise personnalis\u00e9<br>D\u00e9veloppement de logiciel ERP sur mesure<br>D\u00e9veloppement de logiciels CRM<\/p>\n<\/div><\/div>\n<\/div>\n\n\n\n<div class=\"wp-block-column is-layout-flow wp-block-column-is-layout-flow\">\n<div class=\"wp-block-group\"><div class=\"wp-block-group__inner-container is-layout-flow wp-block-group-is-layout-flow\">\n<p>Int\u00e9gration du syst\u00e8me d&#039;entreprise<br>Solutions de mobilit\u00e9 d&#039;entreprise<br>Consultation informatique de bout en bout<\/p>\n<\/div><\/div>\n<\/div>\n<\/div>\n<\/div>\n\n\n\n<div class=\"wp-block-column is-layout-flow wp-block-column-is-layout-flow\">\n<div class=\"wp-block-group\"><div class=\"wp-block-group__inner-container is-layout-flow wp-block-group-is-layout-flow\">\n<img decoding=\"async\" src=\"https:\/\/gevelopers.com\/wp-content\/uploads\/2021\/05\/img-web-app-development-enterprise-solutions1.webp\" alt=\"d\u00e9veloppement d&#039;applications web solutions d&#039;entreprise gevelopers\" >\n<\/div><\/div>\n<\/div>\n<\/div>\n\n\n\n<div class=\"wp-block-columns is-layout-flex wp-container-core-columns-is-layout-9d6595d7 wp-block-columns-is-layout-flex\">\n<div class=\"wp-block-column is-layout-flow wp-block-column-is-layout-flow\">\n<img decoding=\"async\" src=\"https:\/\/gevelopers.com\/wp-content\/uploads\/2021\/05\/img-web-app-development-mobile-backend-api1.webp\" alt=\"web-app-development-mobile-backend-api-gevelopers\" >\n<\/div>\n\n\n\n<div class=\"wp-block-column is-layout-flow wp-block-column-is-layout-flow\">\n<h3 class=\"wp-block-heading\" id=\"backend\">Backend mobile et API<\/h3>\n\n\n\n<p>En tant que soci\u00e9t\u00e9 leader dans le d\u00e9veloppement de sites Web depuis 2015, nous proposons des services de d\u00e9veloppement back-end de premier plan pour les applications Web et les applications mobiles. Nos ma\u00eetres-codeurs fournissent des services et des solutions d&#039;API REST personnalis\u00e9s pour rendre les applications Web et mobiles interactives et conviviales. Nous d\u00e9tenons des ann\u00e9es d&#039;expertise dans la cr\u00e9ation de solutions d&#039;applications back-end sur site et dans le cloud pour les applications mobiles, de bureau, Web et <a href=\"https:\/\/www.indianic.com\/what-we-do\/internet-of-things\" target=\"_blank\" rel=\"noopener\">Applications IdO<\/a>. Notre architecture pilot\u00e9e par API alimente le front-end des applications Web et des applications mobiles. Alors que le puissant back-end que nous d\u00e9veloppons \u00e9tendra votre application en cas de besoin, fonctionnera plus rapidement et offrira une int\u00e9gration transparente avec des tiers avec une s\u00e9curit\u00e9 optimale du stockage des donn\u00e9es.<\/p>\n\n\n\n<div class=\"wp-block-columns is-layout-flex wp-container-core-columns-is-layout-9d6595d7 wp-block-columns-is-layout-flex\">\n<div class=\"wp-block-column is-layout-flow wp-block-column-is-layout-flow\">\n<img decoding=\"async\" src=\"https:\/\/gevelopers.com\/wp-content\/uploads\/2021\/05\/ic-technology-drupal1.svg\" alt=\"ic-technology-drupal-gevelopers\">\n<\/div>\n\n\n\n<div class=\"wp-block-column is-layout-flow wp-block-column-is-layout-flow\">\n<img decoding=\"async\" src=\"https:\/\/gevelopers.com\/wp-content\/uploads\/2021\/05\/ic-technology-php1.svg\" alt=\"ic-technologie-php-gevelopers\">\n<\/div>\n\n\n\n<div class=\"wp-block-column is-layout-flow wp-block-column-is-layout-flow\">\n<img decoding=\"async\" src=\"https:\/\/gevelopers.com\/wp-content\/uploads\/2021\/05\/ic-technology-laravel1.svg\" alt=\"ic-technologie-laravel-gevelopers\">\n<\/div>\n\n\n\n<div class=\"wp-block-column is-layout-flow wp-block-column-is-layout-flow\">\n<img decoding=\"async\" src=\"https:\/\/gevelopers.com\/wp-content\/uploads\/2021\/05\/ic-technology-java1.svg\" alt=\"ic-technology-java-gevelopers\">\n<\/div>\n\n\n\n<div class=\"wp-block-column is-layout-flow wp-block-column-is-layout-flow\">\n<img decoding=\"async\" src=\"https:\/\/gevelopers.com\/wp-content\/uploads\/2021\/05\/ic-technology-wordpress1.svg\" alt=\"technologie-ic-wordpress-geveloper\">\n<\/div>\n<\/div>\n\n\n\n<div class=\"wp-block-columns is-layout-flex wp-container-core-columns-is-layout-9d6595d7 wp-block-columns-is-layout-flex\">\n<div class=\"wp-block-column is-layout-flow wp-block-column-is-layout-flow\">\n<p>D\u00e9veloppement de sites Web de commerce \u00e9lectronique \u00e0 l&#039;\u00e9preuve de la fraude<br>Conception de sites Web de commerce \u00e9lectronique en ligne<br>Sites Web de commerce \u00e9lectronique\/applications Web r\u00e9actifs<br>Configuration du commerce \u00e9lectronique bas\u00e9e sur SaaS<\/p>\n<\/div>\n\n\n\n<div class=\"wp-block-column is-layout-flow wp-block-column-is-layout-flow\">\n<p>D\u00e9veloppement de magasins multi-fournisseurs<br>D\u00e9veloppement de panier d&#039;achat<br>D\u00e9veloppement de commerce \u00e9lectronique personnalis\u00e9<br>Solutions commerciales mobiles<\/p>\n<\/div>\n<\/div>\n<\/div>\n<\/div>\n\n\n\n<div class=\"wp-block-columns is-layout-flex wp-container-core-columns-is-layout-9d6595d7 wp-block-columns-is-layout-flex\">\n<div class=\"wp-block-column is-layout-flow wp-block-column-is-layout-flow\">\n\n\n<div class=\"wp-block-columns is-layout-flex wp-container-core-columns-is-layout-9d6595d7 wp-block-columns-is-layout-flex\">\n<div class=\"wp-block-column is-layout-flow wp-block-column-is-layout-flow\">\n<img decoding=\"async\" src=\"https:\/\/gevelopers.com\/wp-content\/uploads\/2021\/05\/ic-technology-wordpress1.svg\" alt=\"technologie-wordpress-gevelopers\">\n<\/div>\n\n\n\n<div class=\"wp-block-column is-layout-flow wp-block-column-is-layout-flow\">\n<img decoding=\"async\" src=\"https:\/\/gevelopers.com\/wp-content\/uploads\/2021\/05\/ic-technology-dot-net-nuke1.svg\" alt=\"ic-technology-dot-net-nuke-gevelopers\">\n<\/div>\n\n\n\n<div class=\"wp-block-column is-layout-flow wp-block-column-is-layout-flow\">\n<img decoding=\"async\" src=\"https:\/\/gevelopers.com\/wp-content\/uploads\/2021\/05\/ic-technology-joomla1.svg\" alt=\"technologie-ic-joomla-gevelopers\">\n<\/div>\n\n\n\n<div class=\"wp-block-column is-layout-flow wp-block-column-is-layout-flow\">\n<img decoding=\"async\" src=\"https:\/\/gevelopers.com\/wp-content\/uploads\/2021\/05\/ic-technology-drupal1.svg\" alt=\"ic-technology-drupal-gevelopers\">\n<\/div>\n<\/div>\n\n\n\n<div class=\"wp-block-columns is-layout-flex wp-container-core-columns-is-layout-9d6595d7 wp-block-columns-is-layout-flex\">\n<div class=\"wp-block-column is-layout-flow wp-block-column-is-layout-flow\">\n<p>D\u00e9veloppement Web CMS sur mesure<br>CMS pour solutions de commerce \u00e9lectronique<br>CMS pour applications B2C et B2B<br>D\u00e9veloppement de CMS d&#039;entreprise<br>Migration et mise \u00e0 jour du CMS<\/p>\n<\/div>\n<\/div>\n<\/div>\n\n\n\n<div class=\"wp-block-column is-layout-flow wp-block-column-is-layout-flow\">\n<img decoding=\"async\" src=\"https:\/\/gevelopers.com\/wp-content\/uploads\/2021\/05\/img-web-app-development-content-management-system1.webp\">\n<\/div>\n<\/div>\n\n\n\n<div class=\"wp-block-columns is-layout-flex wp-container-core-columns-is-layout-9d6595d7 wp-block-columns-is-layout-flex\">\n<div class=\"wp-block-column is-layout-flow wp-block-column-is-layout-flow\">\n<figure class=\"wp-block-image size-large wp-image-726\"><img decoding=\"async\" src=\"https:\/\/gevelopers.com\/wp-content\/uploads\/2021\/05\/img-web-app-development-custom-web-development1.webp\" alt=\"\" class=\"wp-image-894\"\/><\/figure>\n<\/div>\n\n\n\n<div class=\"wp-block-column is-layout-flow wp-block-column-is-layout-flow\">\n<h3 class=\"wp-block-heading\" id=\"custom-development\">D\u00e9veloppement Web personnalis\u00e9<\/h3>\n\n\n\n<p>Nous sommes une entreprise de conception de sites Web et de d\u00e9veloppement Web de premier plan qui aide certaines des marques les plus reconnues \u00e0 \u00eatre pr\u00e9sentes dans le paysage num\u00e9rique gr\u00e2ce \u00e0 des services de d\u00e9veloppement Web personnalis\u00e9s. Les solutions Web que nous d\u00e9veloppons sont riches en fonctionnalit\u00e9s, hautement fonctionnelles, robustes, s\u00e9curis\u00e9es et \u00e9volutives avec une conception UI\/UX engageante qui am\u00e9liore la marque. Embauchez des d\u00e9veloppeurs de sites Web PHP aupr\u00e8s de Gevelopers, qui ont des ann\u00e9es d&#039;exp\u00e9rience dans le d\u00e9veloppement de sites Web personnalis\u00e9s, d&#039;applications Web, de portails Web, de magasins de commerce \u00e9lectronique en ligne, etc. Nous avons une \u00e9quipe de d\u00e9veloppement compl\u00e8te parfaite avec une exp\u00e9rience dans les technologies Microsoft, PHP core et open-source plates-formes, conception UI\/UX, langages de script, services DevOps pour offrir des solutions abordables pour votre entreprise.<\/p>\n\n\n\n<div class=\"wp-block-columns is-layout-flex wp-container-core-columns-is-layout-9d6595d7 wp-block-columns-is-layout-flex\">\n<div class=\"wp-block-column is-layout-flow wp-block-column-is-layout-flow\">\n<p>Conception de site Web personnalis\u00e9<br>D\u00e9veloppement de CMS Web<br>D\u00e9veloppement de portail Web<br>D\u00e9veloppement de sites Web de commerce \u00e9lectronique<br>D\u00e9veloppement d&#039;applications Web d&#039;entreprise<\/p>\n<\/div>\n<\/div>\n<\/div>\n<\/div>\n\n\n\n<div class=\"wp-block-columns is-layout-flex wp-container-core-columns-is-layout-9d6595d7 wp-block-columns-is-layout-flex\">\n<div class=\"wp-block-column is-layout-flow wp-block-column-is-layout-flow\">\n<h3 class=\"wp-block-heading\" id=\"ecommerce\">Commerce \u00e9lectronique<\/h3>\n\n\n\n<p>Nous sommes une soci\u00e9t\u00e9 de d\u00e9veloppement Web de commerce \u00e9lectronique de premier plan, cr\u00e9ant de belles solutions de commerce \u00e9lectronique bas\u00e9es sur le Web pour des exp\u00e9riences d&#039;achat en ligne ultimes. Nos services de d\u00e9veloppement de sites Web de commerce \u00e9lectronique comprennent la conception Web \u00e0 part enti\u00e8re de magasins de commerce \u00e9lectronique en ligne et le d\u00e9veloppement Web de commerce \u00e9lectronique personnalis\u00e9 pour les petites, moyennes et grandes entreprises de vente au d\u00e9tail. Notre expertise dans les plates-formes de commerce \u00e9lectronique populaires telles que le d\u00e9veloppement de sites Web de commerce \u00e9lectronique bas\u00e9s sur Magento, WooCommerce, OsCommerce, Zen Cart, OpenCart, Shopify, etc. nous a aid\u00e9s \u00e0 fournir des solutions Web de commerce \u00e9lectronique de classe mondiale avec un syst\u00e8me de gestion de contenu en ligne robuste.<\/p>\n\n\n\n<div class=\"wp-block-columns is-layout-flex wp-container-core-columns-is-layout-9d6595d7 wp-block-columns-is-layout-flex\">\n<div class=\"wp-block-column is-layout-flow wp-block-column-is-layout-flow\">\n<img decoding=\"async\" src=\"https:\/\/gevelopers.com\/wp-content\/uploads\/2021\/05\/ic-technology-shopify-plus1.svg\" alt=\"ic-technology-shopify-plus-gevelopers\">\n<\/div>\n\n\n\n<div class=\"wp-block-column is-layout-flow wp-block-column-is-layout-flow\">\n<img decoding=\"async\" src=\"https:\/\/gevelopers.com\/wp-content\/uploads\/2021\/05\/ic-technology-magento1.svg\" alt=\"ic-technology-magento-gevelopers\">\n<\/div>\n\n\n\n<div class=\"wp-block-column is-layout-flow wp-block-column-is-layout-flow\">\n<img decoding=\"async\" src=\"https:\/\/gevelopers.com\/wp-content\/uploads\/2021\/05\/ic-technology-wordpress1.svg\" alt=\"technologie-ic-wordpress-gevelopers\">\n<\/div>\n<\/div>\n\n\n\n<div class=\"wp-block-columns is-layout-flex wp-container-core-columns-is-layout-9d6595d7 wp-block-columns-is-layout-flex\">\n<div class=\"wp-block-column is-layout-flow wp-block-column-is-layout-flow\">\n<p>D\u00e9veloppement de sites Web de commerce \u00e9lectronique \u00e0 l&#039;\u00e9preuve de la fraude<br>Conception de sites Web de commerce \u00e9lectronique en ligne<br>Sites Web de commerce \u00e9lectronique\/applications Web r\u00e9actifs<br>Configuration du commerce \u00e9lectronique bas\u00e9e sur SaaS<\/p>\n<\/div>\n\n\n\n<div class=\"wp-block-column is-layout-flow wp-block-column-is-layout-flow\">\n<p>D\u00e9veloppement de magasins multi-fournisseurs<br>D\u00e9veloppement de panier d&#039;achat<br>D\u00e9veloppement de commerce \u00e9lectronique personnalis\u00e9<br>Solutions commerciales mobiles<\/p>\n\n\n\n<div class=\"wp-block-buttons is-layout-flex wp-block-buttons-is-layout-flex\"><\/div>\n<\/div>\n<\/div>\n<\/div>\n\n\n\n<div class=\"wp-block-column is-layout-flow wp-block-column-is-layout-flow\">\n<img decoding=\"async\" src=\"https:\/\/gevelopers.com\/wp-content\/uploads\/2021\/05\/img-web-app-development-ecommerce1.webp\" alt=\"img-web-app-development-ecommerce-gevelopers\" >\n<\/div>\n<\/div>\n\n\n\n<div style=\"height:50px\" aria-hidden=\"true\" class=\"wp-block-spacer\"><\/div>\n\n\n\n<h2 class=\"has-text-align-center wp-block-heading\">Technologies Web avec lesquelles nous travaillons<\/h2>\n\n\n\n<p class=\"has-text-align-center\">Sp\u00e9cialistes internes des technologies Web contemporaines qui encapsulent des piles c\u00f4t\u00e9 serveur et frontales.<\/p>\n\n\n\n<div style=\"height:25px\" aria-hidden=\"true\" class=\"wp-block-spacer\"><\/div>\n\n\n\n<div class=\"wp-block-columns is-layout-flex wp-container-core-columns-is-layout-9d6595d7 wp-block-columns-is-layout-flex\">\n<div class=\"wp-block-column is-layout-flow wp-block-column-is-layout-flow\">\n<center><img decoding=\"async\" src=\"https:\/\/gevelopers.com\/wp-content\/uploads\/2021\/05\/ic-technology-php1.svg\" alt=\"technologie-php-gevelopers\"><\/center>\n<\/div>\n\n\n\n<div class=\"wp-block-column is-layout-flow wp-block-column-is-layout-flow\">\n<center><img decoding=\"async\" src=\"https:\/\/gevelopers.com\/wp-content\/uploads\/2021\/05\/ic-technology-java1.svg\" alt=\"technologie-java-gevelopers\"><\/center>\n<\/div>\n\n\n\n<div class=\"wp-block-column is-layout-flow wp-block-column-is-layout-flow\">\n<center><img decoding=\"async\" src=\"https:\/\/gevelopers.com\/wp-content\/uploads\/2021\/05\/ic-technology-drupal1.svg\" alt=\"technologie-drupal-gevelopers\"><\/center>\n<\/div>\n\n\n\n<div class=\"wp-block-column is-layout-flow wp-block-column-is-layout-flow\">\n<center><img decoding=\"async\" src=\"https:\/\/gevelopers.com\/wp-content\/uploads\/2021\/05\/ic-technology-shopify-plus1.svg\" alt=\"technologie-shopify-plus-gevelopers\"><\/center>\n<\/div>\n\n\n\n<div class=\"wp-block-column is-layout-flow wp-block-column-is-layout-flow\">\n<center><img decoding=\"async\" src=\"https:\/\/gevelopers.com\/wp-content\/uploads\/2021\/05\/ic-technology-wordpress1.svg\" alt=\"technologie-wordpress-gevelopers\"><\/center>\n<\/div>\n\n\n\n<div class=\"wp-block-column is-layout-flow wp-block-column-is-layout-flow\">\n<center><img decoding=\"async\" src=\"https:\/\/gevelopers.com\/wp-content\/uploads\/2021\/05\/ic-technology-magento1.svg\" alt=\"technologie-magento-gevelopers\"><\/center>\n<\/div>\n<\/div>\n\n\n\n<div class=\"wp-block-columns is-layout-flex wp-container-core-columns-is-layout-9d6595d7 wp-block-columns-is-layout-flex\">\n<div class=\"wp-block-column is-layout-flow wp-block-column-is-layout-flow\">\n<center><img decoding=\"async\" src=\"https:\/\/gevelopers.com\/wp-content\/uploads\/2021\/05\/ic-technology-microsoft-dot-net1x1.svg\" alt=\"technologie-microsoft-dot-net-gevelopers\"><\/center>\n<\/div>\n\n\n\n<div class=\"wp-block-column is-layout-flow wp-block-column-is-layout-flow\">\n<center><img decoding=\"async\" src=\"https:\/\/gevelopers.com\/wp-content\/uploads\/2021\/05\/ic-technology-html51.svg\" alt=\"technologie-html5-gevelopers\"><\/center>\n<\/div>\n\n\n\n<div class=\"wp-block-column is-layout-flow wp-block-column-is-layout-flow\">\n<center><img decoding=\"async\" src=\"https:\/\/gevelopers.com\/wp-content\/uploads\/2021\/05\/ic-technology-node-js1.svg\" alt=\"technology-node-js-gevelopers\"><\/center>\n<\/div>\n\n\n\n<div class=\"wp-block-column is-layout-flow wp-block-column-is-layout-flow\">\n<center><img decoding=\"async\" src=\"https:\/\/gevelopers.com\/wp-content\/uploads\/2021\/05\/ic-technology-mango-db1.svg\" alt=\"technologie-mango-db-gevelopers\"><\/center>\n<\/div>\n\n\n\n<div class=\"wp-block-column is-layout-flow wp-block-column-is-layout-flow\">\n<center><img decoding=\"async\" src=\"https:\/\/gevelopers.com\/wp-content\/uploads\/2021\/05\/ic-technology-angular-js1.svg\" alt=\"technologie-angular-js-gevelopers\"><\/center>\n<\/div>\n\n\n\n<div class=\"wp-block-column is-layout-flow wp-block-column-is-layout-flow\">\n<center><img decoding=\"async\" src=\"https:\/\/gevelopers.com\/wp-content\/uploads\/2021\/05\/ic-technology-my-sql1.svg\" alt=\"technologie-my-sql-gevelopers\"><\/center>\n<\/div>\n\n\n\n<div class=\"wp-block-column is-layout-flow wp-block-column-is-layout-flow\">\n<center><img decoding=\"async\" src=\"https:\/\/gevelopers.com\/wp-content\/uploads\/2021\/05\/ic-technology-ms-sql1.svg\" alt=\"technologie-ms-sql-gevelopers\"><\/center>\n<\/div>\n\n\n\n<div class=\"wp-block-column is-layout-flow wp-block-column-is-layout-flow\">\n<center><img decoding=\"async\" src=\"https:\/\/gevelopers.com\/wp-content\/uploads\/2021\/05\/ic-technology-joomla1.svg\" alt=\"technologie-joomla-gevelopers\"><\/center>\n<\/div>\n<\/div>\n\n\n\n<div style=\"height:50px\" aria-hidden=\"true\" class=\"wp-block-spacer\"><\/div>\n\n\n\n<h2 class=\"has-text-align-center wp-block-heading\">Nous ajoutons de l&#039;intelligence \u00e0 vos applications Web<\/h2>\n\n\n\n<p class=\"has-text-align-center\">Reportez-vous \u00e0 quelques cas d&#039;utilisation sur la fa\u00e7on dont nous utilisons les technologies d&#039;IA et de ML pour permettre aux applications Web de rationaliser les op\u00e9rations et d&#039;am\u00e9liorer l&#039;exp\u00e9rience utilisateur.<\/p>\n\n\n\n<div class=\"wp-block-columns is-layout-flex wp-container-core-columns-is-layout-9d6595d7 wp-block-columns-is-layout-flex\">\n<div class=\"wp-block-column is-layout-flow wp-block-column-is-layout-flow\">\n<h3 class=\"wp-block-heading\">Moteur de recommandation<\/h3>\n\n\n\n<p>M\u00e9dias, divertissement, shopping<\/p>\n\n\n\n<p>Il utilise l&#039;historique de l&#039;utilisateur pour sugg\u00e9rer des produits ou services similaires. Tout comme les suggestions lors de vos achats sur Amazon ou en regardant Netflix.<\/p>\n<\/div>\n\n\n\n<div class=\"wp-block-column is-layout-flow wp-block-column-is-layout-flow\">\n<h3 class=\"wp-block-heading\">Photos tri\u00e9es, \u00e9tiquet\u00e9es et cat\u00e9goris\u00e9es<\/h3>\n\n\n\n<p>Recherche, Mobile, R\u00e9seaux sociaux<\/p>\n\n\n\n<p>La cat\u00e9gorisation des images simplifie le processus de recherche. C&#039;est comme chercher un restaurant et obtenir le menu, la nourriture, l&#039;ambiance, etc. dans les r\u00e9sultats.<\/p>\n<\/div>\n\n\n\n<div class=\"wp-block-column is-layout-flow wp-block-column-is-layout-flow\">\n<h3 class=\"wp-block-heading\">Chatbots pour le support client<\/h3>\n\n\n\n<p>Voyage, banque, commerce de d\u00e9tail<\/p>\n\n\n\n<p>Des robots intelligents programm\u00e9s pour automatiser plusieurs processus m\u00e9tier et service client avec des informations instantan\u00e9es et pr\u00e9cises.<\/p>\n<\/div>\n<\/div>\n\n\n\n<div class=\"wp-block-columns is-layout-flex wp-container-core-columns-is-layout-9d6595d7 wp-block-columns-is-layout-flex\">\n<div class=\"wp-block-column is-layout-flow wp-block-column-is-layout-flow\">\n<h3 class=\"wp-block-heading\">Apprentissage et \u00e9ducation gamifi\u00e9s<\/h3>\n\n\n\n<p>\u00c9ducation<\/p>\n\n\n\n<p>Le mod\u00e8le statistique pilot\u00e9 par ML est construit \u00e0 l&#039;aide des r\u00e9ponses des \u00e9tudiants qui d\u00e9terminent leur cycle de m\u00e9moire et les ping pour les r\u00e9visions.<\/p>\n<\/div>\n\n\n\n<div class=\"wp-block-column is-layout-flow wp-block-column-is-layout-flow\">\n<h3 class=\"wp-block-heading\">Surveillance de la sant\u00e9 pr\u00e9vue<\/h3>\n\n\n\n<p>Soins de sant\u00e9<\/p>\n\n\n\n<p>Les applications bas\u00e9es sur le ML peuvent aider les m\u00e9decins \u00e0 traiter les patients \u00e0 l&#039;avance et \u00e0 sauver des vies en ayant des pr\u00e9dictions pratiques bas\u00e9es sur les donn\u00e9es de leurs patients.<\/p>\n<\/div>\n\n\n\n<div class=\"wp-block-column is-layout-flow wp-block-column-is-layout-flow\">\n<h3 class=\"wp-block-heading\">Maisons intelligentes aliment\u00e9es par la voix<\/h3>\n\n\n\n<p>Immobilier<\/p>\n\n\n\n<p>La technologie de l&#039;IA a conduit \u00e0 la construction de maisons vocales automatis\u00e9es, dont le fonctionnement est contr\u00f4l\u00e9 par une application avec une s\u00e9curit\u00e9 renforc\u00e9e.<\/p>\n<\/div>\n<\/div>","protected":false},"excerpt":{"rendered":"<p>Gevelopers is a top website design and web development company in Europe, Turkey, Singapore &amp; USA delivering the best web&#8230;<\/p>","protected":false},"author":1,"featured_media":0,"parent":0,"menu_order":0,"comment_status":"closed","ping_status":"closed","template":"","meta":{"footnotes":""},"class_list":["post-858","page","type-page","status-publish","hentry"],"_links":{"self":[{"href":"https:\/\/gevelopers.com\/fr\/wp-json\/wp\/v2\/pages\/858","targetHints":{"allow":["GET"]}}],"collection":[{"href":"https:\/\/gevelopers.com\/fr\/wp-json\/wp\/v2\/pages"}],"about":[{"href":"https:\/\/gevelopers.com\/fr\/wp-json\/wp\/v2\/types\/page"}],"author":[{"embeddable":true,"href":"https:\/\/gevelopers.com\/fr\/wp-json\/wp\/v2\/users\/1"}],"replies":[{"embeddable":true,"href":"https:\/\/gevelopers.com\/fr\/wp-json\/wp\/v2\/comments?post=858"}],"version-history":[{"count":0,"href":"https:\/\/gevelopers.com\/fr\/wp-json\/wp\/v2\/pages\/858\/revisions"}],"wp:attachment":[{"href":"https:\/\/gevelopers.com\/fr\/wp-json\/wp\/v2\/media?parent=858"}],"curies":[{"name":"wp","href":"https:\/\/api.w.org\/{rel}","templated":true}]}}