{"id":948,"date":"2021-05-07T10:34:03","date_gmt":"2021-05-07T10:34:03","guid":{"rendered":"https:\/\/gevelopers.com\/?page_id=948"},"modified":"2021-07-23T07:14:22","modified_gmt":"2021-07-23T07:14:22","slug":"design","status":"publish","type":"page","link":"https:\/\/gevelopers.com\/fr\/design\/","title":{"rendered":"Concevoir pour toutes les palettes de go\u00fbts, du concept au produit final"},"content":{"rendered":"<p>Une conception simple est un processus complexe. Nous le simplifions en nous concentrant sur les d\u00e9fis et les solutions, puis en cr\u00e9ant des interfaces utilisateur fonctionnelles qui maintiennent le public au centre.<\/p>\n\n\n\n<div class=\"wp-block-columns is-layout-flex wp-container-core-columns-is-layout-9d6595d7 wp-block-columns-is-layout-flex\">\n<div class=\"wp-block-column is-layout-flow wp-block-column-is-layout-flow\">\n<p class=\"has-text-align-center\"><strong>La diff\u00e9rence<\/strong><\/p>\n<\/div>\n<\/div>\n\n\n\n<h4 class=\"has-text-align-center wp-block-heading\">On dit que la d\u00e9couverte est au centre de l&#039;ing\u00e9niosit\u00e9. Nous avons appris un peu de folie m\u00e9lang\u00e9e \u00e0 une grande discipline, cr\u00e9\u00e9 des chefs-d&#039;\u0153uvre \u2013 nous l&#039;appelons \u00ab\u00a0l&#039;atelier de d\u00e9couverte\u00a0\u00bb.<\/h4>\n\n\n\n<div class=\"wp-block-columns is-layout-flex wp-container-core-columns-is-layout-9d6595d7 wp-block-columns-is-layout-flex\">\n<div class=\"wp-block-column is-layout-flow wp-block-column-is-layout-flow\">\n<center><img decoding=\"async\" src=\"https:\/\/gevelopers.com\/wp-content\/uploads\/2021\/05\/img-wireframes1.svg\" alt=\"img-wireframes-gevelopers\" ><\/center>\n<\/div>\n<\/div>\n\n\n\n<div class=\"wp-block-columns is-layout-flex wp-container-core-columns-is-layout-9d6595d7 wp-block-columns-is-layout-flex\">\n<div class=\"wp-block-column is-layout-flow wp-block-column-is-layout-flow\">\n<h2 class=\"has-text-align-center wp-block-heading\" id=\"discovery-workshop\">Pourquoi votre id\u00e9e a besoin d&#039;un \u00ab\u00a0atelier\u00a0\u00bb\u00a0?<\/h2>\n<\/div>\n<\/div>\n\n\n\n<div class=\"wp-block-columns is-layout-flex wp-container-core-columns-is-layout-9d6595d7 wp-block-columns-is-layout-flex\">\n<div class=\"wp-block-column is-layout-flow wp-block-column-is-layout-flow\">\n<h3 class=\"wp-block-heading\">Pense<\/h3>\n\n\n\n<p>Toutes les exigences ne sont pas pr\u00eates pour le d\u00e9veloppement<\/p>\n<\/div>\n\n\n\n<div class=\"wp-block-column is-layout-flow wp-block-column-is-layout-flow\">\n<h3 class=\"wp-block-heading\">Organiser<\/h3>\n\n\n\n<p>Les id\u00e9es \u00e9voluent et elles doivent \u00eatre contraintes dans une fronti\u00e8re<\/p>\n<\/div>\n\n\n\n<div class=\"wp-block-column is-layout-flow wp-block-column-is-layout-flow\">\n<h3 class=\"wp-block-heading\">Prioriser<\/h3>\n\n\n\n<p>Organisez vos pens\u00e9es pour un impact maximum<\/p>\n<\/div>\n<\/div>\n\n\n\n<div class=\"wp-block-columns is-layout-flex wp-container-core-columns-is-layout-9d6595d7 wp-block-columns-is-layout-flex\">\n<div class=\"wp-block-column is-layout-flow wp-block-column-is-layout-flow\">\n<h3 class=\"wp-block-heading\">Buts<\/h3>\n\n\n\n<p>Un produit de qualit\u00e9 doit avoir des objectifs clairement d\u00e9finis<\/p>\n<\/div>\n\n\n\n<div class=\"wp-block-column is-layout-flow wp-block-column-is-layout-flow\">\n<h3 class=\"wp-block-heading\">Quantifier<\/h3>\n\n\n\n<p>D\u00e9rivation de la port\u00e9e, pour un calendrier et un budget pr\u00e9cis<\/p>\n<\/div>\n\n\n\n<div class=\"wp-block-column is-layout-flow wp-block-column-is-layout-flow\">\n<h3 class=\"wp-block-heading\">Feuille de route<\/h3>\n\n\n\n<p>Choisir la bonne approche technologique du d\u00e9veloppement<\/p>\n<\/div>\n<\/div>\n\n\n\n<div style=\"height:50px\" aria-hidden=\"true\" class=\"wp-block-spacer\"><\/div>\n\n\n\n<p class=\"has-text-align-center\">Avantages<\/p>\n\n\n\n<h2 class=\"has-text-align-center wp-block-heading\">Avantages de l&#039;approche d\u00e9couverte\/conception d&#039;abord<\/h2>\n\n\n\n<p class=\"has-text-align-center\">Discovery Workshop est con\u00e7u pour nourrir l&#039;\u00e9quipe d&#039;ing\u00e9nierie, mais pas l&#039;inverse comme le font traditionnellement de nombreuses soci\u00e9t\u00e9s informatiques.<\/p>\n\n\n\n<div class=\"wp-block-columns is-layout-flex wp-container-core-columns-is-layout-9d6595d7 wp-block-columns-is-layout-flex\">\n<div class=\"wp-block-column is-layout-flow wp-block-column-is-layout-flow\">\n<center><img decoding=\"async\" src=\"https:\/\/gevelopers.com\/wp-content\/uploads\/2021\/05\/ic-benefits-strategy1.svg\"><\/center>\n\n\n\n<h5 class=\"has-text-align-center wp-block-heading\">Strat\u00e9gie claire<\/h5>\n\n\n\n<p class=\"has-text-align-center\">Nous travaillons avec vous pour r\u00e9duire l&#039;encombrement et rester concentr\u00e9s sur la d\u00e9finition des fonctionnalit\u00e9s syst\u00e8me critiques pour cr\u00e9er un produit pr\u00eat \u00e0 \u00eatre lanc\u00e9.<\/p>\n<\/div>\n\n\n\n<div class=\"wp-block-column is-layout-flow wp-block-column-is-layout-flow\">\n<center><img decoding=\"async\" src=\"https:\/\/gevelopers.com\/wp-content\/uploads\/2021\/05\/ic-benefits-speed1.svg\" alt=\"\"><\/center>\n\n\n\n<h5 class=\"has-text-align-center wp-block-heading\">La vitesse<\/h5>\n\n\n\n<p class=\"has-text-align-center\">Tirer le meilleur parti de notre engagement avec un \u00e9tat d&#039;esprit agile pour produire des r\u00e9sultats visibles - par rapport \u00e0 la mani\u00e8re traditionnelle.<\/p>\n<\/div>\n\n\n\n<div class=\"wp-block-column is-layout-flow wp-block-column-is-layout-flow\">\n<center><img decoding=\"async\" src=\"https:\/\/gevelopers.com\/wp-content\/uploads\/2021\/05\/ic-benefits-lower-risk1.svg\" alt=\"\"><\/center>\n\n\n\n<h5 class=\"has-text-align-center wp-block-heading\">Risque plus faible<\/h5>\n\n\n\n<p class=\"has-text-align-center\">Avant d&#039;investir une grosse somme d&#039;avance dans l&#039;ensemble du projet et de vous engager \u00e0 l&#039;aveugle, d\u00e9finissez quelque chose de durable et de r\u00e9alisable.<\/p>\n<\/div>\n\n\n\n<div class=\"wp-block-column is-layout-flow wp-block-column-is-layout-flow\">\n<center><img decoding=\"async\" src=\"https:\/\/gevelopers.com\/wp-content\/uploads\/2021\/05\/ic-benefits-cost-effective1.svg\" alt=\"\"><\/center>\n\n\n\n<h5 class=\"has-text-align-center wp-block-heading\">Rentable<\/h5>\n\n\n\n<p class=\"has-text-align-center\">Nous travaillons avec vous pour d\u00e9finir un produit lan\u00e7able minimum afin que vous puissiez prioriser les investissements pour un meilleur retour sur investissement, vous permettant de vous concentrer sur la croissance.<\/p>\n<\/div>\n<\/div>\n\n\n\n<div style=\"height:50px\" aria-hidden=\"true\" class=\"wp-block-spacer\"><\/div>\n\n\n\n<h2 class=\"has-text-align-center wp-block-heading\">Des sprints de d\u00e9couverte au d\u00e9veloppement agile<\/h2>\n\n\n\n<div class=\"wp-block-columns is-layout-flex wp-container-core-columns-is-layout-9d6595d7 wp-block-columns-is-layout-flex\">\n<div class=\"wp-block-column is-layout-flow wp-block-column-is-layout-flow\">\n<div class=\"alignnormal\"><div id=\"metaslider-id-981\" style=\"width: 100%;\" class=\"ml-slider-3-104-0 metaslider metaslider-flex metaslider-981 ml-slider ms-theme-default nav-hidden\" role=\"region\" aria-label=\"slide\" data-height=\"300\" data-width=\"700\">\n    <div id=\"metaslider_container_981\">\n        <div id=\"metaslider_981\">\n            <ul class='slides'>\n                <li style=\"display: block; width: 100%;\" class=\"slide-982 ms-image\" aria-roledescription=\"slide\" data-date=\"2021-05-07 12:53:09\" data-filename=\"index1.webp\" data-slide-type=\"image\"><img loading=\"lazy\" decoding=\"async\" src=\"https:\/\/gevelopers.com\/wp-content\/uploads\/2021\/05\/index1.webp\" height=\"300\" width=\"700\" alt=\"slider-index1-gevelopers\" class=\"slider-981 slide-982 msDefaultImage\" title=\"slider-index1-gevelopers\" \/><\/li>\n                <li style=\"display: none; width: 100%;\" class=\"slide-983 ms-image\" aria-roledescription=\"slide\" data-date=\"2021-05-07 12:53:21\" data-filename=\"index2.webp\" data-slide-type=\"image\"><img loading=\"lazy\" decoding=\"async\" src=\"https:\/\/gevelopers.com\/wp-content\/uploads\/2021\/05\/index2.webp\" height=\"300\" width=\"700\" alt=\"slider-index2-gevelopers\" class=\"slider-981 slide-983 msDefaultImage\" title=\"slider-index2-gevelopers\" \/><\/li>\n                <li style=\"display: none; width: 100%;\" class=\"slide-984 ms-image\" aria-roledescription=\"slide\" data-date=\"2021-05-07 12:53:28\" data-filename=\"index3.webp\" data-slide-type=\"image\"><img loading=\"lazy\" decoding=\"async\" src=\"https:\/\/gevelopers.com\/wp-content\/uploads\/2021\/05\/index3.webp\" height=\"300\" width=\"700\" alt=\"slider-index3-gevelopers\" class=\"slider-981 slide-984 msDefaultImage\" title=\"slider-index3-gevelopers\" \/><\/li>\n            <\/ul>\n        <\/div>\n        \n    <\/div>\n<\/div><\/div>\n<\/div>\n<\/div>\n\n\n\n<h5 class=\"wp-block-heading\">Nous livrons des produits de qualit\u00e9 qui respectent le budget pr\u00e9d\u00e9fini en identifiant et en s&#039;adaptant aux changements beaucoup plus t\u00f4t dans l&#039;ensemble du processus, en \u00e9vitant une \u00e9tape irr\u00e9versible o\u00f9 le co\u00fbt des changements est plus \u00e9lev\u00e9.<\/h5>\n\n\n\n<div style=\"height:50px\" aria-hidden=\"true\" class=\"wp-block-spacer\"><\/div>\n\n\n\n<p class=\"has-text-align-center\">Le processus<\/p>\n\n\n\n<h2 class=\"has-text-align-center wp-block-heading\">Comment \u00e7a fonctionne?<\/h2>\n\n\n\n<div class=\"wp-block-columns is-layout-flex wp-container-core-columns-is-layout-9d6595d7 wp-block-columns-is-layout-flex\">\n<div class=\"wp-block-column is-layout-flow wp-block-column-is-layout-flow\">\n<p class=\"has-text-align-center\">Pour chaque atelier, nous affectons un analyste d\u00e9di\u00e9, un designer UI\/UX et une \u00e9quipe technique qui travaillent avec vous, pour rendre pleinement justice \u00e0 vos id\u00e9es avec les solutions les plus pertinentes et techniquement avanc\u00e9es.<\/p>\n\n\n\n<center><img decoding=\"async\" src=\"https:\/\/gevelopers.com\/wp-content\/uploads\/2021\/05\/design-how-it-work-gevelopers.webp\" alt=\"concevoir-comment-\u00e7a-fonctionner-gevelopers\"><\/center>\n<\/div>\n<\/div>\n\n\n\n<div class=\"wp-block-columns is-layout-flex wp-container-core-columns-is-layout-9d6595d7 wp-block-columns-is-layout-flex\">\n<div class=\"wp-block-column is-layout-flow wp-block-column-is-layout-flow\">\n<img decoding=\"async\" src=\"https:\/\/gevelopers.com\/wp-content\/uploads\/2021\/05\/img-process-discover-device-gevelopers.webp\" alt=\"img-process-discover-device-gevelopers\">\n<\/div>\n\n\n\n<div class=\"wp-block-column is-layout-flow wp-block-column-is-layout-flow\">\n<p>Public cible, march\u00e9 et probl\u00e8me<\/p>\n\n\n\n<h3 class=\"wp-block-heading\" id=\"analysis\">D\u00e9couvrir &amp; Concevoir<\/h3>\n\n\n\n<h4 class=\"wp-block-heading\">Analyse de march\u00e9<\/h4>\n\n\n\n<p>Passez en revue ce qui a d\u00e9j\u00e0 \u00e9t\u00e9 fait par des solutions similaires sur le march\u00e9 et am\u00e9liorez l&#039;exp\u00e9rience<\/p>\n\n\n\n<h4 class=\"wp-block-heading\">Conditions<\/h4>\n\n\n\n<p>Identifier les besoins fondamentaux et la vision de la solution avec des sessions de brainstorming \u00e9labor\u00e9es<\/p>\n\n\n\n<h4 class=\"wp-block-heading\">Conceptualisation<\/h4>\n\n\n\n<p>Identifier le probl\u00e8me commercial principal \u00e0 r\u00e9soudre en gardant les utilisateurs finaux au centre<\/p>\n<\/div>\n<\/div>\n\n\n\n<div style=\"height:50px\" aria-hidden=\"true\" class=\"wp-block-spacer\"><\/div>\n\n\n\n<div class=\"wp-block-columns is-layout-flex wp-container-core-columns-is-layout-9d6595d7 wp-block-columns-is-layout-flex\">\n<div class=\"wp-block-column is-layout-flow wp-block-column-is-layout-flow\">\n<p>Plan du noyau<\/p>\n\n\n\n<h3 class=\"wp-block-heading\" id=\"wireframe\">D\u00e9finir et affiner<\/h3>\n\n\n\n<h4 class=\"wp-block-heading\">Carte mentale<\/h4>\n\n\n\n<p>Concevoir une architecture de l&#039;information avec des modules et des activit\u00e9s cl\u00e9s dans une hi\u00e9rarchie logique<\/p>\n\n\n\n<h4 class=\"wp-block-heading\">Parcours utilisateur<\/h4>\n\n\n\n<p>Analyse heuristique du comportement des utilisateurs en travaillant en amont pour concevoir les \u00e9l\u00e9ments que les utilisateurs anticipent<\/p>\n\n\n\n<h4 class=\"wp-block-heading\">Filaire<\/h4>\n\n\n\n<p>Repr\u00e9sentation conceptuelle bas\u00e9e sur des blocs pour d\u00e9couvrir la repr\u00e9sentation visuelle des \u00e9l\u00e9ments d&#039;information cl\u00e9s<\/p>\n<\/div>\n\n\n\n<div class=\"wp-block-column is-layout-flow wp-block-column-is-layout-flow\">\n<img decoding=\"async\" src=\"https:\/\/gevelopers.com\/wp-content\/uploads\/2021\/05\/img-process-define-refine-gevelopers-1.webp\" alt=\"d\u00e9finir-affiner-gevelopers\">\n<\/div>\n<\/div>\n\n\n\n<div style=\"height:50px\" aria-hidden=\"true\" class=\"wp-block-spacer\"><\/div>\n\n\n\n<div class=\"wp-block-columns is-layout-flex wp-container-core-columns-is-layout-9d6595d7 wp-block-columns-is-layout-flex\">\n<div class=\"wp-block-column is-layout-flow wp-block-column-is-layout-flow\">\n<img decoding=\"async\" src=\"https:\/\/gevelopers.com\/wp-content\/uploads\/2021\/05\/img-process-ui-ux1.webp\" alt=\"img-process-ui-ux-gevelopers\">\n<\/div>\n\n\n\n<div class=\"wp-block-column is-layout-flow wp-block-column-is-layout-flow\">\n<p>Interface, exp\u00e9rience et visuels<\/p>\n\n\n\n<h3 class=\"wp-block-heading\" id=\"design\">Conception UI \/ UX<\/h3>\n\n\n\n<h4 class=\"wp-block-heading\">Interface<\/h4>\n\n\n\n<p>Cr\u00e9ation chirurgicale de beaux pixels pour cr\u00e9er une interface visuellement attrayante d&#039;\u00e9crans pertinents<\/p>\n\n\n\n<h4 class=\"wp-block-heading\">Exp\u00e9rience num\u00e9rique<\/h4>\n\n\n\n<p>Cr\u00e9er une conception fonctionnelle en orchestrant soigneusement l&#039;interface, les informations et l&#039;interaction<\/p>\n\n\n\n<h4 class=\"wp-block-heading\">Conception objective<\/h4>\n\n\n\n<p>Cr\u00e9er un design qui a non seulement l&#039;air \u00e9poustouflant, mais qui s&#039;attache \u00e9galement \u00e0 r\u00e9soudre le c\u0153ur du probl\u00e8me<\/p>\n<\/div>\n<\/div>\n\n\n\n<div style=\"height:50px\" aria-hidden=\"true\" class=\"wp-block-spacer\"><\/div>\n\n\n\n<div class=\"wp-block-columns is-layout-flex wp-container-core-columns-is-layout-9d6595d7 wp-block-columns-is-layout-flex\">\n<div class=\"wp-block-column is-layout-flow wp-block-column-is-layout-flow\">\n<h3 class=\"wp-block-heading\">Le design n&#039;est pas \u00e0 quoi il ressemble. Mais comment \u00e7a marche.<\/h3>\n\n\n\n<p>\u2013 Steve Jobs<\/p>\n\n\n\n<p>Les syst\u00e8mes complexes sont faciles \u00e0 cr\u00e9er. Il faut une approche chirurgicale pour cr\u00e9er des conceptions fonctionnelles qui permettent aux utilisateurs de se sentir bien lorsqu&#039;ils utilisent le Web\/un logiciel ou une application.<\/p>\n\n\n\n<p>La cr\u00e9ation d&#039;interfaces simples et significatives sur plusieurs \u00e9crans n\u00e9cessite une orchestration minutieuse de tous les ingr\u00e9dients cl\u00e9s.<\/p>\n<\/div>\n\n\n\n<div class=\"wp-block-column is-layout-flow wp-block-column-is-layout-flow\">\n<img decoding=\"async\" src=\"https:\/\/gevelopers.com\/wp-content\/uploads\/2021\/05\/design-quote-artwork-img1.svg\" alt=\"design-devis-artwork-gevelopers\">\n<\/div>\n<\/div>\n\n\n\n<div class=\"wp-block-columns is-layout-flex wp-container-core-columns-is-layout-9d6595d7 wp-block-columns-is-layout-flex\">\n<div class=\"wp-block-column is-layout-flow wp-block-column-is-layout-flow\">\n<img decoding=\"async\" src=\"https:\/\/gevelopers.com\/wp-content\/uploads\/2021\/05\/img-process-handover-gevelopers.webp\" alt=\"img-process-handover-gevelopers\" >\n<\/div>\n\n\n\n<div class=\"wp-block-column is-layout-flow wp-block-column-is-layout-flow\">\n<p>De la d\u00e9couverte au d\u00e9veloppement<\/p>\n\n\n\n<h3 class=\"wp-block-heading\">Remettre<\/h3>\n\n\n\n<h4 class=\"wp-block-heading\">Passer de la d\u00e9couverte au d\u00e9veloppement<\/h4>\n\n\n\n<p>Le processus de transfert - quelle que soit l&#039;\u00e9quipe technique, ils agissent comme un catalyseur pour poursuivre le m\u00eame \u00e9lan et la m\u00eame profondeur du concept \u00e0 concevoir. Ceci est assur\u00e9 par une conception visuelle dans les moindres d\u00e9tails, un flux fonctionnel et des directives de conception pr\u00eates \u00e0 \u00eatre exp\u00e9di\u00e9es sous forme de lot.<\/p>\n<\/div>\n<\/div>\n\n\n\n<div class=\"wp-block-columns is-layout-flex wp-container-core-columns-is-layout-9d6595d7 wp-block-columns-is-layout-flex\">\n<div class=\"wp-block-column is-layout-flow wp-block-column-is-layout-flow\">\n<p class=\"has-text-align-center\">Id\u00e9es cl\u00e9s<\/p>\n\n\n\n<h2 class=\"has-text-align-center wp-block-heading\">Bon \u00e0 savoir<\/h2>\n\n\n\n<div class=\"wp-block-columns is-layout-flex wp-container-core-columns-is-layout-9d6595d7 wp-block-columns-is-layout-flex\">\n<div class=\"wp-block-column is-layout-flow wp-block-column-is-layout-flow\">\n<p>Chaque atelier peut \u00eatre personnalis\u00e9 en fonction de l&#039;endroit o\u00f9 vous en \u00eates avec vos exigences.<\/p>\n<\/div>\n\n\n\n<div class=\"wp-block-column is-layout-flow wp-block-column-is-layout-flow\">\n<p>Tout commence par une phase de brainstorming et d&#039;analyse dirig\u00e9e par des experts en la mati\u00e8re.<\/p>\n<\/div>\n\n\n\n<div class=\"wp-block-column is-layout-flow wp-block-column-is-layout-flow\">\n<p>Les wireframes sont suivis et sont bas\u00e9s sur les exigences recueillies par les analystes.<\/p>\n<\/div>\n<\/div>\n<\/div>\n<\/div>\n\n\n\n<div class=\"wp-block-columns is-layout-flex wp-container-core-columns-is-layout-9d6595d7 wp-block-columns-is-layout-flex\">\n<div class=\"wp-block-column is-layout-flow wp-block-column-is-layout-flow\">\n<p>Les conceptions d&#039;interface utilisateur sont toujours bas\u00e9es sur les wireframes d\u00e9riv\u00e9s et les parcours utilisateurs identifi\u00e9s.<\/p>\n<\/div>\n\n\n\n<div class=\"wp-block-column is-layout-flow wp-block-column-is-layout-flow\">\n<p>Pour chaque partie prenante du syst\u00e8me, un flux d&#039;interface utilisateur distinct avec des \u00e9crans d\u00e9taill\u00e9s doit \u00eatre cr\u00e9\u00e9.<\/p>\n<\/div>\n\n\n\n<div class=\"wp-block-column is-layout-flow wp-block-column-is-layout-flow\">\n<p>Apr\u00e8s les conceptions d&#039;interface utilisateur - un prototype interactif contenant des conceptions doit \u00eatre pr\u00e9sent\u00e9<\/p>\n<\/div>\n<\/div>\n\n\n\n<div class=\"wp-block-columns is-layout-flex wp-container-core-columns-is-layout-9d6595d7 wp-block-columns-is-layout-flex\">\n<div class=\"wp-block-column is-layout-flow wp-block-column-is-layout-flow\">\n<p>Chaque phase est pr\u00e9c\u00e9d\u00e9e de l&#039;\u00e9tape pr\u00e9c\u00e9dente, telle qu&#039;elle est d\u00e9crite dans le mod\u00e8le d&#039;atelier.<\/p>\n<\/div>\n\n\n\n<div class=\"wp-block-column is-layout-flow wp-block-column-is-layout-flow\">\n<p>Nous sommes tout \u00e0 fait d&#039;accord pour sauter une \u00e9tape de l&#039;atelier si c&#039;est quelque chose que vous avez d\u00e9j\u00e0 r\u00e9alis\u00e9 OU que vous pouvez r\u00e9aliser par vous-m\u00eame.<\/p>\n<\/div>\n\n\n\n<div class=\"wp-block-column is-layout-flow wp-block-column-is-layout-flow\">\n<p>Nous travaillons avec toutes les bo\u00eetes \u00e0 outils modernes, par exemple Sketch, Invision et parfois divers autres outils tels que Principal, Flinto et Adobe XD<\/p>\n<\/div>\n<\/div>","protected":false},"excerpt":{"rendered":"<p>Simple design is a complex process. We simplify it by focusing on Challenges and Solutions followed by building functional user&#8230;<\/p>","protected":false},"author":1,"featured_media":261,"parent":0,"menu_order":0,"comment_status":"closed","ping_status":"closed","template":"","meta":{"footnotes":""},"class_list":["post-948","page","type-page","status-publish","has-post-thumbnail","hentry"],"_links":{"self":[{"href":"https:\/\/gevelopers.com\/fr\/wp-json\/wp\/v2\/pages\/948","targetHints":{"allow":["GET"]}}],"collection":[{"href":"https:\/\/gevelopers.com\/fr\/wp-json\/wp\/v2\/pages"}],"about":[{"href":"https:\/\/gevelopers.com\/fr\/wp-json\/wp\/v2\/types\/page"}],"author":[{"embeddable":true,"href":"https:\/\/gevelopers.com\/fr\/wp-json\/wp\/v2\/users\/1"}],"replies":[{"embeddable":true,"href":"https:\/\/gevelopers.com\/fr\/wp-json\/wp\/v2\/comments?post=948"}],"version-history":[{"count":0,"href":"https:\/\/gevelopers.com\/fr\/wp-json\/wp\/v2\/pages\/948\/revisions"}],"wp:featuredmedia":[{"embeddable":true,"href":"https:\/\/gevelopers.com\/fr\/wp-json\/wp\/v2\/media\/261"}],"wp:attachment":[{"href":"https:\/\/gevelopers.com\/fr\/wp-json\/wp\/v2\/media?parent=948"}],"curies":[{"name":"wp","href":"https:\/\/api.w.org\/{rel}","templated":true}]}}