{"id":1037,"date":"2021-05-07T17:16:55","date_gmt":"2021-05-07T17:16:55","guid":{"rendered":"https:\/\/gevelopers.com\/?page_id=1037"},"modified":"2021-07-23T07:23:07","modified_gmt":"2021-07-23T07:23:07","slug":"devops","status":"publish","type":"page","link":"https:\/\/gevelopers.com\/it\/devops\/","title":{"rendered":"Servizi DevOps: automazione per un rilascio pi\u00f9 rapido"},"content":{"rendered":"<p class=\"has-text-align-center\">Ingegneri DevOps | Fornitori di servizi DevOps | DevOps agili<\/p>\n\n\n\n<h4 class=\"has-text-align-center wp-block-heading\">Al giorno d&#039;oggi disporre di build continue e progressive per la distribuzione delle applicazioni: \u00e8 essenziale nel mondo digitale di oggi che un sistema IT efficiente si unisca perfettamente al flusso di lavoro e al business di sviluppo.<\/h4>\n\n\n\n<p class=\"has-text-align-center\">Gevelopers, un&#039;azienda leader nella fornitura di servizi di consulenza e servizi DevOps, consente di fornire applicazioni di grandi dimensioni al ritmo del business del cliente con una natura in evoluzione dello sviluppo con servizi Agile DevOps per automatizzare la consegna continua, suddivisa in ecosistema e flusso di lavoro operativo predittivi, ben organizzati e coerenti.<\/p>\n\n\n\n<div class=\"wp-block-columns is-layout-flex wp-container-core-columns-is-layout-9d6595d7 wp-block-columns-is-layout-flex\">\n<div class=\"wp-block-column is-layout-flow wp-block-column-is-layout-flow\">\n<p class=\"has-text-align-center\">Gestione dell&#039;infrastruttura<br>Gestione della configurazione<br>Configurazione dell&#039;ambiente<br>Integrazione continua<\/p>\n<\/div>\n\n\n\n<div class=\"wp-block-column is-layout-flow wp-block-column-is-layout-flow\">\n<p class=\"has-text-align-center\">Monitoraggio continuo<br>Automazione dei test<br>Costruisci l&#039;automazione<br>Consegna continua<\/p>\n<\/div>\n<\/div>\n\n\n\n<div class=\"wp-block-columns is-layout-flex wp-container-core-columns-is-layout-9d6595d7 wp-block-columns-is-layout-flex\">\n<div class=\"wp-block-column is-layout-flow wp-block-column-is-layout-flow\">\n<h2 class=\"has-text-align-center wp-block-heading\" id=\"setup\">Pianificazione strategica e impostazione<\/h2>\n\n\n\n<p class=\"has-text-align-center\">La nostra strategia di orchestrazione DevOps efficiente e ben pianificata rende questo possibile combinando obiettivi aziendali, toolchain, team di sviluppo e operativi insieme a processi IT automatizzati e semplificati con la consulenza di esperti DevOps.<\/p>\n<\/div>\n<\/div>\n\n\n\n<div class=\"wp-block-columns is-layout-flex wp-container-core-columns-is-layout-9d6595d7 wp-block-columns-is-layout-flex\">\n<div class=\"wp-block-column is-layout-flow wp-block-column-is-layout-flow\">\n<center><img decoding=\"async\" src=\"https:\/\/gevelopers.com\/wp-content\/uploads\/2021\/05\/devops-setup-gevelopers.svg\" alt=\"devops-setup-gevelopers\" ><\/center>\n<\/div>\n<\/div>\n\n\n\n<div class=\"wp-block-columns is-layout-flex wp-container-core-columns-is-layout-9d6595d7 wp-block-columns-is-layout-flex\">\n<div class=\"wp-block-column is-layout-flow wp-block-column-is-layout-flow\">\n<h2 class=\"wp-block-heading\" id=\"automation\">Pianificazione continua<\/h2>\n\n\n\n<p>La pianificazione continua coinvolge consulenti DevOps esperti che fissano aspettative e traguardi valutando i processi e i sistemi esistenti per definire una strategia completa. Per ottenere un&#039;automazione DevOps senza interruzioni, utilizziamo strumenti software e framework leader del settore come Docker, Puppet, Selenium, ecc.<\/p>\n\n\n\n<ul class=\"wp-block-list\"><li>Fissare obiettivi e traguardi<\/li><li>Processo di valutazione completo<\/li><li>Roadmap strategica<\/li><li>Illustrazione della tabella di marcia<\/li><\/ul>\n<\/div>\n\n\n\n<div class=\"wp-block-column is-layout-flow wp-block-column-is-layout-flow\">\n<h2 class=\"wp-block-heading\">Integrazione continua<\/h2>\n\n\n\n<p>L&#039;integrazione continua garantisce che il codice pi\u00f9 aggiornato e convalidato sia sempre prontamente disponibile per gli sviluppatori. CI aiuta a prevenire costosi ritardi nello sviluppo consentendo a pi\u00f9 sviluppatori di lavorare con sicurezza sullo stesso codice sorgente, piuttosto che aspettare di integrare sezioni separate di codice contemporaneamente il giorno del rilascio.<\/p>\n\n\n\n<ul class=\"wp-block-list\"><li>Convalida del codice<\/li><li>Architettura tecnica<\/li><li>Stretta collaborazione<\/li><li>Prevenzione del ritardo<\/li><\/ul>\n<\/div>\n<\/div>\n\n\n\n<div class=\"wp-block-columns is-layout-flex wp-container-core-columns-is-layout-9d6595d7 wp-block-columns-is-layout-flex\">\n<div class=\"wp-block-column is-layout-flow wp-block-column-is-layout-flow\">\n<h2 class=\"wp-block-heading\" id=\"continuous-delivery\">Consegna continua<\/h2>\n\n\n\n<p>Continuous Delivery (CD) \u00e8 una pratica di sviluppo software in cui le modifiche al codice di vari membri del team vengono preparate automaticamente per il rilascio nell&#039;ambiente di produzione. Pratichiamo la distribuzione continua utilizzando AWS CodePipeline, che ti consente di creare un flusso di lavoro che crea codice in AWS CodeBuild, esegue test automatizzati e distribuisce codice.<\/p>\n\n\n\n<ul class=\"wp-block-list\"><li>Identificazione dei fattori di rischio<\/li><li>Test di automazione<\/li><li>Cambio gestione<\/li><li>Gestione dei rilasci<\/li><li>Ottimizzazione delle prestazioni<\/li><\/ul>\n<\/div>\n\n\n\n<div class=\"wp-block-column is-layout-flow wp-block-column-is-layout-flow\">\n<h2 class=\"wp-block-heading\">Monitoraggio continuo<\/h2>\n\n\n\n<p>Il monitoraggio DevOps aiuta a identificare deviazioni di prestazioni, problemi di disponibilit\u00e0 e problemi di correttezza funzionale prima che influiscano sugli utenti finali. Le nostre politiche di monitoraggio chiave includono il controllo dell&#039;ambiente di pre-produzione e di produzione insieme agli strumenti di monitoraggio delle applicazioni (APM) che coprono il monitoraggio Web, API e dell&#039;infrastruttura.<\/p>\n\n\n\n<ul class=\"wp-block-list\"><li>Feedback continuo<\/li><li>Allineare le aspettative del cliente<\/li><li>Monitoraggio continuo generale<\/li><li>Raggiungimento degli obiettivi aziendali<\/li><li>Monitoraggio della funzionalit\u00e0<\/li><\/ul>\n<\/div>\n<\/div>\n\n\n\n<h2 class=\"has-text-align-center wp-block-heading\" id=\"monitoring\">Flusso di lavoro AWS CI<\/h2>\n\n\n\n<p class=\"has-text-align-center\">Combiniamo le pratiche DevOps con i servizi AWS, per creare e distribuire prodotti in modo pi\u00f9 rapido e affidabile.<\/p>\n\n\n\n<div class=\"wp-block-columns is-layout-flex wp-container-core-columns-is-layout-9d6595d7 wp-block-columns-is-layout-flex\">\n<div class=\"wp-block-column is-layout-flow wp-block-column-is-layout-flow\">\n<center><img decoding=\"async\" src=\"https:\/\/gevelopers.com\/wp-content\/uploads\/2021\/05\/img-devops-aws-black.webp\" alt=\"img-devops-aws-black-gevelopers\" ><\/center>\n<\/div>\n<\/div>\n\n\n\n<h2 class=\"has-text-align-center wp-block-heading\">Flusso di lavoro della CI di Azure<\/h2>\n\n\n\n<p class=\"has-text-align-center\">Collabora allo sviluppo del software tramite il controllo del codice sorgente, il monitoraggio del lavoro e l&#039;integrazione e la distribuzione continue utilizzando l&#039;implementazione cloud e locale di Azure DevOps Services.<\/p>\n\n\n\n<div class=\"wp-block-columns is-layout-flex wp-container-core-columns-is-layout-9d6595d7 wp-block-columns-is-layout-flex\">\n<div class=\"wp-block-column is-layout-flow wp-block-column-is-layout-flow\">\n<center><img decoding=\"async\" src=\"https:\/\/gevelopers.com\/wp-content\/uploads\/2021\/05\/devops-azure-img-black.webp\" alt=\"devops-azure-img-black-gevelopers\" ><\/center>\n<\/div>\n<\/div>\n\n\n\n<h2 class=\"has-text-align-center wp-block-heading\">IaaS che usiamo<\/h2>\n\n\n\n<p class=\"has-text-align-center\">Collaboriamo con i principali fornitori di infrastrutture e servizi DevOps.<\/p>\n\n\n\n<div class=\"wp-block-columns is-layout-flex wp-container-core-columns-is-layout-9d6595d7 wp-block-columns-is-layout-flex\">\n<div class=\"wp-block-column is-layout-flow wp-block-column-is-layout-flow\">\n<center><img decoding=\"async\" src=\"https:\/\/gevelopers.com\/wp-content\/uploads\/2021\/05\/infrastructure-service-img1.svg\" alt=\"servizio-infrastruttura-img-gevelopers\" ><\/center>\n<\/div>\n<\/div>\n\n\n\n<h2 class=\"has-text-align-center wp-block-heading\">Perch\u00e9 DevOps?<\/h2>\n\n\n\n<div class=\"wp-block-columns is-layout-flex wp-container-core-columns-is-layout-9d6595d7 wp-block-columns-is-layout-flex\">\n<div class=\"wp-block-column is-layout-flow wp-block-column-is-layout-flow\">\n<h3 class=\"wp-block-heading\">Strategia di rilascio efficiente<\/h3>\n\n\n\n<p>Potenzia la distribuzione continua con orchestrazione bilanciata e convogliamento dei rami di sviluppo nel flusso di lavoro di produzione.<\/p>\n\n\n\n<h3 class=\"wp-block-heading\">Qualit\u00e0<\/h3>\n\n\n\n<p>Identifica gli errori prima che gli utenti finali li vedano, imponendo controlli di qualit\u00e0 automatizzati e riducendo i difetti durante l&#039;intero percorso di sviluppo.<\/p>\n<\/div>\n\n\n\n<div class=\"wp-block-column is-layout-flow wp-block-column-is-layout-flow\">\n<h3 class=\"wp-block-heading\">Portata<\/h3>\n\n\n\n<p>Maggiore produttivit\u00e0 rilasciando funzioni business-critical su larga scala e nuove funzionalit\u00e0 pi\u00f9 velocemente rispetto al ciclo tradizionale.<\/p>\n\n\n\n<h3 class=\"wp-block-heading\">Stabilit\u00e0<\/h3>\n\n\n\n<p>L&#039;astrazione della versione di sviluppo e produzione si traduce in un controllo della versione pi\u00f9 stabile e nella disponibilit\u00e0 di modifiche nei casi di rollback.<\/p>\n<\/div>\n<\/div>\n\n\n\n<div class=\"wp-block-columns is-layout-flex wp-container-core-columns-is-layout-9d6595d7 wp-block-columns-is-layout-flex\">\n<div class=\"wp-block-column is-layout-flow wp-block-column-is-layout-flow\">\n<h2 class=\"has-text-align-center wp-block-heading\">Perch\u00e9 Gevelopers?<\/h2>\n<\/div>\n<\/div>\n\n\n\n<div class=\"wp-block-columns is-layout-flex wp-container-core-columns-is-layout-9d6595d7 wp-block-columns-is-layout-flex\">\n<div class=\"wp-block-column is-layout-flow wp-block-column-is-layout-flow\">\n<img decoding=\"async\" src=\"https:\/\/gevelopers.com\/wp-content\/uploads\/2021\/05\/ic-devops-experience1.svg\" alt=\"devops-experience-gevelopers\" >\n\n\n\n<h3 class=\"wp-block-heading\">Anni di esperienza<\/h3>\n\n\n\n<p>Vantiamo decenni di esperienza nel trattare con i principali fornitori di infrastrutture e flussi di lavoro di distribuzione delle applicazioni per una variet\u00e0 di progetti.<\/p>\n<\/div>\n\n\n\n<div class=\"wp-block-column is-layout-flow wp-block-column-is-layout-flow\">\n<img decoding=\"async\" src=\"https:\/\/gevelopers.com\/wp-content\/uploads\/2021\/05\/ic-devops-engeneers1.svg\" alt=\"devops-engeneers-gevelopers\" >\n\n\n\n<h3 class=\"wp-block-heading\">Ingegneri formati<\/h3>\n\n\n\n<p>I membri del nostro team sono dotati di principi DevOps e aderiscono agli standard del flusso di lavoro fin dalle prime fasi del ciclo di vita dello sviluppo del progetto.<\/p>\n<\/div>\n\n\n\n<div class=\"wp-block-column is-layout-flow wp-block-column-is-layout-flow\">\n<img decoding=\"async\" src=\"https:\/\/gevelopers.com\/wp-content\/uploads\/2021\/05\/ic-devops-enterprise1.svg\" alt=\"devops-enterprise-gevelopers\" >\n\n\n\n<h3 class=\"wp-block-heading\">Scelto dalle grandi imprese<\/h3>\n\n\n\n<p>Vantiamo una forte esperienza nell&#039;allineamento con l&#039;infrastruttura aziendale, DevOps e altri cicli di integrazione di estrema variet\u00e0 e casi d&#039;uso.<\/p>\n<\/div>\n<\/div>\n\n\n\n<p><\/p>","protected":false},"excerpt":{"rendered":"<p>DevOps Engineers | DevOps Service Providers | Agile DevOps In the modern-day to have continuous and progressive builds for application&#8230;<\/p>","protected":false},"author":1,"featured_media":261,"parent":0,"menu_order":0,"comment_status":"closed","ping_status":"closed","template":"","meta":{"footnotes":""},"class_list":["post-1037","page","type-page","status-publish","has-post-thumbnail","hentry"],"_links":{"self":[{"href":"https:\/\/gevelopers.com\/it\/wp-json\/wp\/v2\/pages\/1037","targetHints":{"allow":["GET"]}}],"collection":[{"href":"https:\/\/gevelopers.com\/it\/wp-json\/wp\/v2\/pages"}],"about":[{"href":"https:\/\/gevelopers.com\/it\/wp-json\/wp\/v2\/types\/page"}],"author":[{"embeddable":true,"href":"https:\/\/gevelopers.com\/it\/wp-json\/wp\/v2\/users\/1"}],"replies":[{"embeddable":true,"href":"https:\/\/gevelopers.com\/it\/wp-json\/wp\/v2\/comments?post=1037"}],"version-history":[{"count":0,"href":"https:\/\/gevelopers.com\/it\/wp-json\/wp\/v2\/pages\/1037\/revisions"}],"wp:featuredmedia":[{"embeddable":true,"href":"https:\/\/gevelopers.com\/it\/wp-json\/wp\/v2\/media\/261"}],"wp:attachment":[{"href":"https:\/\/gevelopers.com\/it\/wp-json\/wp\/v2\/media?parent=1037"}],"curies":[{"name":"wp","href":"https:\/\/api.w.org\/{rel}","templated":true}]}}