{"id":1144,"date":"2021-05-08T14:49:03","date_gmt":"2021-05-08T14:49:03","guid":{"rendered":"https:\/\/gevelopers.com\/?page_id=1144"},"modified":"2021-07-23T07:03:12","modified_gmt":"2021-07-23T07:03:12","slug":"virtual-reality-apps","status":"publish","type":"page","link":"https:\/\/gevelopers.com\/it\/virtual-reality-apps\/","title":{"rendered":"Immaginazione convergente con la realt\u00e0"},"content":{"rendered":"<div class=\"wp-block-columns is-layout-flex wp-container-core-columns-is-layout-9d6595d7 wp-block-columns-is-layout-flex\">\n<div class=\"wp-block-column is-layout-flow wp-block-column-is-layout-flow\">\n<p class=\"has-text-align-center\">Essendo un&#039;azienda leader nello sviluppo di app VR, creiamo esperienze coinvolgenti su cuffie popolari per casi d&#039;uso e giochi aziendali.<\/p>\n<\/div>\n<\/div>\n\n\n\n<div class=\"wp-block-columns is-layout-flex wp-container-core-columns-is-layout-9d6595d7 wp-block-columns-is-layout-flex\">\n<div class=\"wp-block-column is-layout-flow wp-block-column-is-layout-flow\">\n<h2 class=\"wp-block-heading\">La realt\u00e0 virtuale \u00e8 il livello successivo della fantascienza: \u00e8 reale.<\/h2>\n<\/div>\n\n\n\n<div class=\"wp-block-column is-layout-flow wp-block-column-is-layout-flow\">\n<p>Il concetto di base delle app VR \u00e8 quello di consentire agli utenti di sperimentare uno spazio 3D virtuale attraverso l&#039;interazione digitale e basata sui gesti.<\/p>\n\n\n\n<p>Con il mondo della realt\u00e0 aumentata, virtuale e mista in rapida crescita nello spazio digitale, l&#039;intero meccanismo per fornire un&#039;esperienza interattiva ha raggiunto nuove vette. Con metodi di interazione personalizzati e ricchi, \u00e8 pi\u00f9 facile per un brand, un&#039;azienda o un settore verticale specifico avere app per gli utenti che imitano il mondo o l&#039;ambiente reale.<\/p>\n<\/div>\n<\/div>\n\n\n\n<div class=\"wp-block-columns is-layout-flex wp-container-core-columns-is-layout-9d6595d7 wp-block-columns-is-layout-flex\">\n<div class=\"wp-block-column is-layout-flow wp-block-column-is-layout-flow\">\n<center><img decoding=\"async\" src=\"https:\/\/gevelopers.com\/wp-content\/uploads\/2021\/05\/img-vr-service-banner.webp\" alt=\"banner-servizio-vr\"><\/center>\n<\/div>\n<\/div>\n\n\n\n<div class=\"wp-block-columns is-layout-flex wp-container-core-columns-is-layout-9d6595d7 wp-block-columns-is-layout-flex\">\n<div class=\"wp-block-column is-layout-flow wp-block-column-is-layout-flow\">\n<h2 class=\"wp-block-heading\">VR per il tuo business<\/h2>\n<\/div>\n<\/div>\n\n\n\n<div class=\"wp-block-columns is-layout-flex wp-container-core-columns-is-layout-9d6595d7 wp-block-columns-is-layout-flex\">\n<div class=\"wp-block-column is-layout-flow wp-block-column-is-layout-flow\">\n<img decoding=\"async\" src=\"https:\/\/gevelopers.com\/wp-content\/uploads\/2021\/05\/ic-vr-defense1.svg\" alt=\"vr-defense-gevelopers\">\n\n\n\n<h4 class=\"wp-block-heading\">Difesa<\/h4>\n\n\n\n<p>Esperienza di vita reale per l&#039;addestramento del personale della difesa o per mostrare i dettagli tecnici di un&#039;arma.<\/p>\n<\/div>\n\n\n\n<div class=\"wp-block-column is-layout-flow wp-block-column-is-layout-flow\">\n<img decoding=\"async\" src=\"https:\/\/gevelopers.com\/wp-content\/uploads\/2021\/05\/ic-vr-healthcare1.svg\" alt=\"vr-healthcare\">\n\n\n\n<h4 class=\"wp-block-heading\">Assistenza sanitaria<\/h4>\n\n\n\n<p>Simulazione realistica della procedura medica e pratica dei passaggi<\/p>\n<\/div>\n\n\n\n<div class=\"wp-block-column is-layout-flow wp-block-column-is-layout-flow\">\n<img decoding=\"async\" src=\"https:\/\/gevelopers.com\/wp-content\/uploads\/2021\/05\/ic-vr-manufacturing1.svg\" alt=\"vr-produzione\">\n\n\n\n<h4 class=\"wp-block-heading\">Produzione<\/h4>\n\n\n\n<p>Costruisci l&#039;esperienza del prodotto finale o una demo per spiegare la catena di montaggio<\/p>\n<\/div>\n<\/div>\n\n\n\n<div class=\"wp-block-columns is-layout-flex wp-container-core-columns-is-layout-9d6595d7 wp-block-columns-is-layout-flex\">\n<div class=\"wp-block-column is-layout-flow wp-block-column-is-layout-flow\">\n<img decoding=\"async\" src=\"https:\/\/gevelopers.com\/wp-content\/uploads\/2021\/05\/ic-vr-vr-games1.svg\" alt=\"vr-games-gevelopers\">\n\n\n\n<h4 class=\"wp-block-heading\">Giochi VR<\/h4>\n\n\n\n<p>Realizziamo giochi interattivi basati su un&#039;esperienza 3D realistica per generi diversi.<\/p>\n<\/div>\n\n\n\n<div class=\"wp-block-column is-layout-flow wp-block-column-is-layout-flow\">\n<img decoding=\"async\" src=\"https:\/\/gevelopers.com\/wp-content\/uploads\/2021\/05\/ic-vr-sports-training1.svg\" alt=\"vr-sport-formazione-gevelopers\">\n\n\n\n<h4 class=\"wp-block-heading\">Allenamento sportivo<\/h4>\n\n\n\n<p>Crea un&#039;esperienza sportiva realistica per l&#039;allenamento guidato dalla fisica<\/p>\n<\/div>\n\n\n\n<div class=\"wp-block-column is-layout-flow wp-block-column-is-layout-flow\">\n<img decoding=\"async\" src=\"https:\/\/gevelopers.com\/wp-content\/uploads\/2021\/05\/ic-vr-education1.svg\" alt=\"vr-education-gevelopers\">\n\n\n\n<h4 class=\"wp-block-heading\">Formazione scolastica<\/h4>\n\n\n\n<p>Crea app di apprendimento interattive per studenti e formazione a distanza<\/p>\n<\/div>\n<\/div>\n\n\n\n<div class=\"wp-block-columns is-layout-flex wp-container-core-columns-is-layout-9d6595d7 wp-block-columns-is-layout-flex\">\n<div class=\"wp-block-column is-layout-flow wp-block-column-is-layout-flow\">\n<h2 class=\"has-text-align-center wp-block-heading\">Le nostre tecnologie principali per lo sviluppo di app di realt\u00e0 virtuale<\/h2>\n\n\n\n<div class=\"wp-block-columns is-layout-flex wp-container-core-columns-is-layout-9d6595d7 wp-block-columns-is-layout-flex\">\n<div class=\"wp-block-column is-layout-flow wp-block-column-is-layout-flow\">\n<center><img decoding=\"async\" src=\"https:\/\/gevelopers.com\/wp-content\/uploads\/2021\/05\/Unreal_Engine_Logo1.svg\" alt=\"irreale-motore-gevelopers\"><\/center>\n<\/div>\n\n\n\n<div class=\"wp-block-column is-layout-flow wp-block-column-is-layout-flow\">\n<center><img decoding=\"async\" src=\"https:\/\/gevelopers.com\/wp-content\/uploads\/2021\/05\/Unity_Technologies_logo1.svg\" alt=\"unity-tech-gevelopers\"><\/center>\n<\/div>\n\n\n\n<div class=\"wp-block-column is-layout-flow wp-block-column-is-layout-flow\">\n<center><img decoding=\"async\" src=\"https:\/\/gevelopers.com\/wp-content\/uploads\/2021\/05\/samsung-gear-vr-gevelopers.svg\" alt=\"samsung-gear-gevelopers\"><\/center>\n<\/div>\n\n\n\n<div class=\"wp-block-column is-layout-flow wp-block-column-is-layout-flow\">\n<center><img decoding=\"async\" src=\"https:\/\/gevelopers.com\/wp-content\/uploads\/2021\/05\/ic-technology-oculus-full1.svg\" alt=\"oculus-gevelopers\"><\/center>\n<\/div>\n\n\n\n<div class=\"wp-block-column is-layout-flow wp-block-column-is-layout-flow\">\n<center><img decoding=\"async\" src=\"https:\/\/gevelopers.com\/wp-content\/uploads\/2021\/05\/vive-logo.svg\" alt=\"vive-gevelopers\"><\/center>\n<\/div>\n\n\n\n<div class=\"wp-block-column is-layout-flow wp-block-column-is-layout-flow\">\n<center><img decoding=\"async\" src=\"https:\/\/gevelopers.com\/wp-content\/uploads\/2021\/05\/daydream.svg\" alt=\"daydream-gevelopers\"><\/center>\n<\/div>\n<\/div>\n<\/div>\n<\/div>\n\n\n\n<div class=\"wp-block-columns is-layout-flex wp-container-core-columns-is-layout-9d6595d7 wp-block-columns-is-layout-flex\">\n<div class=\"wp-block-column is-layout-flow wp-block-column-is-layout-flow\">\n<h2 class=\"has-text-align-center wp-block-heading\">Riflettori sul settore<\/h2>\n\n\n\n<div class=\"wp-block-columns is-layout-flex wp-container-core-columns-is-layout-9d6595d7 wp-block-columns-is-layout-flex\">\n<div class=\"wp-block-column is-layout-flow wp-block-column-is-layout-flow\">\n<center><img decoding=\"async\" src=\"https:\/\/gevelopers.com\/wp-content\/uploads\/2021\/05\/tab-img-automotivate.webp\" alt=\"img-automotivate-vr-gevelopers\" class=\"wp-image-1169\"><\/center>\n\n\n\n<h2 class=\"has-text-align-center wp-block-heading\">Settore automobilistico<\/h2>\n\n\n\n<p class=\"has-text-align-center\">Una demo fotorealistica dell&#039;interno e dell&#039;esterno dell&#039;auto con personalizzazioni e modifica per l&#039;esperienza di pre-acquisto del modello di cura<\/p>\n\n\n\n<div class=\"wp-block-columns is-layout-flex wp-container-core-columns-is-layout-9d6595d7 wp-block-columns-is-layout-flex\">\n<div class=\"wp-block-column is-layout-flow wp-block-column-is-layout-flow\">\n<center><img decoding=\"async\" src=\"https:\/\/gevelopers.com\/wp-content\/uploads\/2021\/05\/tab-img-automotivate-1.webp\" alt=\"automobili-gevelopers\"><\/center>\n<\/div>\n<\/div>\n<\/div>\n<\/div>\n<\/div>\n<\/div>\n\n\n\n<div class=\"wp-block-columns is-layout-flex wp-container-core-columns-is-layout-9d6595d7 wp-block-columns-is-layout-flex\">\n<div class=\"wp-block-column is-layout-flow wp-block-column-is-layout-flow\">\n<h2 class=\"has-text-align-center wp-block-heading\">Giochi<\/h2>\n\n\n\n<p class=\"has-text-align-center\">Un gioco interattivo FPS (sparatutto in prima persona) che sfida l&#039;utente a mirare e sparare. Ambiente multiplo con riprese guidate da joystick.<\/p>\n<\/div>\n<\/div>\n\n\n\n<div class=\"wp-block-columns is-layout-flex wp-container-core-columns-is-layout-9d6595d7 wp-block-columns-is-layout-flex\">\n<div class=\"wp-block-column is-layout-flow wp-block-column-is-layout-flow\">\n<center><img decoding=\"async\" src=\"https:\/\/gevelopers.com\/wp-content\/uploads\/2021\/07\/FPS-gevelopers.webp\" alt=\"fps-gevelopers\"><\/center>\n<\/div>\n<\/div>","protected":false},"excerpt":{"rendered":"<p>Being a leading VR app development company, we build immersive experiences on popular headsets for enterprise use cases and games&#8230;.<\/p>","protected":false},"author":1,"featured_media":0,"parent":0,"menu_order":0,"comment_status":"closed","ping_status":"closed","template":"","meta":{"footnotes":""},"class_list":["post-1144","page","type-page","status-publish","hentry"],"_links":{"self":[{"href":"https:\/\/gevelopers.com\/it\/wp-json\/wp\/v2\/pages\/1144","targetHints":{"allow":["GET"]}}],"collection":[{"href":"https:\/\/gevelopers.com\/it\/wp-json\/wp\/v2\/pages"}],"about":[{"href":"https:\/\/gevelopers.com\/it\/wp-json\/wp\/v2\/types\/page"}],"author":[{"embeddable":true,"href":"https:\/\/gevelopers.com\/it\/wp-json\/wp\/v2\/users\/1"}],"replies":[{"embeddable":true,"href":"https:\/\/gevelopers.com\/it\/wp-json\/wp\/v2\/comments?post=1144"}],"version-history":[{"count":0,"href":"https:\/\/gevelopers.com\/it\/wp-json\/wp\/v2\/pages\/1144\/revisions"}],"wp:attachment":[{"href":"https:\/\/gevelopers.com\/it\/wp-json\/wp\/v2\/media?parent=1144"}],"curies":[{"name":"wp","href":"https:\/\/api.w.org\/{rel}","templated":true}]}}