{"id":1966,"date":"2021-05-25T23:08:43","date_gmt":"2021-05-25T23:08:43","guid":{"rendered":"https:\/\/gevelopers.com\/?page_id=1966"},"modified":"2021-07-23T08:05:34","modified_gmt":"2021-07-23T08:05:34","slug":"flutter-app-development-company","status":"publish","type":"page","link":"https:\/\/gevelopers.com\/it\/flutter-app-development-company\/","title":{"rendered":"Azienda di sviluppo app Flutter"},"content":{"rendered":"<div style=\"height:50px\" aria-hidden=\"true\" class=\"wp-block-spacer\"><\/div>\n\n\n\n<div class=\"wp-block-media-text alignwide has-media-on-the-right is-stacked-on-mobile\"><figure class=\"wp-block-media-text__media\"><img decoding=\"async\" src=\"https:\/\/gevelopers.com\/wp-content\/uploads\/2021\/05\/tech-mobile-flutter-app1.webp\" alt=\"tech-mobile-flutter-app-gevelopers\" class=\"wp-image-1970 size-full\"\/><\/figure><div class=\"wp-block-media-text__content\">\n<p>Azienda leader nello sviluppo di app Flutter che offre applicazioni Android e iOS potenti, intuitive e robuste nel pi\u00f9 breve tempo possibile utilizzando l&#039;SDK mobile open source. Gevelopers dispone di un pool per assumere sviluppatori Flutter che sviluppano app mobili con un&#039;esperienza utente completamente funzionale, ricca e fluida. Assumi sviluppatori Flutter dedicati alle migliori tariffe per i servizi di sviluppo di app Flutter premium per la tua idea di app mobile. <\/p>\n\n\n\n<div class=\"wp-block-buttons is-layout-flex wp-block-buttons-is-layout-flex\">\n<div class=\"wp-block-button\"><a class=\"wp-block-button__link\" href=\"https:\/\/gevelopers.com\/it\/get-started\/\">Parliamo<\/a><\/div>\n<\/div>\n<\/div><\/div>\n\n\n\n<div style=\"height:50px\" aria-hidden=\"true\" class=\"wp-block-spacer\"><\/div>\n\n\n\n<h5 class=\"has-text-align-center wp-block-heading\">Perch\u00e9 siamo rinomati come a<\/h5>\n\n\n\n<h2 class=\"has-text-align-center wp-block-heading\">Azienda leader nello sviluppo di app Flutter<\/h2>\n\n\n\n<div class=\"wp-block-media-text alignwide is-stacked-on-mobile\"><figure class=\"wp-block-media-text__media\"><img loading=\"lazy\" decoding=\"async\" width=\"300\" height=\"232\" src=\"https:\/\/gevelopers.com\/wp-content\/uploads\/2021\/05\/approch-slide-img-11.svg\" alt=\"approch-slide-img-1-gevelopers\" class=\"wp-image-1786 size-full\"\/><\/figure><div class=\"wp-block-media-text__content\">\n<h4 class=\"wp-block-heading\">Competenza nello sviluppo di app Flutter<\/h4>\n\n\n\n<p>Utilizzando un unico codice utilizzando l&#039;SDK Flutter di Google, i nostri sviluppatori creano applicazioni mobili ibride utilizzando Google Fuchsia. Assumi sviluppatori Flutter che possano aiutarti a delineare la soluzione pi\u00f9 intelligente e veloce per il tuo progetto di sviluppo multipiattaforma e realizzare le aspettative che aspiri per loro.\n<\/p>\n<\/div><\/div>\n\n\n\n<div class=\"wp-block-media-text alignwide is-stacked-on-mobile\"><figure class=\"wp-block-media-text__media\"><img loading=\"lazy\" decoding=\"async\" width=\"320\" height=\"179\" src=\"https:\/\/gevelopers.com\/wp-content\/uploads\/2021\/05\/approch-slide-img-21.svg\" alt=\"approch-slide-img-2-gevelopers\" class=\"wp-image-1790 size-full\"\/><\/figure><div class=\"wp-block-media-text__content\">\n<h4 class=\"wp-block-heading\">Controlli di qualit\u00e0 senza compromessi<\/h4>\n\n\n\n<p>Essendo una delle migliori societ\u00e0 di sviluppo di app React Native, per garantire risultati di qualit\u00e0, i nostri Quality Analyst (QA) eseguono controlli di qualit\u00e0 dedicati e rigorosi a ogni livello di sviluppo di app ibride. Il nostro team di controllo qualit\u00e0 utilizza tecniche di test automatizzate e manuali per verificare che il prodotto finale sia perfettamente funzionante, compatibile, impeccabile, privo di bug e di facile utilizzo.<\/p>\n<\/div><\/div>\n\n\n\n<div class=\"wp-block-media-text alignwide is-stacked-on-mobile\"><figure class=\"wp-block-media-text__media\"><img loading=\"lazy\" decoding=\"async\" width=\"300\" height=\"230\" src=\"https:\/\/gevelopers.com\/wp-content\/uploads\/2021\/05\/approch-slide-img-31.svg\" alt=\"approch-slide-img-3-gevelopers\" class=\"wp-image-1793 size-full\"\/><\/figure><div class=\"wp-block-media-text__content\">\n<h4 class=\"wp-block-heading\">Soluzioni per app Flutter<\/h4>\n\n\n\n<p>Con il framework Flutter, \u00e8 pi\u00f9 facile per i nostri sviluppatori Android\/iOS portare la propria creativit\u00e0 utilizzando le API per 2D e altre animazioni. Sfruttando Flutter SDK, sviluppiamo soluzioni di app ibride per diversi settori come e-commerce, istruzione ed e-learning, media, banche, viaggi e altro ancora.<\/p>\n<\/div><\/div>\n\n\n\n<div class=\"wp-block-media-text alignwide is-stacked-on-mobile\"><figure class=\"wp-block-media-text__media\"><img loading=\"lazy\" decoding=\"async\" width=\"320\" height=\"171\" src=\"https:\/\/gevelopers.com\/wp-content\/uploads\/2021\/05\/approch-slide-img-41.svg\" alt=\"approch-slide-img-4-gevelopers\" class=\"wp-image-1796 size-full\"\/><\/figure><div class=\"wp-block-media-text__content\">\n<h4 class=\"wp-block-heading\">Assumi sviluppatori Flutter<\/h4>\n\n\n\n<p>Il nostro approccio orientato al cliente ci aiuta a conoscere le diverse esigenze aziendali nel corso degli anni. Assumi sviluppatori Flutter dedicati da Gevelopers utilizzando i nostri modelli di coinvolgimento flessibili e ottieni il controllo sul tuo progetto di sviluppo di app mobili multipiattaforma. Ottieni immediatamente un vantaggio competitivo tramite i nostri servizi di sviluppo di app Flutter, dalla consulenza precisa allo sviluppo di qualit\u00e0, all&#039;implementazione e oltre.<\/p>\n<\/div><\/div>\n\n\n\n<div style=\"height:50px\" aria-hidden=\"true\" class=\"wp-block-spacer\"><\/div>\n\n\n\n<p class=\"has-text-align-center\">Cosa offriamo<\/p>\n\n\n\n<h2 class=\"has-text-align-center wp-block-heading\">Servizi di sviluppo di app Flutter di qualit\u00e0<\/h2>\n\n\n\n<div class=\"wp-block-columns is-layout-flex wp-container-core-columns-is-layout-9d6595d7 wp-block-columns-is-layout-flex\">\n<div class=\"wp-block-column is-layout-flow wp-block-column-is-layout-flow\">\n<h3 class=\"wp-block-heading\">Sviluppo di app Flutter personalizzate<\/h3>\n\n\n\n<p>Dai PoC all&#039;app di livello aziendale a tutti gli effetti, offriamo servizi di sviluppo di app Flutter per applicazioni iOS e Android.<\/p>\n<\/div>\n\n\n\n<div class=\"wp-block-column is-layout-flow wp-block-column-is-layout-flow\">\n<h3 class=\"wp-block-heading\">Progettazione UI\/UX per app Flutter<\/h3>\n\n\n\n<p>Con Cupertino (iOS) e Material Design (Android), creiamo app Android\/iOS reattive con un&#039;interfaccia utente espressiva e caricamento rapido.<\/p>\n<\/div>\n\n\n\n<div class=\"wp-block-column is-layout-flow wp-block-column-is-layout-flow\">\n<h3 class=\"wp-block-heading\">Integrazione AI e ML per le app Flutter<\/h3>\n\n\n\n<p>Infondiamo la potenza dell&#039;intelligenza artificiale e del machine learning allo sviluppo di Flutter per aggiungere intelligenza alle app per semplificare le interazioni uomo-macchina.<\/p>\n<\/div>\n<\/div>\n\n\n\n<div class=\"wp-block-columns is-layout-flex wp-container-core-columns-is-layout-9d6595d7 wp-block-columns-is-layout-flex\">\n<div class=\"wp-block-column is-layout-flow wp-block-column-is-layout-flow\">\n<h3 class=\"wp-block-heading\">Integrazione di API di terze parti<\/h3>\n\n\n\n<p>Sviluppiamo e integriamo API lato server per applicazioni mobili multipiattaforma in base ai requisiti aziendali personalizzati.<\/p>\n<\/div>\n\n\n\n<div class=\"wp-block-column is-layout-flow wp-block-column-is-layout-flow\">\n<h3 class=\"wp-block-heading\">Test e debug delle applicazioni<\/h3>\n\n\n\n<p>Controllo e registrazione completi vengono eseguiti regolarmente per garantire che la codifica sia efficiente e priva di bug che soddisfi le aspettative del cliente.<\/p>\n<\/div>\n\n\n\n<div class=\"wp-block-column is-layout-flow wp-block-column-is-layout-flow\">\n<h3 class=\"wp-block-heading\">Manutenzione e supporto dell&#039;app<\/h3>\n\n\n\n<p>Forniamo sistemi di contratto e servizi di supporto per rendere le app Flutter attive e funzionanti in ogni momento con piena reattivit\u00e0.<\/p>\n<\/div>\n<\/div>\n\n\n\n<div style=\"height:50px\" aria-hidden=\"true\" class=\"wp-block-spacer\"><\/div>\n\n\n\n<p class=\"has-text-align-center\">SERVIZI GEVELOPERS<\/p>\n\n\n\n<h2 class=\"has-text-align-center wp-block-heading\">Guardando uno spettro pi\u00f9 ampio<\/h2>\n\n\n\n<div class=\"wp-block-columns is-layout-flex wp-container-core-columns-is-layout-9d6595d7 wp-block-columns-is-layout-flex\">\n<div class=\"wp-block-column is-layout-flow wp-block-column-is-layout-flow\">\n<center><img decoding=\"async\" src=\"https:\/\/gevelopers.com\/wp-content\/uploads\/2021\/05\/services-landing-img-11.svg\" alt=\"servizi-atterraggio-img-11-gevelopers\" style=\"width:300px;height:300px\"><\/center>\n\n\n\n<h4 class=\"has-text-align-center wp-block-heading\">Sviluppo di applicazioni mobili<\/h4>\n\n\n\n<p class=\"has-text-align-center\">Sviluppo app iOS e Android per smartphone e tablet con grande attenzione al design.<\/p>\n<\/div>\n\n\n\n<div class=\"wp-block-column is-layout-flow wp-block-column-is-layout-flow\">\n<center><img decoding=\"async\" src=\"https:\/\/gevelopers.com\/wp-content\/uploads\/2021\/05\/services-landing-img-21.svg\" alt=\"servizi-atterraggio-img-21-gevelopers\" style=\"width:300px;height:300px\"><\/center>\n\n\n\n<h4 class=\"has-text-align-center wp-block-heading\">Sviluppo Web personalizzato<\/h4>\n\n\n\n<p class=\"has-text-align-center\">Sviluppo di siti Web responsive con controllo completo dei contenuti e scalabilit\u00e0.<\/p>\n<\/div>\n\n\n\n<div class=\"wp-block-column is-layout-flow wp-block-column-is-layout-flow\">\n<center><img decoding=\"async\" src=\"https:\/\/gevelopers.com\/wp-content\/uploads\/2021\/05\/services-landing-img-31.svg\" alt=\"servizi-atterraggio-img-31-gevelopers\" style=\"width:300px;height:300px\"><\/center>\n\n\n\n<h4 class=\"has-text-align-center wp-block-heading\">Sviluppo di giochi per dispositivi mobili<\/h4>\n\n\n\n<p class=\"has-text-align-center\">Sviluppo di giochi 2D e 3D coinvolgenti su piattaforme iOS e Android che generano entrate.<\/p>\n<\/div>\n<\/div>\n\n\n\n<div class=\"wp-block-columns is-layout-flex wp-container-core-columns-is-layout-9d6595d7 wp-block-columns-is-layout-flex\">\n<div class=\"wp-block-column is-layout-flow wp-block-column-is-layout-flow\">\n<center><img decoding=\"async\" src=\"https:\/\/gevelopers.com\/wp-content\/uploads\/2021\/05\/services-landing-img-41.svg\" alt=\"servizi-atterraggio-img-41-gevelopers\" style=\"width:300px;height:300px\"><\/center>\n\n\n\n<h4 class=\"has-text-align-center wp-block-heading\">Servizi di marketing digitale<\/h4>\n\n\n\n<p class=\"has-text-align-center\">Intero stack di marketing online con focus su contenuti, creativit\u00e0, social media e digitale.<\/p>\n<\/div>\n\n\n\n<div class=\"wp-block-column is-layout-flow wp-block-column-is-layout-flow\">\n<center><img decoding=\"async\" src=\"https:\/\/gevelopers.com\/wp-content\/uploads\/2021\/05\/services-landing-img-51.svg\" alt=\"servizi-atterraggio-img-51-gevelopers\" style=\"width:300px;height:300px\"><\/center>\n\n\n\n<h4 class=\"has-text-align-center wp-block-heading\">Progettazione dell&#039;interfaccia utente \/ Servizi creativi<\/h4>\n\n\n\n<p class=\"has-text-align-center\">Progettazione di interfacce utente e design straordinari che diano identit\u00e0 ed esperienza uniche.<\/p>\n<\/div>\n\n\n\n<div class=\"wp-block-column is-layout-flow wp-block-column-is-layout-flow\">\n<center><img decoding=\"async\" src=\"https:\/\/gevelopers.com\/wp-content\/uploads\/2021\/05\/services-landing-img-61.svg\" alt=\"servizi-atterraggio-img-61-gevelopers\" style=\"width:300px;height:300px\"><\/center>\n\n\n\n<h4 class=\"has-text-align-center wp-block-heading\">Gestione dell&#039;infrastruttura cloud<\/h4>\n\n\n\n<p class=\"has-text-align-center\">Architetti cloud certificati AWS in grado di configurare e gestire l&#039;intera infrastruttura cloud.<\/p>\n<\/div>\n<\/div>\n\n\n\n<div class=\"wp-block-columns is-layout-flex wp-container-core-columns-is-layout-9d6595d7 wp-block-columns-is-layout-flex\">\n<div class=\"wp-block-column is-layout-flow wp-block-column-is-layout-flow\">\n<h3 class=\"has-text-align-center wp-block-heading\">Soluzioni aziendali<\/h3>\n\n\n\n<p class=\"has-text-align-center\">Elevare l&#039;esperienza aziendale sviluppando soluzioni innovative e di grande impatto per web, mobile e Internet con una ricca esperienza utente.<\/p>\n\n\n\n<center><img decoding=\"async\" src=\"https:\/\/gevelopers.com\/wp-content\/uploads\/2021\/05\/enterprice-solution1.webp\" alt=\"impresa-soluzione-gevelopers\"><\/center>\n\n\n\n<div style=\"height:25px\" aria-hidden=\"true\" class=\"wp-block-spacer\"><\/div>\n\n\n\n<div class=\"wp-block-columns is-layout-flex wp-container-core-columns-is-layout-9d6595d7 wp-block-columns-is-layout-flex\">\n<div class=\"wp-block-column is-layout-flow wp-block-column-is-layout-flow\">\n<p>Strategia mobile<\/p>\n\n\n\n<p>Mobilit\u00e0 aziendale<\/p>\n\n\n\n<p>Sistema ERP<\/p>\n<\/div>\n\n\n\n<div class=\"wp-block-column is-layout-flow wp-block-column-is-layout-flow\">\n<p>Gestione dei contenuti<\/p>\n\n\n\n<p>Consulenza Tecnica<\/p>\n\n\n\n<p>Piattaforme per app mobili<\/p>\n<\/div>\n<\/div>\n<\/div>\n\n\n\n<div class=\"wp-block-column is-layout-flow wp-block-column-is-layout-flow\">\n<h3 class=\"has-text-align-center wp-block-heading\">Soluzioni di avvio<\/h3>\n\n\n\n<p class=\"has-text-align-center\">Aiutiamo le startup di tutte le dimensioni, indipendentemente dalle loro fasi, a coltivare, costruire e far crescere le loro fantastiche idee su dispositivi mobili e web.<\/p>\n\n\n\n<center><img decoding=\"async\" src=\"https:\/\/gevelopers.com\/wp-content\/uploads\/2021\/05\/startup-solution1.webp\" alt=\"startup-solution-gevelopers\"><\/center>\n\n\n\n<div style=\"height:25px\" aria-hidden=\"true\" class=\"wp-block-spacer\"><\/div>\n\n\n\n<div class=\"wp-block-columns is-layout-flex wp-container-core-columns-is-layout-9d6595d7 wp-block-columns-is-layout-flex\">\n<div class=\"wp-block-column is-layout-flow wp-block-column-is-layout-flow\">\n<p>Idea per prototipo<\/p>\n\n\n\n<p>Lancio MVP<\/p>\n\n\n\n<p>Servizio di sviluppo<\/p>\n<\/div>\n\n\n\n<div class=\"wp-block-column is-layout-flow wp-block-column-is-layout-flow\">\n<p>Crea macchina di lancio<\/p>\n\n\n\n<p>Supporto e manutenzione<\/p>\n\n\n\n<p>Partnership azionarie<\/p>\n<\/div>\n<\/div>\n<\/div>\n<\/div>\n\n\n\n<div style=\"height:50px\" aria-hidden=\"true\" class=\"wp-block-spacer\"><\/div>\n\n\n\n<p class=\"has-text-align-center\">Scelto da<\/p>\n\n\n\n<h2 class=\"has-text-align-center wp-block-heading\">Marchi famosi in tutto il mondo<\/h2>\n\n\n\n<div style=\"height:25px\" aria-hidden=\"true\" class=\"wp-block-spacer\"><\/div>\n\n\n\n<div class=\"wp-block-columns is-layout-flex wp-container-core-columns-is-layout-9d6595d7 wp-block-columns-is-layout-flex\">\n<div class=\"wp-block-column is-layout-flow wp-block-column-is-layout-flow\">\n<center><img decoding=\"async\" src=\"https:\/\/gevelopers.com\/wp-content\/uploads\/2021\/05\/logo-brand-black-oracle1.svg\" alt=\"logo-marchio-nero-oracle-gevelopers\" style=\"width:150px;height:55px\"><\/center>\n<\/div>\n\n\n\n<div class=\"wp-block-column is-layout-flow wp-block-column-is-layout-flow\">\n<center><img decoding=\"async\" src=\"https:\/\/gevelopers.com\/wp-content\/uploads\/2021\/05\/logo-cambridge-v31.svg\" alt=\"logo-cambridge-v3-gevelopers\" style=\"width:150px;height:55px\"><\/center>\n<\/div>\n\n\n\n<div class=\"wp-block-column is-layout-flow wp-block-column-is-layout-flow\">\n<center><img decoding=\"async\" src=\"https:\/\/gevelopers.com\/wp-content\/uploads\/2021\/05\/logo-brand-black-mumayizv21.svg\" alt=\"logo-marchio-nero-mumayizv2-gevelopers\" style=\"width:150px;height:50px\"><\/center>\n<\/div>\n\n\n\n<div class=\"wp-block-column is-layout-flow wp-block-column-is-layout-flow\">\n<center><img decoding=\"async\" src=\"https:\/\/gevelopers.com\/wp-content\/uploads\/2021\/05\/logo-brand-black-mtn1.svg\" alt=\"logo-marchio-nero-mtn-gevelopers\" style=\"width:150px;height:50px\"><\/center>\n<\/div>\n\n\n\n<div class=\"wp-block-column is-layout-flow wp-block-column-is-layout-flow\">\n<center><img decoding=\"async\" src=\"https:\/\/gevelopers.com\/wp-content\/uploads\/2021\/05\/logo-brand-black-mtu1.svg\" alt=\"logo-marchio-nero-mtu-gevelopers\" style=\"width:150px;height:50px\"><\/center>\n<\/div>\n<\/div>\n\n\n\n<div style=\"height:25px\" aria-hidden=\"true\" class=\"wp-block-spacer\"><\/div>\n\n\n\n<div class=\"wp-block-columns is-layout-flex wp-container-core-columns-is-layout-9d6595d7 wp-block-columns-is-layout-flex\">\n<div class=\"wp-block-column is-layout-flow wp-block-column-is-layout-flow\">\n<center><img decoding=\"async\" src=\"https:\/\/gevelopers.com\/wp-content\/uploads\/2021\/05\/logo-brand-black-bcg1.svg\" alt=\"logo-marchio-nero-bcg-gevelopers\" style=\"width:150px;height:50px\"><\/center>\n<\/div>\n\n\n\n<div class=\"wp-block-column is-layout-flow wp-block-column-is-layout-flow\">\n<center><img decoding=\"async\" src=\"https:\/\/gevelopers.com\/wp-content\/uploads\/2021\/05\/logo-brand-black-sanchobbdo1.svg\" alt=\"logo-marchio-nero-sanchobbdo-gevelopers\" style=\"width:150px;height:50px\"><\/center>\n<\/div>\n\n\n\n<div class=\"wp-block-column is-layout-flow wp-block-column-is-layout-flow\">\n<center><img decoding=\"async\" src=\"https:\/\/gevelopers.com\/wp-content\/uploads\/2021\/05\/logo-brand-black-gulfstream1.svg\" alt=\"logo-marchio-nero-gulfstream-gevelopers\" style=\"width:150px;height:50px\"><\/center>\n<\/div>\n\n\n\n<div class=\"wp-block-column is-layout-flow wp-block-column-is-layout-flow\">\n<center><img decoding=\"async\" src=\"https:\/\/gevelopers.com\/wp-content\/uploads\/2021\/05\/logo-brand-black-daman1.svg\" alt=\"logo-marchio-nero-daman-gevelopers\" style=\"width:150px;height:50px\"><\/center>\n<\/div>\n\n\n\n<div class=\"wp-block-column is-layout-flow wp-block-column-is-layout-flow\">\n<center><img decoding=\"async\" src=\"https:\/\/gevelopers.com\/wp-content\/uploads\/2021\/05\/logo-brand-black-astrazeneca1.svg\" alt=\"logo-marchio-nero-astrazeneca-gevelopers\" style=\"width:150px;height:50px\"><\/center>\n<\/div>\n<\/div>\n\n\n\n<div style=\"height:25px\" aria-hidden=\"true\" class=\"wp-block-spacer\"><\/div>\n\n\n\n<div class=\"wp-block-columns is-layout-flex wp-container-core-columns-is-layout-9d6595d7 wp-block-columns-is-layout-flex\">\n<div class=\"wp-block-column is-layout-flow wp-block-column-is-layout-flow\">\n<center><img decoding=\"async\" src=\"https:\/\/gevelopers.com\/wp-content\/uploads\/2021\/05\/logo-brand-black-vfsglobal1.svg\" alt=\"logo-marchio-nero-vfsglobal-gevelopers\" style=\"width:150px;height:50px\"><\/center>\n<\/div>\n\n\n\n<div class=\"wp-block-column is-layout-flow wp-block-column-is-layout-flow\">\n<center><img decoding=\"async\" src=\"https:\/\/gevelopers.com\/wp-content\/uploads\/2021\/05\/logo-brand-black-haas1.svg\" alt=\"logo-marchio-nero-haas-gevelopers\" style=\"width:150px;height:50px\"><\/center>\n<\/div>\n\n\n\n<div class=\"wp-block-column is-layout-flow wp-block-column-is-layout-flow\">\n<center><img decoding=\"async\" src=\"https:\/\/gevelopers.com\/wp-content\/uploads\/2021\/05\/logo-brand-black-tata1.svg\" alt=\"logo-marchio-nero-tata-gevelopers\" style=\"width:150px;height:50px\"><\/center>\n<\/div>\n\n\n\n<div class=\"wp-block-column is-layout-flow wp-block-column-is-layout-flow\">\n<center><img decoding=\"async\" src=\"https:\/\/gevelopers.com\/wp-content\/uploads\/2021\/05\/logo-brand-black-yahoo1.svg\" alt=\"logo-marchio-nero-yahoo-gevelopers\" style=\"width:150px;height:50px\"><\/center>\n<\/div>\n\n\n\n<div class=\"wp-block-column is-layout-flow wp-block-column-is-layout-flow\">\n<center><img decoding=\"async\" src=\"https:\/\/gevelopers.com\/wp-content\/uploads\/2021\/05\/logo-brand-black-smithfield1.svg\" alt=\"logo-marchio-black-smithfield-gevelopers\" style=\"width:150px;height:50px\"><\/center>\n<\/div>\n<\/div>\n\n\n\n<div style=\"height:25px\" aria-hidden=\"true\" class=\"wp-block-spacer\"><\/div>\n\n\n\n<div class=\"wp-block-columns is-layout-flex wp-container-core-columns-is-layout-9d6595d7 wp-block-columns-is-layout-flex\">\n<div class=\"wp-block-column is-layout-flow wp-block-column-is-layout-flow\">\n<center><img decoding=\"async\" src=\"https:\/\/gevelopers.com\/wp-content\/uploads\/2021\/05\/logo-brand-black-best-buy1.svg\" alt=\"logo-marchio-nero-best-buy-gevelopers\" style=\"width:150px;height:50px\"><\/center>\n<\/div>\n\n\n\n<div class=\"wp-block-column is-layout-flow wp-block-column-is-layout-flow\">\n<center><img decoding=\"async\" src=\"https:\/\/gevelopers.com\/wp-content\/uploads\/2021\/05\/logo-brand-black-essilor1.svg\" alt=\"logo-marchio-nero-essilor-gevelopers\" style=\"width:150px;height:50px\"><\/center>\n\n\n\n<p><\/p>\n<\/div>\n\n\n\n<div class=\"wp-block-column is-layout-flow wp-block-column-is-layout-flow\">\n<center><img decoding=\"async\" src=\"https:\/\/gevelopers.com\/wp-content\/uploads\/2021\/05\/logo-brand-black-cosmopolitan1.svg\" alt=\"logo-marchio-nero-cosmopolitan-gevelopers\" style=\"width:150px;height:50px\"><\/center>\n<\/div>\n\n\n\n<div class=\"wp-block-column is-layout-flow wp-block-column-is-layout-flow\">\n<center><img decoding=\"async\" src=\"https:\/\/gevelopers.com\/wp-content\/uploads\/2021\/05\/logo-brand-black-abbott1.svg\" alt=\"logo-marchio-nero-abbott-gevelopers\" style=\"width:150px;height:50px\"><\/center>\n<\/div>\n\n\n\n<div class=\"wp-block-column is-layout-flow wp-block-column-is-layout-flow\">\n<center><img decoding=\"async\" src=\"https:\/\/gevelopers.com\/wp-content\/uploads\/2021\/05\/logo-brand-black-unsw1.svg\" alt=\"logo-marchio-nero-unsw-gevelopers\" style=\"width:150px;height:50px\"><\/center>\n<\/div>\n<\/div>\n\n\n\n<div style=\"height:25px\" aria-hidden=\"true\" class=\"wp-block-spacer\"><\/div>\n\n\n\n<div class=\"wp-block-columns is-layout-flex wp-container-core-columns-is-layout-9d6595d7 wp-block-columns-is-layout-flex\">\n<div class=\"wp-block-column is-layout-flow wp-block-column-is-layout-flow\">\n<center><img decoding=\"async\" src=\"https:\/\/gevelopers.com\/wp-content\/uploads\/2021\/05\/logo-brand-black-lifetechnologies1.svg\" alt=\"logo-marchio-black-lifetechnologies-gevelopers\" style=\"width:150px;height:50px\"><\/center>\n<\/div>\n\n\n\n<div class=\"wp-block-column is-layout-flow wp-block-column-is-layout-flow\">\n<center><img decoding=\"async\" src=\"https:\/\/gevelopers.com\/wp-content\/uploads\/2021\/05\/logo-brand-black-jacksoncoker1.svg\" alt=\"logo-marchio-black-jacksoncoker-gevelopers\" style=\"width:150px;height:50px\"><\/center>\n<\/div>\n\n\n\n<div class=\"wp-block-column is-layout-flow wp-block-column-is-layout-flow\">\n<center><img decoding=\"async\" src=\"https:\/\/gevelopers.com\/wp-content\/uploads\/2021\/05\/logo-brand-black-mcdonalds1.svg\" alt=\"logo-marchio-nero-mcdonalds-gevelopers\" style=\"width:150px;height:50px\"><\/center>\n<\/div>\n\n\n\n<div class=\"wp-block-column is-layout-flow wp-block-column-is-layout-flow\">\n<center><img decoding=\"async\" src=\"https:\/\/gevelopers.com\/wp-content\/uploads\/2021\/05\/logo-brand-black-vodafone1.svg\" alt=\"logo-marchio-nero-vodafone-gevelopers\" style=\"width:150px;height:50px\"><\/center>\n<\/div>\n\n\n\n<div class=\"wp-block-column is-layout-flow wp-block-column-is-layout-flow\">\n<center><img decoding=\"async\" src=\"https:\/\/gevelopers.com\/wp-content\/uploads\/2021\/05\/logo-brand-black-adidas1.svg\" alt=\"logo-marchio-nero-adidas-gevelopers\" style=\"width:150px;height:50px\"><\/center>\n<\/div>\n<\/div>\n\n\n\n<div style=\"height:25px\" aria-hidden=\"true\" class=\"wp-block-spacer\"><\/div>\n\n\n\n<div class=\"wp-block-columns is-layout-flex wp-container-core-columns-is-layout-9d6595d7 wp-block-columns-is-layout-flex\">\n<div class=\"wp-block-column is-layout-flow wp-block-column-is-layout-flow\">\n<center><img decoding=\"async\" src=\"https:\/\/gevelopers.com\/wp-content\/uploads\/2021\/05\/logo-brand-black-ndtv1.svg\" alt=\"logo-marchio-nero-ndtv-gevelopers\" style=\"width:150px;height:50px\"><\/center>\n<\/div>\n\n\n\n<div class=\"wp-block-column is-layout-flow wp-block-column-is-layout-flow\">\n<center><img decoding=\"async\" src=\"https:\/\/gevelopers.com\/wp-content\/uploads\/2021\/05\/logo-brand-black-kotak1.svg\" alt=\"logo-marchio-nero-kotak-gevelopers\" style=\"width:150px;height:50px\"><\/center>\n<\/div>\n\n\n\n<div class=\"wp-block-column is-layout-flow wp-block-column-is-layout-flow\">\n<center><img decoding=\"async\" src=\"https:\/\/gevelopers.com\/wp-content\/uploads\/2021\/05\/logo-brand-black-macys1.svg\" alt=\"logo-marchio-nero-macys-gevelopers\" style=\"width:150px;height:50px\"><\/center>\n<\/div>\n\n\n\n<div class=\"wp-block-column is-layout-flow wp-block-column-is-layout-flow\">\n<center><img decoding=\"async\" src=\"https:\/\/gevelopers.com\/wp-content\/uploads\/2021\/05\/logo-brand-black-cartier1.svg\" alt=\"logo-marchio-nero-cartier-gevelopers\" style=\"width:150px;height:50px\"><\/center>\n<\/div>\n\n\n\n<div class=\"wp-block-column is-layout-flow wp-block-column-is-layout-flow\">\n<center><img decoding=\"async\" src=\"https:\/\/gevelopers.com\/wp-content\/uploads\/2021\/05\/logo-brand-black-rimac1.svg\" alt=\"logo-marchio-nero-rimac-gevelopers\" style=\"width:150px;height:50px\"><\/center>\n<\/div>\n<\/div>","protected":false},"excerpt":{"rendered":"<p>Why we are renowned as a Leading Flutter App Development Company Flutter App Development Expertise Using a single code using&#8230;<\/p>","protected":false},"author":1,"featured_media":0,"parent":0,"menu_order":0,"comment_status":"closed","ping_status":"closed","template":"","meta":{"footnotes":""},"class_list":["post-1966","page","type-page","status-publish","hentry"],"_links":{"self":[{"href":"https:\/\/gevelopers.com\/it\/wp-json\/wp\/v2\/pages\/1966","targetHints":{"allow":["GET"]}}],"collection":[{"href":"https:\/\/gevelopers.com\/it\/wp-json\/wp\/v2\/pages"}],"about":[{"href":"https:\/\/gevelopers.com\/it\/wp-json\/wp\/v2\/types\/page"}],"author":[{"embeddable":true,"href":"https:\/\/gevelopers.com\/it\/wp-json\/wp\/v2\/users\/1"}],"replies":[{"embeddable":true,"href":"https:\/\/gevelopers.com\/it\/wp-json\/wp\/v2\/comments?post=1966"}],"version-history":[{"count":0,"href":"https:\/\/gevelopers.com\/it\/wp-json\/wp\/v2\/pages\/1966\/revisions"}],"wp:attachment":[{"href":"https:\/\/gevelopers.com\/it\/wp-json\/wp\/v2\/media?parent=1966"}],"curies":[{"name":"wp","href":"https:\/\/api.w.org\/{rel}","templated":true}]}}