{"id":2475,"date":"2021-05-29T16:16:46","date_gmt":"2021-05-29T16:16:46","guid":{"rendered":"https:\/\/gevelopers.com\/?page_id=2475"},"modified":"2021-06-01T20:41:15","modified_gmt":"2021-06-01T20:41:15","slug":"database","status":"publish","type":"page","link":"https:\/\/gevelopers.com\/it\/database\/","title":{"rendered":"Competenza nella progettazione e gestione di database"},"content":{"rendered":"<p class=\"has-text-align-center\">Offrire servizi di progettazione e gestione di database esperti per startup e imprese per raggiungere i propri obiettivi in modo strategico. Le nostre soluzioni di database favoriscono l&#039;accesso ai dati in ogni momento per supportare le operazioni aziendali e il processo decisionale per risparmiare tempo e denaro.<\/p>\n\n\n\n<div style=\"height:50px\" aria-hidden=\"true\" class=\"wp-block-spacer\"><\/div>\n\n\n\n<h2 class=\"has-text-align-center wp-block-heading\">Tecnologie di database in cui eccelliamo<\/h2>\n\n\n\n<div style=\"height:25px\" aria-hidden=\"true\" class=\"wp-block-spacer\"><\/div>\n\n\n\n<div class=\"wp-block-columns is-layout-flex wp-container-core-columns-is-layout-9d6595d7 wp-block-columns-is-layout-flex\">\n<div class=\"wp-block-column is-layout-flow wp-block-column-is-layout-flow\">\n<img decoding=\"async\" src=\"https:\/\/gevelopers.com\/wp-content\/uploads\/2021\/05\/ic-technology-my-sql1.svg\" alt=\"tecnologia-my-sql-gevelopers\" style=\"width:85px;height:50px\">\n\n\n\n<h4 class=\"wp-block-heading\">Sviluppo di database MySQL<\/h4>\n\n\n\n<p>\u00c8 un software gratuito e aiuta davvero le aziende che cercano di gestire dati di grandi dimensioni a un prezzo accessibile insieme all&#039;integrazione con altri database.<\/p>\n\n\n\n<div class=\"wp-block-buttons is-layout-flex wp-block-buttons-is-layout-flex\">\n<div class=\"wp-block-button\"><a class=\"wp-block-button__link\" href=\"https:\/\/gevelopers.com\/it\/mysql-development-company\/\">Per saperne di pi\u00f9<\/a><\/div>\n<\/div>\n<\/div>\n\n\n\n<div class=\"wp-block-column is-layout-flow wp-block-column-is-layout-flow\">\n<img decoding=\"async\" src=\"https:\/\/gevelopers.com\/wp-content\/uploads\/2021\/06\/ic-database-technology-dynamodb1.svg\" alt=\"gevelopers-database-tecnologia-dynamodb\" style=\"width:50px;height:50px\">\n\n\n\n<h4 class=\"wp-block-heading\">Sviluppo DynamoDB<\/h4>\n\n\n\n<p>Creiamo DBMS utilizzando questo servizio per dispositivi mobili, Web, giochi, IoT e altre app che richiedono un accesso ai dati a bassa latenza per funzionalit\u00e0 pi\u00f9 veloci dell&#039;app.<\/p>\n\n\n\n<div class=\"wp-block-buttons is-layout-flex wp-block-buttons-is-layout-flex\">\n<div class=\"wp-block-button\"><a class=\"wp-block-button__link\" href=\"https:\/\/gevelopers.com\/it\/amazon-dynamodb-development-company\/\">Per saperne di pi\u00f9<\/a><\/div>\n<\/div>\n<\/div>\n<\/div>\n\n\n\n<div class=\"wp-block-columns is-layout-flex wp-container-core-columns-is-layout-9d6595d7 wp-block-columns-is-layout-flex\">\n<div class=\"wp-block-column is-layout-flow wp-block-column-is-layout-flow\">\n<img decoding=\"async\" src=\"https:\/\/gevelopers.com\/wp-content\/uploads\/2021\/06\/ic-database-technology-postgresql1.svg\" alt=\"gevelopers-database-tecnologia-postgresql\" style=\"width:50px;height:50px\">\n\n\n\n<h4 class=\"wp-block-heading\">Sviluppo di database PostgreSQL<\/h4>\n\n\n\n<p>Promuovere la mobilit\u00e0 aziendale con l&#039;applicazione ERP scalabile e il DBMS PostgreSQL per centralizzare, archiviare, recuperare e interpretare i dati con facilit\u00e0.<\/p>\n\n\n\n<div class=\"wp-block-buttons is-layout-flex wp-block-buttons-is-layout-flex\">\n<div class=\"wp-block-button\"><a class=\"wp-block-button__link\" href=\"https:\/\/gevelopers.com\/it\/postgresql-development-company\/\">Per saperne di pi\u00f9<\/a><\/div>\n<\/div>\n<\/div>\n\n\n\n<div class=\"wp-block-column is-layout-flow wp-block-column-is-layout-flow\">\n<img decoding=\"async\" src=\"https:\/\/gevelopers.com\/wp-content\/uploads\/2021\/05\/logo-brand-black-oracle1.svg\" alt=\"logo-marchio-nero-oracle-gevelopers\" style=\"width:85px;height:50px\">\n\n\n\n<h4 class=\"wp-block-heading\">Sviluppo di database Oracle<\/h4>\n\n\n\n<p>Gevelopers aiuta le aziende progettando RDBMS con Oracle in cui \u00e8 necessario l&#039;accesso a dati enormi con sicurezza e una variet\u00e0 di funzionalit\u00e0.<\/p>\n\n\n\n<div class=\"wp-block-buttons is-layout-flex wp-block-buttons-is-layout-flex\">\n<div class=\"wp-block-button\"><a class=\"wp-block-button__link\" href=\"https:\/\/gevelopers.com\/it\/oracle-database-application-development\/\">Per saperne di pi\u00f9<\/a><\/div>\n<\/div>\n<\/div>\n<\/div>\n\n\n\n<div class=\"wp-block-columns is-layout-flex wp-container-core-columns-is-layout-9d6595d7 wp-block-columns-is-layout-flex\">\n<div class=\"wp-block-column is-layout-flow wp-block-column-is-layout-flow\">\n<img decoding=\"async\" src=\"https:\/\/gevelopers.com\/wp-content\/uploads\/2021\/06\/ic-database-technology-firebase1.svg\" alt=\"database-tecnologia-firebase-gevelopers\" style=\"width:50px;height:50px\">\n\n\n\n<h4 class=\"wp-block-heading\">Sviluppo database Firebase<\/h4>\n\n\n\n<p>Trasformare i processi aziendali con una soluzione di database cloud che consente loro di andare in remoto e accedere ai dati direttamente dal cloud quando necessario.<\/p>\n\n\n\n<div class=\"wp-block-buttons is-layout-flex wp-block-buttons-is-layout-flex\">\n<div class=\"wp-block-button\"><a class=\"wp-block-button__link\" href=\"https:\/\/gevelopers.com\/it\/firebase-development-company\/\">Per saperne di pi\u00f9<\/a><\/div>\n<\/div>\n<\/div>\n\n\n\n<div class=\"wp-block-column is-layout-flow wp-block-column-is-layout-flow\">\n<img decoding=\"async\" src=\"https:\/\/gevelopers.com\/wp-content\/uploads\/2021\/05\/ic-technology-mango-db1.svg\" alt=\"tecnologia-mongo-db-gevelopers\" style=\"width:50px;height:50px\">\n\n\n\n<h4 class=\"wp-block-heading\">Sviluppo MongoDB<\/h4>\n\n\n\n<p>Lo usiamo per progettare un DBA che velocizzi la gestione dei documenti, la modifica, l&#039;elaborazione in tempo reale e l&#039;analisi su larga scala.<\/p>\n\n\n\n<div class=\"wp-block-buttons is-layout-flex wp-block-buttons-is-layout-flex\">\n<div class=\"wp-block-button\"><a class=\"wp-block-button__link\" href=\"https:\/\/gevelopers.com\/it\/mongodb-development-company\/\">Per saperne di pi\u00f9<\/a><\/div>\n<\/div>\n<\/div>\n<\/div>\n\n\n\n<div class=\"wp-block-columns is-layout-flex wp-container-core-columns-is-layout-9d6595d7 wp-block-columns-is-layout-flex\">\n<div class=\"wp-block-column is-layout-flow wp-block-column-is-layout-flow\">\n<img decoding=\"async\" src=\"https:\/\/gevelopers.com\/wp-content\/uploads\/2021\/05\/ic-database-technology-redis1.svg\" alt=\"gevelopers-database-tecnologia-redis\" style=\"width:50px;height:50px\">\n\n\n\n<h3 class=\"wp-block-heading\">Sviluppo database Redis<\/h3>\n\n\n\n<p>Utilizzando Redis, progetta un database per un&#039;app che implica una significativa manipolazione, analisi e estrazione dei dati da un&#039;altra fonte.<\/p>\n\n\n\n<div class=\"wp-block-buttons is-layout-flex wp-block-buttons-is-layout-flex\">\n<div class=\"wp-block-button\"><a class=\"wp-block-button__link\" href=\"https:\/\/gevelopers.com\/it\/redis-database-development-company\/\">Per saperne di pi\u00f9<\/a><\/div>\n<\/div>\n<\/div>\n\n\n\n<div class=\"wp-block-column is-layout-flow wp-block-column-is-layout-flow\">\n<img decoding=\"async\" src=\"https:\/\/gevelopers.com\/wp-content\/uploads\/2021\/05\/ic-technology-ms-sql1.svg\" alt=\"tecnologia-ms-sql-gevelopers\" style=\"width:50px;height:50px\">\n\n\n\n<h3 class=\"wp-block-heading\">Microsoft SQL Server<\/h3>\n\n\n\n<p>Se la tua azienda ha pi\u00f9 prodotti Microsoft e dati sensibili, configuriamo un database su cloud e server locali con accesso autorizzato.<\/p>\n\n\n\n<div class=\"wp-block-buttons is-layout-flex wp-block-buttons-is-layout-flex\">\n<div class=\"wp-block-button\"><a class=\"wp-block-button__link\" href=\"https:\/\/gevelopers.com\/it\/mysql-development-company\/\">Per saperne di pi\u00f9<\/a><\/div>\n<\/div>\n<\/div>\n<\/div>\n\n\n\n<div style=\"height:50px\" aria-hidden=\"true\" class=\"wp-block-spacer\"><\/div>\n\n\n\n<h2 class=\"has-text-align-center wp-block-heading\">Come pu\u00f2 aiutare Gevelopers?<\/h2>\n\n\n\n<p class=\"has-text-align-center\">Gevelopers ti aiuta a trovare lo strumento giusto per lo scopo specifico in base alle tue esigenze aziendali. I nostri ingegneri di database ti aiuteranno a implementare le ultime versioni mentre formano soluzioni di database conformi per diversi dipartimenti e unit\u00e0 funzionali, sia indipendentemente che unite secondo necessit\u00e0.<\/p>\n\n\n\n<p class=\"has-text-align-center\">Le nostre soluzioni di database per le aziende includono servizi end-to-end che includono piano DB strategico, progettazione, sviluppo, gestione, backup e ripristino, migrazione, servizi e supporto DBA remoti e soluzioni Big Data.<\/p>\n\n\n\n<div class=\"wp-block-columns is-layout-flex wp-container-core-columns-is-layout-9d6595d7 wp-block-columns-is-layout-flex\">\n<div class=\"wp-block-column is-layout-flow wp-block-column-is-layout-flow\">\n<center><img decoding=\"async\" src=\"https:\/\/gevelopers.com\/wp-content\/uploads\/2021\/05\/ic-database-technology-redis1.svg\" alt=\"gevelopers-database-tecnologia-redis\" style=\"width:50px;height:50px\"><\/center>\n<\/div>\n\n\n\n<div class=\"wp-block-column is-layout-flow wp-block-column-is-layout-flow\">\n<center><img decoding=\"async\" src=\"https:\/\/gevelopers.com\/wp-content\/uploads\/2021\/06\/ic-database-technology-firebase1.svg\" alt=\"database-tecnologia-firebase-gevelopers\" style=\"width:50px;height:50px\"><\/center>\n<\/div>\n\n\n\n<div class=\"wp-block-column is-layout-flow wp-block-column-is-layout-flow\">\n<center><img decoding=\"async\" src=\"https:\/\/gevelopers.com\/wp-content\/uploads\/2021\/05\/ic-technology-mango-db1.svg\" alt=\"tecnologia-mongo-db-gevelopers\" style=\"width:50px;height:50px\"><\/center>\n<\/div>\n\n\n\n<div class=\"wp-block-column is-layout-flow wp-block-column-is-layout-flow\">\n<center><img decoding=\"async\" src=\"https:\/\/gevelopers.com\/wp-content\/uploads\/2021\/06\/ic-database-technology-postgresql1.svg\" alt=\"gevelopers-database-tecnologia-postgresql\" style=\"width:50px;height:50px\"><\/center>\n<\/div>\n<\/div>\n\n\n\n<div style=\"height:25px\" aria-hidden=\"true\" class=\"wp-block-spacer\"><\/div>\n\n\n\n<center><img decoding=\"async\" src=\"https:\/\/gevelopers.com\/wp-content\/uploads\/2021\/06\/index-img-71.webp\"><\/center>\n\n\n\n<div style=\"height:50px\" aria-hidden=\"true\" class=\"wp-block-spacer\"><\/div>\n\n\n\n<h2 class=\"has-text-align-center wp-block-heading\">Ti aiutiamo a creare app per<\/h2>\n\n\n\n<div class=\"wp-block-columns is-layout-flex wp-container-core-columns-is-layout-9d6595d7 wp-block-columns-is-layout-flex\">\n<div class=\"wp-block-column is-layout-flow wp-block-column-is-layout-flow\">\n<img decoding=\"async\" src=\"https:\/\/gevelopers.com\/wp-content\/uploads\/2021\/05\/ic-mobile-app-development-enterprise1.svg\" alt=\"mobile-app-sviluppo-imprese-gevelopers\" style=\"width:50px;height:50px\">\n\n\n\n<h3 class=\"wp-block-heading\">Impresa<\/h3>\n\n\n\n<p>La nostra consulenza collaborativa sulla strategia mobile funge da catalizzatore nell&#039;ottimizzazione dei framework e dei processi IT con la roadmap mobile che \u00e8 allineata con gli scenari aziendali, le politiche e i sistemi attuali.<\/p>\n<\/div>\n\n\n\n<div class=\"wp-block-column is-layout-flow wp-block-column-is-layout-flow\">\n<img decoding=\"async\" src=\"https:\/\/gevelopers.com\/wp-content\/uploads\/2021\/05\/ic-business1.svg\" alt=\"business-gevelopers\" style=\"width:50px;height:50px\">\n\n\n\n<h3 class=\"wp-block-heading\">Affare<\/h3>\n\n\n\n<p>Mappiamo le esigenze e i casi d&#039;uso delle aziende per consentirle di rispondere rapidamente ai cambiamenti. Aiutiamo la tua organizzazione a mobilitare la comunicazione interdipartimentale, i flussi di lavoro e la disponibilit\u00e0 immediata delle informazioni.<\/p>\n<\/div>\n\n\n\n<div class=\"wp-block-column is-layout-flow wp-block-column-is-layout-flow\">\n<img decoding=\"async\" src=\"https:\/\/gevelopers.com\/wp-content\/uploads\/2021\/05\/ic-consumers1.svg\" alt=\"consumatori-gevelopers\" style=\"width:50px;height:50px\">\n\n\n\n<h3 class=\"wp-block-heading\">Consumatori<\/h3>\n\n\n\n<p>I nostri esperti mobili aiutano i marchi, le aziende e le organizzazioni della comunit\u00e0 a creare soluzioni applicative mobili scalabili che devono essere utilizzate quotidianamente dai consumatori globali, pi\u00f9 volte al giorno.<\/p>\n<\/div>\n<\/div>\n\n\n\n<p><\/p>","protected":false},"excerpt":{"rendered":"<p>Offering expert database design and management services for startups and enterprises to achieve their objectives in a strategic manner. Our&#8230;<\/p>","protected":false},"author":1,"featured_media":0,"parent":0,"menu_order":0,"comment_status":"closed","ping_status":"closed","template":"","meta":{"footnotes":""},"class_list":["post-2475","page","type-page","status-publish","hentry"],"_links":{"self":[{"href":"https:\/\/gevelopers.com\/it\/wp-json\/wp\/v2\/pages\/2475","targetHints":{"allow":["GET"]}}],"collection":[{"href":"https:\/\/gevelopers.com\/it\/wp-json\/wp\/v2\/pages"}],"about":[{"href":"https:\/\/gevelopers.com\/it\/wp-json\/wp\/v2\/types\/page"}],"author":[{"embeddable":true,"href":"https:\/\/gevelopers.com\/it\/wp-json\/wp\/v2\/users\/1"}],"replies":[{"embeddable":true,"href":"https:\/\/gevelopers.com\/it\/wp-json\/wp\/v2\/comments?post=2475"}],"version-history":[{"count":0,"href":"https:\/\/gevelopers.com\/it\/wp-json\/wp\/v2\/pages\/2475\/revisions"}],"wp:attachment":[{"href":"https:\/\/gevelopers.com\/it\/wp-json\/wp\/v2\/media?parent=2475"}],"curies":[{"name":"wp","href":"https:\/\/api.w.org\/{rel}","templated":true}]}}