{"id":2487,"date":"2021-06-01T10:44:09","date_gmt":"2021-06-01T10:44:09","guid":{"rendered":"https:\/\/gevelopers.com\/?page_id=2487"},"modified":"2021-07-23T13:41:16","modified_gmt":"2021-07-23T13:41:16","slug":"mysql-development-company","status":"publish","type":"page","link":"https:\/\/gevelopers.com\/it\/mysql-development-company\/","title":{"rendered":"Sviluppo di applicazioni PHP MySQL"},"content":{"rendered":"<div style=\"height:50px\" aria-hidden=\"true\" class=\"wp-block-spacer\"><\/div>\n\n\n\n<div class=\"wp-block-media-text alignwide has-media-on-the-right is-stacked-on-mobile\"><figure class=\"wp-block-media-text__media\"><img decoding=\"async\" src=\"https:\/\/gevelopers.com\/wp-content\/uploads\/2021\/06\/tech-database-mysql-development1.webp\" alt=\"tech-database-mysql-development-gevelopers\" class=\"wp-image-2491 size-full\"\/><\/figure><div class=\"wp-block-media-text__content\">\n<p>Azienda leader nello sviluppo di applicazioni MySQL con oltre due decenni di esperienza nella fornitura di applicazioni web e mobili ad alte prestazioni. Assumi sviluppatori MySQL da Gevelopers che sviluppano applicazioni aziendali dinamiche superiori basate su database sfruttando Java e PHP. <\/p>\n\n\n\n<div class=\"wp-block-buttons is-layout-flex wp-block-buttons-is-layout-flex\">\n<div class=\"wp-block-button\"><a class=\"wp-block-button__link\" href=\"https:\/\/gevelopers.com\/it\/get-started\/\">Parliamo<\/a><\/div>\n<\/div>\n<\/div><\/div>\n\n\n\n<div style=\"height:50px\" aria-hidden=\"true\" class=\"wp-block-spacer\"><\/div>\n\n\n\n<h5 class=\"has-text-align-center wp-block-heading\">Approccio<\/h5>\n\n\n\n<h2 class=\"has-text-align-center wp-block-heading\">La migliore azienda di sviluppo di app PHP MySQL<\/h2>\n\n\n\n<div class=\"wp-block-media-text alignwide is-stacked-on-mobile\"><figure class=\"wp-block-media-text__media\"><img loading=\"lazy\" decoding=\"async\" width=\"320\" height=\"229\" src=\"https:\/\/gevelopers.com\/wp-content\/uploads\/2021\/05\/approch-slide-img-51.svg\" alt=\"approch-slide-img-5-gevelopers\" class=\"wp-image-1182 size-full\"\/><\/figure><div class=\"wp-block-media-text__content\">\n<h4 class=\"wp-block-heading\">Competenza nello sviluppo di MySQL<\/h4>\n\n\n\n<p>Assumi sviluppatori MYSQL esperti da una delle migliori societ\u00e0 di sviluppo MYSQL con anni di esperienza e competenza in importanti framework basati su PHP come Laravel, CodeIgniter, Symfony, Zend, Yii, ecc. Gli sviluppatori MySQL di Gevelopers hanno un&#039;esperienza senza pari nelle architetture di database MySQL per l&#039;implementazione di applicazioni MySQL.<\/p>\n<\/div><\/div>\n\n\n\n<div class=\"wp-block-media-text alignwide is-stacked-on-mobile\"><figure class=\"wp-block-media-text__media\"><img loading=\"lazy\" decoding=\"async\" width=\"320\" height=\"179\" src=\"https:\/\/gevelopers.com\/wp-content\/uploads\/2021\/05\/approch-slide-img-21.svg\" alt=\"approch-slide-img-2-gevelopers\" class=\"wp-image-1790 size-full\"\/><\/figure><div class=\"wp-block-media-text__content\">\n<h4 class=\"wp-block-heading\">Controlli di qualit\u00e0 senza compromessi<\/h4>\n\n\n\n<p>Per garantire risultati di qualit\u00e0, i nostri QA (Analisti della qualit\u00e0) eseguono controlli di qualit\u00e0 dedicati e rigorosi a ogni livello di sviluppo di MySQL. Noleggia servizi di sviluppo PHP MySQL convenienti da Gevelopers, una delle principali societ\u00e0 di sviluppo di app PHP MySQL, che includono la revisione del codice da parte di esperti MySQL per garantire che il prodotto finale sia completamente funzionale, sicuro, impeccabile e di facile utilizzo.<\/p>\n<\/div><\/div>\n\n\n\n<div class=\"wp-block-media-text alignwide is-stacked-on-mobile\"><figure class=\"wp-block-media-text__media\"><img loading=\"lazy\" decoding=\"async\" width=\"300\" height=\"230\" src=\"https:\/\/gevelopers.com\/wp-content\/uploads\/2021\/05\/approch-slide-img-31.svg\" alt=\"approch-slide-img-3-gevelopers\" class=\"wp-image-1793 size-full\"\/><\/figure><div class=\"wp-block-media-text__content\">\n<h4 class=\"wp-block-heading\">Potenti soluzioni MySQL<\/h4>\n\n\n\n<p>Essendo all&#039;avanguardia nei servizi di sviluppo di app PHP MySQL, abbiamo esperienza nel lavorare su diversi tipi di domini aziendali come la fornitura di soluzioni per social media e networking, e-commerce, immobiliare, gestione del negozio, sanit\u00e0, mobile, logistica, telecomunicazioni, materassi, solare Energia, elettronica di consumo, fotografia, cosmetici bancari, servizi pubblici e vari altri settori.<\/p>\n<\/div><\/div>\n\n\n\n<div class=\"wp-block-media-text alignwide is-stacked-on-mobile\"><figure class=\"wp-block-media-text__media\"><img loading=\"lazy\" decoding=\"async\" width=\"320\" height=\"171\" src=\"https:\/\/gevelopers.com\/wp-content\/uploads\/2021\/05\/approch-slide-img-41.svg\" alt=\"approch-slide-img-4-gevelopers\" class=\"wp-image-1796 size-full\"\/><\/figure><div class=\"wp-block-media-text__content\">\n<h4 class=\"wp-block-heading\">Assumi sviluppatori MySQL<\/h4>\n\n\n\n<p>Gevelopers \u00e8 una delle migliori societ\u00e0 di sviluppo di app PHP MySQL che offre modelli di coinvolgimento flessibili per assumere sviluppatori MySQL dedicati in base alle esigenze aziendali personalizzate. Forniamo servizi di sviluppo MySQL completi con garanzia 100% e soddisfazione del cliente. Contattaci ora per assumere sviluppatori MySQL in Europa, Turchia, Singapore e Stati Uniti per creare un sito Web o un&#039;applicazione MySQL altamente funzionale alle migliori tariffe. Seguiamo un approccio incentrato sul cliente per sviluppare e distribuire applicazioni MySQL.<\/p>\n<\/div><\/div>\n\n\n\n<div style=\"height:50px\" aria-hidden=\"true\" class=\"wp-block-spacer\"><\/div>\n\n\n\n<p class=\"has-text-align-center\">Cosa facciamo<\/p>\n\n\n\n<h2 class=\"has-text-align-center wp-block-heading\">I nostri servizi di sviluppo di app MySQL<\/h2>\n\n\n\n<div class=\"wp-block-columns is-layout-flex wp-container-core-columns-is-layout-9d6595d7 wp-block-columns-is-layout-flex\">\n<div class=\"wp-block-column is-layout-flow wp-block-column-is-layout-flow\">\n<h3 class=\"wp-block-heading\">Progetto di architettura<\/h3>\n\n\n\n<p>Esaminiamo i piani delle tue app di database, eseguiamo analisi ed eseguiamo architettura e progettazione per fornire applicazioni di database MySQL di prim&#039;ordine.<\/p>\n<\/div>\n\n\n\n<div class=\"wp-block-column is-layout-flow wp-block-column-is-layout-flow\">\n<h3 class=\"wp-block-heading\">Ottimizzazione delle prestazioni<\/h3>\n\n\n\n<p>Eseguiamo Query Optimization, Index Tuning, Caching e Buffer Tuning, Hot Spot e identifichiamo i colli di bottiglia per annullare i problemi di prestazioni di MySQL.<\/p>\n<\/div>\n\n\n\n<div class=\"wp-block-column is-layout-flow wp-block-column-is-layout-flow\">\n<h3 class=\"wp-block-heading\">Controllo dello stato di MySQL<\/h3>\n\n\n\n<p>Assumi sviluppatori di app MySQL da Gevelopers che hanno anni di esperienza nell&#039;identificazione e risoluzione di errori di database di ogni tipo.<\/p>\n<\/div>\n<\/div>\n\n\n\n<div class=\"wp-block-columns is-layout-flex wp-container-core-columns-is-layout-9d6595d7 wp-block-columns-is-layout-flex\">\n<div class=\"wp-block-column is-layout-flow wp-block-column-is-layout-flow\">\n<h3 class=\"wp-block-heading\">Migrazione MySQL<\/h3>\n\n\n\n<p>Valutiamo la configurazione IT, identifichiamo le sfide per la migrazione dei dati di prova a MySQL, benchmark e test di carico lo stesso rispetto a query di esempio.<\/p>\n<\/div>\n\n\n\n<div class=\"wp-block-column is-layout-flow wp-block-column-is-layout-flow\">\n<h3 class=\"wp-block-heading\">Manutenzione e supporto<\/h3>\n\n\n\n<p>I nostri servizi di sviluppo MySQL sono costanti e compatibili con tutte le tecnologie di tendenza e future con supporto 24 ore su 24, 7 giorni su 7.<\/p>\n<\/div>\n\n\n\n<div class=\"wp-block-column is-layout-flow wp-block-column-is-layout-flow\">\n<h3 class=\"wp-block-heading\">Consultazione MySQL<\/h3>\n\n\n\n<p>I nostri esperti MySQL forniscono servizi di consulenza end-to-end per garantire un sito Web o un&#039;applicazione di qualit\u00e0 che soddisfi gli obiettivi aziendali.<\/p>\n<\/div>\n<\/div>\n\n\n\n<div style=\"height:50px\" aria-hidden=\"true\" class=\"wp-block-spacer\"><\/div>\n\n\n\n<p class=\"has-text-align-center\">SERVIZI GEVELOPERS<\/p>\n\n\n\n<h2 class=\"has-text-align-center wp-block-heading\">Guardando uno spettro pi\u00f9 ampio<\/h2>\n\n\n\n<div class=\"wp-block-columns is-layout-flex wp-container-core-columns-is-layout-9d6595d7 wp-block-columns-is-layout-flex\">\n<div class=\"wp-block-column is-layout-flow wp-block-column-is-layout-flow\">\n<center><img decoding=\"async\" src=\"https:\/\/gevelopers.com\/wp-content\/uploads\/2021\/05\/services-landing-img-11.svg\" alt=\"servizi-atterraggio-img-11-gevelopers\" style=\"width:300px;height:300px\"><\/center>\n\n\n\n<h4 class=\"has-text-align-center wp-block-heading\">Sviluppo di applicazioni mobili<\/h4>\n\n\n\n<p class=\"has-text-align-center\">Sviluppo app iOS e Android per smartphone e tablet con grande attenzione al design.<\/p>\n<\/div>\n\n\n\n<div class=\"wp-block-column is-layout-flow wp-block-column-is-layout-flow\">\n<center><img decoding=\"async\" src=\"https:\/\/gevelopers.com\/wp-content\/uploads\/2021\/05\/services-landing-img-21.svg\" alt=\"servizi-atterraggio-img-21-gevelopers\" style=\"width:300px;height:300px\"><\/center>\n\n\n\n<h4 class=\"has-text-align-center wp-block-heading\">Sviluppo Web personalizzato<\/h4>\n\n\n\n<p class=\"has-text-align-center\">Sviluppo di siti Web responsive con controllo completo dei contenuti e scalabilit\u00e0.<\/p>\n<\/div>\n\n\n\n<div class=\"wp-block-column is-layout-flow wp-block-column-is-layout-flow\">\n<center><img decoding=\"async\" src=\"https:\/\/gevelopers.com\/wp-content\/uploads\/2021\/05\/services-landing-img-31.svg\" alt=\"servizi-atterraggio-img-31-gevelopers\" style=\"width:300px;height:300px\"><\/center>\n\n\n\n<h4 class=\"has-text-align-center wp-block-heading\">Sviluppo di giochi per dispositivi mobili<\/h4>\n\n\n\n<p class=\"has-text-align-center\">Sviluppo di giochi 2D e 3D coinvolgenti su piattaforme iOS e Android che generano entrate.<\/p>\n<\/div>\n<\/div>\n\n\n\n<div class=\"wp-block-columns is-layout-flex wp-container-core-columns-is-layout-9d6595d7 wp-block-columns-is-layout-flex\">\n<div class=\"wp-block-column is-layout-flow wp-block-column-is-layout-flow\">\n<center><img decoding=\"async\" src=\"https:\/\/gevelopers.com\/wp-content\/uploads\/2021\/05\/services-landing-img-41.svg\" alt=\"servizi-atterraggio-img-41-gevelopers\" style=\"width:300px;height:300px\"><\/center>\n\n\n\n<h4 class=\"has-text-align-center wp-block-heading\">Servizi di marketing digitale<\/h4>\n\n\n\n<p class=\"has-text-align-center\">Intero stack di marketing online con focus su contenuti, creativit\u00e0, social media e digitale.<\/p>\n<\/div>\n\n\n\n<div class=\"wp-block-column is-layout-flow wp-block-column-is-layout-flow\">\n<center><img decoding=\"async\" src=\"https:\/\/gevelopers.com\/wp-content\/uploads\/2021\/05\/services-landing-img-51.svg\" alt=\"servizi-atterraggio-img-51-gevelopers\" style=\"width:300px;height:300px\"><\/center>\n\n\n\n<h4 class=\"has-text-align-center wp-block-heading\">Progettazione dell&#039;interfaccia utente \/ Servizi creativi<\/h4>\n\n\n\n<p class=\"has-text-align-center\">Progettazione di interfacce utente e design straordinari che diano identit\u00e0 ed esperienza uniche.<\/p>\n<\/div>\n\n\n\n<div class=\"wp-block-column is-layout-flow wp-block-column-is-layout-flow\">\n<center><img decoding=\"async\" src=\"https:\/\/gevelopers.com\/wp-content\/uploads\/2021\/05\/services-landing-img-61.svg\" alt=\"servizi-atterraggio-img-61-gevelopers\" style=\"width:300px;height:300px\"><\/center>\n\n\n\n<h4 class=\"has-text-align-center wp-block-heading\">Gestione dell&#039;infrastruttura cloud<\/h4>\n\n\n\n<p class=\"has-text-align-center\">Architetti cloud certificati AWS in grado di configurare e gestire l&#039;intera infrastruttura cloud.<\/p>\n<\/div>\n<\/div>\n\n\n\n<div class=\"wp-block-columns is-layout-flex wp-container-core-columns-is-layout-9d6595d7 wp-block-columns-is-layout-flex\">\n<div class=\"wp-block-column is-layout-flow wp-block-column-is-layout-flow\">\n<h3 class=\"has-text-align-center wp-block-heading\">Soluzioni aziendali<\/h3>\n\n\n\n<p class=\"has-text-align-center\">Elevare l&#039;esperienza aziendale sviluppando soluzioni innovative e di grande impatto per web, mobile e Internet con una ricca esperienza utente.<\/p>\n\n\n\n<center><img decoding=\"async\" src=\"https:\/\/gevelopers.com\/wp-content\/uploads\/2021\/05\/enterprice-solution1.webp\" alt=\"impresa-soluzione-gevelopers\"><\/center>\n\n\n\n<div style=\"height:25px\" aria-hidden=\"true\" class=\"wp-block-spacer\"><\/div>\n\n\n\n<div class=\"wp-block-columns is-layout-flex wp-container-core-columns-is-layout-9d6595d7 wp-block-columns-is-layout-flex\">\n<div class=\"wp-block-column is-layout-flow wp-block-column-is-layout-flow\">\n<p>Strategia mobile<\/p>\n\n\n\n<p>Mobilit\u00e0 aziendale<\/p>\n\n\n\n<p>Sistema ERP<\/p>\n<\/div>\n\n\n\n<div class=\"wp-block-column is-layout-flow wp-block-column-is-layout-flow\">\n<p>Gestione dei contenuti<\/p>\n\n\n\n<p>Consulenza Tecnica<\/p>\n\n\n\n<p>Piattaforme per app mobili<\/p>\n<\/div>\n<\/div>\n<\/div>\n\n\n\n<div class=\"wp-block-column is-layout-flow wp-block-column-is-layout-flow\">\n<h3 class=\"has-text-align-center wp-block-heading\">Soluzioni di avvio<\/h3>\n\n\n\n<p class=\"has-text-align-center\">Aiutiamo le startup di tutte le dimensioni, indipendentemente dalle loro fasi, a coltivare, costruire e far crescere le loro fantastiche idee su dispositivi mobili e web.<\/p>\n\n\n\n<center><img decoding=\"async\" src=\"https:\/\/gevelopers.com\/wp-content\/uploads\/2021\/05\/startup-solution1.webp\" alt=\"startup-solution-gevelopers\"><\/center>\n\n\n\n<div style=\"height:25px\" aria-hidden=\"true\" class=\"wp-block-spacer\"><\/div>\n\n\n\n<div class=\"wp-block-columns is-layout-flex wp-container-core-columns-is-layout-9d6595d7 wp-block-columns-is-layout-flex\">\n<div class=\"wp-block-column is-layout-flow wp-block-column-is-layout-flow\">\n<p>Idea per prototipo<\/p>\n\n\n\n<p>Lancio MVP<\/p>\n\n\n\n<p>Servizio di sviluppo<\/p>\n<\/div>\n\n\n\n<div class=\"wp-block-column is-layout-flow wp-block-column-is-layout-flow\">\n<p>Crea macchina di lancio<\/p>\n\n\n\n<p>Supporto e manutenzione<\/p>\n\n\n\n<p>Partnership azionarie<\/p>\n<\/div>\n<\/div>\n<\/div>\n<\/div>\n\n\n\n<div style=\"height:50px\" aria-hidden=\"true\" class=\"wp-block-spacer\"><\/div>\n\n\n\n<p class=\"has-text-align-center\">Scelto da<\/p>\n\n\n\n<h2 class=\"has-text-align-center wp-block-heading\">Marchi famosi in tutto il mondo<\/h2>\n\n\n\n<div style=\"height:25px\" aria-hidden=\"true\" class=\"wp-block-spacer\"><\/div>\n\n\n\n<div class=\"wp-block-columns is-layout-flex wp-container-core-columns-is-layout-9d6595d7 wp-block-columns-is-layout-flex\">\n<div class=\"wp-block-column is-layout-flow wp-block-column-is-layout-flow\">\n<center><img decoding=\"async\" src=\"https:\/\/gevelopers.com\/wp-content\/uploads\/2021\/05\/logo-brand-black-oracle1.svg\" alt=\"logo-marchio-nero-oracle-gevelopers\" style=\"width:150px;height:55px\"><\/center>\n<\/div>\n\n\n\n<div class=\"wp-block-column is-layout-flow wp-block-column-is-layout-flow\">\n<center><img decoding=\"async\" src=\"https:\/\/gevelopers.com\/wp-content\/uploads\/2021\/05\/logo-cambridge-v31.svg\" alt=\"logo-cambridge-v3-gevelopers\" style=\"width:150px;height:55px\"><\/center>\n<\/div>\n\n\n\n<div class=\"wp-block-column is-layout-flow wp-block-column-is-layout-flow\">\n<center><img decoding=\"async\" src=\"https:\/\/gevelopers.com\/wp-content\/uploads\/2021\/05\/logo-brand-black-mumayizv21.svg\" alt=\"logo-marchio-nero-mumayizv2-gevelopers\" style=\"width:150px;height:50px\"><\/center>\n<\/div>\n\n\n\n<div class=\"wp-block-column is-layout-flow wp-block-column-is-layout-flow\">\n<center><img decoding=\"async\" src=\"https:\/\/gevelopers.com\/wp-content\/uploads\/2021\/05\/logo-brand-black-mtn1.svg\" alt=\"logo-marchio-nero-mtn-gevelopers\" style=\"width:150px;height:50px\"><\/center>\n<\/div>\n\n\n\n<div class=\"wp-block-column is-layout-flow wp-block-column-is-layout-flow\">\n<center><img decoding=\"async\" src=\"https:\/\/gevelopers.com\/wp-content\/uploads\/2021\/05\/logo-brand-black-mtu1.svg\" alt=\"logo-marchio-nero-mtu-gevelopers\" style=\"width:150px;height:50px\"><\/center>\n<\/div>\n<\/div>\n\n\n\n<div style=\"height:25px\" aria-hidden=\"true\" class=\"wp-block-spacer\"><\/div>\n\n\n\n<div class=\"wp-block-columns is-layout-flex wp-container-core-columns-is-layout-9d6595d7 wp-block-columns-is-layout-flex\">\n<div class=\"wp-block-column is-layout-flow wp-block-column-is-layout-flow\">\n<center><img decoding=\"async\" src=\"https:\/\/gevelopers.com\/wp-content\/uploads\/2021\/05\/logo-brand-black-bcg1.svg\" alt=\"logo-marchio-nero-bcg-gevelopers\" style=\"width:150px;height:50px\"><\/center>\n<\/div>\n\n\n\n<div class=\"wp-block-column is-layout-flow wp-block-column-is-layout-flow\">\n<center><img decoding=\"async\" src=\"https:\/\/gevelopers.com\/wp-content\/uploads\/2021\/05\/logo-brand-black-sanchobbdo1.svg\" alt=\"logo-marchio-nero-sanchobbdo-gevelopers\" style=\"width:150px;height:50px\"><\/center>\n<\/div>\n\n\n\n<div class=\"wp-block-column is-layout-flow wp-block-column-is-layout-flow\">\n<center><img decoding=\"async\" src=\"https:\/\/gevelopers.com\/wp-content\/uploads\/2021\/05\/logo-brand-black-gulfstream1.svg\" alt=\"logo-marchio-nero-gulfstream-gevelopers\" style=\"width:150px;height:50px\"><\/center>\n<\/div>\n\n\n\n<div class=\"wp-block-column is-layout-flow wp-block-column-is-layout-flow\">\n<center><img decoding=\"async\" src=\"https:\/\/gevelopers.com\/wp-content\/uploads\/2021\/05\/logo-brand-black-daman1.svg\" alt=\"logo-marchio-nero-daman-gevelopers\" style=\"width:150px;height:50px\"><\/center>\n<\/div>\n\n\n\n<div class=\"wp-block-column is-layout-flow wp-block-column-is-layout-flow\">\n<center><img decoding=\"async\" src=\"https:\/\/gevelopers.com\/wp-content\/uploads\/2021\/05\/logo-brand-black-astrazeneca1.svg\" alt=\"logo-marchio-nero-astrazeneca-gevelopers\" style=\"width:150px;height:50px\"><\/center>\n<\/div>\n<\/div>\n\n\n\n<div style=\"height:25px\" aria-hidden=\"true\" class=\"wp-block-spacer\"><\/div>\n\n\n\n<div class=\"wp-block-columns is-layout-flex wp-container-core-columns-is-layout-9d6595d7 wp-block-columns-is-layout-flex\">\n<div class=\"wp-block-column is-layout-flow wp-block-column-is-layout-flow\">\n<center><img decoding=\"async\" src=\"https:\/\/gevelopers.com\/wp-content\/uploads\/2021\/05\/logo-brand-black-vfsglobal1.svg\" alt=\"logo-marchio-nero-vfsglobal-gevelopers\" style=\"width:150px;height:50px\"><\/center>\n<\/div>\n\n\n\n<div class=\"wp-block-column is-layout-flow wp-block-column-is-layout-flow\">\n<center><img decoding=\"async\" src=\"https:\/\/gevelopers.com\/wp-content\/uploads\/2021\/05\/logo-brand-black-haas1.svg\" alt=\"logo-marchio-nero-haas-gevelopers\" style=\"width:150px;height:50px\"><\/center>\n<\/div>\n\n\n\n<div class=\"wp-block-column is-layout-flow wp-block-column-is-layout-flow\">\n<center><img decoding=\"async\" src=\"https:\/\/gevelopers.com\/wp-content\/uploads\/2021\/05\/logo-brand-black-tata1.svg\" alt=\"logo-marchio-nero-tata-gevelopers\" style=\"width:150px;height:50px\"><\/center>\n<\/div>\n\n\n\n<div class=\"wp-block-column is-layout-flow wp-block-column-is-layout-flow\">\n<center><img decoding=\"async\" src=\"https:\/\/gevelopers.com\/wp-content\/uploads\/2021\/05\/logo-brand-black-yahoo1.svg\" alt=\"logo-marchio-nero-yahoo-gevelopers\" style=\"width:150px;height:50px\"><\/center>\n<\/div>\n\n\n\n<div class=\"wp-block-column is-layout-flow wp-block-column-is-layout-flow\">\n<center><img decoding=\"async\" src=\"https:\/\/gevelopers.com\/wp-content\/uploads\/2021\/05\/logo-brand-black-smithfield1.svg\" alt=\"logo-marchio-black-smithfield-gevelopers\" style=\"width:150px;height:50px\"><\/center>\n<\/div>\n<\/div>\n\n\n\n<div style=\"height:25px\" aria-hidden=\"true\" class=\"wp-block-spacer\"><\/div>\n\n\n\n<div class=\"wp-block-columns is-layout-flex wp-container-core-columns-is-layout-9d6595d7 wp-block-columns-is-layout-flex\">\n<div class=\"wp-block-column is-layout-flow wp-block-column-is-layout-flow\">\n<center><img decoding=\"async\" src=\"https:\/\/gevelopers.com\/wp-content\/uploads\/2021\/05\/logo-brand-black-best-buy1.svg\" alt=\"logo-marchio-nero-best-buy-gevelopers\" style=\"width:150px;height:50px\"><\/center>\n<\/div>\n\n\n\n<div class=\"wp-block-column is-layout-flow wp-block-column-is-layout-flow\">\n<center><img decoding=\"async\" src=\"https:\/\/gevelopers.com\/wp-content\/uploads\/2021\/05\/logo-brand-black-essilor1.svg\" alt=\"logo-marchio-nero-essilor-gevelopers\" style=\"width:150px;height:50px\"><\/center>\n\n\n\n<p><\/p>\n<\/div>\n\n\n\n<div class=\"wp-block-column is-layout-flow wp-block-column-is-layout-flow\">\n<center><img decoding=\"async\" src=\"https:\/\/gevelopers.com\/wp-content\/uploads\/2021\/05\/logo-brand-black-cosmopolitan1.svg\" alt=\"logo-marchio-nero-cosmopolitan-gevelopers\" style=\"width:150px;height:50px\"><\/center>\n<\/div>\n\n\n\n<div class=\"wp-block-column is-layout-flow wp-block-column-is-layout-flow\">\n<center><img decoding=\"async\" src=\"https:\/\/gevelopers.com\/wp-content\/uploads\/2021\/05\/logo-brand-black-abbott1.svg\" alt=\"logo-marchio-nero-abbott-gevelopers\" style=\"width:150px;height:50px\"><\/center>\n<\/div>\n\n\n\n<div class=\"wp-block-column is-layout-flow wp-block-column-is-layout-flow\">\n<center><img decoding=\"async\" src=\"https:\/\/gevelopers.com\/wp-content\/uploads\/2021\/05\/logo-brand-black-unsw1.svg\" alt=\"logo-marchio-nero-unsw-gevelopers\" style=\"width:150px;height:50px\"><\/center>\n<\/div>\n<\/div>\n\n\n\n<div style=\"height:25px\" aria-hidden=\"true\" class=\"wp-block-spacer\"><\/div>\n\n\n\n<div class=\"wp-block-columns is-layout-flex wp-container-core-columns-is-layout-9d6595d7 wp-block-columns-is-layout-flex\">\n<div class=\"wp-block-column is-layout-flow wp-block-column-is-layout-flow\">\n<center><img decoding=\"async\" src=\"https:\/\/gevelopers.com\/wp-content\/uploads\/2021\/05\/logo-brand-black-lifetechnologies1.svg\" alt=\"logo-marchio-black-lifetechnologies-gevelopers\" style=\"width:150px;height:50px\"><\/center>\n<\/div>\n\n\n\n<div class=\"wp-block-column is-layout-flow wp-block-column-is-layout-flow\">\n<center><img decoding=\"async\" src=\"https:\/\/gevelopers.com\/wp-content\/uploads\/2021\/05\/logo-brand-black-jacksoncoker1.svg\" alt=\"logo-marchio-black-jacksoncoker-gevelopers\" style=\"width:150px;height:50px\"><\/center>\n<\/div>\n\n\n\n<div class=\"wp-block-column is-layout-flow wp-block-column-is-layout-flow\">\n<center><img decoding=\"async\" src=\"https:\/\/gevelopers.com\/wp-content\/uploads\/2021\/05\/logo-brand-black-mcdonalds1.svg\" alt=\"logo-marchio-nero-mcdonalds-gevelopers\" style=\"width:150px;height:50px\"><\/center>\n<\/div>\n\n\n\n<div class=\"wp-block-column is-layout-flow wp-block-column-is-layout-flow\">\n<center><img decoding=\"async\" src=\"https:\/\/gevelopers.com\/wp-content\/uploads\/2021\/05\/logo-brand-black-vodafone1.svg\" alt=\"logo-marchio-nero-vodafone-gevelopers\" style=\"width:150px;height:50px\"><\/center>\n<\/div>\n\n\n\n<div class=\"wp-block-column is-layout-flow wp-block-column-is-layout-flow\">\n<center><img decoding=\"async\" src=\"https:\/\/gevelopers.com\/wp-content\/uploads\/2021\/05\/logo-brand-black-adidas1.svg\" alt=\"logo-marchio-nero-adidas-gevelopers\" style=\"width:150px;height:50px\"><\/center>\n<\/div>\n<\/div>\n\n\n\n<div style=\"height:25px\" aria-hidden=\"true\" class=\"wp-block-spacer\"><\/div>\n\n\n\n<div class=\"wp-block-columns is-layout-flex wp-container-core-columns-is-layout-9d6595d7 wp-block-columns-is-layout-flex\">\n<div class=\"wp-block-column is-layout-flow wp-block-column-is-layout-flow\">\n<center><img decoding=\"async\" src=\"https:\/\/gevelopers.com\/wp-content\/uploads\/2021\/05\/logo-brand-black-ndtv1.svg\" alt=\"logo-marchio-nero-ndtv-gevelopers\" style=\"width:150px;height:50px\"><\/center>\n<\/div>\n\n\n\n<div class=\"wp-block-column is-layout-flow wp-block-column-is-layout-flow\">\n<center><img decoding=\"async\" src=\"https:\/\/gevelopers.com\/wp-content\/uploads\/2021\/05\/logo-brand-black-kotak1.svg\" alt=\"logo-marchio-nero-kotak-gevelopers\" style=\"width:150px;height:50px\"><\/center>\n<\/div>\n\n\n\n<div class=\"wp-block-column is-layout-flow wp-block-column-is-layout-flow\">\n<center><img decoding=\"async\" src=\"https:\/\/gevelopers.com\/wp-content\/uploads\/2021\/05\/logo-brand-black-macys1.svg\" alt=\"logo-marchio-nero-macys-gevelopers\" style=\"width:150px;height:50px\"><\/center>\n<\/div>\n\n\n\n<div class=\"wp-block-column is-layout-flow wp-block-column-is-layout-flow\">\n<center><img decoding=\"async\" src=\"https:\/\/gevelopers.com\/wp-content\/uploads\/2021\/05\/logo-brand-black-cartier1.svg\" alt=\"logo-marchio-nero-cartier-gevelopers\" style=\"width:150px;height:50px\"><\/center>\n<\/div>\n\n\n\n<div class=\"wp-block-column is-layout-flow wp-block-column-is-layout-flow\">\n<center><img decoding=\"async\" src=\"https:\/\/gevelopers.com\/wp-content\/uploads\/2021\/05\/logo-brand-black-rimac1.svg\" alt=\"logo-marchio-nero-rimac-gevelopers\" style=\"width:150px;height:50px\"><\/center>\n<\/div>\n<\/div>","protected":false},"excerpt":{"rendered":"<p>Approach Top PHP MySQL App Development Company Expertise in MySQL Development Hire expert MYSQL developers from a top MYSQL development&#8230;<\/p>","protected":false},"author":1,"featured_media":0,"parent":0,"menu_order":0,"comment_status":"closed","ping_status":"closed","template":"","meta":{"footnotes":""},"class_list":["post-2487","page","type-page","status-publish","hentry"],"_links":{"self":[{"href":"https:\/\/gevelopers.com\/it\/wp-json\/wp\/v2\/pages\/2487","targetHints":{"allow":["GET"]}}],"collection":[{"href":"https:\/\/gevelopers.com\/it\/wp-json\/wp\/v2\/pages"}],"about":[{"href":"https:\/\/gevelopers.com\/it\/wp-json\/wp\/v2\/types\/page"}],"author":[{"embeddable":true,"href":"https:\/\/gevelopers.com\/it\/wp-json\/wp\/v2\/users\/1"}],"replies":[{"embeddable":true,"href":"https:\/\/gevelopers.com\/it\/wp-json\/wp\/v2\/comments?post=2487"}],"version-history":[{"count":0,"href":"https:\/\/gevelopers.com\/it\/wp-json\/wp\/v2\/pages\/2487\/revisions"}],"wp:attachment":[{"href":"https:\/\/gevelopers.com\/it\/wp-json\/wp\/v2\/media?parent=2487"}],"curies":[{"name":"wp","href":"https:\/\/api.w.org\/{rel}","templated":true}]}}