{"id":319,"date":"2020-10-02T19:18:05","date_gmt":"2020-10-02T19:18:05","guid":{"rendered":"https:\/\/leverage.demo.codings.dev\/?page_id=319"},"modified":"2021-07-27T19:36:47","modified_gmt":"2021-07-27T19:36:47","slug":"about","status":"publish","type":"page","link":"https:\/\/gevelopers.com\/it\/about\/","title":{"rendered":"Il nostro tesoro comprende le persone, la visione e i valori"},"content":{"rendered":"<p class=\"has-text-align-center\"><strong>Societ\u00e0 di sviluppo software pluripremiata dal 2015<\/strong><\/p>\n\n\n\n<p class=\"has-text-align-center\">Gevelopers non \u00e8 solo un&#039;azienda IT riconosciuta a livello mondiale, ma anche una famiglia piena di esperti di talento che aiutano marchi globali, imprese, aziende di medie dimensioni o persino startup con soluzioni innovative.<\/p>\n\n\n\n<div style=\"height:50px\" aria-hidden=\"true\" class=\"wp-block-spacer\"><\/div>\n\n\n\n<style>.embed-container { position: relative; padding-bottom: 56.25%; height: 0; overflow: hidden; max-width: 100%; } .embed-container iframe, .embed-container object, .embed-container embed { position: absolute; top: 0; left: 0; width: 100%; height: 100%; }<\/style><div class=\"embed-container\"><iframe src=\"https:\/\/www.youtube.com\/embed\/\/KGnBII4kl88\" frameborder=\"0\" allowfullscreen=\"\"><\/iframe><\/div>\n\n\n\n<div style=\"height:50px\" aria-hidden=\"true\" class=\"wp-block-spacer\"><\/div>\n\n\n\n<div class=\"wp-block-columns is-layout-flex wp-container-core-columns-is-layout-9d6595d7 wp-block-columns-is-layout-flex\">\n<div class=\"wp-block-column is-layout-flow wp-block-column-is-layout-flow\">\n<h3 class=\"has-text-align-center wp-block-heading\">Chi siamo<\/h3>\n\n\n\n<p class=\"has-text-align-center\">Gevelopers non \u00e8 un&#039;entit\u00e0, \u00e8 una famiglia che rappresenta l&#039;unione per oltre due decenni di un viaggio di successo. Per Gevelopers, la definizione di successo \u00e8 trascendere le idee innovative delle persone alla realt\u00e0 con l&#039;aiuto della nostra competenza tecnologica, questo \u00e8 ci\u00f2 per cui noi, come Team, vogliamo essere ricordati!<\/p>\n\n\n\n<p class=\"has-text-align-center\">La nostra visione ha portato Gevelopers a diventare una delle principali societ\u00e0 IT in Europa, Turchia, Singapore e Stati Uniti per la fornitura di varie soluzioni di mobilit\u00e0 guidate dal settore. L&#039;obiettivo \u00e8 potenziare clienti e aziende creando nuove possibilit\u00e0 sfruttando le tecnologie di oggi e di domani con la massima qualit\u00e0, soddisfazione e trasparenza.<\/p>\n<\/div>\n\n\n\n<div class=\"wp-block-column is-layout-flow wp-block-column-is-layout-flow\">\n<h3 class=\"has-text-align-center wp-block-heading\">Cosa facciamo<\/h3>\n\n\n\n<p class=\"has-text-align-center\">Il nostro entusiasmo ci ha portato a diventare una delle principali societ\u00e0 IT in Europa, Turchia, Singapore e Stati Uniti per la fornitura di varie soluzioni di mobilit\u00e0 leader del settore nei domini di sviluppo di applicazioni web e mobili sfruttando tecnologie futuristiche come Internet of Things (IoT), AI-ML, AR -VR, assistenti vocali e abilit\u00e0 vocali, DevOps e cloud computing, ecc.<\/p>\n\n\n\n<p class=\"has-text-align-center\">Ci sentiamo responsabilizzati con i nostri esperti tecnologici certificati e il nostro team di ricerca e sviluppo che si sono sempre sfidati per aiutare la clientela globale con una pletora di servizi e soluzioni IT. L&#039;impegno con il nostro team garantisce ai nostri clienti di risparmiare enormi soldi sullo sviluppo del progetto con consegne pi\u00f9 rapide.<\/p>\n<\/div>\n<\/div>\n\n\n\n<div style=\"height:50px\" aria-hidden=\"true\" class=\"wp-block-spacer\"><\/div>\n\n\n\n<h2 class=\"has-text-align-center wp-block-heading\">La fede di ogni Gevelopers<\/h2>\n\n\n\n<div class=\"wp-block-columns is-layout-flex wp-container-core-columns-is-layout-9d6595d7 wp-block-columns-is-layout-flex\">\n<div class=\"wp-block-column is-layout-flow wp-block-column-is-layout-flow\">\n<center><img decoding=\"async\" src=\"https:\/\/gevelopers.com\/wp-content\/uploads\/2021\/04\/ic-belief-people1.svg\" alt=\"credenza-persone-gevelopers\" style=\"width:50px;height:50px\"><\/center>\n\n\n\n<h4 class=\"has-text-align-center wp-block-heading\">Approccio incentrato sul cliente<\/h4>\n\n\n\n<p class=\"has-text-align-center\">Per qualsiasi attivit\u00e0, i clienti sono sempre al centro. Essendo un&#039;azienda leader nello sviluppo di app web e mobili, la nostra definizione va oltre i nostri clienti diretti. Partiamo sempre da dove sei con le tue idee e pensiamo dal punto di vista dei TUOI clienti finali, le loro aree di dolore e escogitiamo una soluzione che risolva i problemi fondamentali a beneficio della tua attivit\u00e0.<\/p>\n<\/div>\n\n\n\n<div class=\"wp-block-column is-layout-flow wp-block-column-is-layout-flow\">\n<center><img decoding=\"async\" src=\"https:\/\/gevelopers.com\/wp-content\/uploads\/2021\/04\/ic-belief-research1.svg\" alt=\"ricerca-credenza1-gevelopers\" style=\"width:50px;height:50px\"><\/center>\n\n\n\n<h4 class=\"has-text-align-center wp-block-heading\">Collaborazione efficace<\/h4>\n\n\n\n<p class=\"has-text-align-center\">La comunicazione \u00e8 la chiave. Tendiamo a comunicare troppo a volte. Anche se sembra travolgente, ma alla fine fa miracoli per il nostro business cliente. Quando il nostro team di sviluppo collabora con i nostri clienti seduti a migliaia di chilometri di distanza, \u00e8 evidente che rimaniamo in contatto con piattaforme e mezzi che consentono efficacia, trasparenza e accuratezza.<\/p>\n<\/div>\n\n\n\n<div class=\"wp-block-column is-layout-flow wp-block-column-is-layout-flow\">\n<center><img decoding=\"async\" src=\"https:\/\/gevelopers.com\/wp-content\/uploads\/2021\/04\/ic-belief-product-driven1.svg\" alt=\"credenza-guidata dal prodotto1-gevelopers\" style=\"width:50px;height:50px\"><\/center>\n\n\n\n<h4 class=\"has-text-align-center wp-block-heading\">Qualit\u00e0 consegnata in tempo<\/h4>\n\n\n\n<p class=\"has-text-align-center\">Con oltre due decenni di esperienza nel settore dello sviluppo di software IT offshore, disponiamo di una vasta gamma di framework interni con l&#039;infrastruttura migliore della categoria che ci consente di fornire soluzioni di qualit\u00e0 superiore, in ogni momento. In tutti questi anni abbiamo imparato come prevenire i fallimenti e replicare il successo. Non ci vantiamo solo di qualit\u00e0. Lo definiamo e lo consegniamo in tempo.<\/p>\n<\/div>\n<\/div>\n\n\n\n<div style=\"height:50px\" aria-hidden=\"true\" class=\"wp-block-spacer\"><\/div>\n\n\n\n<figure class=\"wp-block-gallery columns-3 is-cropped wp-block-gallery-1 is-layout-flex wp-block-gallery-is-layout-flex\"><ul class=\"blocks-gallery-grid\"><li class=\"blocks-gallery-item\"><figure><img loading=\"lazy\" decoding=\"async\" width=\"360\" height=\"414\" src=\"https:\/\/gevelopers.com\/wp-content\/uploads\/2021\/07\/about-gevelopers-infrastructure-img-1.webp\" alt=\"informazioni-gevelopers-infrastrutture-img-1\" data-id=\"4647\" data-full-url=\"https:\/\/gevelopers.com\/wp-content\/uploads\/2021\/07\/about-gevelopers-infrastructure-img-1.webp\" data-link=\"https:\/\/gevelopers.com\/about\/about-gevelopers-infrastructure-img-1\/\" class=\"wp-image-4647\" srcset=\"https:\/\/gevelopers.com\/wp-content\/uploads\/2021\/07\/about-gevelopers-infrastructure-img-1.webp 360w, https:\/\/gevelopers.com\/wp-content\/uploads\/2021\/07\/about-gevelopers-infrastructure-img-1-261x300.webp 261w, https:\/\/gevelopers.com\/wp-content\/uploads\/2021\/07\/about-gevelopers-infrastructure-img-1-10x12.webp 10w\" sizes=\"auto, (max-width: 360px) 100vw, 360px\" \/><\/figure><\/li><li class=\"blocks-gallery-item\"><figure><img loading=\"lazy\" decoding=\"async\" width=\"360\" height=\"256\" src=\"https:\/\/gevelopers.com\/wp-content\/uploads\/2021\/07\/about-gevelopers-infrastructure-img-4.webp\" alt=\"informazioni-gevelopers-infrastrutture-img-4\" data-id=\"4649\" data-full-url=\"https:\/\/gevelopers.com\/wp-content\/uploads\/2021\/07\/about-gevelopers-infrastructure-img-4.webp\" data-link=\"https:\/\/gevelopers.com\/about\/about-gevelopers-infrastructure-img-4\/\" class=\"wp-image-4649\" srcset=\"https:\/\/gevelopers.com\/wp-content\/uploads\/2021\/07\/about-gevelopers-infrastructure-img-4.webp 360w, https:\/\/gevelopers.com\/wp-content\/uploads\/2021\/07\/about-gevelopers-infrastructure-img-4-300x213.webp 300w, https:\/\/gevelopers.com\/wp-content\/uploads\/2021\/07\/about-gevelopers-infrastructure-img-4-16x12.webp 16w\" sizes=\"auto, (max-width: 360px) 100vw, 360px\" \/><\/figure><\/li><li class=\"blocks-gallery-item\"><figure><img loading=\"lazy\" decoding=\"async\" width=\"360\" height=\"414\" src=\"https:\/\/gevelopers.com\/wp-content\/uploads\/2021\/07\/about-gevelopers-infrastructure-img-5.webp\" alt=\"informazioni-gevelopers-infrastrutture-img-5\" data-id=\"4650\" data-full-url=\"https:\/\/gevelopers.com\/wp-content\/uploads\/2021\/07\/about-gevelopers-infrastructure-img-5.webp\" data-link=\"https:\/\/gevelopers.com\/about\/about-gevelopers-infrastructure-img-5\/\" class=\"wp-image-4650\" srcset=\"https:\/\/gevelopers.com\/wp-content\/uploads\/2021\/07\/about-gevelopers-infrastructure-img-5.webp 360w, https:\/\/gevelopers.com\/wp-content\/uploads\/2021\/07\/about-gevelopers-infrastructure-img-5-261x300.webp 261w, https:\/\/gevelopers.com\/wp-content\/uploads\/2021\/07\/about-gevelopers-infrastructure-img-5-10x12.webp 10w\" sizes=\"auto, (max-width: 360px) 100vw, 360px\" \/><\/figure><\/li><li class=\"blocks-gallery-item\"><figure><img loading=\"lazy\" decoding=\"async\" width=\"945\" height=\"700\" src=\"https:\/\/gevelopers.com\/wp-content\/uploads\/2021\/07\/about-gevelopers-infrastructure-img-3.webp\" alt=\"informazioni-gevelopers-infrastrutture-img-3\" data-id=\"4648\" data-full-url=\"https:\/\/gevelopers.com\/wp-content\/uploads\/2021\/07\/about-gevelopers-infrastructure-img-3.webp\" data-link=\"https:\/\/gevelopers.com\/about\/about-gevelopers-infrastructure-img-3\/\" class=\"wp-image-4648\" srcset=\"https:\/\/gevelopers.com\/wp-content\/uploads\/2021\/07\/about-gevelopers-infrastructure-img-3.webp 945w, https:\/\/gevelopers.com\/wp-content\/uploads\/2021\/07\/about-gevelopers-infrastructure-img-3-300x222.webp 300w, https:\/\/gevelopers.com\/wp-content\/uploads\/2021\/07\/about-gevelopers-infrastructure-img-3-768x569.webp 768w, https:\/\/gevelopers.com\/wp-content\/uploads\/2021\/07\/about-gevelopers-infrastructure-img-3-16x12.webp 16w\" sizes=\"auto, (max-width: 945px) 100vw, 945px\" \/><\/figure><\/li><\/ul><\/figure>","protected":false},"excerpt":{"rendered":"<p>Award-winning Software Development Company Since 2015 Gevelopers is not only a globally recognized IT company but also a family filled&#8230;<\/p>","protected":false},"author":1,"featured_media":262,"parent":0,"menu_order":0,"comment_status":"closed","ping_status":"closed","template":"","meta":{"footnotes":""},"class_list":["post-319","page","type-page","status-publish","has-post-thumbnail","hentry"],"_links":{"self":[{"href":"https:\/\/gevelopers.com\/it\/wp-json\/wp\/v2\/pages\/319","targetHints":{"allow":["GET"]}}],"collection":[{"href":"https:\/\/gevelopers.com\/it\/wp-json\/wp\/v2\/pages"}],"about":[{"href":"https:\/\/gevelopers.com\/it\/wp-json\/wp\/v2\/types\/page"}],"author":[{"embeddable":true,"href":"https:\/\/gevelopers.com\/it\/wp-json\/wp\/v2\/users\/1"}],"replies":[{"embeddable":true,"href":"https:\/\/gevelopers.com\/it\/wp-json\/wp\/v2\/comments?post=319"}],"version-history":[{"count":0,"href":"https:\/\/gevelopers.com\/it\/wp-json\/wp\/v2\/pages\/319\/revisions"}],"wp:featuredmedia":[{"embeddable":true,"href":"https:\/\/gevelopers.com\/it\/wp-json\/wp\/v2\/media\/262"}],"wp:attachment":[{"href":"https:\/\/gevelopers.com\/it\/wp-json\/wp\/v2\/media?parent=319"}],"curies":[{"name":"wp","href":"https:\/\/api.w.org\/{rel}","templated":true}]}}