{"id":948,"date":"2021-05-07T10:34:03","date_gmt":"2021-05-07T10:34:03","guid":{"rendered":"https:\/\/gevelopers.com\/?page_id=948"},"modified":"2021-07-23T07:14:22","modified_gmt":"2021-07-23T07:14:22","slug":"design","status":"publish","type":"page","link":"https:\/\/gevelopers.com\/it\/design\/","title":{"rendered":"Progettare per tutte le tavolozze di gusto dal concetto al prodotto finale"},"content":{"rendered":"<p>Il design semplice \u00e8 un processo complesso. Lo semplifichiamo concentrandoci su sfide e soluzioni, seguite dalla creazione di interfacce utente funzionali che tengono il pubblico al centro.<\/p>\n\n\n\n<div class=\"wp-block-columns is-layout-flex wp-container-core-columns-is-layout-9d6595d7 wp-block-columns-is-layout-flex\">\n<div class=\"wp-block-column is-layout-flow wp-block-column-is-layout-flow\">\n<p class=\"has-text-align-center\"><strong>La differenza<\/strong><\/p>\n<\/div>\n<\/div>\n\n\n\n<h4 class=\"has-text-align-center wp-block-heading\">Diciamo che la scoperta \u00e8 al centro dell&#039;ingegno. Abbiamo imparato un po&#039; di follia mescolata con grande disciplina, creiamo capolavori - lo chiamiamo &quot;Officina della scoperta&quot;.<\/h4>\n\n\n\n<div class=\"wp-block-columns is-layout-flex wp-container-core-columns-is-layout-9d6595d7 wp-block-columns-is-layout-flex\">\n<div class=\"wp-block-column is-layout-flow wp-block-column-is-layout-flow\">\n<center><img decoding=\"async\" src=\"https:\/\/gevelopers.com\/wp-content\/uploads\/2021\/05\/img-wireframes1.svg\" alt=\"img-wireframe-gevelopers\" ><\/center>\n<\/div>\n<\/div>\n\n\n\n<div class=\"wp-block-columns is-layout-flex wp-container-core-columns-is-layout-9d6595d7 wp-block-columns-is-layout-flex\">\n<div class=\"wp-block-column is-layout-flow wp-block-column-is-layout-flow\">\n<h2 class=\"has-text-align-center wp-block-heading\" id=\"discovery-workshop\">Perch\u00e9 la tua idea ha bisogno di un &quot;laboratorio&quot;?<\/h2>\n<\/div>\n<\/div>\n\n\n\n<div class=\"wp-block-columns is-layout-flex wp-container-core-columns-is-layout-9d6595d7 wp-block-columns-is-layout-flex\">\n<div class=\"wp-block-column is-layout-flow wp-block-column-is-layout-flow\">\n<h3 class=\"wp-block-heading\">Pensare<\/h3>\n\n\n\n<p>Non tutti i requisiti sono pronti per lo sviluppo<\/p>\n<\/div>\n\n\n\n<div class=\"wp-block-column is-layout-flow wp-block-column-is-layout-flow\">\n<h3 class=\"wp-block-heading\">Organizzare<\/h3>\n\n\n\n<p>Le idee si evolvono e hanno bisogno di essere confinate in un confine<\/p>\n<\/div>\n\n\n\n<div class=\"wp-block-column is-layout-flow wp-block-column-is-layout-flow\">\n<h3 class=\"wp-block-heading\">dare priorit\u00e0<\/h3>\n\n\n\n<p>Organizza i tuoi pensieri per il massimo impatto<\/p>\n<\/div>\n<\/div>\n\n\n\n<div class=\"wp-block-columns is-layout-flex wp-container-core-columns-is-layout-9d6595d7 wp-block-columns-is-layout-flex\">\n<div class=\"wp-block-column is-layout-flow wp-block-column-is-layout-flow\">\n<h3 class=\"wp-block-heading\">Obiettivi<\/h3>\n\n\n\n<p>Un prodotto di qualit\u00e0 deve avere obiettivi chiaramente definiti<\/p>\n<\/div>\n\n\n\n<div class=\"wp-block-column is-layout-flow wp-block-column-is-layout-flow\">\n<h3 class=\"wp-block-heading\">Quantificare<\/h3>\n\n\n\n<p>Scopo di derivazione, per tempi e budget accurati<\/p>\n<\/div>\n\n\n\n<div class=\"wp-block-column is-layout-flow wp-block-column-is-layout-flow\">\n<h3 class=\"wp-block-heading\">Tabella di marcia<\/h3>\n\n\n\n<p>Scegliere il giusto approccio tecnologico allo sviluppo<\/p>\n<\/div>\n<\/div>\n\n\n\n<div style=\"height:50px\" aria-hidden=\"true\" class=\"wp-block-spacer\"><\/div>\n\n\n\n<p class=\"has-text-align-center\">Benefici<\/p>\n\n\n\n<h2 class=\"has-text-align-center wp-block-heading\">Vantaggi della scoperta\/progetto Primo approccio<\/h2>\n\n\n\n<p class=\"has-text-align-center\">Discovery Workshop \u00e8 progettato per alimentare il team di ingegneri, anche se non il contrario di come fanno tradizionalmente molte aziende IT.<\/p>\n\n\n\n<div class=\"wp-block-columns is-layout-flex wp-container-core-columns-is-layout-9d6595d7 wp-block-columns-is-layout-flex\">\n<div class=\"wp-block-column is-layout-flow wp-block-column-is-layout-flow\">\n<center><img decoding=\"async\" src=\"https:\/\/gevelopers.com\/wp-content\/uploads\/2021\/05\/ic-benefits-strategy1.svg\"><\/center>\n\n\n\n<h5 class=\"has-text-align-center wp-block-heading\">Strategia chiara<\/h5>\n\n\n\n<p class=\"has-text-align-center\">Lavoriamo con te per ridurre il disordine e rimanere concentrati sulla definizione delle funzionalit\u00e0 di sistema critiche per creare un prodotto pronto per il lancio.<\/p>\n<\/div>\n\n\n\n<div class=\"wp-block-column is-layout-flow wp-block-column-is-layout-flow\">\n<center><img decoding=\"async\" src=\"https:\/\/gevelopers.com\/wp-content\/uploads\/2021\/05\/ic-benefits-speed1.svg\" alt=\"\"><\/center>\n\n\n\n<h5 class=\"has-text-align-center wp-block-heading\">Velocit\u00e0<\/h5>\n\n\n\n<p class=\"has-text-align-center\">Sfruttare al massimo il nostro impegno con una mentalit\u00e0 agile per produrre risultati visibili, rispetto al modo tradizionale.<\/p>\n<\/div>\n\n\n\n<div class=\"wp-block-column is-layout-flow wp-block-column-is-layout-flow\">\n<center><img decoding=\"async\" src=\"https:\/\/gevelopers.com\/wp-content\/uploads\/2021\/05\/ic-benefits-lower-risk1.svg\" alt=\"\"><\/center>\n\n\n\n<h5 class=\"has-text-align-center wp-block-heading\">Rischio pi\u00f9 basso<\/h5>\n\n\n\n<p class=\"has-text-align-center\">Prima di investire ingenti somme in anticipo nell&#039;intero progetto e impegnarsi in modo cieco, definire qualcosa che sia sostenibile e realizzabile.<\/p>\n<\/div>\n\n\n\n<div class=\"wp-block-column is-layout-flow wp-block-column-is-layout-flow\">\n<center><img decoding=\"async\" src=\"https:\/\/gevelopers.com\/wp-content\/uploads\/2021\/05\/ic-benefits-cost-effective1.svg\" alt=\"\"><\/center>\n\n\n\n<h5 class=\"has-text-align-center wp-block-heading\">Conveniente<\/h5>\n\n\n\n<p class=\"has-text-align-center\">Lavoriamo con te per definire il prodotto minimo lanciabile in modo che tu possa dare la priorit\u00e0 agli investimenti per un migliore ROI, permettendoti di concentrarti sulla crescita.<\/p>\n<\/div>\n<\/div>\n\n\n\n<div style=\"height:50px\" aria-hidden=\"true\" class=\"wp-block-spacer\"><\/div>\n\n\n\n<h2 class=\"has-text-align-center wp-block-heading\">Dagli sprint di scoperta allo sviluppo agile<\/h2>\n\n\n\n<div class=\"wp-block-columns is-layout-flex wp-container-core-columns-is-layout-9d6595d7 wp-block-columns-is-layout-flex\">\n<div class=\"wp-block-column is-layout-flow wp-block-column-is-layout-flow\">\n<div class=\"alignnormal\"><div id=\"metaslider-id-981\" style=\"width: 100%;\" class=\"ml-slider-3-104-0 metaslider metaslider-flex metaslider-981 ml-slider ms-theme-default nav-hidden\" role=\"region\" aria-label=\"slide\" data-height=\"300\" data-width=\"700\">\n    <div id=\"metaslider_container_981\">\n        <div id=\"metaslider_981\">\n            <ul class='slides'>\n                <li style=\"display: block; width: 100%;\" class=\"slide-982 ms-image\" aria-roledescription=\"slide\" data-date=\"2021-05-07 12:53:09\" data-filename=\"index1.webp\" data-slide-type=\"image\"><img loading=\"lazy\" decoding=\"async\" src=\"https:\/\/gevelopers.com\/wp-content\/uploads\/2021\/05\/index1.webp\" height=\"300\" width=\"700\" alt=\"slider-index1-gevelopers\" class=\"slider-981 slide-982 msDefaultImage\" title=\"slider-index1-gevelopers\" \/><\/li>\n                <li style=\"display: none; width: 100%;\" class=\"slide-983 ms-image\" aria-roledescription=\"slide\" data-date=\"2021-05-07 12:53:21\" data-filename=\"index2.webp\" data-slide-type=\"image\"><img loading=\"lazy\" decoding=\"async\" src=\"https:\/\/gevelopers.com\/wp-content\/uploads\/2021\/05\/index2.webp\" height=\"300\" width=\"700\" alt=\"slider-index2-gevelopers\" class=\"slider-981 slide-983 msDefaultImage\" title=\"slider-index2-gevelopers\" \/><\/li>\n                <li style=\"display: none; width: 100%;\" class=\"slide-984 ms-image\" aria-roledescription=\"slide\" data-date=\"2021-05-07 12:53:28\" data-filename=\"index3.webp\" data-slide-type=\"image\"><img loading=\"lazy\" decoding=\"async\" src=\"https:\/\/gevelopers.com\/wp-content\/uploads\/2021\/05\/index3.webp\" height=\"300\" width=\"700\" alt=\"slider-index3-gevelopers\" class=\"slider-981 slide-984 msDefaultImage\" title=\"slider-index3-gevelopers\" \/><\/li>\n            <\/ul>\n        <\/div>\n        \n    <\/div>\n<\/div><\/div>\n<\/div>\n<\/div>\n\n\n\n<h5 class=\"wp-block-heading\">Forniamo prodotti di qualit\u00e0 che rimangono all&#039;interno del budget predefinito identificando e adattandoci ai cambiamenti molto prima nell&#039;intero processo, evitando una fase irreversibile in cui il costo delle modifiche \u00e8 pi\u00f9 elevato.<\/h5>\n\n\n\n<div style=\"height:50px\" aria-hidden=\"true\" class=\"wp-block-spacer\"><\/div>\n\n\n\n<p class=\"has-text-align-center\">Il processo<\/p>\n\n\n\n<h2 class=\"has-text-align-center wp-block-heading\">Come funziona?<\/h2>\n\n\n\n<div class=\"wp-block-columns is-layout-flex wp-container-core-columns-is-layout-9d6595d7 wp-block-columns-is-layout-flex\">\n<div class=\"wp-block-column is-layout-flow wp-block-column-is-layout-flow\">\n<p class=\"has-text-align-center\">Per ogni workshop assegniamo un analista dedicato, un designer UI\/UX e un team tecnico che lavorano con te, per rendere giustizia alle tue idee con le soluzioni pi\u00f9 pertinenti e tecnicamente avanzate.<\/p>\n\n\n\n<center><img decoding=\"async\" src=\"https:\/\/gevelopers.com\/wp-content\/uploads\/2021\/05\/design-how-it-work-gevelopers.webp\" alt=\"design-come-funziona-gevelopers\"><\/center>\n<\/div>\n<\/div>\n\n\n\n<div class=\"wp-block-columns is-layout-flex wp-container-core-columns-is-layout-9d6595d7 wp-block-columns-is-layout-flex\">\n<div class=\"wp-block-column is-layout-flow wp-block-column-is-layout-flow\">\n<img decoding=\"async\" src=\"https:\/\/gevelopers.com\/wp-content\/uploads\/2021\/05\/img-process-discover-device-gevelopers.webp\" alt=\"img-process-discover-device-gevelopers\">\n<\/div>\n\n\n\n<div class=\"wp-block-column is-layout-flow wp-block-column-is-layout-flow\">\n<p>Pubblico target, mercato e problema<\/p>\n\n\n\n<h3 class=\"wp-block-heading\" id=\"analysis\">Scopri e inventa<\/h3>\n\n\n\n<h4 class=\"wp-block-heading\">Analisi di mercato<\/h4>\n\n\n\n<p>Rivedere ci\u00f2 che \u00e8 gi\u00e0 stato fatto da soluzioni simili sul mercato ed elevare l&#039;esperienza<\/p>\n\n\n\n<h4 class=\"wp-block-heading\">Requisiti<\/h4>\n\n\n\n<p>Identificare le esigenze principali e la visione della soluzione con elaborate sessioni di brainstorming<\/p>\n\n\n\n<h4 class=\"wp-block-heading\">Concettualizzazione<\/h4>\n\n\n\n<p>Identificare il problema principale del business da risolvere mantenendo gli utenti finali al centro<\/p>\n<\/div>\n<\/div>\n\n\n\n<div style=\"height:50px\" aria-hidden=\"true\" class=\"wp-block-spacer\"><\/div>\n\n\n\n<div class=\"wp-block-columns is-layout-flex wp-container-core-columns-is-layout-9d6595d7 wp-block-columns-is-layout-flex\">\n<div class=\"wp-block-column is-layout-flow wp-block-column-is-layout-flow\">\n<p>Progetto del nucleo<\/p>\n\n\n\n<h3 class=\"wp-block-heading\" id=\"wireframe\">Definisci e perfeziona<\/h3>\n\n\n\n<h4 class=\"wp-block-heading\">Mappa mentale<\/h4>\n\n\n\n<p>Progettare l&#039;architettura delle informazioni con moduli e attivit\u00e0 chiave in una gerarchia logica<\/p>\n\n\n\n<h4 class=\"wp-block-heading\">Percorsi dell&#039;utente<\/h4>\n\n\n\n<p>Analisi euristica del comportamento degli utenti lavorando a ritroso per progettare elementi che gli utenti anticipano<\/p>\n\n\n\n<h4 class=\"wp-block-heading\">Wireframe<\/h4>\n\n\n\n<p>Rappresentazione concettuale basata su blocchi per scoprire la rappresentazione visiva degli elementi informativi chiave<\/p>\n<\/div>\n\n\n\n<div class=\"wp-block-column is-layout-flow wp-block-column-is-layout-flow\">\n<img decoding=\"async\" src=\"https:\/\/gevelopers.com\/wp-content\/uploads\/2021\/05\/img-process-define-refine-gevelopers-1.webp\" alt=\"define-refine-gevelopers\">\n<\/div>\n<\/div>\n\n\n\n<div style=\"height:50px\" aria-hidden=\"true\" class=\"wp-block-spacer\"><\/div>\n\n\n\n<div class=\"wp-block-columns is-layout-flex wp-container-core-columns-is-layout-9d6595d7 wp-block-columns-is-layout-flex\">\n<div class=\"wp-block-column is-layout-flow wp-block-column-is-layout-flow\">\n<img decoding=\"async\" src=\"https:\/\/gevelopers.com\/wp-content\/uploads\/2021\/05\/img-process-ui-ux1.webp\" alt=\"img-process-ui-ux-gevelopers\">\n<\/div>\n\n\n\n<div class=\"wp-block-column is-layout-flow wp-block-column-is-layout-flow\">\n<p>Interfaccia, esperienza e grafica<\/p>\n\n\n\n<h3 class=\"wp-block-heading\" id=\"design\">Progettazione UI\/UX<\/h3>\n\n\n\n<h4 class=\"wp-block-heading\">Interfaccia<\/h4>\n\n\n\n<p>Creazione chirurgica di bellissimi pixel per creare un&#039;interfaccia visivamente accattivante di schermi pertinenti<\/p>\n\n\n\n<h4 class=\"wp-block-heading\">Esperienza digitale<\/h4>\n\n\n\n<p>Creare un design funzionale orchestrando attentamente l&#039;interfaccia, le informazioni e l&#039;interazione<\/p>\n\n\n\n<h4 class=\"wp-block-heading\">Progettazione oggettiva<\/h4>\n\n\n\n<p>Creare un design che non solo abbia un aspetto sbalorditivo, ma si attenga anche alla risoluzione del nocciolo del problema<\/p>\n<\/div>\n<\/div>\n\n\n\n<div style=\"height:50px\" aria-hidden=\"true\" class=\"wp-block-spacer\"><\/div>\n\n\n\n<div class=\"wp-block-columns is-layout-flex wp-container-core-columns-is-layout-9d6595d7 wp-block-columns-is-layout-flex\">\n<div class=\"wp-block-column is-layout-flow wp-block-column-is-layout-flow\">\n<h3 class=\"wp-block-heading\">Il design non \u00e8 come sembra. Ma come funziona.<\/h3>\n\n\n\n<p>- Steve Jobs<\/p>\n\n\n\n<p>I sistemi complessi sono facili da creare. Ci vuole un approccio chirurgico per creare progetti funzionali che consentano agli utenti di sentirsi bene durante l&#039;utilizzo del web\/software o di un&#039;app.<\/p>\n\n\n\n<p>La creazione di interfacce semplici e significative attraverso gli schermi richiede un&#039;attenta orchestrazione di tutti gli ingredienti chiave.<\/p>\n<\/div>\n\n\n\n<div class=\"wp-block-column is-layout-flow wp-block-column-is-layout-flow\">\n<img decoding=\"async\" src=\"https:\/\/gevelopers.com\/wp-content\/uploads\/2021\/05\/design-quote-artwork-img1.svg\" alt=\"design-quote-artwork-gevelopers\">\n<\/div>\n<\/div>\n\n\n\n<div class=\"wp-block-columns is-layout-flex wp-container-core-columns-is-layout-9d6595d7 wp-block-columns-is-layout-flex\">\n<div class=\"wp-block-column is-layout-flow wp-block-column-is-layout-flow\">\n<img decoding=\"async\" src=\"https:\/\/gevelopers.com\/wp-content\/uploads\/2021\/05\/img-process-handover-gevelopers.webp\" alt=\"img-process-handover-gevelopers\" >\n<\/div>\n\n\n\n<div class=\"wp-block-column is-layout-flow wp-block-column-is-layout-flow\">\n<p>Dalla scoperta allo sviluppo<\/p>\n\n\n\n<h3 class=\"wp-block-heading\">Devolvere<\/h3>\n\n\n\n<h4 class=\"wp-block-heading\">Continuando dalla scoperta allo sviluppo<\/h4>\n\n\n\n<p>Il processo di consegna - indipendentemente da chi sia il team tecnico, fungono da catalizzatore per continuare lo stesso slancio e profondit\u00e0 del concetto da progettare. Ci\u00f2 \u00e8 garantito dal design visivo nei minimi dettagli, dal flusso funzionale e dalle linee guida di progettazione che sono pronte per essere spedite in bundle.<\/p>\n<\/div>\n<\/div>\n\n\n\n<div class=\"wp-block-columns is-layout-flex wp-container-core-columns-is-layout-9d6595d7 wp-block-columns-is-layout-flex\">\n<div class=\"wp-block-column is-layout-flow wp-block-column-is-layout-flow\">\n<p class=\"has-text-align-center\">Approfondimenti chiave<\/p>\n\n\n\n<h2 class=\"has-text-align-center wp-block-heading\">Buono a sapersi<\/h2>\n\n\n\n<div class=\"wp-block-columns is-layout-flex wp-container-core-columns-is-layout-9d6595d7 wp-block-columns-is-layout-flex\">\n<div class=\"wp-block-column is-layout-flow wp-block-column-is-layout-flow\">\n<p>Ogni workshop pu\u00f2 essere personalizzato in base a dove ti trovi con le tue esigenze.<\/p>\n<\/div>\n\n\n\n<div class=\"wp-block-column is-layout-flow wp-block-column-is-layout-flow\">\n<p>Tutto inizia con una fase di brainstorming e analisi guidata da esperti in materia.<\/p>\n<\/div>\n\n\n\n<div class=\"wp-block-column is-layout-flow wp-block-column-is-layout-flow\">\n<p>I wireframe sono seguiti e si basano sui requisiti raccolti dagli analisti.<\/p>\n<\/div>\n<\/div>\n<\/div>\n<\/div>\n\n\n\n<div class=\"wp-block-columns is-layout-flex wp-container-core-columns-is-layout-9d6595d7 wp-block-columns-is-layout-flex\">\n<div class=\"wp-block-column is-layout-flow wp-block-column-is-layout-flow\">\n<p>I design dell&#039;interfaccia utente si basano sempre sui wireframe derivati e sui percorsi utente identificati.<\/p>\n<\/div>\n\n\n\n<div class=\"wp-block-column is-layout-flow wp-block-column-is-layout-flow\">\n<p>Per ogni stakeholder del sistema, deve essere creato un flusso di interfaccia utente separato con schermate dettagliate.<\/p>\n<\/div>\n\n\n\n<div class=\"wp-block-column is-layout-flow wp-block-column-is-layout-flow\">\n<p>Dopo i progetti dell&#039;interfaccia utente, deve essere presentato un prototipo interattivo contenente i progetti<\/p>\n<\/div>\n<\/div>\n\n\n\n<div class=\"wp-block-columns is-layout-flex wp-container-core-columns-is-layout-9d6595d7 wp-block-columns-is-layout-flex\">\n<div class=\"wp-block-column is-layout-flow wp-block-column-is-layout-flow\">\n<p>Ogni fase \u00e8 preceduta dalla fase precedente come illustrato nel Modello di officina.<\/p>\n<\/div>\n\n\n\n<div class=\"wp-block-column is-layout-flow wp-block-column-is-layout-flow\">\n<p>Siamo assolutamente d&#039;accordo a saltare un passaggio del workshop se \u00e8 qualcosa che hai gi\u00e0 raggiunto O puoi ottenere da solo.<\/p>\n<\/div>\n\n\n\n<div class=\"wp-block-column is-layout-flow wp-block-column-is-layout-flow\">\n<p>Lavoriamo con tutti i toolkit moderni, ad esempio Sketch, Invision e, a volte, vari altri strumenti come Principal, Flinto e Adobe XD<\/p>\n<\/div>\n<\/div>","protected":false},"excerpt":{"rendered":"<p>Simple design is a complex process. We simplify it by focusing on Challenges and Solutions followed by building functional user&#8230;<\/p>","protected":false},"author":1,"featured_media":261,"parent":0,"menu_order":0,"comment_status":"closed","ping_status":"closed","template":"","meta":{"footnotes":""},"class_list":["post-948","page","type-page","status-publish","has-post-thumbnail","hentry"],"_links":{"self":[{"href":"https:\/\/gevelopers.com\/it\/wp-json\/wp\/v2\/pages\/948","targetHints":{"allow":["GET"]}}],"collection":[{"href":"https:\/\/gevelopers.com\/it\/wp-json\/wp\/v2\/pages"}],"about":[{"href":"https:\/\/gevelopers.com\/it\/wp-json\/wp\/v2\/types\/page"}],"author":[{"embeddable":true,"href":"https:\/\/gevelopers.com\/it\/wp-json\/wp\/v2\/users\/1"}],"replies":[{"embeddable":true,"href":"https:\/\/gevelopers.com\/it\/wp-json\/wp\/v2\/comments?post=948"}],"version-history":[{"count":0,"href":"https:\/\/gevelopers.com\/it\/wp-json\/wp\/v2\/pages\/948\/revisions"}],"wp:featuredmedia":[{"embeddable":true,"href":"https:\/\/gevelopers.com\/it\/wp-json\/wp\/v2\/media\/261"}],"wp:attachment":[{"href":"https:\/\/gevelopers.com\/it\/wp-json\/wp\/v2\/media?parent=948"}],"curies":[{"name":"wp","href":"https:\/\/api.w.org\/{rel}","templated":true}]}}