{"id":1085,"date":"2021-05-08T10:17:54","date_gmt":"2021-05-08T10:17:54","guid":{"rendered":"https:\/\/gevelopers.com\/?page_id=1085"},"modified":"2021-07-23T08:39:48","modified_gmt":"2021-07-23T08:39:48","slug":"internet-of-things","status":"publish","type":"page","link":"https:\/\/gevelopers.com\/pt\/internet-of-things\/","title":{"rendered":"Industry based IoT Solutions &#038; Applications"},"content":{"rendered":"<div class=\"wp-block-columns is-layout-flex wp-container-core-columns-is-layout-9d6595d7 wp-block-columns-is-layout-flex\">\n<div class=\"wp-block-column is-layout-flow wp-block-column-is-layout-flow\">\n<p class=\"has-text-align-center\">IoT is unleashing tremendous opportunities with connected devices. Gevelopers is a top IoT services &amp; solutions providing company that helps your business reach out to the audience effectively with IoT applications for modern hardware connected systems.<\/p>\n<\/div>\n<\/div>\n\n\n\n<div class=\"wp-block-columns is-layout-flex wp-container-core-columns-is-layout-9d6595d7 wp-block-columns-is-layout-flex\">\n<div class=\"wp-block-column is-layout-flow wp-block-column-is-layout-flow\">\n<h2 class=\"wp-block-heading\" id=\"industrial-automation\">IoT Solutions for Automotive<\/h2>\n\n\n\n<p>With the help of Bluetooth powered OBD-2 devices, GPS, Geofencing and IoT technology, we develop and deliver Connected Cars solutions. It helps in gathering real-time and constant data about the vehicle, location and other details that are used to cater to various business applications. IoT solutions for the automotive industry can be a perfect blend of onboard sensors, custom mobile app, cloud storage along with the technology used to fetch data. It helps in IoT applications and solutions like:<\/p>\n\n\n\n<p>OBD-2 based Vehicle Diagnostic Solution<br>Remote Vehicle Monitoring<br>Driving Behavior Monitoring &amp; Safety<br>Smart Fleet Management System<br>Predictive Vehicle Maintenance<br>Smart Transportation &amp; Logistics<br>School Bus Tracking<\/p>\n<\/div>\n\n\n\n<div class=\"wp-block-column is-layout-flow wp-block-column-is-layout-flow\">\n<img decoding=\"async\" src=\"https:\/\/gevelopers.com\/wp-content\/uploads\/2021\/05\/img-iot-automotive1.webp\" alt=\"img-iot-automotive-gevelopers\" >\n<\/div>\n<\/div>\n\n\n\n<div class=\"wp-block-columns is-layout-flex wp-container-core-columns-is-layout-9d6595d7 wp-block-columns-is-layout-flex\">\n<div class=\"wp-block-column is-layout-flow wp-block-column-is-layout-flow\">\n<img decoding=\"async\" src=\"https:\/\/gevelopers.com\/wp-content\/uploads\/2021\/05\/img-iot-smart-city1.webp\" alt=\"img-iot-smart-city-gevelopers\" >\n\n\n\n<p><\/p>\n<\/div>\n\n\n\n<div class=\"wp-block-column is-layout-flow wp-block-column-is-layout-flow\">\n<h2 class=\"wp-block-heading\">IoT Solutions for Retail<\/h2>\n\n\n\n<p>Gain a business advantage in the retail industry by implementing the most advanced IoT solutions developed by us. With 20+ years of experience in providing IT solutions for retail businesses, we can help your retail business optimize supply chain management with best-in-class IoT applications and IoT solutions development. Our proposed smart retail solutions can guarantee improved and optimum customer experience that will boost customer retention and loyalty.<\/p>\n\n\n\n<p>Complete Factory Automation<br>Remote Monitoring &amp; Quality Checks<br>Track Manufacturing Equipment with IoT Sensors<br>Smart Asset Tracking Solutions<br>Smart Warehouse Management System<br>Fleet Management Solutions<br>Custom Web and Mobile Apps for Analysis<\/p>\n<\/div>\n<\/div>\n\n\n\n<div class=\"wp-block-columns is-layout-flex wp-container-core-columns-is-layout-9d6595d7 wp-block-columns-is-layout-flex\">\n<div class=\"wp-block-column is-layout-flow wp-block-column-is-layout-flow\">\n<h2 class=\"wp-block-heading\" id=\"home-automation\">Smart Home Automation<\/h2>\n\n\n\n<p>We deliver ultimate in-home living and lifestyle experiences leveraging IoT technology applications in the real estate industry. Smart Home Automation solutions offered by us are proven, customer-centric and completely bespoke given various needs of our clients. We offer home automation solutions with Android and iOS app development to control and monitor switches, door contact, motion &amp; light sensors,Smart thermostats, Indoor security camera, smart locks,etc.<\/p>\n\n\n\n<div class=\"wp-block-columns is-layout-flex wp-container-core-columns-is-layout-9d6595d7 wp-block-columns-is-layout-flex\">\n<div class=\"wp-block-column is-layout-flow wp-block-column-is-layout-flow\">\n<p>Waste Management<br>Water Leakages Detection<br>Parking Management<br>Home Security Management<br>Measure &amp; Control Home Environment with IoT Sensors<\/p>\n<\/div>\n\n\n\n<div class=\"wp-block-column is-layout-flow wp-block-column-is-layout-flow\">\n<p>Manage Home Appliances with IoT based Mobile Apps<br>Run Personalized Schedules<br>Control Home Access<br>Energy Savings &amp; Optimization<\/p>\n<\/div>\n<\/div>\n<\/div>\n\n\n\n<div class=\"wp-block-column is-layout-flow wp-block-column-is-layout-flow\">\n<img decoding=\"async\" src=\"https:\/\/gevelopers.com\/wp-content\/uploads\/2021\/05\/img-iot-smart-home1.webp\" alt=\"img-iot-smart-home-gevelopers\" >\n<\/div>\n<\/div>\n\n\n\n<div class=\"wp-block-columns is-layout-flex wp-container-core-columns-is-layout-9d6595d7 wp-block-columns-is-layout-flex\">\n<div class=\"wp-block-column is-layout-flow wp-block-column-is-layout-flow\">\n<img decoding=\"async\" src=\"https:\/\/gevelopers.com\/wp-content\/uploads\/2021\/05\/img-iot-m2m-industrial-iot1.webp\" alt=\"img-iot-m2m-industrial-iot-gevelopers\" >\n<\/div>\n\n\n\n<div class=\"wp-block-column is-layout-flow wp-block-column-is-layout-flow\">\n<h2 class=\"wp-block-heading\" id=\"connected-devices\">Industrial IoT<\/h2>\n\n\n\n<p>We help enterprises and manufacturing streamline complex business processes while enhancing overall productivity with Industrial IoT applications. Our smart manufacturing and industry IoT applications can be used to share information from machine-to-machine and humans, therefore providing ultimate transparency in real-time. Also, we offer IoT applications for efficient asset tracking, supply chain, and warehouse management along with delivery solutions.<\/p>\n\n\n\n<p>Complete Factory Automation<br>Remote Monitoring &amp; Quality Checks<br>Track Manufacturing Equipment with IoT Sensors<br>Smart Asset Tracking Solutions<br>Smart Warehouse Management System<br>Fleet Management Solutions<br>Custom Web and Mobile Apps for Analysis<\/p>\n<\/div>\n<\/div>\n\n\n\n<div class=\"wp-block-columns is-layout-flex wp-container-core-columns-is-layout-9d6595d7 wp-block-columns-is-layout-flex\">\n<div class=\"wp-block-column is-layout-flow wp-block-column-is-layout-flow\">\n<h2 class=\"wp-block-heading\">Smart Healthcare<\/h2>\n\n\n\n<p>Internet of Things technology has been a boon for the healthcare industry and we feel proud being a part of it. We provide bespoke and smart healthcare solutions using IoT and other technologies like custom iOS and Android app development, AR-VR, AI-ML, wearables, etc. Our HIPAA compliant IoT applications for healthcare offer easy determination of EMR and EHR records along with other benefits to the healthcare agencies, professionals and end users (patients) too.<\/p>\n\n\n\n<div class=\"wp-block-columns is-layout-flex wp-container-core-columns-is-layout-9d6595d7 wp-block-columns-is-layout-flex\">\n<div class=\"wp-block-column is-layout-flow wp-block-column-is-layout-flow\">\n<p>Remote health monitoring<br>Ambulance telemetry<br>Drug tracking<br>Hospital asset tracking<br>Remote Patient Diagnostics<\/p>\n<\/div>\n\n\n\n<div class=\"wp-block-column is-layout-flow wp-block-column-is-layout-flow\">\n<p>AI-ML Driven Health Diagnosis<br>Hospital Mobility Solutions<br>IoT for Health Insurance Companies<br>Apps for Medical IoT Devices<br>Smart Inventory Management<\/p>\n<\/div>\n<\/div>\n<\/div>\n\n\n\n<div class=\"wp-block-column is-layout-flow wp-block-column-is-layout-flow\">\n<img decoding=\"async\" src=\"https:\/\/gevelopers.com\/wp-content\/uploads\/2021\/05\/img-iot-smart-health1.webp\" alt=\"img-iot-smart-health-gevelopers\" >\n<\/div>\n<\/div>\n\n\n\n<div class=\"wp-block-columns is-layout-flex wp-container-core-columns-is-layout-9d6595d7 wp-block-columns-is-layout-flex\">\n<div class=\"wp-block-column is-layout-flow wp-block-column-is-layout-flow\">\n<img decoding=\"async\" src=\"https:\/\/gevelopers.com\/wp-content\/uploads\/2021\/05\/img-iot-smart-energy-management1.webp\" alt=\"img-iot-smart-energy-management-gevelopers\" >\n<\/div>\n\n\n\n<div class=\"wp-block-column is-layout-flow wp-block-column-is-layout-flow\">\n<h2 class=\"wp-block-heading\">Smart Energy Management<\/h2>\n\n\n\n<p>We help businesses save 30% on energy costs with our smart energy management solutions. With a mixture of IoT sensors, AI-ML technology and Big Data, businesses can get important insights on saving energy consumption and increase overall energy efficiency. Our IoT solutions for energy management help businesses in waste source identification and reduce carbon footprints with improved predictive energy optimization.<\/p>\n\n\n\n<p>Smart Meter Systems<br>Remote Energy Equipment Monitoring<br>Predictive Energy Optimization<br>Data Analytics<\/p>\n<\/div>\n<\/div>\n\n\n\n<div class=\"wp-block-columns is-layout-flex wp-container-core-columns-is-layout-9d6595d7 wp-block-columns-is-layout-flex\">\n<div class=\"wp-block-column is-layout-flow wp-block-column-is-layout-flow\">\n<h2 class=\"has-text-align-center wp-block-heading\">Applications of AI and ML in IoT Apps<\/h2>\n\n\n\n<p class=\"has-text-align-center\">Unlock the new possibilities by meaningful integration of AI and ML technologies to your IoT applications.<\/p>\n<\/div>\n<\/div>\n\n\n\n<div class=\"wp-block-columns is-layout-flex wp-container-core-columns-is-layout-9d6595d7 wp-block-columns-is-layout-flex\">\n<div class=\"wp-block-column is-layout-flow wp-block-column-is-layout-flow\">\n<h3 class=\"wp-block-heading\">Connected Autonomous Vehicles<\/h3>\n\n\n\n<p>Automotive, Transportation<\/p>\n\n\n\n<p>We use ML and deep learning algorithms to power computer vision that helps autonomous vehicles make decisions in a human way.<\/p>\n<\/div>\n\n\n\n<div class=\"wp-block-column is-layout-flow wp-block-column-is-layout-flow\">\n<h3 class=\"wp-block-heading\">Precision Farming &amp; Cultivation<\/h3>\n\n\n\n<p>Agriculture<\/p>\n\n\n\n<p>Precision agriculture uses AI technology and IoT sensors to aid in detecting diseases in plants, pests, and poor plant nutrition on farms.<\/p>\n<\/div>\n\n\n\n<div class=\"wp-block-column is-layout-flow wp-block-column-is-layout-flow\">\n<h3 class=\"wp-block-heading\">Casas inteligentes movidas a voz<\/h3>\n\n\n\n<p>Imobili\u00e1ria<\/p>\n\n\n\n<p>A tecnologia de IA levou \u00e0 constru\u00e7\u00e3o de casas de voz automatizadas, em que o funcionamento \u00e9 controlado por um aplicativo com seguran\u00e7a aprimorada.<\/p>\n<\/div>\n<\/div>\n\n\n\n<div class=\"wp-block-columns is-layout-flex wp-container-core-columns-is-layout-9d6595d7 wp-block-columns-is-layout-flex\">\n<div class=\"wp-block-column is-layout-flow wp-block-column-is-layout-flow\">\n<h3 class=\"wp-block-heading\">Predictions on Patients&#8217; Health<\/h3>\n\n\n\n<p>Cuidados de sa\u00fade<\/p>\n\n\n\n<p>Os aplicativos baseados em ML podem ajudar os m\u00e9dicos a tratar os pacientes com anteced\u00eancia e salvar vidas por meio de previs\u00f5es pr\u00e1ticas baseadas nos dados dos pacientes.<\/p>\n<\/div>\n\n\n\n<div class=\"wp-block-column is-layout-flow wp-block-column-is-layout-flow\">\n<h3 class=\"wp-block-heading\">Magic Mirrors for Virtual Try-on<\/h3>\n\n\n\n<p>Fashion, Retail<\/p>\n\n\n\n<p>Smart mirrors combine sensors, displays, and computer vision powered cams to offer shoppers trending clothing recommendations.<\/p>\n<\/div>\n\n\n\n<div class=\"wp-block-column is-layout-flow wp-block-column-is-layout-flow\">\n<h3 class=\"wp-block-heading\">Motor de recomenda\u00e7\u00e3o<\/h3>\n\n\n\n<p>Media, Shopping<\/p>\n\n\n\n<p>Ele usa o hist\u00f3rico do usu\u00e1rio para sugerir produtos ou servi\u00e7os semelhantes. Assim como as sugest\u00f5es ao comprar na Amazon ou assistir ao Netflix.<\/p>\n<\/div>\n<\/div>","protected":false},"excerpt":{"rendered":"<p>IoT is unleashing tremendous opportunities with connected devices. Gevelopers is a top IoT services &amp; solutions providing company that helps&#8230;<\/p>","protected":false},"author":1,"featured_media":0,"parent":0,"menu_order":0,"comment_status":"closed","ping_status":"closed","template":"","meta":{"footnotes":""},"class_list":["post-1085","page","type-page","status-publish","hentry"],"_links":{"self":[{"href":"https:\/\/gevelopers.com\/pt\/wp-json\/wp\/v2\/pages\/1085","targetHints":{"allow":["GET"]}}],"collection":[{"href":"https:\/\/gevelopers.com\/pt\/wp-json\/wp\/v2\/pages"}],"about":[{"href":"https:\/\/gevelopers.com\/pt\/wp-json\/wp\/v2\/types\/page"}],"author":[{"embeddable":true,"href":"https:\/\/gevelopers.com\/pt\/wp-json\/wp\/v2\/users\/1"}],"replies":[{"embeddable":true,"href":"https:\/\/gevelopers.com\/pt\/wp-json\/wp\/v2\/comments?post=1085"}],"version-history":[{"count":0,"href":"https:\/\/gevelopers.com\/pt\/wp-json\/wp\/v2\/pages\/1085\/revisions"}],"wp:attachment":[{"href":"https:\/\/gevelopers.com\/pt\/wp-json\/wp\/v2\/media?parent=1085"}],"curies":[{"name":"wp","href":"https:\/\/api.w.org\/{rel}","templated":true}]}}