{"id":1175,"date":"2021-05-09T14:07:25","date_gmt":"2021-05-09T14:07:25","guid":{"rendered":"https:\/\/gevelopers.com\/?page_id=1175"},"modified":"2021-07-23T06:28:25","modified_gmt":"2021-07-23T06:28:25","slug":"augmented-reality","status":"publish","type":"page","link":"https:\/\/gevelopers.com\/pt\/augmented-reality\/","title":{"rendered":"Augmented Reality Development"},"content":{"rendered":"<div class=\"wp-block-columns is-layout-flex wp-container-core-columns-is-layout-9d6595d7 wp-block-columns-is-layout-flex\">\n<div class=\"wp-block-column is-layout-flow wp-block-column-is-layout-flow\">\n<h2 class=\"wp-block-heading\">AR Development Accelerating Business Growth<\/h2>\n\n\n\n<p>As a leading augmented reality app development company, we build lifelike AR app experiences that provide a truly augmented touch to reality. Our AR apps run on a range of devices from iPhones and Android phones to HoloLens and smart glasses.<\/p>\n\n\n\n<div class=\"wp-block-buttons is-layout-flex wp-block-buttons-is-layout-flex\">\n<div class=\"wp-block-button\"><a class=\"wp-block-button__link\" href=\"https:\/\/gevelopers.com\/pt\/get-started\/\">Vamos conversar<\/a><\/div>\n<\/div>\n<\/div>\n\n\n\n<div class=\"wp-block-column is-layout-flow wp-block-column-is-layout-flow\">\n<center><img decoding=\"async\" src=\"https:\/\/gevelopers.com\/wp-content\/uploads\/2021\/05\/AR_AppDev_Banner1.webp\" alt=\"AR_AppDev_Banner\" ><\/center>\n<\/div>\n<\/div>\n\n\n\n<div class=\"wp-block-columns is-layout-flex wp-container-core-columns-is-layout-9d6595d7 wp-block-columns-is-layout-flex\">\n<div class=\"wp-block-column is-layout-flow wp-block-column-is-layout-flow\">\n<p class=\"has-text-align-center\">Por que somos conhecidos como<\/p>\n\n\n\n<h2 class=\"has-text-align-center wp-block-heading\">Top AR App Development Company<\/h2>\n<\/div>\n<\/div>\n\n\n\n<div class=\"wp-block-columns is-layout-flex wp-container-core-columns-is-layout-9d6595d7 wp-block-columns-is-layout-flex\">\n<div class=\"wp-block-column is-layout-flow wp-block-column-is-layout-flow\">\n<br><div _ngcontent-c5=\"\" class=\"slide slick-slide slick-current slick-active\" data-slick-index=\"0\" aria-hidden=\"false\" style=\"width: 1110px;\" tabindex=\"-1\" role=\"option\" aria-describedby=\"slick-slide00\"><div _ngcontent-c5=\"\" class=\"row\"><div _ngcontent-c5=\"\" class=\"col-md-6 col-sm-12 flex-sec\"><div _ngcontent-c5=\"\" class=\"img-box\"><!----><picture _ngcontent-c5=\"\"><source _ngcontent-c5=\"\" type=\"image\/webp\" srcset=\"https:\/\/d1i2cp4a5c819e.cloudfront.net\/wp-content\/uploads\/2020\/02\/approch-slide-img-5.svg\"><source _ngcontent-c5=\"\" srcset=\"https:\/\/d1i2cp4a5c819e.cloudfront.net\/wp-content\/uploads\/2020\/02\/approch-slide-img-5.svg\" type=\"image\/svg\"><img _ngcontent-c5=\"\" srcset=\"https:\/\/d1i2cp4a5c819e.cloudfront.net\/wp-content\/uploads\/2020\/02\/approch-slide-img-5.svg\" alt=\"Augmented reality development expertise\"><\/picture><\/div><\/div><div _ngcontent-c5=\"\" class=\"col-md-6 col-sm-12 flex-sec\"><div _ngcontent-c5=\"\" class=\"work-info\"><h3 _ngcontent-c5=\"\">Augmented reality development expertise<\/h3><p _ngcontent-c5=\"\">We provide captivating and immersive AR technologies, whether you want to build an industry solution, virtual stores, training modules or product showcases. We constantly innovate our AR apps using 3D modeling, visualization, 360 imaging, real time character identification and lots more.<\/p><\/div><\/div><\/div><\/div>\n\n\n\n<div class=\"wp-block-columns is-layout-flex wp-container-core-columns-is-layout-9d6595d7 wp-block-columns-is-layout-flex\">\n<div class=\"wp-block-column is-layout-flow wp-block-column-is-layout-flow\">\n<br><div _ngcontent-c5=\"\" class=\"slide slick-slide slick-current slick-active\" data-slick-index=\"1\" aria-hidden=\"false\" style=\"width: 1110px;\" tabindex=\"-1\" role=\"option\" aria-describedby=\"slick-slide01\"><div _ngcontent-c5=\"\" class=\"row\"><div _ngcontent-c5=\"\" class=\"col-md-6 col-sm-12 flex-sec\"><div _ngcontent-c5=\"\" class=\"img-box\"><!----><picture _ngcontent-c5=\"\"><source _ngcontent-c5=\"\" type=\"image\/webp\" srcset=\"https:\/\/d1i2cp4a5c819e.cloudfront.net\/wp-content\/uploads\/2020\/02\/approch-slide-img-2.svg\"><source _ngcontent-c5=\"\" srcset=\"https:\/\/d1i2cp4a5c819e.cloudfront.net\/wp-content\/uploads\/2020\/02\/approch-slide-img-2.svg\" type=\"image\/svg\"><img _ngcontent-c5=\"\" srcset=\"https:\/\/d1i2cp4a5c819e.cloudfront.net\/wp-content\/uploads\/2020\/02\/approch-slide-img-2.svg\" alt=\"Quality delivered in time\"><\/picture><\/div><\/div><div _ngcontent-c5=\"\" class=\"col-md-6 col-sm-12 flex-sec\"><div _ngcontent-c5=\"\" class=\"work-info\"><h3 _ngcontent-c5=\"\">Quality delivered in time<\/h3><p _ngcontent-c5=\"\">We put stringent quality checks at every level of our process. Specially during development, we deploy a dedicated QA team on each project that ensures bug-free, quality AR app development supported by pre-release system check that keeps control over your dedicated timeline.<\/p><\/div><\/div><\/div><\/div>\n<\/div>\n<\/div>\n<\/div>\n<\/div>\n\n\n\n<br><div _ngcontent-c5=\"\" class=\"slide slick-slide slick-current slick-active\" data-slick-index=\"2\" aria-hidden=\"false\" style=\"width: 1110px;\" tabindex=\"-1\" role=\"option\" aria-describedby=\"slick-slide02\"><div _ngcontent-c5=\"\" class=\"row\"><div _ngcontent-c5=\"\" class=\"col-md-6 col-sm-12 flex-sec\"><div _ngcontent-c5=\"\" class=\"img-box\"><!----><picture _ngcontent-c5=\"\"><source _ngcontent-c5=\"\" type=\"image\/webp\" srcset=\"https:\/\/d1i2cp4a5c819e.cloudfront.net\/wp-content\/uploads\/2020\/02\/approch-slide-img-1.svg\"><source _ngcontent-c5=\"\" srcset=\"https:\/\/d1i2cp4a5c819e.cloudfront.net\/wp-content\/uploads\/2020\/02\/approch-slide-img-1.svg\" type=\"image\/svg\"><img _ngcontent-c5=\"\" srcset=\"https:\/\/d1i2cp4a5c819e.cloudfront.net\/wp-content\/uploads\/2020\/02\/approch-slide-img-1.svg\" alt=\"Practical Solutions of Augmented Reality Development\"><\/picture><\/div><\/div><div _ngcontent-c5=\"\" class=\"col-md-6 col-sm-12 flex-sec\"><div _ngcontent-c5=\"\" class=\"work-info\"><h3 _ngcontent-c5=\"\">Practical Solutions of Augmented Reality Development<\/h3><p _ngcontent-c5=\"\">We help you scale your idea in a way that you can achieve your goals one milestone at a time. Instead of big investments into a directionless plan, our budget focused strategy for any idea whether you\u2019re a startup, a business or an enterprise takes you one step at a time<\/p><\/div><\/div><\/div><\/div>\n\n\n\n<br><div _ngcontent-c5=\"\" class=\"slide slick-slide slick-current slick-active\" data-slick-index=\"3\" aria-hidden=\"false\" style=\"width: 1110px;\" tabindex=\"-1\" role=\"option\" aria-describedby=\"slick-slide03\"><div _ngcontent-c5=\"\" class=\"row\"><div _ngcontent-c5=\"\" class=\"col-md-6 col-sm-12 flex-sec\"><div _ngcontent-c5=\"\" class=\"img-box\"><!----><picture _ngcontent-c5=\"\"><source _ngcontent-c5=\"\" type=\"image\/webp\" srcset=\"https:\/\/d1i2cp4a5c819e.cloudfront.net\/wp-content\/uploads\/2020\/02\/approch-slide-img-4.svg\"><source _ngcontent-c5=\"\" srcset=\"https:\/\/d1i2cp4a5c819e.cloudfront.net\/wp-content\/uploads\/2020\/02\/approch-slide-img-4.svg\" type=\"image\/svg\"><img _ngcontent-c5=\"\" srcset=\"https:\/\/d1i2cp4a5c819e.cloudfront.net\/wp-content\/uploads\/2020\/02\/approch-slide-img-4.svg\" alt=\"Highly Skilled AR Developer\"><\/picture><\/div><\/div><div _ngcontent-c5=\"\" class=\"col-md-6 col-sm-12 flex-sec\"><div _ngcontent-c5=\"\" class=\"work-info\"><h3 _ngcontent-c5=\"\">Highly Skilled AR Developer<\/h3><p _ngcontent-c5=\"\">Our team is well-versed with all necessary updates and trends in AR technologies. Their creative minds are constantly at work to ensure  top-notch solutions with latest software testing devices and quality development of AR apps.<\/p><\/div><\/div><\/div><\/div>\n\n\n\n<div class=\"wp-block-columns is-layout-flex wp-container-core-columns-is-layout-9d6595d7 wp-block-columns-is-layout-flex\">\n<div class=\"wp-block-column is-layout-flow wp-block-column-is-layout-flow\">\n<p class=\"has-text-align-center\"><strong>O que n\u00f3s fazemos?<\/strong><\/p>\n\n\n\n<h2 class=\"has-text-align-center wp-block-heading\">Our Expert AR App Development Services<\/h2>\n\n\n\n<div class=\"wp-block-columns is-layout-flex wp-container-core-columns-is-layout-9d6595d7 wp-block-columns-is-layout-flex\">\n<div class=\"wp-block-column is-layout-flow wp-block-column-is-layout-flow\">\n<h4 class=\"wp-block-heading\">Custom AR development<\/h4>\n\n\n\n<p>Creating high impact AR apps using different frameworks like Apple AR kit, Google AR core, Vuforia &amp; wiki tude.<\/p>\n<\/div>\n\n\n\n<div class=\"wp-block-column is-layout-flow wp-block-column-is-layout-flow\">\n<h4 class=\"wp-block-heading\">Industry specific AR App solutions<\/h4>\n\n\n\n<p>Creating AR solutions in navigation, advertising, retail, manufacturing and many more.<\/p>\n<\/div>\n\n\n\n<div class=\"wp-block-column is-layout-flow wp-block-column-is-layout-flow\">\n<h4 class=\"wp-block-heading\">Projection based AR Development<\/h4>\n\n\n\n<p>Digital projection of images, videos, 2d and 3d objects over the physical world.<\/p>\n<\/div>\n<\/div>\n<\/div>\n<\/div>\n\n\n\n<div class=\"wp-block-columns is-layout-flex wp-container-core-columns-is-layout-9d6595d7 wp-block-columns-is-layout-flex\">\n<div class=\"wp-block-column is-layout-flow wp-block-column-is-layout-flow\">\n<h4 class=\"wp-block-heading\">Location based AR Developer<\/h4>\n\n\n\n<p>Enabling Geo-location based AR experiences that are anchored in on real time locations and navigations.<\/p>\n<\/div>\n\n\n\n<div class=\"wp-block-column is-layout-flow wp-block-column-is-layout-flow\">\n<h4 class=\"wp-block-heading\">Recognition based AR<\/h4>\n\n\n\n<p>Enabling real time 360 degree augmented experiences through machine learning technology.<\/p>\n<\/div>\n\n\n\n<div class=\"wp-block-column is-layout-flow wp-block-column-is-layout-flow\">\n<h4 class=\"wp-block-heading\">Support &amp; Maintenance for AR Apps<\/h4>\n\n\n\n<p>Useful AR app consulting based on your personalized business requirements.<\/p>\n<\/div>\n<\/div>\n\n\n\n<div class=\"wp-block-columns is-layout-flex wp-container-core-columns-is-layout-9d6595d7 wp-block-columns-is-layout-flex\">\n<div class=\"wp-block-column is-layout-flow wp-block-column-is-layout-flow\">\n<p class=\"has-text-align-center\">SERVI\u00c7OS DE GEVELOPERS<\/p>\n\n\n\n<h2 class=\"has-text-align-center wp-block-heading\">Olhando para um espectro mais amplo<\/h2>\n\n\n\n<div class=\"wp-block-columns is-layout-flex wp-container-core-columns-is-layout-9d6595d7 wp-block-columns-is-layout-flex\">\n<div class=\"wp-block-column is-layout-flow wp-block-column-is-layout-flow\">\n<figure class=\"wp-block-image size-large\"><img loading=\"lazy\" decoding=\"async\" width=\"300\" height=\"231\" src=\"https:\/\/gevelopers.com\/wp-content\/uploads\/2021\/05\/services-landing-img-11.svg\" alt=\"\" class=\"wp-image-1192\"\/><\/figure>\n\n\n\n<h4 class=\"has-text-align-center wp-block-heading\">Desenvolvimento de aplicativos m\u00f3veis<\/h4>\n\n\n\n<p class=\"has-text-align-center\">Desenvolvimento de aplicativos iOS e Android para smartphones e tablets com grande aten\u00e7\u00e3o ao design.<\/p>\n<\/div>\n\n\n\n<div class=\"wp-block-column is-layout-flow wp-block-column-is-layout-flow\">\n<figure class=\"wp-block-image size-large\"><img loading=\"lazy\" decoding=\"async\" width=\"300\" height=\"213\" src=\"https:\/\/gevelopers.com\/wp-content\/uploads\/2021\/05\/services-landing-img-21.svg\" alt=\"\" class=\"wp-image-1193\"\/><\/figure>\n\n\n\n<h4 class=\"has-text-align-center wp-block-heading\">Desenvolvimento Web Personalizado<\/h4>\n\n\n\n<p class=\"has-text-align-center\">Desenvolvimento de sites responsivos com total controle de conte\u00fado e escalabilidade.<\/p>\n<\/div>\n\n\n\n<div class=\"wp-block-column is-layout-flow wp-block-column-is-layout-flow\">\n<figure class=\"wp-block-image size-large\"><img loading=\"lazy\" decoding=\"async\" width=\"262\" height=\"232\" src=\"https:\/\/gevelopers.com\/wp-content\/uploads\/2021\/05\/services-landing-img-31.svg\" alt=\"\" class=\"wp-image-1194\"\/><\/figure>\n\n\n\n<h4 class=\"has-text-align-center wp-block-heading\">Desenvolvimento de jogos para celular<\/h4>\n\n\n\n<p class=\"has-text-align-center\">Desenvolvendo jogos 2D e 3D envolventes em plataformas iOS e Android que geram receita.<\/p>\n<\/div>\n<\/div>\n<\/div>\n<\/div>\n\n\n\n<div class=\"wp-block-columns is-layout-flex wp-container-core-columns-is-layout-9d6595d7 wp-block-columns-is-layout-flex\">\n<div class=\"wp-block-column is-layout-flow wp-block-column-is-layout-flow\">\n<figure class=\"wp-block-image size-large\"><img loading=\"lazy\" decoding=\"async\" width=\"300\" height=\"219\" src=\"https:\/\/gevelopers.com\/wp-content\/uploads\/2021\/05\/services-landing-img-41.svg\" alt=\"\" class=\"wp-image-1198\"\/><\/figure>\n\n\n\n<h4 class=\"has-text-align-center wp-block-heading\">Servi\u00e7os de marketing digital<\/h4>\n\n\n\n<p class=\"has-text-align-center\">Toda a pilha de marketing online com foco em conte\u00fado, criativo, m\u00eddia social e digital.<\/p>\n<\/div>\n\n\n\n<div class=\"wp-block-column is-layout-flow wp-block-column-is-layout-flow\">\n<figure class=\"wp-block-image size-large\"><img loading=\"lazy\" decoding=\"async\" width=\"320\" height=\"148\" src=\"https:\/\/gevelopers.com\/wp-content\/uploads\/2021\/05\/services-landing-img-51.svg\" alt=\"\" class=\"wp-image-1200\"\/><\/figure>\n\n\n\n<h4 class=\"has-text-align-center wp-block-heading\">Design de interface do usu\u00e1rio \/ servi\u00e7os criativos<\/h4>\n\n\n\n<p class=\"has-text-align-center\">Projetar interfaces de usu\u00e1rio e designs impressionantes que proporcionam identidade e experi\u00eancia \u00fanicas.<\/p>\n<\/div>\n\n\n\n<div class=\"wp-block-column is-layout-flow wp-block-column-is-layout-flow\">\n<figure class=\"wp-block-image size-large\"><img loading=\"lazy\" decoding=\"async\" width=\"300\" height=\"220\" src=\"https:\/\/gevelopers.com\/wp-content\/uploads\/2021\/05\/services-landing-img-61.svg\" alt=\"\" class=\"wp-image-1201\"\/><\/figure>\n\n\n\n<h4 class=\"has-text-align-center wp-block-heading\">Gerenciamento de infraestrutura em nuvem<\/h4>\n\n\n\n<p class=\"has-text-align-center\">Arquitetos de nuvem certificados pela AWS que podem configurar e gerenciar toda a infraestrutura em nuvem.<\/p>\n<\/div>\n<\/div>\n\n\n\n<div class=\"wp-block-columns is-layout-flex wp-container-core-columns-is-layout-9d6595d7 wp-block-columns-is-layout-flex\">\n<div class=\"wp-block-column is-layout-flow wp-block-column-is-layout-flow\">\n<h3 class=\"has-text-align-center wp-block-heading\">Solu\u00e7\u00f5es empresariais<\/h3>\n\n\n\n<p class=\"has-text-align-center\">Elevando a experi\u00eancia empresarial atrav\u00e9s do desenvolvimento de solu\u00e7\u00f5es inovadoras e impactantes para web, mobile e internet com rica experi\u00eancia do usu\u00e1rio.<\/p>\n\n\n\n<figure class=\"wp-block-image size-large\"><img decoding=\"async\" src=\"https:\/\/gevelopers.com\/wp-content\/uploads\/2021\/05\/enterprice-solution1.webp\" alt=\"\" class=\"wp-image-1204\"\/><\/figure>\n\n\n\n<div class=\"wp-block-columns is-layout-flex wp-container-core-columns-is-layout-9d6595d7 wp-block-columns-is-layout-flex\">\n<div class=\"wp-block-column is-layout-flow wp-block-column-is-layout-flow\">\n<p>Estrat\u00e9gia M\u00f3vel<br>Mobilidade Empresarial<br>Sistema ERP<\/p>\n<\/div>\n\n\n\n<div class=\"wp-block-column is-layout-flow wp-block-column-is-layout-flow\">\n<p>Gerenciamento de conte\u00fado<br>Consultoria T\u00e9cnica<br>Plataformas de aplicativos m\u00f3veis<\/p>\n<\/div>\n<\/div>\n<\/div>\n\n\n\n<div class=\"wp-block-column is-layout-flow wp-block-column-is-layout-flow\">\n<h3 class=\"has-text-align-center wp-block-heading\">Solu\u00e7\u00f5es de inicializa\u00e7\u00e3o<\/h3>\n\n\n\n<p class=\"has-text-align-center\">Ajudamos startups de todos os tamanhos, independentemente de seus est\u00e1gios - a nutrir, construir e desenvolver suas ideias incr\u00edveis em dispositivos m\u00f3veis e na web.<\/p>\n\n\n\n<figure class=\"wp-block-image size-large\"><img decoding=\"async\" src=\"https:\/\/gevelopers.com\/wp-content\/uploads\/2021\/05\/startup-solution1.webp\" alt=\"\" class=\"wp-image-1207\"\/><\/figure>\n\n\n\n<div class=\"wp-block-columns is-layout-flex wp-container-core-columns-is-layout-9d6595d7 wp-block-columns-is-layout-flex\">\n<div class=\"wp-block-column is-layout-flow wp-block-column-is-layout-flow\">\n<p>Ideia para prototipar<br>Lan\u00e7amento MVP<br>Servi\u00e7o de Desenvolvimento<\/p>\n<\/div>\n\n\n\n<div class=\"wp-block-column is-layout-flow wp-block-column-is-layout-flow\">\n<p>Criar m\u00e1quina de lan\u00e7amento<br>Suporte e Manuten\u00e7\u00e3o<br>Parcerias de capital<\/p>\n<\/div>\n<\/div>\n<\/div>\n<\/div>","protected":false},"excerpt":{"rendered":"<p>AR Development Accelerating Business Growth As a leading augmented reality app development company, we build lifelike AR app experiences that&#8230;<\/p>","protected":false},"author":1,"featured_media":0,"parent":0,"menu_order":0,"comment_status":"closed","ping_status":"closed","template":"","meta":{"footnotes":""},"class_list":["post-1175","page","type-page","status-publish","hentry"],"_links":{"self":[{"href":"https:\/\/gevelopers.com\/pt\/wp-json\/wp\/v2\/pages\/1175","targetHints":{"allow":["GET"]}}],"collection":[{"href":"https:\/\/gevelopers.com\/pt\/wp-json\/wp\/v2\/pages"}],"about":[{"href":"https:\/\/gevelopers.com\/pt\/wp-json\/wp\/v2\/types\/page"}],"author":[{"embeddable":true,"href":"https:\/\/gevelopers.com\/pt\/wp-json\/wp\/v2\/users\/1"}],"replies":[{"embeddable":true,"href":"https:\/\/gevelopers.com\/pt\/wp-json\/wp\/v2\/comments?post=1175"}],"version-history":[{"count":0,"href":"https:\/\/gevelopers.com\/pt\/wp-json\/wp\/v2\/pages\/1175\/revisions"}],"wp:attachment":[{"href":"https:\/\/gevelopers.com\/pt\/wp-json\/wp\/v2\/media?parent=1175"}],"curies":[{"name":"wp","href":"https:\/\/api.w.org\/{rel}","templated":true}]}}