{"id":1257,"date":"2021-05-11T15:09:06","date_gmt":"2021-05-11T15:09:06","guid":{"rendered":"https:\/\/gevelopers.com\/?page_id=1257"},"modified":"2021-07-24T19:15:26","modified_gmt":"2021-07-24T19:15:26","slug":"methodology","status":"publish","type":"page","link":"https:\/\/gevelopers.com\/pt\/methodology\/","title":{"rendered":"Metodologia de Trabalho para a Constru\u00e7\u00e3o de Solu\u00e7\u00f5es de Software"},"content":{"rendered":"<p class=\"has-text-align-center\">Em p\u00e9 desde 2015, aprendemos n\u00e3o apenas com o sucesso, mas tamb\u00e9m com os fracassos. Isso nos ajudou a entender o que voc\u00ea (como cliente) realmente precisa. \u00c9 apenas um produto de software de que voc\u00ea precisa? N\u00e3o, voc\u00ea precisa de muito mais do que isso. Muitas informa\u00e7\u00f5es e clareza sobre a empresa antes de voc\u00ea se envolver.<\/p>\n\n\n\n<div style=\"height:50px\" aria-hidden=\"true\" class=\"wp-block-spacer\"><\/div>\n\n\n\n<h2 class=\"has-text-align-center wp-block-heading\">Nossa Metodologia de Trabalho<\/h2>\n\n\n\n<div class=\"wp-block-columns is-layout-flex wp-container-core-columns-is-layout-9d6595d7 wp-block-columns-is-layout-flex\">\n<div class=\"wp-block-column is-layout-flow wp-block-column-is-layout-flow\">\n<img decoding=\"async\" src=\"https:\/\/gevelopers.com\/wp-content\/uploads\/2021\/05\/feather-pen.svg\" alt=\"Discovery-Workshop-Gevelopers\" style=\"width:50px;height:50px;\">\n\n\n\n<h3 class=\"wp-block-heading\">Workshop de descoberta<\/h3>\n\n\n\n<p>Transformar a ideia em um escopo mensur\u00e1vel com UI \/ UX Design funcional.<\/p>\n\n\n\n<div class=\"wp-block-buttons is-layout-flex wp-block-buttons-is-layout-flex\">\n<div class=\"wp-block-button\"><a class=\"wp-block-button__link\" href=\"https:\/\/gevelopers.com\/pt\/discovery-process\/\">Saber mais<\/a><\/div>\n<\/div>\n<\/div>\n\n\n\n<div class=\"wp-block-column is-layout-flow wp-block-column-is-layout-flow\">\n<img decoding=\"async\" src=\"https:\/\/gevelopers.com\/wp-content\/uploads\/2021\/05\/technical-support.svg\" alt=\"Projeto-Execu\u00e7\u00e3o-Gevlopers\" style=\"width:50px;height:50px;\">\n\n\n\n<h3 class=\"wp-block-heading\">Projeto de execu\u00e7\u00e3o<\/h3>\n\n\n\n<p>Saiba como equilibramos o tri\u00e2ngulo cr\u00edtico de custo, tempo e escopo.<\/p>\n\n\n\n<div class=\"wp-block-buttons is-layout-flex wp-block-buttons-is-layout-flex\">\n<div class=\"wp-block-button\"><a class=\"wp-block-button__link\" href=\"https:\/\/gevelopers.com\/pt\/project-execution\/\">Saber mais<\/a><\/div>\n<\/div>\n<\/div>\n<\/div>\n\n\n\n<div class=\"wp-block-columns is-layout-flex wp-container-core-columns-is-layout-9d6595d7 wp-block-columns-is-layout-flex\">\n<div class=\"wp-block-column is-layout-flow wp-block-column-is-layout-flow\">\n<img decoding=\"async\" src=\"https:\/\/gevelopers.com\/wp-content\/uploads\/2021\/05\/support.svg\" alt=\"Gevelopers de equipe remota\" style=\"width:50px;height:50px;\">\n\n\n\n<h3 class=\"wp-block-heading\">Equipe Remota<\/h3>\n\n\n\n<p>De uma equipe especializada que atua remotamente, sob sua supervis\u00e3o.<\/p>\n\n\n\n<div class=\"wp-block-buttons is-layout-flex wp-block-buttons-is-layout-flex\">\n<div class=\"wp-block-button\"><a class=\"wp-block-button__link\" href=\"https:\/\/gevelopers.com\/pt\/dedicated-teams\/\">Saber mais<\/a><\/div>\n<\/div>\n<\/div>\n\n\n\n<div class=\"wp-block-column is-layout-flow wp-block-column-is-layout-flow\">\n<img decoding=\"async\" src=\"https:\/\/gevelopers.com\/wp-content\/uploads\/2021\/05\/rating.svg\" alt=\"Revisores de projetos - Gevelopers\" style=\"width:50px;height:50px;\">\n\n\n\n<h3 class=\"wp-block-heading\">Revis\u00e3o do Projeto<\/h3>\n\n\n\n<p>Saiba como equilibramos o tri\u00e2ngulo cr\u00edtico de custo, tempo e escopo.<\/p>\n\n\n\n<div class=\"wp-block-buttons is-layout-flex wp-block-buttons-is-layout-flex\">\n<div class=\"wp-block-button\"><a class=\"wp-block-button__link\" href=\"https:\/\/gevelopers.com\/pt\/project-review\/\">Saber mais<\/a><\/div>\n<\/div>\n<\/div>\n<\/div>\n\n\n\n<div class=\"wp-block-columns is-layout-flex wp-container-core-columns-is-layout-9d6595d7 wp-block-columns-is-layout-flex\">\n<div class=\"wp-block-column is-layout-flow wp-block-column-is-layout-flow\">\n<h2 class=\"has-text-align-center wp-block-heading\">Por que isso \u00e9 importante para voc\u00ea e para n\u00f3s?<\/h2>\n\n\n\n<p class=\"has-text-align-center\">O mantra de trabalho dos Gevelopers sempre foi cimentado em torno da satisfa\u00e7\u00e3o e da qualidade do cliente. Mais de duas d\u00e9cadas de experi\u00eancia e estabilidade como uma empresa de desenvolvimento de software confi\u00e1vel nos ensinou muitas coisas sobre as necessidades iniciais do cliente. Na maioria dos casos, a pergunta mais comum \u00e9 o que acontecer\u00e1 e como, certo?<\/p>\n\n\n\n<p class=\"has-text-align-center\">As informa\u00e7\u00f5es aqui contidas o ajudar\u00e3o a entender o que \u00e9 essencial para sua ideia de neg\u00f3cio, como trabalhamos e como economizar tempo fornecendo com anteced\u00eancia as informa\u00e7\u00f5es necess\u00e1rias. Lembre-se de que nos preocupamos com a sua ideia de neg\u00f3cio tanto quanto voc\u00ea!<\/p>\n<\/div>\n<\/div>\n\n\n\n<div class=\"wp-block-columns is-layout-flex wp-container-core-columns-is-layout-9d6595d7 wp-block-columns-is-layout-flex\">\n<div class=\"wp-block-column is-layout-flow wp-block-column-is-layout-flow\">\n<center><img decoding=\"async\" src=\"https:\/\/gevelopers.com\/wp-content\/uploads\/2021\/04\/ic-technology-flutter1x1.svg\" alt=\"vibra\u00e7\u00e3o da tecnologia\" style=\" width:50px;height:50px\" ><\/center>\n<\/div>\n\n\n\n<div class=\"wp-block-column is-layout-flow wp-block-column-is-layout-flow\">\n<center><img decoding=\"async\" src=\"https:\/\/gevelopers.com\/wp-content\/uploads\/2021\/04\/ic-technology-phone-gap1.svg\" alt=\"gevelopers de lacunas de telefone de tecnologia\" style=\"width:50px;height:50px\"><\/center>\n<\/div>\n\n\n\n<div class=\"wp-block-column is-layout-flow wp-block-column-is-layout-flow\">\n<center><img decoding=\"async\" src=\"https:\/\/gevelopers.com\/wp-content\/uploads\/2021\/04\/ic-technology-react-native1x1.svg\" alt=\"react-native-gevelopers\" style=\"width:50px;height:50px\"><\/center>\n<\/div>\n\n\n\n<div class=\"wp-block-column is-layout-flow wp-block-column-is-layout-flow\">\n<center><img decoding=\"async\" src=\"https:\/\/gevelopers.com\/wp-content\/uploads\/2021\/04\/ic-technology-titanium1x1.svg\" alt=\"tecnologia-tit\u00e2nio-gevelopers\" style=\"width:50px;height:50px\"  ><\/center>\n<\/div>\n\n\n\n<div class=\"wp-block-column is-layout-flow wp-block-column-is-layout-flow\">\n<center><img decoding=\"async\" src=\"https:\/\/gevelopers.com\/wp-content\/uploads\/2021\/04\/ic-technology-xamarin1.svg\" alt=\"tecnologia-xamarin-gevelopers\" style=\"width:50px;height:50px\" ><\/center>\n<\/div>\n<\/div>\n\n\n\n<div class=\"wp-block-columns is-layout-flex wp-container-core-columns-is-layout-9d6595d7 wp-block-columns-is-layout-flex\">\n<div class=\"wp-block-column is-layout-flow wp-block-column-is-layout-flow\">\n<center><img decoding=\"async\" src=\"https:\/\/gevelopers.com\/wp-content\/uploads\/2021\/04\/mobile-app-development-cross-platform-img1.webp\" alt=\"mobile-app-development-cross-platform-gevelopers\" ><\/center>\n<\/div>\n<\/div>\n\n\n\n<div class=\"wp-block-columns is-layout-flex wp-container-core-columns-is-layout-9d6595d7 wp-block-columns-is-layout-flex\">\n<div class=\"wp-block-column is-layout-flow wp-block-column-is-layout-flow\">\n<img decoding=\"async\" src=\"https:\/\/gevelopers.com\/wp-content\/uploads\/2021\/05\/ic-mobile-app-development-enterprise1.svg\" alt=\"mobile-app-development-enterprise-gevelopers\" style=\"width:50px;height:50px;\">\n\n\n\n<h3 class=\"wp-block-heading\">Empreendimento<\/h3>\n\n\n\n<p>Nossa consultoria colaborativa em estrat\u00e9gia m\u00f3vel atua como um catalisador na agiliza\u00e7\u00e3o das estruturas e processos de TI com o roteiro m\u00f3vel que est\u00e1 alinhado com os cen\u00e1rios, pol\u00edticas e sistemas atuais da empresa.<\/p>\n<\/div>\n\n\n\n<div class=\"wp-block-column is-layout-flow wp-block-column-is-layout-flow\">\n<img decoding=\"async\" src=\"https:\/\/gevelopers.com\/wp-content\/uploads\/2021\/05\/ic-business1.svg\" alt=\"gevelopers de neg\u00f3cios\" style=\"width:50px;height:50px;\">\n\n\n\n<h3 class=\"wp-block-heading\">O neg\u00f3cio<\/h3>\n\n\n\n<p>Mapeamos as necessidades de neg\u00f3cios e os casos de uso para permitir que respondam rapidamente \u00e0s mudan\u00e7as. Ajudamos sua organiza\u00e7\u00e3o a mobilizar a comunica\u00e7\u00e3o interdepartamental, fluxos de trabalho e disponibilidade instant\u00e2nea de informa\u00e7\u00f5es.<\/p>\n<\/div>\n\n\n\n<div class=\"wp-block-column is-layout-flow wp-block-column-is-layout-flow\">\n<img decoding=\"async\" src=\"https:\/\/gevelopers.com\/wp-content\/uploads\/2021\/05\/ic-consumers1.svg\" alt=\"consumidores-gevelopers\" style=\"width:50px;height:50px;\">\n\n\n\n<h3 class=\"wp-block-heading\">Consumidores<\/h3>\n\n\n\n<p>Nossos especialistas m\u00f3veis ajudam marcas, empresas e organiza\u00e7\u00f5es comunit\u00e1rias a construir solu\u00e7\u00f5es de aplicativos m\u00f3veis escal\u00e1veis que devem ser usadas diariamente por consumidores globais, v\u00e1rias vezes ao dia.<\/p>\n<\/div>\n<\/div>","protected":false},"excerpt":{"rendered":"<p>Standing tall since 2015, we have learned not only from success, but from failures too. It helped us to understand&#8230;<\/p>","protected":false},"author":1,"featured_media":0,"parent":0,"menu_order":0,"comment_status":"closed","ping_status":"closed","template":"","meta":{"footnotes":""},"class_list":["post-1257","page","type-page","status-publish","hentry"],"_links":{"self":[{"href":"https:\/\/gevelopers.com\/pt\/wp-json\/wp\/v2\/pages\/1257","targetHints":{"allow":["GET"]}}],"collection":[{"href":"https:\/\/gevelopers.com\/pt\/wp-json\/wp\/v2\/pages"}],"about":[{"href":"https:\/\/gevelopers.com\/pt\/wp-json\/wp\/v2\/types\/page"}],"author":[{"embeddable":true,"href":"https:\/\/gevelopers.com\/pt\/wp-json\/wp\/v2\/users\/1"}],"replies":[{"embeddable":true,"href":"https:\/\/gevelopers.com\/pt\/wp-json\/wp\/v2\/comments?post=1257"}],"version-history":[{"count":0,"href":"https:\/\/gevelopers.com\/pt\/wp-json\/wp\/v2\/pages\/1257\/revisions"}],"wp:attachment":[{"href":"https:\/\/gevelopers.com\/pt\/wp-json\/wp\/v2\/media?parent=1257"}],"curies":[{"name":"wp","href":"https:\/\/api.w.org\/{rel}","templated":true}]}}