{"id":2014,"date":"2021-05-26T07:42:44","date_gmt":"2021-05-26T07:42:44","guid":{"rendered":"https:\/\/gevelopers.com\/?page_id=2014"},"modified":"2021-07-24T18:34:25","modified_gmt":"2021-07-24T18:34:25","slug":"backend","status":"publish","type":"page","link":"https:\/\/gevelopers.com\/pt\/backend\/","title":{"rendered":"Web &#038; Mobile Backend Development"},"content":{"rendered":"<p class=\"has-text-align-center\">Backend is not the only reason why users join your app, but a poor backend is definitely the reason to drive them away. Gevelopers holds experience to take on backend challenges for any scale and complexity, using the right technologies to build an architecture without a single point failure. Get slicker and faster app performance at all times with 100% guarantee!<\/p>\n\n\n\n<div style=\"height:50px\" aria-hidden=\"true\" class=\"wp-block-spacer\"><\/div>\n\n\n\n<h2 class=\"has-text-align-center wp-block-heading\">Backend Technologies we work with<\/h2>\n\n\n\n<div style=\"height:25px\" aria-hidden=\"true\" class=\"wp-block-spacer\"><\/div>\n\n\n\n<div class=\"wp-block-columns is-layout-flex wp-container-core-columns-is-layout-9d6595d7 wp-block-columns-is-layout-flex\">\n<div class=\"wp-block-column is-layout-flow wp-block-column-is-layout-flow\">\n<img decoding=\"async\" src=\"https:\/\/gevelopers.com\/wp-content\/uploads\/2021\/05\/ic-technology-node-js1.svg\" alt=\"technology-node-js-gevelopers\" style=\"width:50px;height:50px\">\n\n\n\n<h4 class=\"wp-block-heading\">NodeJS Development<\/h4>\n\n\n\n<p>NodeJS is iconic for building backends of apps that are real-time, requires heavy traffic or data, and code compatibility on many platforms.<\/p>\n\n\n\n<div class=\"wp-block-buttons is-layout-flex wp-block-buttons-is-layout-flex\">\n<div class=\"wp-block-button\"><a class=\"wp-block-button__link\" href=\"https:\/\/gevelopers.com\/pt\/node-js-development-company\/\">Saber mais<\/a><\/div>\n<\/div>\n<\/div>\n\n\n\n<div class=\"wp-block-column is-layout-flow wp-block-column-is-layout-flow\">\n<img decoding=\"async\" src=\"https:\/\/gevelopers.com\/wp-content\/uploads\/2021\/05\/ic-technology-php1.svg\" alt=\"technology-php-gevelopers\" style=\"width:50px;height:50px\">\n\n\n\n<h4 class=\"wp-block-heading\">PHP Development<\/h4>\n\n\n\n<p>We build enterprise solutions, networking systems, CMS, and other backend solutions that are highly customized for complex B2B applications.<\/p>\n\n\n\n<div class=\"wp-block-buttons is-layout-flex wp-block-buttons-is-layout-flex\">\n<div class=\"wp-block-button\"><a class=\"wp-block-button__link\" href=\"https:\/\/gevelopers.com\/pt\/php-web-development-services\/\">Saber mais<\/a><\/div>\n<\/div>\n<\/div>\n<\/div>\n\n\n\n<div class=\"wp-block-columns is-layout-flex wp-container-core-columns-is-layout-9d6595d7 wp-block-columns-is-layout-flex\">\n<div class=\"wp-block-column is-layout-flow wp-block-column-is-layout-flow\">\n<img decoding=\"async\" src=\"https:\/\/gevelopers.com\/wp-content\/uploads\/2021\/05\/ic-technology-microsoft-dot-net1x1.svg\" alt=\"technology-microsoft-dot-net-gevelopers\" style=\"width:50px;height:50px\">\n\n\n\n<h4 class=\"wp-block-heading\">.NET Development<\/h4>\n\n\n\n<p>Gevelopers builds custom web, mobile and Windows based app solutions with .NET framework to deliver scalability, security and power-packed performance.<\/p>\n\n\n\n<div class=\"wp-block-buttons is-layout-flex wp-block-buttons-is-layout-flex\">\n<div class=\"wp-block-button\"><a class=\"wp-block-button__link\" href=\"https:\/\/gevelopers.com\/pt\/asp-dot-net-web-development-services\/\">Saber mais<\/a><\/div>\n<\/div>\n<\/div>\n\n\n\n<div class=\"wp-block-column is-layout-flow wp-block-column-is-layout-flow\">\n<img decoding=\"async\" src=\"https:\/\/gevelopers.com\/wp-content\/uploads\/2021\/05\/ic-technology-java1.svg\" alt=\"technology-java-gevelopers\" style=\"width:50px;height:50px\">\n\n\n\n<h4 class=\"wp-block-heading\">Java Development<\/h4>\n\n\n\n<p>We have hands-on experience with Java based frameworks like Spring, Hibernate, JSF, GWT, etc. to build scalable and secure business apps.<\/p>\n\n\n\n<div class=\"wp-block-buttons is-layout-flex wp-block-buttons-is-layout-flex\">\n<div class=\"wp-block-button\"><a class=\"wp-block-button__link\" href=\"https:\/\/gevelopers.com\/pt\/java-web-application-development\/\">Saber mais<\/a><\/div>\n<\/div>\n<\/div>\n<\/div>\n\n\n\n<div class=\"wp-block-columns is-layout-flex wp-container-core-columns-is-layout-9d6595d7 wp-block-columns-is-layout-flex\">\n<div class=\"wp-block-column is-layout-flow wp-block-column-is-layout-flow\">\n<img decoding=\"async\" src=\"https:\/\/gevelopers.com\/wp-content\/uploads\/2021\/05\/ic-backend-technology-phthon1.svg\" alt=\"gevelopers-backend-technology-phthon\" style=\"width:50px;height:50px\">\n\n\n\n<h4 class=\"wp-block-heading\">Python Development<\/h4>\n\n\n\n<p>We use Python with Django, Flask, Pyramid, and other frameworks to build automation solutions, AI-ML apps, GUI apps for mobile and web, etc.<\/p>\n\n\n\n<div class=\"wp-block-buttons is-layout-flex wp-block-buttons-is-layout-flex\">\n<div class=\"wp-block-button\"><a class=\"wp-block-button__link\" href=\"https:\/\/gevelopers.com\/pt\/python-web-development\/\">Saber mais<\/a><\/div>\n<\/div>\n<\/div>\n\n\n\n<div class=\"wp-block-column is-layout-flow wp-block-column-is-layout-flow\">\n<img decoding=\"async\" src=\"https:\/\/gevelopers.com\/wp-content\/uploads\/2021\/05\/ic-technology-rails1.svg\" alt=\"gevelopers-technology-ruby-on-rails\" style=\"width:50px;height:50px\">\n\n\n\n<h4 class=\"wp-block-heading\">Ruby on Rails Development<\/h4>\n\n\n\n<p>With this MVC framework launched in 2015, we are pioneering RoR development to develop multi-tasking, scalable apps.<\/p>\n\n\n\n<div class=\"wp-block-buttons is-layout-flex wp-block-buttons-is-layout-flex\">\n<div class=\"wp-block-button\"><a class=\"wp-block-button__link\" href=\"https:\/\/gevelopers.com\/pt\/ruby-on-rails-development-company\/\">Saber mais<\/a><\/div>\n<\/div>\n<\/div>\n<\/div>\n\n\n\n<div style=\"height:50px\" aria-hidden=\"true\" class=\"wp-block-spacer\"><\/div>\n\n\n\n<h2 class=\"has-text-align-center wp-block-heading\">What we want you to understand<\/h2>\n\n\n\n<p class=\"has-text-align-center\">Looks of an app are important, but all that matters is the brain (the backend) that holds the functionality of an app to make it a successful one. Without a strong backbone, your software product cannot work ideally. Users may not see your backend code, but they can feel the power through app functionality.<\/p>\n\n\n\n<p class=\"has-text-align-center\">Our dev team builds powerful backends for a better online experience. The apps that can handle any size of user loads without glitches. This boosts the customer experience and ROI as a result.<\/p>\n\n\n\n<div class=\"wp-block-columns is-layout-flex wp-container-core-columns-is-layout-9d6595d7 wp-block-columns-is-layout-flex\">\n<div class=\"wp-block-column is-layout-flow wp-block-column-is-layout-flow\">\n<center><img decoding=\"async\" src=\"https:\/\/gevelopers.com\/wp-content\/uploads\/2021\/04\/ic-technology-react-native1x1.svg\" alt=\"technology-react-native-gevelopers\" style=\"width:50px;height:50px\"><\/center>\n<\/div>\n\n\n\n<div class=\"wp-block-column is-layout-flow wp-block-column-is-layout-flow\">\n<center><img decoding=\"async\" src=\"https:\/\/gevelopers.com\/wp-content\/uploads\/2021\/05\/ic-technology-android1.svg\" alt=\"gevelopers-vibra\u00e7\u00e3o-tecnologia\" style=\"width:50px;height:50px\"><\/center>\n<\/div>\n\n\n\n<div class=\"wp-block-column is-layout-flow wp-block-column-is-layout-flow\">\n<center><img decoding=\"async\" src=\"https:\/\/gevelopers.com\/wp-content\/uploads\/2021\/04\/ic-technology-xamarin1.svg\" alt=\"tecnologia-xamarin-gevelopers\" style=\"width:50px;height:50px\"><\/center>\n<\/div>\n\n\n\n<div class=\"wp-block-column is-layout-flow wp-block-column-is-layout-flow\">\n<center><img decoding=\"async\" src=\"https:\/\/gevelopers.com\/wp-content\/uploads\/2021\/04\/ic-technology-titanium1x1.svg\" alt=\"tecnologia-tit\u00e2nio-gevelopers\" style=\"width:50px;height:50px\"><\/center>\n<\/div>\n\n\n\n<div class=\"wp-block-column is-layout-flow wp-block-column-is-layout-flow\">\n<center><img decoding=\"async\" src=\"https:\/\/gevelopers.com\/wp-content\/uploads\/2021\/04\/ic-technology-phone-gap1.svg\" alt=\"gevelopers de lacunas de telefone de tecnologia\" style=\"width:50px;height:50px\"><\/center>\n<\/div>\n<\/div>\n\n\n\n<div style=\"height:25px\" aria-hidden=\"true\" class=\"wp-block-spacer\"><\/div>\n\n\n\n<center><img decoding=\"async\" src=\"https:\/\/gevelopers.com\/wp-content\/uploads\/2021\/05\/index-img-21.webp\" alt=\"index-img-2-gevelopers\"><\/center>\n\n\n\n<div style=\"height:50px\" aria-hidden=\"true\" class=\"wp-block-spacer\"><\/div>\n\n\n\n<h2 class=\"has-text-align-center wp-block-heading\">Ajudamos voc\u00ea a criar aplicativos para<\/h2>\n\n\n\n<div class=\"wp-block-columns is-layout-flex wp-container-core-columns-is-layout-9d6595d7 wp-block-columns-is-layout-flex\">\n<div class=\"wp-block-column is-layout-flow wp-block-column-is-layout-flow\">\n<img decoding=\"async\" src=\"https:\/\/gevelopers.com\/wp-content\/uploads\/2021\/05\/ic-mobile-app-development-enterprise1.svg\" alt=\"mobile-app-development-enterprise-gevelopers\" style=\"width:50px;height:50px\">\n\n\n\n<h3 class=\"wp-block-heading\">Empreendimento<\/h3>\n\n\n\n<p>Nossa consultoria colaborativa em estrat\u00e9gia m\u00f3vel atua como um catalisador na agiliza\u00e7\u00e3o das estruturas e processos de TI com o roteiro m\u00f3vel que est\u00e1 alinhado com os cen\u00e1rios, pol\u00edticas e sistemas atuais da empresa.<\/p>\n<\/div>\n\n\n\n<div class=\"wp-block-column is-layout-flow wp-block-column-is-layout-flow\">\n<img decoding=\"async\" src=\"https:\/\/gevelopers.com\/wp-content\/uploads\/2021\/05\/ic-business1.svg\" alt=\"gevelopers de neg\u00f3cios\" style=\"width:50px;height:50px\">\n\n\n\n<h3 class=\"wp-block-heading\">O neg\u00f3cio<\/h3>\n\n\n\n<p>Mapeamos as necessidades de neg\u00f3cios e os casos de uso para permitir que respondam rapidamente \u00e0s mudan\u00e7as. Ajudamos sua organiza\u00e7\u00e3o a mobilizar a comunica\u00e7\u00e3o interdepartamental, fluxos de trabalho e disponibilidade instant\u00e2nea de informa\u00e7\u00f5es.<\/p>\n<\/div>\n\n\n\n<div class=\"wp-block-column is-layout-flow wp-block-column-is-layout-flow\">\n<img decoding=\"async\" src=\"https:\/\/gevelopers.com\/wp-content\/uploads\/2021\/05\/ic-consumers1.svg\" alt=\"consumidores-gevelopers\" style=\"width:50px;height:50px\">\n\n\n\n<h3 class=\"wp-block-heading\">Consumidores<\/h3>\n\n\n\n<p>Nossos especialistas m\u00f3veis ajudam marcas, empresas e organiza\u00e7\u00f5es comunit\u00e1rias a construir solu\u00e7\u00f5es de aplicativos m\u00f3veis escal\u00e1veis que devem ser usadas diariamente por consumidores globais, v\u00e1rias vezes ao dia.<\/p>\n<\/div>\n<\/div>","protected":false},"excerpt":{"rendered":"<p>Backend is not the only reason why users join your app, but a poor backend is definitely the reason to&#8230;<\/p>","protected":false},"author":1,"featured_media":0,"parent":0,"menu_order":0,"comment_status":"closed","ping_status":"closed","template":"","meta":{"footnotes":""},"class_list":["post-2014","page","type-page","status-publish","hentry"],"_links":{"self":[{"href":"https:\/\/gevelopers.com\/pt\/wp-json\/wp\/v2\/pages\/2014","targetHints":{"allow":["GET"]}}],"collection":[{"href":"https:\/\/gevelopers.com\/pt\/wp-json\/wp\/v2\/pages"}],"about":[{"href":"https:\/\/gevelopers.com\/pt\/wp-json\/wp\/v2\/types\/page"}],"author":[{"embeddable":true,"href":"https:\/\/gevelopers.com\/pt\/wp-json\/wp\/v2\/users\/1"}],"replies":[{"embeddable":true,"href":"https:\/\/gevelopers.com\/pt\/wp-json\/wp\/v2\/comments?post=2014"}],"version-history":[{"count":0,"href":"https:\/\/gevelopers.com\/pt\/wp-json\/wp\/v2\/pages\/2014\/revisions"}],"wp:attachment":[{"href":"https:\/\/gevelopers.com\/pt\/wp-json\/wp\/v2\/media?parent=2014"}],"curies":[{"name":"wp","href":"https:\/\/api.w.org\/{rel}","templated":true}]}}