{"id":2216,"date":"2021-05-27T11:17:38","date_gmt":"2021-05-27T11:17:38","guid":{"rendered":"https:\/\/gevelopers.com\/?page_id=2216"},"modified":"2021-07-24T17:47:41","modified_gmt":"2021-07-24T17:47:41","slug":"reactjs-development-company","status":"publish","type":"page","link":"https:\/\/gevelopers.com\/pt\/reactjs-development-company\/","title":{"rendered":"Desenvolvimento de aplicativo da Web ReactJS"},"content":{"rendered":"<div style=\"height:50px\" aria-hidden=\"true\" class=\"wp-block-spacer\"><\/div>\n\n\n\n<div class=\"wp-block-media-text alignwide has-media-on-the-right is-stacked-on-mobile\"><figure class=\"wp-block-media-text__media\"><img decoding=\"async\" src=\"https:\/\/gevelopers.com\/wp-content\/uploads\/2021\/05\/tech-front-end-reactjs-development1.webp\" alt=\"tech-front-end-reactjs-development-gevelopers\" class=\"wp-image-2218 size-full\"\/><\/figure><div class=\"wp-block-media-text__content\">\n<p>Gevelopers \u00e9 uma das principais empresas de desenvolvimento de aplicativos da web ReactJS, que cria interfaces de usu\u00e1rio (IU) impressionantes e combin\u00e1veis para aplicativos de n\u00edvel empresarial e projetos voltados para o consumidor com seguran\u00e7a otimizada. Contrate desenvolvedores ReactJS dedicados de Gevelopers, cuja experi\u00eancia em tecnologia inclui todas as vers\u00f5es do ReactJS, de 0.3.0 a 16.6.3 como nossa principal tecnologia de front-end.<\/p>\n\n\n\n<div class=\"wp-block-buttons is-layout-flex wp-block-buttons-is-layout-flex\">\n<div class=\"wp-block-button\"><a class=\"wp-block-button__link\" href=\"https:\/\/gevelopers.com\/pt\/get-started\/\">Vamos conversar<\/a><\/div>\n<\/div>\n<\/div><\/div>\n\n\n\n<div style=\"height:50px\" aria-hidden=\"true\" class=\"wp-block-spacer\"><\/div>\n\n\n\n<h5 class=\"has-text-align-center wp-block-heading\">Aproxima\u00e7\u00e3o<\/h5>\n\n\n\n<h2 class=\"has-text-align-center wp-block-heading\">Principal empresa de desenvolvimento ReactJS<\/h2>\n\n\n\n<div class=\"wp-block-media-text alignwide is-stacked-on-mobile\"><figure class=\"wp-block-media-text__media\"><img loading=\"lazy\" decoding=\"async\" width=\"300\" height=\"232\" src=\"https:\/\/gevelopers.com\/wp-content\/uploads\/2021\/05\/approch-slide-img-11.svg\" alt=\"approch-slide-img-1-gevelopers\" class=\"wp-image-1786 size-full\"\/><\/figure><div class=\"wp-block-media-text__content\">\n<h4 class=\"wp-block-heading\">Experi\u00eancia de desenvolvimento do ReactJS<\/h4>\n\n\n\n<p>Contrate os melhores desenvolvedores ReactJS da Gevelopers, uma empresa de desenvolvimento ReactJS l\u00edder, que s\u00e3o proficientes em JavaScript, CSS, HTML, JSX, fundamentos de JavaScript, ES6, Babel, Webpack, Redux, etc. Nossa profici\u00eancia e experi\u00eancia com o framework ReactJS \u00e9 nosso ponto forte para desenvolver e implantar aplicativos React JS prontos para produ\u00e7\u00e3o com tamanhos de pacote m\u00ednimos poss\u00edveis.<\/p>\n<\/div><\/div>\n\n\n\n<div class=\"wp-block-media-text alignwide is-stacked-on-mobile\"><figure class=\"wp-block-media-text__media\"><img loading=\"lazy\" decoding=\"async\" width=\"320\" height=\"179\" src=\"https:\/\/gevelopers.com\/wp-content\/uploads\/2021\/05\/approch-slide-img-21.svg\" alt=\"approch-slide-img-2-gevelopers\" class=\"wp-image-1790 size-full\"\/><\/figure><div class=\"wp-block-media-text__content\">\n<h4 class=\"wp-block-heading\">Verifica\u00e7\u00f5es de qualidade n\u00e3o comprometidas<\/h4>\n\n\n\n<p>Para garantir resultados de qualidade, nossos QA (Analistas de Qualidade) realizam verifica\u00e7\u00f5es de qualidade dedicadas e rigorosas em todos os n\u00edveis do ecossistema de servi\u00e7os de desenvolvimento ReactJS, usando t\u00e9cnicas de teste automatizado e manual. Isso \u00e9 feito para garantir que cada aplicativo da web ReactJS que desenvolvemos seja totalmente funcional, compat\u00edvel, sem falhas, sem bugs e amig\u00e1vel.<\/p>\n<\/div><\/div>\n\n\n\n<div class=\"wp-block-media-text alignwide is-stacked-on-mobile\"><figure class=\"wp-block-media-text__media\"><img loading=\"lazy\" decoding=\"async\" width=\"300\" height=\"230\" src=\"https:\/\/gevelopers.com\/wp-content\/uploads\/2021\/05\/approch-slide-img-31.svg\" alt=\"approch-slide-img-3-gevelopers\" class=\"wp-image-1793 size-full\"\/><\/figure><div class=\"wp-block-media-text__content\">\n<h4 class=\"wp-block-heading\">Solu\u00e7\u00f5es Pr\u00e1ticas ReactJS<\/h4>\n\n\n\n<p>Nossa equipe de desenvolvimento ReactJS tem experi\u00eancia incompar\u00e1vel em trabalhar com diversos setores da ind\u00fastria, como sa\u00fade, varejo, finan\u00e7as, automotivo, m\u00eddia, etc. Isso nos ajuda a aplicar nossa criatividade para sugerir, desenvolver e implantar aplicativos robustos, reais e acess\u00edveis para pequenos, empresas de m\u00e9dio e grande porte em todo o mundo<\/p>\n<\/div><\/div>\n\n\n\n<div class=\"wp-block-media-text alignwide is-stacked-on-mobile\"><figure class=\"wp-block-media-text__media\"><img loading=\"lazy\" decoding=\"async\" width=\"320\" height=\"171\" src=\"https:\/\/gevelopers.com\/wp-content\/uploads\/2021\/05\/approch-slide-img-41.svg\" alt=\"approch-slide-img-4-gevelopers\" class=\"wp-image-1796 size-full\"\/><\/figure><div class=\"wp-block-media-text__content\">\n<h4 class=\"wp-block-heading\">Contrate desenvolvedores dedicados do ReactJS<\/h4>\n\n\n\n<p>Contrate desenvolvedores ReactJS dedicados a pre\u00e7os acess\u00edveis de Gevelopers que possuam experi\u00eancia de ponta em servi\u00e7os de desenvolvimento ReactJS. Sendo uma empresa l\u00edder de desenvolvimento ReactJS com uma abordagem centrada no cliente, a Gevelopers oferece modelos de engajamento flex\u00edveis para contratar desenvolvedores ReactJS dedicados de acordo com as necessidades de neg\u00f3cios.<\/p>\n<\/div><\/div>\n\n\n\n<div style=\"height:50px\" aria-hidden=\"true\" class=\"wp-block-spacer\"><\/div>\n\n\n\n<p class=\"has-text-align-center\">O que n\u00f3s fazemos<\/p>\n\n\n\n<h2 class=\"has-text-align-center wp-block-heading\">Nossos servi\u00e7os de desenvolvimento de aplicativos ReactJS<\/h2>\n\n\n\n<div class=\"wp-block-columns is-layout-flex wp-container-core-columns-is-layout-9d6595d7 wp-block-columns-is-layout-flex\">\n<div class=\"wp-block-column is-layout-flow wp-block-column-is-layout-flow\">\n<h3 class=\"wp-block-heading\">Desenvolvimento ReactJS personalizado<\/h3>\n\n\n\n<p>Nossos programadores ReactJS desenvolvem solu\u00e7\u00f5es de software e aplicativos din\u00e2micos, robustos e seguros para cen\u00e1rios de neg\u00f3cios complexos.<\/p>\n<\/div>\n\n\n\n<div class=\"wp-block-column is-layout-flow wp-block-column-is-layout-flow\">\n<h3 class=\"wp-block-heading\">ReactJS UI \/ UX Development<\/h3>\n\n\n\n<p>Contrate nossos melhores codificadores ReactJS para aproveitar os servi\u00e7os de desenvolvimento ReactJS completos para construir seu aplicativo de pr\u00f3xima gera\u00e7\u00e3o com UI \/ UX intuitiva e cativante.<\/p>\n<\/div>\n\n\n\n<div class=\"wp-block-column is-layout-flow wp-block-column-is-layout-flow\">\n<h3 class=\"wp-block-heading\">Desenvolvimento de front-end ReactJS<\/h3>\n\n\n\n<p>A equipe ReactJS da Gevelopers tem anos de experi\u00eancia na solu\u00e7\u00e3o de desafios como SPAs, v\u00e1rios frameworks e m\u00faltiplas arquiteturas complexas.<\/p>\n<\/div>\n<\/div>\n\n\n\n<div class=\"wp-block-columns is-layout-flex wp-container-core-columns-is-layout-9d6595d7 wp-block-columns-is-layout-flex\">\n<div class=\"wp-block-column is-layout-flow wp-block-column-is-layout-flow\">\n<h3 class=\"wp-block-heading\">Desenvolvimento de aplicativo nativo ReactJS<\/h3>\n\n\n\n<p>Tamb\u00e9m criamos aplicativos m\u00f3veis nativos r\u00e1pidos, acess\u00edveis e robustos usando os servi\u00e7os de desenvolvimento de aplicativos React Native, aproveitando a estrutura React Native.<\/p>\n<\/div>\n\n\n\n<div class=\"wp-block-column is-layout-flow wp-block-column-is-layout-flow\">\n<h3 class=\"wp-block-heading\">Migra\u00e7\u00e3o e integra\u00e7\u00e3o do ReactJS<\/h3>\n\n\n\n<p>Nossos programadores ReactJS podem migrar \/ integrar seus aplicativos da web existentes para a estrutura ReactJS sem qualquer perda de dados com seguran\u00e7a.<\/p>\n<\/div>\n\n\n\n<div class=\"wp-block-column is-layout-flow wp-block-column-is-layout-flow\">\n<h3 class=\"wp-block-heading\">Desenvolvimento de plug-ins ReactJS e APIs<\/h3>\n\n\n\n<p>Capacitamos os clientes com o desenvolvimento de plug-ins altamente funcionais baseados em ReactJS e trabalhamos em projetos ReactJS orientados por API para explorar solu\u00e7\u00f5es de terceiros.<\/p>\n<\/div>\n<\/div>\n\n\n\n<div style=\"height:50px\" aria-hidden=\"true\" class=\"wp-block-spacer\"><\/div>\n\n\n\n<p class=\"has-text-align-center\">SERVI\u00c7OS DE GEVELOPERS<\/p>\n\n\n\n<h2 class=\"has-text-align-center wp-block-heading\">Olhando para um espectro mais amplo<\/h2>\n\n\n\n<div class=\"wp-block-columns is-layout-flex wp-container-core-columns-is-layout-9d6595d7 wp-block-columns-is-layout-flex\">\n<div class=\"wp-block-column is-layout-flow wp-block-column-is-layout-flow\">\n<center><img decoding=\"async\" src=\"https:\/\/gevelopers.com\/wp-content\/uploads\/2021\/05\/services-landing-img-11.svg\" alt=\"services-landing-img-11-gevelopers\" style=\"width:300px;height:300px\"><\/center>\n\n\n\n<h4 class=\"has-text-align-center wp-block-heading\">Desenvolvimento de aplicativos m\u00f3veis<\/h4>\n\n\n\n<p class=\"has-text-align-center\">Desenvolvimento de aplicativos iOS e Android para smartphones e tablets com grande aten\u00e7\u00e3o ao design.<\/p>\n<\/div>\n\n\n\n<div class=\"wp-block-column is-layout-flow wp-block-column-is-layout-flow\">\n<center><img decoding=\"async\" src=\"https:\/\/gevelopers.com\/wp-content\/uploads\/2021\/05\/services-landing-img-21.svg\" alt=\"services-landing-img-21-gevelopers\" style=\"width:300px;height:300px\"><\/center>\n\n\n\n<h4 class=\"has-text-align-center wp-block-heading\">Desenvolvimento Web Personalizado<\/h4>\n\n\n\n<p class=\"has-text-align-center\">Desenvolvimento de sites responsivos com total controle de conte\u00fado e escalabilidade.<\/p>\n<\/div>\n\n\n\n<div class=\"wp-block-column is-layout-flow wp-block-column-is-layout-flow\">\n<center><img decoding=\"async\" src=\"https:\/\/gevelopers.com\/wp-content\/uploads\/2021\/05\/services-landing-img-31.svg\" alt=\"services-landing-img-31-gevelopers\" style=\"width:300px;height:300px\"><\/center>\n\n\n\n<h4 class=\"has-text-align-center wp-block-heading\">Desenvolvimento de jogos para celular<\/h4>\n\n\n\n<p class=\"has-text-align-center\">Desenvolvendo jogos 2D e 3D envolventes em plataformas iOS e Android que geram receita.<\/p>\n<\/div>\n<\/div>\n\n\n\n<div class=\"wp-block-columns is-layout-flex wp-container-core-columns-is-layout-9d6595d7 wp-block-columns-is-layout-flex\">\n<div class=\"wp-block-column is-layout-flow wp-block-column-is-layout-flow\">\n<center><img decoding=\"async\" src=\"https:\/\/gevelopers.com\/wp-content\/uploads\/2021\/05\/services-landing-img-41.svg\" alt=\"services-landing-img-41-gevelopers\" style=\"width:300px;height:300px\"><\/center>\n\n\n\n<h4 class=\"has-text-align-center wp-block-heading\">Servi\u00e7os de marketing digital<\/h4>\n\n\n\n<p class=\"has-text-align-center\">Toda a pilha de marketing online com foco em conte\u00fado, criativo, m\u00eddia social e digital.<\/p>\n<\/div>\n\n\n\n<div class=\"wp-block-column is-layout-flow wp-block-column-is-layout-flow\">\n<center><img decoding=\"async\" src=\"https:\/\/gevelopers.com\/wp-content\/uploads\/2021\/05\/services-landing-img-51.svg\" alt=\"services-landing-img-51-gevelopers\" style=\"width:300px;height:300px\"><\/center>\n\n\n\n<h4 class=\"has-text-align-center wp-block-heading\">Design de interface do usu\u00e1rio \/ servi\u00e7os criativos<\/h4>\n\n\n\n<p class=\"has-text-align-center\">Projetar interfaces de usu\u00e1rio e designs impressionantes que proporcionam identidade e experi\u00eancia \u00fanicas.<\/p>\n<\/div>\n\n\n\n<div class=\"wp-block-column is-layout-flow wp-block-column-is-layout-flow\">\n<center><img decoding=\"async\" src=\"https:\/\/gevelopers.com\/wp-content\/uploads\/2021\/05\/services-landing-img-61.svg\" alt=\"services-landing-img-61-gevelopers\" style=\"width:300px;height:300px\"><\/center>\n\n\n\n<h4 class=\"has-text-align-center wp-block-heading\">Gerenciamento de infraestrutura em nuvem<\/h4>\n\n\n\n<p class=\"has-text-align-center\">Arquitetos de nuvem certificados pela AWS que podem configurar e gerenciar toda a infraestrutura em nuvem.<\/p>\n<\/div>\n<\/div>\n\n\n\n<div class=\"wp-block-columns is-layout-flex wp-container-core-columns-is-layout-9d6595d7 wp-block-columns-is-layout-flex\">\n<div class=\"wp-block-column is-layout-flow wp-block-column-is-layout-flow\">\n<h3 class=\"has-text-align-center wp-block-heading\">Solu\u00e7\u00f5es empresariais<\/h3>\n\n\n\n<p class=\"has-text-align-center\">Elevando a experi\u00eancia empresarial atrav\u00e9s do desenvolvimento de solu\u00e7\u00f5es inovadoras e impactantes para web, mobile e internet com rica experi\u00eancia do usu\u00e1rio.<\/p>\n\n\n\n<center><img decoding=\"async\" src=\"https:\/\/gevelopers.com\/wp-content\/uploads\/2021\/05\/enterprice-solution1.webp\" alt=\"enterprise-solution-gevelopers\"><\/center>\n\n\n\n<div style=\"height:25px\" aria-hidden=\"true\" class=\"wp-block-spacer\"><\/div>\n\n\n\n<div class=\"wp-block-columns is-layout-flex wp-container-core-columns-is-layout-9d6595d7 wp-block-columns-is-layout-flex\">\n<div class=\"wp-block-column is-layout-flow wp-block-column-is-layout-flow\">\n<p>Estrat\u00e9gia M\u00f3vel<\/p>\n\n\n\n<p>Mobilidade Empresarial<\/p>\n\n\n\n<p>Sistema ERP<\/p>\n<\/div>\n\n\n\n<div class=\"wp-block-column is-layout-flow wp-block-column-is-layout-flow\">\n<p>Gerenciamento de conte\u00fado<\/p>\n\n\n\n<p>Consultoria T\u00e9cnica<\/p>\n\n\n\n<p>Plataformas de aplicativos m\u00f3veis<\/p>\n<\/div>\n<\/div>\n<\/div>\n\n\n\n<div class=\"wp-block-column is-layout-flow wp-block-column-is-layout-flow\">\n<h3 class=\"has-text-align-center wp-block-heading\">Solu\u00e7\u00f5es de inicializa\u00e7\u00e3o<\/h3>\n\n\n\n<p class=\"has-text-align-center\">Ajudamos startups de todos os tamanhos, independentemente de seus est\u00e1gios - a nutrir, construir e desenvolver suas ideias incr\u00edveis em dispositivos m\u00f3veis e na web.<\/p>\n\n\n\n<center><img decoding=\"async\" src=\"https:\/\/gevelopers.com\/wp-content\/uploads\/2021\/05\/startup-solution1.webp\" alt=\"startup-solution-gevelopers\"><\/center>\n\n\n\n<div style=\"height:25px\" aria-hidden=\"true\" class=\"wp-block-spacer\"><\/div>\n\n\n\n<div class=\"wp-block-columns is-layout-flex wp-container-core-columns-is-layout-9d6595d7 wp-block-columns-is-layout-flex\">\n<div class=\"wp-block-column is-layout-flow wp-block-column-is-layout-flow\">\n<p>Ideia para prototipar<\/p>\n\n\n\n<p>Lan\u00e7amento MVP<\/p>\n\n\n\n<p>Servi\u00e7o de Desenvolvimento<\/p>\n<\/div>\n\n\n\n<div class=\"wp-block-column is-layout-flow wp-block-column-is-layout-flow\">\n<p>Criar m\u00e1quina de lan\u00e7amento<\/p>\n\n\n\n<p>Suporte e Manuten\u00e7\u00e3o<\/p>\n\n\n\n<p>Parcerias de capital<\/p>\n<\/div>\n<\/div>\n<\/div>\n<\/div>\n\n\n\n<div style=\"height:50px\" aria-hidden=\"true\" class=\"wp-block-spacer\"><\/div>\n\n\n\n<p class=\"has-text-align-center\">Aprovado por<\/p>\n\n\n\n<h2 class=\"has-text-align-center wp-block-heading\">Marcas populares em todo o mundo<\/h2>\n\n\n\n<div style=\"height:25px\" aria-hidden=\"true\" class=\"wp-block-spacer\"><\/div>\n\n\n\n<div class=\"wp-block-columns is-layout-flex wp-container-core-columns-is-layout-9d6595d7 wp-block-columns-is-layout-flex\">\n<div class=\"wp-block-column is-layout-flow wp-block-column-is-layout-flow\">\n<center><img decoding=\"async\" src=\"https:\/\/gevelopers.com\/wp-content\/uploads\/2021\/05\/logo-brand-black-oracle1.svg\" alt=\"logo-brand-black-oracle-gevelopers\" style=\"width:150px;height:55px\"><\/center>\n<\/div>\n\n\n\n<div class=\"wp-block-column is-layout-flow wp-block-column-is-layout-flow\">\n<center><img decoding=\"async\" src=\"https:\/\/gevelopers.com\/wp-content\/uploads\/2021\/05\/logo-cambridge-v31.svg\" alt=\"logo-cambridge-v3-gevelopers\" style=\"width:150px;height:55px\"><\/center>\n<\/div>\n\n\n\n<div class=\"wp-block-column is-layout-flow wp-block-column-is-layout-flow\">\n<center><img decoding=\"async\" src=\"https:\/\/gevelopers.com\/wp-content\/uploads\/2021\/05\/logo-brand-black-mumayizv21.svg\" alt=\"logo-brand-black-mumayizv2-gevelopers\" style=\"width:150px;height:50px\"><\/center>\n<\/div>\n\n\n\n<div class=\"wp-block-column is-layout-flow wp-block-column-is-layout-flow\">\n<center><img decoding=\"async\" src=\"https:\/\/gevelopers.com\/wp-content\/uploads\/2021\/05\/logo-brand-black-mtn1.svg\" alt=\"logo-brand-black-mtn-gevelopers\" style=\"width:150px;height:50px\"><\/center>\n<\/div>\n\n\n\n<div class=\"wp-block-column is-layout-flow wp-block-column-is-layout-flow\">\n<center><img decoding=\"async\" src=\"https:\/\/gevelopers.com\/wp-content\/uploads\/2021\/05\/logo-brand-black-mtu1.svg\" alt=\"logo-brand-black-mtu-gevelopers\" style=\"width:150px;height:50px\"><\/center>\n<\/div>\n<\/div>\n\n\n\n<div style=\"height:25px\" aria-hidden=\"true\" class=\"wp-block-spacer\"><\/div>\n\n\n\n<div class=\"wp-block-columns is-layout-flex wp-container-core-columns-is-layout-9d6595d7 wp-block-columns-is-layout-flex\">\n<div class=\"wp-block-column is-layout-flow wp-block-column-is-layout-flow\">\n<center><img decoding=\"async\" src=\"https:\/\/gevelopers.com\/wp-content\/uploads\/2021\/05\/logo-brand-black-bcg1.svg\" alt=\"logo-brand-black-bcg-gevelopers\" style=\"width:150px;height:50px\"><\/center>\n<\/div>\n\n\n\n<div class=\"wp-block-column is-layout-flow wp-block-column-is-layout-flow\">\n<center><img decoding=\"async\" src=\"https:\/\/gevelopers.com\/wp-content\/uploads\/2021\/05\/logo-brand-black-sanchobbdo1.svg\" alt=\"logo-brand-black-sanchobbdo-gevelopers\" style=\"width:150px;height:50px\"><\/center>\n<\/div>\n\n\n\n<div class=\"wp-block-column is-layout-flow wp-block-column-is-layout-flow\">\n<center><img decoding=\"async\" src=\"https:\/\/gevelopers.com\/wp-content\/uploads\/2021\/05\/logo-brand-black-gulfstream1.svg\" alt=\"logo-brand-black-gulfstream-gevelopers\" style=\"width:150px;height:50px\"><\/center>\n<\/div>\n\n\n\n<div class=\"wp-block-column is-layout-flow wp-block-column-is-layout-flow\">\n<center><img decoding=\"async\" src=\"https:\/\/gevelopers.com\/wp-content\/uploads\/2021\/05\/logo-brand-black-daman1.svg\" alt=\"logo-brand-black-daman-gevelopers\" style=\"width:150px;height:50px\"><\/center>\n<\/div>\n\n\n\n<div class=\"wp-block-column is-layout-flow wp-block-column-is-layout-flow\">\n<center><img decoding=\"async\" src=\"https:\/\/gevelopers.com\/wp-content\/uploads\/2021\/05\/logo-brand-black-astrazeneca1.svg\" alt=\"logo-brand-black-astrazeneca-gevelopers\" style=\"width:150px;height:50px\"><\/center>\n<\/div>\n<\/div>\n\n\n\n<div style=\"height:25px\" aria-hidden=\"true\" class=\"wp-block-spacer\"><\/div>\n\n\n\n<div class=\"wp-block-columns is-layout-flex wp-container-core-columns-is-layout-9d6595d7 wp-block-columns-is-layout-flex\">\n<div class=\"wp-block-column is-layout-flow wp-block-column-is-layout-flow\">\n<center><img decoding=\"async\" src=\"https:\/\/gevelopers.com\/wp-content\/uploads\/2021\/05\/logo-brand-black-vfsglobal1.svg\" alt=\"logo-brand-black-vfsglobal-gevelopers\" style=\"width:150px;height:50px\"><\/center>\n<\/div>\n\n\n\n<div class=\"wp-block-column is-layout-flow wp-block-column-is-layout-flow\">\n<center><img decoding=\"async\" src=\"https:\/\/gevelopers.com\/wp-content\/uploads\/2021\/05\/logo-brand-black-haas1.svg\" alt=\"logo-brand-black-haas-gevelopers\" style=\"width:150px;height:50px\"><\/center>\n<\/div>\n\n\n\n<div class=\"wp-block-column is-layout-flow wp-block-column-is-layout-flow\">\n<center><img decoding=\"async\" src=\"https:\/\/gevelopers.com\/wp-content\/uploads\/2021\/05\/logo-brand-black-tata1.svg\" alt=\"logo-brand-black-tata-gevelopers\" style=\"width:150px;height:50px\"><\/center>\n<\/div>\n\n\n\n<div class=\"wp-block-column is-layout-flow wp-block-column-is-layout-flow\">\n<center><img decoding=\"async\" src=\"https:\/\/gevelopers.com\/wp-content\/uploads\/2021\/05\/logo-brand-black-yahoo1.svg\" alt=\"logo-brand-black-yahoo-gevelopers\" style=\"width:150px;height:50px\"><\/center>\n<\/div>\n\n\n\n<div class=\"wp-block-column is-layout-flow wp-block-column-is-layout-flow\">\n<center><img decoding=\"async\" src=\"https:\/\/gevelopers.com\/wp-content\/uploads\/2021\/05\/logo-brand-black-smithfield1.svg\" alt=\"logo-brand-black-smithfield-gevelopers\" style=\"width:150px;height:50px\"><\/center>\n<\/div>\n<\/div>\n\n\n\n<div style=\"height:25px\" aria-hidden=\"true\" class=\"wp-block-spacer\"><\/div>\n\n\n\n<div class=\"wp-block-columns is-layout-flex wp-container-core-columns-is-layout-9d6595d7 wp-block-columns-is-layout-flex\">\n<div class=\"wp-block-column is-layout-flow wp-block-column-is-layout-flow\">\n<center><img decoding=\"async\" src=\"https:\/\/gevelopers.com\/wp-content\/uploads\/2021\/05\/logo-brand-black-best-buy1.svg\" alt=\"logo-brand-black-best-buy-gevelopers\" style=\"width:150px;height:50px\"><\/center>\n<\/div>\n\n\n\n<div class=\"wp-block-column is-layout-flow wp-block-column-is-layout-flow\">\n<center><img decoding=\"async\" src=\"https:\/\/gevelopers.com\/wp-content\/uploads\/2021\/05\/logo-brand-black-essilor1.svg\" alt=\"logo-brand-black-essilor-gevelopers\" style=\"width:150px;height:50px\"><\/center>\n\n\n\n<p><\/p>\n<\/div>\n\n\n\n<div class=\"wp-block-column is-layout-flow wp-block-column-is-layout-flow\">\n<center><img decoding=\"async\" src=\"https:\/\/gevelopers.com\/wp-content\/uploads\/2021\/05\/logo-brand-black-cosmopolitan1.svg\" alt=\"logo-brand-black-cosmopolitan-gevelopers\" style=\"width:150px;height:50px\"><\/center>\n<\/div>\n\n\n\n<div class=\"wp-block-column is-layout-flow wp-block-column-is-layout-flow\">\n<center><img decoding=\"async\" src=\"https:\/\/gevelopers.com\/wp-content\/uploads\/2021\/05\/logo-brand-black-abbott1.svg\" alt=\"logo-brand-black-abbott-gevelopers\" style=\"width:150px;height:50px\"><\/center>\n<\/div>\n\n\n\n<div class=\"wp-block-column is-layout-flow wp-block-column-is-layout-flow\">\n<center><img decoding=\"async\" src=\"https:\/\/gevelopers.com\/wp-content\/uploads\/2021\/05\/logo-brand-black-unsw1.svg\" alt=\"logo-brand-black-unsw-gevelopers\" style=\"width:150px;height:50px\"><\/center>\n<\/div>\n<\/div>\n\n\n\n<div style=\"height:25px\" aria-hidden=\"true\" class=\"wp-block-spacer\"><\/div>\n\n\n\n<div class=\"wp-block-columns is-layout-flex wp-container-core-columns-is-layout-9d6595d7 wp-block-columns-is-layout-flex\">\n<div class=\"wp-block-column is-layout-flow wp-block-column-is-layout-flow\">\n<center><img decoding=\"async\" src=\"https:\/\/gevelopers.com\/wp-content\/uploads\/2021\/05\/logo-brand-black-lifetechnologies1.svg\" alt=\"logo-brand-black-lifetechnologies-gevelopers\" style=\"width:150px;height:50px\"><\/center>\n<\/div>\n\n\n\n<div class=\"wp-block-column is-layout-flow wp-block-column-is-layout-flow\">\n<center><img decoding=\"async\" src=\"https:\/\/gevelopers.com\/wp-content\/uploads\/2021\/05\/logo-brand-black-jacksoncoker1.svg\" alt=\"logo-brand-black-jacksoncoker-gevelopers\" style=\"width:150px;height:50px\"><\/center>\n<\/div>\n\n\n\n<div class=\"wp-block-column is-layout-flow wp-block-column-is-layout-flow\">\n<center><img decoding=\"async\" src=\"https:\/\/gevelopers.com\/wp-content\/uploads\/2021\/05\/logo-brand-black-mcdonalds1.svg\" alt=\"logo-brand-black-mcdonalds-gevelopers\" style=\"width:150px;height:50px\"><\/center>\n<\/div>\n\n\n\n<div class=\"wp-block-column is-layout-flow wp-block-column-is-layout-flow\">\n<center><img decoding=\"async\" src=\"https:\/\/gevelopers.com\/wp-content\/uploads\/2021\/05\/logo-brand-black-vodafone1.svg\" alt=\"logo-brand-black-vodafone-gevelopers\" style=\"width:150px;height:50px\"><\/center>\n<\/div>\n\n\n\n<div class=\"wp-block-column is-layout-flow wp-block-column-is-layout-flow\">\n<center><img decoding=\"async\" src=\"https:\/\/gevelopers.com\/wp-content\/uploads\/2021\/05\/logo-brand-black-adidas1.svg\" alt=\"logo-brand-black-adidas-gevelopers\" style=\"width:150px;height:50px\"><\/center>\n<\/div>\n<\/div>\n\n\n\n<div style=\"height:25px\" aria-hidden=\"true\" class=\"wp-block-spacer\"><\/div>\n\n\n\n<div class=\"wp-block-columns is-layout-flex wp-container-core-columns-is-layout-9d6595d7 wp-block-columns-is-layout-flex\">\n<div class=\"wp-block-column is-layout-flow wp-block-column-is-layout-flow\">\n<center><img decoding=\"async\" src=\"https:\/\/gevelopers.com\/wp-content\/uploads\/2021\/05\/logo-brand-black-ndtv1.svg\" alt=\"logo-brand-black-ndtv-gevelopers\" style=\"width:150px;height:50px\"><\/center>\n<\/div>\n\n\n\n<div class=\"wp-block-column is-layout-flow wp-block-column-is-layout-flow\">\n<center><img decoding=\"async\" src=\"https:\/\/gevelopers.com\/wp-content\/uploads\/2021\/05\/logo-brand-black-kotak1.svg\" alt=\"logo-brand-black-kotak-gevelopers\" style=\"width:150px;height:50px\"><\/center>\n<\/div>\n\n\n\n<div class=\"wp-block-column is-layout-flow wp-block-column-is-layout-flow\">\n<center><img decoding=\"async\" src=\"https:\/\/gevelopers.com\/wp-content\/uploads\/2021\/05\/logo-brand-black-macys1.svg\" alt=\"logo-brand-black-macys-gevelopers\" style=\"width:150px;height:50px\"><\/center>\n<\/div>\n\n\n\n<div class=\"wp-block-column is-layout-flow wp-block-column-is-layout-flow\">\n<center><img decoding=\"async\" src=\"https:\/\/gevelopers.com\/wp-content\/uploads\/2021\/05\/logo-brand-black-cartier1.svg\" alt=\"logo-brand-black-cartier-gevelopers\" style=\"width:150px;height:50px\"><\/center>\n<\/div>\n\n\n\n<div class=\"wp-block-column is-layout-flow wp-block-column-is-layout-flow\">\n<center><img decoding=\"async\" src=\"https:\/\/gevelopers.com\/wp-content\/uploads\/2021\/05\/logo-brand-black-rimac1.svg\" alt=\"logo-brand-black-rimac-gevelopers\" style=\"width:150px;height:50px\"><\/center>\n<\/div>\n<\/div>","protected":false},"excerpt":{"rendered":"<p>Approach Top ReactJS Development Company ReactJS Development Expertise Hire the best ReactJS developers from Gevelopers, a leading ReactJS development company,&#8230;<\/p>","protected":false},"author":1,"featured_media":0,"parent":0,"menu_order":0,"comment_status":"closed","ping_status":"closed","template":"","meta":{"footnotes":""},"class_list":["post-2216","page","type-page","status-publish","hentry"],"_links":{"self":[{"href":"https:\/\/gevelopers.com\/pt\/wp-json\/wp\/v2\/pages\/2216","targetHints":{"allow":["GET"]}}],"collection":[{"href":"https:\/\/gevelopers.com\/pt\/wp-json\/wp\/v2\/pages"}],"about":[{"href":"https:\/\/gevelopers.com\/pt\/wp-json\/wp\/v2\/types\/page"}],"author":[{"embeddable":true,"href":"https:\/\/gevelopers.com\/pt\/wp-json\/wp\/v2\/users\/1"}],"replies":[{"embeddable":true,"href":"https:\/\/gevelopers.com\/pt\/wp-json\/wp\/v2\/comments?post=2216"}],"version-history":[{"count":0,"href":"https:\/\/gevelopers.com\/pt\/wp-json\/wp\/v2\/pages\/2216\/revisions"}],"wp:attachment":[{"href":"https:\/\/gevelopers.com\/pt\/wp-json\/wp\/v2\/media?parent=2216"}],"curies":[{"name":"wp","href":"https:\/\/api.w.org\/{rel}","templated":true}]}}