{"id":2325,"date":"2021-05-29T09:28:23","date_gmt":"2021-05-29T09:28:23","guid":{"rendered":"https:\/\/gevelopers.com\/?page_id=2325"},"modified":"2021-05-29T15:35:44","modified_gmt":"2021-05-29T15:35:44","slug":"infra-and-devops","status":"publish","type":"page","link":"https:\/\/gevelopers.com\/pt\/infra-and-devops\/","title":{"rendered":"DevOps Infrastructure Consultation &#038; Management"},"content":{"rendered":"<p class=\"has-text-align-center\">Experienced DevOps engineers at Gevelopers help enterprises to effectively collaborate configuration management, infrastructure automation, and analytics to scale up and speed up the growth of your business. We offer DevOps as a service that will help bridge the gaps in your ongoing software development, QA process, and other IT operations.<\/p>\n\n\n\n<div style=\"height:50px\" aria-hidden=\"true\" class=\"wp-block-spacer\"><\/div>\n\n\n\n<h2 class=\"has-text-align-center wp-block-heading\">Platforms we excel in<\/h2>\n\n\n\n<div style=\"height:25px\" aria-hidden=\"true\" class=\"wp-block-spacer\"><\/div>\n\n\n\n<div class=\"wp-block-columns is-layout-flex wp-container-core-columns-is-layout-9d6595d7 wp-block-columns-is-layout-flex\">\n<div class=\"wp-block-column is-layout-flow wp-block-column-is-layout-flow\">\n<img decoding=\"async\" src=\"https:\/\/gevelopers.com\/wp-content\/uploads\/2021\/05\/ic-technology-aws1.svg\" alt=\"gevelopers-technology-aws\" style=\"width:50px;height:50px\">\n\n\n\n<h4 class=\"wp-block-heading\">AWS<\/h4>\n\n\n\n<p>Our engineers combine DevOps practices with AWS services, to efficiently build and deliver software products with complete reliability.<\/p>\n\n\n\n<div class=\"wp-block-buttons is-layout-flex wp-block-buttons-is-layout-flex\">\n<div class=\"wp-block-button\"><a class=\"wp-block-button__link\" href=\"https:\/\/gevelopers.com\/pt\/aws-cloud-applications-development-company\/\">Saber mais<\/a><\/div>\n<\/div>\n<\/div>\n\n\n\n<div class=\"wp-block-column is-layout-flow wp-block-column-is-layout-flow\">\n<img decoding=\"async\" src=\"https:\/\/gevelopers.com\/wp-content\/uploads\/2021\/04\/ic-technology-google-cloud1x1.svg\" alt=\"technology-google-cloud-gevelopers\" style=\"width:50px;height:50px\">\n\n\n\n<h4 class=\"wp-block-heading\">Nuvem do Google<\/h4>\n\n\n\n<p>Transforming global enterprises by automating business processes via robust cloud solutions leveraging Google Cloud Platform (GCP).<\/p>\n\n\n\n<div class=\"wp-block-buttons is-layout-flex wp-block-buttons-is-layout-flex\">\n<div class=\"wp-block-button\"><a class=\"wp-block-button__link\" href=\"https:\/\/gevelopers.com\/pt\/google-cloud-development-company\/\">Saber mais<\/a><\/div>\n<\/div>\n<\/div>\n<\/div>\n\n\n\n<div class=\"wp-block-columns is-layout-flex wp-container-core-columns-is-layout-9d6595d7 wp-block-columns-is-layout-flex\">\n<div class=\"wp-block-column is-layout-flow wp-block-column-is-layout-flow\">\n<img decoding=\"async\" src=\"https:\/\/gevelopers.com\/wp-content\/uploads\/2021\/04\/ic-technology-microsoft-azure1.svg\" alt=\"technology-microsoft-azure-gevelopers\" style=\"width:50px;height:50px\">\n\n\n\n<h4 class=\"wp-block-heading\">Azure<\/h4>\n\n\n\n<p>Collaborating development process through source control, work tracking, and CI and delivery using Cloud &amp; Azure DevOps Services.<\/p>\n\n\n\n<div class=\"wp-block-buttons is-layout-flex wp-block-buttons-is-layout-flex\">\n<div class=\"wp-block-button\"><a class=\"wp-block-button__link\" href=\"https:\/\/gevelopers.com\/pt\/microsoft-azure-development-company\/\">Saber mais<\/a><\/div>\n<\/div>\n<\/div>\n\n\n\n<div class=\"wp-block-column is-layout-flow wp-block-column-is-layout-flow\">\n<img decoding=\"async\" src=\"https:\/\/gevelopers.com\/wp-content\/uploads\/2021\/05\/hudson.svg\" alt=\"hudson-gevelopers\" style=\"width:50px;height:50px\">\n\n\n\n<h4 class=\"wp-block-heading\">Hudson<\/h4>\n\n\n\n<p>CI tool for automating the regression testing of web applications while triggering builds and testing changes in the source code.<\/p>\n\n\n\n<div class=\"wp-block-buttons is-layout-flex wp-block-buttons-is-layout-flex\">\n<div class=\"wp-block-button\"><a class=\"wp-block-button__link\" href=\"https:\/\/gevelopers.com\/pt\/hudson-continuous-integration-testing-company\/\">Saber mais<\/a><\/div>\n<\/div>\n<\/div>\n<\/div>\n\n\n\n<div class=\"wp-block-columns is-layout-flex wp-container-core-columns-is-layout-9d6595d7 wp-block-columns-is-layout-flex\">\n<div class=\"wp-block-column is-layout-flow wp-block-column-is-layout-flow\">\n<img decoding=\"async\" src=\"https:\/\/gevelopers.com\/wp-content\/uploads\/2021\/05\/ic-infra-technology-jenkins1.svg\" alt=\"gevelopers-infra-technology-jenkins\" style=\"width:50px;height:50px\">\n\n\n\n<h4 class=\"wp-block-heading\">Jenkins<\/h4>\n\n\n\n<p>Our dev team has proficiency with this popular CI tool to build and test your software product continuously with no margin for error.<\/p>\n\n\n\n<div class=\"wp-block-buttons is-layout-flex wp-block-buttons-is-layout-flex\">\n<div class=\"wp-block-button\"><a class=\"wp-block-button__link\" href=\"https:\/\/gevelopers.com\/pt\/jenkins-continuous-integration-testing-company\/\">Saber mais<\/a><\/div>\n<\/div>\n<\/div>\n\n\n\n<div class=\"wp-block-column is-layout-flow wp-block-column-is-layout-flow\">\n<img decoding=\"async\" src=\"https:\/\/gevelopers.com\/wp-content\/uploads\/2021\/05\/ic-infra-technology-appium1.svg\" alt=\"gevelopers-infra-technology-appium\" style=\"width:50px;height:50px\">\n\n\n\n<h4 class=\"wp-block-heading\">Appium<\/h4>\n\n\n\n<p>Software testers at Gevelopers are experienced with this tool to foster testing automation for mobile apps to deliver with superior quality.<\/p>\n\n\n\n<div class=\"wp-block-buttons is-layout-flex wp-block-buttons-is-layout-flex\">\n<div class=\"wp-block-button\"><a class=\"wp-block-button__link\" href=\"https:\/\/gevelopers.com\/pt\/appium-automation-testing-company\/\">Saber mais<\/a><\/div>\n<\/div>\n<\/div>\n<\/div>\n\n\n\n<div class=\"wp-block-columns is-layout-flex wp-container-core-columns-is-layout-9d6595d7 wp-block-columns-is-layout-flex\">\n<div class=\"wp-block-column is-layout-flow wp-block-column-is-layout-flow\">\n<img decoding=\"async\" src=\"https:\/\/gevelopers.com\/wp-content\/uploads\/2021\/05\/ic-technology-selenium1.svg\" alt=\"gevelopers-technology-selenium\" style=\"width:50px;height:50px\">\n\n\n\n<h3 class=\"wp-block-heading\">Sel\u00eanio<\/h3>\n\n\n\n<p>We automate web applications testing using any web browser via this Selenium API to ensure the highest quality product delivery.<\/p>\n\n\n\n<div class=\"wp-block-buttons is-layout-flex wp-block-buttons-is-layout-flex\">\n<div class=\"wp-block-button\"><a class=\"wp-block-button__link\" href=\"https:\/\/gevelopers.com\/pt\/selenium-automation-testing-company\/\">Saber mais<\/a><\/div>\n<\/div>\n<\/div>\n\n\n\n<div class=\"wp-block-column is-layout-flow wp-block-column-is-layout-flow\">\n<img decoding=\"async\" src=\"https:\/\/gevelopers.com\/wp-content\/uploads\/2021\/05\/ic-technology-gradle1.svg\" alt=\"gevelopers-technology-gradle\" style=\"width:50px;height:50px\">\n\n\n\n<h3 class=\"wp-block-heading\">Gradle<\/h3>\n\n\n\n<p>Implementing build testing automation with Gradle for faster and better software delivery with expertise in Apache Ant and Apache Maven.<\/p>\n\n\n\n<div class=\"wp-block-buttons is-layout-flex wp-block-buttons-is-layout-flex\">\n<div class=\"wp-block-button\"><a class=\"wp-block-button__link\" href=\"https:\/\/gevelopers.com\/pt\/gradle-build-automation-testing-company\/\">Saber mais<\/a><\/div>\n<\/div>\n<\/div>\n<\/div>\n\n\n\n<div style=\"height:50px\" aria-hidden=\"true\" class=\"wp-block-spacer\"><\/div>\n\n\n\n<h2 class=\"has-text-align-center wp-block-heading\">How does Gevelopers help?<\/h2>\n\n\n\n<p class=\"has-text-align-center\">Looks of an app are important, but all that matters is the brain (the backend) that holds the functionality of an app to make it a successful one. Without a strong backbone, your software product cannot work ideally. Users may not see your backend code, but they can feel the power through app functionality.<\/p>\n\n\n\n<p class=\"has-text-align-center\">Our dev team builds powerful backends for a better online experience. The apps that can handle any size of user loads without glitches. This boosts the customer experience and ROI as a result.<\/p>\n\n\n\n<div class=\"wp-block-columns is-layout-flex wp-container-core-columns-is-layout-9d6595d7 wp-block-columns-is-layout-flex\">\n<div class=\"wp-block-column is-layout-flow wp-block-column-is-layout-flow\">\n<center><img decoding=\"async\" src=\"https:\/\/gevelopers.com\/wp-content\/uploads\/2021\/05\/ic-technology-aws1.svg\" alt=\"gevelopers-technology-aws\" style=\"width:50px;height:50px\"><\/center>\n<\/div>\n\n\n\n<div class=\"wp-block-column is-layout-flow wp-block-column-is-layout-flow\">\n<center><img decoding=\"async\" src=\"https:\/\/gevelopers.com\/wp-content\/uploads\/2021\/05\/hudson.svg\" alt=\"hudson-gevelopers\" style=\"width:50px;height:50px\"><\/center>\n<\/div>\n\n\n\n<div class=\"wp-block-column is-layout-flow wp-block-column-is-layout-flow\">\n<center><img decoding=\"async\" src=\"https:\/\/gevelopers.com\/wp-content\/uploads\/2021\/05\/ic-infra-technology-jenkins1.svg\" alt=\"gevelopers-infra-technology-jenkins\" style=\"width:50px;height:50px\"><\/center>\n<\/div>\n\n\n\n<div class=\"wp-block-column is-layout-flow wp-block-column-is-layout-flow\">\n<center><img decoding=\"async\" src=\"https:\/\/gevelopers.com\/wp-content\/uploads\/2021\/04\/ic-technology-google-cloud1x1.svg\" alt=\"technology-google-cloud-gevelopers\" style=\"width:50px;height:50px\"><\/center>\n<\/div>\n\n\n\n<div class=\"wp-block-column is-layout-flow wp-block-column-is-layout-flow\">\n<center><img decoding=\"async\" src=\"https:\/\/gevelopers.com\/wp-content\/uploads\/2021\/05\/ic-infra-technology-appium1.svg\" alt=\"gevelopers-infra-technology-appium\" style=\"width:50px;height:50px\"><\/center>\n<\/div>\n\n\n\n<div class=\"wp-block-column is-layout-flow wp-block-column-is-layout-flow\">\n<center><img decoding=\"async\" src=\"https:\/\/gevelopers.com\/wp-content\/uploads\/2021\/05\/ic-technology-gradle1.svg\" alt=\"gevelopers-technology-gradle\" style=\"width:50px;height:50px\"><\/center>\n<\/div>\n\n\n\n<div class=\"wp-block-column is-layout-flow wp-block-column-is-layout-flow\">\n<center><img decoding=\"async\" src=\"https:\/\/gevelopers.com\/wp-content\/uploads\/2021\/05\/ic-technology-selenium1.svg\" alt=\"gevelopers-technology-selenium\" style=\"width:50px;height:50px\"><\/center>\n<\/div>\n<\/div>\n\n\n\n<div style=\"height:25px\" aria-hidden=\"true\" class=\"wp-block-spacer\"><\/div>\n\n\n\n<center><img decoding=\"async\" src=\"https:\/\/gevelopers.com\/wp-content\/uploads\/2021\/05\/index-img-11.webp\"><\/center>\n\n\n\n<div style=\"height:50px\" aria-hidden=\"true\" class=\"wp-block-spacer\"><\/div>\n\n\n\n<h2 class=\"has-text-align-center wp-block-heading\">Ajudamos voc\u00ea a criar aplicativos para<\/h2>\n\n\n\n<div class=\"wp-block-columns is-layout-flex wp-container-core-columns-is-layout-9d6595d7 wp-block-columns-is-layout-flex\">\n<div class=\"wp-block-column is-layout-flow wp-block-column-is-layout-flow\">\n<img decoding=\"async\" src=\"https:\/\/gevelopers.com\/wp-content\/uploads\/2021\/05\/ic-mobile-app-development-enterprise1.svg\" alt=\"mobile-app-development-enterprise-gevelopers\" style=\"width:50px;height:50px\">\n\n\n\n<h3 class=\"wp-block-heading\">Empreendimento<\/h3>\n\n\n\n<p>Nossa consultoria colaborativa em estrat\u00e9gia m\u00f3vel atua como um catalisador na agiliza\u00e7\u00e3o das estruturas e processos de TI com o roteiro m\u00f3vel que est\u00e1 alinhado com os cen\u00e1rios, pol\u00edticas e sistemas atuais da empresa.<\/p>\n<\/div>\n\n\n\n<div class=\"wp-block-column is-layout-flow wp-block-column-is-layout-flow\">\n<img decoding=\"async\" src=\"https:\/\/gevelopers.com\/wp-content\/uploads\/2021\/05\/ic-business1.svg\" alt=\"gevelopers de neg\u00f3cios\" style=\"width:50px;height:50px\">\n\n\n\n<h3 class=\"wp-block-heading\">O neg\u00f3cio<\/h3>\n\n\n\n<p>Mapeamos as necessidades de neg\u00f3cios e os casos de uso para permitir que respondam rapidamente \u00e0s mudan\u00e7as. Ajudamos sua organiza\u00e7\u00e3o a mobilizar a comunica\u00e7\u00e3o interdepartamental, fluxos de trabalho e disponibilidade instant\u00e2nea de informa\u00e7\u00f5es.<\/p>\n<\/div>\n\n\n\n<div class=\"wp-block-column is-layout-flow wp-block-column-is-layout-flow\">\n<img decoding=\"async\" src=\"https:\/\/gevelopers.com\/wp-content\/uploads\/2021\/05\/ic-consumers1.svg\" alt=\"consumidores-gevelopers\" style=\"width:50px;height:50px\">\n\n\n\n<h3 class=\"wp-block-heading\">Consumidores<\/h3>\n\n\n\n<p>Nossos especialistas m\u00f3veis ajudam marcas, empresas e organiza\u00e7\u00f5es comunit\u00e1rias a construir solu\u00e7\u00f5es de aplicativos m\u00f3veis escal\u00e1veis que devem ser usadas diariamente por consumidores globais, v\u00e1rias vezes ao dia.<\/p>\n<\/div>\n<\/div>","protected":false},"excerpt":{"rendered":"<p>Experienced DevOps engineers at Gevelopers help enterprises to effectively collaborate configuration management, infrastructure automation, and analytics to scale up and&#8230;<\/p>","protected":false},"author":1,"featured_media":0,"parent":0,"menu_order":0,"comment_status":"closed","ping_status":"closed","template":"","meta":{"footnotes":""},"class_list":["post-2325","page","type-page","status-publish","hentry"],"_links":{"self":[{"href":"https:\/\/gevelopers.com\/pt\/wp-json\/wp\/v2\/pages\/2325","targetHints":{"allow":["GET"]}}],"collection":[{"href":"https:\/\/gevelopers.com\/pt\/wp-json\/wp\/v2\/pages"}],"about":[{"href":"https:\/\/gevelopers.com\/pt\/wp-json\/wp\/v2\/types\/page"}],"author":[{"embeddable":true,"href":"https:\/\/gevelopers.com\/pt\/wp-json\/wp\/v2\/users\/1"}],"replies":[{"embeddable":true,"href":"https:\/\/gevelopers.com\/pt\/wp-json\/wp\/v2\/comments?post=2325"}],"version-history":[{"count":0,"href":"https:\/\/gevelopers.com\/pt\/wp-json\/wp\/v2\/pages\/2325\/revisions"}],"wp:attachment":[{"href":"https:\/\/gevelopers.com\/pt\/wp-json\/wp\/v2\/media?parent=2325"}],"curies":[{"name":"wp","href":"https:\/\/api.w.org\/{rel}","templated":true}]}}