{"id":2508,"date":"2021-06-01T11:01:38","date_gmt":"2021-06-01T11:01:38","guid":{"rendered":"https:\/\/gevelopers.com\/?page_id=2508"},"modified":"2021-07-23T06:15:08","modified_gmt":"2021-07-23T06:15:08","slug":"amazon-dynamodb-development-company","status":"publish","type":"page","link":"https:\/\/gevelopers.com\/pt\/amazon-dynamodb-development-company\/","title":{"rendered":"Empresa de desenvolvimento Amazon DynamoDB"},"content":{"rendered":"<div style=\"height:50px\" aria-hidden=\"true\" class=\"wp-block-spacer\"><\/div>\n\n\n\n<div class=\"wp-block-media-text alignwide has-media-on-the-right is-stacked-on-mobile\"><figure class=\"wp-block-media-text__media\"><img decoding=\"async\" src=\"https:\/\/gevelopers.com\/wp-content\/uploads\/2021\/06\/tech-database-DynamoDB1.webp\" alt=\"tech-database-DynamoDB-gevelopers\" class=\"wp-image-2513 size-full\"\/><\/figure><div class=\"wp-block-media-text__content\">\n<p>A Gevelopers \u00e9 uma empresa l\u00edder de desenvolvimento do Amazon DynamoDB que desenvolve e fornece sistemas robustos de suporte de banco de dados para a constru\u00e7\u00e3o de aplicativos em v\u00e1rios setores. Aproveitando os servi\u00e7os de banco de dados NoSQL do popular Amazon DynamoDB, criamos aplicativos m\u00f3veis mais r\u00e1pidos, flex\u00edveis e altamente funcionais, aproveitando os servi\u00e7os de desenvolvimento especializados do DynamoDB. Com o DynamoDB, criamos tabelas de banco de dados que podem armazenar e recuperar qualquer quantidade de dados e atender a qualquer n\u00edvel de tr\u00e1fego de solicita\u00e7\u00f5es.<\/p>\n\n\n\n<div class=\"wp-block-buttons is-layout-flex wp-block-buttons-is-layout-flex\">\n<div class=\"wp-block-button\"><a class=\"wp-block-button__link\" href=\"https:\/\/gevelopers.com\/pt\/get-started\/\">Vamos conversar<\/a><\/div>\n<\/div>\n<\/div><\/div>\n\n\n\n<div style=\"height:50px\" aria-hidden=\"true\" class=\"wp-block-spacer\"><\/div>\n\n\n\n<h5 class=\"has-text-align-center wp-block-heading\">Aproxima\u00e7\u00e3o<\/h5>\n\n\n\n<h2 class=\"has-text-align-center wp-block-heading\">Melhor empresa de desenvolvimento DynamoDB<\/h2>\n\n\n\n<div class=\"wp-block-media-text alignwide is-stacked-on-mobile\"><figure class=\"wp-block-media-text__media\"><img loading=\"lazy\" decoding=\"async\" width=\"320\" height=\"229\" src=\"https:\/\/gevelopers.com\/wp-content\/uploads\/2021\/05\/approch-slide-img-51.svg\" alt=\"approch-slide-img-5-gevelopers\" class=\"wp-image-1182 size-full\"\/><\/figure><div class=\"wp-block-media-text__content\">\n<h4 class=\"wp-block-heading\">Experi\u00eancia de desenvolvimento do DynamoDB<\/h4>\n\n\n\n<p>Somos uma empresa de desenvolvimento l\u00edder em DynamoDB, com especialistas em DynamoDB que s\u00e3o proficientes em trabalhar com linguagens de programa\u00e7\u00e3o como Java, JavaScript, Swift, Node.js, .NET, PHP, Python. Nossos arquitetos de banco de dados full-stack fornecem servi\u00e7os de desenvolvimento de ponta a ponta do DynamoDB, desde o design at\u00e9 a implementa\u00e7\u00e3o.<\/p>\n<\/div><\/div>\n\n\n\n<div class=\"wp-block-media-text alignwide is-stacked-on-mobile\"><figure class=\"wp-block-media-text__media\"><img loading=\"lazy\" decoding=\"async\" width=\"320\" height=\"179\" src=\"https:\/\/gevelopers.com\/wp-content\/uploads\/2021\/05\/approch-slide-img-21.svg\" alt=\"approch-slide-img-2-gevelopers\" class=\"wp-image-1790 size-full\"\/><\/figure><div class=\"wp-block-media-text__content\">\n<h4 class=\"wp-block-heading\">Verifica\u00e7\u00f5es de qualidade n\u00e3o comprometidas<\/h4>\n\n\n\n<p>Para garantir resultados de qualidade, nossos QA (Analistas de Qualidade) realizam verifica\u00e7\u00f5es de qualidade dedicadas e rigorosas em todos os n\u00edveis de desenvolvimento do DynamoDB. Contrate servi\u00e7os de desenvolvimento DynamoDB de Gevelopers que incluem revis\u00e3o de c\u00f3digo de especialistas em sistemas back-end para garantir que o produto final seja r\u00e1pido, funcional e seguro.<\/p>\n<\/div><\/div>\n\n\n\n<div class=\"wp-block-media-text alignwide is-stacked-on-mobile\"><figure class=\"wp-block-media-text__media\"><img loading=\"lazy\" decoding=\"async\" width=\"300\" height=\"230\" src=\"https:\/\/gevelopers.com\/wp-content\/uploads\/2021\/05\/approch-slide-img-31.svg\" alt=\"approch-slide-img-3-gevelopers\" class=\"wp-image-1793 size-full\"\/><\/figure><div class=\"wp-block-media-text__content\">\n<h4 class=\"wp-block-heading\">Solu\u00e7\u00f5es poderosas do DynamoDB<\/h4>\n\n\n\n<p>Se o seu aplicativo m\u00f3vel ou web existente est\u00e1 usando AWS stack e deseja implementar um banco de dados NoSQL, ent\u00e3o implementar o banco de dados DynamoDB \u00e9 mais f\u00e1cil devido ao armazenamento mais r\u00e1pido e manipula\u00e7\u00e3o de tr\u00e1fego pesado. Nossos servi\u00e7os de desenvolvimento e implementa\u00e7\u00e3o do DynamoDB s\u00e3o perfeitos para aplicativos m\u00f3veis, plataformas da web, tecnologia de an\u00fancios, solu\u00e7\u00f5es de IoT, jogos e outros aplicativos que precisam de acesso a dados de baixa lat\u00eancia.<\/p>\n<\/div><\/div>\n\n\n\n<div class=\"wp-block-media-text alignwide is-stacked-on-mobile\"><figure class=\"wp-block-media-text__media\"><img loading=\"lazy\" decoding=\"async\" width=\"320\" height=\"171\" src=\"https:\/\/gevelopers.com\/wp-content\/uploads\/2021\/05\/approch-slide-img-41.svg\" alt=\"approch-slide-img-4-gevelopers\" class=\"wp-image-1796 size-full\"\/><\/figure><div class=\"wp-block-media-text__content\">\n<h4 class=\"wp-block-heading\">Contrate desenvolvedores DynamoDB<\/h4>\n\n\n\n<p>N\u00f3s da Gevelopers, uma empresa l\u00edder de desenvolvimento do Amazon DynamoDB, oferecemos modelos de engajamento flex\u00edveis para contratar desenvolvedores do DynamoDB de acordo com as necessidades de neg\u00f3cios, aproveitando os servi\u00e7os de desenvolvimento completos do DynamoDB. Contate-nos agora para contratar desenvolvedores do DynamoDB na Europa, Turquia, Cingapura e EUA para construir aplicativos de web e m\u00f3veis de alto desempenho com as melhores taxas.<\/p>\n<\/div><\/div>\n\n\n\n<div style=\"height:50px\" aria-hidden=\"true\" class=\"wp-block-spacer\"><\/div>\n\n\n\n<p class=\"has-text-align-center\">O que n\u00f3s fazemos<\/p>\n\n\n\n<h2 class=\"has-text-align-center wp-block-heading\">Nossos servi\u00e7os especializados de desenvolvimento do DynamoDB<\/h2>\n\n\n\n<div class=\"wp-block-columns is-layout-flex wp-container-core-columns-is-layout-9d6595d7 wp-block-columns-is-layout-flex\">\n<div class=\"wp-block-column is-layout-flow wp-block-column-is-layout-flow\">\n<h3 class=\"wp-block-heading\">Desenvolvimento de aplicativos da Web DynamoDB<\/h3>\n\n\n\n<p>Nossa equipe de desenvolvimento do DynamoDB cria aplicativos da web flex\u00edveis e poderosos que podem ser ampliados ou reduzidos com manuten\u00e7\u00e3o de servidor automatizada.<\/p>\n<\/div>\n\n\n\n<div class=\"wp-block-column is-layout-flow wp-block-column-is-layout-flow\">\n<h3 class=\"wp-block-heading\">Desenvolvimento de aplicativos m\u00f3veis DynamoDB<\/h3>\n\n\n\n<p>Aproveitando os recursos do DynamoDB, nossos desenvolvedores criam e entregam aplicativos m\u00f3veis impressionantes, robustos e suaves com UX de qualidade.<\/p>\n<\/div>\n\n\n\n<div class=\"wp-block-column is-layout-flow wp-block-column-is-layout-flow\">\n<h3 class=\"wp-block-heading\">Desenvolvimento de sistema back-end<\/h3>\n\n\n\n<p>O Amazon DynamoDB cuida das tarefas operacionais no back-end, permitindo que nos concentremos nos aplicativos para entregar e manter com qualidade.<\/p>\n<\/div>\n<\/div>\n\n\n\n<div class=\"wp-block-columns is-layout-flex wp-container-core-columns-is-layout-9d6595d7 wp-block-columns-is-layout-flex\">\n<div class=\"wp-block-column is-layout-flow wp-block-column-is-layout-flow\">\n<h3 class=\"wp-block-heading\">Desenvolvimento de aplicativos de jogos<\/h3>\n\n\n\n<p>Contrate desenvolvedores do DynamoDB que projetam e desenvolvem aplicativos de jogos suaves e altamente funcionais em v\u00e1rias plataformas.<\/p>\n<\/div>\n\n\n\n<div class=\"wp-block-column is-layout-flow wp-block-column-is-layout-flow\">\n<h3 class=\"wp-block-heading\">Migra\u00e7\u00e3o DynamoDB<\/h3>\n\n\n\n<p>Contrate desenvolvedores do DynamoDB que ajudem os clientes a fazer migra\u00e7\u00f5es de banco de dados de MongoDB, MySQL, RDBMS, Cassandra para DynamoDB.<\/p>\n<\/div>\n\n\n\n<div class=\"wp-block-column is-layout-flow wp-block-column-is-layout-flow\">\n<h3 class=\"wp-block-heading\">Consulta DynamoDB<\/h3>\n\n\n\n<p>Somos uma empresa l\u00edder em desenvolvimento do DynamoDB, oferecendo consultoria especializada no DynamoDB para a solu\u00e7\u00e3o r\u00e1pida de problemas existentes de back-end.<\/p>\n<\/div>\n<\/div>\n\n\n\n<div style=\"height:50px\" aria-hidden=\"true\" class=\"wp-block-spacer\"><\/div>\n\n\n\n<p class=\"has-text-align-center\">SERVI\u00c7OS DE GEVELOPERS<\/p>\n\n\n\n<h2 class=\"has-text-align-center wp-block-heading\">Olhando para um espectro mais amplo<\/h2>\n\n\n\n<div class=\"wp-block-columns is-layout-flex wp-container-core-columns-is-layout-9d6595d7 wp-block-columns-is-layout-flex\">\n<div class=\"wp-block-column is-layout-flow wp-block-column-is-layout-flow\">\n<center><img decoding=\"async\" src=\"https:\/\/gevelopers.com\/wp-content\/uploads\/2021\/05\/services-landing-img-11.svg\" alt=\"services-landing-img-11-gevelopers\" style=\"width:300px;height:300px\"><\/center>\n\n\n\n<h4 class=\"has-text-align-center wp-block-heading\">Desenvolvimento de aplicativos m\u00f3veis<\/h4>\n\n\n\n<p class=\"has-text-align-center\">Desenvolvimento de aplicativos iOS e Android para smartphones e tablets com grande aten\u00e7\u00e3o ao design.<\/p>\n<\/div>\n\n\n\n<div class=\"wp-block-column is-layout-flow wp-block-column-is-layout-flow\">\n<center><img decoding=\"async\" src=\"https:\/\/gevelopers.com\/wp-content\/uploads\/2021\/05\/services-landing-img-21.svg\" alt=\"services-landing-img-21-gevelopers\" style=\"width:300px;height:300px\"><\/center>\n\n\n\n<h4 class=\"has-text-align-center wp-block-heading\">Desenvolvimento Web Personalizado<\/h4>\n\n\n\n<p class=\"has-text-align-center\">Desenvolvimento de sites responsivos com total controle de conte\u00fado e escalabilidade.<\/p>\n<\/div>\n\n\n\n<div class=\"wp-block-column is-layout-flow wp-block-column-is-layout-flow\">\n<center><img decoding=\"async\" src=\"https:\/\/gevelopers.com\/wp-content\/uploads\/2021\/05\/services-landing-img-31.svg\" alt=\"services-landing-img-31-gevelopers\" style=\"width:300px;height:300px\"><\/center>\n\n\n\n<h4 class=\"has-text-align-center wp-block-heading\">Desenvolvimento de jogos para celular<\/h4>\n\n\n\n<p class=\"has-text-align-center\">Desenvolvendo jogos 2D e 3D envolventes em plataformas iOS e Android que geram receita.<\/p>\n<\/div>\n<\/div>\n\n\n\n<div class=\"wp-block-columns is-layout-flex wp-container-core-columns-is-layout-9d6595d7 wp-block-columns-is-layout-flex\">\n<div class=\"wp-block-column is-layout-flow wp-block-column-is-layout-flow\">\n<center><img decoding=\"async\" src=\"https:\/\/gevelopers.com\/wp-content\/uploads\/2021\/05\/services-landing-img-41.svg\" alt=\"services-landing-img-41-gevelopers\" style=\"width:300px;height:300px\"><\/center>\n\n\n\n<h4 class=\"has-text-align-center wp-block-heading\">Servi\u00e7os de marketing digital<\/h4>\n\n\n\n<p class=\"has-text-align-center\">Toda a pilha de marketing online com foco em conte\u00fado, criativo, m\u00eddia social e digital.<\/p>\n<\/div>\n\n\n\n<div class=\"wp-block-column is-layout-flow wp-block-column-is-layout-flow\">\n<center><img decoding=\"async\" src=\"https:\/\/gevelopers.com\/wp-content\/uploads\/2021\/05\/services-landing-img-51.svg\" alt=\"services-landing-img-51-gevelopers\" style=\"width:300px;height:300px\"><\/center>\n\n\n\n<h4 class=\"has-text-align-center wp-block-heading\">Design de interface do usu\u00e1rio \/ servi\u00e7os criativos<\/h4>\n\n\n\n<p class=\"has-text-align-center\">Projetar interfaces de usu\u00e1rio e designs impressionantes que proporcionam identidade e experi\u00eancia \u00fanicas.<\/p>\n<\/div>\n\n\n\n<div class=\"wp-block-column is-layout-flow wp-block-column-is-layout-flow\">\n<center><img decoding=\"async\" src=\"https:\/\/gevelopers.com\/wp-content\/uploads\/2021\/05\/services-landing-img-61.svg\" alt=\"services-landing-img-61-gevelopers\" style=\"width:300px;height:300px\"><\/center>\n\n\n\n<h4 class=\"has-text-align-center wp-block-heading\">Gerenciamento de infraestrutura em nuvem<\/h4>\n\n\n\n<p class=\"has-text-align-center\">Arquitetos de nuvem certificados pela AWS que podem configurar e gerenciar toda a infraestrutura em nuvem.<\/p>\n<\/div>\n<\/div>\n\n\n\n<div class=\"wp-block-columns is-layout-flex wp-container-core-columns-is-layout-9d6595d7 wp-block-columns-is-layout-flex\">\n<div class=\"wp-block-column is-layout-flow wp-block-column-is-layout-flow\">\n<h3 class=\"has-text-align-center wp-block-heading\">Solu\u00e7\u00f5es empresariais<\/h3>\n\n\n\n<p class=\"has-text-align-center\">Elevando a experi\u00eancia empresarial atrav\u00e9s do desenvolvimento de solu\u00e7\u00f5es inovadoras e impactantes para web, mobile e internet com rica experi\u00eancia do usu\u00e1rio.<\/p>\n\n\n\n<center><img decoding=\"async\" src=\"https:\/\/gevelopers.com\/wp-content\/uploads\/2021\/05\/enterprice-solution1.webp\" alt=\"enterprise-solution-gevelopers\"><\/center>\n\n\n\n<div style=\"height:25px\" aria-hidden=\"true\" class=\"wp-block-spacer\"><\/div>\n\n\n\n<div class=\"wp-block-columns is-layout-flex wp-container-core-columns-is-layout-9d6595d7 wp-block-columns-is-layout-flex\">\n<div class=\"wp-block-column is-layout-flow wp-block-column-is-layout-flow\">\n<p>Estrat\u00e9gia M\u00f3vel<\/p>\n\n\n\n<p>Mobilidade Empresarial<\/p>\n\n\n\n<p>Sistema ERP<\/p>\n<\/div>\n\n\n\n<div class=\"wp-block-column is-layout-flow wp-block-column-is-layout-flow\">\n<p>Gerenciamento de conte\u00fado<\/p>\n\n\n\n<p>Consultoria T\u00e9cnica<\/p>\n\n\n\n<p>Plataformas de aplicativos m\u00f3veis<\/p>\n<\/div>\n<\/div>\n<\/div>\n\n\n\n<div class=\"wp-block-column is-layout-flow wp-block-column-is-layout-flow\">\n<h3 class=\"has-text-align-center wp-block-heading\">Solu\u00e7\u00f5es de inicializa\u00e7\u00e3o<\/h3>\n\n\n\n<p class=\"has-text-align-center\">Ajudamos startups de todos os tamanhos, independentemente de seus est\u00e1gios - a nutrir, construir e desenvolver suas ideias incr\u00edveis em dispositivos m\u00f3veis e na web.<\/p>\n\n\n\n<center><img decoding=\"async\" src=\"https:\/\/gevelopers.com\/wp-content\/uploads\/2021\/05\/startup-solution1.webp\" alt=\"startup-solution-gevelopers\"><\/center>\n\n\n\n<div style=\"height:25px\" aria-hidden=\"true\" class=\"wp-block-spacer\"><\/div>\n\n\n\n<div class=\"wp-block-columns is-layout-flex wp-container-core-columns-is-layout-9d6595d7 wp-block-columns-is-layout-flex\">\n<div class=\"wp-block-column is-layout-flow wp-block-column-is-layout-flow\">\n<p>Ideia para prototipar<\/p>\n\n\n\n<p>Lan\u00e7amento MVP<\/p>\n\n\n\n<p>Servi\u00e7o de Desenvolvimento<\/p>\n<\/div>\n\n\n\n<div class=\"wp-block-column is-layout-flow wp-block-column-is-layout-flow\">\n<p>Criar m\u00e1quina de lan\u00e7amento<\/p>\n\n\n\n<p>Suporte e Manuten\u00e7\u00e3o<\/p>\n\n\n\n<p>Parcerias de capital<\/p>\n<\/div>\n<\/div>\n<\/div>\n<\/div>\n\n\n\n<div style=\"height:50px\" aria-hidden=\"true\" class=\"wp-block-spacer\"><\/div>\n\n\n\n<p class=\"has-text-align-center\">Aprovado por<\/p>\n\n\n\n<h2 class=\"has-text-align-center wp-block-heading\">Marcas populares em todo o mundo<\/h2>\n\n\n\n<div style=\"height:25px\" aria-hidden=\"true\" class=\"wp-block-spacer\"><\/div>\n\n\n\n<div class=\"wp-block-columns is-layout-flex wp-container-core-columns-is-layout-9d6595d7 wp-block-columns-is-layout-flex\">\n<div class=\"wp-block-column is-layout-flow wp-block-column-is-layout-flow\">\n<center><img decoding=\"async\" src=\"https:\/\/gevelopers.com\/wp-content\/uploads\/2021\/05\/logo-brand-black-oracle1.svg\" alt=\"logo-brand-black-oracle-gevelopers\" style=\"width:150px;height:55px\"><\/center>\n<\/div>\n\n\n\n<div class=\"wp-block-column is-layout-flow wp-block-column-is-layout-flow\">\n<center><img decoding=\"async\" src=\"https:\/\/gevelopers.com\/wp-content\/uploads\/2021\/05\/logo-cambridge-v31.svg\" alt=\"logo-cambridge-v3-gevelopers\" style=\"width:150px;height:55px\"><\/center>\n<\/div>\n\n\n\n<div class=\"wp-block-column is-layout-flow wp-block-column-is-layout-flow\">\n<center><img decoding=\"async\" src=\"https:\/\/gevelopers.com\/wp-content\/uploads\/2021\/05\/logo-brand-black-mumayizv21.svg\" alt=\"logo-brand-black-mumayizv2-gevelopers\" style=\"width:150px;height:50px\"><\/center>\n<\/div>\n\n\n\n<div class=\"wp-block-column is-layout-flow wp-block-column-is-layout-flow\">\n<center><img decoding=\"async\" src=\"https:\/\/gevelopers.com\/wp-content\/uploads\/2021\/05\/logo-brand-black-mtn1.svg\" alt=\"logo-brand-black-mtn-gevelopers\" style=\"width:150px;height:50px\"><\/center>\n<\/div>\n\n\n\n<div class=\"wp-block-column is-layout-flow wp-block-column-is-layout-flow\">\n<center><img decoding=\"async\" src=\"https:\/\/gevelopers.com\/wp-content\/uploads\/2021\/05\/logo-brand-black-mtu1.svg\" alt=\"logo-brand-black-mtu-gevelopers\" style=\"width:150px;height:50px\"><\/center>\n<\/div>\n<\/div>\n\n\n\n<div style=\"height:25px\" aria-hidden=\"true\" class=\"wp-block-spacer\"><\/div>\n\n\n\n<div class=\"wp-block-columns is-layout-flex wp-container-core-columns-is-layout-9d6595d7 wp-block-columns-is-layout-flex\">\n<div class=\"wp-block-column is-layout-flow wp-block-column-is-layout-flow\">\n<center><img decoding=\"async\" src=\"https:\/\/gevelopers.com\/wp-content\/uploads\/2021\/05\/logo-brand-black-bcg1.svg\" alt=\"logo-brand-black-bcg-gevelopers\" style=\"width:150px;height:50px\"><\/center>\n<\/div>\n\n\n\n<div class=\"wp-block-column is-layout-flow wp-block-column-is-layout-flow\">\n<center><img decoding=\"async\" src=\"https:\/\/gevelopers.com\/wp-content\/uploads\/2021\/05\/logo-brand-black-sanchobbdo1.svg\" alt=\"logo-brand-black-sanchobbdo-gevelopers\" style=\"width:150px;height:50px\"><\/center>\n<\/div>\n\n\n\n<div class=\"wp-block-column is-layout-flow wp-block-column-is-layout-flow\">\n<center><img decoding=\"async\" src=\"https:\/\/gevelopers.com\/wp-content\/uploads\/2021\/05\/logo-brand-black-gulfstream1.svg\" alt=\"logo-brand-black-gulfstream-gevelopers\" style=\"width:150px;height:50px\"><\/center>\n<\/div>\n\n\n\n<div class=\"wp-block-column is-layout-flow wp-block-column-is-layout-flow\">\n<center><img decoding=\"async\" src=\"https:\/\/gevelopers.com\/wp-content\/uploads\/2021\/05\/logo-brand-black-daman1.svg\" alt=\"logo-brand-black-daman-gevelopers\" style=\"width:150px;height:50px\"><\/center>\n<\/div>\n\n\n\n<div class=\"wp-block-column is-layout-flow wp-block-column-is-layout-flow\">\n<center><img decoding=\"async\" src=\"https:\/\/gevelopers.com\/wp-content\/uploads\/2021\/05\/logo-brand-black-astrazeneca1.svg\" alt=\"logo-brand-black-astrazeneca-gevelopers\" style=\"width:150px;height:50px\"><\/center>\n<\/div>\n<\/div>\n\n\n\n<div style=\"height:25px\" aria-hidden=\"true\" class=\"wp-block-spacer\"><\/div>\n\n\n\n<div class=\"wp-block-columns is-layout-flex wp-container-core-columns-is-layout-9d6595d7 wp-block-columns-is-layout-flex\">\n<div class=\"wp-block-column is-layout-flow wp-block-column-is-layout-flow\">\n<center><img decoding=\"async\" src=\"https:\/\/gevelopers.com\/wp-content\/uploads\/2021\/05\/logo-brand-black-vfsglobal1.svg\" alt=\"logo-brand-black-vfsglobal-gevelopers\" style=\"width:150px;height:50px\"><\/center>\n<\/div>\n\n\n\n<div class=\"wp-block-column is-layout-flow wp-block-column-is-layout-flow\">\n<center><img decoding=\"async\" src=\"https:\/\/gevelopers.com\/wp-content\/uploads\/2021\/05\/logo-brand-black-haas1.svg\" alt=\"logo-brand-black-haas-gevelopers\" style=\"width:150px;height:50px\"><\/center>\n<\/div>\n\n\n\n<div class=\"wp-block-column is-layout-flow wp-block-column-is-layout-flow\">\n<center><img decoding=\"async\" src=\"https:\/\/gevelopers.com\/wp-content\/uploads\/2021\/05\/logo-brand-black-tata1.svg\" alt=\"logo-brand-black-tata-gevelopers\" style=\"width:150px;height:50px\"><\/center>\n<\/div>\n\n\n\n<div class=\"wp-block-column is-layout-flow wp-block-column-is-layout-flow\">\n<center><img decoding=\"async\" src=\"https:\/\/gevelopers.com\/wp-content\/uploads\/2021\/05\/logo-brand-black-yahoo1.svg\" alt=\"logo-brand-black-yahoo-gevelopers\" style=\"width:150px;height:50px\"><\/center>\n<\/div>\n\n\n\n<div class=\"wp-block-column is-layout-flow wp-block-column-is-layout-flow\">\n<center><img decoding=\"async\" src=\"https:\/\/gevelopers.com\/wp-content\/uploads\/2021\/05\/logo-brand-black-smithfield1.svg\" alt=\"logo-brand-black-smithfield-gevelopers\" style=\"width:150px;height:50px\"><\/center>\n<\/div>\n<\/div>\n\n\n\n<div style=\"height:25px\" aria-hidden=\"true\" class=\"wp-block-spacer\"><\/div>\n\n\n\n<div class=\"wp-block-columns is-layout-flex wp-container-core-columns-is-layout-9d6595d7 wp-block-columns-is-layout-flex\">\n<div class=\"wp-block-column is-layout-flow wp-block-column-is-layout-flow\">\n<center><img decoding=\"async\" src=\"https:\/\/gevelopers.com\/wp-content\/uploads\/2021\/05\/logo-brand-black-best-buy1.svg\" alt=\"logo-brand-black-best-buy-gevelopers\" style=\"width:150px;height:50px\"><\/center>\n<\/div>\n\n\n\n<div class=\"wp-block-column is-layout-flow wp-block-column-is-layout-flow\">\n<center><img decoding=\"async\" src=\"https:\/\/gevelopers.com\/wp-content\/uploads\/2021\/05\/logo-brand-black-essilor1.svg\" alt=\"logo-brand-black-essilor-gevelopers\" style=\"width:150px;height:50px\"><\/center>\n\n\n\n<p><\/p>\n<\/div>\n\n\n\n<div class=\"wp-block-column is-layout-flow wp-block-column-is-layout-flow\">\n<center><img decoding=\"async\" src=\"https:\/\/gevelopers.com\/wp-content\/uploads\/2021\/05\/logo-brand-black-cosmopolitan1.svg\" alt=\"logo-brand-black-cosmopolitan-gevelopers\" style=\"width:150px;height:50px\"><\/center>\n<\/div>\n\n\n\n<div class=\"wp-block-column is-layout-flow wp-block-column-is-layout-flow\">\n<center><img decoding=\"async\" src=\"https:\/\/gevelopers.com\/wp-content\/uploads\/2021\/05\/logo-brand-black-abbott1.svg\" alt=\"logo-brand-black-abbott-gevelopers\" style=\"width:150px;height:50px\"><\/center>\n<\/div>\n\n\n\n<div class=\"wp-block-column is-layout-flow wp-block-column-is-layout-flow\">\n<center><img decoding=\"async\" src=\"https:\/\/gevelopers.com\/wp-content\/uploads\/2021\/05\/logo-brand-black-unsw1.svg\" alt=\"logo-brand-black-unsw-gevelopers\" style=\"width:150px;height:50px\"><\/center>\n<\/div>\n<\/div>\n\n\n\n<div style=\"height:25px\" aria-hidden=\"true\" class=\"wp-block-spacer\"><\/div>\n\n\n\n<div class=\"wp-block-columns is-layout-flex wp-container-core-columns-is-layout-9d6595d7 wp-block-columns-is-layout-flex\">\n<div class=\"wp-block-column is-layout-flow wp-block-column-is-layout-flow\">\n<center><img decoding=\"async\" src=\"https:\/\/gevelopers.com\/wp-content\/uploads\/2021\/05\/logo-brand-black-lifetechnologies1.svg\" alt=\"logo-brand-black-lifetechnologies-gevelopers\" style=\"width:150px;height:50px\"><\/center>\n<\/div>\n\n\n\n<div class=\"wp-block-column is-layout-flow wp-block-column-is-layout-flow\">\n<center><img decoding=\"async\" src=\"https:\/\/gevelopers.com\/wp-content\/uploads\/2021\/05\/logo-brand-black-jacksoncoker1.svg\" alt=\"logo-brand-black-jacksoncoker-gevelopers\" style=\"width:150px;height:50px\"><\/center>\n<\/div>\n\n\n\n<div class=\"wp-block-column is-layout-flow wp-block-column-is-layout-flow\">\n<center><img decoding=\"async\" src=\"https:\/\/gevelopers.com\/wp-content\/uploads\/2021\/05\/logo-brand-black-mcdonalds1.svg\" alt=\"logo-brand-black-mcdonalds-gevelopers\" style=\"width:150px;height:50px\"><\/center>\n<\/div>\n\n\n\n<div class=\"wp-block-column is-layout-flow wp-block-column-is-layout-flow\">\n<center><img decoding=\"async\" src=\"https:\/\/gevelopers.com\/wp-content\/uploads\/2021\/05\/logo-brand-black-vodafone1.svg\" alt=\"logo-brand-black-vodafone-gevelopers\" style=\"width:150px;height:50px\"><\/center>\n<\/div>\n\n\n\n<div class=\"wp-block-column is-layout-flow wp-block-column-is-layout-flow\">\n<center><img decoding=\"async\" src=\"https:\/\/gevelopers.com\/wp-content\/uploads\/2021\/05\/logo-brand-black-adidas1.svg\" alt=\"logo-brand-black-adidas-gevelopers\" style=\"width:150px;height:50px\"><\/center>\n<\/div>\n<\/div>\n\n\n\n<div style=\"height:25px\" aria-hidden=\"true\" class=\"wp-block-spacer\"><\/div>\n\n\n\n<div class=\"wp-block-columns is-layout-flex wp-container-core-columns-is-layout-9d6595d7 wp-block-columns-is-layout-flex\">\n<div class=\"wp-block-column is-layout-flow wp-block-column-is-layout-flow\">\n<center><img decoding=\"async\" src=\"https:\/\/gevelopers.com\/wp-content\/uploads\/2021\/05\/logo-brand-black-ndtv1.svg\" alt=\"logo-brand-black-ndtv-gevelopers\" style=\"width:150px;height:50px\"><\/center>\n<\/div>\n\n\n\n<div class=\"wp-block-column is-layout-flow wp-block-column-is-layout-flow\">\n<center><img decoding=\"async\" src=\"https:\/\/gevelopers.com\/wp-content\/uploads\/2021\/05\/logo-brand-black-kotak1.svg\" alt=\"logo-brand-black-kotak-gevelopers\" style=\"width:150px;height:50px\"><\/center>\n<\/div>\n\n\n\n<div class=\"wp-block-column is-layout-flow wp-block-column-is-layout-flow\">\n<center><img decoding=\"async\" src=\"https:\/\/gevelopers.com\/wp-content\/uploads\/2021\/05\/logo-brand-black-macys1.svg\" alt=\"logo-brand-black-macys-gevelopers\" style=\"width:150px;height:50px\"><\/center>\n<\/div>\n\n\n\n<div class=\"wp-block-column is-layout-flow wp-block-column-is-layout-flow\">\n<center><img decoding=\"async\" src=\"https:\/\/gevelopers.com\/wp-content\/uploads\/2021\/05\/logo-brand-black-cartier1.svg\" alt=\"logo-brand-black-cartier-gevelopers\" style=\"width:150px;height:50px\"><\/center>\n<\/div>\n\n\n\n<div class=\"wp-block-column is-layout-flow wp-block-column-is-layout-flow\">\n<center><img decoding=\"async\" src=\"https:\/\/gevelopers.com\/wp-content\/uploads\/2021\/05\/logo-brand-black-rimac1.svg\" alt=\"logo-brand-black-rimac-gevelopers\" style=\"width:150px;height:50px\"><\/center>\n<\/div>\n<\/div>","protected":false},"excerpt":{"rendered":"<p>Approach Top DynamoDB Development Company DynamoDB Development Expertise We are a leading DynamoDB development company having DynamoDB experts who are&#8230;<\/p>","protected":false},"author":1,"featured_media":0,"parent":0,"menu_order":0,"comment_status":"closed","ping_status":"closed","template":"","meta":{"footnotes":""},"class_list":["post-2508","page","type-page","status-publish","hentry"],"_links":{"self":[{"href":"https:\/\/gevelopers.com\/pt\/wp-json\/wp\/v2\/pages\/2508","targetHints":{"allow":["GET"]}}],"collection":[{"href":"https:\/\/gevelopers.com\/pt\/wp-json\/wp\/v2\/pages"}],"about":[{"href":"https:\/\/gevelopers.com\/pt\/wp-json\/wp\/v2\/types\/page"}],"author":[{"embeddable":true,"href":"https:\/\/gevelopers.com\/pt\/wp-json\/wp\/v2\/users\/1"}],"replies":[{"embeddable":true,"href":"https:\/\/gevelopers.com\/pt\/wp-json\/wp\/v2\/comments?post=2508"}],"version-history":[{"count":0,"href":"https:\/\/gevelopers.com\/pt\/wp-json\/wp\/v2\/pages\/2508\/revisions"}],"wp:attachment":[{"href":"https:\/\/gevelopers.com\/pt\/wp-json\/wp\/v2\/media?parent=2508"}],"curies":[{"name":"wp","href":"https:\/\/api.w.org\/{rel}","templated":true}]}}