{"id":2819,"date":"2021-06-04T06:29:39","date_gmt":"2021-06-04T06:29:39","guid":{"rendered":"https:\/\/gevelopers.com\/?page_id=2819"},"modified":"2021-06-12T19:29:54","modified_gmt":"2021-06-12T19:29:54","slug":"enterprise","status":"publish","type":"page","link":"https:\/\/gevelopers.com\/pt\/enterprise\/","title":{"rendered":"Solu\u00e7\u00f5es de software empresarial"},"content":{"rendered":"<p class=\"has-text-align-center\">Gevelopers \u00e9 um nome confi\u00e1vel entre as empresas globais para a cria\u00e7\u00e3o e entrega de solu\u00e7\u00f5es de software de n\u00edvel empresarial desde 2015. Nossos melhores talentos em tecnologia garantem a entrega de solu\u00e7\u00f5es de software de que sua empresa precisa. Com foco na viabilidade, estabilidade, confiabilidade e seguran\u00e7a; nossa equipe tem experi\u00eancia no setor para projetar, desenvolver e entregar excelentes produtos de software.<\/p>\n\n\n\n<div style=\"height:50px\" aria-hidden=\"true\" class=\"wp-block-spacer\"><\/div>\n\n\n\n<h2 class=\"has-text-align-center wp-block-heading\">Solu\u00e7\u00f5es de software que oferecemos<\/h2>\n\n\n\n<div style=\"height:25px\" aria-hidden=\"true\" class=\"wp-block-spacer\"><\/div>\n\n\n\n<div class=\"wp-block-columns is-layout-flex wp-container-core-columns-is-layout-9d6595d7 wp-block-columns-is-layout-flex\">\n<div class=\"wp-block-column is-layout-flow wp-block-column-is-layout-flow\">\n<img decoding=\"async\" src=\"https:\/\/gevelopers.com\/wp-content\/uploads\/2021\/06\/enterprise-business-automation1.svg\" alt=\"empresa-empresa-automa\u00e7\u00e3o-gevelopers\" style=\"width:50px;height:50px\">\n\n\n\n<h3 class=\"wp-block-heading\">Automa\u00e7\u00e3o Empresarial<\/h3>\n\n\n\n<p>Integre e agilize seus processos de neg\u00f3cios por meio de um software que aumenta a produtividade, efici\u00eancia, monitoramento e tomada de decis\u00e3o.<\/p>\n\n\n\n<div class=\"wp-block-buttons is-layout-flex wp-block-buttons-is-layout-flex\">\n<div class=\"wp-block-button\"><a class=\"wp-block-button__link\" href=\"https:\/\/gevelopers.com\/pt\/business-automation\/\">Saber mais<\/a><\/div>\n<\/div>\n<\/div>\n\n\n\n<div class=\"wp-block-column is-layout-flow wp-block-column-is-layout-flow\">\n<img decoding=\"async\" src=\"https:\/\/gevelopers.com\/wp-content\/uploads\/2021\/05\/ic-business1.svg\" alt=\"gerentes de gerenciamento de projetos empresariais\" style=\"width:50px;height:50px\">\n\n\n\n<h3 class=\"wp-block-heading\">Gerenciamento de Projetos<\/h3>\n\n\n\n<p>Solu\u00e7\u00e3o de software online baseada em fluxo de trabalho que ajuda a gerenciar as partes interessadas dos projetos com planejamento, colabora\u00e7\u00e3o, rastreamento, etc.<\/p>\n\n\n\n<div class=\"wp-block-buttons is-layout-flex wp-block-buttons-is-layout-flex\">\n<div class=\"wp-block-button\"><a class=\"wp-block-button__link\" href=\"https:\/\/gevelopers.com\/pt\/project-management-system\/\">Saber mais<\/a><\/div>\n<\/div>\n<\/div>\n\n\n\n<div class=\"wp-block-column is-layout-flow wp-block-column-is-layout-flow\">\n<img decoding=\"async\" src=\"https:\/\/gevelopers.com\/wp-content\/uploads\/2021\/06\/enterprise-accounting-software1.svg\" alt=\"gerenciadores de software de contabilidade empresarial\" style=\"width:50px;height:50px\">\n\n\n\n<h3 class=\"wp-block-heading\">Software de contabilidade<\/h3>\n\n\n\n<p>Software pronto para GST que ajuda a criar, gerenciar, atualizar e revisar o portf\u00f3lio financeiro de sua empresa com papelada minimizada.<\/p>\n\n\n\n<div class=\"wp-block-buttons is-layout-flex wp-block-buttons-is-layout-flex\">\n<div class=\"wp-block-button\"><a class=\"wp-block-button__link\" href=\"https:\/\/gevelopers.com\/pt\/accounting-software-development\/\">Saber mais<\/a><\/div>\n<\/div>\n<\/div>\n<\/div>\n\n\n\n<div class=\"wp-block-columns is-layout-flex wp-container-core-columns-is-layout-9d6595d7 wp-block-columns-is-layout-flex\">\n<div class=\"wp-block-column is-layout-flow wp-block-column-is-layout-flow\">\n<img decoding=\"async\" src=\"https:\/\/gevelopers.com\/wp-content\/uploads\/2021\/06\/enterprise-content-management1.svg\" alt=\"enterprise-content-management-gevelopers\" style=\"width:50px;height:50px\">\n\n\n\n<h3 class=\"wp-block-heading\">Gerenciamento de conte\u00fado<\/h3>\n\n\n\n<p>Migre para a nuvem para maior visibilidade enquanto armazena os dados da organiza\u00e7\u00e3o em um s\u00f3 lugar para f\u00e1cil acessibilidade, escalabilidade e seguran\u00e7a.<\/p>\n\n\n\n<div class=\"wp-block-buttons is-layout-flex wp-block-buttons-is-layout-flex\">\n<div class=\"wp-block-button\"><a class=\"wp-block-button__link\" href=\"https:\/\/gevelopers.com\/pt\/digital-content-management-system\/\">Saber mais<\/a><\/div>\n<\/div>\n<\/div>\n\n\n\n<div class=\"wp-block-column is-layout-flow wp-block-column-is-layout-flow\">\n<img decoding=\"async\" src=\"https:\/\/gevelopers.com\/wp-content\/uploads\/2021\/06\/enterprise-inventory-management1.svg\" alt=\"gevelopers de gerenciamento de invent\u00e1rio empresarial\" style=\"width:50px;height:50px\">\n\n\n\n<h3 class=\"wp-block-heading\">Gest\u00e3o de invent\u00e1rio<\/h3>\n\n\n\n<p>Solu\u00e7\u00e3o inteligente que pode integrar e automatizar seu processo existente de compras, vendas, relat\u00f3rios, tributa\u00e7\u00e3o com v\u00e1rios recursos.<\/p>\n\n\n\n<div class=\"wp-block-buttons is-layout-flex wp-block-buttons-is-layout-flex\">\n<div class=\"wp-block-button\"><a class=\"wp-block-button__link\" href=\"https:\/\/gevelopers.com\/pt\/inventory-management-system\/\">Saber mais<\/a><\/div>\n<\/div>\n<\/div>\n<\/div>\n\n\n\n<div style=\"height:50px\" aria-hidden=\"true\" class=\"wp-block-spacer\"><\/div>\n\n\n\n<h2 class=\"has-text-align-center wp-block-heading\">Fa\u00e7a-nos o seu parceiro de TI preferido<\/h2>\n\n\n\n<p class=\"has-text-align-center\">Team Gevelopers ir\u00e1 colaborar de perto com sua equipe para antecipar as necessidades futuras de seus neg\u00f3cios e clientes, para fornecer as melhores solu\u00e7\u00f5es de software poss\u00edveis.<\/p>\n\n\n\n<p class=\"has-text-align-center\">Nossa experi\u00eancia em solu\u00e7\u00f5es de mobilidade empresarial, an\u00e1lises, computa\u00e7\u00e3o em nuvem, web e tecnologias de aplicativos m\u00f3veis garantir\u00e3o ao seu neg\u00f3cio um amanh\u00e3 sustent\u00e1vel. Vamos dar as m\u00e3os!<\/p>\n\n\n\n<div class=\"wp-block-columns is-layout-flex wp-container-core-columns-is-layout-9d6595d7 wp-block-columns-is-layout-flex\">\n<div class=\"wp-block-column is-layout-flow wp-block-column-is-layout-flow\">\n<center><img decoding=\"async\" src=\"https:\/\/gevelopers.com\/wp-content\/uploads\/2021\/05\/ic-technology-java1.svg\" alt=\"gevelopers-technology-java\" style=\"width:50px;height:50px\"><\/center>\n<\/div>\n\n\n\n<div class=\"wp-block-column is-layout-flow wp-block-column-is-layout-flow\">\n<center><img decoding=\"async\" src=\"https:\/\/gevelopers.com\/wp-content\/uploads\/2021\/05\/ic-technology-html51.svg\" alt=\"technology-html5-gevelopers\" style=\"width:50px;height:50px\"><\/center>\n<\/div>\n\n\n\n<div class=\"wp-block-column is-layout-flow wp-block-column-is-layout-flow\">\n<center><img decoding=\"async\" src=\"https:\/\/gevelopers.com\/wp-content\/uploads\/2021\/05\/ic-database-technology-redis1.svg\" alt=\"redis-gevelopers de tecnologia\" style=\"width:50px;height:50px\"><\/center>\n<\/div>\n\n\n\n<div class=\"wp-block-column is-layout-flow wp-block-column-is-layout-flow\">\n<center><img decoding=\"async\" src=\"https:\/\/gevelopers.com\/wp-content\/uploads\/2021\/06\/ic-database-technology-dynamodb1.svg\" alt=\"tecnologia-dynamodb-gevelopers\" style=\"width:50px;height:50px\"><\/center>\n<\/div>\n\n\n\n<div class=\"wp-block-column is-layout-flow wp-block-column-is-layout-flow\">\n<center><img decoding=\"async\" src=\"https:\/\/gevelopers.com\/wp-content\/uploads\/2021\/05\/ic-technology-angular-js1.svg\" alt=\"gevelopers-angulares de tecnologia\" style=\"width:50px;height:50px\"><\/center>\n<\/div>\n\n\n\n<div class=\"wp-block-column is-layout-flow wp-block-column-is-layout-flow\">\n<center><img decoding=\"async\" src=\"https:\/\/gevelopers.com\/wp-content\/uploads\/2021\/05\/ic-technology-wordpress1.svg\" alt=\"tecnologia-wordpress-gevelopers\" style=\"width:50px;height:50px\"><\/center>\n<\/div>\n<\/div>\n\n\n\n<div style=\"height:25px\" aria-hidden=\"true\" class=\"wp-block-spacer\"><\/div>\n\n\n\n<center><img decoding=\"async\" src=\"https:\/\/gevelopers.com\/wp-content\/uploads\/2021\/06\/index-img-51.webp\"><\/center>\n\n\n\n<p><\/p>","protected":false},"excerpt":{"rendered":"<p>Gevelopers is a trusted name amongst the global enterprises for creating and delivering enterprise grade software solutions since 2015. Our&#8230;<\/p>","protected":false},"author":1,"featured_media":0,"parent":0,"menu_order":0,"comment_status":"closed","ping_status":"closed","template":"","meta":{"footnotes":""},"class_list":["post-2819","page","type-page","status-publish","hentry"],"_links":{"self":[{"href":"https:\/\/gevelopers.com\/pt\/wp-json\/wp\/v2\/pages\/2819","targetHints":{"allow":["GET"]}}],"collection":[{"href":"https:\/\/gevelopers.com\/pt\/wp-json\/wp\/v2\/pages"}],"about":[{"href":"https:\/\/gevelopers.com\/pt\/wp-json\/wp\/v2\/types\/page"}],"author":[{"embeddable":true,"href":"https:\/\/gevelopers.com\/pt\/wp-json\/wp\/v2\/users\/1"}],"replies":[{"embeddable":true,"href":"https:\/\/gevelopers.com\/pt\/wp-json\/wp\/v2\/comments?post=2819"}],"version-history":[{"count":0,"href":"https:\/\/gevelopers.com\/pt\/wp-json\/wp\/v2\/pages\/2819\/revisions"}],"wp:attachment":[{"href":"https:\/\/gevelopers.com\/pt\/wp-json\/wp\/v2\/media?parent=2819"}],"curies":[{"name":"wp","href":"https:\/\/api.w.org\/{rel}","templated":true}]}}