{"id":2846,"date":"2021-06-04T17:24:37","date_gmt":"2021-06-04T17:24:37","guid":{"rendered":"https:\/\/gevelopers.com\/?page_id=2846"},"modified":"2021-06-12T19:32:22","modified_gmt":"2021-06-12T19:32:22","slug":"b2b","status":"publish","type":"page","link":"https:\/\/gevelopers.com\/pt\/b2b\/","title":{"rendered":"Solu\u00e7\u00f5es de software B2B"},"content":{"rendered":"<p class=\"has-text-align-center\">Excelentes softwares B2B desenvolvidos por nossos especialistas capacitaram fabricantes, distribuidores e atacadistas de marcas globais a efetivamente promover, comercializar, vender e se conectar com seus clientes-alvo. Com base nas necessidades do seu neg\u00f3cio, podemos desenvolver ERP, CRM, plataformas de com\u00e9rcio eletr\u00f4nico personalizadas, solu\u00e7\u00f5es SaaS e outras solu\u00e7\u00f5es de software.<\/p>\n\n\n\n<div style=\"height:50px\" aria-hidden=\"true\" class=\"wp-block-spacer\"><\/div>\n\n\n\n<h2 class=\"has-text-align-center wp-block-heading\">Solu\u00e7\u00f5es que oferecemos para neg\u00f3cios B2B<\/h2>\n\n\n\n<div style=\"height:25px\" aria-hidden=\"true\" class=\"wp-block-spacer\"><\/div>\n\n\n\n<div class=\"wp-block-columns is-layout-flex wp-container-core-columns-is-layout-9d6595d7 wp-block-columns-is-layout-flex\">\n<div class=\"wp-block-column is-layout-flow wp-block-column-is-layout-flow\">\n<img decoding=\"async\" src=\"https:\/\/gevelopers.com\/wp-content\/uploads\/2021\/06\/b2b-fleet-management1.svg\" alt=\"b2b-Fleet-Management-Gevelopers\" style=\"width:50px;height:50px\">\n\n\n\n<h3 class=\"wp-block-heading\">Gest\u00e3o de Frota<\/h3>\n\n\n\n<p>Software que ajuda voc\u00ea a gerenciar os dados da frota instantaneamente, acessar e atualiz\u00e1-los de qualquer lugar e obter informa\u00e7\u00f5es \u00fateis sobre as opera\u00e7\u00f5es da frota.<\/p>\n\n\n\n<div class=\"wp-block-buttons is-layout-flex wp-block-buttons-is-layout-flex\">\n<div class=\"wp-block-button\"><a class=\"wp-block-button__link\" href=\"https:\/\/gevelopers.com\/pt\/fleet-management\/\">Saber mais<\/a><\/div>\n<\/div>\n<\/div>\n\n\n\n<div class=\"wp-block-column is-layout-flow wp-block-column-is-layout-flow\">\n<img decoding=\"async\" src=\"https:\/\/gevelopers.com\/wp-content\/uploads\/2021\/06\/b2b-online-container-booking1.svg\" alt=\"b2b-online-container-booking-gevelopers\" style=\"width:50px;height:50px\">\n\n\n\n<h3 class=\"wp-block-heading\">Reserva de cont\u00eaineres online<\/h3>\n\n\n\n<p>Deixe seus clientes pesquisar, comparar, reservar e rastrear remessas a qualquer momento at\u00e9 que sejam entregues por meio de uma plataforma baseada em nuvem f\u00e1cil de usar.<\/p>\n\n\n\n<div class=\"wp-block-buttons is-layout-flex wp-block-buttons-is-layout-flex\">\n<div class=\"wp-block-button\"><a class=\"wp-block-button__link\" href=\"https:\/\/gevelopers.com\/pt\/container-booking\/\">Saber mais<\/a><\/div>\n<\/div>\n<\/div>\n<\/div>\n\n\n\n<div class=\"wp-block-columns is-layout-flex wp-container-core-columns-is-layout-9d6595d7 wp-block-columns-is-layout-flex\">\n<div class=\"wp-block-column is-layout-flow wp-block-column-is-layout-flow\">\n<img decoding=\"async\" src=\"https:\/\/gevelopers.com\/wp-content\/uploads\/2021\/06\/b2b-transport-booking-apps1.svg\" alt=\"b2b-transport-booking-apps-gevelopers\" style=\"width:50px;height:50px\">\n\n\n\n<h3 class=\"wp-block-heading\">Apps de reserva de transporte<\/h3>\n\n\n\n<p>Solu\u00e7\u00e3o inteligente que oferece tudo em um sistema de reserva de transporte com o gerenciamento de conformidade e movimentos de sua frota.<\/p>\n\n\n\n<div class=\"wp-block-buttons is-layout-flex wp-block-buttons-is-layout-flex\">\n<div class=\"wp-block-button\"><a class=\"wp-block-button__link\" href=\"https:\/\/gevelopers.com\/pt\/taxi-booking-app-development\/\">Saber mais<\/a><\/div>\n<\/div>\n<\/div>\n\n\n\n<div class=\"wp-block-column is-layout-flow wp-block-column-is-layout-flow\">\n<img decoding=\"async\" src=\"https:\/\/gevelopers.com\/wp-content\/uploads\/2021\/06\/b2b-learning-management1.svg\" alt=\"b2b-learning-management-gevelopers\" style=\"width:50px;height:50px\">\n\n\n\n<h3 class=\"wp-block-heading\">Gest\u00e3o de Aprendizagem<\/h3>\n\n\n\n<p>Instrutores de v\u00e1rias institui\u00e7\u00f5es podem gerenciar e organizar cursos de aprendizagem e fornecer com seguran\u00e7a materiais de aprendizagem aos alunos por meio do aplicativo.<\/p>\n\n\n\n<div class=\"wp-block-buttons is-layout-flex wp-block-buttons-is-layout-flex\">\n<div class=\"wp-block-button\"><a class=\"wp-block-button__link\" href=\"https:\/\/gevelopers.com\/pt\/learning-management\/\">Saber mais<\/a><\/div>\n<\/div>\n<\/div>\n<\/div>\n\n\n\n<div class=\"wp-block-columns is-layout-flex wp-container-core-columns-is-layout-9d6595d7 wp-block-columns-is-layout-flex\">\n<div class=\"wp-block-column is-layout-flow wp-block-column-is-layout-flow\">\n<img decoding=\"async\" src=\"https:\/\/gevelopers.com\/wp-content\/uploads\/2021\/06\/b2b-property-management1.svg\" alt=\"b2b-property-management-gevelopers\" style=\"width:50px;height:50px\">\n\n\n\n<h3 class=\"wp-block-heading\">Gest\u00e3o da propriedade<\/h3>\n\n\n\n<p>Um CRM imobili\u00e1rio e um software de marketing eficaz que ajuda agentes imobili\u00e1rios ou organiza\u00e7\u00f5es a promover, vender e gerenciar propriedades.<\/p>\n\n\n\n<div class=\"wp-block-buttons is-layout-flex wp-block-buttons-is-layout-flex\">\n<div class=\"wp-block-button\"><a class=\"wp-block-button__link\" href=\"https:\/\/gevelopers.com\/pt\/property-management\/\">Saber mais<\/a><\/div>\n<\/div>\n<\/div>\n\n\n\n<div class=\"wp-block-column is-layout-flow wp-block-column-is-layout-flow\">\n<img decoding=\"async\" src=\"https:\/\/gevelopers.com\/wp-content\/uploads\/2021\/06\/b2b-marketplace-platforms-1.svg\" alt=\"b2b-marketplace-platform-gevelopers\" style=\"width:50px;height:50px\">\n\n\n\n<h3 class=\"wp-block-heading\">Plataformas de mercado<\/h3>\n\n\n\n<p>Um mercado B2B de destaque que \u00e9 f\u00e1cil, oferece compras on-line intuitivas e experi\u00eancia de gerenciamento de contas para seus clientes empresariais.<\/p>\n\n\n\n<div class=\"wp-block-buttons is-layout-flex wp-block-buttons-is-layout-flex\">\n<div class=\"wp-block-button\"><a class=\"wp-block-button__link\" href=\"https:\/\/gevelopers.com\/pt\/marketplace-solution\/\">Saber mais<\/a><\/div>\n<\/div>\n<\/div>\n<\/div>\n\n\n\n<div style=\"height:50px\" aria-hidden=\"true\" class=\"wp-block-spacer\"><\/div>\n\n\n\n<h2 class=\"has-text-align-center wp-block-heading\">Fa\u00e7a-nos o seu parceiro de TI preferido<\/h2>\n\n\n\n<p class=\"has-text-align-center\">Aproveite a experi\u00eancia da ind\u00fastria de Gevelopers desde 2015 e torne-se digital. Nossos profissionais de tecnologia trabalhar\u00e3o com voc\u00ea ou sua equipe de perto para entender seus objetivos de neg\u00f3cios e apresentar solu\u00e7\u00f5es personalizadas.<\/p>\n\n\n\n<p class=\"has-text-align-center\">Nossa base de clientes inclui as marcas l\u00edderes mundiais e muitas empresas Fortune 500. Mas essa n\u00e3o \u00e9 a raz\u00e3o de nosso sucesso. Ajudar voc\u00ea a atingir seus objetivos com 100% e um \u00f3timo atendimento ao cliente nos torna bem-sucedidos.<\/p>\n\n\n\n<div class=\"wp-block-columns is-layout-flex wp-container-core-columns-is-layout-9d6595d7 wp-block-columns-is-layout-flex\">\n<div class=\"wp-block-column is-layout-flow wp-block-column-is-layout-flow\">\n<center><img decoding=\"async\" src=\"https:\/\/gevelopers.com\/wp-content\/uploads\/2021\/05\/ic-technology-ios1.svg\" alt=\"gevelopers-technology-ios\" style=\"width:50px;height:50px\"><\/center>\n<\/div>\n\n\n\n<div class=\"wp-block-column is-layout-flow wp-block-column-is-layout-flow\">\n<center><img decoding=\"async\" src=\"https:\/\/gevelopers.com\/wp-content\/uploads\/2021\/04\/ic-technology-flutter1x1.svg\" alt=\"gevelopers-vibra\u00e7\u00e3o-tecnologia\" style=\"width:50px;height:50px\"><\/center>\n<\/div>\n\n\n\n<div class=\"wp-block-column is-layout-flow wp-block-column-is-layout-flow\">\n<center><img decoding=\"async\" src=\"https:\/\/gevelopers.com\/wp-content\/uploads\/2021\/05\/ic-technology-android1.svg\" alt=\"tecnologia-android-gevelopers\" style=\"width:50px;height:50px\"><\/center>\n<\/div>\n\n\n\n<div class=\"wp-block-column is-layout-flow wp-block-column-is-layout-flow\">\n<center><img decoding=\"async\" src=\"https:\/\/gevelopers.com\/wp-content\/uploads\/2021\/04\/ic-technology-react-native1x1.svg\" alt=\"tecnologia-reagir-gevelopers\" style=\"width:50px;height:50px\"><\/center>\n<\/div>\n\n\n\n<div class=\"wp-block-column is-layout-flow wp-block-column-is-layout-flow\">\n<center><img decoding=\"async\" src=\"https:\/\/gevelopers.com\/wp-content\/uploads\/2021\/05\/ic-technology-magento1.svg\" alt=\"tecnologia-magento-gevelopers\" style=\"width:50px;height:50px\"><\/center>\n<\/div>\n\n\n\n<div class=\"wp-block-column is-layout-flow wp-block-column-is-layout-flow\">\n<center><img decoding=\"async\" src=\"https:\/\/gevelopers.com\/wp-content\/uploads\/2021\/05\/ic-technology-angular-js1.svg\" alt=\"gevelopers-angulares de tecnologia\" style=\"width:50px;height:50px\"><\/center>\n<\/div>\n<\/div>\n\n\n\n<div style=\"height:25px\" aria-hidden=\"true\" class=\"wp-block-spacer\"><\/div>\n\n\n\n<center><img decoding=\"async\" src=\"https:\/\/gevelopers.com\/wp-content\/uploads\/2021\/06\/index-img-71.webp\"><\/center>\n\n\n\n<p><\/p>","protected":false},"excerpt":{"rendered":"<p>Great B2B softwares developed by our experts have empowered global brands manufacturers, distributors, and wholesalers to effectively promote, market, sell,&#8230;<\/p>","protected":false},"author":1,"featured_media":0,"parent":0,"menu_order":0,"comment_status":"closed","ping_status":"closed","template":"","meta":{"footnotes":""},"class_list":["post-2846","page","type-page","status-publish","hentry"],"_links":{"self":[{"href":"https:\/\/gevelopers.com\/pt\/wp-json\/wp\/v2\/pages\/2846","targetHints":{"allow":["GET"]}}],"collection":[{"href":"https:\/\/gevelopers.com\/pt\/wp-json\/wp\/v2\/pages"}],"about":[{"href":"https:\/\/gevelopers.com\/pt\/wp-json\/wp\/v2\/types\/page"}],"author":[{"embeddable":true,"href":"https:\/\/gevelopers.com\/pt\/wp-json\/wp\/v2\/users\/1"}],"replies":[{"embeddable":true,"href":"https:\/\/gevelopers.com\/pt\/wp-json\/wp\/v2\/comments?post=2846"}],"version-history":[{"count":0,"href":"https:\/\/gevelopers.com\/pt\/wp-json\/wp\/v2\/pages\/2846\/revisions"}],"wp:attachment":[{"href":"https:\/\/gevelopers.com\/pt\/wp-json\/wp\/v2\/media?parent=2846"}],"curies":[{"name":"wp","href":"https:\/\/api.w.org\/{rel}","templated":true}]}}