{"id":319,"date":"2020-10-02T19:18:05","date_gmt":"2020-10-02T19:18:05","guid":{"rendered":"https:\/\/leverage.demo.codings.dev\/?page_id=319"},"modified":"2021-07-27T19:36:47","modified_gmt":"2021-07-27T19:36:47","slug":"about","status":"publish","type":"page","link":"https:\/\/gevelopers.com\/pt\/about\/","title":{"rendered":"Nosso tesouro compreende nosso pessoal, vis\u00e3o e valores"},"content":{"rendered":"<p class=\"has-text-align-center\"><strong>Empresa de desenvolvimento de software premiada desde 2015<\/strong><\/p>\n\n\n\n<p class=\"has-text-align-center\">A Gevelopers n\u00e3o \u00e9 apenas uma empresa de TI reconhecida globalmente, mas tamb\u00e9m uma fam\u00edlia repleta de especialistas talentosos que ajudam marcas globais, empresas, empresas de m\u00e9dio porte ou at\u00e9 mesmo startups com solu\u00e7\u00f5es inovadoras.<\/p>\n\n\n\n<div style=\"height:50px\" aria-hidden=\"true\" class=\"wp-block-spacer\"><\/div>\n\n\n\n<style>.embed-container { position: relative; padding-bottom: 56.25%; height: 0; overflow: hidden; max-width: 100%; } .embed-container iframe, .embed-container object, .embed-container embed { position: absolute; top: 0; left: 0; width: 100%; height: 100%; }<\/style><div class=\"embed-container\"><iframe src=\"https:\/\/www.youtube.com\/embed\/\/KGnBII4kl88\" frameborder=\"0\" allowfullscreen=\"\"><\/iframe><\/div>\n\n\n\n<div style=\"height:50px\" aria-hidden=\"true\" class=\"wp-block-spacer\"><\/div>\n\n\n\n<div class=\"wp-block-columns is-layout-flex wp-container-core-columns-is-layout-9d6595d7 wp-block-columns-is-layout-flex\">\n<div class=\"wp-block-column is-layout-flow wp-block-column-is-layout-flow\">\n<h3 class=\"has-text-align-center wp-block-heading\">Quem n\u00f3s somos<\/h3>\n\n\n\n<p class=\"has-text-align-center\">Gevelopers n\u00e3o \u00e9 uma entidade, \u00e9 uma fam\u00edlia que representa a uni\u00e3o por mais de duas d\u00e9cadas de uma jornada de sucesso. Para Gevelopers, a defini\u00e7\u00e3o de sucesso \u00e9 transcender ideias inovadoras de pessoas \u00e0 realidade com a ajuda de nossa expertise em tecnologia, \u00e9 isso que n\u00f3s, como equipe, queremos ser lembrados!<\/p>\n\n\n\n<p class=\"has-text-align-center\">Nossa vis\u00e3o levou a Gevelopers a se tornar uma empresa de TI l\u00edder na Europa, Turquia, Cingapura e EUA, por fornecer v\u00e1rias solu\u00e7\u00f5es de mobilidade voltadas para a ind\u00fastria. O objetivo \u00e9 capacitar clientes e neg\u00f3cios, criando novas possibilidades, alavancando as tecnologias de hoje e de amanh\u00e3 com a m\u00e1xima qualidade, satisfa\u00e7\u00e3o e transpar\u00eancia.<\/p>\n<\/div>\n\n\n\n<div class=\"wp-block-column is-layout-flow wp-block-column-is-layout-flow\">\n<h3 class=\"has-text-align-center wp-block-heading\">O que n\u00f3s fazemos<\/h3>\n\n\n\n<p class=\"has-text-align-center\">Nosso entusiasmo nos levou a nos tornarmos uma das principais empresas de TI na Europa, Turquia, Cingapura e EUA por fornecer v\u00e1rias solu\u00e7\u00f5es de mobilidade lideradas pelo setor em dom\u00ednios de desenvolvimento de aplicativos m\u00f3veis e da web, aproveitando tecnologias futur\u00edsticas como Internet das Coisas (IoT), AI-ML, AR -VR, assistentes de voz e habilidades de voz, DevOps e computa\u00e7\u00e3o em nuvem, etc.<\/p>\n\n\n\n<p class=\"has-text-align-center\">N\u00f3s nos sentimos capacitados com nossos especialistas em tecnologia certificados e nossa equipe de P&amp;D, que sempre se desafiaram a ajudar a clientela global com uma infinidade de servi\u00e7os e solu\u00e7\u00f5es de TI. O engajamento com nossa equipe garante aos nossos clientes uma grande economia no desenvolvimento de projetos com uma entrega mais r\u00e1pida.<\/p>\n<\/div>\n<\/div>\n\n\n\n<div style=\"height:50px\" aria-hidden=\"true\" class=\"wp-block-spacer\"><\/div>\n\n\n\n<h2 class=\"has-text-align-center wp-block-heading\">Cren\u00e7a de todos os Gevelopers<\/h2>\n\n\n\n<div class=\"wp-block-columns is-layout-flex wp-container-core-columns-is-layout-9d6595d7 wp-block-columns-is-layout-flex\">\n<div class=\"wp-block-column is-layout-flow wp-block-column-is-layout-flow\">\n<center><img decoding=\"async\" src=\"https:\/\/gevelopers.com\/wp-content\/uploads\/2021\/04\/ic-belief-people1.svg\" alt=\"pessoas-crentes-gevelopers\" style=\"width:50px;height:50px\"><\/center>\n\n\n\n<h4 class=\"has-text-align-center wp-block-heading\">Abordagem centrada no cliente<\/h4>\n\n\n\n<p class=\"has-text-align-center\">Para qualquer empresa, os clientes est\u00e3o sempre no centro. Sendo uma empresa l\u00edder no desenvolvimento de aplicativos m\u00f3veis e web, nossa defini\u00e7\u00e3o vai al\u00e9m de nossos clientes diretos. Sempre come\u00e7amos de onde voc\u00ea est\u00e1 com suas id\u00e9ias e pensamos nas perspectivas de SEUS clientes finais, suas \u00e1reas de dor e concebemos uma solu\u00e7\u00e3o que resolva os principais problemas para beneficiar o seu neg\u00f3cio.<\/p>\n<\/div>\n\n\n\n<div class=\"wp-block-column is-layout-flow wp-block-column-is-layout-flow\">\n<center><img decoding=\"async\" src=\"https:\/\/gevelopers.com\/wp-content\/uploads\/2021\/04\/ic-belief-research1.svg\" alt=\"cren\u00e7a-pesquisa1-gevelopers\" style=\"width:50px;height:50px\"><\/center>\n\n\n\n<h4 class=\"has-text-align-center wp-block-heading\">Colabora\u00e7\u00e3o Eficaz<\/h4>\n\n\n\n<p class=\"has-text-align-center\">A comunica\u00e7\u00e3o \u00e9 a chave. Tendemos a nos comunicar demais \u00e0s vezes. Embora pare\u00e7a opressor, ele eventualmente faz maravilhas para o neg\u00f3cio de nosso cliente. Quando nossa equipe de desenvolvimento colabora com nossos clientes sentados a milhares de quil\u00f4metros de dist\u00e2ncia, fica claro que permanecemos em contato com plataformas e meios que permitem efic\u00e1cia, transpar\u00eancia e precis\u00e3o.<\/p>\n<\/div>\n\n\n\n<div class=\"wp-block-column is-layout-flow wp-block-column-is-layout-flow\">\n<center><img decoding=\"async\" src=\"https:\/\/gevelopers.com\/wp-content\/uploads\/2021\/04\/ic-belief-product-driven1.svg\" alt=\"gevelopers cren\u00e7as-produto-orientados\" style=\"width:50px;height:50px\"><\/center>\n\n\n\n<h4 class=\"has-text-align-center wp-block-heading\">Qualidade entregue no tempo<\/h4>\n\n\n\n<p class=\"has-text-align-center\">Com mais de duas d\u00e9cadas de experi\u00eancia na ind\u00fastria de desenvolvimento de software de TI offshore, temos um grande conjunto de estruturas internas com a melhor infraestrutura da categoria que nos permite entregar solu\u00e7\u00f5es com qualidade superior, em todos os momentos. Todos esses anos, aprendemos como prevenir falhas e replicar o sucesso. N\u00e3o nos gabamos apenas da qualidade. Definimos e entregamos no prazo.<\/p>\n<\/div>\n<\/div>\n\n\n\n<div style=\"height:50px\" aria-hidden=\"true\" class=\"wp-block-spacer\"><\/div>\n\n\n\n<figure class=\"wp-block-gallery columns-3 is-cropped wp-block-gallery-1 is-layout-flex wp-block-gallery-is-layout-flex\"><ul class=\"blocks-gallery-grid\"><li class=\"blocks-gallery-item\"><figure><img loading=\"lazy\" decoding=\"async\" width=\"360\" height=\"414\" src=\"https:\/\/gevelopers.com\/wp-content\/uploads\/2021\/07\/about-gevelopers-infrastructure-img-1.webp\" alt=\"about-gevelopers -rastructure-img-1\" data-id=\"4647\" data-full-url=\"https:\/\/gevelopers.com\/wp-content\/uploads\/2021\/07\/about-gevelopers-infrastructure-img-1.webp\" data-link=\"https:\/\/gevelopers.com\/about\/about-gevelopers-infrastructure-img-1\/\" class=\"wp-image-4647\" srcset=\"https:\/\/gevelopers.com\/wp-content\/uploads\/2021\/07\/about-gevelopers-infrastructure-img-1.webp 360w, https:\/\/gevelopers.com\/wp-content\/uploads\/2021\/07\/about-gevelopers-infrastructure-img-1-261x300.webp 261w, https:\/\/gevelopers.com\/wp-content\/uploads\/2021\/07\/about-gevelopers-infrastructure-img-1-10x12.webp 10w\" sizes=\"auto, (max-width: 360px) 100vw, 360px\" \/><\/figure><\/li><li class=\"blocks-gallery-item\"><figure><img loading=\"lazy\" decoding=\"async\" width=\"360\" height=\"256\" src=\"https:\/\/gevelopers.com\/wp-content\/uploads\/2021\/07\/about-gevelopers-infrastructure-img-4.webp\" alt=\"about-gevelopers -rastructure-img-4\" data-id=\"4649\" data-full-url=\"https:\/\/gevelopers.com\/wp-content\/uploads\/2021\/07\/about-gevelopers-infrastructure-img-4.webp\" data-link=\"https:\/\/gevelopers.com\/about\/about-gevelopers-infrastructure-img-4\/\" class=\"wp-image-4649\" srcset=\"https:\/\/gevelopers.com\/wp-content\/uploads\/2021\/07\/about-gevelopers-infrastructure-img-4.webp 360w, https:\/\/gevelopers.com\/wp-content\/uploads\/2021\/07\/about-gevelopers-infrastructure-img-4-300x213.webp 300w, https:\/\/gevelopers.com\/wp-content\/uploads\/2021\/07\/about-gevelopers-infrastructure-img-4-16x12.webp 16w\" sizes=\"auto, (max-width: 360px) 100vw, 360px\" \/><\/figure><\/li><li class=\"blocks-gallery-item\"><figure><img loading=\"lazy\" decoding=\"async\" width=\"360\" height=\"414\" src=\"https:\/\/gevelopers.com\/wp-content\/uploads\/2021\/07\/about-gevelopers-infrastructure-img-5.webp\" alt=\"about-gevelopers -rastructure-img-5\" data-id=\"4650\" data-full-url=\"https:\/\/gevelopers.com\/wp-content\/uploads\/2021\/07\/about-gevelopers-infrastructure-img-5.webp\" data-link=\"https:\/\/gevelopers.com\/about\/about-gevelopers-infrastructure-img-5\/\" class=\"wp-image-4650\" srcset=\"https:\/\/gevelopers.com\/wp-content\/uploads\/2021\/07\/about-gevelopers-infrastructure-img-5.webp 360w, https:\/\/gevelopers.com\/wp-content\/uploads\/2021\/07\/about-gevelopers-infrastructure-img-5-261x300.webp 261w, https:\/\/gevelopers.com\/wp-content\/uploads\/2021\/07\/about-gevelopers-infrastructure-img-5-10x12.webp 10w\" sizes=\"auto, (max-width: 360px) 100vw, 360px\" \/><\/figure><\/li><li class=\"blocks-gallery-item\"><figure><img loading=\"lazy\" decoding=\"async\" width=\"945\" height=\"700\" src=\"https:\/\/gevelopers.com\/wp-content\/uploads\/2021\/07\/about-gevelopers-infrastructure-img-3.webp\" alt=\"about-gevelopers -rastructure-img-3\" data-id=\"4648\" data-full-url=\"https:\/\/gevelopers.com\/wp-content\/uploads\/2021\/07\/about-gevelopers-infrastructure-img-3.webp\" data-link=\"https:\/\/gevelopers.com\/about\/about-gevelopers-infrastructure-img-3\/\" class=\"wp-image-4648\" srcset=\"https:\/\/gevelopers.com\/wp-content\/uploads\/2021\/07\/about-gevelopers-infrastructure-img-3.webp 945w, https:\/\/gevelopers.com\/wp-content\/uploads\/2021\/07\/about-gevelopers-infrastructure-img-3-300x222.webp 300w, https:\/\/gevelopers.com\/wp-content\/uploads\/2021\/07\/about-gevelopers-infrastructure-img-3-768x569.webp 768w, https:\/\/gevelopers.com\/wp-content\/uploads\/2021\/07\/about-gevelopers-infrastructure-img-3-16x12.webp 16w\" sizes=\"auto, (max-width: 945px) 100vw, 945px\" \/><\/figure><\/li><\/ul><\/figure>","protected":false},"excerpt":{"rendered":"<p>Award-winning Software Development Company Since 2015 Gevelopers is not only a globally recognized IT company but also a family filled&#8230;<\/p>","protected":false},"author":1,"featured_media":262,"parent":0,"menu_order":0,"comment_status":"closed","ping_status":"closed","template":"","meta":{"footnotes":""},"class_list":["post-319","page","type-page","status-publish","has-post-thumbnail","hentry"],"_links":{"self":[{"href":"https:\/\/gevelopers.com\/pt\/wp-json\/wp\/v2\/pages\/319","targetHints":{"allow":["GET"]}}],"collection":[{"href":"https:\/\/gevelopers.com\/pt\/wp-json\/wp\/v2\/pages"}],"about":[{"href":"https:\/\/gevelopers.com\/pt\/wp-json\/wp\/v2\/types\/page"}],"author":[{"embeddable":true,"href":"https:\/\/gevelopers.com\/pt\/wp-json\/wp\/v2\/users\/1"}],"replies":[{"embeddable":true,"href":"https:\/\/gevelopers.com\/pt\/wp-json\/wp\/v2\/comments?post=319"}],"version-history":[{"count":0,"href":"https:\/\/gevelopers.com\/pt\/wp-json\/wp\/v2\/pages\/319\/revisions"}],"wp:featuredmedia":[{"embeddable":true,"href":"https:\/\/gevelopers.com\/pt\/wp-json\/wp\/v2\/media\/262"}],"wp:attachment":[{"href":"https:\/\/gevelopers.com\/pt\/wp-json\/wp\/v2\/media?parent=319"}],"curies":[{"name":"wp","href":"https:\/\/api.w.org\/{rel}","templated":true}]}}