{"id":4293,"date":"2021-07-21T13:09:03","date_gmt":"2021-07-21T13:09:03","guid":{"rendered":"https:\/\/gevelopers.com\/?page_id=4293"},"modified":"2021-07-23T10:01:36","modified_gmt":"2021-07-23T10:01:36","slug":"get-started","status":"publish","type":"page","link":"https:\/\/gevelopers.com\/pt\/get-started\/","title":{"rendered":"Iniciar"},"content":{"rendered":"<h3 class=\"has-text-align-center wp-block-heading\">Vamos falar sobre seu pr\u00f3ximo projeto.<\/h3>\n\n\n\n<p class=\"has-text-align-center\" style=\"color:black\">N\u00e3o perca seu tempo com emails. Escreva ou ligue diretamente para n\u00f3s, mensageiros instant\u00e2neos.<\/p>\n\n\n\n<div style=\"height:25px\" aria-hidden=\"true\" class=\"wp-block-spacer\"><\/div>\n\n\n\n<div class=\"wp-block-columns is-layout-flex wp-container-core-columns-is-layout-9d6595d7 wp-block-columns-is-layout-flex\">\n<div class=\"wp-block-column is-layout-flow wp-block-column-is-layout-flow\">\n<html>\n<head>\n<meta name=\"viewport\" content=\"width=device-width, initial-scale=1\">\n<style>\nimg:hover {\n  animation: shake 0.5s;\n  animation-iteration-count: infinite;\n}\n\n@keyframes shake {\n  0% { transform: translate(1px, 1px) rotate(0deg); }\n  10% { transform: translate(-1px, -2px) rotate(-1deg); }\n  20% { transform: translate(-3px, 0px) rotate(1deg); }\n  30% { transform: translate(3px, 2px) rotate(0deg); }\n  40% { transform: translate(1px, -1px) rotate(1deg); }\n  50% { transform: translate(-1px, 2px) rotate(-1deg); }\n  60% { transform: translate(-3px, 1px) rotate(0deg); }\n  70% { transform: translate(3px, 1px) rotate(-1deg); }\n  80% { transform: translate(-1px, -1px) rotate(1deg); }\n  90% { transform: translate(1px, 2px) rotate(0deg); }\n  100% { transform: translate(1px, -2px) rotate(-1deg); }\n}\n<\/style>\n<\/head>\n<body>\n<center>\n<a href=\"https:\/\/wa.me\/17073948889?text=I&#039;m%20interested%20in%20your%20services%20for%20my%20project.\" target=\"_blank\" rel=\"noopener\"><img decoding=\"async\" src=\"https:\/\/gevelopers.com\/wp-content\/uploads\/2021\/07\/whatsapp@gevelopers.svg\" alt=\"whatsapp @ gevelopers\" style=\"width:250px;height:250px\"\/><\/a>\n<\/center>\n<\/body>\n<\/html>\n<\/div>\n\n\n\n<div class=\"wp-block-column is-layout-flow wp-block-column-is-layout-flow\">\n<html>\n<head>\n<meta name=\"viewport\" content=\"width=device-width, initial-scale=1\">\n<style>\nimg:hover {\n  animation: shake 0.5s;\n  animation-iteration-count: infinite;\n}\n\n@keyframes shake {\n  0% { transform: translate(1px, 1px) rotate(0deg); }\n  10% { transform: translate(-1px, -2px) rotate(-1deg); }\n  20% { transform: translate(-3px, 0px) rotate(1deg); }\n  30% { transform: translate(3px, 2px) rotate(0deg); }\n  40% { transform: translate(1px, -1px) rotate(1deg); }\n  50% { transform: translate(-1px, 2px) rotate(-1deg); }\n  60% { transform: translate(-3px, 1px) rotate(0deg); }\n  70% { transform: translate(3px, 1px) rotate(-1deg); }\n  80% { transform: translate(-1px, -1px) rotate(1deg); }\n  90% { transform: translate(1px, 2px) rotate(0deg); }\n  100% { transform: translate(1px, -2px) rotate(-1deg); }\n}\n<\/style>\n<\/head>\n<body>\n<center>\n<a href=\"https:\/\/m.me\/gevelopers\"><img decoding=\"async\" src=\"https:\/\/gevelopers.com\/wp-content\/uploads\/2021\/07\/m.me@gevelopers.svg\" alt=\"m.me@gevelopers\" style=\"width:250px;height:250px\"\/><\/a>\n<\/center>\n<\/body>\n<\/html>\n<\/div>\n\n\n\n<div class=\"wp-block-column is-layout-flow wp-block-column-is-layout-flow\">\n<html>\n<head>\n<meta name=\"viewport\" content=\"width=device-width, initial-scale=1\">\n<style>\nimg:hover {\n  animation: shake 0.5s;\n  animation-iteration-count: infinite;\n}\n\n@keyframes shake {\n  0% { transform: translate(1px, 1px) rotate(0deg); }\n  10% { transform: translate(-1px, -2px) rotate(-1deg); }\n  20% { transform: translate(-3px, 0px) rotate(1deg); }\n  30% { transform: translate(3px, 2px) rotate(0deg); }\n  40% { transform: translate(1px, -1px) rotate(1deg); }\n  50% { transform: translate(-1px, 2px) rotate(-1deg); }\n  60% { transform: translate(-3px, 1px) rotate(0deg); }\n  70% { transform: translate(3px, 1px) rotate(-1deg); }\n  80% { transform: translate(-1px, -1px) rotate(1deg); }\n  90% { transform: translate(1px, 2px) rotate(0deg); }\n  100% { transform: translate(1px, -2px) rotate(-1deg); }\n}\n<\/style>\n<\/head>\n<body>\n<center>\n<a href=\"https:\/\/t.me\/gevelopersadmin\"><img decoding=\"async\" src=\"https:\/\/gevelopers.com\/wp-content\/uploads\/2021\/07\/telegram.com@gevelopers.svg\" style=\"width:250px;height:250px\"\/><\/a>\n<\/center>\n<\/body>\n<\/html>\n<\/div>\n\n\n\n<div class=\"wp-block-column is-layout-flow wp-block-column-is-layout-flow\">\n<html>\n<head>\n<meta name=\"viewport\" content=\"width=device-width, initial-scale=1\">\n<style>\nimg:hover {\n  animation: shake 0.5s;\n  animation-iteration-count: infinite;\n}\n\n@keyframes shake {\n  0% { transform: translate(1px, 1px) rotate(0deg); }\n  10% { transform: translate(-1px, -2px) rotate(-1deg); }\n  20% { transform: translate(-3px, 0px) rotate(1deg); }\n  30% { transform: translate(3px, 2px) rotate(0deg); }\n  40% { transform: translate(1px, -1px) rotate(1deg); }\n  50% { transform: translate(-1px, 2px) rotate(-1deg); }\n  60% { transform: translate(-3px, 1px) rotate(0deg); }\n  70% { transform: translate(3px, 1px) rotate(-1deg); }\n  80% { transform: translate(-1px, -1px) rotate(1deg); }\n  90% { transform: translate(1px, 2px) rotate(0deg); }\n  100% { transform: translate(1px, -2px) rotate(-1deg); }\n}\n<\/style>\n<\/head>\n<body>\n<center>\n<a href=\"https:\/\/instagram.com\/gevelopers\" target=\"_blank\" rel=\"noopener\"><img decoding=\"async\" src=\"https:\/\/gevelopers.com\/wp-content\/uploads\/2021\/07\/instagram@gevelopers.svg\" alt=\"instagram @ gevelopers\" style=\"width:250px;height:250px\"\/><\/a>\n<\/center>\n<\/body>\n<\/html>\n<\/div>\n<\/div>\n\n\n\n<div class=\"wp-block-columns is-layout-flex wp-container-core-columns-is-layout-9d6595d7 wp-block-columns-is-layout-flex\">\n<div class=\"wp-block-column is-layout-flow wp-block-column-is-layout-flow\"><\/div>\n<\/div>","protected":false},"excerpt":{"rendered":"<p>Let&#8217;s talk about your next project. Don&#8217;t waste your time with emailing. Write or Call to us directly instant messengers.<\/p>","protected":false},"author":1,"featured_media":0,"parent":0,"menu_order":0,"comment_status":"closed","ping_status":"closed","template":"","meta":{"footnotes":""},"class_list":["post-4293","page","type-page","status-publish","hentry"],"_links":{"self":[{"href":"https:\/\/gevelopers.com\/pt\/wp-json\/wp\/v2\/pages\/4293","targetHints":{"allow":["GET"]}}],"collection":[{"href":"https:\/\/gevelopers.com\/pt\/wp-json\/wp\/v2\/pages"}],"about":[{"href":"https:\/\/gevelopers.com\/pt\/wp-json\/wp\/v2\/types\/page"}],"author":[{"embeddable":true,"href":"https:\/\/gevelopers.com\/pt\/wp-json\/wp\/v2\/users\/1"}],"replies":[{"embeddable":true,"href":"https:\/\/gevelopers.com\/pt\/wp-json\/wp\/v2\/comments?post=4293"}],"version-history":[{"count":0,"href":"https:\/\/gevelopers.com\/pt\/wp-json\/wp\/v2\/pages\/4293\/revisions"}],"wp:attachment":[{"href":"https:\/\/gevelopers.com\/pt\/wp-json\/wp\/v2\/media?parent=4293"}],"curies":[{"name":"wp","href":"https:\/\/api.w.org\/{rel}","templated":true}]}}