{"id":858,"date":"2021-05-05T13:48:39","date_gmt":"2021-05-05T13:48:39","guid":{"rendered":"https:\/\/gevelopers.com\/?page_id=858"},"modified":"2021-07-24T18:40:16","modified_gmt":"2021-07-24T18:40:16","slug":"web-development","status":"publish","type":"page","link":"https:\/\/gevelopers.com\/pt\/web-development\/","title":{"rendered":"Web Development Company"},"content":{"rendered":"<p>Gevelopers is a top website design and web development company in Europe, Turkey, Singapore &amp; USA delivering the best web development services to craft bespoke websites, web applications, web-tools, etc. to global businesses and startups with 100% project delivery.<\/p>\n\n\n\n<div class=\"wp-block-columns is-layout-flex wp-container-core-columns-is-layout-9d6595d7 wp-block-columns-is-layout-flex\">\n<div class=\"wp-block-column is-layout-flow wp-block-column-is-layout-flow\">\n<div class=\"wp-block-group\"><div class=\"wp-block-group__inner-container is-layout-flow wp-block-group-is-layout-flow\">\n<h3 class=\"wp-block-heading\">Solu\u00e7\u00f5es empresariais<\/h3>\n\n\n\n<p>Gevelopers is a top enterprise web development company having specialized in creating multi-level enterprise-grade web solutions to meet various corporate needs. We develop bespoke enterprise web portals, eCommerce solutions, B2B and B2C applications, ERP and CRM software apps, Reporting, Billing &amp;amp; Secure Financial Transaction Processing Systems, etc. Our enterprise IT and web solutions are built using the latest web technologies and they are secure, robust and scalable which help businesses to reduce overall operational cost and enhance operational efficiency.<\/p>\n<\/div><\/div>\n\n\n\n<div class=\"wp-block-columns is-layout-flex wp-container-core-columns-is-layout-9d6595d7 wp-block-columns-is-layout-flex\">\n<div class=\"wp-block-column is-layout-flow wp-block-column-is-layout-flow\">\n<div class=\"wp-block-group\"><div class=\"wp-block-group__inner-container is-layout-flow wp-block-group-is-layout-flow\">\n<p>Custom Enterprise Web Development<br>Custom ERP Software Development<br>CRM Software Development<\/p>\n<\/div><\/div>\n<\/div>\n\n\n\n<div class=\"wp-block-column is-layout-flow wp-block-column-is-layout-flow\">\n<div class=\"wp-block-group\"><div class=\"wp-block-group__inner-container is-layout-flow wp-block-group-is-layout-flow\">\n<p>Enterprise System Integration<br>Solu\u00e7\u00f5es de mobilidade empresarial<br>End-to-end IT Consultation<\/p>\n<\/div><\/div>\n<\/div>\n<\/div>\n<\/div>\n\n\n\n<div class=\"wp-block-column is-layout-flow wp-block-column-is-layout-flow\">\n<div class=\"wp-block-group\"><div class=\"wp-block-group__inner-container is-layout-flow wp-block-group-is-layout-flow\">\n<img decoding=\"async\" src=\"https:\/\/gevelopers.com\/wp-content\/uploads\/2021\/05\/img-web-app-development-enterprise-solutions1.webp\" alt=\"web app development enterprise solutions gevelopers\" >\n<\/div><\/div>\n<\/div>\n<\/div>\n\n\n\n<div class=\"wp-block-columns is-layout-flex wp-container-core-columns-is-layout-9d6595d7 wp-block-columns-is-layout-flex\">\n<div class=\"wp-block-column is-layout-flow wp-block-column-is-layout-flow\">\n<img decoding=\"async\" src=\"https:\/\/gevelopers.com\/wp-content\/uploads\/2021\/05\/img-web-app-development-mobile-backend-api1.webp\" alt=\"web-app-development-mobile-backend-api-gevelopers\" >\n<\/div>\n\n\n\n<div class=\"wp-block-column is-layout-flow wp-block-column-is-layout-flow\">\n<h3 class=\"wp-block-heading\" id=\"backend\">Mobile Backend &amp; APIs<\/h3>\n\n\n\n<p>Being a leading website development company since 2015, we offer top back-end development services for web applications and mobile applications. Our master-coders provide custom REST API services and solutions to make the web and mobile apps interactive and user-friendly. We hold years of expertise in building on-site as well as cloud-based back-end app solutions for mobile, desktop, web and <a href=\"https:\/\/www.indianic.com\/what-we-do\/internet-of-things\" target=\"_blank\" rel=\"noopener\">IoT applications<\/a>. Our API driven architecture fuels front-end of web apps and mobile apps. Whereas the powerful back-end we develop will scale up your app when needed, performs faster and offers seamless 3rd party integration with optimum data storage security.<\/p>\n\n\n\n<div class=\"wp-block-columns is-layout-flex wp-container-core-columns-is-layout-9d6595d7 wp-block-columns-is-layout-flex\">\n<div class=\"wp-block-column is-layout-flow wp-block-column-is-layout-flow\">\n<img decoding=\"async\" src=\"https:\/\/gevelopers.com\/wp-content\/uploads\/2021\/05\/ic-technology-drupal1.svg\" alt=\"ic-technology-drupal-gevelopers\">\n<\/div>\n\n\n\n<div class=\"wp-block-column is-layout-flow wp-block-column-is-layout-flow\">\n<img decoding=\"async\" src=\"https:\/\/gevelopers.com\/wp-content\/uploads\/2021\/05\/ic-technology-php1.svg\" alt=\"ic-technology-php-gevelopers\">\n<\/div>\n\n\n\n<div class=\"wp-block-column is-layout-flow wp-block-column-is-layout-flow\">\n<img decoding=\"async\" src=\"https:\/\/gevelopers.com\/wp-content\/uploads\/2021\/05\/ic-technology-laravel1.svg\" alt=\"ic-technology-laravel-gevelopers\">\n<\/div>\n\n\n\n<div class=\"wp-block-column is-layout-flow wp-block-column-is-layout-flow\">\n<img decoding=\"async\" src=\"https:\/\/gevelopers.com\/wp-content\/uploads\/2021\/05\/ic-technology-java1.svg\" alt=\"ic-technology-java-gevelopers\">\n<\/div>\n\n\n\n<div class=\"wp-block-column is-layout-flow wp-block-column-is-layout-flow\">\n<img decoding=\"async\" src=\"https:\/\/gevelopers.com\/wp-content\/uploads\/2021\/05\/ic-technology-wordpress1.svg\" alt=\"ic-technology-wordpress-geveloper\">\n<\/div>\n<\/div>\n\n\n\n<div class=\"wp-block-columns is-layout-flex wp-container-core-columns-is-layout-9d6595d7 wp-block-columns-is-layout-flex\">\n<div class=\"wp-block-column is-layout-flow wp-block-column-is-layout-flow\">\n<p>Fraud Proof eCommerce Website Development<br>Online eCommerce Website Design<br>Responsive eCommerce Websites\/ Web Apps<br>SaaS based eCommerce Set up<\/p>\n<\/div>\n\n\n\n<div class=\"wp-block-column is-layout-flow wp-block-column-is-layout-flow\">\n<p>Multi-vendor Store Development<br>Shopping Cart Development<br>Custom eCommerce Development<br>Mobile Commerce Solutions<\/p>\n<\/div>\n<\/div>\n<\/div>\n<\/div>\n\n\n\n<div class=\"wp-block-columns is-layout-flex wp-container-core-columns-is-layout-9d6595d7 wp-block-columns-is-layout-flex\">\n<div class=\"wp-block-column is-layout-flow wp-block-column-is-layout-flow\">\n\n\n<div class=\"wp-block-columns is-layout-flex wp-container-core-columns-is-layout-9d6595d7 wp-block-columns-is-layout-flex\">\n<div class=\"wp-block-column is-layout-flow wp-block-column-is-layout-flow\">\n<img decoding=\"async\" src=\"https:\/\/gevelopers.com\/wp-content\/uploads\/2021\/05\/ic-technology-wordpress1.svg\" alt=\"tecnologia-wordpress-gevelopers\">\n<\/div>\n\n\n\n<div class=\"wp-block-column is-layout-flow wp-block-column-is-layout-flow\">\n<img decoding=\"async\" src=\"https:\/\/gevelopers.com\/wp-content\/uploads\/2021\/05\/ic-technology-dot-net-nuke1.svg\" alt=\"ic-technology-dot-net-nuke-gevelopers\">\n<\/div>\n\n\n\n<div class=\"wp-block-column is-layout-flow wp-block-column-is-layout-flow\">\n<img decoding=\"async\" src=\"https:\/\/gevelopers.com\/wp-content\/uploads\/2021\/05\/ic-technology-joomla1.svg\" alt=\"ic-technology-joomla-gevelopers\">\n<\/div>\n\n\n\n<div class=\"wp-block-column is-layout-flow wp-block-column-is-layout-flow\">\n<img decoding=\"async\" src=\"https:\/\/gevelopers.com\/wp-content\/uploads\/2021\/05\/ic-technology-drupal1.svg\" alt=\"ic-technology-drupal-gevelopers\">\n<\/div>\n<\/div>\n\n\n\n<div class=\"wp-block-columns is-layout-flex wp-container-core-columns-is-layout-9d6595d7 wp-block-columns-is-layout-flex\">\n<div class=\"wp-block-column is-layout-flow wp-block-column-is-layout-flow\">\n<p>Custom CMS Web Development<br>CMS for eCommerce Solutions<br>CMS for B2C &amp; B2B Apps<br>Enterprise CMS Development<br>CMS Migration &amp; Update<\/p>\n<\/div>\n<\/div>\n<\/div>\n\n\n\n<div class=\"wp-block-column is-layout-flow wp-block-column-is-layout-flow\">\n<img decoding=\"async\" src=\"https:\/\/gevelopers.com\/wp-content\/uploads\/2021\/05\/img-web-app-development-content-management-system1.webp\">\n<\/div>\n<\/div>\n\n\n\n<div class=\"wp-block-columns is-layout-flex wp-container-core-columns-is-layout-9d6595d7 wp-block-columns-is-layout-flex\">\n<div class=\"wp-block-column is-layout-flow wp-block-column-is-layout-flow\">\n<figure class=\"wp-block-image size-large wp-image-726\"><img decoding=\"async\" src=\"https:\/\/gevelopers.com\/wp-content\/uploads\/2021\/05\/img-web-app-development-custom-web-development1.webp\" alt=\"\" class=\"wp-image-894\"\/><\/figure>\n<\/div>\n\n\n\n<div class=\"wp-block-column is-layout-flow wp-block-column-is-layout-flow\">\n<h3 class=\"wp-block-heading\" id=\"custom-development\">Desenvolvimento Web Personalizado<\/h3>\n\n\n\n<p>We are a leading website design and web development company helping some of the most recognized brands with digital landscape presence through custom web development services. The web solutions we develop are feature-rich, highly functional, robust, secure and scalable with engaging UI\/UX design that enhances the brand. Hire PHP website developers from Gevelopers, who have years of experience in developing custom websites, web apps, web portals, online eCommerce stores, etc. We have a perfect full-stack development team with experience in Microsoft technologies, PHP core and open-source platforms, UI\/UX design, scripting languages, DevOps services to offer affordable solutions for your business.<\/p>\n\n\n\n<div class=\"wp-block-columns is-layout-flex wp-container-core-columns-is-layout-9d6595d7 wp-block-columns-is-layout-flex\">\n<div class=\"wp-block-column is-layout-flow wp-block-column-is-layout-flow\">\n<p>Custom Website Design<br>Web CMS Development<br>Web Portal Development<br>eCommerce Website Development<br>Enterprise Web App Development<\/p>\n<\/div>\n<\/div>\n<\/div>\n<\/div>\n\n\n\n<div class=\"wp-block-columns is-layout-flex wp-container-core-columns-is-layout-9d6595d7 wp-block-columns-is-layout-flex\">\n<div class=\"wp-block-column is-layout-flow wp-block-column-is-layout-flow\">\n<h3 class=\"wp-block-heading\" id=\"ecommerce\">Com\u00e9rcio eletr\u00f4nico<\/h3>\n\n\n\n<p>We are a leading eCommerce web development company crafting beautiful web-based eCommerce solutions for ultimate online shopping experiences. Our eCommerce website development services include full-fledged online eCommerce store web design and custom eCommerce web development for small, medium and large-scale retail businesses. Our expertise in popular eCommerce platforms like Magento based eCommerce website development, WooCommerce, OsCommerce, Zen Cart, OpenCart, Shopify, etc. has helped us to deliver world-class eCommerce web solutions with robust online content management system.<\/p>\n\n\n\n<div class=\"wp-block-columns is-layout-flex wp-container-core-columns-is-layout-9d6595d7 wp-block-columns-is-layout-flex\">\n<div class=\"wp-block-column is-layout-flow wp-block-column-is-layout-flow\">\n<img decoding=\"async\" src=\"https:\/\/gevelopers.com\/wp-content\/uploads\/2021\/05\/ic-technology-shopify-plus1.svg\" alt=\"ic-technology-shopify-plus-gevelopers\">\n<\/div>\n\n\n\n<div class=\"wp-block-column is-layout-flow wp-block-column-is-layout-flow\">\n<img decoding=\"async\" src=\"https:\/\/gevelopers.com\/wp-content\/uploads\/2021\/05\/ic-technology-magento1.svg\" alt=\"ic-technology-magento-gevelopers\">\n<\/div>\n\n\n\n<div class=\"wp-block-column is-layout-flow wp-block-column-is-layout-flow\">\n<img decoding=\"async\" src=\"https:\/\/gevelopers.com\/wp-content\/uploads\/2021\/05\/ic-technology-wordpress1.svg\" alt=\"ic-technology-wordpress-gevelopers\">\n<\/div>\n<\/div>\n\n\n\n<div class=\"wp-block-columns is-layout-flex wp-container-core-columns-is-layout-9d6595d7 wp-block-columns-is-layout-flex\">\n<div class=\"wp-block-column is-layout-flow wp-block-column-is-layout-flow\">\n<p>Fraud Proof eCommerce Website Development<br>Online eCommerce Website Design<br>Responsive eCommerce Websites\/ Web Apps<br>SaaS based eCommerce Set up<\/p>\n<\/div>\n\n\n\n<div class=\"wp-block-column is-layout-flow wp-block-column-is-layout-flow\">\n<p>Multi-vendor Store Development<br>Shopping Cart Development<br>Custom eCommerce Development<br>Mobile Commerce Solutions<\/p>\n\n\n\n<div class=\"wp-block-buttons is-layout-flex wp-block-buttons-is-layout-flex\"><\/div>\n<\/div>\n<\/div>\n<\/div>\n\n\n\n<div class=\"wp-block-column is-layout-flow wp-block-column-is-layout-flow\">\n<img decoding=\"async\" src=\"https:\/\/gevelopers.com\/wp-content\/uploads\/2021\/05\/img-web-app-development-ecommerce1.webp\" alt=\"img-web-app-development-ecommerce-gevelopers\" >\n<\/div>\n<\/div>\n\n\n\n<div style=\"height:50px\" aria-hidden=\"true\" class=\"wp-block-spacer\"><\/div>\n\n\n\n<h2 class=\"has-text-align-center wp-block-heading\">Web Technologies We Work With<\/h2>\n\n\n\n<p class=\"has-text-align-center\">In-house specialists of contemporary web technologies that encapsulate server-side and front-end stacks.<\/p>\n\n\n\n<div style=\"height:25px\" aria-hidden=\"true\" class=\"wp-block-spacer\"><\/div>\n\n\n\n<div class=\"wp-block-columns is-layout-flex wp-container-core-columns-is-layout-9d6595d7 wp-block-columns-is-layout-flex\">\n<div class=\"wp-block-column is-layout-flow wp-block-column-is-layout-flow\">\n<center><img decoding=\"async\" src=\"https:\/\/gevelopers.com\/wp-content\/uploads\/2021\/05\/ic-technology-php1.svg\" alt=\"technology-php-gevelopers\"><\/center>\n<\/div>\n\n\n\n<div class=\"wp-block-column is-layout-flow wp-block-column-is-layout-flow\">\n<center><img decoding=\"async\" src=\"https:\/\/gevelopers.com\/wp-content\/uploads\/2021\/05\/ic-technology-java1.svg\" alt=\"technology-java-gevelopers\"><\/center>\n<\/div>\n\n\n\n<div class=\"wp-block-column is-layout-flow wp-block-column-is-layout-flow\">\n<center><img decoding=\"async\" src=\"https:\/\/gevelopers.com\/wp-content\/uploads\/2021\/05\/ic-technology-drupal1.svg\" alt=\"gevelopers-drupal-tecnologia\"><\/center>\n<\/div>\n\n\n\n<div class=\"wp-block-column is-layout-flow wp-block-column-is-layout-flow\">\n<center><img decoding=\"async\" src=\"https:\/\/gevelopers.com\/wp-content\/uploads\/2021\/05\/ic-technology-shopify-plus1.svg\" alt=\"tecnologia-shopify-plus-gevelopers\"><\/center>\n<\/div>\n\n\n\n<div class=\"wp-block-column is-layout-flow wp-block-column-is-layout-flow\">\n<center><img decoding=\"async\" src=\"https:\/\/gevelopers.com\/wp-content\/uploads\/2021\/05\/ic-technology-wordpress1.svg\" alt=\"tecnologia-wordpress-gevelopers\"><\/center>\n<\/div>\n\n\n\n<div class=\"wp-block-column is-layout-flow wp-block-column-is-layout-flow\">\n<center><img decoding=\"async\" src=\"https:\/\/gevelopers.com\/wp-content\/uploads\/2021\/05\/ic-technology-magento1.svg\" alt=\"tecnologia-magento-gevelopers\"><\/center>\n<\/div>\n<\/div>\n\n\n\n<div class=\"wp-block-columns is-layout-flex wp-container-core-columns-is-layout-9d6595d7 wp-block-columns-is-layout-flex\">\n<div class=\"wp-block-column is-layout-flow wp-block-column-is-layout-flow\">\n<center><img decoding=\"async\" src=\"https:\/\/gevelopers.com\/wp-content\/uploads\/2021\/05\/ic-technology-microsoft-dot-net1x1.svg\" alt=\"technology-microsoft-dot-net-gevelopers\"><\/center>\n<\/div>\n\n\n\n<div class=\"wp-block-column is-layout-flow wp-block-column-is-layout-flow\">\n<center><img decoding=\"async\" src=\"https:\/\/gevelopers.com\/wp-content\/uploads\/2021\/05\/ic-technology-html51.svg\" alt=\"technology-html5-gevelopers\"><\/center>\n<\/div>\n\n\n\n<div class=\"wp-block-column is-layout-flow wp-block-column-is-layout-flow\">\n<center><img decoding=\"async\" src=\"https:\/\/gevelopers.com\/wp-content\/uploads\/2021\/05\/ic-technology-node-js1.svg\" alt=\"technology-node-js-gevelopers\"><\/center>\n<\/div>\n\n\n\n<div class=\"wp-block-column is-layout-flow wp-block-column-is-layout-flow\">\n<center><img decoding=\"async\" src=\"https:\/\/gevelopers.com\/wp-content\/uploads\/2021\/05\/ic-technology-mango-db1.svg\" alt=\"technology-mango-db-gevelopers\"><\/center>\n<\/div>\n\n\n\n<div class=\"wp-block-column is-layout-flow wp-block-column-is-layout-flow\">\n<center><img decoding=\"async\" src=\"https:\/\/gevelopers.com\/wp-content\/uploads\/2021\/05\/ic-technology-angular-js1.svg\" alt=\"tecnologia-angular-js-gevelopers\"><\/center>\n<\/div>\n\n\n\n<div class=\"wp-block-column is-layout-flow wp-block-column-is-layout-flow\">\n<center><img decoding=\"async\" src=\"https:\/\/gevelopers.com\/wp-content\/uploads\/2021\/05\/ic-technology-my-sql1.svg\" alt=\"technology-my-sql-gevelopers\"><\/center>\n<\/div>\n\n\n\n<div class=\"wp-block-column is-layout-flow wp-block-column-is-layout-flow\">\n<center><img decoding=\"async\" src=\"https:\/\/gevelopers.com\/wp-content\/uploads\/2021\/05\/ic-technology-ms-sql1.svg\" alt=\"technology-ms-sql-gevelopers\"><\/center>\n<\/div>\n\n\n\n<div class=\"wp-block-column is-layout-flow wp-block-column-is-layout-flow\">\n<center><img decoding=\"async\" src=\"https:\/\/gevelopers.com\/wp-content\/uploads\/2021\/05\/ic-technology-joomla1.svg\" alt=\"gevelopers-joomla de tecnologia\"><\/center>\n<\/div>\n<\/div>\n\n\n\n<div style=\"height:50px\" aria-hidden=\"true\" class=\"wp-block-spacer\"><\/div>\n\n\n\n<h2 class=\"has-text-align-center wp-block-heading\">We add Intelligence to your Web Apps<\/h2>\n\n\n\n<p class=\"has-text-align-center\">Refer a few use cases on how we use AI &amp; ML technologies to empower web apps to streamline operations and improve user experience.<\/p>\n\n\n\n<div class=\"wp-block-columns is-layout-flex wp-container-core-columns-is-layout-9d6595d7 wp-block-columns-is-layout-flex\">\n<div class=\"wp-block-column is-layout-flow wp-block-column-is-layout-flow\">\n<h3 class=\"wp-block-heading\">Motor de recomenda\u00e7\u00e3o<\/h3>\n\n\n\n<p>M\u00eddia, entretenimento, compras<\/p>\n\n\n\n<p>Ele usa o hist\u00f3rico do usu\u00e1rio para sugerir produtos ou servi\u00e7os semelhantes. Assim como as sugest\u00f5es ao comprar na Amazon ou assistir ao Netflix.<\/p>\n<\/div>\n\n\n\n<div class=\"wp-block-column is-layout-flow wp-block-column-is-layout-flow\">\n<h3 class=\"wp-block-heading\">Fotos classificadas, marcadas e categorizadas<\/h3>\n\n\n\n<p>Pesquisa, celular, social<\/p>\n\n\n\n<p>A categoriza\u00e7\u00e3o de imagens simplifica o processo de pesquisa. \u00c9 como pesquisar um restaurante e obter o menu, a comida, o ambiente etc. nos resultados.<\/p>\n<\/div>\n\n\n\n<div class=\"wp-block-column is-layout-flow wp-block-column-is-layout-flow\">\n<h3 class=\"wp-block-heading\">Chatbots para suporte ao cliente<\/h3>\n\n\n\n<p>Viagem, banco, varejo<\/p>\n\n\n\n<p>Bots inteligentes programados para automatizar v\u00e1rios processos de neg\u00f3cios e atendimento ao cliente com informa\u00e7\u00f5es instant\u00e2neas e precisas.<\/p>\n<\/div>\n<\/div>\n\n\n\n<div class=\"wp-block-columns is-layout-flex wp-container-core-columns-is-layout-9d6595d7 wp-block-columns-is-layout-flex\">\n<div class=\"wp-block-column is-layout-flow wp-block-column-is-layout-flow\">\n<h3 class=\"wp-block-heading\">Aprendizagem e educa\u00e7\u00e3o gamificadas<\/h3>\n\n\n\n<p>Educa\u00e7\u00e3o<\/p>\n\n\n\n<p>O modelo estat\u00edstico baseado em ML \u00e9 constru\u00eddo usando as respostas dos alunos, que determina seu ciclo de mem\u00f3ria e envia um ping para revis\u00f5es.<\/p>\n<\/div>\n\n\n\n<div class=\"wp-block-column is-layout-flow wp-block-column-is-layout-flow\">\n<h3 class=\"wp-block-heading\">Monitoramento de sa\u00fade previsto<\/h3>\n\n\n\n<p>Cuidados de sa\u00fade<\/p>\n\n\n\n<p>Os aplicativos baseados em ML podem ajudar os m\u00e9dicos a tratar os pacientes com anteced\u00eancia e salvar vidas por meio de previs\u00f5es pr\u00e1ticas baseadas nos dados dos pacientes.<\/p>\n<\/div>\n\n\n\n<div class=\"wp-block-column is-layout-flow wp-block-column-is-layout-flow\">\n<h3 class=\"wp-block-heading\">Casas inteligentes movidas a voz<\/h3>\n\n\n\n<p>Imobili\u00e1ria<\/p>\n\n\n\n<p>A tecnologia de IA levou \u00e0 constru\u00e7\u00e3o de casas de voz automatizadas, em que o funcionamento \u00e9 controlado por um aplicativo com seguran\u00e7a aprimorada.<\/p>\n<\/div>\n<\/div>","protected":false},"excerpt":{"rendered":"<p>Gevelopers is a top website design and web development company in Europe, Turkey, Singapore &amp; USA delivering the best web&#8230;<\/p>","protected":false},"author":1,"featured_media":0,"parent":0,"menu_order":0,"comment_status":"closed","ping_status":"closed","template":"","meta":{"footnotes":""},"class_list":["post-858","page","type-page","status-publish","hentry"],"_links":{"self":[{"href":"https:\/\/gevelopers.com\/pt\/wp-json\/wp\/v2\/pages\/858","targetHints":{"allow":["GET"]}}],"collection":[{"href":"https:\/\/gevelopers.com\/pt\/wp-json\/wp\/v2\/pages"}],"about":[{"href":"https:\/\/gevelopers.com\/pt\/wp-json\/wp\/v2\/types\/page"}],"author":[{"embeddable":true,"href":"https:\/\/gevelopers.com\/pt\/wp-json\/wp\/v2\/users\/1"}],"replies":[{"embeddable":true,"href":"https:\/\/gevelopers.com\/pt\/wp-json\/wp\/v2\/comments?post=858"}],"version-history":[{"count":0,"href":"https:\/\/gevelopers.com\/pt\/wp-json\/wp\/v2\/pages\/858\/revisions"}],"wp:attachment":[{"href":"https:\/\/gevelopers.com\/pt\/wp-json\/wp\/v2\/media?parent=858"}],"curies":[{"name":"wp","href":"https:\/\/api.w.org\/{rel}","templated":true}]}}