{"id":948,"date":"2021-05-07T10:34:03","date_gmt":"2021-05-07T10:34:03","guid":{"rendered":"https:\/\/gevelopers.com\/?page_id=948"},"modified":"2021-07-23T07:14:22","modified_gmt":"2021-07-23T07:14:22","slug":"design","status":"publish","type":"page","link":"https:\/\/gevelopers.com\/pt\/design\/","title":{"rendered":"Projetando para todas as paletas de sabor, do conceito ao produto final"},"content":{"rendered":"<p>O design simples \u00e9 um processo complexo. N\u00f3s o simplificamos focando em Desafios e Solu\u00e7\u00f5es, seguido pela constru\u00e7\u00e3o de interfaces de usu\u00e1rio funcionais que mant\u00eam o p\u00fablico no centro.<\/p>\n\n\n\n<div class=\"wp-block-columns is-layout-flex wp-container-core-columns-is-layout-9d6595d7 wp-block-columns-is-layout-flex\">\n<div class=\"wp-block-column is-layout-flow wp-block-column-is-layout-flow\">\n<p class=\"has-text-align-center\"><strong>A diferen\u00e7a<\/strong><\/p>\n<\/div>\n<\/div>\n\n\n\n<h4 class=\"has-text-align-center wp-block-heading\">Dizemos que a descoberta est\u00e1 no centro da engenhosidade. Aprendemos um pouco de loucura misturada com grande disciplina, criamos obras-primas - chamamos de \u201cOficina de Descoberta\u201d.<\/h4>\n\n\n\n<div class=\"wp-block-columns is-layout-flex wp-container-core-columns-is-layout-9d6595d7 wp-block-columns-is-layout-flex\">\n<div class=\"wp-block-column is-layout-flow wp-block-column-is-layout-flow\">\n<center><img decoding=\"async\" src=\"https:\/\/gevelopers.com\/wp-content\/uploads\/2021\/05\/img-wireframes1.svg\" alt=\"img-wireframes-gevelopers\" ><\/center>\n<\/div>\n<\/div>\n\n\n\n<div class=\"wp-block-columns is-layout-flex wp-container-core-columns-is-layout-9d6595d7 wp-block-columns-is-layout-flex\">\n<div class=\"wp-block-column is-layout-flow wp-block-column-is-layout-flow\">\n<h2 class=\"has-text-align-center wp-block-heading\" id=\"discovery-workshop\">Por que sua ideia precisa de um \u201cworkshop\u201d?<\/h2>\n<\/div>\n<\/div>\n\n\n\n<div class=\"wp-block-columns is-layout-flex wp-container-core-columns-is-layout-9d6595d7 wp-block-columns-is-layout-flex\">\n<div class=\"wp-block-column is-layout-flow wp-block-column-is-layout-flow\">\n<h3 class=\"wp-block-heading\">Pensar<\/h3>\n\n\n\n<p>Nem todos os requisitos est\u00e3o prontos para o desenvolvimento<\/p>\n<\/div>\n\n\n\n<div class=\"wp-block-column is-layout-flow wp-block-column-is-layout-flow\">\n<h3 class=\"wp-block-heading\">Organizar<\/h3>\n\n\n\n<p>As ideias evoluem e precisam ser restringidas em um limite<\/p>\n<\/div>\n\n\n\n<div class=\"wp-block-column is-layout-flow wp-block-column-is-layout-flow\">\n<h3 class=\"wp-block-heading\">Prioritizar<\/h3>\n\n\n\n<p>Organize seus pensamentos para obter o m\u00e1ximo impacto<\/p>\n<\/div>\n<\/div>\n\n\n\n<div class=\"wp-block-columns is-layout-flex wp-container-core-columns-is-layout-9d6595d7 wp-block-columns-is-layout-flex\">\n<div class=\"wp-block-column is-layout-flow wp-block-column-is-layout-flow\">\n<h3 class=\"wp-block-heading\">Metas<\/h3>\n\n\n\n<p>Um produto de qualidade deve ter objetivos claramente definidos<\/p>\n<\/div>\n\n\n\n<div class=\"wp-block-column is-layout-flow wp-block-column-is-layout-flow\">\n<h3 class=\"wp-block-heading\">Quantificar<\/h3>\n\n\n\n<p>Derivando o escopo, para cronograma e or\u00e7amento precisos<\/p>\n<\/div>\n\n\n\n<div class=\"wp-block-column is-layout-flow wp-block-column-is-layout-flow\">\n<h3 class=\"wp-block-heading\">Roteiro<\/h3>\n\n\n\n<p>Escolhendo a abordagem de tecnologia certa para o desenvolvimento<\/p>\n<\/div>\n<\/div>\n\n\n\n<div style=\"height:50px\" aria-hidden=\"true\" class=\"wp-block-spacer\"><\/div>\n\n\n\n<p class=\"has-text-align-center\">Benef\u00edcios<\/p>\n\n\n\n<h2 class=\"has-text-align-center wp-block-heading\">Benef\u00edcios da Abordagem de Descoberta \/ Design<\/h2>\n\n\n\n<p class=\"has-text-align-center\">O Discovery Workshop \u00e9 projetado para alimentar a equipe de engenharia, embora n\u00e3o o contr\u00e1rio que tradicionalmente muitas empresas de TI fazem.<\/p>\n\n\n\n<div class=\"wp-block-columns is-layout-flex wp-container-core-columns-is-layout-9d6595d7 wp-block-columns-is-layout-flex\">\n<div class=\"wp-block-column is-layout-flow wp-block-column-is-layout-flow\">\n<center><img decoding=\"async\" src=\"https:\/\/gevelopers.com\/wp-content\/uploads\/2021\/05\/ic-benefits-strategy1.svg\"><\/center>\n\n\n\n<h5 class=\"has-text-align-center wp-block-heading\">Estrat\u00e9gia Clara<\/h5>\n\n\n\n<p class=\"has-text-align-center\">Trabalhamos com voc\u00ea para eliminar a desordem e manter o foco na defini\u00e7\u00e3o de recursos essenciais do sistema para construir um produto pronto para o lan\u00e7amento.<\/p>\n<\/div>\n\n\n\n<div class=\"wp-block-column is-layout-flow wp-block-column-is-layout-flow\">\n<center><img decoding=\"async\" src=\"https:\/\/gevelopers.com\/wp-content\/uploads\/2021\/05\/ic-benefits-speed1.svg\" alt=\"\"><\/center>\n\n\n\n<h5 class=\"has-text-align-center wp-block-heading\">Velocidade<\/h5>\n\n\n\n<p class=\"has-text-align-center\">Aproveitando ao m\u00e1ximo o nosso engajamento com uma mentalidade \u00e1gil para produzir resultados vis\u00edveis - em compara\u00e7\u00e3o com a forma tradicional.<\/p>\n<\/div>\n\n\n\n<div class=\"wp-block-column is-layout-flow wp-block-column-is-layout-flow\">\n<center><img decoding=\"async\" src=\"https:\/\/gevelopers.com\/wp-content\/uploads\/2021\/05\/ic-benefits-lower-risk1.svg\" alt=\"\"><\/center>\n\n\n\n<h5 class=\"has-text-align-center wp-block-heading\">Baixo risco<\/h5>\n\n\n\n<p class=\"has-text-align-center\">Antes de investir uma grande soma inicial em todo o projeto e se comprometer \u00e0s cegas, defina algo que seja sustent\u00e1vel e alcan\u00e7\u00e1vel.<\/p>\n<\/div>\n\n\n\n<div class=\"wp-block-column is-layout-flow wp-block-column-is-layout-flow\">\n<center><img decoding=\"async\" src=\"https:\/\/gevelopers.com\/wp-content\/uploads\/2021\/05\/ic-benefits-cost-effective1.svg\" alt=\"\"><\/center>\n\n\n\n<h5 class=\"has-text-align-center wp-block-heading\">Custo-beneficio<\/h5>\n\n\n\n<p class=\"has-text-align-center\">Trabalhamos com voc\u00ea para definir o produto m\u00ednimo lan\u00e7\u00e1vel para que voc\u00ea possa priorizar os investimentos para um melhor ROI, permitindo que voc\u00ea foque no crescimento.<\/p>\n<\/div>\n<\/div>\n\n\n\n<div style=\"height:50px\" aria-hidden=\"true\" class=\"wp-block-spacer\"><\/div>\n\n\n\n<h2 class=\"has-text-align-center wp-block-heading\">De Discovery Sprints ao Desenvolvimento \u00c1gil<\/h2>\n\n\n\n<div class=\"wp-block-columns is-layout-flex wp-container-core-columns-is-layout-9d6595d7 wp-block-columns-is-layout-flex\">\n<div class=\"wp-block-column is-layout-flow wp-block-column-is-layout-flow\">\n<div class=\"alignnormal\"><div id=\"metaslider-id-981\" style=\"width: 100%;\" class=\"ml-slider-3-104-0 metaslider metaslider-flex metaslider-981 ml-slider ms-theme-default nav-hidden\" role=\"region\" aria-label=\"slide\" data-height=\"300\" data-width=\"700\">\n    <div id=\"metaslider_container_981\">\n        <div id=\"metaslider_981\">\n            <ul class='slides'>\n                <li style=\"display: block; width: 100%;\" class=\"slide-982 ms-image\" aria-roledescription=\"slide\" data-date=\"2021-05-07 12:53:09\" data-filename=\"index1.webp\" data-slide-type=\"image\"><img loading=\"lazy\" decoding=\"async\" src=\"https:\/\/gevelopers.com\/wp-content\/uploads\/2021\/05\/index1.webp\" height=\"300\" width=\"700\" alt=\"slider-index1-gevelopers\" class=\"slider-981 slide-982 msDefaultImage\" title=\"slider-index1-gevelopers\" \/><\/li>\n                <li style=\"display: none; width: 100%;\" class=\"slide-983 ms-image\" aria-roledescription=\"slide\" data-date=\"2021-05-07 12:53:21\" data-filename=\"index2.webp\" data-slide-type=\"image\"><img loading=\"lazy\" decoding=\"async\" src=\"https:\/\/gevelopers.com\/wp-content\/uploads\/2021\/05\/index2.webp\" height=\"300\" width=\"700\" alt=\"slider-index2-gevelopers\" class=\"slider-981 slide-983 msDefaultImage\" title=\"slider-index2-gevelopers\" \/><\/li>\n                <li style=\"display: none; width: 100%;\" class=\"slide-984 ms-image\" aria-roledescription=\"slide\" data-date=\"2021-05-07 12:53:28\" data-filename=\"index3.webp\" data-slide-type=\"image\"><img loading=\"lazy\" decoding=\"async\" src=\"https:\/\/gevelopers.com\/wp-content\/uploads\/2021\/05\/index3.webp\" height=\"300\" width=\"700\" alt=\"slider-index3-gevelopers\" class=\"slider-981 slide-984 msDefaultImage\" title=\"slider-index3-gevelopers\" \/><\/li>\n            <\/ul>\n        <\/div>\n        \n    <\/div>\n<\/div><\/div>\n<\/div>\n<\/div>\n\n\n\n<h5 class=\"wp-block-heading\">Entregamos produtos de qualidade que ficam dentro do or\u00e7amento predefinido, identificando e nos adaptando \u00e0s mudan\u00e7as muito mais cedo em todo o processo, evitando uma fase irrevers\u00edvel onde o custo das mudan\u00e7as \u00e9 maior.<\/h5>\n\n\n\n<div style=\"height:50px\" aria-hidden=\"true\" class=\"wp-block-spacer\"><\/div>\n\n\n\n<p class=\"has-text-align-center\">O processo<\/p>\n\n\n\n<h2 class=\"has-text-align-center wp-block-heading\">Como funciona?<\/h2>\n\n\n\n<div class=\"wp-block-columns is-layout-flex wp-container-core-columns-is-layout-9d6595d7 wp-block-columns-is-layout-flex\">\n<div class=\"wp-block-column is-layout-flow wp-block-column-is-layout-flow\">\n<p class=\"has-text-align-center\">Para cada workshop, designamos um analista dedicado, um designer de UI \/ UX e uma equipe t\u00e9cnica que trabalha com voc\u00ea, para fazer jus \u00e0s suas ideias com as solu\u00e7\u00f5es mais relevantes e tecnicamente avan\u00e7adas.<\/p>\n\n\n\n<center><img decoding=\"async\" src=\"https:\/\/gevelopers.com\/wp-content\/uploads\/2021\/05\/design-how-it-work-gevelopers.webp\" alt=\"design-how-it-work-gevelopers\"><\/center>\n<\/div>\n<\/div>\n\n\n\n<div class=\"wp-block-columns is-layout-flex wp-container-core-columns-is-layout-9d6595d7 wp-block-columns-is-layout-flex\">\n<div class=\"wp-block-column is-layout-flow wp-block-column-is-layout-flow\">\n<img decoding=\"async\" src=\"https:\/\/gevelopers.com\/wp-content\/uploads\/2021\/05\/img-process-discover-device-gevelopers.webp\" alt=\"img-process-discover-device-gevelopers\">\n<\/div>\n\n\n\n<div class=\"wp-block-column is-layout-flow wp-block-column-is-layout-flow\">\n<p>P\u00fablico-alvo, mercado e o problema<\/p>\n\n\n\n<h3 class=\"wp-block-heading\" id=\"analysis\">Descubra e invente<\/h3>\n\n\n\n<h4 class=\"wp-block-heading\">An\u00e1lise de mercado<\/h4>\n\n\n\n<p>Reveja o que j\u00e1 foi feito por solu\u00e7\u00f5es semelhantes no mercado e eleve a experi\u00eancia<\/p>\n\n\n\n<h4 class=\"wp-block-heading\">Requisitos<\/h4>\n\n\n\n<p>Identifique as necessidades b\u00e1sicas e a vis\u00e3o da solu\u00e7\u00e3o com elaboradas sess\u00f5es de brainstorming<\/p>\n\n\n\n<h4 class=\"wp-block-heading\">Conceptualiza\u00e7\u00e3o<\/h4>\n\n\n\n<p>Identifique o problema principal do neg\u00f3cio a ser resolvido, mantendo os usu\u00e1rios finais no centro<\/p>\n<\/div>\n<\/div>\n\n\n\n<div style=\"height:50px\" aria-hidden=\"true\" class=\"wp-block-spacer\"><\/div>\n\n\n\n<div class=\"wp-block-columns is-layout-flex wp-container-core-columns-is-layout-9d6595d7 wp-block-columns-is-layout-flex\">\n<div class=\"wp-block-column is-layout-flow wp-block-column-is-layout-flow\">\n<p>Projeto do n\u00facleo<\/p>\n\n\n\n<h3 class=\"wp-block-heading\" id=\"wireframe\">Definir e refinar<\/h3>\n\n\n\n<h4 class=\"wp-block-heading\">Mapa mental<\/h4>\n\n\n\n<p>Projetando a arquitetura da informa\u00e7\u00e3o com os principais m\u00f3dulos e atividades em uma hierarquia l\u00f3gica<\/p>\n\n\n\n<h4 class=\"wp-block-heading\">Jornadas do usu\u00e1rio<\/h4>\n\n\n\n<p>An\u00e1lise heur\u00edstica do comportamento do usu\u00e1rio trabalhando retroativamente para projetar elementos que os usu\u00e1rios antecipam<\/p>\n\n\n\n<h4 class=\"wp-block-heading\">Wireframe<\/h4>\n\n\n\n<p>Representa\u00e7\u00e3o conceitual baseada em blocos para revelar a representa\u00e7\u00e3o visual dos principais elementos de informa\u00e7\u00e3o<\/p>\n<\/div>\n\n\n\n<div class=\"wp-block-column is-layout-flow wp-block-column-is-layout-flow\">\n<img decoding=\"async\" src=\"https:\/\/gevelopers.com\/wp-content\/uploads\/2021\/05\/img-process-define-refine-gevelopers-1.webp\" alt=\"define-refine-gevelopers\">\n<\/div>\n<\/div>\n\n\n\n<div style=\"height:50px\" aria-hidden=\"true\" class=\"wp-block-spacer\"><\/div>\n\n\n\n<div class=\"wp-block-columns is-layout-flex wp-container-core-columns-is-layout-9d6595d7 wp-block-columns-is-layout-flex\">\n<div class=\"wp-block-column is-layout-flow wp-block-column-is-layout-flow\">\n<img decoding=\"async\" src=\"https:\/\/gevelopers.com\/wp-content\/uploads\/2021\/05\/img-process-ui-ux1.webp\" alt=\"img-process-ui-ux-gevelopers\">\n<\/div>\n\n\n\n<div class=\"wp-block-column is-layout-flow wp-block-column-is-layout-flow\">\n<p>Interface, experi\u00eancia e recursos visuais<\/p>\n\n\n\n<h3 class=\"wp-block-heading\" id=\"design\">Design UI \/ UX<\/h3>\n\n\n\n<h4 class=\"wp-block-heading\">Interface<\/h4>\n\n\n\n<p>Cria\u00e7\u00e3o cir\u00fargica de belos pixels para criar uma interface visualmente atraente de telas relevantes<\/p>\n\n\n\n<h4 class=\"wp-block-heading\">Experi\u00eancia Digital<\/h4>\n\n\n\n<p>Cria\u00e7\u00e3o de um design funcional orquestrando cuidadosamente a interface, as informa\u00e7\u00f5es e a intera\u00e7\u00e3o<\/p>\n\n\n\n<h4 class=\"wp-block-heading\">Design Objetivo<\/h4>\n\n\n\n<p>Criar um design que n\u00e3o apenas pare\u00e7a deslumbrante, mas tamb\u00e9m resolva a ess\u00eancia do problema<\/p>\n<\/div>\n<\/div>\n\n\n\n<div style=\"height:50px\" aria-hidden=\"true\" class=\"wp-block-spacer\"><\/div>\n\n\n\n<div class=\"wp-block-columns is-layout-flex wp-container-core-columns-is-layout-9d6595d7 wp-block-columns-is-layout-flex\">\n<div class=\"wp-block-column is-layout-flow wp-block-column-is-layout-flow\">\n<h3 class=\"wp-block-heading\">O design n\u00e3o \u00e9 o que parece. Mas como funciona.<\/h3>\n\n\n\n<p>- Steve Jobs<\/p>\n\n\n\n<p>Sistemas complexos s\u00e3o f\u00e1ceis de criar. \u00c9 necess\u00e1ria uma abordagem cir\u00fargica para criar designs funcionais que permitam que os usu\u00e1rios se sintam bem ao usar a web \/ software ou um aplicativo.<\/p>\n\n\n\n<p>A cria\u00e7\u00e3o de interfaces simples e significativas entre telas requer uma orquestra\u00e7\u00e3o cuidadosa de todos os ingredientes principais.<\/p>\n<\/div>\n\n\n\n<div class=\"wp-block-column is-layout-flow wp-block-column-is-layout-flow\">\n<img decoding=\"async\" src=\"https:\/\/gevelopers.com\/wp-content\/uploads\/2021\/05\/design-quote-artwork-img1.svg\" alt=\"design-quote-artwork-gevelopers\">\n<\/div>\n<\/div>\n\n\n\n<div class=\"wp-block-columns is-layout-flex wp-container-core-columns-is-layout-9d6595d7 wp-block-columns-is-layout-flex\">\n<div class=\"wp-block-column is-layout-flow wp-block-column-is-layout-flow\">\n<img decoding=\"async\" src=\"https:\/\/gevelopers.com\/wp-content\/uploads\/2021\/05\/img-process-handover-gevelopers.webp\" alt=\"img-process-handover-gevelopers\" >\n<\/div>\n\n\n\n<div class=\"wp-block-column is-layout-flow wp-block-column-is-layout-flow\">\n<p>Da descoberta ao desenvolvimento<\/p>\n\n\n\n<h3 class=\"wp-block-heading\">Entregar<\/h3>\n\n\n\n<h4 class=\"wp-block-heading\">Continuando da descoberta ao desenvolvimento<\/h4>\n\n\n\n<p>O processo de transfer\u00eancia - independentemente de quem seja a equipe t\u00e9cnica, eles atuam como um catalisador para continuar o mesmo \u00edmpeto e profundidade do conceito a ser desenvolvido. Isso \u00e9 garantido pelo design visual ao maior detalhe, fluxo funcional e diretrizes de design que est\u00e3o prontas para serem enviadas como um pacote.<\/p>\n<\/div>\n<\/div>\n\n\n\n<div class=\"wp-block-columns is-layout-flex wp-container-core-columns-is-layout-9d6595d7 wp-block-columns-is-layout-flex\">\n<div class=\"wp-block-column is-layout-flow wp-block-column-is-layout-flow\">\n<p class=\"has-text-align-center\">Principais percep\u00e7\u00f5es<\/p>\n\n\n\n<h2 class=\"has-text-align-center wp-block-heading\">Bom saber<\/h2>\n\n\n\n<div class=\"wp-block-columns is-layout-flex wp-container-core-columns-is-layout-9d6595d7 wp-block-columns-is-layout-flex\">\n<div class=\"wp-block-column is-layout-flow wp-block-column-is-layout-flow\">\n<p>Cada workshop pode ser personalizado com base em onde voc\u00ea est\u00e1 com suas necessidades.<\/p>\n<\/div>\n\n\n\n<div class=\"wp-block-column is-layout-flow wp-block-column-is-layout-flow\">\n<p>Tudo come\u00e7a com a fase de brainstorming e an\u00e1lise liderada por Especialistas no Assunto.<\/p>\n<\/div>\n\n\n\n<div class=\"wp-block-column is-layout-flow wp-block-column-is-layout-flow\">\n<p>Os wireframes s\u00e3o seguidos e baseados nos requisitos coletados pelos analistas.<\/p>\n<\/div>\n<\/div>\n<\/div>\n<\/div>\n\n\n\n<div class=\"wp-block-columns is-layout-flex wp-container-core-columns-is-layout-9d6595d7 wp-block-columns-is-layout-flex\">\n<div class=\"wp-block-column is-layout-flow wp-block-column-is-layout-flow\">\n<p>Os designs de IU s\u00e3o sempre baseados nos wireframes derivados e nas jornadas do usu\u00e1rio identificadas.<\/p>\n<\/div>\n\n\n\n<div class=\"wp-block-column is-layout-flow wp-block-column-is-layout-flow\">\n<p>Para cada parte interessada do sistema, um fluxo de IU separado com telas detalhadas deve ser criado.<\/p>\n<\/div>\n\n\n\n<div class=\"wp-block-column is-layout-flow wp-block-column-is-layout-flow\">\n<p>Ap\u00f3s os designs de IU - um prot\u00f3tipo interativo contendo designs deve ser apresentado<\/p>\n<\/div>\n<\/div>\n\n\n\n<div class=\"wp-block-columns is-layout-flex wp-container-core-columns-is-layout-9d6595d7 wp-block-columns-is-layout-flex\">\n<div class=\"wp-block-column is-layout-flow wp-block-column-is-layout-flow\">\n<p>Cada fase \u00e9 precedida pelo est\u00e1gio anterior a ela, conforme descrito no Modelo de Workshop.<\/p>\n<\/div>\n\n\n\n<div class=\"wp-block-column is-layout-flow wp-block-column-is-layout-flow\">\n<p>N\u00e3o h\u00e1 problema em pular uma etapa do workshop se isso for algo que voc\u00ea j\u00e1 alcan\u00e7ou OU pode alcan\u00e7ar por conta pr\u00f3pria.<\/p>\n<\/div>\n\n\n\n<div class=\"wp-block-column is-layout-flow wp-block-column-is-layout-flow\">\n<p>Trabalhamos com todas as ferramentas modernas, por exemplo, Sketch, Invision e \u00e0s vezes v\u00e1rias outras ferramentas como Principal, Flinto e Adobe XD<\/p>\n<\/div>\n<\/div>","protected":false},"excerpt":{"rendered":"<p>Simple design is a complex process. We simplify it by focusing on Challenges and Solutions followed by building functional user&#8230;<\/p>","protected":false},"author":1,"featured_media":261,"parent":0,"menu_order":0,"comment_status":"closed","ping_status":"closed","template":"","meta":{"footnotes":""},"class_list":["post-948","page","type-page","status-publish","has-post-thumbnail","hentry"],"_links":{"self":[{"href":"https:\/\/gevelopers.com\/pt\/wp-json\/wp\/v2\/pages\/948","targetHints":{"allow":["GET"]}}],"collection":[{"href":"https:\/\/gevelopers.com\/pt\/wp-json\/wp\/v2\/pages"}],"about":[{"href":"https:\/\/gevelopers.com\/pt\/wp-json\/wp\/v2\/types\/page"}],"author":[{"embeddable":true,"href":"https:\/\/gevelopers.com\/pt\/wp-json\/wp\/v2\/users\/1"}],"replies":[{"embeddable":true,"href":"https:\/\/gevelopers.com\/pt\/wp-json\/wp\/v2\/comments?post=948"}],"version-history":[{"count":0,"href":"https:\/\/gevelopers.com\/pt\/wp-json\/wp\/v2\/pages\/948\/revisions"}],"wp:featuredmedia":[{"embeddable":true,"href":"https:\/\/gevelopers.com\/pt\/wp-json\/wp\/v2\/media\/261"}],"wp:attachment":[{"href":"https:\/\/gevelopers.com\/pt\/wp-json\/wp\/v2\/media?parent=948"}],"curies":[{"name":"wp","href":"https:\/\/api.w.org\/{rel}","templated":true}]}}